{"id":6052,"date":"2023-03-27T21:52:13","date_gmt":"2023-03-27T21:52:13","guid":{"rendered":"https:\/\/ksproducts.ca\/product\/griddle-essentials-portable-pizza-oven-w-15in-cordierite-stone-includes-pizza-peel-and-rocker\/"},"modified":"2026-04-15T11:01:13","modified_gmt":"2026-04-15T11:01:13","slug":"four-a-pizza-portable-griddle-essentials-avec-pierre-en-cordierite-de-15-pouces-comprenant-une-plaque-a-pizza-et-une-bascule","status":"publish","type":"product","link":"https:\/\/ksproducts.ca\/fr\/product\/griddle-essentials-portable-pizza-oven-w-15in-cordierite-stone-includes-pizza-peel-and-rocker\/","title":{"rendered":"Four \u00e0 pizza portable Blackstone Griddle Essentials avec d\u00e9coupeuse \u00e0 bascule et \u00e9conome"},"content":{"rendered":"<ul class=\"product-features\">\n<li>\n<div id=\"ember34\" class=\"ember-view\"><span class=\"_value-text_xztep4\" title=\"Technologie brevet\u00e9e 2Stone : Pierres de cordi\u00e9rite sup\u00e9rieures et inf\u00e9rieures pour un chauffage homog\u00e8ne et constant\">Technologie brevet\u00e9e 2Stone : Pierres de cordi\u00e9rite sup\u00e9rieures et inf\u00e9rieures pour un chauffage homog\u00e8ne et constant<\/span><\/div>\n<\/li>\n<li>\n<div id=\"ember34\" class=\"ember-view\"><span class=\"_value-text_xztep4\" title=\"La pierre \u00e0 pizza en cordi\u00e9rite de 15 pouces permet de cuire jusqu&#039;\u00e0 15 pouces de pizza.\">La pierre \u00e0 pizza en cordi\u00e9rite de 15 pouces permet de cuire jusqu'\u00e0 15 pouces de pizza.<\/span><\/div>\n<\/li>\n<li>\n<div id=\"ember34\" class=\"ember-view\"><span class=\"_value-text_xztep4\" title=\"Porte avant thermor\u00e9tractable\">Porte avant thermor\u00e9tractable<\/span><\/div>\n<\/li>\n<li>\n<div id=\"ember34\" class=\"ember-view\"><span class=\"_value-text_xztep4\" title=\"Thermom\u00e8tre int\u00e9gr\u00e9\">Thermom\u00e8tre int\u00e9gr\u00e9<\/span><\/div>\n<\/li>\n<li>\n<div id=\"ember34\" class=\"ember-view\"><span class=\"_value-text_xztep4\" title=\"A utiliser avec les plaques de cuisson de table Blackstone 22\u201d (non incluses)\">A utiliser avec les plaques de cuisson de table Blackstone 22\u201d (non incluses)<\/span><\/div>\n<\/li>\n<li>\n<div id=\"ember34\" class=\"ember-view\">*N'inclut pas la plaque de 22\u2033.<\/div>\n<\/li>\n<\/ul>","protected":false},"excerpt":{"rendered":"<p>Ce four \u00e0 pizza portable est le compl\u00e9ment id\u00e9al de toute cuisine de patio, de toute f\u00eate ou de toute aventure en plein air. Cuisez uniform\u00e9ment jusqu'\u00e0 une pizza de 15 pouces gr\u00e2ce \u00e0 la technologie brevet\u00e9e des deux pierres. Avec une pierre sur le fond et une pierre sur le dessus, la cuisson est homog\u00e8ne en 90 secondes seulement. Le thermom\u00e8tre int\u00e9gr\u00e9 et la porte avant retenant la chaleur vous aident \u00e0 cuire vos pizzas \u00e0 la perfection, \u00e0 chaque fois. Cet ensemble comprend une plaque \u00e0 pizza et un coupe-pizza. C'est tout ce dont vous avez besoin pour commencer.<\/p>","protected":false},"featured_media":8110,"comment_status":"closed","ping_status":"closed","template":"","meta":[],"product_cat":[428,406],"product_tag":[],"class_list":{"0":"post-6052","1":"product","2":"type-product","3":"status-publish","4":"has-post-thumbnail","6":"product_brand-blackstone","7":"product_cat-outdoor-cooking","8":"product_cat-pizza","9":"product_shipping_class-class-4","11":"first","12":"instock","13":"taxable","14":"shipping-taxable","15":"purchasable","16":"product-type-simple"},"yoast_head":"<!-- This site is optimized with the Yoast SEO plugin v27.4 - https:\/\/yoast.com\/product\/yoast-seo-wordpress\/ -->\n<title>Blackstone Griddle Essentials Portable Pizza Oven with Rocker Cutter and Peel - Ks Products<\/title>\n<meta name=\"robots\" content=\"index, follow, max-snippet:-1, max-image-preview:large, max-video-preview:-1\" \/>\n<link rel=\"canonical\" href=\"https:\/\/ksproducts.ca\/fr\/product\/four-a-pizza-portable-griddle-essentials-avec-pierre-en-cordierite-de-15-pouces-comprenant-une-plaque-a-pizza-et-une-bascule\/\" \/>\n<meta property=\"og:locale\" content=\"fr_CA\" \/>\n<meta property=\"og:type\" content=\"article\" \/>\n<meta property=\"og:title\" content=\"Blackstone Griddle Essentials Portable Pizza Oven with Rocker Cutter and Peel - Ks Products\" \/>\n<meta property=\"og:description\" content=\"This Portable Pizza Oven is the perfect addition to any patio kitchen, tailgating party, or outdoor adventure. Cook up to a 15-in. pizza evenly thanks to the patented two stone technology. Featuring one stone on the bottom and a stone on top to create an even cook in as little as 90 seconds. The built-in thermometer and heat-retaining front door help you to cook your pizzas to perfection, every time. This bundle includes a pizza peel and a pizza cutter. It\u2019s everything you\u2019ll need to get started.\" \/>\n<meta property=\"og:url\" content=\"https:\/\/ksproducts.ca\/fr\/product\/four-a-pizza-portable-griddle-essentials-avec-pierre-en-cordierite-de-15-pouces-comprenant-une-plaque-a-pizza-et-une-bascule\/\" \/>\n<meta property=\"og:site_name\" content=\"Ks Products\" \/>\n<meta property=\"article:modified_time\" content=\"2026-04-15T11:01:13+00:00\" \/>\n<meta property=\"og:image\" content=\"https:\/\/ksproducts.ca\/wp-content\/uploads\/2024\/04\/BlackstonePizzaOven_99de24fa-b78d-4c2f-8552-8b2551965780_1024x1024.webp\" \/>\n\t<meta property=\"og:image:width\" content=\"719\" \/>\n\t<meta property=\"og:image:height\" content=\"718\" \/>\n\t<meta property=\"og:image:type\" content=\"image\/webp\" \/>\n<meta name=\"twitter:card\" content=\"summary_large_image\" \/>\n<meta name=\"twitter:label1\" content=\"Estimation du temps de lecture\" \/>\n\t<meta name=\"twitter:data1\" content=\"1 minute\" \/>\n<script type=\"application\/ld+json\" class=\"yoast-schema-graph\">{\"@context\":\"https:\\\/\\\/schema.org\",\"@graph\":[{\"@type\":\"WebPage\",\"@id\":\"https:\\\/\\\/ksproducts.ca\\\/product\\\/griddle-essentials-portable-pizza-oven-w-15in-cordierite-stone-includes-pizza-peel-and-rocker\\\/\",\"url\":\"https:\\\/\\\/ksproducts.ca\\\/product\\\/griddle-essentials-portable-pizza-oven-w-15in-cordierite-stone-includes-pizza-peel-and-rocker\\\/\",\"name\":\"Blackstone Griddle Essentials Portable Pizza Oven with Rocker Cutter and Peel - Ks Products\",\"isPartOf\":{\"@id\":\"https:\\\/\\\/ksproducts.ca\\\/#website\"},\"primaryImageOfPage\":{\"@id\":\"https:\\\/\\\/ksproducts.ca\\\/product\\\/griddle-essentials-portable-pizza-oven-w-15in-cordierite-stone-includes-pizza-peel-and-rocker\\\/#primaryimage\"},\"image\":{\"@id\":\"https:\\\/\\\/ksproducts.ca\\\/product\\\/griddle-essentials-portable-pizza-oven-w-15in-cordierite-stone-includes-pizza-peel-and-rocker\\\/#primaryimage\"},\"thumbnailUrl\":\"https:\\\/\\\/ksproducts.ca\\\/wp-content\\\/uploads\\\/2024\\\/04\\\/BlackstonePizzaOven_99de24fa-b78d-4c2f-8552-8b2551965780_1024x1024.webp\",\"datePublished\":\"2023-03-27T21:52:13+00:00\",\"dateModified\":\"2026-04-15T11:01:13+00:00\",\"breadcrumb\":{\"@id\":\"https:\\\/\\\/ksproducts.ca\\\/product\\\/griddle-essentials-portable-pizza-oven-w-15in-cordierite-stone-includes-pizza-peel-and-rocker\\\/#breadcrumb\"},\"inLanguage\":\"fr-CA\",\"potentialAction\":[{\"@type\":\"ReadAction\",\"target\":[\"https:\\\/\\\/ksproducts.ca\\\/product\\\/griddle-essentials-portable-pizza-oven-w-15in-cordierite-stone-includes-pizza-peel-and-rocker\\\/\"]}]},{\"@type\":\"ImageObject\",\"inLanguage\":\"fr-CA\",\"@id\":\"https:\\\/\\\/ksproducts.ca\\\/product\\\/griddle-essentials-portable-pizza-oven-w-15in-cordierite-stone-includes-pizza-peel-and-rocker\\\/#primaryimage\",\"url\":\"https:\\\/\\\/ksproducts.ca\\\/wp-content\\\/uploads\\\/2024\\\/04\\\/BlackstonePizzaOven_99de24fa-b78d-4c2f-8552-8b2551965780_1024x1024.webp\",\"contentUrl\":\"https:\\\/\\\/ksproducts.ca\\\/wp-content\\\/uploads\\\/2024\\\/04\\\/BlackstonePizzaOven_99de24fa-b78d-4c2f-8552-8b2551965780_1024x1024.webp\",\"width\":719,\"height\":718,\"caption\":\"Blackstone Griddle Essentials Portable Pizza Oven with Rocker Cutter and Peel\"},{\"@type\":\"BreadcrumbList\",\"@id\":\"https:\\\/\\\/ksproducts.ca\\\/product\\\/griddle-essentials-portable-pizza-oven-w-15in-cordierite-stone-includes-pizza-peel-and-rocker\\\/#breadcrumb\",\"itemListElement\":[{\"@type\":\"ListItem\",\"position\":1,\"name\":\"Home\",\"item\":\"https:\\\/\\\/ksproducts.ca\\\/\"},{\"@type\":\"ListItem\",\"position\":2,\"name\":\"Shop\",\"item\":\"https:\\\/\\\/ksproducts.ca\\\/shop\\\/\"},{\"@type\":\"ListItem\",\"position\":3,\"name\":\"Blackstone Griddle Essentials Portable Pizza Oven with Rocker Cutter and Peel\"}]},{\"@type\":\"WebSite\",\"@id\":\"https:\\\/\\\/ksproducts.ca\\\/#website\",\"url\":\"https:\\\/\\\/ksproducts.ca\\\/\",\"name\":\"Ks Products\",\"description\":\"Outdoor cooking and living, made easy in Canada\",\"publisher\":{\"@id\":\"https:\\\/\\\/ksproducts.ca\\\/#organization\"},\"potentialAction\":[{\"@type\":\"SearchAction\",\"target\":{\"@type\":\"EntryPoint\",\"urlTemplate\":\"https:\\\/\\\/ksproducts.ca\\\/?s={search_term_string}\"},\"query-input\":{\"@type\":\"PropertyValueSpecification\",\"valueRequired\":true,\"valueName\":\"search_term_string\"}}],\"inLanguage\":\"fr-CA\"},{\"@type\":\"Organization\",\"@id\":\"https:\\\/\\\/ksproducts.ca\\\/#organization\",\"name\":\"Ks Products\",\"url\":\"https:\\\/\\\/ksproducts.ca\\\/\",\"logo\":{\"@type\":\"ImageObject\",\"inLanguage\":\"fr-CA\",\"@id\":\"https:\\\/\\\/ksproducts.ca\\\/#\\\/schema\\\/logo\\\/image\\\/\",\"url\":\"https:\\\/\\\/ksproducts.ca\\\/wp-content\\\/uploads\\\/2023\\\/09\\\/Kennedy-Sales-Logo-header-1.png\",\"contentUrl\":\"https:\\\/\\\/ksproducts.ca\\\/wp-content\\\/uploads\\\/2023\\\/09\\\/Kennedy-Sales-Logo-header-1.png\",\"width\":150,\"height\":77,\"caption\":\"Ks Products\"},\"image\":{\"@id\":\"https:\\\/\\\/ksproducts.ca\\\/#\\\/schema\\\/logo\\\/image\\\/\"}}]}<\/script>\n<!-- \/ Yoast SEO plugin. -->","yoast_head_json":{"title":"Four \u00e0 pizza portatif Blackstone Griddle Essentials avec d\u00e9coupeuse \u00e0 bascule et \u00e9plucheuse - Ks Products","robots":{"index":"index","follow":"follow","max-snippet":"max-snippet:-1","max-image-preview":"max-image-preview:large","max-video-preview":"max-video-preview:-1"},"canonical":"https:\/\/ksproducts.ca\/fr\/product\/four-a-pizza-portable-griddle-essentials-avec-pierre-en-cordierite-de-15-pouces-comprenant-une-plaque-a-pizza-et-une-bascule\/","og_locale":"fr_CA","og_type":"article","og_title":"Blackstone Griddle Essentials Portable Pizza Oven with Rocker Cutter and Peel - Ks Products","og_description":"This Portable Pizza Oven is the perfect addition to any patio kitchen, tailgating party, or outdoor adventure. Cook up to a 15-in. pizza evenly thanks to the patented two stone technology. Featuring one stone on the bottom and a stone on top to create an even cook in as little as 90 seconds. The built-in thermometer and heat-retaining front door help you to cook your pizzas to perfection, every time. This bundle includes a pizza peel and a pizza cutter. It\u2019s everything you\u2019ll need to get started.","og_url":"https:\/\/ksproducts.ca\/fr\/product\/four-a-pizza-portable-griddle-essentials-avec-pierre-en-cordierite-de-15-pouces-comprenant-une-plaque-a-pizza-et-une-bascule\/","og_site_name":"Ks Products","article_modified_time":"2026-04-15T11:01:13+00:00","og_image":[{"width":719,"height":718,"url":"https:\/\/ksproducts.ca\/wp-content\/uploads\/2024\/04\/BlackstonePizzaOven_99de24fa-b78d-4c2f-8552-8b2551965780_1024x1024.webp","type":"image\/webp"}],"twitter_card":"summary_large_image","twitter_misc":{"Estimation du temps de lecture":"1 minute"},"schema":{"@context":"https:\/\/schema.org","@graph":[{"@type":"WebPage","@id":"https:\/\/ksproducts.ca\/product\/griddle-essentials-portable-pizza-oven-w-15in-cordierite-stone-includes-pizza-peel-and-rocker\/","url":"https:\/\/ksproducts.ca\/product\/griddle-essentials-portable-pizza-oven-w-15in-cordierite-stone-includes-pizza-peel-and-rocker\/","name":"Four \u00e0 pizza portatif Blackstone Griddle Essentials avec d\u00e9coupeuse \u00e0 bascule et \u00e9plucheuse - Ks Products","isPartOf":{"@id":"https:\/\/ksproducts.ca\/#website"},"primaryImageOfPage":{"@id":"https:\/\/ksproducts.ca\/product\/griddle-essentials-portable-pizza-oven-w-15in-cordierite-stone-includes-pizza-peel-and-rocker\/#primaryimage"},"image":{"@id":"https:\/\/ksproducts.ca\/product\/griddle-essentials-portable-pizza-oven-w-15in-cordierite-stone-includes-pizza-peel-and-rocker\/#primaryimage"},"thumbnailUrl":"https:\/\/ksproducts.ca\/wp-content\/uploads\/2024\/04\/BlackstonePizzaOven_99de24fa-b78d-4c2f-8552-8b2551965780_1024x1024.webp","datePublished":"2023-03-27T21:52:13+00:00","dateModified":"2026-04-15T11:01:13+00:00","breadcrumb":{"@id":"https:\/\/ksproducts.ca\/product\/griddle-essentials-portable-pizza-oven-w-15in-cordierite-stone-includes-pizza-peel-and-rocker\/#breadcrumb"},"inLanguage":"fr-CA","potentialAction":[{"@type":"ReadAction","target":["https:\/\/ksproducts.ca\/product\/griddle-essentials-portable-pizza-oven-w-15in-cordierite-stone-includes-pizza-peel-and-rocker\/"]}]},{"@type":"ImageObject","inLanguage":"fr-CA","@id":"https:\/\/ksproducts.ca\/product\/griddle-essentials-portable-pizza-oven-w-15in-cordierite-stone-includes-pizza-peel-and-rocker\/#primaryimage","url":"https:\/\/ksproducts.ca\/wp-content\/uploads\/2024\/04\/BlackstonePizzaOven_99de24fa-b78d-4c2f-8552-8b2551965780_1024x1024.webp","contentUrl":"https:\/\/ksproducts.ca\/wp-content\/uploads\/2024\/04\/BlackstonePizzaOven_99de24fa-b78d-4c2f-8552-8b2551965780_1024x1024.webp","width":719,"height":718,"caption":"Blackstone Griddle Essentials Portable Pizza Oven with Rocker Cutter and Peel"},{"@type":"BreadcrumbList","@id":"https:\/\/ksproducts.ca\/product\/griddle-essentials-portable-pizza-oven-w-15in-cordierite-stone-includes-pizza-peel-and-rocker\/#breadcrumb","itemListElement":[{"@type":"ListItem","position":1,"name":"Home","item":"https:\/\/ksproducts.ca\/"},{"@type":"ListItem","position":2,"name":"Shop","item":"https:\/\/ksproducts.ca\/shop\/"},{"@type":"ListItem","position":3,"name":"Blackstone Griddle Essentials Portable Pizza Oven with Rocker Cutter and Peel"}]},{"@type":"WebSite","@id":"https:\/\/ksproducts.ca\/#website","url":"https:\/\/ksproducts.ca\/","name":"Produits Ks","description":"Cuisiner et vivre en plein air, c'est facile au Canada","publisher":{"@id":"https:\/\/ksproducts.ca\/#organization"},"potentialAction":[{"@type":"SearchAction","target":{"@type":"EntryPoint","urlTemplate":"https:\/\/ksproducts.ca\/?s={search_term_string}"},"query-input":{"@type":"PropertyValueSpecification","valueRequired":true,"valueName":"search_term_string"}}],"inLanguage":"fr-CA"},{"@type":"Organization","@id":"https:\/\/ksproducts.ca\/#organization","name":"Produits Ks","url":"https:\/\/ksproducts.ca\/","logo":{"@type":"ImageObject","inLanguage":"fr-CA","@id":"https:\/\/ksproducts.ca\/#\/schema\/logo\/image\/","url":"https:\/\/ksproducts.ca\/wp-content\/uploads\/2023\/09\/Kennedy-Sales-Logo-header-1.png","contentUrl":"https:\/\/ksproducts.ca\/wp-content\/uploads\/2023\/09\/Kennedy-Sales-Logo-header-1.png","width":150,"height":77,"caption":"Ks Products"},"image":{"@id":"https:\/\/ksproducts.ca\/#\/schema\/logo\/image\/"}}]}},"_links":{"self":[{"href":"https:\/\/ksproducts.ca\/fr\/wp-json\/wp\/v2\/product\/6052","targetHints":{"allow":["GET"]}}],"collection":[{"href":"https:\/\/ksproducts.ca\/fr\/wp-json\/wp\/v2\/product"}],"about":[{"href":"https:\/\/ksproducts.ca\/fr\/wp-json\/wp\/v2\/types\/product"}],"replies":[{"embeddable":true,"href":"https:\/\/ksproducts.ca\/fr\/wp-json\/wp\/v2\/comments?post=6052"}],"version-history":[{"count":4,"href":"https:\/\/ksproducts.ca\/fr\/wp-json\/wp\/v2\/product\/6052\/revisions"}],"predecessor-version":[{"id":10601,"href":"https:\/\/ksproducts.ca\/fr\/wp-json\/wp\/v2\/product\/6052\/revisions\/10601"}],"wp:featuredmedia":[{"embeddable":true,"href":"https:\/\/ksproducts.ca\/fr\/wp-json\/wp\/v2\/media\/8110"}],"wp:attachment":[{"href":"https:\/\/ksproducts.ca\/fr\/wp-json\/wp\/v2\/media?parent=6052"}],"wp:term":[{"taxonomy":"product_cat","embeddable":true,"href":"https:\/\/ksproducts.ca\/fr\/wp-json\/wp\/v2\/product_cat?post=6052"},{"taxonomy":"product_tag","embeddable":true,"href":"https:\/\/ksproducts.ca\/fr\/wp-json\/wp\/v2\/product_tag?post=6052"}],"curies":[{"name":"wp","href":"https:\/\/api.w.org\/{rel}","templated":true}]}}