{"id":6071,"date":"2023-03-27T21:55:23","date_gmt":"2023-03-27T21:55:23","guid":{"rendered":"https:\/\/ksproducts.ca\/product\/4pc-japanese-steel-steak-knife-set\/"},"modified":"2026-04-10T21:32:24","modified_gmt":"2026-04-10T21:32:24","slug":"set-de-4-couteaux-a-steak-en-acier-japonais","status":"publish","type":"product","link":"https:\/\/ksproducts.ca\/fr\/product\/4pc-japanese-steel-steak-knife-set\/","title":{"rendered":"Set de couteaux japonais en acier 4PC"},"content":{"rendered":"<ul>\n<li>Fabriqu\u00e9 en acier japonais<\/li>\n<li>Le rev\u00eatement noir offre un effet antiadh\u00e9sif<\/li>\n<li>Lavage \u00e0 la main recommand\u00e9<\/li>\n<li>S\u00e9cher imm\u00e9diatement apr\u00e8s le lavage<\/li>\n<li>Laver avant la premi\u00e8re utilisation<\/li>\n<\/ul>","protected":false},"excerpt":{"rendered":"<p>Des couteaux en acier de qualit\u00e9 qui resteront aiguis\u00e9s plus longtemps et dureront des ann\u00e9es. Am\u00e9liorez votre cuisine avec ces couteaux en acier japonais que tout le monde aimera utiliser !<\/p>","protected":false},"featured_media":8077,"comment_status":"closed","ping_status":"closed","template":"","meta":[],"product_cat":[441],"product_tag":[],"class_list":{"0":"post-6071","1":"product","2":"type-product","3":"status-publish","4":"has-post-thumbnail","6":"product_cat-essential-extras","7":"product_shipping_class-class-1","9":"first","10":"outofstock","11":"taxable","12":"shipping-taxable","13":"purchasable","14":"product-type-simple"},"yoast_head":"<!-- This site is optimized with the Yoast SEO plugin v27.3 - https:\/\/yoast.com\/product\/yoast-seo-wordpress\/ -->\n<title>4PC Japanese Steel Knife Set - Ks Products<\/title>\n<meta name=\"robots\" content=\"index, follow, max-snippet:-1, max-image-preview:large, max-video-preview:-1\" \/>\n<link rel=\"canonical\" href=\"https:\/\/ksproducts.ca\/fr\/product\/set-de-4-couteaux-a-steak-en-acier-japonais\/\" \/>\n<meta property=\"og:locale\" content=\"fr_CA\" \/>\n<meta property=\"og:type\" content=\"article\" \/>\n<meta property=\"og:title\" content=\"4PC Japanese Steel Knife Set - Ks Products\" \/>\n<meta property=\"og:description\" content=\"Knifes made from quality steel that will stay sharper longer and last you years to come. Upgrade your kitchen with these Japanese steel knifes everyone will love using!\" \/>\n<meta property=\"og:url\" content=\"https:\/\/ksproducts.ca\/fr\/product\/set-de-4-couteaux-a-steak-en-acier-japonais\/\" \/>\n<meta property=\"og:site_name\" content=\"Ks Products\" \/>\n<meta property=\"article:modified_time\" content=\"2026-04-10T21:32:24+00:00\" \/>\n<meta property=\"og:image\" content=\"https:\/\/ksproducts.ca\/wp-content\/uploads\/2024\/04\/5632_4PCSTEAKKNIFESET_01_1024x10-1-jpg.webp\" \/>\n\t<meta property=\"og:image:width\" content=\"1024\" \/>\n\t<meta property=\"og:image:height\" content=\"1024\" \/>\n\t<meta property=\"og:image:type\" content=\"image\/jpeg\" \/>\n<meta name=\"twitter:card\" content=\"summary_large_image\" \/>\n<script type=\"application\/ld+json\" class=\"yoast-schema-graph\">{\"@context\":\"https:\\\/\\\/schema.org\",\"@graph\":[{\"@type\":\"WebPage\",\"@id\":\"https:\\\/\\\/ksproducts.ca\\\/product\\\/4pc-japanese-steel-steak-knife-set\\\/\",\"url\":\"https:\\\/\\\/ksproducts.ca\\\/product\\\/4pc-japanese-steel-steak-knife-set\\\/\",\"name\":\"4PC Japanese Steel Knife Set - Ks Products\",\"isPartOf\":{\"@id\":\"https:\\\/\\\/ksproducts.ca\\\/#website\"},\"primaryImageOfPage\":{\"@id\":\"https:\\\/\\\/ksproducts.ca\\\/product\\\/4pc-japanese-steel-steak-knife-set\\\/#primaryimage\"},\"image\":{\"@id\":\"https:\\\/\\\/ksproducts.ca\\\/product\\\/4pc-japanese-steel-steak-knife-set\\\/#primaryimage\"},\"thumbnailUrl\":\"https:\\\/\\\/ksproducts.ca\\\/wp-content\\\/uploads\\\/2024\\\/04\\\/5632_4PCSTEAKKNIFESET_01_1024x10-1-jpg.webp\",\"datePublished\":\"2023-03-27T21:55:23+00:00\",\"dateModified\":\"2026-04-10T21:32:24+00:00\",\"breadcrumb\":{\"@id\":\"https:\\\/\\\/ksproducts.ca\\\/product\\\/4pc-japanese-steel-steak-knife-set\\\/#breadcrumb\"},\"inLanguage\":\"fr-CA\",\"potentialAction\":[{\"@type\":\"ReadAction\",\"target\":[\"https:\\\/\\\/ksproducts.ca\\\/product\\\/4pc-japanese-steel-steak-knife-set\\\/\"]}]},{\"@type\":\"ImageObject\",\"inLanguage\":\"fr-CA\",\"@id\":\"https:\\\/\\\/ksproducts.ca\\\/product\\\/4pc-japanese-steel-steak-knife-set\\\/#primaryimage\",\"url\":\"https:\\\/\\\/ksproducts.ca\\\/wp-content\\\/uploads\\\/2024\\\/04\\\/5632_4PCSTEAKKNIFESET_01_1024x10-1-jpg.webp\",\"contentUrl\":\"https:\\\/\\\/ksproducts.ca\\\/wp-content\\\/uploads\\\/2024\\\/04\\\/5632_4PCSTEAKKNIFESET_01_1024x10-1-jpg.webp\",\"width\":1024,\"height\":1024,\"caption\":\"4PC Japanese Steel Knife Set\"},{\"@type\":\"BreadcrumbList\",\"@id\":\"https:\\\/\\\/ksproducts.ca\\\/product\\\/4pc-japanese-steel-steak-knife-set\\\/#breadcrumb\",\"itemListElement\":[{\"@type\":\"ListItem\",\"position\":1,\"name\":\"Home\",\"item\":\"https:\\\/\\\/ksproducts.ca\\\/\"},{\"@type\":\"ListItem\",\"position\":2,\"name\":\"Shop\",\"item\":\"https:\\\/\\\/ksproducts.ca\\\/shop\\\/\"},{\"@type\":\"ListItem\",\"position\":3,\"name\":\"4PC Japanese Steel Knife Set\"}]},{\"@type\":\"WebSite\",\"@id\":\"https:\\\/\\\/ksproducts.ca\\\/#website\",\"url\":\"https:\\\/\\\/ksproducts.ca\\\/\",\"name\":\"Ks Products\",\"description\":\"Outdoor cooking and living, made easy in Canada\",\"publisher\":{\"@id\":\"https:\\\/\\\/ksproducts.ca\\\/#organization\"},\"potentialAction\":[{\"@type\":\"SearchAction\",\"target\":{\"@type\":\"EntryPoint\",\"urlTemplate\":\"https:\\\/\\\/ksproducts.ca\\\/?s={search_term_string}\"},\"query-input\":{\"@type\":\"PropertyValueSpecification\",\"valueRequired\":true,\"valueName\":\"search_term_string\"}}],\"inLanguage\":\"fr-CA\"},{\"@type\":\"Organization\",\"@id\":\"https:\\\/\\\/ksproducts.ca\\\/#organization\",\"name\":\"Ks Products\",\"url\":\"https:\\\/\\\/ksproducts.ca\\\/\",\"logo\":{\"@type\":\"ImageObject\",\"inLanguage\":\"fr-CA\",\"@id\":\"https:\\\/\\\/ksproducts.ca\\\/#\\\/schema\\\/logo\\\/image\\\/\",\"url\":\"https:\\\/\\\/ksproducts.ca\\\/wp-content\\\/uploads\\\/2023\\\/09\\\/Kennedy-Sales-Logo-header-1.png\",\"contentUrl\":\"https:\\\/\\\/ksproducts.ca\\\/wp-content\\\/uploads\\\/2023\\\/09\\\/Kennedy-Sales-Logo-header-1.png\",\"width\":150,\"height\":77,\"caption\":\"Ks Products\"},\"image\":{\"@id\":\"https:\\\/\\\/ksproducts.ca\\\/#\\\/schema\\\/logo\\\/image\\\/\"}}]}<\/script>\n<!-- \/ Yoast SEO plugin. -->","yoast_head_json":{"title":"Set de 4 couteaux japonais en acier - Ks Products","robots":{"index":"index","follow":"follow","max-snippet":"max-snippet:-1","max-image-preview":"max-image-preview:large","max-video-preview":"max-video-preview:-1"},"canonical":"https:\/\/ksproducts.ca\/fr\/product\/set-de-4-couteaux-a-steak-en-acier-japonais\/","og_locale":"fr_CA","og_type":"article","og_title":"4PC Japanese Steel Knife Set - Ks Products","og_description":"Knifes made from quality steel that will stay sharper longer and last you years to come. Upgrade your kitchen with these Japanese steel knifes everyone will love using!","og_url":"https:\/\/ksproducts.ca\/fr\/product\/set-de-4-couteaux-a-steak-en-acier-japonais\/","og_site_name":"Ks Products","article_modified_time":"2026-04-10T21:32:24+00:00","og_image":[{"width":1024,"height":1024,"url":"https:\/\/ksproducts.ca\/wp-content\/uploads\/2024\/04\/5632_4PCSTEAKKNIFESET_01_1024x10-1-jpg.webp","type":"image\/jpeg"}],"twitter_card":"summary_large_image","schema":{"@context":"https:\/\/schema.org","@graph":[{"@type":"WebPage","@id":"https:\/\/ksproducts.ca\/product\/4pc-japanese-steel-steak-knife-set\/","url":"https:\/\/ksproducts.ca\/product\/4pc-japanese-steel-steak-knife-set\/","name":"Set de 4 couteaux japonais en acier - Ks Products","isPartOf":{"@id":"https:\/\/ksproducts.ca\/#website"},"primaryImageOfPage":{"@id":"https:\/\/ksproducts.ca\/product\/4pc-japanese-steel-steak-knife-set\/#primaryimage"},"image":{"@id":"https:\/\/ksproducts.ca\/product\/4pc-japanese-steel-steak-knife-set\/#primaryimage"},"thumbnailUrl":"https:\/\/ksproducts.ca\/wp-content\/uploads\/2024\/04\/5632_4PCSTEAKKNIFESET_01_1024x10-1-jpg.webp","datePublished":"2023-03-27T21:55:23+00:00","dateModified":"2026-04-10T21:32:24+00:00","breadcrumb":{"@id":"https:\/\/ksproducts.ca\/product\/4pc-japanese-steel-steak-knife-set\/#breadcrumb"},"inLanguage":"fr-CA","potentialAction":[{"@type":"ReadAction","target":["https:\/\/ksproducts.ca\/product\/4pc-japanese-steel-steak-knife-set\/"]}]},{"@type":"ImageObject","inLanguage":"fr-CA","@id":"https:\/\/ksproducts.ca\/product\/4pc-japanese-steel-steak-knife-set\/#primaryimage","url":"https:\/\/ksproducts.ca\/wp-content\/uploads\/2024\/04\/5632_4PCSTEAKKNIFESET_01_1024x10-1-jpg.webp","contentUrl":"https:\/\/ksproducts.ca\/wp-content\/uploads\/2024\/04\/5632_4PCSTEAKKNIFESET_01_1024x10-1-jpg.webp","width":1024,"height":1024,"caption":"4PC Japanese Steel Knife Set"},{"@type":"BreadcrumbList","@id":"https:\/\/ksproducts.ca\/product\/4pc-japanese-steel-steak-knife-set\/#breadcrumb","itemListElement":[{"@type":"ListItem","position":1,"name":"Home","item":"https:\/\/ksproducts.ca\/"},{"@type":"ListItem","position":2,"name":"Shop","item":"https:\/\/ksproducts.ca\/shop\/"},{"@type":"ListItem","position":3,"name":"4PC Japanese Steel Knife Set"}]},{"@type":"WebSite","@id":"https:\/\/ksproducts.ca\/#website","url":"https:\/\/ksproducts.ca\/","name":"Produits Ks","description":"Cuisiner et vivre en plein air, c'est facile au Canada","publisher":{"@id":"https:\/\/ksproducts.ca\/#organization"},"potentialAction":[{"@type":"SearchAction","target":{"@type":"EntryPoint","urlTemplate":"https:\/\/ksproducts.ca\/?s={search_term_string}"},"query-input":{"@type":"PropertyValueSpecification","valueRequired":true,"valueName":"search_term_string"}}],"inLanguage":"fr-CA"},{"@type":"Organization","@id":"https:\/\/ksproducts.ca\/#organization","name":"Produits Ks","url":"https:\/\/ksproducts.ca\/","logo":{"@type":"ImageObject","inLanguage":"fr-CA","@id":"https:\/\/ksproducts.ca\/#\/schema\/logo\/image\/","url":"https:\/\/ksproducts.ca\/wp-content\/uploads\/2023\/09\/Kennedy-Sales-Logo-header-1.png","contentUrl":"https:\/\/ksproducts.ca\/wp-content\/uploads\/2023\/09\/Kennedy-Sales-Logo-header-1.png","width":150,"height":77,"caption":"Ks Products"},"image":{"@id":"https:\/\/ksproducts.ca\/#\/schema\/logo\/image\/"}}]}},"_links":{"self":[{"href":"https:\/\/ksproducts.ca\/fr\/wp-json\/wp\/v2\/product\/6071","targetHints":{"allow":["GET"]}}],"collection":[{"href":"https:\/\/ksproducts.ca\/fr\/wp-json\/wp\/v2\/product"}],"about":[{"href":"https:\/\/ksproducts.ca\/fr\/wp-json\/wp\/v2\/types\/product"}],"replies":[{"embeddable":true,"href":"https:\/\/ksproducts.ca\/fr\/wp-json\/wp\/v2\/comments?post=6071"}],"version-history":[{"count":1,"href":"https:\/\/ksproducts.ca\/fr\/wp-json\/wp\/v2\/product\/6071\/revisions"}],"predecessor-version":[{"id":8078,"href":"https:\/\/ksproducts.ca\/fr\/wp-json\/wp\/v2\/product\/6071\/revisions\/8078"}],"wp:featuredmedia":[{"embeddable":true,"href":"https:\/\/ksproducts.ca\/fr\/wp-json\/wp\/v2\/media\/8077"}],"wp:attachment":[{"href":"https:\/\/ksproducts.ca\/fr\/wp-json\/wp\/v2\/media?parent=6071"}],"wp:term":[{"taxonomy":"product_cat","embeddable":true,"href":"https:\/\/ksproducts.ca\/fr\/wp-json\/wp\/v2\/product_cat?post=6071"},{"taxonomy":"product_tag","embeddable":true,"href":"https:\/\/ksproducts.ca\/fr\/wp-json\/wp\/v2\/product_tag?post=6071"}],"curies":[{"name":"wp","href":"https:\/\/api.w.org\/{rel}","templated":true}]}}