{"id":6099,"date":"2023-03-27T21:55:48","date_gmt":"2023-03-27T21:55:48","guid":{"rendered":"https:\/\/ksproducts.ca\/product\/3-piece-hamburger-kit\/"},"modified":"2026-04-10T21:32:55","modified_gmt":"2026-04-10T21:32:55","slug":"kit-hamburger-3-pieces","status":"publish","type":"product","link":"https:\/\/ksproducts.ca\/fr\/product\/3-piece-hamburger-kit\/","title":{"rendered":"Blackstone Griddle Essentials 3-Piece Hamburger Accessory Kit (Kit d'accessoires pour hamburger)"},"content":{"rendered":"<ul class=\"metafield-single_line_text_field-array\">\n<li class=\"metafield-single_line_text_field\">Spatule \u00e0 hamburger (Qt\u00e9 1)<\/li>\n<li class=\"metafield-single_line_text_field\">Housse de badigeonnage (Qt\u00e9 1)<\/li>\n<li class=\"metafield-single_line_text_field\">Presse \u00e0 hamburgers (Qt\u00e9 1)<\/li>\n<li class=\"metafield-single_line_text_field\">Tous les articles peuvent \u00eatre lav\u00e9s au lave-vaisselle pour un nettoyage facile.<\/li>\n<\/ul>","protected":false},"excerpt":{"rendered":"<div class=\"sc-dcgwPl bEyiZP pf-17_\" data-show-button=\"true\" data-more=\"\" data-less=\"\" data-product-type=\"content\" data-product-id=\"6890969956396\" data-pf-type=\"ProductDescription\" data-loaded-des=\"true\">Am\u00e9liorez votre jeu de hamburgers avec ce kit de hamburgers tout-en-un. La grande spatule \u00e0 hamburger vous donne un contr\u00f4le total, la presse \u00e0 hamburger permet d'obtenir des galettes cuites uniform\u00e9ment et le couvercle d'arrosage conserve la chaleur pour un fromage parfaitement fondu. Que vous cuisiniez sur une plaque ou un gril, ce kit vous couvre.<\/div>","protected":false},"featured_media":8104,"comment_status":"closed","ping_status":"closed","template":"","meta":[],"product_cat":[436,438],"product_tag":[],"class_list":{"0":"post-6099","1":"product","2":"type-product","3":"status-publish","4":"has-post-thumbnail","6":"product_brand-blackstone","7":"product_cat-accessories","8":"product_cat-tools-kits","9":"product_shipping_class-class-1","11":"first","12":"instock","13":"taxable","14":"shipping-taxable","15":"purchasable","16":"product-type-simple"},"yoast_head":"<!-- This site is optimized with the Yoast SEO plugin v27.3 - https:\/\/yoast.com\/product\/yoast-seo-wordpress\/ -->\n<title>Blackstone Griddle Essentials 3-Piece Hamburger Accessory Kit - Ks Products<\/title>\n<meta name=\"robots\" content=\"index, follow, max-snippet:-1, max-image-preview:large, max-video-preview:-1\" \/>\n<link rel=\"canonical\" href=\"https:\/\/ksproducts.ca\/fr\/product\/kit-hamburger-3-pieces\/\" \/>\n<meta property=\"og:locale\" content=\"fr_CA\" \/>\n<meta property=\"og:type\" content=\"article\" \/>\n<meta property=\"og:title\" content=\"Blackstone Griddle Essentials 3-Piece Hamburger Accessory Kit - Ks Products\" \/>\n<meta property=\"og:description\" content=\"Level up your burger game with this all-in-one Burger Kit. The large hamburger spatula gives you total control, the burger press delivers evenly cooked patties, and the basting cover locks in heat for perfectly melted cheese. Whether you\u2019re cooking on a griddle or grill, this kit has you covered.\" \/>\n<meta property=\"og:url\" content=\"https:\/\/ksproducts.ca\/fr\/product\/kit-hamburger-3-pieces\/\" \/>\n<meta property=\"og:site_name\" content=\"Ks Products\" \/>\n<meta property=\"article:modified_time\" content=\"2026-04-10T21:32:55+00:00\" \/>\n<meta property=\"og:image\" content=\"https:\/\/ksproducts.ca\/wp-content\/uploads\/2024\/04\/5462_GEBurgerKit_OnWhite_Group-1.webp\" \/>\n\t<meta property=\"og:image:width\" content=\"800\" \/>\n\t<meta property=\"og:image:height\" content=\"800\" \/>\n\t<meta property=\"og:image:type\" content=\"image\/webp\" \/>\n<meta name=\"twitter:card\" content=\"summary_large_image\" \/>\n<meta name=\"twitter:label1\" content=\"Estimation du temps de lecture\" \/>\n\t<meta name=\"twitter:data1\" content=\"1 minute\" \/>\n<script type=\"application\/ld+json\" class=\"yoast-schema-graph\">{\"@context\":\"https:\\\/\\\/schema.org\",\"@graph\":[{\"@type\":\"WebPage\",\"@id\":\"https:\\\/\\\/ksproducts.ca\\\/product\\\/3-piece-hamburger-kit\\\/\",\"url\":\"https:\\\/\\\/ksproducts.ca\\\/product\\\/3-piece-hamburger-kit\\\/\",\"name\":\"Blackstone Griddle Essentials 3-Piece Hamburger Accessory Kit - Ks Products\",\"isPartOf\":{\"@id\":\"https:\\\/\\\/ksproducts.ca\\\/#website\"},\"primaryImageOfPage\":{\"@id\":\"https:\\\/\\\/ksproducts.ca\\\/product\\\/3-piece-hamburger-kit\\\/#primaryimage\"},\"image\":{\"@id\":\"https:\\\/\\\/ksproducts.ca\\\/product\\\/3-piece-hamburger-kit\\\/#primaryimage\"},\"thumbnailUrl\":\"https:\\\/\\\/ksproducts.ca\\\/wp-content\\\/uploads\\\/2024\\\/04\\\/5462_GEBurgerKit_OnWhite_Group-1.webp\",\"datePublished\":\"2023-03-27T21:55:48+00:00\",\"dateModified\":\"2026-04-10T21:32:55+00:00\",\"breadcrumb\":{\"@id\":\"https:\\\/\\\/ksproducts.ca\\\/product\\\/3-piece-hamburger-kit\\\/#breadcrumb\"},\"inLanguage\":\"fr-CA\",\"potentialAction\":[{\"@type\":\"ReadAction\",\"target\":[\"https:\\\/\\\/ksproducts.ca\\\/product\\\/3-piece-hamburger-kit\\\/\"]}]},{\"@type\":\"ImageObject\",\"inLanguage\":\"fr-CA\",\"@id\":\"https:\\\/\\\/ksproducts.ca\\\/product\\\/3-piece-hamburger-kit\\\/#primaryimage\",\"url\":\"https:\\\/\\\/ksproducts.ca\\\/wp-content\\\/uploads\\\/2024\\\/04\\\/5462_GEBurgerKit_OnWhite_Group-1.webp\",\"contentUrl\":\"https:\\\/\\\/ksproducts.ca\\\/wp-content\\\/uploads\\\/2024\\\/04\\\/5462_GEBurgerKit_OnWhite_Group-1.webp\",\"width\":800,\"height\":800,\"caption\":\"Blackstone Griddle Essentials 3-Piece Hamburger Accessory\"},{\"@type\":\"BreadcrumbList\",\"@id\":\"https:\\\/\\\/ksproducts.ca\\\/product\\\/3-piece-hamburger-kit\\\/#breadcrumb\",\"itemListElement\":[{\"@type\":\"ListItem\",\"position\":1,\"name\":\"Home\",\"item\":\"https:\\\/\\\/ksproducts.ca\\\/\"},{\"@type\":\"ListItem\",\"position\":2,\"name\":\"Shop\",\"item\":\"https:\\\/\\\/ksproducts.ca\\\/shop\\\/\"},{\"@type\":\"ListItem\",\"position\":3,\"name\":\"Blackstone Griddle Essentials 3-Piece Hamburger Accessory Kit\"}]},{\"@type\":\"WebSite\",\"@id\":\"https:\\\/\\\/ksproducts.ca\\\/#website\",\"url\":\"https:\\\/\\\/ksproducts.ca\\\/\",\"name\":\"Ks Products\",\"description\":\"Outdoor cooking and living, made easy in Canada\",\"publisher\":{\"@id\":\"https:\\\/\\\/ksproducts.ca\\\/#organization\"},\"potentialAction\":[{\"@type\":\"SearchAction\",\"target\":{\"@type\":\"EntryPoint\",\"urlTemplate\":\"https:\\\/\\\/ksproducts.ca\\\/?s={search_term_string}\"},\"query-input\":{\"@type\":\"PropertyValueSpecification\",\"valueRequired\":true,\"valueName\":\"search_term_string\"}}],\"inLanguage\":\"fr-CA\"},{\"@type\":\"Organization\",\"@id\":\"https:\\\/\\\/ksproducts.ca\\\/#organization\",\"name\":\"Ks Products\",\"url\":\"https:\\\/\\\/ksproducts.ca\\\/\",\"logo\":{\"@type\":\"ImageObject\",\"inLanguage\":\"fr-CA\",\"@id\":\"https:\\\/\\\/ksproducts.ca\\\/#\\\/schema\\\/logo\\\/image\\\/\",\"url\":\"https:\\\/\\\/ksproducts.ca\\\/wp-content\\\/uploads\\\/2023\\\/09\\\/Kennedy-Sales-Logo-header-1.png\",\"contentUrl\":\"https:\\\/\\\/ksproducts.ca\\\/wp-content\\\/uploads\\\/2023\\\/09\\\/Kennedy-Sales-Logo-header-1.png\",\"width\":150,\"height\":77,\"caption\":\"Ks Products\"},\"image\":{\"@id\":\"https:\\\/\\\/ksproducts.ca\\\/#\\\/schema\\\/logo\\\/image\\\/\"}}]}<\/script>\n<!-- \/ Yoast SEO plugin. -->","yoast_head_json":{"title":"Blackstone Griddle Essentials 3-Piece Hamburger Accessory Kit - Ks Products","robots":{"index":"index","follow":"follow","max-snippet":"max-snippet:-1","max-image-preview":"max-image-preview:large","max-video-preview":"max-video-preview:-1"},"canonical":"https:\/\/ksproducts.ca\/fr\/product\/kit-hamburger-3-pieces\/","og_locale":"fr_CA","og_type":"article","og_title":"Blackstone Griddle Essentials 3-Piece Hamburger Accessory Kit - Ks Products","og_description":"Level up your burger game with this all-in-one Burger Kit. The large hamburger spatula gives you total control, the burger press delivers evenly cooked patties, and the basting cover locks in heat for perfectly melted cheese. Whether you\u2019re cooking on a griddle or grill, this kit has you covered.","og_url":"https:\/\/ksproducts.ca\/fr\/product\/kit-hamburger-3-pieces\/","og_site_name":"Ks Products","article_modified_time":"2026-04-10T21:32:55+00:00","og_image":[{"width":800,"height":800,"url":"https:\/\/ksproducts.ca\/wp-content\/uploads\/2024\/04\/5462_GEBurgerKit_OnWhite_Group-1.webp","type":"image\/webp"}],"twitter_card":"summary_large_image","twitter_misc":{"Estimation du temps de lecture":"1 minute"},"schema":{"@context":"https:\/\/schema.org","@graph":[{"@type":"WebPage","@id":"https:\/\/ksproducts.ca\/product\/3-piece-hamburger-kit\/","url":"https:\/\/ksproducts.ca\/product\/3-piece-hamburger-kit\/","name":"Blackstone Griddle Essentials 3-Piece Hamburger Accessory Kit - Ks Products","isPartOf":{"@id":"https:\/\/ksproducts.ca\/#website"},"primaryImageOfPage":{"@id":"https:\/\/ksproducts.ca\/product\/3-piece-hamburger-kit\/#primaryimage"},"image":{"@id":"https:\/\/ksproducts.ca\/product\/3-piece-hamburger-kit\/#primaryimage"},"thumbnailUrl":"https:\/\/ksproducts.ca\/wp-content\/uploads\/2024\/04\/5462_GEBurgerKit_OnWhite_Group-1.webp","datePublished":"2023-03-27T21:55:48+00:00","dateModified":"2026-04-10T21:32:55+00:00","breadcrumb":{"@id":"https:\/\/ksproducts.ca\/product\/3-piece-hamburger-kit\/#breadcrumb"},"inLanguage":"fr-CA","potentialAction":[{"@type":"ReadAction","target":["https:\/\/ksproducts.ca\/product\/3-piece-hamburger-kit\/"]}]},{"@type":"ImageObject","inLanguage":"fr-CA","@id":"https:\/\/ksproducts.ca\/product\/3-piece-hamburger-kit\/#primaryimage","url":"https:\/\/ksproducts.ca\/wp-content\/uploads\/2024\/04\/5462_GEBurgerKit_OnWhite_Group-1.webp","contentUrl":"https:\/\/ksproducts.ca\/wp-content\/uploads\/2024\/04\/5462_GEBurgerKit_OnWhite_Group-1.webp","width":800,"height":800,"caption":"Blackstone Griddle Essentials 3-Piece Hamburger Accessory"},{"@type":"BreadcrumbList","@id":"https:\/\/ksproducts.ca\/product\/3-piece-hamburger-kit\/#breadcrumb","itemListElement":[{"@type":"ListItem","position":1,"name":"Home","item":"https:\/\/ksproducts.ca\/"},{"@type":"ListItem","position":2,"name":"Shop","item":"https:\/\/ksproducts.ca\/shop\/"},{"@type":"ListItem","position":3,"name":"Blackstone Griddle Essentials 3-Piece Hamburger Accessory Kit"}]},{"@type":"WebSite","@id":"https:\/\/ksproducts.ca\/#website","url":"https:\/\/ksproducts.ca\/","name":"Produits Ks","description":"Cuisiner et vivre en plein air, c'est facile au Canada","publisher":{"@id":"https:\/\/ksproducts.ca\/#organization"},"potentialAction":[{"@type":"SearchAction","target":{"@type":"EntryPoint","urlTemplate":"https:\/\/ksproducts.ca\/?s={search_term_string}"},"query-input":{"@type":"PropertyValueSpecification","valueRequired":true,"valueName":"search_term_string"}}],"inLanguage":"fr-CA"},{"@type":"Organization","@id":"https:\/\/ksproducts.ca\/#organization","name":"Produits Ks","url":"https:\/\/ksproducts.ca\/","logo":{"@type":"ImageObject","inLanguage":"fr-CA","@id":"https:\/\/ksproducts.ca\/#\/schema\/logo\/image\/","url":"https:\/\/ksproducts.ca\/wp-content\/uploads\/2023\/09\/Kennedy-Sales-Logo-header-1.png","contentUrl":"https:\/\/ksproducts.ca\/wp-content\/uploads\/2023\/09\/Kennedy-Sales-Logo-header-1.png","width":150,"height":77,"caption":"Ks Products"},"image":{"@id":"https:\/\/ksproducts.ca\/#\/schema\/logo\/image\/"}}]}},"_links":{"self":[{"href":"https:\/\/ksproducts.ca\/fr\/wp-json\/wp\/v2\/product\/6099","targetHints":{"allow":["GET"]}}],"collection":[{"href":"https:\/\/ksproducts.ca\/fr\/wp-json\/wp\/v2\/product"}],"about":[{"href":"https:\/\/ksproducts.ca\/fr\/wp-json\/wp\/v2\/types\/product"}],"replies":[{"embeddable":true,"href":"https:\/\/ksproducts.ca\/fr\/wp-json\/wp\/v2\/comments?post=6099"}],"version-history":[{"count":3,"href":"https:\/\/ksproducts.ca\/fr\/wp-json\/wp\/v2\/product\/6099\/revisions"}],"predecessor-version":[{"id":10760,"href":"https:\/\/ksproducts.ca\/fr\/wp-json\/wp\/v2\/product\/6099\/revisions\/10760"}],"wp:featuredmedia":[{"embeddable":true,"href":"https:\/\/ksproducts.ca\/fr\/wp-json\/wp\/v2\/media\/8104"}],"wp:attachment":[{"href":"https:\/\/ksproducts.ca\/fr\/wp-json\/wp\/v2\/media?parent=6099"}],"wp:term":[{"taxonomy":"product_cat","embeddable":true,"href":"https:\/\/ksproducts.ca\/fr\/wp-json\/wp\/v2\/product_cat?post=6099"},{"taxonomy":"product_tag","embeddable":true,"href":"https:\/\/ksproducts.ca\/fr\/wp-json\/wp\/v2\/product_tag?post=6099"}],"curies":[{"name":"wp","href":"https:\/\/api.w.org\/{rel}","templated":true}]}}