{"id":6105,"date":"2023-03-27T21:57:19","date_gmt":"2023-03-27T21:57:19","guid":{"rendered":"https:\/\/ksproducts.ca\/product\/blackstone-pizza-oven-w-stand-pizza-peel-included\/"},"modified":"2026-03-20T16:27:48","modified_gmt":"2026-03-20T16:27:48","slug":"four-a-pizza-blackstone-avec-support-plaque-a-pizza-incluse","status":"publish","type":"product","link":"https:\/\/ksproducts.ca\/fr\/product\/blackstone-pizza-oven-w-stand-pizza-peel-included\/","title":{"rendered":"Four \u00e0 pizza Blackstone Pizza Series avec chariot et plaque \u00e0 pizza"},"content":{"rendered":"<ul>\n<li><span class=\"_value-text_xztep4\" title=\"Technologie brevet\u00e9e 2Stone : Pierres de cordi\u00e9rite sup\u00e9rieures et inf\u00e9rieures pour un chauffage homog\u00e8ne et constant\">Technologie brevet\u00e9e 2Stone : Pierres de cordi\u00e9rite sup\u00e9rieures et inf\u00e9rieures pour un chauffage homog\u00e8ne et constant<\/span><\/li>\n<li id=\"ember36\" class=\"ember-view\"><span class=\"_value-text_xztep4\" title=\"Cuisson des pizzas en 90 secondes seulement\">Cuisson des pizzas en 90 secondes seulement<\/span><\/li>\n<li id=\"ember38\" class=\"ember-view\"><span class=\"_value-text_xztep4\" title=\"Le four \u00e0 pizza peut atteindre jusqu&#039;\u00e0 900 degr\u00e9s Fahrenheit\">Le four \u00e0 pizza peut atteindre jusqu'\u00e0 900 degr\u00e9s Fahrenheit<\/span><\/li>\n<li id=\"ember40\" class=\"ember-view\"><span class=\"_value-text_xztep4\" title=\"Comprend une pelle \u00e0 pizza en aluminium et un thermom\u00e8tre \u00e0 infrarouge\">Comprend une pelle \u00e0 pizza en aluminium<\/span><\/li>\n<li id=\"ember42\" class=\"ember-view\"><span class=\"_value-text_xztep4\" title=\"Le support sert \u00e0 stocker une bouteille de propane\">Le support sert \u00e0 stocker une bouteille de propane<\/span><\/li>\n<li id=\"ember44\" class=\"ember-view\"><span class=\"_value-text_xztep4\" title=\"Le support est dot\u00e9 de quatre roues pivotantes et de deux poign\u00e9es, ce qui permet de le d\u00e9placer facilement sur le patio arri\u00e8re.\">Le support est dot\u00e9 de quatre roues pivotantes et de deux poign\u00e9es, ce qui permet de le d\u00e9placer facilement sur le patio arri\u00e8re.<\/span><\/li>\n<li id=\"ember46\" class=\"ember-view\"><span class=\"_value-text_xztep4\" title=\"1 an de garantie\">1 an de garantie<\/span><\/li>\n<\/ul>","protected":false},"excerpt":{"rendered":"<p>Ce four \u00e0 pizza \u00e9l\u00e9gant peut \u00eatre install\u00e9 sur un comptoir ou de mani\u00e8re autonome. Le four \u00e0 pizza lui-m\u00eame est dot\u00e9 de deux poign\u00e9es et la base amovible est munie de quatre roues pivotantes, ce qui permet de le d\u00e9placer facilement sur votre terrasse. Il est dot\u00e9 de notre technologie brevet\u00e9e \u00e0 deux pierres : une pierre rotative sur le fond et une pierre fixe sur le dessus pour une cuisson homog\u00e8ne en 90 secondes seulement. Il est m\u00eame livr\u00e9 avec une plaque \u00e0 pizza et un support de plaque \u00e0 pizza int\u00e9gr\u00e9. C'est tout ce dont vous avez besoin pour cr\u00e9er vos pizzas pr\u00e9f\u00e9r\u00e9es et les cuire \u00e0 la perfection.<\/p>","protected":false},"featured_media":8060,"comment_status":"closed","ping_status":"closed","template":"","meta":[],"product_cat":[428,406],"product_tag":[],"class_list":{"0":"post-6105","1":"product","2":"type-product","3":"status-publish","4":"has-post-thumbnail","6":"product_brand-blackstone","7":"product_cat-outdoor-cooking","8":"product_cat-pizza","9":"product_shipping_class-class-4","11":"first","12":"instock","13":"taxable","14":"shipping-taxable","15":"purchasable","16":"product-type-simple"},"yoast_head":"<!-- This site is optimized with the Yoast SEO plugin v27.4 - https:\/\/yoast.com\/product\/yoast-seo-wordpress\/ -->\n<title>Blackstone Pizza Series Pizza Oven with Cart and Pizza Peel - Ks Products<\/title>\n<meta name=\"robots\" content=\"index, follow, max-snippet:-1, max-image-preview:large, max-video-preview:-1\" \/>\n<link rel=\"canonical\" href=\"https:\/\/ksproducts.ca\/fr\/product\/four-a-pizza-blackstone-avec-support-plaque-a-pizza-incluse\/\" \/>\n<meta property=\"og:locale\" content=\"fr_CA\" \/>\n<meta property=\"og:type\" content=\"article\" \/>\n<meta property=\"og:title\" content=\"Blackstone Pizza Series Pizza Oven with Cart and Pizza Peel - Ks Products\" \/>\n<meta property=\"og:description\" content=\"This stylish Pizza Oven has a countertop or standalone configuration. The pizza oven itself features two handles and the detachable base has four swivel wheels making it easy to move around your back patio. Featuring our patented two stone technology: one rotating stone on the bottom, and a fixed stone on top creates an even cook in as little as 90 seconds. It even comes with a pizza peel and a built-in pizza peel holder. It\u2019s everything you need to create your favorite pizzas and cook them to perfection.\" \/>\n<meta property=\"og:url\" content=\"https:\/\/ksproducts.ca\/fr\/product\/four-a-pizza-blackstone-avec-support-plaque-a-pizza-incluse\/\" \/>\n<meta property=\"og:site_name\" content=\"Ks Products\" \/>\n<meta property=\"article:modified_time\" content=\"2026-03-20T16:27:48+00:00\" \/>\n<meta property=\"og:image\" content=\"https:\/\/ksproducts.ca\/wp-content\/uploads\/2024\/04\/6825_StandingPizzaOven_Pizza-1-jpg.webp\" \/>\n\t<meta property=\"og:image:width\" content=\"1180\" \/>\n\t<meta property=\"og:image:height\" content=\"1180\" \/>\n\t<meta property=\"og:image:type\" content=\"image\/jpeg\" \/>\n<meta name=\"twitter:card\" content=\"summary_large_image\" \/>\n<meta name=\"twitter:label1\" content=\"Estimation du temps de lecture\" \/>\n\t<meta name=\"twitter:data1\" content=\"1 minute\" \/>\n<script type=\"application\/ld+json\" class=\"yoast-schema-graph\">{\"@context\":\"https:\\\/\\\/schema.org\",\"@graph\":[{\"@type\":\"WebPage\",\"@id\":\"https:\\\/\\\/ksproducts.ca\\\/product\\\/blackstone-pizza-oven-w-stand-pizza-peel-included\\\/\",\"url\":\"https:\\\/\\\/ksproducts.ca\\\/product\\\/blackstone-pizza-oven-w-stand-pizza-peel-included\\\/\",\"name\":\"Blackstone Pizza Series Pizza Oven with Cart and Pizza Peel - Ks Products\",\"isPartOf\":{\"@id\":\"https:\\\/\\\/ksproducts.ca\\\/#website\"},\"primaryImageOfPage\":{\"@id\":\"https:\\\/\\\/ksproducts.ca\\\/product\\\/blackstone-pizza-oven-w-stand-pizza-peel-included\\\/#primaryimage\"},\"image\":{\"@id\":\"https:\\\/\\\/ksproducts.ca\\\/product\\\/blackstone-pizza-oven-w-stand-pizza-peel-included\\\/#primaryimage\"},\"thumbnailUrl\":\"https:\\\/\\\/ksproducts.ca\\\/wp-content\\\/uploads\\\/2024\\\/04\\\/6825_StandingPizzaOven_Pizza-1-jpg.webp\",\"datePublished\":\"2023-03-27T21:57:19+00:00\",\"dateModified\":\"2026-03-20T16:27:48+00:00\",\"breadcrumb\":{\"@id\":\"https:\\\/\\\/ksproducts.ca\\\/product\\\/blackstone-pizza-oven-w-stand-pizza-peel-included\\\/#breadcrumb\"},\"inLanguage\":\"fr-CA\",\"potentialAction\":[{\"@type\":\"ReadAction\",\"target\":[\"https:\\\/\\\/ksproducts.ca\\\/product\\\/blackstone-pizza-oven-w-stand-pizza-peel-included\\\/\"]}]},{\"@type\":\"ImageObject\",\"inLanguage\":\"fr-CA\",\"@id\":\"https:\\\/\\\/ksproducts.ca\\\/product\\\/blackstone-pizza-oven-w-stand-pizza-peel-included\\\/#primaryimage\",\"url\":\"https:\\\/\\\/ksproducts.ca\\\/wp-content\\\/uploads\\\/2024\\\/04\\\/6825_StandingPizzaOven_Pizza-1-jpg.webp\",\"contentUrl\":\"https:\\\/\\\/ksproducts.ca\\\/wp-content\\\/uploads\\\/2024\\\/04\\\/6825_StandingPizzaOven_Pizza-1-jpg.webp\",\"width\":1180,\"height\":1180,\"caption\":\"Blackstone Pizza Series Pizza Oven\"},{\"@type\":\"BreadcrumbList\",\"@id\":\"https:\\\/\\\/ksproducts.ca\\\/product\\\/blackstone-pizza-oven-w-stand-pizza-peel-included\\\/#breadcrumb\",\"itemListElement\":[{\"@type\":\"ListItem\",\"position\":1,\"name\":\"Home\",\"item\":\"https:\\\/\\\/ksproducts.ca\\\/\"},{\"@type\":\"ListItem\",\"position\":2,\"name\":\"Shop\",\"item\":\"https:\\\/\\\/ksproducts.ca\\\/shop\\\/\"},{\"@type\":\"ListItem\",\"position\":3,\"name\":\"Blackstone Pizza Series Pizza Oven with Cart and Pizza Peel\"}]},{\"@type\":\"WebSite\",\"@id\":\"https:\\\/\\\/ksproducts.ca\\\/#website\",\"url\":\"https:\\\/\\\/ksproducts.ca\\\/\",\"name\":\"Ks Products\",\"description\":\"Outdoor cooking and living, made easy in Canada\",\"publisher\":{\"@id\":\"https:\\\/\\\/ksproducts.ca\\\/#organization\"},\"potentialAction\":[{\"@type\":\"SearchAction\",\"target\":{\"@type\":\"EntryPoint\",\"urlTemplate\":\"https:\\\/\\\/ksproducts.ca\\\/?s={search_term_string}\"},\"query-input\":{\"@type\":\"PropertyValueSpecification\",\"valueRequired\":true,\"valueName\":\"search_term_string\"}}],\"inLanguage\":\"fr-CA\"},{\"@type\":\"Organization\",\"@id\":\"https:\\\/\\\/ksproducts.ca\\\/#organization\",\"name\":\"Ks Products\",\"url\":\"https:\\\/\\\/ksproducts.ca\\\/\",\"logo\":{\"@type\":\"ImageObject\",\"inLanguage\":\"fr-CA\",\"@id\":\"https:\\\/\\\/ksproducts.ca\\\/#\\\/schema\\\/logo\\\/image\\\/\",\"url\":\"https:\\\/\\\/ksproducts.ca\\\/wp-content\\\/uploads\\\/2023\\\/09\\\/Kennedy-Sales-Logo-header-1.png\",\"contentUrl\":\"https:\\\/\\\/ksproducts.ca\\\/wp-content\\\/uploads\\\/2023\\\/09\\\/Kennedy-Sales-Logo-header-1.png\",\"width\":150,\"height\":77,\"caption\":\"Ks Products\"},\"image\":{\"@id\":\"https:\\\/\\\/ksproducts.ca\\\/#\\\/schema\\\/logo\\\/image\\\/\"}}]}<\/script>\n<!-- \/ Yoast SEO plugin. -->","yoast_head_json":{"title":"Four \u00e0 pizza Blackstone Pizza Series avec chariot et plaque \u00e0 pizza - Ks Products","robots":{"index":"index","follow":"follow","max-snippet":"max-snippet:-1","max-image-preview":"max-image-preview:large","max-video-preview":"max-video-preview:-1"},"canonical":"https:\/\/ksproducts.ca\/fr\/product\/four-a-pizza-blackstone-avec-support-plaque-a-pizza-incluse\/","og_locale":"fr_CA","og_type":"article","og_title":"Blackstone Pizza Series Pizza Oven with Cart and Pizza Peel - Ks Products","og_description":"This stylish Pizza Oven has a countertop or standalone configuration. The pizza oven itself features two handles and the detachable base has four swivel wheels making it easy to move around your back patio. Featuring our patented two stone technology: one rotating stone on the bottom, and a fixed stone on top creates an even cook in as little as 90 seconds. It even comes with a pizza peel and a built-in pizza peel holder. It\u2019s everything you need to create your favorite pizzas and cook them to perfection.","og_url":"https:\/\/ksproducts.ca\/fr\/product\/four-a-pizza-blackstone-avec-support-plaque-a-pizza-incluse\/","og_site_name":"Ks Products","article_modified_time":"2026-03-20T16:27:48+00:00","og_image":[{"width":1180,"height":1180,"url":"https:\/\/ksproducts.ca\/wp-content\/uploads\/2024\/04\/6825_StandingPizzaOven_Pizza-1-jpg.webp","type":"image\/jpeg"}],"twitter_card":"summary_large_image","twitter_misc":{"Estimation du temps de lecture":"1 minute"},"schema":{"@context":"https:\/\/schema.org","@graph":[{"@type":"WebPage","@id":"https:\/\/ksproducts.ca\/product\/blackstone-pizza-oven-w-stand-pizza-peel-included\/","url":"https:\/\/ksproducts.ca\/product\/blackstone-pizza-oven-w-stand-pizza-peel-included\/","name":"Four \u00e0 pizza Blackstone Pizza Series avec chariot et plaque \u00e0 pizza - Ks Products","isPartOf":{"@id":"https:\/\/ksproducts.ca\/#website"},"primaryImageOfPage":{"@id":"https:\/\/ksproducts.ca\/product\/blackstone-pizza-oven-w-stand-pizza-peel-included\/#primaryimage"},"image":{"@id":"https:\/\/ksproducts.ca\/product\/blackstone-pizza-oven-w-stand-pizza-peel-included\/#primaryimage"},"thumbnailUrl":"https:\/\/ksproducts.ca\/wp-content\/uploads\/2024\/04\/6825_StandingPizzaOven_Pizza-1-jpg.webp","datePublished":"2023-03-27T21:57:19+00:00","dateModified":"2026-03-20T16:27:48+00:00","breadcrumb":{"@id":"https:\/\/ksproducts.ca\/product\/blackstone-pizza-oven-w-stand-pizza-peel-included\/#breadcrumb"},"inLanguage":"fr-CA","potentialAction":[{"@type":"ReadAction","target":["https:\/\/ksproducts.ca\/product\/blackstone-pizza-oven-w-stand-pizza-peel-included\/"]}]},{"@type":"ImageObject","inLanguage":"fr-CA","@id":"https:\/\/ksproducts.ca\/product\/blackstone-pizza-oven-w-stand-pizza-peel-included\/#primaryimage","url":"https:\/\/ksproducts.ca\/wp-content\/uploads\/2024\/04\/6825_StandingPizzaOven_Pizza-1-jpg.webp","contentUrl":"https:\/\/ksproducts.ca\/wp-content\/uploads\/2024\/04\/6825_StandingPizzaOven_Pizza-1-jpg.webp","width":1180,"height":1180,"caption":"Blackstone Pizza Series Pizza Oven"},{"@type":"BreadcrumbList","@id":"https:\/\/ksproducts.ca\/product\/blackstone-pizza-oven-w-stand-pizza-peel-included\/#breadcrumb","itemListElement":[{"@type":"ListItem","position":1,"name":"Home","item":"https:\/\/ksproducts.ca\/"},{"@type":"ListItem","position":2,"name":"Shop","item":"https:\/\/ksproducts.ca\/shop\/"},{"@type":"ListItem","position":3,"name":"Blackstone Pizza Series Pizza Oven with Cart and Pizza Peel"}]},{"@type":"WebSite","@id":"https:\/\/ksproducts.ca\/#website","url":"https:\/\/ksproducts.ca\/","name":"Produits Ks","description":"Cuisiner et vivre en plein air, c'est facile au Canada","publisher":{"@id":"https:\/\/ksproducts.ca\/#organization"},"potentialAction":[{"@type":"SearchAction","target":{"@type":"EntryPoint","urlTemplate":"https:\/\/ksproducts.ca\/?s={search_term_string}"},"query-input":{"@type":"PropertyValueSpecification","valueRequired":true,"valueName":"search_term_string"}}],"inLanguage":"fr-CA"},{"@type":"Organization","@id":"https:\/\/ksproducts.ca\/#organization","name":"Produits Ks","url":"https:\/\/ksproducts.ca\/","logo":{"@type":"ImageObject","inLanguage":"fr-CA","@id":"https:\/\/ksproducts.ca\/#\/schema\/logo\/image\/","url":"https:\/\/ksproducts.ca\/wp-content\/uploads\/2023\/09\/Kennedy-Sales-Logo-header-1.png","contentUrl":"https:\/\/ksproducts.ca\/wp-content\/uploads\/2023\/09\/Kennedy-Sales-Logo-header-1.png","width":150,"height":77,"caption":"Ks Products"},"image":{"@id":"https:\/\/ksproducts.ca\/#\/schema\/logo\/image\/"}}]}},"_links":{"self":[{"href":"https:\/\/ksproducts.ca\/fr\/wp-json\/wp\/v2\/product\/6105","targetHints":{"allow":["GET"]}}],"collection":[{"href":"https:\/\/ksproducts.ca\/fr\/wp-json\/wp\/v2\/product"}],"about":[{"href":"https:\/\/ksproducts.ca\/fr\/wp-json\/wp\/v2\/types\/product"}],"replies":[{"embeddable":true,"href":"https:\/\/ksproducts.ca\/fr\/wp-json\/wp\/v2\/comments?post=6105"}],"version-history":[{"count":7,"href":"https:\/\/ksproducts.ca\/fr\/wp-json\/wp\/v2\/product\/6105\/revisions"}],"predecessor-version":[{"id":12797,"href":"https:\/\/ksproducts.ca\/fr\/wp-json\/wp\/v2\/product\/6105\/revisions\/12797"}],"wp:featuredmedia":[{"embeddable":true,"href":"https:\/\/ksproducts.ca\/fr\/wp-json\/wp\/v2\/media\/8060"}],"wp:attachment":[{"href":"https:\/\/ksproducts.ca\/fr\/wp-json\/wp\/v2\/media?parent=6105"}],"wp:term":[{"taxonomy":"product_cat","embeddable":true,"href":"https:\/\/ksproducts.ca\/fr\/wp-json\/wp\/v2\/product_cat?post=6105"},{"taxonomy":"product_tag","embeddable":true,"href":"https:\/\/ksproducts.ca\/fr\/wp-json\/wp\/v2\/product_tag?post=6105"}],"curies":[{"name":"wp","href":"https:\/\/api.w.org\/{rel}","templated":true}]}}