{"id":6112,"date":"2023-03-27T21:57:19","date_gmt":"2023-03-27T21:57:19","guid":{"rendered":"https:\/\/ksproducts.ca\/product\/countertop-pizza-oven-includes-pizza-peel\/"},"modified":"2026-04-03T18:52:00","modified_gmt":"2026-04-03T18:52:00","slug":"four-a-pizza-de-comptoir-avec-plaque-a-pizza","status":"publish","type":"product","link":"https:\/\/ksproducts.ca\/fr\/product\/countertop-pizza-oven-includes-pizza-peel\/","title":{"rendered":"Four \u00e0 pizza de comptoir Blackstone Pizza Series"},"content":{"rendered":"<ul class=\"product-features\">\n<li>\n<div id=\"ember34\" class=\"ember-view\"><span class=\"_value-text_xztep4\" title=\"Technologie brevet\u00e9e 2Stone : Pierres de cordi\u00e9rite sup\u00e9rieures et inf\u00e9rieures pour un chauffage homog\u00e8ne et constant\">Technologie brevet\u00e9e 2Stone : Pierres de cordi\u00e9rite sup\u00e9rieures et inf\u00e9rieures pour un chauffage homog\u00e8ne et constant<\/span><\/div>\n<\/li>\n<li>\n<div id=\"ember36\" class=\"ember-view\"><span class=\"_value-text_xztep4\" title=\"Cuisson des pizzas en 90 secondes seulement\">Cuisson des pizzas en 90 secondes seulement<\/span><\/div>\n<\/li>\n<li>\n<div id=\"ember36\" class=\"ember-view\"><span class=\"_value-text_xztep4\" title=\"Le four \u00e0 pizza peut atteindre jusqu&#039;\u00e0 900 degr\u00e9s Fahrenheit\">Le four \u00e0 pizza peut atteindre jusqu'\u00e0 900 degr\u00e9s Fahrenheit<\/span><\/div>\n<\/li>\n<li>\n<div id=\"ember36\" class=\"ember-view\"><span class=\"_value-text_xztep4\" title=\"Comprend une pelle \u00e0 pizza en aluminium et un thermom\u00e8tre \u00e0 infrarouge\">Comprend une pelle \u00e0 pizza en aluminium<\/span><\/div>\n<\/li>\n<\/ul>","protected":false},"excerpt":{"rendered":"<p>Pr\u00e9parez des pizzas personnalis\u00e9es ou des pizzas pr\u00e9f\u00e9r\u00e9es de la famille \u00e0 partager avec toute l'\u00e9quipe gr\u00e2ce au four \u00e0 pizza de comptoir Blackstone. Ce four \u00e0 pizza peut atteindre jusqu'\u00e0 900 degr\u00e9s Fahrenheit, ce qui vous permet de cuire des pizzas en seulement 90 secondes. Ce four \u00e0 pizza est dot\u00e9 de notre technologie brevet\u00e9e \u00e0 deux pierres. Une pierre rotative sur le fond et une pierre fixe sur le dessus permettent une cuisson uniforme. Cette offre comprend une plaque \u00e0 pizza en aluminium. C'est le compl\u00e9ment id\u00e9al de votre cuisine d'ext\u00e9rieur.<\/p>","protected":false},"featured_media":8053,"comment_status":"closed","ping_status":"closed","template":"","meta":[],"product_cat":[428,406],"product_tag":[404],"class_list":{"0":"post-6112","1":"product","2":"type-product","3":"status-publish","4":"has-post-thumbnail","6":"product_brand-blackstone","7":"product_cat-outdoor-cooking","8":"product_cat-pizza","9":"product_tag-griddle-week","10":"product_shipping_class-class-3","12":"first","13":"instock","14":"taxable","15":"shipping-taxable","16":"purchasable","17":"product-type-simple"},"yoast_head":"<!-- This site is optimized with the Yoast SEO plugin v27.3 - https:\/\/yoast.com\/product\/yoast-seo-wordpress\/ -->\n<title>Blackstone Pizza Series Countertop Pizza Oven - Ks Products<\/title>\n<meta name=\"robots\" content=\"index, follow, max-snippet:-1, max-image-preview:large, max-video-preview:-1\" \/>\n<link rel=\"canonical\" href=\"https:\/\/ksproducts.ca\/fr\/product\/four-a-pizza-de-comptoir-avec-plaque-a-pizza\/\" \/>\n<meta property=\"og:locale\" content=\"fr_CA\" \/>\n<meta property=\"og:type\" content=\"article\" \/>\n<meta property=\"og:title\" content=\"Blackstone Pizza Series Countertop Pizza Oven - Ks Products\" \/>\n<meta property=\"og:description\" content=\"Make personalized pizzas or family favorites to share with the whole crew with the Blackstone Countertop Pizza Oven. This pizza oven can reach up to 900 degrees Fahrenheit so you can cook pizzas in as little as 90 seconds. This pizza oven features our patented two stone technology. One rotating stone on the bottom, and a fixed stone on top creates an even cook. This bundle includes an aluminum pizza peel. It\u2019s the perfect addition to your outdoor kitchen.\" \/>\n<meta property=\"og:url\" content=\"https:\/\/ksproducts.ca\/fr\/product\/four-a-pizza-de-comptoir-avec-plaque-a-pizza\/\" \/>\n<meta property=\"og:site_name\" content=\"Ks Products\" \/>\n<meta property=\"article:modified_time\" content=\"2026-04-03T18:52:00+00:00\" \/>\n<meta property=\"og:image\" content=\"https:\/\/ksproducts.ca\/wp-content\/uploads\/2024\/04\/6830_CountertopPizzaOven_Pizza-1.png\" \/>\n\t<meta property=\"og:image:width\" content=\"635\" \/>\n\t<meta property=\"og:image:height\" content=\"531\" \/>\n\t<meta property=\"og:image:type\" content=\"image\/png\" \/>\n<meta name=\"twitter:card\" content=\"summary_large_image\" \/>\n<meta name=\"twitter:label1\" content=\"Estimation du temps de lecture\" \/>\n\t<meta name=\"twitter:data1\" content=\"1 minute\" \/>\n<script type=\"application\/ld+json\" class=\"yoast-schema-graph\">{\"@context\":\"https:\\\/\\\/schema.org\",\"@graph\":[{\"@type\":\"WebPage\",\"@id\":\"https:\\\/\\\/ksproducts.ca\\\/product\\\/countertop-pizza-oven-includes-pizza-peel\\\/\",\"url\":\"https:\\\/\\\/ksproducts.ca\\\/product\\\/countertop-pizza-oven-includes-pizza-peel\\\/\",\"name\":\"Blackstone Pizza Series Countertop Pizza Oven - Ks Products\",\"isPartOf\":{\"@id\":\"https:\\\/\\\/ksproducts.ca\\\/#website\"},\"primaryImageOfPage\":{\"@id\":\"https:\\\/\\\/ksproducts.ca\\\/product\\\/countertop-pizza-oven-includes-pizza-peel\\\/#primaryimage\"},\"image\":{\"@id\":\"https:\\\/\\\/ksproducts.ca\\\/product\\\/countertop-pizza-oven-includes-pizza-peel\\\/#primaryimage\"},\"thumbnailUrl\":\"https:\\\/\\\/ksproducts.ca\\\/wp-content\\\/uploads\\\/2024\\\/04\\\/6830_CountertopPizzaOven_Pizza-1.png\",\"datePublished\":\"2023-03-27T21:57:19+00:00\",\"dateModified\":\"2026-04-03T18:52:00+00:00\",\"breadcrumb\":{\"@id\":\"https:\\\/\\\/ksproducts.ca\\\/product\\\/countertop-pizza-oven-includes-pizza-peel\\\/#breadcrumb\"},\"inLanguage\":\"fr-CA\",\"potentialAction\":[{\"@type\":\"ReadAction\",\"target\":[\"https:\\\/\\\/ksproducts.ca\\\/product\\\/countertop-pizza-oven-includes-pizza-peel\\\/\"]}]},{\"@type\":\"ImageObject\",\"inLanguage\":\"fr-CA\",\"@id\":\"https:\\\/\\\/ksproducts.ca\\\/product\\\/countertop-pizza-oven-includes-pizza-peel\\\/#primaryimage\",\"url\":\"https:\\\/\\\/ksproducts.ca\\\/wp-content\\\/uploads\\\/2024\\\/04\\\/6830_CountertopPizzaOven_Pizza-1.png\",\"contentUrl\":\"https:\\\/\\\/ksproducts.ca\\\/wp-content\\\/uploads\\\/2024\\\/04\\\/6830_CountertopPizzaOven_Pizza-1.png\",\"width\":635,\"height\":531,\"caption\":\"Blackstone Pizza Series Countertop Pizza Oven\"},{\"@type\":\"BreadcrumbList\",\"@id\":\"https:\\\/\\\/ksproducts.ca\\\/product\\\/countertop-pizza-oven-includes-pizza-peel\\\/#breadcrumb\",\"itemListElement\":[{\"@type\":\"ListItem\",\"position\":1,\"name\":\"Home\",\"item\":\"https:\\\/\\\/ksproducts.ca\\\/\"},{\"@type\":\"ListItem\",\"position\":2,\"name\":\"Shop\",\"item\":\"https:\\\/\\\/ksproducts.ca\\\/shop\\\/\"},{\"@type\":\"ListItem\",\"position\":3,\"name\":\"Blackstone Pizza Series Countertop Pizza Oven\"}]},{\"@type\":\"WebSite\",\"@id\":\"https:\\\/\\\/ksproducts.ca\\\/#website\",\"url\":\"https:\\\/\\\/ksproducts.ca\\\/\",\"name\":\"Ks Products\",\"description\":\"Outdoor cooking and living, made easy in Canada\",\"publisher\":{\"@id\":\"https:\\\/\\\/ksproducts.ca\\\/#organization\"},\"potentialAction\":[{\"@type\":\"SearchAction\",\"target\":{\"@type\":\"EntryPoint\",\"urlTemplate\":\"https:\\\/\\\/ksproducts.ca\\\/?s={search_term_string}\"},\"query-input\":{\"@type\":\"PropertyValueSpecification\",\"valueRequired\":true,\"valueName\":\"search_term_string\"}}],\"inLanguage\":\"fr-CA\"},{\"@type\":\"Organization\",\"@id\":\"https:\\\/\\\/ksproducts.ca\\\/#organization\",\"name\":\"Ks Products\",\"url\":\"https:\\\/\\\/ksproducts.ca\\\/\",\"logo\":{\"@type\":\"ImageObject\",\"inLanguage\":\"fr-CA\",\"@id\":\"https:\\\/\\\/ksproducts.ca\\\/#\\\/schema\\\/logo\\\/image\\\/\",\"url\":\"https:\\\/\\\/ksproducts.ca\\\/wp-content\\\/uploads\\\/2023\\\/09\\\/Kennedy-Sales-Logo-header-1.png\",\"contentUrl\":\"https:\\\/\\\/ksproducts.ca\\\/wp-content\\\/uploads\\\/2023\\\/09\\\/Kennedy-Sales-Logo-header-1.png\",\"width\":150,\"height\":77,\"caption\":\"Ks Products\"},\"image\":{\"@id\":\"https:\\\/\\\/ksproducts.ca\\\/#\\\/schema\\\/logo\\\/image\\\/\"}}]}<\/script>\n<!-- \/ Yoast SEO plugin. -->","yoast_head_json":{"title":"Four \u00e0 pizza de comptoir Blackstone Pizza Series - Ks Products","robots":{"index":"index","follow":"follow","max-snippet":"max-snippet:-1","max-image-preview":"max-image-preview:large","max-video-preview":"max-video-preview:-1"},"canonical":"https:\/\/ksproducts.ca\/fr\/product\/four-a-pizza-de-comptoir-avec-plaque-a-pizza\/","og_locale":"fr_CA","og_type":"article","og_title":"Blackstone Pizza Series Countertop Pizza Oven - Ks Products","og_description":"Make personalized pizzas or family favorites to share with the whole crew with the Blackstone Countertop Pizza Oven. This pizza oven can reach up to 900 degrees Fahrenheit so you can cook pizzas in as little as 90 seconds. This pizza oven features our patented two stone technology. One rotating stone on the bottom, and a fixed stone on top creates an even cook. This bundle includes an aluminum pizza peel. It\u2019s the perfect addition to your outdoor kitchen.","og_url":"https:\/\/ksproducts.ca\/fr\/product\/four-a-pizza-de-comptoir-avec-plaque-a-pizza\/","og_site_name":"Ks Products","article_modified_time":"2026-04-03T18:52:00+00:00","og_image":[{"width":635,"height":531,"url":"https:\/\/ksproducts.ca\/wp-content\/uploads\/2024\/04\/6830_CountertopPizzaOven_Pizza-1.png","type":"image\/png"}],"twitter_card":"summary_large_image","twitter_misc":{"Estimation du temps de lecture":"1 minute"},"schema":{"@context":"https:\/\/schema.org","@graph":[{"@type":"WebPage","@id":"https:\/\/ksproducts.ca\/product\/countertop-pizza-oven-includes-pizza-peel\/","url":"https:\/\/ksproducts.ca\/product\/countertop-pizza-oven-includes-pizza-peel\/","name":"Four \u00e0 pizza de comptoir Blackstone Pizza Series - Ks Products","isPartOf":{"@id":"https:\/\/ksproducts.ca\/#website"},"primaryImageOfPage":{"@id":"https:\/\/ksproducts.ca\/product\/countertop-pizza-oven-includes-pizza-peel\/#primaryimage"},"image":{"@id":"https:\/\/ksproducts.ca\/product\/countertop-pizza-oven-includes-pizza-peel\/#primaryimage"},"thumbnailUrl":"https:\/\/ksproducts.ca\/wp-content\/uploads\/2024\/04\/6830_CountertopPizzaOven_Pizza-1.png","datePublished":"2023-03-27T21:57:19+00:00","dateModified":"2026-04-03T18:52:00+00:00","breadcrumb":{"@id":"https:\/\/ksproducts.ca\/product\/countertop-pizza-oven-includes-pizza-peel\/#breadcrumb"},"inLanguage":"fr-CA","potentialAction":[{"@type":"ReadAction","target":["https:\/\/ksproducts.ca\/product\/countertop-pizza-oven-includes-pizza-peel\/"]}]},{"@type":"ImageObject","inLanguage":"fr-CA","@id":"https:\/\/ksproducts.ca\/product\/countertop-pizza-oven-includes-pizza-peel\/#primaryimage","url":"https:\/\/ksproducts.ca\/wp-content\/uploads\/2024\/04\/6830_CountertopPizzaOven_Pizza-1.png","contentUrl":"https:\/\/ksproducts.ca\/wp-content\/uploads\/2024\/04\/6830_CountertopPizzaOven_Pizza-1.png","width":635,"height":531,"caption":"Blackstone Pizza Series Countertop Pizza Oven"},{"@type":"BreadcrumbList","@id":"https:\/\/ksproducts.ca\/product\/countertop-pizza-oven-includes-pizza-peel\/#breadcrumb","itemListElement":[{"@type":"ListItem","position":1,"name":"Home","item":"https:\/\/ksproducts.ca\/"},{"@type":"ListItem","position":2,"name":"Shop","item":"https:\/\/ksproducts.ca\/shop\/"},{"@type":"ListItem","position":3,"name":"Blackstone Pizza Series Countertop Pizza Oven"}]},{"@type":"WebSite","@id":"https:\/\/ksproducts.ca\/#website","url":"https:\/\/ksproducts.ca\/","name":"Produits Ks","description":"Cuisiner et vivre en plein air, c'est facile au Canada","publisher":{"@id":"https:\/\/ksproducts.ca\/#organization"},"potentialAction":[{"@type":"SearchAction","target":{"@type":"EntryPoint","urlTemplate":"https:\/\/ksproducts.ca\/?s={search_term_string}"},"query-input":{"@type":"PropertyValueSpecification","valueRequired":true,"valueName":"search_term_string"}}],"inLanguage":"fr-CA"},{"@type":"Organization","@id":"https:\/\/ksproducts.ca\/#organization","name":"Produits Ks","url":"https:\/\/ksproducts.ca\/","logo":{"@type":"ImageObject","inLanguage":"fr-CA","@id":"https:\/\/ksproducts.ca\/#\/schema\/logo\/image\/","url":"https:\/\/ksproducts.ca\/wp-content\/uploads\/2023\/09\/Kennedy-Sales-Logo-header-1.png","contentUrl":"https:\/\/ksproducts.ca\/wp-content\/uploads\/2023\/09\/Kennedy-Sales-Logo-header-1.png","width":150,"height":77,"caption":"Ks Products"},"image":{"@id":"https:\/\/ksproducts.ca\/#\/schema\/logo\/image\/"}}]}},"_links":{"self":[{"href":"https:\/\/ksproducts.ca\/fr\/wp-json\/wp\/v2\/product\/6112","targetHints":{"allow":["GET"]}}],"collection":[{"href":"https:\/\/ksproducts.ca\/fr\/wp-json\/wp\/v2\/product"}],"about":[{"href":"https:\/\/ksproducts.ca\/fr\/wp-json\/wp\/v2\/types\/product"}],"replies":[{"embeddable":true,"href":"https:\/\/ksproducts.ca\/fr\/wp-json\/wp\/v2\/comments?post=6112"}],"version-history":[{"count":4,"href":"https:\/\/ksproducts.ca\/fr\/wp-json\/wp\/v2\/product\/6112\/revisions"}],"predecessor-version":[{"id":10596,"href":"https:\/\/ksproducts.ca\/fr\/wp-json\/wp\/v2\/product\/6112\/revisions\/10596"}],"wp:featuredmedia":[{"embeddable":true,"href":"https:\/\/ksproducts.ca\/fr\/wp-json\/wp\/v2\/media\/8053"}],"wp:attachment":[{"href":"https:\/\/ksproducts.ca\/fr\/wp-json\/wp\/v2\/media?parent=6112"}],"wp:term":[{"taxonomy":"product_cat","embeddable":true,"href":"https:\/\/ksproducts.ca\/fr\/wp-json\/wp\/v2\/product_cat?post=6112"},{"taxonomy":"product_tag","embeddable":true,"href":"https:\/\/ksproducts.ca\/fr\/wp-json\/wp\/v2\/product_tag?post=6112"}],"curies":[{"name":"wp","href":"https:\/\/api.w.org\/{rel}","templated":true}]}}