{"id":6126,"date":"2023-03-27T21:59:01","date_gmt":"2023-03-27T21:59:01","guid":{"rendered":"https:\/\/ksproducts.ca\/product\/22-portable-pizza-oven-cover\/"},"modified":"2026-04-11T21:01:11","modified_gmt":"2026-04-11T21:01:11","slug":"22-couvercle-de-four-a-pizza-portable","status":"publish","type":"product","link":"https:\/\/ksproducts.ca\/fr\/product\/22-portable-pizza-oven-cover\/","title":{"rendered":"Blackstone Adventure Ready Couverture souple pour four \u00e0 pizza"},"content":{"rendered":"","protected":false},"excerpt":{"rendered":"<p>Prot\u00e9gez votre four \u00e0 pizza portable avec cette housse Blackstone personnalis\u00e9e. Construite avec des mat\u00e9riaux de qualit\u00e9 pour r\u00e9sister aux environnements les plus difficiles afin que vous puissiez cuisiner des pizzas tout au long de l'ann\u00e9e.Compatible avec les unit\u00e9s suivantes :<\/p>\n<ul>\n<li>6964 Four \u00e0 pizza portable<\/li>\n<li>6962 OTG Kit de conversion pour four \u00e0 pizza<\/li>\n<li>6963 OTG Four \u00e0 pizza et gril portables<\/li>\n<li>6961 Four \u00e0 pizza portable<\/li>\n<li>6960 Kit de mise \u00e0 niveau du four \u00e0 pizza<\/li>\n<\/ul>","protected":false},"featured_media":8041,"comment_status":"closed","ping_status":"closed","template":"","meta":[],"product_cat":[437,406],"product_tag":[],"class_list":{"0":"post-6126","1":"product","2":"type-product","3":"status-publish","4":"has-post-thumbnail","6":"product_brand-blackstone","7":"product_cat-covers-cases","8":"product_cat-pizza","9":"product_shipping_class-class-2","11":"first","12":"instock","13":"taxable","14":"shipping-taxable","15":"purchasable","16":"product-type-simple"},"yoast_head":"<!-- This site is optimized with the Yoast SEO plugin v27.3 - https:\/\/yoast.com\/product\/yoast-seo-wordpress\/ -->\n<title>Blackstone Adventure Ready Soft Cover for Pizza Oven - Ks Products<\/title>\n<meta name=\"robots\" content=\"index, follow, max-snippet:-1, max-image-preview:large, max-video-preview:-1\" \/>\n<link rel=\"canonical\" href=\"https:\/\/ksproducts.ca\/fr\/product\/22-couvercle-de-four-a-pizza-portable\/\" \/>\n<meta property=\"og:locale\" content=\"fr_CA\" \/>\n<meta property=\"og:type\" content=\"article\" \/>\n<meta property=\"og:title\" content=\"Blackstone Adventure Ready Soft Cover for Pizza Oven - Ks Products\" \/>\n<meta property=\"og:description\" content=\"Protect your portable pizza oven with this customized Blackstone cover. Built with quality materials to withstand the toughest environments so that you can cook pizza all year round.Compatible with the following units:   6964 Portable Pizza Oven  6962 OTG Pizza Oven Conversion Kit  6963 OTG Portable Pizza Oven &amp; Griddle  6961 Portable Pizza Oven  6960 Pizza Oven Upgrade Kit\" \/>\n<meta property=\"og:url\" content=\"https:\/\/ksproducts.ca\/fr\/product\/22-couvercle-de-four-a-pizza-portable\/\" \/>\n<meta property=\"og:site_name\" content=\"Ks Products\" \/>\n<meta property=\"article:modified_time\" content=\"2026-04-11T21:01:11+00:00\" \/>\n<meta property=\"og:image\" content=\"https:\/\/ksproducts.ca\/wp-content\/uploads\/2024\/04\/22-portable-pizza-oven-cover-278521_large-1-jpg.webp\" \/>\n\t<meta property=\"og:image:width\" content=\"480\" \/>\n\t<meta property=\"og:image:height\" content=\"480\" \/>\n\t<meta property=\"og:image:type\" content=\"image\/jpeg\" \/>\n<meta name=\"twitter:card\" content=\"summary_large_image\" \/>\n<meta name=\"twitter:label1\" content=\"Estimation du temps de lecture\" \/>\n\t<meta name=\"twitter:data1\" content=\"1 minute\" \/>\n<script type=\"application\/ld+json\" class=\"yoast-schema-graph\">{\"@context\":\"https:\\\/\\\/schema.org\",\"@graph\":[{\"@type\":\"WebPage\",\"@id\":\"https:\\\/\\\/ksproducts.ca\\\/product\\\/22-portable-pizza-oven-cover\\\/\",\"url\":\"https:\\\/\\\/ksproducts.ca\\\/product\\\/22-portable-pizza-oven-cover\\\/\",\"name\":\"Blackstone Adventure Ready Soft Cover for Pizza Oven - Ks Products\",\"isPartOf\":{\"@id\":\"https:\\\/\\\/ksproducts.ca\\\/#website\"},\"primaryImageOfPage\":{\"@id\":\"https:\\\/\\\/ksproducts.ca\\\/product\\\/22-portable-pizza-oven-cover\\\/#primaryimage\"},\"image\":{\"@id\":\"https:\\\/\\\/ksproducts.ca\\\/product\\\/22-portable-pizza-oven-cover\\\/#primaryimage\"},\"thumbnailUrl\":\"https:\\\/\\\/ksproducts.ca\\\/wp-content\\\/uploads\\\/2024\\\/04\\\/22-portable-pizza-oven-cover-278521_large-1-jpg.webp\",\"datePublished\":\"2023-03-27T21:59:01+00:00\",\"dateModified\":\"2026-04-11T21:01:11+00:00\",\"breadcrumb\":{\"@id\":\"https:\\\/\\\/ksproducts.ca\\\/product\\\/22-portable-pizza-oven-cover\\\/#breadcrumb\"},\"inLanguage\":\"fr-CA\",\"potentialAction\":[{\"@type\":\"ReadAction\",\"target\":[\"https:\\\/\\\/ksproducts.ca\\\/product\\\/22-portable-pizza-oven-cover\\\/\"]}]},{\"@type\":\"ImageObject\",\"inLanguage\":\"fr-CA\",\"@id\":\"https:\\\/\\\/ksproducts.ca\\\/product\\\/22-portable-pizza-oven-cover\\\/#primaryimage\",\"url\":\"https:\\\/\\\/ksproducts.ca\\\/wp-content\\\/uploads\\\/2024\\\/04\\\/22-portable-pizza-oven-cover-278521_large-1-jpg.webp\",\"contentUrl\":\"https:\\\/\\\/ksproducts.ca\\\/wp-content\\\/uploads\\\/2024\\\/04\\\/22-portable-pizza-oven-cover-278521_large-1-jpg.webp\",\"width\":480,\"height\":480,\"caption\":\"22 portable pizza oven cover -large\"},{\"@type\":\"BreadcrumbList\",\"@id\":\"https:\\\/\\\/ksproducts.ca\\\/product\\\/22-portable-pizza-oven-cover\\\/#breadcrumb\",\"itemListElement\":[{\"@type\":\"ListItem\",\"position\":1,\"name\":\"Home\",\"item\":\"https:\\\/\\\/ksproducts.ca\\\/\"},{\"@type\":\"ListItem\",\"position\":2,\"name\":\"Shop\",\"item\":\"https:\\\/\\\/ksproducts.ca\\\/shop\\\/\"},{\"@type\":\"ListItem\",\"position\":3,\"name\":\"Blackstone Adventure Ready Soft Cover for Pizza Oven\"}]},{\"@type\":\"WebSite\",\"@id\":\"https:\\\/\\\/ksproducts.ca\\\/#website\",\"url\":\"https:\\\/\\\/ksproducts.ca\\\/\",\"name\":\"Ks Products\",\"description\":\"Outdoor cooking and living, made easy in Canada\",\"publisher\":{\"@id\":\"https:\\\/\\\/ksproducts.ca\\\/#organization\"},\"potentialAction\":[{\"@type\":\"SearchAction\",\"target\":{\"@type\":\"EntryPoint\",\"urlTemplate\":\"https:\\\/\\\/ksproducts.ca\\\/?s={search_term_string}\"},\"query-input\":{\"@type\":\"PropertyValueSpecification\",\"valueRequired\":true,\"valueName\":\"search_term_string\"}}],\"inLanguage\":\"fr-CA\"},{\"@type\":\"Organization\",\"@id\":\"https:\\\/\\\/ksproducts.ca\\\/#organization\",\"name\":\"Ks Products\",\"url\":\"https:\\\/\\\/ksproducts.ca\\\/\",\"logo\":{\"@type\":\"ImageObject\",\"inLanguage\":\"fr-CA\",\"@id\":\"https:\\\/\\\/ksproducts.ca\\\/#\\\/schema\\\/logo\\\/image\\\/\",\"url\":\"https:\\\/\\\/ksproducts.ca\\\/wp-content\\\/uploads\\\/2023\\\/09\\\/Kennedy-Sales-Logo-header-1.png\",\"contentUrl\":\"https:\\\/\\\/ksproducts.ca\\\/wp-content\\\/uploads\\\/2023\\\/09\\\/Kennedy-Sales-Logo-header-1.png\",\"width\":150,\"height\":77,\"caption\":\"Ks Products\"},\"image\":{\"@id\":\"https:\\\/\\\/ksproducts.ca\\\/#\\\/schema\\\/logo\\\/image\\\/\"}}]}<\/script>\n<!-- \/ Yoast SEO plugin. -->","yoast_head_json":{"title":"Blackstone Adventure Ready Couverture souple pour four \u00e0 pizza - Ks Products","robots":{"index":"index","follow":"follow","max-snippet":"max-snippet:-1","max-image-preview":"max-image-preview:large","max-video-preview":"max-video-preview:-1"},"canonical":"https:\/\/ksproducts.ca\/fr\/product\/22-couvercle-de-four-a-pizza-portable\/","og_locale":"fr_CA","og_type":"article","og_title":"Blackstone Adventure Ready Soft Cover for Pizza Oven - Ks Products","og_description":"Protect your portable pizza oven with this customized Blackstone cover. Built with quality materials to withstand the toughest environments so that you can cook pizza all year round.Compatible with the following units:   6964 Portable Pizza Oven  6962 OTG Pizza Oven Conversion Kit  6963 OTG Portable Pizza Oven &amp; Griddle  6961 Portable Pizza Oven  6960 Pizza Oven Upgrade Kit","og_url":"https:\/\/ksproducts.ca\/fr\/product\/22-couvercle-de-four-a-pizza-portable\/","og_site_name":"Ks Products","article_modified_time":"2026-04-11T21:01:11+00:00","og_image":[{"width":480,"height":480,"url":"https:\/\/ksproducts.ca\/wp-content\/uploads\/2024\/04\/22-portable-pizza-oven-cover-278521_large-1-jpg.webp","type":"image\/jpeg"}],"twitter_card":"summary_large_image","twitter_misc":{"Estimation du temps de lecture":"1 minute"},"schema":{"@context":"https:\/\/schema.org","@graph":[{"@type":"WebPage","@id":"https:\/\/ksproducts.ca\/product\/22-portable-pizza-oven-cover\/","url":"https:\/\/ksproducts.ca\/product\/22-portable-pizza-oven-cover\/","name":"Blackstone Adventure Ready Couverture souple pour four \u00e0 pizza - Ks Products","isPartOf":{"@id":"https:\/\/ksproducts.ca\/#website"},"primaryImageOfPage":{"@id":"https:\/\/ksproducts.ca\/product\/22-portable-pizza-oven-cover\/#primaryimage"},"image":{"@id":"https:\/\/ksproducts.ca\/product\/22-portable-pizza-oven-cover\/#primaryimage"},"thumbnailUrl":"https:\/\/ksproducts.ca\/wp-content\/uploads\/2024\/04\/22-portable-pizza-oven-cover-278521_large-1-jpg.webp","datePublished":"2023-03-27T21:59:01+00:00","dateModified":"2026-04-11T21:01:11+00:00","breadcrumb":{"@id":"https:\/\/ksproducts.ca\/product\/22-portable-pizza-oven-cover\/#breadcrumb"},"inLanguage":"fr-CA","potentialAction":[{"@type":"ReadAction","target":["https:\/\/ksproducts.ca\/product\/22-portable-pizza-oven-cover\/"]}]},{"@type":"ImageObject","inLanguage":"fr-CA","@id":"https:\/\/ksproducts.ca\/product\/22-portable-pizza-oven-cover\/#primaryimage","url":"https:\/\/ksproducts.ca\/wp-content\/uploads\/2024\/04\/22-portable-pizza-oven-cover-278521_large-1-jpg.webp","contentUrl":"https:\/\/ksproducts.ca\/wp-content\/uploads\/2024\/04\/22-portable-pizza-oven-cover-278521_large-1-jpg.webp","width":480,"height":480,"caption":"22 portable pizza oven cover -large"},{"@type":"BreadcrumbList","@id":"https:\/\/ksproducts.ca\/product\/22-portable-pizza-oven-cover\/#breadcrumb","itemListElement":[{"@type":"ListItem","position":1,"name":"Home","item":"https:\/\/ksproducts.ca\/"},{"@type":"ListItem","position":2,"name":"Shop","item":"https:\/\/ksproducts.ca\/shop\/"},{"@type":"ListItem","position":3,"name":"Blackstone Adventure Ready Soft Cover for Pizza Oven"}]},{"@type":"WebSite","@id":"https:\/\/ksproducts.ca\/#website","url":"https:\/\/ksproducts.ca\/","name":"Produits Ks","description":"Cuisiner et vivre en plein air, c'est facile au Canada","publisher":{"@id":"https:\/\/ksproducts.ca\/#organization"},"potentialAction":[{"@type":"SearchAction","target":{"@type":"EntryPoint","urlTemplate":"https:\/\/ksproducts.ca\/?s={search_term_string}"},"query-input":{"@type":"PropertyValueSpecification","valueRequired":true,"valueName":"search_term_string"}}],"inLanguage":"fr-CA"},{"@type":"Organization","@id":"https:\/\/ksproducts.ca\/#organization","name":"Produits Ks","url":"https:\/\/ksproducts.ca\/","logo":{"@type":"ImageObject","inLanguage":"fr-CA","@id":"https:\/\/ksproducts.ca\/#\/schema\/logo\/image\/","url":"https:\/\/ksproducts.ca\/wp-content\/uploads\/2023\/09\/Kennedy-Sales-Logo-header-1.png","contentUrl":"https:\/\/ksproducts.ca\/wp-content\/uploads\/2023\/09\/Kennedy-Sales-Logo-header-1.png","width":150,"height":77,"caption":"Ks Products"},"image":{"@id":"https:\/\/ksproducts.ca\/#\/schema\/logo\/image\/"}}]}},"_links":{"self":[{"href":"https:\/\/ksproducts.ca\/fr\/wp-json\/wp\/v2\/product\/6126","targetHints":{"allow":["GET"]}}],"collection":[{"href":"https:\/\/ksproducts.ca\/fr\/wp-json\/wp\/v2\/product"}],"about":[{"href":"https:\/\/ksproducts.ca\/fr\/wp-json\/wp\/v2\/types\/product"}],"replies":[{"embeddable":true,"href":"https:\/\/ksproducts.ca\/fr\/wp-json\/wp\/v2\/comments?post=6126"}],"version-history":[{"count":5,"href":"https:\/\/ksproducts.ca\/fr\/wp-json\/wp\/v2\/product\/6126\/revisions"}],"predecessor-version":[{"id":10593,"href":"https:\/\/ksproducts.ca\/fr\/wp-json\/wp\/v2\/product\/6126\/revisions\/10593"}],"wp:featuredmedia":[{"embeddable":true,"href":"https:\/\/ksproducts.ca\/fr\/wp-json\/wp\/v2\/media\/8041"}],"wp:attachment":[{"href":"https:\/\/ksproducts.ca\/fr\/wp-json\/wp\/v2\/media?parent=6126"}],"wp:term":[{"taxonomy":"product_cat","embeddable":true,"href":"https:\/\/ksproducts.ca\/fr\/wp-json\/wp\/v2\/product_cat?post=6126"},{"taxonomy":"product_tag","embeddable":true,"href":"https:\/\/ksproducts.ca\/fr\/wp-json\/wp\/v2\/product_tag?post=6126"}],"curies":[{"name":"wp","href":"https:\/\/api.w.org\/{rel}","templated":true}]}}