{"id":6131,"date":"2023-03-27T21:59:01","date_gmt":"2023-03-27T21:59:01","guid":{"rendered":"https:\/\/ksproducts.ca\/product\/blackstone-tailgater-bag-combo\/"},"modified":"2026-04-10T21:32:52","modified_gmt":"2026-04-10T21:32:52","slug":"blackstone-tailgater-bag-combo","status":"publish","type":"product","link":"https:\/\/ksproducts.ca\/fr\/product\/blackstone-tailgater-bag-combo\/","title":{"rendered":"Blackstone 2-piece Soft Cover and Carrying Bag set for 17inch Tailgater"},"content":{"rendered":"<ul>\n<li>Heavy-duty canvas<\/li>\n<li>Reinforced zippers<\/li>\n<li>Carry straps<\/li>\n<\/ul>","protected":false},"excerpt":{"rendered":"<p>Prot\u00e9gez votre Blackstone Tailgater Combo avec ce sac de transport personnalis\u00e9. Fabriqu\u00e9 en toile r\u00e9sistante avec des fermetures \u00e9clair renforc\u00e9es et des sangles de transport durables, il est con\u00e7u pour faire face aux conditions les plus difficiles. Chaque \u00e9l\u00e9ment du Tailgater Combo dispose de son propre emplacement de rangement pour un transport s\u00fbr et organis\u00e9.<\/p>","protected":false},"featured_media":8048,"comment_status":"closed","ping_status":"closed","template":"","meta":[],"product_cat":[436,437],"product_tag":[],"class_list":{"0":"post-6131","1":"product","2":"type-product","3":"status-publish","4":"has-post-thumbnail","6":"product_brand-blackstone","7":"product_cat-accessories","8":"product_cat-covers-cases","9":"product_shipping_class-class-2","11":"first","12":"instock","13":"taxable","14":"shipping-taxable","15":"purchasable","16":"product-type-simple"},"yoast_head":"<!-- This site is optimized with the Yoast SEO plugin v27.3 - https:\/\/yoast.com\/product\/yoast-seo-wordpress\/ -->\n<title>Blackstone 2-piece Soft Cover and Carrying Bag set for 17inch Tailgater - Ks Products<\/title>\n<meta name=\"robots\" content=\"index, follow, max-snippet:-1, max-image-preview:large, max-video-preview:-1\" \/>\n<link rel=\"canonical\" href=\"https:\/\/ksproducts.ca\/fr\/product\/blackstone-tailgater-bag-combo\/\" \/>\n<meta property=\"og:locale\" content=\"fr_CA\" \/>\n<meta property=\"og:type\" content=\"article\" \/>\n<meta property=\"og:title\" content=\"Blackstone 2-piece Soft Cover and Carrying Bag set for 17inch Tailgater - Ks Products\" \/>\n<meta property=\"og:description\" content=\"Protect your Blackstone Tailgater Combo with this custom-designed carry bag set. Built from heavy-duty canvas with reinforced zippers and durable carry straps, it\u2019s made to handle the toughest conditions. Each piece of the Tailgater Combo has its own dedicated storage location for secure, organized transport.\" \/>\n<meta property=\"og:url\" content=\"https:\/\/ksproducts.ca\/fr\/product\/blackstone-tailgater-bag-combo\/\" \/>\n<meta property=\"og:site_name\" content=\"Ks Products\" \/>\n<meta property=\"article:modified_time\" content=\"2026-04-10T21:32:52+00:00\" \/>\n<meta property=\"og:image\" content=\"https:\/\/ksproducts.ca\/wp-content\/uploads\/2024\/04\/blackstone-tailgater-bag-combo-264528_1024x1024-1-jpg.webp\" \/>\n\t<meta property=\"og:image:width\" content=\"800\" \/>\n\t<meta property=\"og:image:height\" content=\"640\" \/>\n\t<meta property=\"og:image:type\" content=\"image\/jpeg\" \/>\n<meta name=\"twitter:card\" content=\"summary_large_image\" \/>\n<meta name=\"twitter:label1\" content=\"Estimation du temps de lecture\" \/>\n\t<meta name=\"twitter:data1\" content=\"1 minute\" \/>\n<script type=\"application\/ld+json\" class=\"yoast-schema-graph\">{\"@context\":\"https:\\\/\\\/schema.org\",\"@graph\":[{\"@type\":\"WebPage\",\"@id\":\"https:\\\/\\\/ksproducts.ca\\\/product\\\/blackstone-tailgater-bag-combo\\\/\",\"url\":\"https:\\\/\\\/ksproducts.ca\\\/product\\\/blackstone-tailgater-bag-combo\\\/\",\"name\":\"Blackstone 2-piece Soft Cover and Carrying Bag set for 17inch Tailgater - Ks Products\",\"isPartOf\":{\"@id\":\"https:\\\/\\\/ksproducts.ca\\\/#website\"},\"primaryImageOfPage\":{\"@id\":\"https:\\\/\\\/ksproducts.ca\\\/product\\\/blackstone-tailgater-bag-combo\\\/#primaryimage\"},\"image\":{\"@id\":\"https:\\\/\\\/ksproducts.ca\\\/product\\\/blackstone-tailgater-bag-combo\\\/#primaryimage\"},\"thumbnailUrl\":\"https:\\\/\\\/ksproducts.ca\\\/wp-content\\\/uploads\\\/2024\\\/04\\\/blackstone-tailgater-bag-combo-264528_1024x1024-1-jpg.webp\",\"datePublished\":\"2023-03-27T21:59:01+00:00\",\"dateModified\":\"2026-04-10T21:32:52+00:00\",\"breadcrumb\":{\"@id\":\"https:\\\/\\\/ksproducts.ca\\\/product\\\/blackstone-tailgater-bag-combo\\\/#breadcrumb\"},\"inLanguage\":\"fr-CA\",\"potentialAction\":[{\"@type\":\"ReadAction\",\"target\":[\"https:\\\/\\\/ksproducts.ca\\\/product\\\/blackstone-tailgater-bag-combo\\\/\"]}]},{\"@type\":\"ImageObject\",\"inLanguage\":\"fr-CA\",\"@id\":\"https:\\\/\\\/ksproducts.ca\\\/product\\\/blackstone-tailgater-bag-combo\\\/#primaryimage\",\"url\":\"https:\\\/\\\/ksproducts.ca\\\/wp-content\\\/uploads\\\/2024\\\/04\\\/blackstone-tailgater-bag-combo-264528_1024x1024-1-jpg.webp\",\"contentUrl\":\"https:\\\/\\\/ksproducts.ca\\\/wp-content\\\/uploads\\\/2024\\\/04\\\/blackstone-tailgater-bag-combo-264528_1024x1024-1-jpg.webp\",\"width\":800,\"height\":640,\"caption\":\"Blackstone 2-piece Soft Cover for 17inch Tailgater\"},{\"@type\":\"BreadcrumbList\",\"@id\":\"https:\\\/\\\/ksproducts.ca\\\/product\\\/blackstone-tailgater-bag-combo\\\/#breadcrumb\",\"itemListElement\":[{\"@type\":\"ListItem\",\"position\":1,\"name\":\"Home\",\"item\":\"https:\\\/\\\/ksproducts.ca\\\/\"},{\"@type\":\"ListItem\",\"position\":2,\"name\":\"Shop\",\"item\":\"https:\\\/\\\/ksproducts.ca\\\/shop\\\/\"},{\"@type\":\"ListItem\",\"position\":3,\"name\":\"Blackstone 2-piece Soft Cover and Carrying Bag set for 17inch Tailgater\"}]},{\"@type\":\"WebSite\",\"@id\":\"https:\\\/\\\/ksproducts.ca\\\/#website\",\"url\":\"https:\\\/\\\/ksproducts.ca\\\/\",\"name\":\"Ks Products\",\"description\":\"Outdoor cooking and living, made easy in Canada\",\"publisher\":{\"@id\":\"https:\\\/\\\/ksproducts.ca\\\/#organization\"},\"potentialAction\":[{\"@type\":\"SearchAction\",\"target\":{\"@type\":\"EntryPoint\",\"urlTemplate\":\"https:\\\/\\\/ksproducts.ca\\\/?s={search_term_string}\"},\"query-input\":{\"@type\":\"PropertyValueSpecification\",\"valueRequired\":true,\"valueName\":\"search_term_string\"}}],\"inLanguage\":\"fr-CA\"},{\"@type\":\"Organization\",\"@id\":\"https:\\\/\\\/ksproducts.ca\\\/#organization\",\"name\":\"Ks Products\",\"url\":\"https:\\\/\\\/ksproducts.ca\\\/\",\"logo\":{\"@type\":\"ImageObject\",\"inLanguage\":\"fr-CA\",\"@id\":\"https:\\\/\\\/ksproducts.ca\\\/#\\\/schema\\\/logo\\\/image\\\/\",\"url\":\"https:\\\/\\\/ksproducts.ca\\\/wp-content\\\/uploads\\\/2023\\\/09\\\/Kennedy-Sales-Logo-header-1.png\",\"contentUrl\":\"https:\\\/\\\/ksproducts.ca\\\/wp-content\\\/uploads\\\/2023\\\/09\\\/Kennedy-Sales-Logo-header-1.png\",\"width\":150,\"height\":77,\"caption\":\"Ks Products\"},\"image\":{\"@id\":\"https:\\\/\\\/ksproducts.ca\\\/#\\\/schema\\\/logo\\\/image\\\/\"}}]}<\/script>\n<!-- \/ Yoast SEO plugin. -->","yoast_head_json":{"title":"Blackstone 2-piece Soft Cover and Carrying Bag set for 17inch Tailgater - Ks Products","robots":{"index":"index","follow":"follow","max-snippet":"max-snippet:-1","max-image-preview":"max-image-preview:large","max-video-preview":"max-video-preview:-1"},"canonical":"https:\/\/ksproducts.ca\/fr\/product\/blackstone-tailgater-bag-combo\/","og_locale":"fr_CA","og_type":"article","og_title":"Blackstone 2-piece Soft Cover and Carrying Bag set for 17inch Tailgater - Ks Products","og_description":"Protect your Blackstone Tailgater Combo with this custom-designed carry bag set. Built from heavy-duty canvas with reinforced zippers and durable carry straps, it\u2019s made to handle the toughest conditions. Each piece of the Tailgater Combo has its own dedicated storage location for secure, organized transport.","og_url":"https:\/\/ksproducts.ca\/fr\/product\/blackstone-tailgater-bag-combo\/","og_site_name":"Ks Products","article_modified_time":"2026-04-10T21:32:52+00:00","og_image":[{"width":800,"height":640,"url":"https:\/\/ksproducts.ca\/wp-content\/uploads\/2024\/04\/blackstone-tailgater-bag-combo-264528_1024x1024-1-jpg.webp","type":"image\/jpeg"}],"twitter_card":"summary_large_image","twitter_misc":{"Estimation du temps de lecture":"1 minute"},"schema":{"@context":"https:\/\/schema.org","@graph":[{"@type":"WebPage","@id":"https:\/\/ksproducts.ca\/product\/blackstone-tailgater-bag-combo\/","url":"https:\/\/ksproducts.ca\/product\/blackstone-tailgater-bag-combo\/","name":"Blackstone 2-piece Soft Cover and Carrying Bag set for 17inch Tailgater - Ks Products","isPartOf":{"@id":"https:\/\/ksproducts.ca\/#website"},"primaryImageOfPage":{"@id":"https:\/\/ksproducts.ca\/product\/blackstone-tailgater-bag-combo\/#primaryimage"},"image":{"@id":"https:\/\/ksproducts.ca\/product\/blackstone-tailgater-bag-combo\/#primaryimage"},"thumbnailUrl":"https:\/\/ksproducts.ca\/wp-content\/uploads\/2024\/04\/blackstone-tailgater-bag-combo-264528_1024x1024-1-jpg.webp","datePublished":"2023-03-27T21:59:01+00:00","dateModified":"2026-04-10T21:32:52+00:00","breadcrumb":{"@id":"https:\/\/ksproducts.ca\/product\/blackstone-tailgater-bag-combo\/#breadcrumb"},"inLanguage":"fr-CA","potentialAction":[{"@type":"ReadAction","target":["https:\/\/ksproducts.ca\/product\/blackstone-tailgater-bag-combo\/"]}]},{"@type":"ImageObject","inLanguage":"fr-CA","@id":"https:\/\/ksproducts.ca\/product\/blackstone-tailgater-bag-combo\/#primaryimage","url":"https:\/\/ksproducts.ca\/wp-content\/uploads\/2024\/04\/blackstone-tailgater-bag-combo-264528_1024x1024-1-jpg.webp","contentUrl":"https:\/\/ksproducts.ca\/wp-content\/uploads\/2024\/04\/blackstone-tailgater-bag-combo-264528_1024x1024-1-jpg.webp","width":800,"height":640,"caption":"Blackstone 2-piece Soft Cover for 17inch Tailgater"},{"@type":"BreadcrumbList","@id":"https:\/\/ksproducts.ca\/product\/blackstone-tailgater-bag-combo\/#breadcrumb","itemListElement":[{"@type":"ListItem","position":1,"name":"Home","item":"https:\/\/ksproducts.ca\/"},{"@type":"ListItem","position":2,"name":"Shop","item":"https:\/\/ksproducts.ca\/shop\/"},{"@type":"ListItem","position":3,"name":"Blackstone 2-piece Soft Cover and Carrying Bag set for 17inch Tailgater"}]},{"@type":"WebSite","@id":"https:\/\/ksproducts.ca\/#website","url":"https:\/\/ksproducts.ca\/","name":"Produits Ks","description":"Cuisiner et vivre en plein air, c'est facile au Canada","publisher":{"@id":"https:\/\/ksproducts.ca\/#organization"},"potentialAction":[{"@type":"SearchAction","target":{"@type":"EntryPoint","urlTemplate":"https:\/\/ksproducts.ca\/?s={search_term_string}"},"query-input":{"@type":"PropertyValueSpecification","valueRequired":true,"valueName":"search_term_string"}}],"inLanguage":"fr-CA"},{"@type":"Organization","@id":"https:\/\/ksproducts.ca\/#organization","name":"Produits Ks","url":"https:\/\/ksproducts.ca\/","logo":{"@type":"ImageObject","inLanguage":"fr-CA","@id":"https:\/\/ksproducts.ca\/#\/schema\/logo\/image\/","url":"https:\/\/ksproducts.ca\/wp-content\/uploads\/2023\/09\/Kennedy-Sales-Logo-header-1.png","contentUrl":"https:\/\/ksproducts.ca\/wp-content\/uploads\/2023\/09\/Kennedy-Sales-Logo-header-1.png","width":150,"height":77,"caption":"Ks Products"},"image":{"@id":"https:\/\/ksproducts.ca\/#\/schema\/logo\/image\/"}}]}},"_links":{"self":[{"href":"https:\/\/ksproducts.ca\/fr\/wp-json\/wp\/v2\/product\/6131","targetHints":{"allow":["GET"]}}],"collection":[{"href":"https:\/\/ksproducts.ca\/fr\/wp-json\/wp\/v2\/product"}],"about":[{"href":"https:\/\/ksproducts.ca\/fr\/wp-json\/wp\/v2\/types\/product"}],"replies":[{"embeddable":true,"href":"https:\/\/ksproducts.ca\/fr\/wp-json\/wp\/v2\/comments?post=6131"}],"version-history":[{"count":4,"href":"https:\/\/ksproducts.ca\/fr\/wp-json\/wp\/v2\/product\/6131\/revisions"}],"predecessor-version":[{"id":10744,"href":"https:\/\/ksproducts.ca\/fr\/wp-json\/wp\/v2\/product\/6131\/revisions\/10744"}],"wp:featuredmedia":[{"embeddable":true,"href":"https:\/\/ksproducts.ca\/fr\/wp-json\/wp\/v2\/media\/8048"}],"wp:attachment":[{"href":"https:\/\/ksproducts.ca\/fr\/wp-json\/wp\/v2\/media?parent=6131"}],"wp:term":[{"taxonomy":"product_cat","embeddable":true,"href":"https:\/\/ksproducts.ca\/fr\/wp-json\/wp\/v2\/product_cat?post=6131"},{"taxonomy":"product_tag","embeddable":true,"href":"https:\/\/ksproducts.ca\/fr\/wp-json\/wp\/v2\/product_tag?post=6131"}],"curies":[{"name":"wp","href":"https:\/\/api.w.org\/{rel}","templated":true}]}}