{"id":6136,"date":"2023-03-27T21:59:09","date_gmt":"2023-03-27T21:59:09","guid":{"rendered":"https:\/\/ksproducts.ca\/product\/36-griddle-w-hard-cover-high-shelves\/"},"modified":"2026-04-27T19:33:48","modified_gmt":"2026-04-27T19:33:48","slug":"36-plaque-de-cuisson-avec-couvercle-rigide-etageres-hautes","status":"publish","type":"product","link":"https:\/\/ksproducts.ca\/fr\/product\/36-griddle-w-hard-cover-high-shelves\/","title":{"rendered":"Blackstone 36inch Original Series Griddle Cooking Station with Hard Cover (Station de cuisson pour gril de 36 pouces, s\u00e9rie originale, avec couvercle rigide)"},"content":{"rendered":"<ul class=\"features-specs-list\">\n<li class=\"acumin\">Surface de cuisson : 35 3\/4\u2033 L x 21 1\/2\u2033 P<\/li>\n<li class=\"acumin\">Quatre (4) molettes de r\u00e9glage de chaleur ajustables<\/li>\n<li class=\"acumin\">Couverture rigide pour prot\u00e9ger le plateau de cuisson<\/li>\n<li class=\"acumin\">Allumeur int\u00e9gr\u00e9<\/li>\n<li class=\"acumin\">Syst\u00e8me de gestion de la graisse \u00e0 l'arri\u00e8re<\/li>\n<li class=\"acumin\">Accroches Magn\u00e9tiques pour Barre et \u00c9tag\u00e8re Lat\u00e9rale<\/li>\n<li class=\"acumin\">\u00c9tag\u00e8res lat\u00e9rales pliantes<\/li>\n<li class=\"acumin\">Porte-essuie-tout<\/li>\n<li class=\"acumin\">Quatre (4) roues industrielles robustes.<\/li>\n<\/ul>","protected":false},"excerpt":{"rendered":"<h3 class=\"sc-gGCDDS giZcCL pf-53_\" data-pf-type=\"Heading\"><span class=\"sc-gnnDb jPxwVa pf-55_\" data-pf-type=\"Text\">PR\u00c9PARER LE PETIT D\u00c9JEUNER, LE D\u00c9JEUNER ET LE D\u00ceNER<\/span><\/h3>\n<p>Pas de fioritures ni de sifflets - juste une puissante plaque de cuisson de 60 000 BTU pr\u00eate \u00e0 prendre en charge tous les repas que vous pouvez imaginer. Avec 769 pouces carr\u00e9s d'acier et quatre zones de cuisson ind\u00e9pendantes, vous pouvez cuire suffisamment de nourriture pour nourrir une arm\u00e9e \u00e0 tout moment de la journ\u00e9e - petit-d\u00e9jeuner, d\u00e9jeuner et d\u00eener !<\/p>","protected":false},"featured_media":8036,"comment_status":"closed","ping_status":"closed","template":"","meta":[],"product_cat":[402,394,428],"product_tag":[],"class_list":{"0":"post-6136","1":"product","2":"type-product","3":"status-publish","4":"has-post-thumbnail","6":"product_brand-blackstone","7":"product_cat-36-inch-griddle","8":"product_cat-griddles-2","9":"product_cat-outdoor-cooking","10":"product_shipping_class-class-5","12":"first","13":"instock","14":"taxable","15":"shipping-taxable","16":"purchasable","17":"product-type-simple"},"yoast_head":"<!-- This site is optimized with the Yoast SEO plugin v27.4 - https:\/\/yoast.com\/product\/yoast-seo-wordpress\/ -->\n<title>Blackstone 36inch Original Series Griddle Cooking Station with Hard Cover - Ks Products<\/title>\n<meta name=\"robots\" content=\"index, follow, max-snippet:-1, max-image-preview:large, max-video-preview:-1\" \/>\n<link rel=\"canonical\" href=\"https:\/\/ksproducts.ca\/fr\/product\/36-plaque-de-cuisson-avec-couvercle-rigide-etageres-hautes\/\" \/>\n<meta property=\"og:locale\" content=\"fr_CA\" \/>\n<meta property=\"og:type\" content=\"article\" \/>\n<meta property=\"og:title\" content=\"Blackstone 36inch Original Series Griddle Cooking Station with Hard Cover - Ks Products\" \/>\n<meta property=\"og:description\" content=\"COOK BREAKFAST, LUNCH, &amp; DINNER No bells or whistles - just a powerful 60,000 BTU griddle ready to tackle any meal you can dream up. With 769 square inches of steel and four independent cooking zones, you can cook enough food to feed an army at any point in the day - breakfast, lunch, and dinner!\" \/>\n<meta property=\"og:url\" content=\"https:\/\/ksproducts.ca\/fr\/product\/36-plaque-de-cuisson-avec-couvercle-rigide-etageres-hautes\/\" \/>\n<meta property=\"og:site_name\" content=\"Ks Products\" \/>\n<meta property=\"article:modified_time\" content=\"2026-04-27T19:33:48+00:00\" \/>\n<meta property=\"og:image\" content=\"https:\/\/ksproducts.ca\/wp-content\/uploads\/2024\/04\/2122_36griddle_hardcover-1668103289893-1.png\" \/>\n\t<meta property=\"og:image:width\" content=\"800\" \/>\n\t<meta property=\"og:image:height\" content=\"655\" \/>\n\t<meta property=\"og:image:type\" content=\"image\/png\" \/>\n<meta name=\"twitter:card\" content=\"summary_large_image\" \/>\n<meta name=\"twitter:label1\" content=\"Estimation du temps de lecture\" \/>\n\t<meta name=\"twitter:data1\" content=\"1 minute\" \/>\n<script type=\"application\/ld+json\" class=\"yoast-schema-graph\">{\"@context\":\"https:\\\/\\\/schema.org\",\"@graph\":[{\"@type\":\"WebPage\",\"@id\":\"https:\\\/\\\/ksproducts.ca\\\/product\\\/36-griddle-w-hard-cover-high-shelves\\\/\",\"url\":\"https:\\\/\\\/ksproducts.ca\\\/product\\\/36-griddle-w-hard-cover-high-shelves\\\/\",\"name\":\"Blackstone 36inch Original Series Griddle Cooking Station with Hard Cover - Ks Products\",\"isPartOf\":{\"@id\":\"https:\\\/\\\/ksproducts.ca\\\/#website\"},\"primaryImageOfPage\":{\"@id\":\"https:\\\/\\\/ksproducts.ca\\\/product\\\/36-griddle-w-hard-cover-high-shelves\\\/#primaryimage\"},\"image\":{\"@id\":\"https:\\\/\\\/ksproducts.ca\\\/product\\\/36-griddle-w-hard-cover-high-shelves\\\/#primaryimage\"},\"thumbnailUrl\":\"https:\\\/\\\/ksproducts.ca\\\/wp-content\\\/uploads\\\/2024\\\/04\\\/2122_36griddle_hardcover-1668103289893-1.png\",\"datePublished\":\"2023-03-27T21:59:09+00:00\",\"dateModified\":\"2026-04-27T19:33:48+00:00\",\"breadcrumb\":{\"@id\":\"https:\\\/\\\/ksproducts.ca\\\/product\\\/36-griddle-w-hard-cover-high-shelves\\\/#breadcrumb\"},\"inLanguage\":\"fr-CA\",\"potentialAction\":[{\"@type\":\"ReadAction\",\"target\":[\"https:\\\/\\\/ksproducts.ca\\\/product\\\/36-griddle-w-hard-cover-high-shelves\\\/\"]}]},{\"@type\":\"ImageObject\",\"inLanguage\":\"fr-CA\",\"@id\":\"https:\\\/\\\/ksproducts.ca\\\/product\\\/36-griddle-w-hard-cover-high-shelves\\\/#primaryimage\",\"url\":\"https:\\\/\\\/ksproducts.ca\\\/wp-content\\\/uploads\\\/2024\\\/04\\\/2122_36griddle_hardcover-1668103289893-1.png\",\"contentUrl\":\"https:\\\/\\\/ksproducts.ca\\\/wp-content\\\/uploads\\\/2024\\\/04\\\/2122_36griddle_hardcover-1668103289893-1.png\",\"width\":800,\"height\":655,\"caption\":\"Blackstone 36inch Original Series Griddle Cooking Station with Hard Cover\"},{\"@type\":\"BreadcrumbList\",\"@id\":\"https:\\\/\\\/ksproducts.ca\\\/product\\\/36-griddle-w-hard-cover-high-shelves\\\/#breadcrumb\",\"itemListElement\":[{\"@type\":\"ListItem\",\"position\":1,\"name\":\"Home\",\"item\":\"https:\\\/\\\/ksproducts.ca\\\/\"},{\"@type\":\"ListItem\",\"position\":2,\"name\":\"Shop\",\"item\":\"https:\\\/\\\/ksproducts.ca\\\/shop\\\/\"},{\"@type\":\"ListItem\",\"position\":3,\"name\":\"Blackstone 36inch Original Series Griddle Cooking Station with Hard Cover\"}]},{\"@type\":\"WebSite\",\"@id\":\"https:\\\/\\\/ksproducts.ca\\\/#website\",\"url\":\"https:\\\/\\\/ksproducts.ca\\\/\",\"name\":\"Ks Products\",\"description\":\"Outdoor cooking and living, made easy in Canada\",\"publisher\":{\"@id\":\"https:\\\/\\\/ksproducts.ca\\\/#organization\"},\"potentialAction\":[{\"@type\":\"SearchAction\",\"target\":{\"@type\":\"EntryPoint\",\"urlTemplate\":\"https:\\\/\\\/ksproducts.ca\\\/?s={search_term_string}\"},\"query-input\":{\"@type\":\"PropertyValueSpecification\",\"valueRequired\":true,\"valueName\":\"search_term_string\"}}],\"inLanguage\":\"fr-CA\"},{\"@type\":\"Organization\",\"@id\":\"https:\\\/\\\/ksproducts.ca\\\/#organization\",\"name\":\"Ks Products\",\"url\":\"https:\\\/\\\/ksproducts.ca\\\/\",\"logo\":{\"@type\":\"ImageObject\",\"inLanguage\":\"fr-CA\",\"@id\":\"https:\\\/\\\/ksproducts.ca\\\/#\\\/schema\\\/logo\\\/image\\\/\",\"url\":\"https:\\\/\\\/ksproducts.ca\\\/wp-content\\\/uploads\\\/2023\\\/09\\\/Kennedy-Sales-Logo-header-1.png\",\"contentUrl\":\"https:\\\/\\\/ksproducts.ca\\\/wp-content\\\/uploads\\\/2023\\\/09\\\/Kennedy-Sales-Logo-header-1.png\",\"width\":150,\"height\":77,\"caption\":\"Ks Products\"},\"image\":{\"@id\":\"https:\\\/\\\/ksproducts.ca\\\/#\\\/schema\\\/logo\\\/image\\\/\"}}]}<\/script>\n<!-- \/ Yoast SEO plugin. -->","yoast_head_json":{"title":"Plancha Blackstone 36 pouces Original Series Griddle Cooking Station avec couvercle rigide - Ks Products","robots":{"index":"index","follow":"follow","max-snippet":"max-snippet:-1","max-image-preview":"max-image-preview:large","max-video-preview":"max-video-preview:-1"},"canonical":"https:\/\/ksproducts.ca\/fr\/product\/36-plaque-de-cuisson-avec-couvercle-rigide-etageres-hautes\/","og_locale":"fr_CA","og_type":"article","og_title":"Blackstone 36inch Original Series Griddle Cooking Station with Hard Cover - Ks Products","og_description":"COOK BREAKFAST, LUNCH, &amp; DINNER No bells or whistles - just a powerful 60,000 BTU griddle ready to tackle any meal you can dream up. With 769 square inches of steel and four independent cooking zones, you can cook enough food to feed an army at any point in the day - breakfast, lunch, and dinner!","og_url":"https:\/\/ksproducts.ca\/fr\/product\/36-plaque-de-cuisson-avec-couvercle-rigide-etageres-hautes\/","og_site_name":"Ks Products","article_modified_time":"2026-04-27T19:33:48+00:00","og_image":[{"width":800,"height":655,"url":"https:\/\/ksproducts.ca\/wp-content\/uploads\/2024\/04\/2122_36griddle_hardcover-1668103289893-1.png","type":"image\/png"}],"twitter_card":"summary_large_image","twitter_misc":{"Estimation du temps de lecture":"1 minute"},"schema":{"@context":"https:\/\/schema.org","@graph":[{"@type":"WebPage","@id":"https:\/\/ksproducts.ca\/product\/36-griddle-w-hard-cover-high-shelves\/","url":"https:\/\/ksproducts.ca\/product\/36-griddle-w-hard-cover-high-shelves\/","name":"Plancha Blackstone 36 pouces Original Series Griddle Cooking Station avec couvercle rigide - Ks Products","isPartOf":{"@id":"https:\/\/ksproducts.ca\/#website"},"primaryImageOfPage":{"@id":"https:\/\/ksproducts.ca\/product\/36-griddle-w-hard-cover-high-shelves\/#primaryimage"},"image":{"@id":"https:\/\/ksproducts.ca\/product\/36-griddle-w-hard-cover-high-shelves\/#primaryimage"},"thumbnailUrl":"https:\/\/ksproducts.ca\/wp-content\/uploads\/2024\/04\/2122_36griddle_hardcover-1668103289893-1.png","datePublished":"2023-03-27T21:59:09+00:00","dateModified":"2026-04-27T19:33:48+00:00","breadcrumb":{"@id":"https:\/\/ksproducts.ca\/product\/36-griddle-w-hard-cover-high-shelves\/#breadcrumb"},"inLanguage":"fr-CA","potentialAction":[{"@type":"ReadAction","target":["https:\/\/ksproducts.ca\/product\/36-griddle-w-hard-cover-high-shelves\/"]}]},{"@type":"ImageObject","inLanguage":"fr-CA","@id":"https:\/\/ksproducts.ca\/product\/36-griddle-w-hard-cover-high-shelves\/#primaryimage","url":"https:\/\/ksproducts.ca\/wp-content\/uploads\/2024\/04\/2122_36griddle_hardcover-1668103289893-1.png","contentUrl":"https:\/\/ksproducts.ca\/wp-content\/uploads\/2024\/04\/2122_36griddle_hardcover-1668103289893-1.png","width":800,"height":655,"caption":"Blackstone 36inch Original Series Griddle Cooking Station with Hard Cover"},{"@type":"BreadcrumbList","@id":"https:\/\/ksproducts.ca\/product\/36-griddle-w-hard-cover-high-shelves\/#breadcrumb","itemListElement":[{"@type":"ListItem","position":1,"name":"Home","item":"https:\/\/ksproducts.ca\/"},{"@type":"ListItem","position":2,"name":"Shop","item":"https:\/\/ksproducts.ca\/shop\/"},{"@type":"ListItem","position":3,"name":"Blackstone 36inch Original Series Griddle Cooking Station with Hard Cover"}]},{"@type":"WebSite","@id":"https:\/\/ksproducts.ca\/#website","url":"https:\/\/ksproducts.ca\/","name":"Produits Ks","description":"Cuisiner et vivre en plein air, c'est facile au Canada","publisher":{"@id":"https:\/\/ksproducts.ca\/#organization"},"potentialAction":[{"@type":"SearchAction","target":{"@type":"EntryPoint","urlTemplate":"https:\/\/ksproducts.ca\/?s={search_term_string}"},"query-input":{"@type":"PropertyValueSpecification","valueRequired":true,"valueName":"search_term_string"}}],"inLanguage":"fr-CA"},{"@type":"Organization","@id":"https:\/\/ksproducts.ca\/#organization","name":"Produits Ks","url":"https:\/\/ksproducts.ca\/","logo":{"@type":"ImageObject","inLanguage":"fr-CA","@id":"https:\/\/ksproducts.ca\/#\/schema\/logo\/image\/","url":"https:\/\/ksproducts.ca\/wp-content\/uploads\/2023\/09\/Kennedy-Sales-Logo-header-1.png","contentUrl":"https:\/\/ksproducts.ca\/wp-content\/uploads\/2023\/09\/Kennedy-Sales-Logo-header-1.png","width":150,"height":77,"caption":"Ks Products"},"image":{"@id":"https:\/\/ksproducts.ca\/#\/schema\/logo\/image\/"}}]}},"_links":{"self":[{"href":"https:\/\/ksproducts.ca\/fr\/wp-json\/wp\/v2\/product\/6136","targetHints":{"allow":["GET"]}}],"collection":[{"href":"https:\/\/ksproducts.ca\/fr\/wp-json\/wp\/v2\/product"}],"about":[{"href":"https:\/\/ksproducts.ca\/fr\/wp-json\/wp\/v2\/types\/product"}],"replies":[{"embeddable":true,"href":"https:\/\/ksproducts.ca\/fr\/wp-json\/wp\/v2\/comments?post=6136"}],"version-history":[{"count":4,"href":"https:\/\/ksproducts.ca\/fr\/wp-json\/wp\/v2\/product\/6136\/revisions"}],"predecessor-version":[{"id":10732,"href":"https:\/\/ksproducts.ca\/fr\/wp-json\/wp\/v2\/product\/6136\/revisions\/10732"}],"wp:featuredmedia":[{"embeddable":true,"href":"https:\/\/ksproducts.ca\/fr\/wp-json\/wp\/v2\/media\/8036"}],"wp:attachment":[{"href":"https:\/\/ksproducts.ca\/fr\/wp-json\/wp\/v2\/media?parent=6136"}],"wp:term":[{"taxonomy":"product_cat","embeddable":true,"href":"https:\/\/ksproducts.ca\/fr\/wp-json\/wp\/v2\/product_cat?post=6136"},{"taxonomy":"product_tag","embeddable":true,"href":"https:\/\/ksproducts.ca\/fr\/wp-json\/wp\/v2\/product_tag?post=6136"}],"curies":[{"name":"wp","href":"https:\/\/api.w.org\/{rel}","templated":true}]}}