{"id":6155,"date":"2023-03-27T22:00:50","date_gmt":"2023-03-27T22:00:50","guid":{"rendered":"https:\/\/ksproducts.ca\/product\/grease-gate-and-tool-holder-combo\/"},"modified":"2026-04-19T02:02:01","modified_gmt":"2026-04-19T02:02:01","slug":"combo-porte-graisse-et-porte-outil","status":"publish","type":"product","link":"https:\/\/ksproducts.ca\/fr\/product\/grease-gate-and-tool-holder-combo\/","title":{"rendered":"Blackstone Griddle Essentials Grease Gate and Tool Holder Accessory Kit (Kit d'accessoires pour gril)"},"content":{"rendered":"","protected":false},"excerpt":{"rendered":"<p>Ces outils vous aideront \u00e0 tirer le meilleur parti de votre Blackstone, quelle que soit sa taille. La porte \u00e0 graisse emp\u00eache les aliments de tomber par l'arri\u00e8re tout en permettant \u00e0 la graisse de sortir. Le porte-spatule se fixe sur le c\u00f4t\u00e9 de votre plaque de cuisson pour que vous puissiez garder vos outils \u00e0 port\u00e9e de main. Enfin, les trois porte-outils magn\u00e9tiques vous permettent de transformer n'importe quelle surface m\u00e9tallique en un endroit pratique pour ranger vos outils.<\/p>","protected":false},"featured_media":8011,"comment_status":"closed","ping_status":"closed","template":"","meta":[],"product_cat":[436,441],"product_tag":[],"class_list":{"0":"post-6155","1":"product","2":"type-product","3":"status-publish","4":"has-post-thumbnail","6":"product_brand-blackstone","7":"product_cat-accessories","8":"product_cat-essential-extras","9":"product_shipping_class-class-1","11":"first","12":"instock","13":"taxable","14":"shipping-taxable","15":"purchasable","16":"product-type-simple"},"yoast_head":"<!-- This site is optimized with the Yoast SEO plugin v27.4 - https:\/\/yoast.com\/product\/yoast-seo-wordpress\/ -->\n<title>Blackstone Griddle Essentials Grease Gate and Tool Holder Accessory Kit - Ks Products<\/title>\n<meta name=\"robots\" content=\"index, follow, max-snippet:-1, max-image-preview:large, max-video-preview:-1\" \/>\n<link rel=\"canonical\" href=\"https:\/\/ksproducts.ca\/fr\/product\/combo-porte-graisse-et-porte-outil\/\" \/>\n<meta property=\"og:locale\" content=\"fr_CA\" \/>\n<meta property=\"og:type\" content=\"article\" \/>\n<meta property=\"og:title\" content=\"Blackstone Griddle Essentials Grease Gate and Tool Holder Accessory Kit - Ks Products\" \/>\n<meta property=\"og:description\" content=\"These tools will help you get the most out of your Blackstone whatever the size. The grease gate keeps food from falling out the back while allowing the grease to exit. The spatula holder clips onto the side of your griddle so you can keep your tools within reach. Finally, the three magnetic tool holders all you to turn any metal surface into a convenient spot to store your tools.\" \/>\n<meta property=\"og:url\" content=\"https:\/\/ksproducts.ca\/fr\/product\/combo-porte-graisse-et-porte-outil\/\" \/>\n<meta property=\"og:site_name\" content=\"Ks Products\" \/>\n<meta property=\"article:modified_time\" content=\"2026-04-19T02:02:01+00:00\" \/>\n<meta property=\"og:image\" content=\"https:\/\/ksproducts.ca\/wp-content\/uploads\/2024\/04\/grease-gate-and-tool-holder-combo-275157_1024x1024-1-jpg.webp\" \/>\n\t<meta property=\"og:image:width\" content=\"1024\" \/>\n\t<meta property=\"og:image:height\" content=\"1024\" \/>\n\t<meta property=\"og:image:type\" content=\"image\/jpeg\" \/>\n<meta name=\"twitter:card\" content=\"summary_large_image\" \/>\n<meta name=\"twitter:label1\" content=\"Estimation du temps de lecture\" \/>\n\t<meta name=\"twitter:data1\" content=\"1 minute\" \/>\n<script type=\"application\/ld+json\" class=\"yoast-schema-graph\">{\"@context\":\"https:\\\/\\\/schema.org\",\"@graph\":[{\"@type\":\"WebPage\",\"@id\":\"https:\\\/\\\/ksproducts.ca\\\/product\\\/grease-gate-and-tool-holder-combo\\\/\",\"url\":\"https:\\\/\\\/ksproducts.ca\\\/product\\\/grease-gate-and-tool-holder-combo\\\/\",\"name\":\"Blackstone Griddle Essentials Grease Gate and Tool Holder Accessory Kit - Ks Products\",\"isPartOf\":{\"@id\":\"https:\\\/\\\/ksproducts.ca\\\/#website\"},\"primaryImageOfPage\":{\"@id\":\"https:\\\/\\\/ksproducts.ca\\\/product\\\/grease-gate-and-tool-holder-combo\\\/#primaryimage\"},\"image\":{\"@id\":\"https:\\\/\\\/ksproducts.ca\\\/product\\\/grease-gate-and-tool-holder-combo\\\/#primaryimage\"},\"thumbnailUrl\":\"https:\\\/\\\/ksproducts.ca\\\/wp-content\\\/uploads\\\/2024\\\/04\\\/grease-gate-and-tool-holder-combo-275157_1024x1024-1-jpg.webp\",\"datePublished\":\"2023-03-27T22:00:50+00:00\",\"dateModified\":\"2026-04-19T02:02:01+00:00\",\"breadcrumb\":{\"@id\":\"https:\\\/\\\/ksproducts.ca\\\/product\\\/grease-gate-and-tool-holder-combo\\\/#breadcrumb\"},\"inLanguage\":\"fr-CA\",\"potentialAction\":[{\"@type\":\"ReadAction\",\"target\":[\"https:\\\/\\\/ksproducts.ca\\\/product\\\/grease-gate-and-tool-holder-combo\\\/\"]}]},{\"@type\":\"ImageObject\",\"inLanguage\":\"fr-CA\",\"@id\":\"https:\\\/\\\/ksproducts.ca\\\/product\\\/grease-gate-and-tool-holder-combo\\\/#primaryimage\",\"url\":\"https:\\\/\\\/ksproducts.ca\\\/wp-content\\\/uploads\\\/2024\\\/04\\\/grease-gate-and-tool-holder-combo-275157_1024x1024-1-jpg.webp\",\"contentUrl\":\"https:\\\/\\\/ksproducts.ca\\\/wp-content\\\/uploads\\\/2024\\\/04\\\/grease-gate-and-tool-holder-combo-275157_1024x1024-1-jpg.webp\",\"width\":1024,\"height\":1024,\"caption\":\"grease gate and tool holder combo\"},{\"@type\":\"BreadcrumbList\",\"@id\":\"https:\\\/\\\/ksproducts.ca\\\/product\\\/grease-gate-and-tool-holder-combo\\\/#breadcrumb\",\"itemListElement\":[{\"@type\":\"ListItem\",\"position\":1,\"name\":\"Home\",\"item\":\"https:\\\/\\\/ksproducts.ca\\\/\"},{\"@type\":\"ListItem\",\"position\":2,\"name\":\"Shop\",\"item\":\"https:\\\/\\\/ksproducts.ca\\\/shop\\\/\"},{\"@type\":\"ListItem\",\"position\":3,\"name\":\"Blackstone Griddle Essentials Grease Gate and Tool Holder Accessory Kit\"}]},{\"@type\":\"WebSite\",\"@id\":\"https:\\\/\\\/ksproducts.ca\\\/#website\",\"url\":\"https:\\\/\\\/ksproducts.ca\\\/\",\"name\":\"Ks Products\",\"description\":\"Outdoor cooking and living, made easy in Canada\",\"publisher\":{\"@id\":\"https:\\\/\\\/ksproducts.ca\\\/#organization\"},\"potentialAction\":[{\"@type\":\"SearchAction\",\"target\":{\"@type\":\"EntryPoint\",\"urlTemplate\":\"https:\\\/\\\/ksproducts.ca\\\/?s={search_term_string}\"},\"query-input\":{\"@type\":\"PropertyValueSpecification\",\"valueRequired\":true,\"valueName\":\"search_term_string\"}}],\"inLanguage\":\"fr-CA\"},{\"@type\":\"Organization\",\"@id\":\"https:\\\/\\\/ksproducts.ca\\\/#organization\",\"name\":\"Ks Products\",\"url\":\"https:\\\/\\\/ksproducts.ca\\\/\",\"logo\":{\"@type\":\"ImageObject\",\"inLanguage\":\"fr-CA\",\"@id\":\"https:\\\/\\\/ksproducts.ca\\\/#\\\/schema\\\/logo\\\/image\\\/\",\"url\":\"https:\\\/\\\/ksproducts.ca\\\/wp-content\\\/uploads\\\/2023\\\/09\\\/Kennedy-Sales-Logo-header-1.png\",\"contentUrl\":\"https:\\\/\\\/ksproducts.ca\\\/wp-content\\\/uploads\\\/2023\\\/09\\\/Kennedy-Sales-Logo-header-1.png\",\"width\":150,\"height\":77,\"caption\":\"Ks Products\"},\"image\":{\"@id\":\"https:\\\/\\\/ksproducts.ca\\\/#\\\/schema\\\/logo\\\/image\\\/\"}}]}<\/script>\n<!-- \/ Yoast SEO plugin. -->","yoast_head_json":{"title":"Kit d'accessoires Blackstone Griddle Essentials Grease Gate et porte-outils - Ks Products","robots":{"index":"index","follow":"follow","max-snippet":"max-snippet:-1","max-image-preview":"max-image-preview:large","max-video-preview":"max-video-preview:-1"},"canonical":"https:\/\/ksproducts.ca\/fr\/product\/combo-porte-graisse-et-porte-outil\/","og_locale":"fr_CA","og_type":"article","og_title":"Blackstone Griddle Essentials Grease Gate and Tool Holder Accessory Kit - Ks Products","og_description":"These tools will help you get the most out of your Blackstone whatever the size. The grease gate keeps food from falling out the back while allowing the grease to exit. The spatula holder clips onto the side of your griddle so you can keep your tools within reach. Finally, the three magnetic tool holders all you to turn any metal surface into a convenient spot to store your tools.","og_url":"https:\/\/ksproducts.ca\/fr\/product\/combo-porte-graisse-et-porte-outil\/","og_site_name":"Ks Products","article_modified_time":"2026-04-19T02:02:01+00:00","og_image":[{"width":1024,"height":1024,"url":"https:\/\/ksproducts.ca\/wp-content\/uploads\/2024\/04\/grease-gate-and-tool-holder-combo-275157_1024x1024-1-jpg.webp","type":"image\/jpeg"}],"twitter_card":"summary_large_image","twitter_misc":{"Estimation du temps de lecture":"1 minute"},"schema":{"@context":"https:\/\/schema.org","@graph":[{"@type":"WebPage","@id":"https:\/\/ksproducts.ca\/product\/grease-gate-and-tool-holder-combo\/","url":"https:\/\/ksproducts.ca\/product\/grease-gate-and-tool-holder-combo\/","name":"Kit d'accessoires Blackstone Griddle Essentials Grease Gate et porte-outils - Ks Products","isPartOf":{"@id":"https:\/\/ksproducts.ca\/#website"},"primaryImageOfPage":{"@id":"https:\/\/ksproducts.ca\/product\/grease-gate-and-tool-holder-combo\/#primaryimage"},"image":{"@id":"https:\/\/ksproducts.ca\/product\/grease-gate-and-tool-holder-combo\/#primaryimage"},"thumbnailUrl":"https:\/\/ksproducts.ca\/wp-content\/uploads\/2024\/04\/grease-gate-and-tool-holder-combo-275157_1024x1024-1-jpg.webp","datePublished":"2023-03-27T22:00:50+00:00","dateModified":"2026-04-19T02:02:01+00:00","breadcrumb":{"@id":"https:\/\/ksproducts.ca\/product\/grease-gate-and-tool-holder-combo\/#breadcrumb"},"inLanguage":"fr-CA","potentialAction":[{"@type":"ReadAction","target":["https:\/\/ksproducts.ca\/product\/grease-gate-and-tool-holder-combo\/"]}]},{"@type":"ImageObject","inLanguage":"fr-CA","@id":"https:\/\/ksproducts.ca\/product\/grease-gate-and-tool-holder-combo\/#primaryimage","url":"https:\/\/ksproducts.ca\/wp-content\/uploads\/2024\/04\/grease-gate-and-tool-holder-combo-275157_1024x1024-1-jpg.webp","contentUrl":"https:\/\/ksproducts.ca\/wp-content\/uploads\/2024\/04\/grease-gate-and-tool-holder-combo-275157_1024x1024-1-jpg.webp","width":1024,"height":1024,"caption":"grease gate and tool holder combo"},{"@type":"BreadcrumbList","@id":"https:\/\/ksproducts.ca\/product\/grease-gate-and-tool-holder-combo\/#breadcrumb","itemListElement":[{"@type":"ListItem","position":1,"name":"Home","item":"https:\/\/ksproducts.ca\/"},{"@type":"ListItem","position":2,"name":"Shop","item":"https:\/\/ksproducts.ca\/shop\/"},{"@type":"ListItem","position":3,"name":"Blackstone Griddle Essentials Grease Gate and Tool Holder Accessory Kit"}]},{"@type":"WebSite","@id":"https:\/\/ksproducts.ca\/#website","url":"https:\/\/ksproducts.ca\/","name":"Produits Ks","description":"Cuisiner et vivre en plein air, c'est facile au Canada","publisher":{"@id":"https:\/\/ksproducts.ca\/#organization"},"potentialAction":[{"@type":"SearchAction","target":{"@type":"EntryPoint","urlTemplate":"https:\/\/ksproducts.ca\/?s={search_term_string}"},"query-input":{"@type":"PropertyValueSpecification","valueRequired":true,"valueName":"search_term_string"}}],"inLanguage":"fr-CA"},{"@type":"Organization","@id":"https:\/\/ksproducts.ca\/#organization","name":"Produits Ks","url":"https:\/\/ksproducts.ca\/","logo":{"@type":"ImageObject","inLanguage":"fr-CA","@id":"https:\/\/ksproducts.ca\/#\/schema\/logo\/image\/","url":"https:\/\/ksproducts.ca\/wp-content\/uploads\/2023\/09\/Kennedy-Sales-Logo-header-1.png","contentUrl":"https:\/\/ksproducts.ca\/wp-content\/uploads\/2023\/09\/Kennedy-Sales-Logo-header-1.png","width":150,"height":77,"caption":"Ks Products"},"image":{"@id":"https:\/\/ksproducts.ca\/#\/schema\/logo\/image\/"}}]}},"_links":{"self":[{"href":"https:\/\/ksproducts.ca\/fr\/wp-json\/wp\/v2\/product\/6155","targetHints":{"allow":["GET"]}}],"collection":[{"href":"https:\/\/ksproducts.ca\/fr\/wp-json\/wp\/v2\/product"}],"about":[{"href":"https:\/\/ksproducts.ca\/fr\/wp-json\/wp\/v2\/types\/product"}],"replies":[{"embeddable":true,"href":"https:\/\/ksproducts.ca\/fr\/wp-json\/wp\/v2\/comments?post=6155"}],"version-history":[{"count":3,"href":"https:\/\/ksproducts.ca\/fr\/wp-json\/wp\/v2\/product\/6155\/revisions"}],"predecessor-version":[{"id":10589,"href":"https:\/\/ksproducts.ca\/fr\/wp-json\/wp\/v2\/product\/6155\/revisions\/10589"}],"wp:featuredmedia":[{"embeddable":true,"href":"https:\/\/ksproducts.ca\/fr\/wp-json\/wp\/v2\/media\/8011"}],"wp:attachment":[{"href":"https:\/\/ksproducts.ca\/fr\/wp-json\/wp\/v2\/media?parent=6155"}],"wp:term":[{"taxonomy":"product_cat","embeddable":true,"href":"https:\/\/ksproducts.ca\/fr\/wp-json\/wp\/v2\/product_cat?post=6155"},{"taxonomy":"product_tag","embeddable":true,"href":"https:\/\/ksproducts.ca\/fr\/wp-json\/wp\/v2\/product_tag?post=6155"}],"curies":[{"name":"wp","href":"https:\/\/api.w.org\/{rel}","templated":true}]}}