{"id":6167,"date":"2023-03-27T22:01:00","date_gmt":"2023-03-27T22:01:00","guid":{"rendered":"https:\/\/ksproducts.ca\/product\/17-tabletop-w-hood-carry-bag\/"},"modified":"2026-04-07T11:02:11","modified_gmt":"2026-04-07T11:02:11","slug":"17-tabletop-w-hood-carry-bag","status":"publish","type":"product","link":"https:\/\/ksproducts.ca\/fr\/product\/17-tabletop-w-hood-carry-bag\/","title":{"rendered":"Blackstone Original Series Carrying Bag for 17inch Tabletop Griddle (sac de transport pour gril de table de 17 pouces)"},"content":{"rendered":"","protected":false},"excerpt":{"rendered":"<p>Prot\u00e9gez votre plaque de cuisson Blackstone de 17 pouces avec ce sac de transport Blackstone personnalis\u00e9. Ce sac fourre-tout est suffisamment grand pour accueillir votre plaque de cuisson de table Blackstone de 17 pouces avec un capot ou une couverture rigide. Il est fabriqu\u00e9 en toile r\u00e9sistante aux intemp\u00e9ries et dot\u00e9 de fermetures \u00e0 glissi\u00e8re robustes pour une grande durabilit\u00e9.<\/p>","protected":false},"featured_media":8027,"comment_status":"closed","ping_status":"closed","template":"","meta":[],"product_cat":[436,437],"product_tag":[],"class_list":{"0":"post-6167","1":"product","2":"type-product","3":"status-publish","4":"has-post-thumbnail","6":"product_brand-blackstone","7":"product_cat-accessories","8":"product_cat-covers-cases","9":"product_shipping_class-class-1","11":"first","12":"instock","13":"taxable","14":"shipping-taxable","15":"purchasable","16":"product-type-simple"},"yoast_head":"<!-- This site is optimized with the Yoast SEO plugin v27.3 - https:\/\/yoast.com\/product\/yoast-seo-wordpress\/ -->\n<title>Blackstone Original Series Carrying Bag for 17inch Tabletop Griddle - Ks Products<\/title>\n<meta name=\"robots\" content=\"index, follow, max-snippet:-1, max-image-preview:large, max-video-preview:-1\" \/>\n<link rel=\"canonical\" href=\"https:\/\/ksproducts.ca\/fr\/product\/17-tabletop-w-hood-carry-bag\/\" \/>\n<meta property=\"og:locale\" content=\"fr_CA\" \/>\n<meta property=\"og:type\" content=\"article\" \/>\n<meta property=\"og:title\" content=\"Blackstone Original Series Carrying Bag for 17inch Tabletop Griddle - Ks Products\" \/>\n<meta property=\"og:description\" content=\"Protect your Blackstone 17 in. tabletop griddle with this custom-designed Blackstone Carry Bag. This tote bag is large enough to fit your Blackstone 17 in. tabletop griddle with a hood or hard cover. Made with weather-resistant canvas and heavy-duty zippers for great durability.\" \/>\n<meta property=\"og:url\" content=\"https:\/\/ksproducts.ca\/fr\/product\/17-tabletop-w-hood-carry-bag\/\" \/>\n<meta property=\"og:site_name\" content=\"Ks Products\" \/>\n<meta property=\"article:modified_time\" content=\"2026-04-07T11:02:11+00:00\" \/>\n<meta property=\"og:image\" content=\"https:\/\/ksproducts.ca\/wp-content\/uploads\/2024\/04\/17-tabletop-whood-carry-bag-273383_grande-1-jpg.webp\" \/>\n\t<meta property=\"og:image:width\" content=\"600\" \/>\n\t<meta property=\"og:image:height\" content=\"590\" \/>\n\t<meta property=\"og:image:type\" content=\"image\/jpeg\" \/>\n<meta name=\"twitter:card\" content=\"summary_large_image\" \/>\n<meta name=\"twitter:label1\" content=\"Estimation du temps de lecture\" \/>\n\t<meta name=\"twitter:data1\" content=\"1 minute\" \/>\n<script type=\"application\/ld+json\" class=\"yoast-schema-graph\">{\"@context\":\"https:\\\/\\\/schema.org\",\"@graph\":[{\"@type\":\"WebPage\",\"@id\":\"https:\\\/\\\/ksproducts.ca\\\/product\\\/17-tabletop-w-hood-carry-bag\\\/\",\"url\":\"https:\\\/\\\/ksproducts.ca\\\/product\\\/17-tabletop-w-hood-carry-bag\\\/\",\"name\":\"Blackstone Original Series Carrying Bag for 17inch Tabletop Griddle - Ks Products\",\"isPartOf\":{\"@id\":\"https:\\\/\\\/ksproducts.ca\\\/#website\"},\"primaryImageOfPage\":{\"@id\":\"https:\\\/\\\/ksproducts.ca\\\/product\\\/17-tabletop-w-hood-carry-bag\\\/#primaryimage\"},\"image\":{\"@id\":\"https:\\\/\\\/ksproducts.ca\\\/product\\\/17-tabletop-w-hood-carry-bag\\\/#primaryimage\"},\"thumbnailUrl\":\"https:\\\/\\\/ksproducts.ca\\\/wp-content\\\/uploads\\\/2024\\\/04\\\/17-tabletop-whood-carry-bag-273383_grande-1-jpg.webp\",\"datePublished\":\"2023-03-27T22:01:00+00:00\",\"dateModified\":\"2026-04-07T11:02:11+00:00\",\"breadcrumb\":{\"@id\":\"https:\\\/\\\/ksproducts.ca\\\/product\\\/17-tabletop-w-hood-carry-bag\\\/#breadcrumb\"},\"inLanguage\":\"fr-CA\",\"potentialAction\":[{\"@type\":\"ReadAction\",\"target\":[\"https:\\\/\\\/ksproducts.ca\\\/product\\\/17-tabletop-w-hood-carry-bag\\\/\"]}]},{\"@type\":\"ImageObject\",\"inLanguage\":\"fr-CA\",\"@id\":\"https:\\\/\\\/ksproducts.ca\\\/product\\\/17-tabletop-w-hood-carry-bag\\\/#primaryimage\",\"url\":\"https:\\\/\\\/ksproducts.ca\\\/wp-content\\\/uploads\\\/2024\\\/04\\\/17-tabletop-whood-carry-bag-273383_grande-1-jpg.webp\",\"contentUrl\":\"https:\\\/\\\/ksproducts.ca\\\/wp-content\\\/uploads\\\/2024\\\/04\\\/17-tabletop-whood-carry-bag-273383_grande-1-jpg.webp\",\"width\":600,\"height\":590,\"caption\":\"Blackstone Original Series Carrying Bag for 17inch Tabletop Griddle\"},{\"@type\":\"BreadcrumbList\",\"@id\":\"https:\\\/\\\/ksproducts.ca\\\/product\\\/17-tabletop-w-hood-carry-bag\\\/#breadcrumb\",\"itemListElement\":[{\"@type\":\"ListItem\",\"position\":1,\"name\":\"Home\",\"item\":\"https:\\\/\\\/ksproducts.ca\\\/\"},{\"@type\":\"ListItem\",\"position\":2,\"name\":\"Shop\",\"item\":\"https:\\\/\\\/ksproducts.ca\\\/shop\\\/\"},{\"@type\":\"ListItem\",\"position\":3,\"name\":\"Blackstone Original Series Carrying Bag for 17inch Tabletop Griddle\"}]},{\"@type\":\"WebSite\",\"@id\":\"https:\\\/\\\/ksproducts.ca\\\/#website\",\"url\":\"https:\\\/\\\/ksproducts.ca\\\/\",\"name\":\"Ks Products\",\"description\":\"Outdoor cooking and living, made easy in Canada\",\"publisher\":{\"@id\":\"https:\\\/\\\/ksproducts.ca\\\/#organization\"},\"potentialAction\":[{\"@type\":\"SearchAction\",\"target\":{\"@type\":\"EntryPoint\",\"urlTemplate\":\"https:\\\/\\\/ksproducts.ca\\\/?s={search_term_string}\"},\"query-input\":{\"@type\":\"PropertyValueSpecification\",\"valueRequired\":true,\"valueName\":\"search_term_string\"}}],\"inLanguage\":\"fr-CA\"},{\"@type\":\"Organization\",\"@id\":\"https:\\\/\\\/ksproducts.ca\\\/#organization\",\"name\":\"Ks Products\",\"url\":\"https:\\\/\\\/ksproducts.ca\\\/\",\"logo\":{\"@type\":\"ImageObject\",\"inLanguage\":\"fr-CA\",\"@id\":\"https:\\\/\\\/ksproducts.ca\\\/#\\\/schema\\\/logo\\\/image\\\/\",\"url\":\"https:\\\/\\\/ksproducts.ca\\\/wp-content\\\/uploads\\\/2023\\\/09\\\/Kennedy-Sales-Logo-header-1.png\",\"contentUrl\":\"https:\\\/\\\/ksproducts.ca\\\/wp-content\\\/uploads\\\/2023\\\/09\\\/Kennedy-Sales-Logo-header-1.png\",\"width\":150,\"height\":77,\"caption\":\"Ks Products\"},\"image\":{\"@id\":\"https:\\\/\\\/ksproducts.ca\\\/#\\\/schema\\\/logo\\\/image\\\/\"}}]}<\/script>\n<!-- \/ Yoast SEO plugin. -->","yoast_head_json":{"title":"Sac de transport Blackstone Original Series pour gril de table de 17 pouces - Ks Products","robots":{"index":"index","follow":"follow","max-snippet":"max-snippet:-1","max-image-preview":"max-image-preview:large","max-video-preview":"max-video-preview:-1"},"canonical":"https:\/\/ksproducts.ca\/fr\/product\/17-tabletop-w-hood-carry-bag\/","og_locale":"fr_CA","og_type":"article","og_title":"Blackstone Original Series Carrying Bag for 17inch Tabletop Griddle - Ks Products","og_description":"Protect your Blackstone 17 in. tabletop griddle with this custom-designed Blackstone Carry Bag. This tote bag is large enough to fit your Blackstone 17 in. tabletop griddle with a hood or hard cover. Made with weather-resistant canvas and heavy-duty zippers for great durability.","og_url":"https:\/\/ksproducts.ca\/fr\/product\/17-tabletop-w-hood-carry-bag\/","og_site_name":"Ks Products","article_modified_time":"2026-04-07T11:02:11+00:00","og_image":[{"width":600,"height":590,"url":"https:\/\/ksproducts.ca\/wp-content\/uploads\/2024\/04\/17-tabletop-whood-carry-bag-273383_grande-1-jpg.webp","type":"image\/jpeg"}],"twitter_card":"summary_large_image","twitter_misc":{"Estimation du temps de lecture":"1 minute"},"schema":{"@context":"https:\/\/schema.org","@graph":[{"@type":"WebPage","@id":"https:\/\/ksproducts.ca\/product\/17-tabletop-w-hood-carry-bag\/","url":"https:\/\/ksproducts.ca\/product\/17-tabletop-w-hood-carry-bag\/","name":"Sac de transport Blackstone Original Series pour gril de table de 17 pouces - Ks Products","isPartOf":{"@id":"https:\/\/ksproducts.ca\/#website"},"primaryImageOfPage":{"@id":"https:\/\/ksproducts.ca\/product\/17-tabletop-w-hood-carry-bag\/#primaryimage"},"image":{"@id":"https:\/\/ksproducts.ca\/product\/17-tabletop-w-hood-carry-bag\/#primaryimage"},"thumbnailUrl":"https:\/\/ksproducts.ca\/wp-content\/uploads\/2024\/04\/17-tabletop-whood-carry-bag-273383_grande-1-jpg.webp","datePublished":"2023-03-27T22:01:00+00:00","dateModified":"2026-04-07T11:02:11+00:00","breadcrumb":{"@id":"https:\/\/ksproducts.ca\/product\/17-tabletop-w-hood-carry-bag\/#breadcrumb"},"inLanguage":"fr-CA","potentialAction":[{"@type":"ReadAction","target":["https:\/\/ksproducts.ca\/product\/17-tabletop-w-hood-carry-bag\/"]}]},{"@type":"ImageObject","inLanguage":"fr-CA","@id":"https:\/\/ksproducts.ca\/product\/17-tabletop-w-hood-carry-bag\/#primaryimage","url":"https:\/\/ksproducts.ca\/wp-content\/uploads\/2024\/04\/17-tabletop-whood-carry-bag-273383_grande-1-jpg.webp","contentUrl":"https:\/\/ksproducts.ca\/wp-content\/uploads\/2024\/04\/17-tabletop-whood-carry-bag-273383_grande-1-jpg.webp","width":600,"height":590,"caption":"Blackstone Original Series Carrying Bag for 17inch Tabletop Griddle"},{"@type":"BreadcrumbList","@id":"https:\/\/ksproducts.ca\/product\/17-tabletop-w-hood-carry-bag\/#breadcrumb","itemListElement":[{"@type":"ListItem","position":1,"name":"Home","item":"https:\/\/ksproducts.ca\/"},{"@type":"ListItem","position":2,"name":"Shop","item":"https:\/\/ksproducts.ca\/shop\/"},{"@type":"ListItem","position":3,"name":"Blackstone Original Series Carrying Bag for 17inch Tabletop Griddle"}]},{"@type":"WebSite","@id":"https:\/\/ksproducts.ca\/#website","url":"https:\/\/ksproducts.ca\/","name":"Produits Ks","description":"Cuisiner et vivre en plein air, c'est facile au Canada","publisher":{"@id":"https:\/\/ksproducts.ca\/#organization"},"potentialAction":[{"@type":"SearchAction","target":{"@type":"EntryPoint","urlTemplate":"https:\/\/ksproducts.ca\/?s={search_term_string}"},"query-input":{"@type":"PropertyValueSpecification","valueRequired":true,"valueName":"search_term_string"}}],"inLanguage":"fr-CA"},{"@type":"Organization","@id":"https:\/\/ksproducts.ca\/#organization","name":"Produits Ks","url":"https:\/\/ksproducts.ca\/","logo":{"@type":"ImageObject","inLanguage":"fr-CA","@id":"https:\/\/ksproducts.ca\/#\/schema\/logo\/image\/","url":"https:\/\/ksproducts.ca\/wp-content\/uploads\/2023\/09\/Kennedy-Sales-Logo-header-1.png","contentUrl":"https:\/\/ksproducts.ca\/wp-content\/uploads\/2023\/09\/Kennedy-Sales-Logo-header-1.png","width":150,"height":77,"caption":"Ks Products"},"image":{"@id":"https:\/\/ksproducts.ca\/#\/schema\/logo\/image\/"}}]}},"_links":{"self":[{"href":"https:\/\/ksproducts.ca\/fr\/wp-json\/wp\/v2\/product\/6167","targetHints":{"allow":["GET"]}}],"collection":[{"href":"https:\/\/ksproducts.ca\/fr\/wp-json\/wp\/v2\/product"}],"about":[{"href":"https:\/\/ksproducts.ca\/fr\/wp-json\/wp\/v2\/types\/product"}],"replies":[{"embeddable":true,"href":"https:\/\/ksproducts.ca\/fr\/wp-json\/wp\/v2\/comments?post=6167"}],"version-history":[{"count":3,"href":"https:\/\/ksproducts.ca\/fr\/wp-json\/wp\/v2\/product\/6167\/revisions"}],"predecessor-version":[{"id":10587,"href":"https:\/\/ksproducts.ca\/fr\/wp-json\/wp\/v2\/product\/6167\/revisions\/10587"}],"wp:featuredmedia":[{"embeddable":true,"href":"https:\/\/ksproducts.ca\/fr\/wp-json\/wp\/v2\/media\/8027"}],"wp:attachment":[{"href":"https:\/\/ksproducts.ca\/fr\/wp-json\/wp\/v2\/media?parent=6167"}],"wp:term":[{"taxonomy":"product_cat","embeddable":true,"href":"https:\/\/ksproducts.ca\/fr\/wp-json\/wp\/v2\/product_cat?post=6167"},{"taxonomy":"product_tag","embeddable":true,"href":"https:\/\/ksproducts.ca\/fr\/wp-json\/wp\/v2\/product_tag?post=6167"}],"curies":[{"name":"wp","href":"https:\/\/api.w.org\/{rel}","templated":true}]}}