{"id":6309,"date":"2023-04-05T19:26:53","date_gmt":"2023-04-05T19:26:53","guid":{"rendered":"https:\/\/ksproducts.ca\/?post_type=product&#038;p=6309"},"modified":"2026-01-20T16:06:51","modified_gmt":"2026-01-20T16:06:51","slug":"luxor-chariot-av-a-hauteur-reglable-en-acier-noir","status":"publish","type":"product","link":"https:\/\/ksproducts.ca\/fr\/product\/luxor-adjustable-height-steel-av-cart-black\/","title":{"rendered":"Luxor Chariot AV en acier \u00e0 hauteur r\u00e9glable - Noir"},"content":{"rendered":"","protected":false},"excerpt":{"rendered":"<p>Ce chariot polyvalent tr\u00e8s appr\u00e9ci\u00e9 permet de ranger et de transporter en toute s\u00e9curit\u00e9 votre mat\u00e9riel \u00e9lectronique de valeur d'une pi\u00e8ce \u00e0 l'autre. La construction en acier et les \u00e9tag\u00e8res soud\u00e9es par robot garantissent une durabilit\u00e9 \u00e0 long terme dans les environnements difficiles. Les tapis textur\u00e9s et les l\u00e8vres de retenue maintiennent le contenu des \u00e9tag\u00e8res en place, tandis que l'\u00e9tag\u00e8re sup\u00e9rieure ajustable peut \u00eatre r\u00e9gl\u00e9e de 24 \u00e0 42 pouces d'\u00e9paisseur et comprend une prise \u00e9lectrique \u00e0 trois sorties pour un acc\u00e8s pratique \u00e0 l'\u00e9lectricit\u00e9. Ce chariot mobile est \u00e9galement facile \u00e0 man\u0153uvrer et peut \u00eatre rapidement stabilis\u00e9 gr\u00e2ce \u00e0 quatre roulettes pivotantes de 4 pouces, dont deux avec freins de blocage.<\/p>","protected":false},"featured_media":6312,"comment_status":"open","ping_status":"closed","template":"","meta":[],"product_cat":[433],"product_tag":[],"class_list":{"0":"post-6309","1":"product","2":"type-product","3":"status-publish","4":"has-post-thumbnail","6":"product_cat-utility-carts","7":"product_shipping_class-class-4","9":"first","10":"instock","11":"taxable","12":"shipping-taxable","13":"purchasable","14":"product-type-simple"},"yoast_head":"<!-- This site is optimized with the Yoast SEO plugin v27.3 - https:\/\/yoast.com\/product\/yoast-seo-wordpress\/ -->\n<title>Luxor Adjustable-Height Steel AV Cart - Black - Ks Products<\/title>\n<meta name=\"description\" content=\"This popular multipurpose utility cart will securely store and transport your valuable electronic equipment from room to room.\" \/>\n<meta name=\"robots\" content=\"index, follow, max-snippet:-1, max-image-preview:large, max-video-preview:-1\" \/>\n<link rel=\"canonical\" href=\"https:\/\/ksproducts.ca\/fr\/product\/luxor-chariot-av-a-hauteur-reglable-en-acier-noir\/\" \/>\n<meta property=\"og:locale\" content=\"fr_CA\" \/>\n<meta property=\"og:type\" content=\"article\" \/>\n<meta property=\"og:title\" content=\"Luxor Adjustable-Height Steel AV Cart - Black - Ks Products\" \/>\n<meta property=\"og:description\" content=\"This popular multipurpose utility cart will securely store and transport your valuable electronic equipment from room to room.\" \/>\n<meta property=\"og:url\" content=\"https:\/\/ksproducts.ca\/fr\/product\/luxor-chariot-av-a-hauteur-reglable-en-acier-noir\/\" \/>\n<meta property=\"og:site_name\" content=\"Ks Products\" \/>\n<meta property=\"article:modified_time\" content=\"2026-01-20T16:06:51+00:00\" \/>\n<meta property=\"og:image\" content=\"https:\/\/ksproducts.ca\/wp-content\/uploads\/2023\/04\/avj42-t_angle_grey_1-jpg.webp\" \/>\n\t<meta property=\"og:image:width\" content=\"1000\" \/>\n\t<meta property=\"og:image:height\" content=\"1000\" \/>\n\t<meta property=\"og:image:type\" content=\"image\/jpeg\" \/>\n<meta name=\"twitter:card\" content=\"summary_large_image\" \/>\n<script type=\"application\/ld+json\" class=\"yoast-schema-graph\">{\"@context\":\"https:\\\/\\\/schema.org\",\"@graph\":[{\"@type\":\"WebPage\",\"@id\":\"https:\\\/\\\/ksproducts.ca\\\/product\\\/luxor-adjustable-height-steel-av-cart-black\\\/\",\"url\":\"https:\\\/\\\/ksproducts.ca\\\/product\\\/luxor-adjustable-height-steel-av-cart-black\\\/\",\"name\":\"Luxor Adjustable-Height Steel AV Cart - Black - Ks Products\",\"isPartOf\":{\"@id\":\"https:\\\/\\\/ksproducts.ca\\\/#website\"},\"primaryImageOfPage\":{\"@id\":\"https:\\\/\\\/ksproducts.ca\\\/product\\\/luxor-adjustable-height-steel-av-cart-black\\\/#primaryimage\"},\"image\":{\"@id\":\"https:\\\/\\\/ksproducts.ca\\\/product\\\/luxor-adjustable-height-steel-av-cart-black\\\/#primaryimage\"},\"thumbnailUrl\":\"https:\\\/\\\/ksproducts.ca\\\/wp-content\\\/uploads\\\/2023\\\/04\\\/avj42-t_angle_grey_1-jpg.webp\",\"datePublished\":\"2023-04-05T19:26:53+00:00\",\"dateModified\":\"2026-01-20T16:06:51+00:00\",\"description\":\"This popular multipurpose utility cart will securely store and transport your valuable electronic equipment from room to room.\",\"breadcrumb\":{\"@id\":\"https:\\\/\\\/ksproducts.ca\\\/product\\\/luxor-adjustable-height-steel-av-cart-black\\\/#breadcrumb\"},\"inLanguage\":\"fr-CA\",\"potentialAction\":[{\"@type\":\"ReadAction\",\"target\":[\"https:\\\/\\\/ksproducts.ca\\\/product\\\/luxor-adjustable-height-steel-av-cart-black\\\/\"]}]},{\"@type\":\"ImageObject\",\"inLanguage\":\"fr-CA\",\"@id\":\"https:\\\/\\\/ksproducts.ca\\\/product\\\/luxor-adjustable-height-steel-av-cart-black\\\/#primaryimage\",\"url\":\"https:\\\/\\\/ksproducts.ca\\\/wp-content\\\/uploads\\\/2023\\\/04\\\/avj42-t_angle_grey_1-jpg.webp\",\"contentUrl\":\"https:\\\/\\\/ksproducts.ca\\\/wp-content\\\/uploads\\\/2023\\\/04\\\/avj42-t_angle_grey_1-jpg.webp\",\"width\":1000,\"height\":1000,\"caption\":\"avj42 t angle grey 1 jpg\"},{\"@type\":\"BreadcrumbList\",\"@id\":\"https:\\\/\\\/ksproducts.ca\\\/product\\\/luxor-adjustable-height-steel-av-cart-black\\\/#breadcrumb\",\"itemListElement\":[{\"@type\":\"ListItem\",\"position\":1,\"name\":\"Home\",\"item\":\"https:\\\/\\\/ksproducts.ca\\\/\"},{\"@type\":\"ListItem\",\"position\":2,\"name\":\"Shop\",\"item\":\"https:\\\/\\\/ksproducts.ca\\\/shop\\\/\"},{\"@type\":\"ListItem\",\"position\":3,\"name\":\"Luxor Adjustable-Height Steel AV Cart &#8211; Black\"}]},{\"@type\":\"WebSite\",\"@id\":\"https:\\\/\\\/ksproducts.ca\\\/#website\",\"url\":\"https:\\\/\\\/ksproducts.ca\\\/\",\"name\":\"Ks Products\",\"description\":\"Outdoor cooking and living, made easy in Canada\",\"publisher\":{\"@id\":\"https:\\\/\\\/ksproducts.ca\\\/#organization\"},\"potentialAction\":[{\"@type\":\"SearchAction\",\"target\":{\"@type\":\"EntryPoint\",\"urlTemplate\":\"https:\\\/\\\/ksproducts.ca\\\/?s={search_term_string}\"},\"query-input\":{\"@type\":\"PropertyValueSpecification\",\"valueRequired\":true,\"valueName\":\"search_term_string\"}}],\"inLanguage\":\"fr-CA\"},{\"@type\":\"Organization\",\"@id\":\"https:\\\/\\\/ksproducts.ca\\\/#organization\",\"name\":\"Ks Products\",\"url\":\"https:\\\/\\\/ksproducts.ca\\\/\",\"logo\":{\"@type\":\"ImageObject\",\"inLanguage\":\"fr-CA\",\"@id\":\"https:\\\/\\\/ksproducts.ca\\\/#\\\/schema\\\/logo\\\/image\\\/\",\"url\":\"https:\\\/\\\/ksproducts.ca\\\/wp-content\\\/uploads\\\/2023\\\/09\\\/Kennedy-Sales-Logo-header-1.png\",\"contentUrl\":\"https:\\\/\\\/ksproducts.ca\\\/wp-content\\\/uploads\\\/2023\\\/09\\\/Kennedy-Sales-Logo-header-1.png\",\"width\":150,\"height\":77,\"caption\":\"Ks Products\"},\"image\":{\"@id\":\"https:\\\/\\\/ksproducts.ca\\\/#\\\/schema\\\/logo\\\/image\\\/\"}}]}<\/script>\n<!-- \/ Yoast SEO plugin. -->","yoast_head_json":{"title":"Luxor Chariot AV en acier \u00e0 hauteur r\u00e9glable - Noir - Ks Products","description":"Ce chariot polyvalent tr\u00e8s appr\u00e9ci\u00e9 permet de ranger et de transporter en toute s\u00e9curit\u00e9 votre mat\u00e9riel \u00e9lectronique de valeur d'une pi\u00e8ce \u00e0 l'autre.","robots":{"index":"index","follow":"follow","max-snippet":"max-snippet:-1","max-image-preview":"max-image-preview:large","max-video-preview":"max-video-preview:-1"},"canonical":"https:\/\/ksproducts.ca\/fr\/product\/luxor-chariot-av-a-hauteur-reglable-en-acier-noir\/","og_locale":"fr_CA","og_type":"article","og_title":"Luxor Adjustable-Height Steel AV Cart - Black - Ks Products","og_description":"This popular multipurpose utility cart will securely store and transport your valuable electronic equipment from room to room.","og_url":"https:\/\/ksproducts.ca\/fr\/product\/luxor-chariot-av-a-hauteur-reglable-en-acier-noir\/","og_site_name":"Ks Products","article_modified_time":"2026-01-20T16:06:51+00:00","og_image":[{"width":1000,"height":1000,"url":"https:\/\/ksproducts.ca\/wp-content\/uploads\/2023\/04\/avj42-t_angle_grey_1-jpg.webp","type":"image\/jpeg"}],"twitter_card":"summary_large_image","schema":{"@context":"https:\/\/schema.org","@graph":[{"@type":"WebPage","@id":"https:\/\/ksproducts.ca\/product\/luxor-adjustable-height-steel-av-cart-black\/","url":"https:\/\/ksproducts.ca\/product\/luxor-adjustable-height-steel-av-cart-black\/","name":"Luxor Chariot AV en acier \u00e0 hauteur r\u00e9glable - Noir - Ks Products","isPartOf":{"@id":"https:\/\/ksproducts.ca\/#website"},"primaryImageOfPage":{"@id":"https:\/\/ksproducts.ca\/product\/luxor-adjustable-height-steel-av-cart-black\/#primaryimage"},"image":{"@id":"https:\/\/ksproducts.ca\/product\/luxor-adjustable-height-steel-av-cart-black\/#primaryimage"},"thumbnailUrl":"https:\/\/ksproducts.ca\/wp-content\/uploads\/2023\/04\/avj42-t_angle_grey_1-jpg.webp","datePublished":"2023-04-05T19:26:53+00:00","dateModified":"2026-01-20T16:06:51+00:00","description":"Ce chariot polyvalent tr\u00e8s appr\u00e9ci\u00e9 permet de ranger et de transporter en toute s\u00e9curit\u00e9 votre mat\u00e9riel \u00e9lectronique de valeur d'une pi\u00e8ce \u00e0 l'autre.","breadcrumb":{"@id":"https:\/\/ksproducts.ca\/product\/luxor-adjustable-height-steel-av-cart-black\/#breadcrumb"},"inLanguage":"fr-CA","potentialAction":[{"@type":"ReadAction","target":["https:\/\/ksproducts.ca\/product\/luxor-adjustable-height-steel-av-cart-black\/"]}]},{"@type":"ImageObject","inLanguage":"fr-CA","@id":"https:\/\/ksproducts.ca\/product\/luxor-adjustable-height-steel-av-cart-black\/#primaryimage","url":"https:\/\/ksproducts.ca\/wp-content\/uploads\/2023\/04\/avj42-t_angle_grey_1-jpg.webp","contentUrl":"https:\/\/ksproducts.ca\/wp-content\/uploads\/2023\/04\/avj42-t_angle_grey_1-jpg.webp","width":1000,"height":1000,"caption":"avj42 t angle grey 1 jpg"},{"@type":"BreadcrumbList","@id":"https:\/\/ksproducts.ca\/product\/luxor-adjustable-height-steel-av-cart-black\/#breadcrumb","itemListElement":[{"@type":"ListItem","position":1,"name":"Home","item":"https:\/\/ksproducts.ca\/"},{"@type":"ListItem","position":2,"name":"Shop","item":"https:\/\/ksproducts.ca\/shop\/"},{"@type":"ListItem","position":3,"name":"Luxor Adjustable-Height Steel AV Cart &#8211; Black"}]},{"@type":"WebSite","@id":"https:\/\/ksproducts.ca\/#website","url":"https:\/\/ksproducts.ca\/","name":"Produits Ks","description":"Cuisiner et vivre en plein air, c'est facile au Canada","publisher":{"@id":"https:\/\/ksproducts.ca\/#organization"},"potentialAction":[{"@type":"SearchAction","target":{"@type":"EntryPoint","urlTemplate":"https:\/\/ksproducts.ca\/?s={search_term_string}"},"query-input":{"@type":"PropertyValueSpecification","valueRequired":true,"valueName":"search_term_string"}}],"inLanguage":"fr-CA"},{"@type":"Organization","@id":"https:\/\/ksproducts.ca\/#organization","name":"Produits Ks","url":"https:\/\/ksproducts.ca\/","logo":{"@type":"ImageObject","inLanguage":"fr-CA","@id":"https:\/\/ksproducts.ca\/#\/schema\/logo\/image\/","url":"https:\/\/ksproducts.ca\/wp-content\/uploads\/2023\/09\/Kennedy-Sales-Logo-header-1.png","contentUrl":"https:\/\/ksproducts.ca\/wp-content\/uploads\/2023\/09\/Kennedy-Sales-Logo-header-1.png","width":150,"height":77,"caption":"Ks Products"},"image":{"@id":"https:\/\/ksproducts.ca\/#\/schema\/logo\/image\/"}}]}},"_links":{"self":[{"href":"https:\/\/ksproducts.ca\/fr\/wp-json\/wp\/v2\/product\/6309","targetHints":{"allow":["GET"]}}],"collection":[{"href":"https:\/\/ksproducts.ca\/fr\/wp-json\/wp\/v2\/product"}],"about":[{"href":"https:\/\/ksproducts.ca\/fr\/wp-json\/wp\/v2\/types\/product"}],"replies":[{"embeddable":true,"href":"https:\/\/ksproducts.ca\/fr\/wp-json\/wp\/v2\/comments?post=6309"}],"version-history":[{"count":1,"href":"https:\/\/ksproducts.ca\/fr\/wp-json\/wp\/v2\/product\/6309\/revisions"}],"predecessor-version":[{"id":10141,"href":"https:\/\/ksproducts.ca\/fr\/wp-json\/wp\/v2\/product\/6309\/revisions\/10141"}],"wp:featuredmedia":[{"embeddable":true,"href":"https:\/\/ksproducts.ca\/fr\/wp-json\/wp\/v2\/media\/6312"}],"wp:attachment":[{"href":"https:\/\/ksproducts.ca\/fr\/wp-json\/wp\/v2\/media?parent=6309"}],"wp:term":[{"taxonomy":"product_cat","embeddable":true,"href":"https:\/\/ksproducts.ca\/fr\/wp-json\/wp\/v2\/product_cat?post=6309"},{"taxonomy":"product_tag","embeddable":true,"href":"https:\/\/ksproducts.ca\/fr\/wp-json\/wp\/v2\/product_tag?post=6309"}],"curies":[{"name":"wp","href":"https:\/\/api.w.org\/{rel}","templated":true}]}}