{"id":6313,"date":"2023-04-05T19:37:33","date_gmt":"2023-04-05T19:37:33","guid":{"rendered":"https:\/\/ksproducts.ca\/?post_type=product&#038;p=6313"},"modified":"2026-04-19T07:32:39","modified_gmt":"2026-04-19T07:32:39","slug":"luxor-armoire-a-chariots-en-acier-a-hauteur-reglable-noir","status":"publish","type":"product","link":"https:\/\/ksproducts.ca\/fr\/product\/luxor-adjustable-height-steel-av-cart-cabinet-black\/","title":{"rendered":"Luxor Chariot AV en acier \u00e0 hauteur r\u00e9glable - Armoire - Noir"},"content":{"rendered":"<p>Ce chariot polyvalent tr\u00e8s appr\u00e9ci\u00e9 permet de ranger et de transporter en toute s\u00e9curit\u00e9 votre mat\u00e9riel \u00e9lectronique de valeur d'une pi\u00e8ce \u00e0 l'autre. La construction en acier et les \u00e9tag\u00e8res soud\u00e9es par robot garantissent une durabilit\u00e9 \u00e0 long terme dans les environnements difficiles. Les tapis textur\u00e9s et les l\u00e8vres de retenue maintiennent le contenu des \u00e9tag\u00e8res en place tandis que l'armoire en acier verrouillable stocke votre \u00e9quipement en toute s\u00e9curit\u00e9. L'\u00e9tag\u00e8re sup\u00e9rieure est r\u00e9glable de 24 \u00e0 42 pouces d'\u00e9paisseur et comprend une prise \u00e9lectrique \u00e0 trois sorties pour un acc\u00e8s pratique \u00e0 l'alimentation. Ce chariot mobile est \u00e9galement facile \u00e0 man\u0153uvrer et peut \u00eatre rapidement stabilis\u00e9 gr\u00e2ce \u00e0 quatre roulettes pivotantes de 4 pouces, dont deux avec freins de blocage.<\/p>","protected":false},"excerpt":{"rendered":"<p>This popular multipurpose utility cart will securely store and transport your valuable electronic equipment from room to room. The steel construction and robotically welded shelves ensure long-lasting durability in tough<\/p>","protected":false},"featured_media":6314,"comment_status":"open","ping_status":"closed","template":"","meta":[],"product_cat":[433],"product_tag":[],"class_list":{"0":"post-6313","1":"product","2":"type-product","3":"status-publish","4":"has-post-thumbnail","6":"product_cat-utility-carts","7":"product_shipping_class-class-4","9":"first","10":"instock","11":"taxable","12":"shipping-taxable","13":"purchasable","14":"product-type-simple"},"yoast_head":"<!-- This site is optimized with the Yoast SEO plugin v27.4 - https:\/\/yoast.com\/product\/yoast-seo-wordpress\/ -->\n<title>Luxor Adjustable-Height Steel AV Cart - Cabinet - Black - Ks Products<\/title>\n<meta name=\"description\" content=\"This popular multipurpose utility cart will securely store and transport your valuable electronic equipment from room to room.\" \/>\n<meta name=\"robots\" content=\"index, follow, max-snippet:-1, max-image-preview:large, max-video-preview:-1\" \/>\n<link rel=\"canonical\" href=\"https:\/\/ksproducts.ca\/fr\/product\/luxor-armoire-a-chariots-en-acier-a-hauteur-reglable-noir\/\" \/>\n<meta property=\"og:locale\" content=\"fr_CA\" \/>\n<meta property=\"og:type\" content=\"article\" \/>\n<meta property=\"og:title\" content=\"Luxor Adjustable-Height Steel AV Cart - Cabinet - Black - Ks Products\" \/>\n<meta property=\"og:description\" content=\"This popular multipurpose utility cart will securely store and transport your valuable electronic equipment from room to room.\" \/>\n<meta property=\"og:url\" content=\"https:\/\/ksproducts.ca\/fr\/product\/luxor-armoire-a-chariots-en-acier-a-hauteur-reglable-noir\/\" \/>\n<meta property=\"og:site_name\" content=\"Ks Products\" \/>\n<meta property=\"article:modified_time\" content=\"2026-04-19T07:32:39+00:00\" \/>\n<meta property=\"og:image\" content=\"https:\/\/ksproducts.ca\/wp-content\/uploads\/2023\/04\/avj42c_42in-adjustable-height-steel-av-cart-three-shelves-black-electric-cabinet-propped-warehouse-environment_1-jpg.webp\" \/>\n\t<meta property=\"og:image:width\" content=\"1920\" \/>\n\t<meta property=\"og:image:height\" content=\"1280\" \/>\n\t<meta property=\"og:image:type\" content=\"image\/jpeg\" \/>\n<meta name=\"twitter:card\" content=\"summary_large_image\" \/>\n<meta name=\"twitter:label1\" content=\"Estimation du temps de lecture\" \/>\n\t<meta name=\"twitter:data1\" content=\"1 minute\" \/>\n<script type=\"application\/ld+json\" class=\"yoast-schema-graph\">{\"@context\":\"https:\\\/\\\/schema.org\",\"@graph\":[{\"@type\":\"WebPage\",\"@id\":\"https:\\\/\\\/ksproducts.ca\\\/product\\\/luxor-adjustable-height-steel-av-cart-cabinet-black\\\/\",\"url\":\"https:\\\/\\\/ksproducts.ca\\\/product\\\/luxor-adjustable-height-steel-av-cart-cabinet-black\\\/\",\"name\":\"Luxor Adjustable-Height Steel AV Cart - Cabinet - Black - Ks Products\",\"isPartOf\":{\"@id\":\"https:\\\/\\\/ksproducts.ca\\\/#website\"},\"primaryImageOfPage\":{\"@id\":\"https:\\\/\\\/ksproducts.ca\\\/product\\\/luxor-adjustable-height-steel-av-cart-cabinet-black\\\/#primaryimage\"},\"image\":{\"@id\":\"https:\\\/\\\/ksproducts.ca\\\/product\\\/luxor-adjustable-height-steel-av-cart-cabinet-black\\\/#primaryimage\"},\"thumbnailUrl\":\"https:\\\/\\\/ksproducts.ca\\\/wp-content\\\/uploads\\\/2023\\\/04\\\/avj42c_42in-adjustable-height-steel-av-cart-three-shelves-black-electric-cabinet-propped-warehouse-environment_1-jpg.webp\",\"datePublished\":\"2023-04-05T19:37:33+00:00\",\"dateModified\":\"2026-04-19T07:32:39+00:00\",\"description\":\"This popular multipurpose utility cart will securely store and transport your valuable electronic equipment from room to room.\",\"breadcrumb\":{\"@id\":\"https:\\\/\\\/ksproducts.ca\\\/product\\\/luxor-adjustable-height-steel-av-cart-cabinet-black\\\/#breadcrumb\"},\"inLanguage\":\"fr-CA\",\"potentialAction\":[{\"@type\":\"ReadAction\",\"target\":[\"https:\\\/\\\/ksproducts.ca\\\/product\\\/luxor-adjustable-height-steel-av-cart-cabinet-black\\\/\"]}]},{\"@type\":\"ImageObject\",\"inLanguage\":\"fr-CA\",\"@id\":\"https:\\\/\\\/ksproducts.ca\\\/product\\\/luxor-adjustable-height-steel-av-cart-cabinet-black\\\/#primaryimage\",\"url\":\"https:\\\/\\\/ksproducts.ca\\\/wp-content\\\/uploads\\\/2023\\\/04\\\/avj42c_42in-adjustable-height-steel-av-cart-three-shelves-black-electric-cabinet-propped-warehouse-environment_1-jpg.webp\",\"contentUrl\":\"https:\\\/\\\/ksproducts.ca\\\/wp-content\\\/uploads\\\/2023\\\/04\\\/avj42c_42in-adjustable-height-steel-av-cart-three-shelves-black-electric-cabinet-propped-warehouse-environment_1-jpg.webp\",\"width\":1920,\"height\":1280,\"caption\":\"Luxor Adjustable-Height Steel AV Cart - Cabinet - Black\"},{\"@type\":\"BreadcrumbList\",\"@id\":\"https:\\\/\\\/ksproducts.ca\\\/product\\\/luxor-adjustable-height-steel-av-cart-cabinet-black\\\/#breadcrumb\",\"itemListElement\":[{\"@type\":\"ListItem\",\"position\":1,\"name\":\"Home\",\"item\":\"https:\\\/\\\/ksproducts.ca\\\/\"},{\"@type\":\"ListItem\",\"position\":2,\"name\":\"Shop\",\"item\":\"https:\\\/\\\/ksproducts.ca\\\/shop\\\/\"},{\"@type\":\"ListItem\",\"position\":3,\"name\":\"Luxor Adjustable-Height Steel AV Cart &#8211; Cabinet &#8211; Black\"}]},{\"@type\":\"WebSite\",\"@id\":\"https:\\\/\\\/ksproducts.ca\\\/#website\",\"url\":\"https:\\\/\\\/ksproducts.ca\\\/\",\"name\":\"Ks Products\",\"description\":\"Outdoor cooking and living, made easy in Canada\",\"publisher\":{\"@id\":\"https:\\\/\\\/ksproducts.ca\\\/#organization\"},\"potentialAction\":[{\"@type\":\"SearchAction\",\"target\":{\"@type\":\"EntryPoint\",\"urlTemplate\":\"https:\\\/\\\/ksproducts.ca\\\/?s={search_term_string}\"},\"query-input\":{\"@type\":\"PropertyValueSpecification\",\"valueRequired\":true,\"valueName\":\"search_term_string\"}}],\"inLanguage\":\"fr-CA\"},{\"@type\":\"Organization\",\"@id\":\"https:\\\/\\\/ksproducts.ca\\\/#organization\",\"name\":\"Ks Products\",\"url\":\"https:\\\/\\\/ksproducts.ca\\\/\",\"logo\":{\"@type\":\"ImageObject\",\"inLanguage\":\"fr-CA\",\"@id\":\"https:\\\/\\\/ksproducts.ca\\\/#\\\/schema\\\/logo\\\/image\\\/\",\"url\":\"https:\\\/\\\/ksproducts.ca\\\/wp-content\\\/uploads\\\/2023\\\/09\\\/Kennedy-Sales-Logo-header-1.png\",\"contentUrl\":\"https:\\\/\\\/ksproducts.ca\\\/wp-content\\\/uploads\\\/2023\\\/09\\\/Kennedy-Sales-Logo-header-1.png\",\"width\":150,\"height\":77,\"caption\":\"Ks Products\"},\"image\":{\"@id\":\"https:\\\/\\\/ksproducts.ca\\\/#\\\/schema\\\/logo\\\/image\\\/\"}}]}<\/script>\n<!-- \/ Yoast SEO plugin. -->","yoast_head_json":{"title":"Luxor Chariot AV en acier \u00e0 hauteur r\u00e9glable - Armoire - Noir - Ks Products","description":"Ce chariot polyvalent tr\u00e8s appr\u00e9ci\u00e9 permet de ranger et de transporter en toute s\u00e9curit\u00e9 votre mat\u00e9riel \u00e9lectronique de valeur d'une pi\u00e8ce \u00e0 l'autre.","robots":{"index":"index","follow":"follow","max-snippet":"max-snippet:-1","max-image-preview":"max-image-preview:large","max-video-preview":"max-video-preview:-1"},"canonical":"https:\/\/ksproducts.ca\/fr\/product\/luxor-armoire-a-chariots-en-acier-a-hauteur-reglable-noir\/","og_locale":"fr_CA","og_type":"article","og_title":"Luxor Adjustable-Height Steel AV Cart - Cabinet - Black - Ks Products","og_description":"This popular multipurpose utility cart will securely store and transport your valuable electronic equipment from room to room.","og_url":"https:\/\/ksproducts.ca\/fr\/product\/luxor-armoire-a-chariots-en-acier-a-hauteur-reglable-noir\/","og_site_name":"Ks Products","article_modified_time":"2026-04-19T07:32:39+00:00","og_image":[{"width":1920,"height":1280,"url":"https:\/\/ksproducts.ca\/wp-content\/uploads\/2023\/04\/avj42c_42in-adjustable-height-steel-av-cart-three-shelves-black-electric-cabinet-propped-warehouse-environment_1-jpg.webp","type":"image\/jpeg"}],"twitter_card":"summary_large_image","twitter_misc":{"Estimation du temps de lecture":"1 minute"},"schema":{"@context":"https:\/\/schema.org","@graph":[{"@type":"WebPage","@id":"https:\/\/ksproducts.ca\/product\/luxor-adjustable-height-steel-av-cart-cabinet-black\/","url":"https:\/\/ksproducts.ca\/product\/luxor-adjustable-height-steel-av-cart-cabinet-black\/","name":"Luxor Chariot AV en acier \u00e0 hauteur r\u00e9glable - Armoire - Noir - Ks Products","isPartOf":{"@id":"https:\/\/ksproducts.ca\/#website"},"primaryImageOfPage":{"@id":"https:\/\/ksproducts.ca\/product\/luxor-adjustable-height-steel-av-cart-cabinet-black\/#primaryimage"},"image":{"@id":"https:\/\/ksproducts.ca\/product\/luxor-adjustable-height-steel-av-cart-cabinet-black\/#primaryimage"},"thumbnailUrl":"https:\/\/ksproducts.ca\/wp-content\/uploads\/2023\/04\/avj42c_42in-adjustable-height-steel-av-cart-three-shelves-black-electric-cabinet-propped-warehouse-environment_1-jpg.webp","datePublished":"2023-04-05T19:37:33+00:00","dateModified":"2026-04-19T07:32:39+00:00","description":"Ce chariot polyvalent tr\u00e8s appr\u00e9ci\u00e9 permet de ranger et de transporter en toute s\u00e9curit\u00e9 votre mat\u00e9riel \u00e9lectronique de valeur d'une pi\u00e8ce \u00e0 l'autre.","breadcrumb":{"@id":"https:\/\/ksproducts.ca\/product\/luxor-adjustable-height-steel-av-cart-cabinet-black\/#breadcrumb"},"inLanguage":"fr-CA","potentialAction":[{"@type":"ReadAction","target":["https:\/\/ksproducts.ca\/product\/luxor-adjustable-height-steel-av-cart-cabinet-black\/"]}]},{"@type":"ImageObject","inLanguage":"fr-CA","@id":"https:\/\/ksproducts.ca\/product\/luxor-adjustable-height-steel-av-cart-cabinet-black\/#primaryimage","url":"https:\/\/ksproducts.ca\/wp-content\/uploads\/2023\/04\/avj42c_42in-adjustable-height-steel-av-cart-three-shelves-black-electric-cabinet-propped-warehouse-environment_1-jpg.webp","contentUrl":"https:\/\/ksproducts.ca\/wp-content\/uploads\/2023\/04\/avj42c_42in-adjustable-height-steel-av-cart-three-shelves-black-electric-cabinet-propped-warehouse-environment_1-jpg.webp","width":1920,"height":1280,"caption":"Luxor Adjustable-Height Steel AV Cart - Cabinet - Black"},{"@type":"BreadcrumbList","@id":"https:\/\/ksproducts.ca\/product\/luxor-adjustable-height-steel-av-cart-cabinet-black\/#breadcrumb","itemListElement":[{"@type":"ListItem","position":1,"name":"Home","item":"https:\/\/ksproducts.ca\/"},{"@type":"ListItem","position":2,"name":"Shop","item":"https:\/\/ksproducts.ca\/shop\/"},{"@type":"ListItem","position":3,"name":"Luxor Adjustable-Height Steel AV Cart &#8211; Cabinet &#8211; Black"}]},{"@type":"WebSite","@id":"https:\/\/ksproducts.ca\/#website","url":"https:\/\/ksproducts.ca\/","name":"Produits Ks","description":"Cuisiner et vivre en plein air, c'est facile au Canada","publisher":{"@id":"https:\/\/ksproducts.ca\/#organization"},"potentialAction":[{"@type":"SearchAction","target":{"@type":"EntryPoint","urlTemplate":"https:\/\/ksproducts.ca\/?s={search_term_string}"},"query-input":{"@type":"PropertyValueSpecification","valueRequired":true,"valueName":"search_term_string"}}],"inLanguage":"fr-CA"},{"@type":"Organization","@id":"https:\/\/ksproducts.ca\/#organization","name":"Produits Ks","url":"https:\/\/ksproducts.ca\/","logo":{"@type":"ImageObject","inLanguage":"fr-CA","@id":"https:\/\/ksproducts.ca\/#\/schema\/logo\/image\/","url":"https:\/\/ksproducts.ca\/wp-content\/uploads\/2023\/09\/Kennedy-Sales-Logo-header-1.png","contentUrl":"https:\/\/ksproducts.ca\/wp-content\/uploads\/2023\/09\/Kennedy-Sales-Logo-header-1.png","width":150,"height":77,"caption":"Ks Products"},"image":{"@id":"https:\/\/ksproducts.ca\/#\/schema\/logo\/image\/"}}]}},"_links":{"self":[{"href":"https:\/\/ksproducts.ca\/fr\/wp-json\/wp\/v2\/product\/6313","targetHints":{"allow":["GET"]}}],"collection":[{"href":"https:\/\/ksproducts.ca\/fr\/wp-json\/wp\/v2\/product"}],"about":[{"href":"https:\/\/ksproducts.ca\/fr\/wp-json\/wp\/v2\/types\/product"}],"replies":[{"embeddable":true,"href":"https:\/\/ksproducts.ca\/fr\/wp-json\/wp\/v2\/comments?post=6313"}],"version-history":[{"count":1,"href":"https:\/\/ksproducts.ca\/fr\/wp-json\/wp\/v2\/product\/6313\/revisions"}],"predecessor-version":[{"id":10142,"href":"https:\/\/ksproducts.ca\/fr\/wp-json\/wp\/v2\/product\/6313\/revisions\/10142"}],"wp:featuredmedia":[{"embeddable":true,"href":"https:\/\/ksproducts.ca\/fr\/wp-json\/wp\/v2\/media\/6314"}],"wp:attachment":[{"href":"https:\/\/ksproducts.ca\/fr\/wp-json\/wp\/v2\/media?parent=6313"}],"wp:term":[{"taxonomy":"product_cat","embeddable":true,"href":"https:\/\/ksproducts.ca\/fr\/wp-json\/wp\/v2\/product_cat?post=6313"},{"taxonomy":"product_tag","embeddable":true,"href":"https:\/\/ksproducts.ca\/fr\/wp-json\/wp\/v2\/product_tag?post=6313"}],"curies":[{"name":"wp","href":"https:\/\/api.w.org\/{rel}","templated":true}]}}