{"id":6316,"date":"2023-04-06T14:25:33","date_gmt":"2023-04-06T14:25:33","guid":{"rendered":"https:\/\/ksproducts.ca\/?post_type=product&#038;p=6316"},"modified":"2025-09-18T13:17:13","modified_gmt":"2025-09-18T13:17:13","slug":"luxor-chariot-dav-a-hauteur-reglable-en-acier-plateau-extractible-noir","status":"publish","type":"product","link":"https:\/\/ksproducts.ca\/fr\/product\/luxor-adjustable-height-steel-av-cart-pullout-tray-black\/","title":{"rendered":"Luxor Chariot AV en acier \u00e0 hauteur r\u00e9glable - Plateau coulissant - Noir"},"content":{"rendered":"<p>Exposez, transportez et utilisez facilement votre \u00e9quipement gr\u00e2ce \u00e0 ce chariot polyvalent Luxor. Le chariot r\u00e9glable en hauteur s'adapte \u00e0 diff\u00e9rents utilisateurs ou applications ; la tablette pour clavier escamotable facilite l'utilisation d'un ordinateur portable ou d'un ordinateur tout en se rangeant proprement pour le stockage et le transport. Un rebord de retenue sur les trois \u00e9tag\u00e8res et un coussin antid\u00e9rapant sur l'\u00e9tag\u00e8re sup\u00e9rieure s\u00e9curisent les projecteurs, les ordinateurs portables et autres \u00e9quipements de pr\u00e9sentation pendant le transport. Gr\u00e2ce \u00e0 ses nombreuses \u00e9tag\u00e8res et \u00e0 sa construction en acier durable, ce chariot fabriqu\u00e9 aux \u00c9tats-Unis peut servir de poste de travail informatique, de chariot audiovisuel ou informatique, d'unit\u00e9 de stockage mobile ou de station de pr\u00e9sentation.<\/p>","protected":false},"excerpt":{"rendered":"<p>Display, transport and operate your equipment easily with this popular Luxor multi-use cart. The height-adjustable cart adapts to various users or applications; the pullout keyboard shelf aids laptop or computer<\/p>","protected":false},"featured_media":6315,"comment_status":"open","ping_status":"closed","template":"","meta":[],"product_cat":[433],"product_tag":[],"class_list":{"0":"post-6316","1":"product","2":"type-product","3":"status-publish","4":"has-post-thumbnail","6":"product_cat-utility-carts","7":"product_shipping_class-class-4","9":"first","10":"instock","11":"taxable","12":"shipping-taxable","13":"purchasable","14":"product-type-simple"},"yoast_head":"<!-- This site is optimized with the Yoast SEO plugin v27.3 - https:\/\/yoast.com\/product\/yoast-seo-wordpress\/ -->\n<title>Luxor Adjustable-Height Steel AV Cart - Pullout Tray - Black - Ks Products<\/title>\n<meta name=\"description\" content=\"Display, transport and operate your equipment easily with this popular Luxor multi-use cart.\" \/>\n<meta name=\"robots\" content=\"index, follow, max-snippet:-1, max-image-preview:large, max-video-preview:-1\" \/>\n<link rel=\"canonical\" href=\"https:\/\/ksproducts.ca\/fr\/product\/luxor-chariot-dav-a-hauteur-reglable-en-acier-plateau-extractible-noir\/\" \/>\n<meta property=\"og:locale\" content=\"fr_CA\" \/>\n<meta property=\"og:type\" content=\"article\" \/>\n<meta property=\"og:title\" content=\"Luxor Adjustable-Height Steel AV Cart - Pullout Tray - Black - Ks Products\" \/>\n<meta property=\"og:description\" content=\"Display, transport and operate your equipment easily with this popular Luxor multi-use cart.\" \/>\n<meta property=\"og:url\" content=\"https:\/\/ksproducts.ca\/fr\/product\/luxor-chariot-dav-a-hauteur-reglable-en-acier-plateau-extractible-noir\/\" \/>\n<meta property=\"og:site_name\" content=\"Ks Products\" \/>\n<meta property=\"article:modified_time\" content=\"2025-09-18T13:17:13+00:00\" \/>\n<meta property=\"og:image\" content=\"https:\/\/ksproducts.ca\/wp-content\/uploads\/2023\/04\/avj42c_42in-adjustable-height-steel-av-cart-three-shelves-black-electric-cabinet_0-jpg.webp\" \/>\n\t<meta property=\"og:image:width\" content=\"1920\" \/>\n\t<meta property=\"og:image:height\" content=\"1920\" \/>\n\t<meta property=\"og:image:type\" content=\"image\/jpeg\" \/>\n<meta name=\"twitter:card\" content=\"summary_large_image\" \/>\n<meta name=\"twitter:label1\" content=\"Estimation du temps de lecture\" \/>\n\t<meta name=\"twitter:data1\" content=\"1 minute\" \/>\n<script type=\"application\/ld+json\" class=\"yoast-schema-graph\">{\"@context\":\"https:\\\/\\\/schema.org\",\"@graph\":[{\"@type\":\"WebPage\",\"@id\":\"https:\\\/\\\/ksproducts.ca\\\/product\\\/luxor-adjustable-height-steel-av-cart-pullout-tray-black\\\/\",\"url\":\"https:\\\/\\\/ksproducts.ca\\\/product\\\/luxor-adjustable-height-steel-av-cart-pullout-tray-black\\\/\",\"name\":\"Luxor Adjustable-Height Steel AV Cart - Pullout Tray - Black - Ks Products\",\"isPartOf\":{\"@id\":\"https:\\\/\\\/ksproducts.ca\\\/#website\"},\"primaryImageOfPage\":{\"@id\":\"https:\\\/\\\/ksproducts.ca\\\/product\\\/luxor-adjustable-height-steel-av-cart-pullout-tray-black\\\/#primaryimage\"},\"image\":{\"@id\":\"https:\\\/\\\/ksproducts.ca\\\/product\\\/luxor-adjustable-height-steel-av-cart-pullout-tray-black\\\/#primaryimage\"},\"thumbnailUrl\":\"https:\\\/\\\/ksproducts.ca\\\/wp-content\\\/uploads\\\/2023\\\/04\\\/avj42c_42in-adjustable-height-steel-av-cart-three-shelves-black-electric-cabinet_0-jpg.webp\",\"datePublished\":\"2023-04-06T14:25:33+00:00\",\"dateModified\":\"2025-09-18T13:17:13+00:00\",\"description\":\"Display, transport and operate your equipment easily with this popular Luxor multi-use cart.\",\"breadcrumb\":{\"@id\":\"https:\\\/\\\/ksproducts.ca\\\/product\\\/luxor-adjustable-height-steel-av-cart-pullout-tray-black\\\/#breadcrumb\"},\"inLanguage\":\"fr-CA\",\"potentialAction\":[{\"@type\":\"ReadAction\",\"target\":[\"https:\\\/\\\/ksproducts.ca\\\/product\\\/luxor-adjustable-height-steel-av-cart-pullout-tray-black\\\/\"]}]},{\"@type\":\"ImageObject\",\"inLanguage\":\"fr-CA\",\"@id\":\"https:\\\/\\\/ksproducts.ca\\\/product\\\/luxor-adjustable-height-steel-av-cart-pullout-tray-black\\\/#primaryimage\",\"url\":\"https:\\\/\\\/ksproducts.ca\\\/wp-content\\\/uploads\\\/2023\\\/04\\\/avj42c_42in-adjustable-height-steel-av-cart-three-shelves-black-electric-cabinet_0-jpg.webp\",\"contentUrl\":\"https:\\\/\\\/ksproducts.ca\\\/wp-content\\\/uploads\\\/2023\\\/04\\\/avj42c_42in-adjustable-height-steel-av-cart-three-shelves-black-electric-cabinet_0-jpg.webp\",\"width\":1920,\"height\":1920,\"caption\":\"avj42c 42in adjustable height steel av cart three shelves black electric cabinet 0 jpg\"},{\"@type\":\"BreadcrumbList\",\"@id\":\"https:\\\/\\\/ksproducts.ca\\\/product\\\/luxor-adjustable-height-steel-av-cart-pullout-tray-black\\\/#breadcrumb\",\"itemListElement\":[{\"@type\":\"ListItem\",\"position\":1,\"name\":\"Home\",\"item\":\"https:\\\/\\\/ksproducts.ca\\\/\"},{\"@type\":\"ListItem\",\"position\":2,\"name\":\"Shop\",\"item\":\"https:\\\/\\\/ksproducts.ca\\\/shop\\\/\"},{\"@type\":\"ListItem\",\"position\":3,\"name\":\"Luxor Adjustable-Height Steel AV Cart &#8211; Pullout Tray &#8211; Black\"}]},{\"@type\":\"WebSite\",\"@id\":\"https:\\\/\\\/ksproducts.ca\\\/#website\",\"url\":\"https:\\\/\\\/ksproducts.ca\\\/\",\"name\":\"Ks Products\",\"description\":\"Outdoor cooking and living, made easy in Canada\",\"publisher\":{\"@id\":\"https:\\\/\\\/ksproducts.ca\\\/#organization\"},\"potentialAction\":[{\"@type\":\"SearchAction\",\"target\":{\"@type\":\"EntryPoint\",\"urlTemplate\":\"https:\\\/\\\/ksproducts.ca\\\/?s={search_term_string}\"},\"query-input\":{\"@type\":\"PropertyValueSpecification\",\"valueRequired\":true,\"valueName\":\"search_term_string\"}}],\"inLanguage\":\"fr-CA\"},{\"@type\":\"Organization\",\"@id\":\"https:\\\/\\\/ksproducts.ca\\\/#organization\",\"name\":\"Ks Products\",\"url\":\"https:\\\/\\\/ksproducts.ca\\\/\",\"logo\":{\"@type\":\"ImageObject\",\"inLanguage\":\"fr-CA\",\"@id\":\"https:\\\/\\\/ksproducts.ca\\\/#\\\/schema\\\/logo\\\/image\\\/\",\"url\":\"https:\\\/\\\/ksproducts.ca\\\/wp-content\\\/uploads\\\/2023\\\/09\\\/Kennedy-Sales-Logo-header-1.png\",\"contentUrl\":\"https:\\\/\\\/ksproducts.ca\\\/wp-content\\\/uploads\\\/2023\\\/09\\\/Kennedy-Sales-Logo-header-1.png\",\"width\":150,\"height\":77,\"caption\":\"Ks Products\"},\"image\":{\"@id\":\"https:\\\/\\\/ksproducts.ca\\\/#\\\/schema\\\/logo\\\/image\\\/\"}}]}<\/script>\n<!-- \/ Yoast SEO plugin. -->","yoast_head_json":{"title":"Luxor Chariot AV en acier \u00e0 hauteur r\u00e9glable - Plateau coulissant - Noir - Ks Products","description":"Exposez, transportez et utilisez facilement votre \u00e9quipement gr\u00e2ce \u00e0 ce chariot polyvalent Luxor.","robots":{"index":"index","follow":"follow","max-snippet":"max-snippet:-1","max-image-preview":"max-image-preview:large","max-video-preview":"max-video-preview:-1"},"canonical":"https:\/\/ksproducts.ca\/fr\/product\/luxor-chariot-dav-a-hauteur-reglable-en-acier-plateau-extractible-noir\/","og_locale":"fr_CA","og_type":"article","og_title":"Luxor Adjustable-Height Steel AV Cart - Pullout Tray - Black - Ks Products","og_description":"Display, transport and operate your equipment easily with this popular Luxor multi-use cart.","og_url":"https:\/\/ksproducts.ca\/fr\/product\/luxor-chariot-dav-a-hauteur-reglable-en-acier-plateau-extractible-noir\/","og_site_name":"Ks Products","article_modified_time":"2025-09-18T13:17:13+00:00","og_image":[{"width":1920,"height":1920,"url":"https:\/\/ksproducts.ca\/wp-content\/uploads\/2023\/04\/avj42c_42in-adjustable-height-steel-av-cart-three-shelves-black-electric-cabinet_0-jpg.webp","type":"image\/jpeg"}],"twitter_card":"summary_large_image","twitter_misc":{"Estimation du temps de lecture":"1 minute"},"schema":{"@context":"https:\/\/schema.org","@graph":[{"@type":"WebPage","@id":"https:\/\/ksproducts.ca\/product\/luxor-adjustable-height-steel-av-cart-pullout-tray-black\/","url":"https:\/\/ksproducts.ca\/product\/luxor-adjustable-height-steel-av-cart-pullout-tray-black\/","name":"Luxor Chariot AV en acier \u00e0 hauteur r\u00e9glable - Plateau coulissant - Noir - Ks Products","isPartOf":{"@id":"https:\/\/ksproducts.ca\/#website"},"primaryImageOfPage":{"@id":"https:\/\/ksproducts.ca\/product\/luxor-adjustable-height-steel-av-cart-pullout-tray-black\/#primaryimage"},"image":{"@id":"https:\/\/ksproducts.ca\/product\/luxor-adjustable-height-steel-av-cart-pullout-tray-black\/#primaryimage"},"thumbnailUrl":"https:\/\/ksproducts.ca\/wp-content\/uploads\/2023\/04\/avj42c_42in-adjustable-height-steel-av-cart-three-shelves-black-electric-cabinet_0-jpg.webp","datePublished":"2023-04-06T14:25:33+00:00","dateModified":"2025-09-18T13:17:13+00:00","description":"Exposez, transportez et utilisez facilement votre \u00e9quipement gr\u00e2ce \u00e0 ce chariot polyvalent Luxor.","breadcrumb":{"@id":"https:\/\/ksproducts.ca\/product\/luxor-adjustable-height-steel-av-cart-pullout-tray-black\/#breadcrumb"},"inLanguage":"fr-CA","potentialAction":[{"@type":"ReadAction","target":["https:\/\/ksproducts.ca\/product\/luxor-adjustable-height-steel-av-cart-pullout-tray-black\/"]}]},{"@type":"ImageObject","inLanguage":"fr-CA","@id":"https:\/\/ksproducts.ca\/product\/luxor-adjustable-height-steel-av-cart-pullout-tray-black\/#primaryimage","url":"https:\/\/ksproducts.ca\/wp-content\/uploads\/2023\/04\/avj42c_42in-adjustable-height-steel-av-cart-three-shelves-black-electric-cabinet_0-jpg.webp","contentUrl":"https:\/\/ksproducts.ca\/wp-content\/uploads\/2023\/04\/avj42c_42in-adjustable-height-steel-av-cart-three-shelves-black-electric-cabinet_0-jpg.webp","width":1920,"height":1920,"caption":"avj42c 42in adjustable height steel av cart three shelves black electric cabinet 0 jpg"},{"@type":"BreadcrumbList","@id":"https:\/\/ksproducts.ca\/product\/luxor-adjustable-height-steel-av-cart-pullout-tray-black\/#breadcrumb","itemListElement":[{"@type":"ListItem","position":1,"name":"Home","item":"https:\/\/ksproducts.ca\/"},{"@type":"ListItem","position":2,"name":"Shop","item":"https:\/\/ksproducts.ca\/shop\/"},{"@type":"ListItem","position":3,"name":"Luxor Adjustable-Height Steel AV Cart &#8211; Pullout Tray &#8211; Black"}]},{"@type":"WebSite","@id":"https:\/\/ksproducts.ca\/#website","url":"https:\/\/ksproducts.ca\/","name":"Produits Ks","description":"Cuisiner et vivre en plein air, c'est facile au Canada","publisher":{"@id":"https:\/\/ksproducts.ca\/#organization"},"potentialAction":[{"@type":"SearchAction","target":{"@type":"EntryPoint","urlTemplate":"https:\/\/ksproducts.ca\/?s={search_term_string}"},"query-input":{"@type":"PropertyValueSpecification","valueRequired":true,"valueName":"search_term_string"}}],"inLanguage":"fr-CA"},{"@type":"Organization","@id":"https:\/\/ksproducts.ca\/#organization","name":"Produits Ks","url":"https:\/\/ksproducts.ca\/","logo":{"@type":"ImageObject","inLanguage":"fr-CA","@id":"https:\/\/ksproducts.ca\/#\/schema\/logo\/image\/","url":"https:\/\/ksproducts.ca\/wp-content\/uploads\/2023\/09\/Kennedy-Sales-Logo-header-1.png","contentUrl":"https:\/\/ksproducts.ca\/wp-content\/uploads\/2023\/09\/Kennedy-Sales-Logo-header-1.png","width":150,"height":77,"caption":"Ks Products"},"image":{"@id":"https:\/\/ksproducts.ca\/#\/schema\/logo\/image\/"}}]}},"_links":{"self":[{"href":"https:\/\/ksproducts.ca\/fr\/wp-json\/wp\/v2\/product\/6316","targetHints":{"allow":["GET"]}}],"collection":[{"href":"https:\/\/ksproducts.ca\/fr\/wp-json\/wp\/v2\/product"}],"about":[{"href":"https:\/\/ksproducts.ca\/fr\/wp-json\/wp\/v2\/types\/product"}],"replies":[{"embeddable":true,"href":"https:\/\/ksproducts.ca\/fr\/wp-json\/wp\/v2\/comments?post=6316"}],"version-history":[{"count":1,"href":"https:\/\/ksproducts.ca\/fr\/wp-json\/wp\/v2\/product\/6316\/revisions"}],"predecessor-version":[{"id":10143,"href":"https:\/\/ksproducts.ca\/fr\/wp-json\/wp\/v2\/product\/6316\/revisions\/10143"}],"wp:featuredmedia":[{"embeddable":true,"href":"https:\/\/ksproducts.ca\/fr\/wp-json\/wp\/v2\/media\/6315"}],"wp:attachment":[{"href":"https:\/\/ksproducts.ca\/fr\/wp-json\/wp\/v2\/media?parent=6316"}],"wp:term":[{"taxonomy":"product_cat","embeddable":true,"href":"https:\/\/ksproducts.ca\/fr\/wp-json\/wp\/v2\/product_cat?post=6316"},{"taxonomy":"product_tag","embeddable":true,"href":"https:\/\/ksproducts.ca\/fr\/wp-json\/wp\/v2\/product_tag?post=6316"}],"curies":[{"name":"wp","href":"https:\/\/api.w.org\/{rel}","templated":true}]}}