{"id":6319,"date":"2023-04-06T14:38:49","date_gmt":"2023-04-06T14:38:49","guid":{"rendered":"https:\/\/ksproducts.ca\/?post_type=product&#038;p=6319"},"modified":"2025-09-18T13:17:26","modified_gmt":"2025-09-18T13:17:26","slug":"luxor-chariot-metallique-a-hauteur-reglable-plateau-a-clavier-extractible-et-armoire-noir","status":"publish","type":"product","link":"https:\/\/ksproducts.ca\/fr\/product\/luxor-adjustable-height-metal-cart-pullout-keyboard-tray-and-cabinet-black\/","title":{"rendered":"Luxor Chariot m\u00e9tallique \u00e0 hauteur r\u00e9glable Plateau \u00e0 clavier coulissant et armoire - Noir"},"content":{"rendered":"<p>Rangement, solidit\u00e9 et conception intelligente sont r\u00e9unis dans ce chariot utilitaire pour r\u00e9pondre \u00e0 une vari\u00e9t\u00e9 de besoins audiovisuels et d'utilisateurs. Les caract\u00e9ristiques comprennent un plateau r\u00e9tractable pour clavier\/tablette, une \u00e9tag\u00e8re de rangement centrale et une armoire de rangement verrouillable pour ranger l'\u00e9quipement. Et comme l'\u00e9tag\u00e8re sup\u00e9rieure peut \u00eatre r\u00e9gl\u00e9e \u00e0 des hauteurs comprises entre 24 et 42 pouces par incr\u00e9ments de 2 pouces, ce chariot s'adapte confortablement aux pr\u00e9sentateurs de diff\u00e9rentes tailles. Les roulettes pivotantes de 4 pouces facilitent le d\u00e9placement et les deux freins de blocage assurent la stabilit\u00e9 lorsque vous en avez besoin. La construction en acier garantit que le chariot est con\u00e7u pour durer.<\/p>","protected":false},"excerpt":{"rendered":"<p>Storage, strength and a smart design come together in this utility cart to accommodate a variety of AV needs and users. Features include a retractable keyboard\/tablet tray, middle storage shelf<\/p>","protected":false},"featured_media":6320,"comment_status":"open","ping_status":"closed","template":"","meta":[],"product_cat":[433],"product_tag":[],"class_list":{"0":"post-6319","1":"product","2":"type-product","3":"status-publish","4":"has-post-thumbnail","6":"product_cat-utility-carts","7":"product_shipping_class-class-4","9":"first","10":"instock","11":"taxable","12":"shipping-taxable","13":"purchasable","14":"product-type-simple"},"yoast_head":"<!-- This site is optimized with the Yoast SEO plugin v27.3 - https:\/\/yoast.com\/product\/yoast-seo-wordpress\/ -->\n<title>Luxor Adjustable Height Metal Cart Pullout Keyboard Tray and Cabinet - Black - Ks Products<\/title>\n<meta name=\"description\" content=\"Storage, strength and a smart design come together in this utility cart to accommodate a variety of AV needs and users. Features include a retractable keyboard\/tablet tray, middle storage shelf and a locking storage cabinet to store equipment.\" \/>\n<meta name=\"robots\" content=\"index, follow, max-snippet:-1, max-image-preview:large, max-video-preview:-1\" \/>\n<link rel=\"canonical\" href=\"https:\/\/ksproducts.ca\/fr\/product\/luxor-chariot-metallique-a-hauteur-reglable-plateau-a-clavier-extractible-et-armoire-noir\/\" \/>\n<meta property=\"og:locale\" content=\"fr_CA\" \/>\n<meta property=\"og:type\" content=\"article\" \/>\n<meta property=\"og:title\" content=\"Luxor Adjustable Height Metal Cart Pullout Keyboard Tray and Cabinet - Black - Ks Products\" \/>\n<meta property=\"og:description\" content=\"Storage, strength and a smart design come together in this utility cart to accommodate a variety of AV needs and users. Features include a retractable keyboard\/tablet tray, middle storage shelf and a locking storage cabinet to store equipment.\" \/>\n<meta property=\"og:url\" content=\"https:\/\/ksproducts.ca\/fr\/product\/luxor-chariot-metallique-a-hauteur-reglable-plateau-a-clavier-extractible-et-armoire-noir\/\" \/>\n<meta property=\"og:site_name\" content=\"Ks Products\" \/>\n<meta property=\"article:modified_time\" content=\"2025-09-18T13:17:26+00:00\" \/>\n<meta property=\"og:image\" content=\"https:\/\/ksproducts.ca\/wp-content\/uploads\/2023\/04\/avj42kbc_42in-adjustable-height-steel-av-cart-three-shelves-black-electric-cabinet-front-keyboard_0-jpg.webp\" \/>\n\t<meta property=\"og:image:width\" content=\"1920\" \/>\n\t<meta property=\"og:image:height\" content=\"1920\" \/>\n\t<meta property=\"og:image:type\" content=\"image\/jpeg\" \/>\n<meta name=\"twitter:card\" content=\"summary_large_image\" \/>\n<meta name=\"twitter:label1\" content=\"Estimation du temps de lecture\" \/>\n\t<meta name=\"twitter:data1\" content=\"1 minute\" \/>\n<script type=\"application\/ld+json\" class=\"yoast-schema-graph\">{\"@context\":\"https:\\\/\\\/schema.org\",\"@graph\":[{\"@type\":\"WebPage\",\"@id\":\"https:\\\/\\\/ksproducts.ca\\\/product\\\/luxor-adjustable-height-metal-cart-pullout-keyboard-tray-and-cabinet-black\\\/\",\"url\":\"https:\\\/\\\/ksproducts.ca\\\/product\\\/luxor-adjustable-height-metal-cart-pullout-keyboard-tray-and-cabinet-black\\\/\",\"name\":\"Luxor Adjustable Height Metal Cart Pullout Keyboard Tray and Cabinet - Black - Ks Products\",\"isPartOf\":{\"@id\":\"https:\\\/\\\/ksproducts.ca\\\/#website\"},\"primaryImageOfPage\":{\"@id\":\"https:\\\/\\\/ksproducts.ca\\\/product\\\/luxor-adjustable-height-metal-cart-pullout-keyboard-tray-and-cabinet-black\\\/#primaryimage\"},\"image\":{\"@id\":\"https:\\\/\\\/ksproducts.ca\\\/product\\\/luxor-adjustable-height-metal-cart-pullout-keyboard-tray-and-cabinet-black\\\/#primaryimage\"},\"thumbnailUrl\":\"https:\\\/\\\/ksproducts.ca\\\/wp-content\\\/uploads\\\/2023\\\/04\\\/avj42kbc_42in-adjustable-height-steel-av-cart-three-shelves-black-electric-cabinet-front-keyboard_0-jpg.webp\",\"datePublished\":\"2023-04-06T14:38:49+00:00\",\"dateModified\":\"2025-09-18T13:17:26+00:00\",\"description\":\"Storage, strength and a smart design come together in this utility cart to accommodate a variety of AV needs and users. Features include a retractable keyboard\\\/tablet tray, middle storage shelf and a locking storage cabinet to store equipment.\",\"breadcrumb\":{\"@id\":\"https:\\\/\\\/ksproducts.ca\\\/product\\\/luxor-adjustable-height-metal-cart-pullout-keyboard-tray-and-cabinet-black\\\/#breadcrumb\"},\"inLanguage\":\"fr-CA\",\"potentialAction\":[{\"@type\":\"ReadAction\",\"target\":[\"https:\\\/\\\/ksproducts.ca\\\/product\\\/luxor-adjustable-height-metal-cart-pullout-keyboard-tray-and-cabinet-black\\\/\"]}]},{\"@type\":\"ImageObject\",\"inLanguage\":\"fr-CA\",\"@id\":\"https:\\\/\\\/ksproducts.ca\\\/product\\\/luxor-adjustable-height-metal-cart-pullout-keyboard-tray-and-cabinet-black\\\/#primaryimage\",\"url\":\"https:\\\/\\\/ksproducts.ca\\\/wp-content\\\/uploads\\\/2023\\\/04\\\/avj42kbc_42in-adjustable-height-steel-av-cart-three-shelves-black-electric-cabinet-front-keyboard_0-jpg.webp\",\"contentUrl\":\"https:\\\/\\\/ksproducts.ca\\\/wp-content\\\/uploads\\\/2023\\\/04\\\/avj42kbc_42in-adjustable-height-steel-av-cart-three-shelves-black-electric-cabinet-front-keyboard_0-jpg.webp\",\"width\":1920,\"height\":1920,\"caption\":\"avj42kbc 42in adjustable height steel av cart three shelves black electric cabinet front keyboard 0 jpg\"},{\"@type\":\"BreadcrumbList\",\"@id\":\"https:\\\/\\\/ksproducts.ca\\\/product\\\/luxor-adjustable-height-metal-cart-pullout-keyboard-tray-and-cabinet-black\\\/#breadcrumb\",\"itemListElement\":[{\"@type\":\"ListItem\",\"position\":1,\"name\":\"Home\",\"item\":\"https:\\\/\\\/ksproducts.ca\\\/\"},{\"@type\":\"ListItem\",\"position\":2,\"name\":\"Shop\",\"item\":\"https:\\\/\\\/ksproducts.ca\\\/shop\\\/\"},{\"@type\":\"ListItem\",\"position\":3,\"name\":\"Luxor Adjustable Height Metal Cart Pullout Keyboard Tray and Cabinet &#8211; Black\"}]},{\"@type\":\"WebSite\",\"@id\":\"https:\\\/\\\/ksproducts.ca\\\/#website\",\"url\":\"https:\\\/\\\/ksproducts.ca\\\/\",\"name\":\"Ks Products\",\"description\":\"Outdoor cooking and living, made easy in Canada\",\"publisher\":{\"@id\":\"https:\\\/\\\/ksproducts.ca\\\/#organization\"},\"potentialAction\":[{\"@type\":\"SearchAction\",\"target\":{\"@type\":\"EntryPoint\",\"urlTemplate\":\"https:\\\/\\\/ksproducts.ca\\\/?s={search_term_string}\"},\"query-input\":{\"@type\":\"PropertyValueSpecification\",\"valueRequired\":true,\"valueName\":\"search_term_string\"}}],\"inLanguage\":\"fr-CA\"},{\"@type\":\"Organization\",\"@id\":\"https:\\\/\\\/ksproducts.ca\\\/#organization\",\"name\":\"Ks Products\",\"url\":\"https:\\\/\\\/ksproducts.ca\\\/\",\"logo\":{\"@type\":\"ImageObject\",\"inLanguage\":\"fr-CA\",\"@id\":\"https:\\\/\\\/ksproducts.ca\\\/#\\\/schema\\\/logo\\\/image\\\/\",\"url\":\"https:\\\/\\\/ksproducts.ca\\\/wp-content\\\/uploads\\\/2023\\\/09\\\/Kennedy-Sales-Logo-header-1.png\",\"contentUrl\":\"https:\\\/\\\/ksproducts.ca\\\/wp-content\\\/uploads\\\/2023\\\/09\\\/Kennedy-Sales-Logo-header-1.png\",\"width\":150,\"height\":77,\"caption\":\"Ks Products\"},\"image\":{\"@id\":\"https:\\\/\\\/ksproducts.ca\\\/#\\\/schema\\\/logo\\\/image\\\/\"}}]}<\/script>\n<!-- \/ Yoast SEO plugin. -->","yoast_head_json":{"title":"Luxor Chariot m\u00e9tallique \u00e0 hauteur r\u00e9glable Plateau \u00e0 clavier coulissant et armoire - Noir - Ks Products","description":"Rangement, solidit\u00e9 et conception intelligente sont r\u00e9unis dans ce chariot utilitaire pour r\u00e9pondre \u00e0 une vari\u00e9t\u00e9 de besoins audiovisuels et d'utilisateurs. Les caract\u00e9ristiques comprennent un plateau r\u00e9tractable pour clavier\/tablette, une \u00e9tag\u00e8re de rangement au milieu et une armoire de rangement verrouillable pour ranger l'\u00e9quipement.","robots":{"index":"index","follow":"follow","max-snippet":"max-snippet:-1","max-image-preview":"max-image-preview:large","max-video-preview":"max-video-preview:-1"},"canonical":"https:\/\/ksproducts.ca\/fr\/product\/luxor-chariot-metallique-a-hauteur-reglable-plateau-a-clavier-extractible-et-armoire-noir\/","og_locale":"fr_CA","og_type":"article","og_title":"Luxor Adjustable Height Metal Cart Pullout Keyboard Tray and Cabinet - Black - Ks Products","og_description":"Storage, strength and a smart design come together in this utility cart to accommodate a variety of AV needs and users. Features include a retractable keyboard\/tablet tray, middle storage shelf and a locking storage cabinet to store equipment.","og_url":"https:\/\/ksproducts.ca\/fr\/product\/luxor-chariot-metallique-a-hauteur-reglable-plateau-a-clavier-extractible-et-armoire-noir\/","og_site_name":"Ks Products","article_modified_time":"2025-09-18T13:17:26+00:00","og_image":[{"width":1920,"height":1920,"url":"https:\/\/ksproducts.ca\/wp-content\/uploads\/2023\/04\/avj42kbc_42in-adjustable-height-steel-av-cart-three-shelves-black-electric-cabinet-front-keyboard_0-jpg.webp","type":"image\/jpeg"}],"twitter_card":"summary_large_image","twitter_misc":{"Estimation du temps de lecture":"1 minute"},"schema":{"@context":"https:\/\/schema.org","@graph":[{"@type":"WebPage","@id":"https:\/\/ksproducts.ca\/product\/luxor-adjustable-height-metal-cart-pullout-keyboard-tray-and-cabinet-black\/","url":"https:\/\/ksproducts.ca\/product\/luxor-adjustable-height-metal-cart-pullout-keyboard-tray-and-cabinet-black\/","name":"Luxor Chariot m\u00e9tallique \u00e0 hauteur r\u00e9glable Plateau \u00e0 clavier coulissant et armoire - Noir - Ks Products","isPartOf":{"@id":"https:\/\/ksproducts.ca\/#website"},"primaryImageOfPage":{"@id":"https:\/\/ksproducts.ca\/product\/luxor-adjustable-height-metal-cart-pullout-keyboard-tray-and-cabinet-black\/#primaryimage"},"image":{"@id":"https:\/\/ksproducts.ca\/product\/luxor-adjustable-height-metal-cart-pullout-keyboard-tray-and-cabinet-black\/#primaryimage"},"thumbnailUrl":"https:\/\/ksproducts.ca\/wp-content\/uploads\/2023\/04\/avj42kbc_42in-adjustable-height-steel-av-cart-three-shelves-black-electric-cabinet-front-keyboard_0-jpg.webp","datePublished":"2023-04-06T14:38:49+00:00","dateModified":"2025-09-18T13:17:26+00:00","description":"Rangement, solidit\u00e9 et conception intelligente sont r\u00e9unis dans ce chariot utilitaire pour r\u00e9pondre \u00e0 une vari\u00e9t\u00e9 de besoins audiovisuels et d'utilisateurs. Les caract\u00e9ristiques comprennent un plateau r\u00e9tractable pour clavier\/tablette, une \u00e9tag\u00e8re de rangement au milieu et une armoire de rangement verrouillable pour ranger l'\u00e9quipement.","breadcrumb":{"@id":"https:\/\/ksproducts.ca\/product\/luxor-adjustable-height-metal-cart-pullout-keyboard-tray-and-cabinet-black\/#breadcrumb"},"inLanguage":"fr-CA","potentialAction":[{"@type":"ReadAction","target":["https:\/\/ksproducts.ca\/product\/luxor-adjustable-height-metal-cart-pullout-keyboard-tray-and-cabinet-black\/"]}]},{"@type":"ImageObject","inLanguage":"fr-CA","@id":"https:\/\/ksproducts.ca\/product\/luxor-adjustable-height-metal-cart-pullout-keyboard-tray-and-cabinet-black\/#primaryimage","url":"https:\/\/ksproducts.ca\/wp-content\/uploads\/2023\/04\/avj42kbc_42in-adjustable-height-steel-av-cart-three-shelves-black-electric-cabinet-front-keyboard_0-jpg.webp","contentUrl":"https:\/\/ksproducts.ca\/wp-content\/uploads\/2023\/04\/avj42kbc_42in-adjustable-height-steel-av-cart-three-shelves-black-electric-cabinet-front-keyboard_0-jpg.webp","width":1920,"height":1920,"caption":"avj42kbc 42in adjustable height steel av cart three shelves black electric cabinet front keyboard 0 jpg"},{"@type":"BreadcrumbList","@id":"https:\/\/ksproducts.ca\/product\/luxor-adjustable-height-metal-cart-pullout-keyboard-tray-and-cabinet-black\/#breadcrumb","itemListElement":[{"@type":"ListItem","position":1,"name":"Home","item":"https:\/\/ksproducts.ca\/"},{"@type":"ListItem","position":2,"name":"Shop","item":"https:\/\/ksproducts.ca\/shop\/"},{"@type":"ListItem","position":3,"name":"Luxor Adjustable Height Metal Cart Pullout Keyboard Tray and Cabinet &#8211; Black"}]},{"@type":"WebSite","@id":"https:\/\/ksproducts.ca\/#website","url":"https:\/\/ksproducts.ca\/","name":"Produits Ks","description":"Cuisiner et vivre en plein air, c'est facile au Canada","publisher":{"@id":"https:\/\/ksproducts.ca\/#organization"},"potentialAction":[{"@type":"SearchAction","target":{"@type":"EntryPoint","urlTemplate":"https:\/\/ksproducts.ca\/?s={search_term_string}"},"query-input":{"@type":"PropertyValueSpecification","valueRequired":true,"valueName":"search_term_string"}}],"inLanguage":"fr-CA"},{"@type":"Organization","@id":"https:\/\/ksproducts.ca\/#organization","name":"Produits Ks","url":"https:\/\/ksproducts.ca\/","logo":{"@type":"ImageObject","inLanguage":"fr-CA","@id":"https:\/\/ksproducts.ca\/#\/schema\/logo\/image\/","url":"https:\/\/ksproducts.ca\/wp-content\/uploads\/2023\/09\/Kennedy-Sales-Logo-header-1.png","contentUrl":"https:\/\/ksproducts.ca\/wp-content\/uploads\/2023\/09\/Kennedy-Sales-Logo-header-1.png","width":150,"height":77,"caption":"Ks Products"},"image":{"@id":"https:\/\/ksproducts.ca\/#\/schema\/logo\/image\/"}}]}},"_links":{"self":[{"href":"https:\/\/ksproducts.ca\/fr\/wp-json\/wp\/v2\/product\/6319","targetHints":{"allow":["GET"]}}],"collection":[{"href":"https:\/\/ksproducts.ca\/fr\/wp-json\/wp\/v2\/product"}],"about":[{"href":"https:\/\/ksproducts.ca\/fr\/wp-json\/wp\/v2\/types\/product"}],"replies":[{"embeddable":true,"href":"https:\/\/ksproducts.ca\/fr\/wp-json\/wp\/v2\/comments?post=6319"}],"version-history":[{"count":1,"href":"https:\/\/ksproducts.ca\/fr\/wp-json\/wp\/v2\/product\/6319\/revisions"}],"predecessor-version":[{"id":10144,"href":"https:\/\/ksproducts.ca\/fr\/wp-json\/wp\/v2\/product\/6319\/revisions\/10144"}],"wp:featuredmedia":[{"embeddable":true,"href":"https:\/\/ksproducts.ca\/fr\/wp-json\/wp\/v2\/media\/6320"}],"wp:attachment":[{"href":"https:\/\/ksproducts.ca\/fr\/wp-json\/wp\/v2\/media?parent=6319"}],"wp:term":[{"taxonomy":"product_cat","embeddable":true,"href":"https:\/\/ksproducts.ca\/fr\/wp-json\/wp\/v2\/product_cat?post=6319"},{"taxonomy":"product_tag","embeddable":true,"href":"https:\/\/ksproducts.ca\/fr\/wp-json\/wp\/v2\/product_tag?post=6319"}],"curies":[{"name":"wp","href":"https:\/\/api.w.org\/{rel}","templated":true}]}}