{"id":6321,"date":"2023-04-06T14:46:29","date_gmt":"2023-04-06T14:46:29","guid":{"rendered":"https:\/\/ksproducts.ca\/?post_type=product&#038;p=6321"},"modified":"2025-09-18T13:17:36","modified_gmt":"2025-09-18T13:17:36","slug":"luxor-chariot-metallique-a-hauteur-reglable-armoire-a-clavier-2-etagere-a-abattant","status":"publish","type":"product","link":"https:\/\/ksproducts.ca\/fr\/product\/luxor-adjustable-height-metal-cart-keyboard-tray-cabinet-2-drop-leaf-shelves\/","title":{"rendered":"Luxor Chariot m\u00e9tallique \u00e0 hauteur r\u00e9glable, plateau pour clavier, armoire et 2 \u00e9tag\u00e8res \u00e0 abattant"},"content":{"rendered":"<p>Des caract\u00e9ristiques impressionnantes permettent \u00e0 ce chariot polyvalent de r\u00e9pondre \u00e0 une grande vari\u00e9t\u00e9 de besoins audiovisuels. Des \u00e9tag\u00e8res robustes permettent d'acc\u00e9der rapidement \u00e0 l'espace suppl\u00e9mentaire de l'\u00e9tag\u00e8re sup\u00e9rieure, un plateau de clavier coulissant facilite l'utilisation de l'ordinateur, l'ensemble \u00e9lectrique embarqu\u00e9 avec enrouleur de cordon int\u00e9gr\u00e9 permet d'alimenter plusieurs appareils, et une armoire inf\u00e9rieure verrouillable permet de ranger les fournitures en toute s\u00e9curit\u00e9 lorsqu'elles ne sont pas utilis\u00e9es. La hauteur de l'\u00e9tag\u00e8re sup\u00e9rieure est r\u00e9glable, des roulettes pivotantes de 4 pouces avec deux freins de blocage et une construction en acier profil\u00e9 compl\u00e8tent les caract\u00e9ristiques. Il s'agit d'un chariot AV dot\u00e9 de l'utilit\u00e9 durable que vous attendez de Luxor.<\/p>","protected":false},"excerpt":{"rendered":"<p>Impressive features equip this versatile cart to meet a wide variety of AV needs. Sturdy drop-leaf shelves offer quick access to additional top-shelf space, a pullout keyboard tray aids with<\/p>","protected":false},"featured_media":6322,"comment_status":"open","ping_status":"closed","template":"","meta":[],"product_cat":[433],"product_tag":[],"class_list":{"0":"post-6321","1":"product","2":"type-product","3":"status-publish","4":"has-post-thumbnail","6":"product_cat-utility-carts","7":"product_shipping_class-class-4","9":"first","10":"outofstock","11":"taxable","12":"shipping-taxable","13":"purchasable","14":"product-type-simple"},"yoast_head":"<!-- This site is optimized with the Yoast SEO plugin v27.3 - https:\/\/yoast.com\/product\/yoast-seo-wordpress\/ -->\n<title>Luxor Adjustable Height Metal Cart, Keyboard Tray, Cabinet &amp; 2 Drop Leaf Shelves - Ks Products<\/title>\n<meta name=\"description\" content=\"Impressive features equip this versatile cart to meet a wide variety of AV needs\" \/>\n<meta name=\"robots\" content=\"index, follow, max-snippet:-1, max-image-preview:large, max-video-preview:-1\" \/>\n<link rel=\"canonical\" href=\"https:\/\/ksproducts.ca\/fr\/product\/luxor-chariot-metallique-a-hauteur-reglable-armoire-a-clavier-2-etagere-a-abattant\/\" \/>\n<meta property=\"og:locale\" content=\"fr_CA\" \/>\n<meta property=\"og:type\" content=\"article\" \/>\n<meta property=\"og:title\" content=\"Luxor Adjustable Height Metal Cart, Keyboard Tray, Cabinet &amp; 2 Drop Leaf Shelves - Ks Products\" \/>\n<meta property=\"og:description\" content=\"Impressive features equip this versatile cart to meet a wide variety of AV needs\" \/>\n<meta property=\"og:url\" content=\"https:\/\/ksproducts.ca\/fr\/product\/luxor-chariot-metallique-a-hauteur-reglable-armoire-a-clavier-2-etagere-a-abattant\/\" \/>\n<meta property=\"og:site_name\" content=\"Ks Products\" \/>\n<meta property=\"article:modified_time\" content=\"2025-09-18T13:17:36+00:00\" \/>\n<meta property=\"og:image\" content=\"https:\/\/ksproducts.ca\/wp-content\/uploads\/2023\/04\/avj42kbcdl_42in-adjustable-height-steel-av-cart-three-shelves-black-electric-cabinet-drop-leaf-front-keyboard_0-jpg.webp\" \/>\n\t<meta property=\"og:image:width\" content=\"1920\" \/>\n\t<meta property=\"og:image:height\" content=\"1920\" \/>\n\t<meta property=\"og:image:type\" content=\"image\/jpeg\" \/>\n<meta name=\"twitter:card\" content=\"summary_large_image\" \/>\n<meta name=\"twitter:label1\" content=\"Estimation du temps de lecture\" \/>\n\t<meta name=\"twitter:data1\" content=\"1 minute\" \/>\n<script type=\"application\/ld+json\" class=\"yoast-schema-graph\">{\"@context\":\"https:\\\/\\\/schema.org\",\"@graph\":[{\"@type\":\"WebPage\",\"@id\":\"https:\\\/\\\/ksproducts.ca\\\/product\\\/luxor-adjustable-height-metal-cart-keyboard-tray-cabinet-2-drop-leaf-shelves\\\/\",\"url\":\"https:\\\/\\\/ksproducts.ca\\\/product\\\/luxor-adjustable-height-metal-cart-keyboard-tray-cabinet-2-drop-leaf-shelves\\\/\",\"name\":\"Luxor Adjustable Height Metal Cart, Keyboard Tray, Cabinet &amp; 2 Drop Leaf Shelves - Ks Products\",\"isPartOf\":{\"@id\":\"https:\\\/\\\/ksproducts.ca\\\/#website\"},\"primaryImageOfPage\":{\"@id\":\"https:\\\/\\\/ksproducts.ca\\\/product\\\/luxor-adjustable-height-metal-cart-keyboard-tray-cabinet-2-drop-leaf-shelves\\\/#primaryimage\"},\"image\":{\"@id\":\"https:\\\/\\\/ksproducts.ca\\\/product\\\/luxor-adjustable-height-metal-cart-keyboard-tray-cabinet-2-drop-leaf-shelves\\\/#primaryimage\"},\"thumbnailUrl\":\"https:\\\/\\\/ksproducts.ca\\\/wp-content\\\/uploads\\\/2023\\\/04\\\/avj42kbcdl_42in-adjustable-height-steel-av-cart-three-shelves-black-electric-cabinet-drop-leaf-front-keyboard_0-jpg.webp\",\"datePublished\":\"2023-04-06T14:46:29+00:00\",\"dateModified\":\"2025-09-18T13:17:36+00:00\",\"description\":\"Impressive features equip this versatile cart to meet a wide variety of AV needs\",\"breadcrumb\":{\"@id\":\"https:\\\/\\\/ksproducts.ca\\\/product\\\/luxor-adjustable-height-metal-cart-keyboard-tray-cabinet-2-drop-leaf-shelves\\\/#breadcrumb\"},\"inLanguage\":\"fr-CA\",\"potentialAction\":[{\"@type\":\"ReadAction\",\"target\":[\"https:\\\/\\\/ksproducts.ca\\\/product\\\/luxor-adjustable-height-metal-cart-keyboard-tray-cabinet-2-drop-leaf-shelves\\\/\"]}]},{\"@type\":\"ImageObject\",\"inLanguage\":\"fr-CA\",\"@id\":\"https:\\\/\\\/ksproducts.ca\\\/product\\\/luxor-adjustable-height-metal-cart-keyboard-tray-cabinet-2-drop-leaf-shelves\\\/#primaryimage\",\"url\":\"https:\\\/\\\/ksproducts.ca\\\/wp-content\\\/uploads\\\/2023\\\/04\\\/avj42kbcdl_42in-adjustable-height-steel-av-cart-three-shelves-black-electric-cabinet-drop-leaf-front-keyboard_0-jpg.webp\",\"contentUrl\":\"https:\\\/\\\/ksproducts.ca\\\/wp-content\\\/uploads\\\/2023\\\/04\\\/avj42kbcdl_42in-adjustable-height-steel-av-cart-three-shelves-black-electric-cabinet-drop-leaf-front-keyboard_0-jpg.webp\",\"width\":1920,\"height\":1920,\"caption\":\"avj42kbcdl 42in adjustable height steel av cart three shelves black electric cabinet drop leaf front keyboard 0 jpg\"},{\"@type\":\"BreadcrumbList\",\"@id\":\"https:\\\/\\\/ksproducts.ca\\\/product\\\/luxor-adjustable-height-metal-cart-keyboard-tray-cabinet-2-drop-leaf-shelves\\\/#breadcrumb\",\"itemListElement\":[{\"@type\":\"ListItem\",\"position\":1,\"name\":\"Home\",\"item\":\"https:\\\/\\\/ksproducts.ca\\\/\"},{\"@type\":\"ListItem\",\"position\":2,\"name\":\"Shop\",\"item\":\"https:\\\/\\\/ksproducts.ca\\\/shop\\\/\"},{\"@type\":\"ListItem\",\"position\":3,\"name\":\"Luxor Adjustable Height Metal Cart, Keyboard Tray, Cabinet &amp; 2 Drop Leaf Shelves\"}]},{\"@type\":\"WebSite\",\"@id\":\"https:\\\/\\\/ksproducts.ca\\\/#website\",\"url\":\"https:\\\/\\\/ksproducts.ca\\\/\",\"name\":\"Ks Products\",\"description\":\"Outdoor cooking and living, made easy in Canada\",\"publisher\":{\"@id\":\"https:\\\/\\\/ksproducts.ca\\\/#organization\"},\"potentialAction\":[{\"@type\":\"SearchAction\",\"target\":{\"@type\":\"EntryPoint\",\"urlTemplate\":\"https:\\\/\\\/ksproducts.ca\\\/?s={search_term_string}\"},\"query-input\":{\"@type\":\"PropertyValueSpecification\",\"valueRequired\":true,\"valueName\":\"search_term_string\"}}],\"inLanguage\":\"fr-CA\"},{\"@type\":\"Organization\",\"@id\":\"https:\\\/\\\/ksproducts.ca\\\/#organization\",\"name\":\"Ks Products\",\"url\":\"https:\\\/\\\/ksproducts.ca\\\/\",\"logo\":{\"@type\":\"ImageObject\",\"inLanguage\":\"fr-CA\",\"@id\":\"https:\\\/\\\/ksproducts.ca\\\/#\\\/schema\\\/logo\\\/image\\\/\",\"url\":\"https:\\\/\\\/ksproducts.ca\\\/wp-content\\\/uploads\\\/2023\\\/09\\\/Kennedy-Sales-Logo-header-1.png\",\"contentUrl\":\"https:\\\/\\\/ksproducts.ca\\\/wp-content\\\/uploads\\\/2023\\\/09\\\/Kennedy-Sales-Logo-header-1.png\",\"width\":150,\"height\":77,\"caption\":\"Ks Products\"},\"image\":{\"@id\":\"https:\\\/\\\/ksproducts.ca\\\/#\\\/schema\\\/logo\\\/image\\\/\"}}]}<\/script>\n<!-- \/ Yoast SEO plugin. -->","yoast_head_json":{"title":"Luxor Chariot m\u00e9tallique \u00e0 hauteur r\u00e9glable, plateau pour clavier, armoire et 2 \u00e9tag\u00e8res \u00e0 abattant - Ks Products","description":"Des caract\u00e9ristiques impressionnantes permettent \u00e0 ce chariot polyvalent de r\u00e9pondre \u00e0 une grande vari\u00e9t\u00e9 de besoins audiovisuels.","robots":{"index":"index","follow":"follow","max-snippet":"max-snippet:-1","max-image-preview":"max-image-preview:large","max-video-preview":"max-video-preview:-1"},"canonical":"https:\/\/ksproducts.ca\/fr\/product\/luxor-chariot-metallique-a-hauteur-reglable-armoire-a-clavier-2-etagere-a-abattant\/","og_locale":"fr_CA","og_type":"article","og_title":"Luxor Adjustable Height Metal Cart, Keyboard Tray, Cabinet &amp; 2 Drop Leaf Shelves - Ks Products","og_description":"Impressive features equip this versatile cart to meet a wide variety of AV needs","og_url":"https:\/\/ksproducts.ca\/fr\/product\/luxor-chariot-metallique-a-hauteur-reglable-armoire-a-clavier-2-etagere-a-abattant\/","og_site_name":"Ks Products","article_modified_time":"2025-09-18T13:17:36+00:00","og_image":[{"width":1920,"height":1920,"url":"https:\/\/ksproducts.ca\/wp-content\/uploads\/2023\/04\/avj42kbcdl_42in-adjustable-height-steel-av-cart-three-shelves-black-electric-cabinet-drop-leaf-front-keyboard_0-jpg.webp","type":"image\/jpeg"}],"twitter_card":"summary_large_image","twitter_misc":{"Estimation du temps de lecture":"1 minute"},"schema":{"@context":"https:\/\/schema.org","@graph":[{"@type":"WebPage","@id":"https:\/\/ksproducts.ca\/product\/luxor-adjustable-height-metal-cart-keyboard-tray-cabinet-2-drop-leaf-shelves\/","url":"https:\/\/ksproducts.ca\/product\/luxor-adjustable-height-metal-cart-keyboard-tray-cabinet-2-drop-leaf-shelves\/","name":"Luxor Chariot m\u00e9tallique \u00e0 hauteur r\u00e9glable, plateau pour clavier, armoire et 2 \u00e9tag\u00e8res \u00e0 abattant - Ks Products","isPartOf":{"@id":"https:\/\/ksproducts.ca\/#website"},"primaryImageOfPage":{"@id":"https:\/\/ksproducts.ca\/product\/luxor-adjustable-height-metal-cart-keyboard-tray-cabinet-2-drop-leaf-shelves\/#primaryimage"},"image":{"@id":"https:\/\/ksproducts.ca\/product\/luxor-adjustable-height-metal-cart-keyboard-tray-cabinet-2-drop-leaf-shelves\/#primaryimage"},"thumbnailUrl":"https:\/\/ksproducts.ca\/wp-content\/uploads\/2023\/04\/avj42kbcdl_42in-adjustable-height-steel-av-cart-three-shelves-black-electric-cabinet-drop-leaf-front-keyboard_0-jpg.webp","datePublished":"2023-04-06T14:46:29+00:00","dateModified":"2025-09-18T13:17:36+00:00","description":"Des caract\u00e9ristiques impressionnantes permettent \u00e0 ce chariot polyvalent de r\u00e9pondre \u00e0 une grande vari\u00e9t\u00e9 de besoins audiovisuels.","breadcrumb":{"@id":"https:\/\/ksproducts.ca\/product\/luxor-adjustable-height-metal-cart-keyboard-tray-cabinet-2-drop-leaf-shelves\/#breadcrumb"},"inLanguage":"fr-CA","potentialAction":[{"@type":"ReadAction","target":["https:\/\/ksproducts.ca\/product\/luxor-adjustable-height-metal-cart-keyboard-tray-cabinet-2-drop-leaf-shelves\/"]}]},{"@type":"ImageObject","inLanguage":"fr-CA","@id":"https:\/\/ksproducts.ca\/product\/luxor-adjustable-height-metal-cart-keyboard-tray-cabinet-2-drop-leaf-shelves\/#primaryimage","url":"https:\/\/ksproducts.ca\/wp-content\/uploads\/2023\/04\/avj42kbcdl_42in-adjustable-height-steel-av-cart-three-shelves-black-electric-cabinet-drop-leaf-front-keyboard_0-jpg.webp","contentUrl":"https:\/\/ksproducts.ca\/wp-content\/uploads\/2023\/04\/avj42kbcdl_42in-adjustable-height-steel-av-cart-three-shelves-black-electric-cabinet-drop-leaf-front-keyboard_0-jpg.webp","width":1920,"height":1920,"caption":"avj42kbcdl 42in adjustable height steel av cart three shelves black electric cabinet drop leaf front keyboard 0 jpg"},{"@type":"BreadcrumbList","@id":"https:\/\/ksproducts.ca\/product\/luxor-adjustable-height-metal-cart-keyboard-tray-cabinet-2-drop-leaf-shelves\/#breadcrumb","itemListElement":[{"@type":"ListItem","position":1,"name":"Home","item":"https:\/\/ksproducts.ca\/"},{"@type":"ListItem","position":2,"name":"Shop","item":"https:\/\/ksproducts.ca\/shop\/"},{"@type":"ListItem","position":3,"name":"Luxor Adjustable Height Metal Cart, Keyboard Tray, Cabinet &amp; 2 Drop Leaf Shelves"}]},{"@type":"WebSite","@id":"https:\/\/ksproducts.ca\/#website","url":"https:\/\/ksproducts.ca\/","name":"Produits Ks","description":"Cuisiner et vivre en plein air, c'est facile au Canada","publisher":{"@id":"https:\/\/ksproducts.ca\/#organization"},"potentialAction":[{"@type":"SearchAction","target":{"@type":"EntryPoint","urlTemplate":"https:\/\/ksproducts.ca\/?s={search_term_string}"},"query-input":{"@type":"PropertyValueSpecification","valueRequired":true,"valueName":"search_term_string"}}],"inLanguage":"fr-CA"},{"@type":"Organization","@id":"https:\/\/ksproducts.ca\/#organization","name":"Produits Ks","url":"https:\/\/ksproducts.ca\/","logo":{"@type":"ImageObject","inLanguage":"fr-CA","@id":"https:\/\/ksproducts.ca\/#\/schema\/logo\/image\/","url":"https:\/\/ksproducts.ca\/wp-content\/uploads\/2023\/09\/Kennedy-Sales-Logo-header-1.png","contentUrl":"https:\/\/ksproducts.ca\/wp-content\/uploads\/2023\/09\/Kennedy-Sales-Logo-header-1.png","width":150,"height":77,"caption":"Ks Products"},"image":{"@id":"https:\/\/ksproducts.ca\/#\/schema\/logo\/image\/"}}]}},"_links":{"self":[{"href":"https:\/\/ksproducts.ca\/fr\/wp-json\/wp\/v2\/product\/6321","targetHints":{"allow":["GET"]}}],"collection":[{"href":"https:\/\/ksproducts.ca\/fr\/wp-json\/wp\/v2\/product"}],"about":[{"href":"https:\/\/ksproducts.ca\/fr\/wp-json\/wp\/v2\/types\/product"}],"replies":[{"embeddable":true,"href":"https:\/\/ksproducts.ca\/fr\/wp-json\/wp\/v2\/comments?post=6321"}],"version-history":[{"count":1,"href":"https:\/\/ksproducts.ca\/fr\/wp-json\/wp\/v2\/product\/6321\/revisions"}],"predecessor-version":[{"id":9879,"href":"https:\/\/ksproducts.ca\/fr\/wp-json\/wp\/v2\/product\/6321\/revisions\/9879"}],"wp:featuredmedia":[{"embeddable":true,"href":"https:\/\/ksproducts.ca\/fr\/wp-json\/wp\/v2\/media\/6322"}],"wp:attachment":[{"href":"https:\/\/ksproducts.ca\/fr\/wp-json\/wp\/v2\/media?parent=6321"}],"wp:term":[{"taxonomy":"product_cat","embeddable":true,"href":"https:\/\/ksproducts.ca\/fr\/wp-json\/wp\/v2\/product_cat?post=6321"},{"taxonomy":"product_tag","embeddable":true,"href":"https:\/\/ksproducts.ca\/fr\/wp-json\/wp\/v2\/product_tag?post=6321"}],"curies":[{"name":"wp","href":"https:\/\/api.w.org\/{rel}","templated":true}]}}