{"id":6323,"date":"2023-04-06T14:55:21","date_gmt":"2023-04-06T14:55:21","guid":{"rendered":"https:\/\/ksproducts.ca\/?post_type=product&#038;p=6323"},"modified":"2025-09-18T13:17:49","modified_gmt":"2025-09-18T13:17:49","slug":"luxor-adjustable-height-metal-cart-pullout-keyboard-tray-2-drop-leaf-shelves","status":"publish","type":"product","link":"https:\/\/ksproducts.ca\/fr\/product\/luxor-adjustable-height-metal-cart-pullout-keyboard-tray-2-drop-leaf-shelves\/","title":{"rendered":"Luxor Chariot m\u00e9tallique \u00e0 hauteur r\u00e9glable, plateau pour clavier extractible et 2 \u00e9tag\u00e8res \u00e0 abattant"},"content":{"rendered":"<p>Ce solide chariot AV roulant s'agrandit pour r\u00e9pondre \u00e0 vos besoins en mati\u00e8re de pr\u00e9sentation et de stockage. Une hauteur r\u00e9glable entre 24 et 42 pouces s'adapte \u00e0 diff\u00e9rents usages et utilisateurs, un plateau r\u00e9tractable permet d'utiliser un ordinateur portable ou un clavier, et deux \u00e9tag\u00e8res lat\u00e9rales \u00e0 feuilles tombantes se rel\u00e8vent pour fournir une plate-forme sup\u00e9rieure spacieuse. L'\u00e9tag\u00e8re sup\u00e9rieure comprend un tapis de pr\u00e9hension caoutchout\u00e9 ; deux \u00e9tag\u00e8res inf\u00e9rieures offrent un rangement pratique pour l'\u00e9quipement. Les trois niveaux sont dot\u00e9s d'un rebord de retenue pour \u00e9viter que le contenu ne glisse. De plus, gr\u00e2ce \u00e0 la barrette d'alimentation \u00e0 trois prises incluse et \u00e0 la d\u00e9coupe de cordon au milieu de l'\u00e9tag\u00e8re, les c\u00e2bles sont bien rang\u00e9s pour un aspect professionnel.<\/p>","protected":false},"excerpt":{"rendered":"<p>This strong rolling AV cart will expand to meet your presentation and storing needs. An adjustable height between 24-in and 42-in suits different uses and users, a retractable tray allows<\/p>","protected":false},"featured_media":6324,"comment_status":"open","ping_status":"closed","template":"","meta":[],"product_cat":[433],"product_tag":[],"class_list":{"0":"post-6323","1":"product","2":"type-product","3":"status-publish","4":"has-post-thumbnail","6":"product_cat-utility-carts","7":"product_shipping_class-class-4","9":"first","10":"outofstock","11":"taxable","12":"shipping-taxable","13":"purchasable","14":"product-type-simple"},"yoast_head":"<!-- This site is optimized with the Yoast SEO plugin v27.4 - https:\/\/yoast.com\/product\/yoast-seo-wordpress\/ -->\n<title>Luxor Adjustable Height Metal Cart, Pullout Keyboard Tray &amp; 2 Drop Leaf Shelves - Ks Products<\/title>\n<meta name=\"description\" content=\"This strong rolling AV cart will expand to meet your presentation and storing needs.\" \/>\n<meta name=\"robots\" content=\"index, follow, max-snippet:-1, max-image-preview:large, max-video-preview:-1\" \/>\n<link rel=\"canonical\" href=\"https:\/\/ksproducts.ca\/fr\/product\/luxor-adjustable-height-metal-cart-pullout-keyboard-tray-2-drop-leaf-shelves\/\" \/>\n<meta property=\"og:locale\" content=\"fr_CA\" \/>\n<meta property=\"og:type\" content=\"article\" \/>\n<meta property=\"og:title\" content=\"Luxor Adjustable Height Metal Cart, Pullout Keyboard Tray &amp; 2 Drop Leaf Shelves - Ks Products\" \/>\n<meta property=\"og:description\" content=\"This strong rolling AV cart will expand to meet your presentation and storing needs.\" \/>\n<meta property=\"og:url\" content=\"https:\/\/ksproducts.ca\/fr\/product\/luxor-adjustable-height-metal-cart-pullout-keyboard-tray-2-drop-leaf-shelves\/\" \/>\n<meta property=\"og:site_name\" content=\"Ks Products\" \/>\n<meta property=\"article:modified_time\" content=\"2025-09-18T13:17:49+00:00\" \/>\n<meta property=\"og:image\" content=\"https:\/\/ksproducts.ca\/wp-content\/uploads\/2023\/04\/avj42kbdl_42in-adjustable-height-steel-av-cart-three-shelves-black-electric-drop-leaf-front-keyboard_1-jpg.webp\" \/>\n\t<meta property=\"og:image:width\" content=\"1920\" \/>\n\t<meta property=\"og:image:height\" content=\"1920\" \/>\n\t<meta property=\"og:image:type\" content=\"image\/jpeg\" \/>\n<meta name=\"twitter:card\" content=\"summary_large_image\" \/>\n<meta name=\"twitter:label1\" content=\"Estimation du temps de lecture\" \/>\n\t<meta name=\"twitter:data1\" content=\"1 minute\" \/>\n<script type=\"application\/ld+json\" class=\"yoast-schema-graph\">{\"@context\":\"https:\\\/\\\/schema.org\",\"@graph\":[{\"@type\":\"WebPage\",\"@id\":\"https:\\\/\\\/ksproducts.ca\\\/product\\\/luxor-adjustable-height-metal-cart-pullout-keyboard-tray-2-drop-leaf-shelves\\\/\",\"url\":\"https:\\\/\\\/ksproducts.ca\\\/product\\\/luxor-adjustable-height-metal-cart-pullout-keyboard-tray-2-drop-leaf-shelves\\\/\",\"name\":\"Luxor Adjustable Height Metal Cart, Pullout Keyboard Tray &amp; 2 Drop Leaf Shelves - Ks Products\",\"isPartOf\":{\"@id\":\"https:\\\/\\\/ksproducts.ca\\\/#website\"},\"primaryImageOfPage\":{\"@id\":\"https:\\\/\\\/ksproducts.ca\\\/product\\\/luxor-adjustable-height-metal-cart-pullout-keyboard-tray-2-drop-leaf-shelves\\\/#primaryimage\"},\"image\":{\"@id\":\"https:\\\/\\\/ksproducts.ca\\\/product\\\/luxor-adjustable-height-metal-cart-pullout-keyboard-tray-2-drop-leaf-shelves\\\/#primaryimage\"},\"thumbnailUrl\":\"https:\\\/\\\/ksproducts.ca\\\/wp-content\\\/uploads\\\/2023\\\/04\\\/avj42kbdl_42in-adjustable-height-steel-av-cart-three-shelves-black-electric-drop-leaf-front-keyboard_1-jpg.webp\",\"datePublished\":\"2023-04-06T14:55:21+00:00\",\"dateModified\":\"2025-09-18T13:17:49+00:00\",\"description\":\"This strong rolling AV cart will expand to meet your presentation and storing needs.\",\"breadcrumb\":{\"@id\":\"https:\\\/\\\/ksproducts.ca\\\/product\\\/luxor-adjustable-height-metal-cart-pullout-keyboard-tray-2-drop-leaf-shelves\\\/#breadcrumb\"},\"inLanguage\":\"fr-CA\",\"potentialAction\":[{\"@type\":\"ReadAction\",\"target\":[\"https:\\\/\\\/ksproducts.ca\\\/product\\\/luxor-adjustable-height-metal-cart-pullout-keyboard-tray-2-drop-leaf-shelves\\\/\"]}]},{\"@type\":\"ImageObject\",\"inLanguage\":\"fr-CA\",\"@id\":\"https:\\\/\\\/ksproducts.ca\\\/product\\\/luxor-adjustable-height-metal-cart-pullout-keyboard-tray-2-drop-leaf-shelves\\\/#primaryimage\",\"url\":\"https:\\\/\\\/ksproducts.ca\\\/wp-content\\\/uploads\\\/2023\\\/04\\\/avj42kbdl_42in-adjustable-height-steel-av-cart-three-shelves-black-electric-drop-leaf-front-keyboard_1-jpg.webp\",\"contentUrl\":\"https:\\\/\\\/ksproducts.ca\\\/wp-content\\\/uploads\\\/2023\\\/04\\\/avj42kbdl_42in-adjustable-height-steel-av-cart-three-shelves-black-electric-drop-leaf-front-keyboard_1-jpg.webp\",\"width\":1920,\"height\":1920,\"caption\":\"Luxor Adjustable Height Metal Cart, Pullout Keyboard Tray &amp; 2 Drop Leaf Shelves\"},{\"@type\":\"BreadcrumbList\",\"@id\":\"https:\\\/\\\/ksproducts.ca\\\/product\\\/luxor-adjustable-height-metal-cart-pullout-keyboard-tray-2-drop-leaf-shelves\\\/#breadcrumb\",\"itemListElement\":[{\"@type\":\"ListItem\",\"position\":1,\"name\":\"Home\",\"item\":\"https:\\\/\\\/ksproducts.ca\\\/\"},{\"@type\":\"ListItem\",\"position\":2,\"name\":\"Shop\",\"item\":\"https:\\\/\\\/ksproducts.ca\\\/shop\\\/\"},{\"@type\":\"ListItem\",\"position\":3,\"name\":\"Luxor Adjustable Height Metal Cart, Pullout Keyboard Tray &amp; 2 Drop Leaf Shelves\"}]},{\"@type\":\"WebSite\",\"@id\":\"https:\\\/\\\/ksproducts.ca\\\/#website\",\"url\":\"https:\\\/\\\/ksproducts.ca\\\/\",\"name\":\"Ks Products\",\"description\":\"Outdoor cooking and living, made easy in Canada\",\"publisher\":{\"@id\":\"https:\\\/\\\/ksproducts.ca\\\/#organization\"},\"potentialAction\":[{\"@type\":\"SearchAction\",\"target\":{\"@type\":\"EntryPoint\",\"urlTemplate\":\"https:\\\/\\\/ksproducts.ca\\\/?s={search_term_string}\"},\"query-input\":{\"@type\":\"PropertyValueSpecification\",\"valueRequired\":true,\"valueName\":\"search_term_string\"}}],\"inLanguage\":\"fr-CA\"},{\"@type\":\"Organization\",\"@id\":\"https:\\\/\\\/ksproducts.ca\\\/#organization\",\"name\":\"Ks Products\",\"url\":\"https:\\\/\\\/ksproducts.ca\\\/\",\"logo\":{\"@type\":\"ImageObject\",\"inLanguage\":\"fr-CA\",\"@id\":\"https:\\\/\\\/ksproducts.ca\\\/#\\\/schema\\\/logo\\\/image\\\/\",\"url\":\"https:\\\/\\\/ksproducts.ca\\\/wp-content\\\/uploads\\\/2023\\\/09\\\/Kennedy-Sales-Logo-header-1.png\",\"contentUrl\":\"https:\\\/\\\/ksproducts.ca\\\/wp-content\\\/uploads\\\/2023\\\/09\\\/Kennedy-Sales-Logo-header-1.png\",\"width\":150,\"height\":77,\"caption\":\"Ks Products\"},\"image\":{\"@id\":\"https:\\\/\\\/ksproducts.ca\\\/#\\\/schema\\\/logo\\\/image\\\/\"}}]}<\/script>\n<!-- \/ Yoast SEO plugin. -->","yoast_head_json":{"title":"Luxor Chariot m\u00e9tallique \u00e0 hauteur r\u00e9glable, plateau pour clavier extractible et 2 \u00e9tag\u00e8res \u00e0 abattant - Ks Products","description":"Ce chariot AV robuste et roulant s'agrandit pour r\u00e9pondre \u00e0 vos besoins de pr\u00e9sentation et de stockage.","robots":{"index":"index","follow":"follow","max-snippet":"max-snippet:-1","max-image-preview":"max-image-preview:large","max-video-preview":"max-video-preview:-1"},"canonical":"https:\/\/ksproducts.ca\/fr\/product\/luxor-adjustable-height-metal-cart-pullout-keyboard-tray-2-drop-leaf-shelves\/","og_locale":"fr_CA","og_type":"article","og_title":"Luxor Adjustable Height Metal Cart, Pullout Keyboard Tray &amp; 2 Drop Leaf Shelves - Ks Products","og_description":"This strong rolling AV cart will expand to meet your presentation and storing needs.","og_url":"https:\/\/ksproducts.ca\/fr\/product\/luxor-adjustable-height-metal-cart-pullout-keyboard-tray-2-drop-leaf-shelves\/","og_site_name":"Ks Products","article_modified_time":"2025-09-18T13:17:49+00:00","og_image":[{"width":1920,"height":1920,"url":"https:\/\/ksproducts.ca\/wp-content\/uploads\/2023\/04\/avj42kbdl_42in-adjustable-height-steel-av-cart-three-shelves-black-electric-drop-leaf-front-keyboard_1-jpg.webp","type":"image\/jpeg"}],"twitter_card":"summary_large_image","twitter_misc":{"Estimation du temps de lecture":"1 minute"},"schema":{"@context":"https:\/\/schema.org","@graph":[{"@type":"WebPage","@id":"https:\/\/ksproducts.ca\/product\/luxor-adjustable-height-metal-cart-pullout-keyboard-tray-2-drop-leaf-shelves\/","url":"https:\/\/ksproducts.ca\/product\/luxor-adjustable-height-metal-cart-pullout-keyboard-tray-2-drop-leaf-shelves\/","name":"Luxor Chariot m\u00e9tallique \u00e0 hauteur r\u00e9glable, plateau pour clavier extractible et 2 \u00e9tag\u00e8res \u00e0 abattant - Ks Products","isPartOf":{"@id":"https:\/\/ksproducts.ca\/#website"},"primaryImageOfPage":{"@id":"https:\/\/ksproducts.ca\/product\/luxor-adjustable-height-metal-cart-pullout-keyboard-tray-2-drop-leaf-shelves\/#primaryimage"},"image":{"@id":"https:\/\/ksproducts.ca\/product\/luxor-adjustable-height-metal-cart-pullout-keyboard-tray-2-drop-leaf-shelves\/#primaryimage"},"thumbnailUrl":"https:\/\/ksproducts.ca\/wp-content\/uploads\/2023\/04\/avj42kbdl_42in-adjustable-height-steel-av-cart-three-shelves-black-electric-drop-leaf-front-keyboard_1-jpg.webp","datePublished":"2023-04-06T14:55:21+00:00","dateModified":"2025-09-18T13:17:49+00:00","description":"Ce chariot AV robuste et roulant s'agrandit pour r\u00e9pondre \u00e0 vos besoins de pr\u00e9sentation et de stockage.","breadcrumb":{"@id":"https:\/\/ksproducts.ca\/product\/luxor-adjustable-height-metal-cart-pullout-keyboard-tray-2-drop-leaf-shelves\/#breadcrumb"},"inLanguage":"fr-CA","potentialAction":[{"@type":"ReadAction","target":["https:\/\/ksproducts.ca\/product\/luxor-adjustable-height-metal-cart-pullout-keyboard-tray-2-drop-leaf-shelves\/"]}]},{"@type":"ImageObject","inLanguage":"fr-CA","@id":"https:\/\/ksproducts.ca\/product\/luxor-adjustable-height-metal-cart-pullout-keyboard-tray-2-drop-leaf-shelves\/#primaryimage","url":"https:\/\/ksproducts.ca\/wp-content\/uploads\/2023\/04\/avj42kbdl_42in-adjustable-height-steel-av-cart-three-shelves-black-electric-drop-leaf-front-keyboard_1-jpg.webp","contentUrl":"https:\/\/ksproducts.ca\/wp-content\/uploads\/2023\/04\/avj42kbdl_42in-adjustable-height-steel-av-cart-three-shelves-black-electric-drop-leaf-front-keyboard_1-jpg.webp","width":1920,"height":1920,"caption":"Luxor Adjustable Height Metal Cart, Pullout Keyboard Tray &amp; 2 Drop Leaf Shelves"},{"@type":"BreadcrumbList","@id":"https:\/\/ksproducts.ca\/product\/luxor-adjustable-height-metal-cart-pullout-keyboard-tray-2-drop-leaf-shelves\/#breadcrumb","itemListElement":[{"@type":"ListItem","position":1,"name":"Home","item":"https:\/\/ksproducts.ca\/"},{"@type":"ListItem","position":2,"name":"Shop","item":"https:\/\/ksproducts.ca\/shop\/"},{"@type":"ListItem","position":3,"name":"Luxor Adjustable Height Metal Cart, Pullout Keyboard Tray &amp; 2 Drop Leaf Shelves"}]},{"@type":"WebSite","@id":"https:\/\/ksproducts.ca\/#website","url":"https:\/\/ksproducts.ca\/","name":"Produits Ks","description":"Cuisiner et vivre en plein air, c'est facile au Canada","publisher":{"@id":"https:\/\/ksproducts.ca\/#organization"},"potentialAction":[{"@type":"SearchAction","target":{"@type":"EntryPoint","urlTemplate":"https:\/\/ksproducts.ca\/?s={search_term_string}"},"query-input":{"@type":"PropertyValueSpecification","valueRequired":true,"valueName":"search_term_string"}}],"inLanguage":"fr-CA"},{"@type":"Organization","@id":"https:\/\/ksproducts.ca\/#organization","name":"Produits Ks","url":"https:\/\/ksproducts.ca\/","logo":{"@type":"ImageObject","inLanguage":"fr-CA","@id":"https:\/\/ksproducts.ca\/#\/schema\/logo\/image\/","url":"https:\/\/ksproducts.ca\/wp-content\/uploads\/2023\/09\/Kennedy-Sales-Logo-header-1.png","contentUrl":"https:\/\/ksproducts.ca\/wp-content\/uploads\/2023\/09\/Kennedy-Sales-Logo-header-1.png","width":150,"height":77,"caption":"Ks Products"},"image":{"@id":"https:\/\/ksproducts.ca\/#\/schema\/logo\/image\/"}}]}},"_links":{"self":[{"href":"https:\/\/ksproducts.ca\/fr\/wp-json\/wp\/v2\/product\/6323","targetHints":{"allow":["GET"]}}],"collection":[{"href":"https:\/\/ksproducts.ca\/fr\/wp-json\/wp\/v2\/product"}],"about":[{"href":"https:\/\/ksproducts.ca\/fr\/wp-json\/wp\/v2\/types\/product"}],"replies":[{"embeddable":true,"href":"https:\/\/ksproducts.ca\/fr\/wp-json\/wp\/v2\/comments?post=6323"}],"version-history":[{"count":1,"href":"https:\/\/ksproducts.ca\/fr\/wp-json\/wp\/v2\/product\/6323\/revisions"}],"predecessor-version":[{"id":9878,"href":"https:\/\/ksproducts.ca\/fr\/wp-json\/wp\/v2\/product\/6323\/revisions\/9878"}],"wp:featuredmedia":[{"embeddable":true,"href":"https:\/\/ksproducts.ca\/fr\/wp-json\/wp\/v2\/media\/6324"}],"wp:attachment":[{"href":"https:\/\/ksproducts.ca\/fr\/wp-json\/wp\/v2\/media?parent=6323"}],"wp:term":[{"taxonomy":"product_cat","embeddable":true,"href":"https:\/\/ksproducts.ca\/fr\/wp-json\/wp\/v2\/product_cat?post=6323"},{"taxonomy":"product_tag","embeddable":true,"href":"https:\/\/ksproducts.ca\/fr\/wp-json\/wp\/v2\/product_tag?post=6323"}],"curies":[{"name":"wp","href":"https:\/\/api.w.org\/{rel}","templated":true}]}}