{"id":6325,"date":"2023-04-06T15:16:08","date_gmt":"2023-04-06T15:16:08","guid":{"rendered":"https:\/\/ksproducts.ca\/?post_type=product&#038;p=6325"},"modified":"2026-04-12T10:33:54","modified_gmt":"2026-04-12T10:33:54","slug":"luxor-extra-large-adjustable-height-steel-av-cart-three-shelves-black","status":"publish","type":"product","link":"https:\/\/ksproducts.ca\/fr\/product\/luxor-extra-large-adjustable-height-steel-av-cart-three-shelves-black\/","title":{"rendered":"Luxor Extra-Large Chariot AV en acier \u00e0 hauteur r\u00e9glable - Trois \u00e9tag\u00e8res - Noir"},"content":{"rendered":"<p>Trois \u00e9tag\u00e8res robustes, chacune dot\u00e9e d'un grand espace de rangement et d'un rebord de retenue de 0,25 pouce pour emp\u00eacher les objets de glisser sur le bord, font de ce chariot utilitaire roulant la solution id\u00e9ale pour le transport d'\u00e9quipements volumineux. Les caract\u00e9ristiques comprennent une \u00e9tag\u00e8re sup\u00e9rieure \u00e0 hauteur r\u00e9glable, un ensemble \u00e9lectrique \u00e0 trois sorties r\u00e9pertori\u00e9 UL et CSA avec enroulement du cordon, des trous d'acheminement pratiques pour garder les c\u00e2bles organis\u00e9s. Quatre roulettes de 4 pouces, dont deux avec freins de blocage, garantissent que ce chariot utilitaire polyvalent se d\u00e9place uniquement lorsque vous le souhaitez.<\/p>","protected":false},"excerpt":{"rendered":"<p>Three sturdy shelves, each with plenty of storage space and a 0.25-in retaining lip to prevent items from sliding off the edge, make this rolling utility cart the right solution<\/p>","protected":false},"featured_media":6328,"comment_status":"open","ping_status":"closed","template":"","meta":[],"product_cat":[433],"product_tag":[],"class_list":{"0":"post-6325","1":"product","2":"type-product","3":"status-publish","4":"has-post-thumbnail","6":"product_cat-utility-carts","7":"product_shipping_class-class-4","9":"first","10":"instock","11":"taxable","12":"shipping-taxable","13":"purchasable","14":"product-type-simple"},"yoast_head":"<!-- This site is optimized with the Yoast SEO plugin v27.3 - https:\/\/yoast.com\/product\/yoast-seo-wordpress\/ -->\n<title>Luxor Extra-Large Adjustable-Height Steel AV Cart - Three Shelves - Black - Ks Products<\/title>\n<meta name=\"description\" content=\"Three sturdy shelves, each with plenty of storage space and a 0.25-in retaining lip to prevent items from sliding off the edge.\" \/>\n<meta name=\"robots\" content=\"index, follow, max-snippet:-1, max-image-preview:large, max-video-preview:-1\" \/>\n<link rel=\"canonical\" href=\"https:\/\/ksproducts.ca\/fr\/product\/luxor-extra-large-adjustable-height-steel-av-cart-three-shelves-black\/\" \/>\n<meta property=\"og:locale\" content=\"fr_CA\" \/>\n<meta property=\"og:type\" content=\"article\" \/>\n<meta property=\"og:title\" content=\"Luxor Extra-Large Adjustable-Height Steel AV Cart - Three Shelves - Black - Ks Products\" \/>\n<meta property=\"og:description\" content=\"Three sturdy shelves, each with plenty of storage space and a 0.25-in retaining lip to prevent items from sliding off the edge.\" \/>\n<meta property=\"og:url\" content=\"https:\/\/ksproducts.ca\/fr\/product\/luxor-extra-large-adjustable-height-steel-av-cart-three-shelves-black\/\" \/>\n<meta property=\"og:site_name\" content=\"Ks Products\" \/>\n<meta property=\"article:modified_time\" content=\"2026-04-12T10:33:54+00:00\" \/>\n<meta property=\"og:image\" content=\"https:\/\/ksproducts.ca\/wp-content\/uploads\/2023\/04\/avj42xl_42in-extra-large-adjustable-height-steel-av-cart-three-shelves-black-electric_0-jpg.webp\" \/>\n\t<meta property=\"og:image:width\" content=\"1920\" \/>\n\t<meta property=\"og:image:height\" content=\"1918\" \/>\n\t<meta property=\"og:image:type\" content=\"image\/jpeg\" \/>\n<meta name=\"twitter:card\" content=\"summary_large_image\" \/>\n<meta name=\"twitter:label1\" content=\"Estimation du temps de lecture\" \/>\n\t<meta name=\"twitter:data1\" content=\"1 minute\" \/>\n<script type=\"application\/ld+json\" class=\"yoast-schema-graph\">{\"@context\":\"https:\\\/\\\/schema.org\",\"@graph\":[{\"@type\":\"WebPage\",\"@id\":\"https:\\\/\\\/ksproducts.ca\\\/product\\\/luxor-extra-large-adjustable-height-steel-av-cart-three-shelves-black\\\/\",\"url\":\"https:\\\/\\\/ksproducts.ca\\\/product\\\/luxor-extra-large-adjustable-height-steel-av-cart-three-shelves-black\\\/\",\"name\":\"Luxor Extra-Large Adjustable-Height Steel AV Cart - Three Shelves - Black - Ks Products\",\"isPartOf\":{\"@id\":\"https:\\\/\\\/ksproducts.ca\\\/#website\"},\"primaryImageOfPage\":{\"@id\":\"https:\\\/\\\/ksproducts.ca\\\/product\\\/luxor-extra-large-adjustable-height-steel-av-cart-three-shelves-black\\\/#primaryimage\"},\"image\":{\"@id\":\"https:\\\/\\\/ksproducts.ca\\\/product\\\/luxor-extra-large-adjustable-height-steel-av-cart-three-shelves-black\\\/#primaryimage\"},\"thumbnailUrl\":\"https:\\\/\\\/ksproducts.ca\\\/wp-content\\\/uploads\\\/2023\\\/04\\\/avj42xl_42in-extra-large-adjustable-height-steel-av-cart-three-shelves-black-electric_0-jpg.webp\",\"datePublished\":\"2023-04-06T15:16:08+00:00\",\"dateModified\":\"2026-04-12T10:33:54+00:00\",\"description\":\"Three sturdy shelves, each with plenty of storage space and a 0.25-in retaining lip to prevent items from sliding off the edge.\",\"breadcrumb\":{\"@id\":\"https:\\\/\\\/ksproducts.ca\\\/product\\\/luxor-extra-large-adjustable-height-steel-av-cart-three-shelves-black\\\/#breadcrumb\"},\"inLanguage\":\"fr-CA\",\"potentialAction\":[{\"@type\":\"ReadAction\",\"target\":[\"https:\\\/\\\/ksproducts.ca\\\/product\\\/luxor-extra-large-adjustable-height-steel-av-cart-three-shelves-black\\\/\"]}]},{\"@type\":\"ImageObject\",\"inLanguage\":\"fr-CA\",\"@id\":\"https:\\\/\\\/ksproducts.ca\\\/product\\\/luxor-extra-large-adjustable-height-steel-av-cart-three-shelves-black\\\/#primaryimage\",\"url\":\"https:\\\/\\\/ksproducts.ca\\\/wp-content\\\/uploads\\\/2023\\\/04\\\/avj42xl_42in-extra-large-adjustable-height-steel-av-cart-three-shelves-black-electric_0-jpg.webp\",\"contentUrl\":\"https:\\\/\\\/ksproducts.ca\\\/wp-content\\\/uploads\\\/2023\\\/04\\\/avj42xl_42in-extra-large-adjustable-height-steel-av-cart-three-shelves-black-electric_0-jpg.webp\",\"width\":1920,\"height\":1918,\"caption\":\"Luxor Extra-Large Adjustable-Height Steel AV Cart - Three Shelves - Black\"},{\"@type\":\"BreadcrumbList\",\"@id\":\"https:\\\/\\\/ksproducts.ca\\\/product\\\/luxor-extra-large-adjustable-height-steel-av-cart-three-shelves-black\\\/#breadcrumb\",\"itemListElement\":[{\"@type\":\"ListItem\",\"position\":1,\"name\":\"Home\",\"item\":\"https:\\\/\\\/ksproducts.ca\\\/\"},{\"@type\":\"ListItem\",\"position\":2,\"name\":\"Shop\",\"item\":\"https:\\\/\\\/ksproducts.ca\\\/shop\\\/\"},{\"@type\":\"ListItem\",\"position\":3,\"name\":\"Luxor Extra-Large Adjustable-Height Steel AV Cart &#8211; Three Shelves &#8211; Black\"}]},{\"@type\":\"WebSite\",\"@id\":\"https:\\\/\\\/ksproducts.ca\\\/#website\",\"url\":\"https:\\\/\\\/ksproducts.ca\\\/\",\"name\":\"Ks Products\",\"description\":\"Outdoor cooking and living, made easy in Canada\",\"publisher\":{\"@id\":\"https:\\\/\\\/ksproducts.ca\\\/#organization\"},\"potentialAction\":[{\"@type\":\"SearchAction\",\"target\":{\"@type\":\"EntryPoint\",\"urlTemplate\":\"https:\\\/\\\/ksproducts.ca\\\/?s={search_term_string}\"},\"query-input\":{\"@type\":\"PropertyValueSpecification\",\"valueRequired\":true,\"valueName\":\"search_term_string\"}}],\"inLanguage\":\"fr-CA\"},{\"@type\":\"Organization\",\"@id\":\"https:\\\/\\\/ksproducts.ca\\\/#organization\",\"name\":\"Ks Products\",\"url\":\"https:\\\/\\\/ksproducts.ca\\\/\",\"logo\":{\"@type\":\"ImageObject\",\"inLanguage\":\"fr-CA\",\"@id\":\"https:\\\/\\\/ksproducts.ca\\\/#\\\/schema\\\/logo\\\/image\\\/\",\"url\":\"https:\\\/\\\/ksproducts.ca\\\/wp-content\\\/uploads\\\/2023\\\/09\\\/Kennedy-Sales-Logo-header-1.png\",\"contentUrl\":\"https:\\\/\\\/ksproducts.ca\\\/wp-content\\\/uploads\\\/2023\\\/09\\\/Kennedy-Sales-Logo-header-1.png\",\"width\":150,\"height\":77,\"caption\":\"Ks Products\"},\"image\":{\"@id\":\"https:\\\/\\\/ksproducts.ca\\\/#\\\/schema\\\/logo\\\/image\\\/\"}}]}<\/script>\n<!-- \/ Yoast SEO plugin. -->","yoast_head_json":{"title":"Luxor Extra-Large Adjustable-Height Steel AV Cart - Trois \u00e9tag\u00e8res - Noir - Ks Products","description":"Trois \u00e9tag\u00e8res robustes, chacune dot\u00e9e d'un grand espace de rangement et d'un rebord de 0,25 pouce pour \u00e9viter que les objets ne glissent sur le bord.","robots":{"index":"index","follow":"follow","max-snippet":"max-snippet:-1","max-image-preview":"max-image-preview:large","max-video-preview":"max-video-preview:-1"},"canonical":"https:\/\/ksproducts.ca\/fr\/product\/luxor-extra-large-adjustable-height-steel-av-cart-three-shelves-black\/","og_locale":"fr_CA","og_type":"article","og_title":"Luxor Extra-Large Adjustable-Height Steel AV Cart - Three Shelves - Black - Ks Products","og_description":"Three sturdy shelves, each with plenty of storage space and a 0.25-in retaining lip to prevent items from sliding off the edge.","og_url":"https:\/\/ksproducts.ca\/fr\/product\/luxor-extra-large-adjustable-height-steel-av-cart-three-shelves-black\/","og_site_name":"Ks Products","article_modified_time":"2026-04-12T10:33:54+00:00","og_image":[{"width":1920,"height":1918,"url":"https:\/\/ksproducts.ca\/wp-content\/uploads\/2023\/04\/avj42xl_42in-extra-large-adjustable-height-steel-av-cart-three-shelves-black-electric_0-jpg.webp","type":"image\/jpeg"}],"twitter_card":"summary_large_image","twitter_misc":{"Estimation du temps de lecture":"1 minute"},"schema":{"@context":"https:\/\/schema.org","@graph":[{"@type":"WebPage","@id":"https:\/\/ksproducts.ca\/product\/luxor-extra-large-adjustable-height-steel-av-cart-three-shelves-black\/","url":"https:\/\/ksproducts.ca\/product\/luxor-extra-large-adjustable-height-steel-av-cart-three-shelves-black\/","name":"Luxor Extra-Large Adjustable-Height Steel AV Cart - Trois \u00e9tag\u00e8res - Noir - Ks Products","isPartOf":{"@id":"https:\/\/ksproducts.ca\/#website"},"primaryImageOfPage":{"@id":"https:\/\/ksproducts.ca\/product\/luxor-extra-large-adjustable-height-steel-av-cart-three-shelves-black\/#primaryimage"},"image":{"@id":"https:\/\/ksproducts.ca\/product\/luxor-extra-large-adjustable-height-steel-av-cart-three-shelves-black\/#primaryimage"},"thumbnailUrl":"https:\/\/ksproducts.ca\/wp-content\/uploads\/2023\/04\/avj42xl_42in-extra-large-adjustable-height-steel-av-cart-three-shelves-black-electric_0-jpg.webp","datePublished":"2023-04-06T15:16:08+00:00","dateModified":"2026-04-12T10:33:54+00:00","description":"Trois \u00e9tag\u00e8res robustes, chacune dot\u00e9e d'un grand espace de rangement et d'un rebord de 0,25 pouce pour \u00e9viter que les objets ne glissent sur le bord.","breadcrumb":{"@id":"https:\/\/ksproducts.ca\/product\/luxor-extra-large-adjustable-height-steel-av-cart-three-shelves-black\/#breadcrumb"},"inLanguage":"fr-CA","potentialAction":[{"@type":"ReadAction","target":["https:\/\/ksproducts.ca\/product\/luxor-extra-large-adjustable-height-steel-av-cart-three-shelves-black\/"]}]},{"@type":"ImageObject","inLanguage":"fr-CA","@id":"https:\/\/ksproducts.ca\/product\/luxor-extra-large-adjustable-height-steel-av-cart-three-shelves-black\/#primaryimage","url":"https:\/\/ksproducts.ca\/wp-content\/uploads\/2023\/04\/avj42xl_42in-extra-large-adjustable-height-steel-av-cart-three-shelves-black-electric_0-jpg.webp","contentUrl":"https:\/\/ksproducts.ca\/wp-content\/uploads\/2023\/04\/avj42xl_42in-extra-large-adjustable-height-steel-av-cart-three-shelves-black-electric_0-jpg.webp","width":1920,"height":1918,"caption":"Luxor Extra-Large Adjustable-Height Steel AV Cart - Three Shelves - Black"},{"@type":"BreadcrumbList","@id":"https:\/\/ksproducts.ca\/product\/luxor-extra-large-adjustable-height-steel-av-cart-three-shelves-black\/#breadcrumb","itemListElement":[{"@type":"ListItem","position":1,"name":"Home","item":"https:\/\/ksproducts.ca\/"},{"@type":"ListItem","position":2,"name":"Shop","item":"https:\/\/ksproducts.ca\/shop\/"},{"@type":"ListItem","position":3,"name":"Luxor Extra-Large Adjustable-Height Steel AV Cart &#8211; Three Shelves &#8211; Black"}]},{"@type":"WebSite","@id":"https:\/\/ksproducts.ca\/#website","url":"https:\/\/ksproducts.ca\/","name":"Produits Ks","description":"Cuisiner et vivre en plein air, c'est facile au Canada","publisher":{"@id":"https:\/\/ksproducts.ca\/#organization"},"potentialAction":[{"@type":"SearchAction","target":{"@type":"EntryPoint","urlTemplate":"https:\/\/ksproducts.ca\/?s={search_term_string}"},"query-input":{"@type":"PropertyValueSpecification","valueRequired":true,"valueName":"search_term_string"}}],"inLanguage":"fr-CA"},{"@type":"Organization","@id":"https:\/\/ksproducts.ca\/#organization","name":"Produits Ks","url":"https:\/\/ksproducts.ca\/","logo":{"@type":"ImageObject","inLanguage":"fr-CA","@id":"https:\/\/ksproducts.ca\/#\/schema\/logo\/image\/","url":"https:\/\/ksproducts.ca\/wp-content\/uploads\/2023\/09\/Kennedy-Sales-Logo-header-1.png","contentUrl":"https:\/\/ksproducts.ca\/wp-content\/uploads\/2023\/09\/Kennedy-Sales-Logo-header-1.png","width":150,"height":77,"caption":"Ks Products"},"image":{"@id":"https:\/\/ksproducts.ca\/#\/schema\/logo\/image\/"}}]}},"_links":{"self":[{"href":"https:\/\/ksproducts.ca\/fr\/wp-json\/wp\/v2\/product\/6325","targetHints":{"allow":["GET"]}}],"collection":[{"href":"https:\/\/ksproducts.ca\/fr\/wp-json\/wp\/v2\/product"}],"about":[{"href":"https:\/\/ksproducts.ca\/fr\/wp-json\/wp\/v2\/types\/product"}],"replies":[{"embeddable":true,"href":"https:\/\/ksproducts.ca\/fr\/wp-json\/wp\/v2\/comments?post=6325"}],"version-history":[{"count":1,"href":"https:\/\/ksproducts.ca\/fr\/wp-json\/wp\/v2\/product\/6325\/revisions"}],"predecessor-version":[{"id":10145,"href":"https:\/\/ksproducts.ca\/fr\/wp-json\/wp\/v2\/product\/6325\/revisions\/10145"}],"wp:featuredmedia":[{"embeddable":true,"href":"https:\/\/ksproducts.ca\/fr\/wp-json\/wp\/v2\/media\/6328"}],"wp:attachment":[{"href":"https:\/\/ksproducts.ca\/fr\/wp-json\/wp\/v2\/media?parent=6325"}],"wp:term":[{"taxonomy":"product_cat","embeddable":true,"href":"https:\/\/ksproducts.ca\/fr\/wp-json\/wp\/v2\/product_cat?post=6325"},{"taxonomy":"product_tag","embeddable":true,"href":"https:\/\/ksproducts.ca\/fr\/wp-json\/wp\/v2\/product_tag?post=6325"}],"curies":[{"name":"wp","href":"https:\/\/api.w.org\/{rel}","templated":true}]}}