{"id":6329,"date":"2023-04-06T15:27:42","date_gmt":"2023-04-06T15:27:42","guid":{"rendered":"https:\/\/ksproducts.ca\/?post_type=product&#038;p=6329"},"modified":"2026-03-05T15:07:43","modified_gmt":"2026-03-05T15:07:43","slug":"luxor-crank-adjustable-flat-panel-cart-gris","status":"publish","type":"product","link":"https:\/\/ksproducts.ca\/fr\/product\/luxor-crank-adjustable-flat-panel-cart-gray\/","title":{"rendered":"Luxor Crank Adjustable Flat Panel Cart - Gris"},"content":{"rendered":"<p>Il est facile d'afficher un \u00e9cran \u00e0 la bonne hauteur et au bon angle avec ce chariot pour \u00e9cran plat r\u00e9glable \u00e0 manivelle de Luxor. Une simple rotation de la manivelle permet de r\u00e9gler la hauteur vers le haut ou vers le bas, et le bouton arri\u00e8re permet d'incliner l'\u00e9cran jusqu'\u00e0 15\u00ba vers l'avant ou vers l'arri\u00e8re. Le chariot s'adapte aux \u00e9crans de 32 \u00e0 80 pouces. La construction en acier solide et les \u00e9tag\u00e8res robustes permettent au chariot de supporter jusqu'\u00e0 270 livres au total, et d'accueillir en toute s\u00e9curit\u00e9 un grand \u00e9cran, des haut-parleurs de table et d'autres \u00e9quipements audiovisuels. Quatre roulettes, dont deux avec frein de blocage, facilitent le d\u00e9placement de ce chariot AV. Il est id\u00e9al pour les applications de bureau, les pr\u00e9sentations, les salles de classe et bien plus encore.<\/p>","protected":false},"excerpt":{"rendered":"<p>It\u2019s easy to display a monitor at the right height and angle with this Luxor Crank-Adjustable Flat Panel TV Cart. A simple turn of the crank handle adjusts height up<\/p>","protected":false},"featured_media":6332,"comment_status":"open","ping_status":"closed","template":"","meta":[],"product_cat":[447],"product_tag":[],"class_list":{"0":"post-6329","1":"product","2":"type-product","3":"status-publish","4":"has-post-thumbnail","6":"product_cat-tv-stands-mounts","7":"product_shipping_class-class-4","9":"first","10":"instock","11":"taxable","12":"shipping-taxable","13":"purchasable","14":"product-type-simple"},"yoast_head":"<!-- This site is optimized with the Yoast SEO plugin v27.3 - https:\/\/yoast.com\/product\/yoast-seo-wordpress\/ -->\n<title>Luxor Crank Adjustable Flat Panel Cart - Gray - Ks Products<\/title>\n<meta name=\"description\" content=\"It\u2019s easy to display a monitor at the right height and angle with this Luxor Crank-Adjustable Flat Panel TV Cart.\" \/>\n<meta name=\"robots\" content=\"index, follow, max-snippet:-1, max-image-preview:large, max-video-preview:-1\" \/>\n<link rel=\"canonical\" href=\"https:\/\/ksproducts.ca\/fr\/product\/luxor-crank-adjustable-flat-panel-cart-gris\/\" \/>\n<meta property=\"og:locale\" content=\"fr_CA\" \/>\n<meta property=\"og:type\" content=\"article\" \/>\n<meta property=\"og:title\" content=\"Luxor Crank Adjustable Flat Panel Cart - Gray - Ks Products\" \/>\n<meta property=\"og:description\" content=\"It\u2019s easy to display a monitor at the right height and angle with this Luxor Crank-Adjustable Flat Panel TV Cart.\" \/>\n<meta property=\"og:url\" content=\"https:\/\/ksproducts.ca\/fr\/product\/luxor-crank-adjustable-flat-panel-cart-gris\/\" \/>\n<meta property=\"og:site_name\" content=\"Ks Products\" \/>\n<meta property=\"article:modified_time\" content=\"2026-03-05T15:07:43+00:00\" \/>\n<meta property=\"og:image\" content=\"https:\/\/ksproducts.ca\/wp-content\/uploads\/2023\/04\/clcd_crank-adjustable-flat-panel-tv-cart-angled-propped-lowered_0-1-jpg.webp\" \/>\n\t<meta property=\"og:image:width\" content=\"1920\" \/>\n\t<meta property=\"og:image:height\" content=\"1920\" \/>\n\t<meta property=\"og:image:type\" content=\"image\/jpeg\" \/>\n<meta name=\"twitter:card\" content=\"summary_large_image\" \/>\n<meta name=\"twitter:label1\" content=\"Estimation du temps de lecture\" \/>\n\t<meta name=\"twitter:data1\" content=\"1 minute\" \/>\n<script type=\"application\/ld+json\" class=\"yoast-schema-graph\">{\"@context\":\"https:\\\/\\\/schema.org\",\"@graph\":[{\"@type\":\"WebPage\",\"@id\":\"https:\\\/\\\/ksproducts.ca\\\/product\\\/luxor-crank-adjustable-flat-panel-cart-gray\\\/\",\"url\":\"https:\\\/\\\/ksproducts.ca\\\/product\\\/luxor-crank-adjustable-flat-panel-cart-gray\\\/\",\"name\":\"Luxor Crank Adjustable Flat Panel Cart - Gray - Ks Products\",\"isPartOf\":{\"@id\":\"https:\\\/\\\/ksproducts.ca\\\/#website\"},\"primaryImageOfPage\":{\"@id\":\"https:\\\/\\\/ksproducts.ca\\\/product\\\/luxor-crank-adjustable-flat-panel-cart-gray\\\/#primaryimage\"},\"image\":{\"@id\":\"https:\\\/\\\/ksproducts.ca\\\/product\\\/luxor-crank-adjustable-flat-panel-cart-gray\\\/#primaryimage\"},\"thumbnailUrl\":\"https:\\\/\\\/ksproducts.ca\\\/wp-content\\\/uploads\\\/2023\\\/04\\\/clcd_crank-adjustable-flat-panel-tv-cart-angled-propped-lowered_0-1-jpg.webp\",\"datePublished\":\"2023-04-06T15:27:42+00:00\",\"dateModified\":\"2026-03-05T15:07:43+00:00\",\"description\":\"It\u2019s easy to display a monitor at the right height and angle with this Luxor Crank-Adjustable Flat Panel TV Cart.\",\"breadcrumb\":{\"@id\":\"https:\\\/\\\/ksproducts.ca\\\/product\\\/luxor-crank-adjustable-flat-panel-cart-gray\\\/#breadcrumb\"},\"inLanguage\":\"fr-CA\",\"potentialAction\":[{\"@type\":\"ReadAction\",\"target\":[\"https:\\\/\\\/ksproducts.ca\\\/product\\\/luxor-crank-adjustable-flat-panel-cart-gray\\\/\"]}]},{\"@type\":\"ImageObject\",\"inLanguage\":\"fr-CA\",\"@id\":\"https:\\\/\\\/ksproducts.ca\\\/product\\\/luxor-crank-adjustable-flat-panel-cart-gray\\\/#primaryimage\",\"url\":\"https:\\\/\\\/ksproducts.ca\\\/wp-content\\\/uploads\\\/2023\\\/04\\\/clcd_crank-adjustable-flat-panel-tv-cart-angled-propped-lowered_0-1-jpg.webp\",\"contentUrl\":\"https:\\\/\\\/ksproducts.ca\\\/wp-content\\\/uploads\\\/2023\\\/04\\\/clcd_crank-adjustable-flat-panel-tv-cart-angled-propped-lowered_0-1-jpg.webp\",\"width\":1920,\"height\":1920,\"caption\":\"clcd crank adjustable flat panel tv cart angled propped lowered 0 1 jpg\"},{\"@type\":\"BreadcrumbList\",\"@id\":\"https:\\\/\\\/ksproducts.ca\\\/product\\\/luxor-crank-adjustable-flat-panel-cart-gray\\\/#breadcrumb\",\"itemListElement\":[{\"@type\":\"ListItem\",\"position\":1,\"name\":\"Home\",\"item\":\"https:\\\/\\\/ksproducts.ca\\\/\"},{\"@type\":\"ListItem\",\"position\":2,\"name\":\"Shop\",\"item\":\"https:\\\/\\\/ksproducts.ca\\\/shop\\\/\"},{\"@type\":\"ListItem\",\"position\":3,\"name\":\"Luxor Crank Adjustable Flat Panel Cart &#8211; Gray\"}]},{\"@type\":\"WebSite\",\"@id\":\"https:\\\/\\\/ksproducts.ca\\\/#website\",\"url\":\"https:\\\/\\\/ksproducts.ca\\\/\",\"name\":\"Ks Products\",\"description\":\"Outdoor cooking and living, made easy in Canada\",\"publisher\":{\"@id\":\"https:\\\/\\\/ksproducts.ca\\\/#organization\"},\"potentialAction\":[{\"@type\":\"SearchAction\",\"target\":{\"@type\":\"EntryPoint\",\"urlTemplate\":\"https:\\\/\\\/ksproducts.ca\\\/?s={search_term_string}\"},\"query-input\":{\"@type\":\"PropertyValueSpecification\",\"valueRequired\":true,\"valueName\":\"search_term_string\"}}],\"inLanguage\":\"fr-CA\"},{\"@type\":\"Organization\",\"@id\":\"https:\\\/\\\/ksproducts.ca\\\/#organization\",\"name\":\"Ks Products\",\"url\":\"https:\\\/\\\/ksproducts.ca\\\/\",\"logo\":{\"@type\":\"ImageObject\",\"inLanguage\":\"fr-CA\",\"@id\":\"https:\\\/\\\/ksproducts.ca\\\/#\\\/schema\\\/logo\\\/image\\\/\",\"url\":\"https:\\\/\\\/ksproducts.ca\\\/wp-content\\\/uploads\\\/2023\\\/09\\\/Kennedy-Sales-Logo-header-1.png\",\"contentUrl\":\"https:\\\/\\\/ksproducts.ca\\\/wp-content\\\/uploads\\\/2023\\\/09\\\/Kennedy-Sales-Logo-header-1.png\",\"width\":150,\"height\":77,\"caption\":\"Ks Products\"},\"image\":{\"@id\":\"https:\\\/\\\/ksproducts.ca\\\/#\\\/schema\\\/logo\\\/image\\\/\"}}]}<\/script>\n<!-- \/ Yoast SEO plugin. -->","yoast_head_json":{"title":"Luxor Crank Adjustable Flat Panel Cart - Gray - Ks Products","description":"Il est facile d'afficher un \u00e9cran \u00e0 la bonne hauteur et au bon angle gr\u00e2ce \u00e0 ce chariot TV \u00e0 \u00e9cran plat r\u00e9glable par manivelle de Luxor.","robots":{"index":"index","follow":"follow","max-snippet":"max-snippet:-1","max-image-preview":"max-image-preview:large","max-video-preview":"max-video-preview:-1"},"canonical":"https:\/\/ksproducts.ca\/fr\/product\/luxor-crank-adjustable-flat-panel-cart-gris\/","og_locale":"fr_CA","og_type":"article","og_title":"Luxor Crank Adjustable Flat Panel Cart - Gray - Ks Products","og_description":"It\u2019s easy to display a monitor at the right height and angle with this Luxor Crank-Adjustable Flat Panel TV Cart.","og_url":"https:\/\/ksproducts.ca\/fr\/product\/luxor-crank-adjustable-flat-panel-cart-gris\/","og_site_name":"Ks Products","article_modified_time":"2026-03-05T15:07:43+00:00","og_image":[{"width":1920,"height":1920,"url":"https:\/\/ksproducts.ca\/wp-content\/uploads\/2023\/04\/clcd_crank-adjustable-flat-panel-tv-cart-angled-propped-lowered_0-1-jpg.webp","type":"image\/jpeg"}],"twitter_card":"summary_large_image","twitter_misc":{"Estimation du temps de lecture":"1 minute"},"schema":{"@context":"https:\/\/schema.org","@graph":[{"@type":"WebPage","@id":"https:\/\/ksproducts.ca\/product\/luxor-crank-adjustable-flat-panel-cart-gray\/","url":"https:\/\/ksproducts.ca\/product\/luxor-crank-adjustable-flat-panel-cart-gray\/","name":"Luxor Crank Adjustable Flat Panel Cart - Gray - Ks Products","isPartOf":{"@id":"https:\/\/ksproducts.ca\/#website"},"primaryImageOfPage":{"@id":"https:\/\/ksproducts.ca\/product\/luxor-crank-adjustable-flat-panel-cart-gray\/#primaryimage"},"image":{"@id":"https:\/\/ksproducts.ca\/product\/luxor-crank-adjustable-flat-panel-cart-gray\/#primaryimage"},"thumbnailUrl":"https:\/\/ksproducts.ca\/wp-content\/uploads\/2023\/04\/clcd_crank-adjustable-flat-panel-tv-cart-angled-propped-lowered_0-1-jpg.webp","datePublished":"2023-04-06T15:27:42+00:00","dateModified":"2026-03-05T15:07:43+00:00","description":"Il est facile d'afficher un \u00e9cran \u00e0 la bonne hauteur et au bon angle gr\u00e2ce \u00e0 ce chariot TV \u00e0 \u00e9cran plat r\u00e9glable par manivelle de Luxor.","breadcrumb":{"@id":"https:\/\/ksproducts.ca\/product\/luxor-crank-adjustable-flat-panel-cart-gray\/#breadcrumb"},"inLanguage":"fr-CA","potentialAction":[{"@type":"ReadAction","target":["https:\/\/ksproducts.ca\/product\/luxor-crank-adjustable-flat-panel-cart-gray\/"]}]},{"@type":"ImageObject","inLanguage":"fr-CA","@id":"https:\/\/ksproducts.ca\/product\/luxor-crank-adjustable-flat-panel-cart-gray\/#primaryimage","url":"https:\/\/ksproducts.ca\/wp-content\/uploads\/2023\/04\/clcd_crank-adjustable-flat-panel-tv-cart-angled-propped-lowered_0-1-jpg.webp","contentUrl":"https:\/\/ksproducts.ca\/wp-content\/uploads\/2023\/04\/clcd_crank-adjustable-flat-panel-tv-cart-angled-propped-lowered_0-1-jpg.webp","width":1920,"height":1920,"caption":"clcd crank adjustable flat panel tv cart angled propped lowered 0 1 jpg"},{"@type":"BreadcrumbList","@id":"https:\/\/ksproducts.ca\/product\/luxor-crank-adjustable-flat-panel-cart-gray\/#breadcrumb","itemListElement":[{"@type":"ListItem","position":1,"name":"Home","item":"https:\/\/ksproducts.ca\/"},{"@type":"ListItem","position":2,"name":"Shop","item":"https:\/\/ksproducts.ca\/shop\/"},{"@type":"ListItem","position":3,"name":"Luxor Crank Adjustable Flat Panel Cart &#8211; Gray"}]},{"@type":"WebSite","@id":"https:\/\/ksproducts.ca\/#website","url":"https:\/\/ksproducts.ca\/","name":"Produits Ks","description":"Cuisiner et vivre en plein air, c'est facile au Canada","publisher":{"@id":"https:\/\/ksproducts.ca\/#organization"},"potentialAction":[{"@type":"SearchAction","target":{"@type":"EntryPoint","urlTemplate":"https:\/\/ksproducts.ca\/?s={search_term_string}"},"query-input":{"@type":"PropertyValueSpecification","valueRequired":true,"valueName":"search_term_string"}}],"inLanguage":"fr-CA"},{"@type":"Organization","@id":"https:\/\/ksproducts.ca\/#organization","name":"Produits Ks","url":"https:\/\/ksproducts.ca\/","logo":{"@type":"ImageObject","inLanguage":"fr-CA","@id":"https:\/\/ksproducts.ca\/#\/schema\/logo\/image\/","url":"https:\/\/ksproducts.ca\/wp-content\/uploads\/2023\/09\/Kennedy-Sales-Logo-header-1.png","contentUrl":"https:\/\/ksproducts.ca\/wp-content\/uploads\/2023\/09\/Kennedy-Sales-Logo-header-1.png","width":150,"height":77,"caption":"Ks Products"},"image":{"@id":"https:\/\/ksproducts.ca\/#\/schema\/logo\/image\/"}}]}},"_links":{"self":[{"href":"https:\/\/ksproducts.ca\/fr\/wp-json\/wp\/v2\/product\/6329","targetHints":{"allow":["GET"]}}],"collection":[{"href":"https:\/\/ksproducts.ca\/fr\/wp-json\/wp\/v2\/product"}],"about":[{"href":"https:\/\/ksproducts.ca\/fr\/wp-json\/wp\/v2\/types\/product"}],"replies":[{"embeddable":true,"href":"https:\/\/ksproducts.ca\/fr\/wp-json\/wp\/v2\/comments?post=6329"}],"version-history":[{"count":1,"href":"https:\/\/ksproducts.ca\/fr\/wp-json\/wp\/v2\/product\/6329\/revisions"}],"predecessor-version":[{"id":10147,"href":"https:\/\/ksproducts.ca\/fr\/wp-json\/wp\/v2\/product\/6329\/revisions\/10147"}],"wp:featuredmedia":[{"embeddable":true,"href":"https:\/\/ksproducts.ca\/fr\/wp-json\/wp\/v2\/media\/6332"}],"wp:attachment":[{"href":"https:\/\/ksproducts.ca\/fr\/wp-json\/wp\/v2\/media?parent=6329"}],"wp:term":[{"taxonomy":"product_cat","embeddable":true,"href":"https:\/\/ksproducts.ca\/fr\/wp-json\/wp\/v2\/product_cat?post=6329"},{"taxonomy":"product_tag","embeddable":true,"href":"https:\/\/ksproducts.ca\/fr\/wp-json\/wp\/v2\/product_tag?post=6329"}],"curies":[{"name":"wp","href":"https:\/\/api.w.org\/{rel}","templated":true}]}}