{"id":6354,"date":"2023-04-06T17:40:32","date_gmt":"2023-04-06T17:40:32","guid":{"rendered":"https:\/\/ksproducts.ca\/?post_type=product&#038;p=6354"},"modified":"2026-04-06T10:39:07","modified_gmt":"2026-04-06T10:39:07","slug":"luxor-heavy-duty-tub-18-in-x-32-in-black","status":"publish","type":"product","link":"https:\/\/ksproducts.ca\/fr\/product\/luxor-heavy-duty-tub-18-in-x-32-in-black\/","title":{"rendered":"Baignoire Luxor \u00e0 usage intensif - 18 po X 32 po - Noir"},"content":{"rendered":"<p>Ce chariot utilitaire \u00e0 deux \u00e9tag\u00e8res est con\u00e7u pour supporter de lourdes charges et durer des ann\u00e9es. Chaque \u00e9tag\u00e8re est fabriqu\u00e9e en r\u00e9sine thermoplastique durable qui ne se raye pas, ne se tache pas, ne se cabosse pas et ne rouille pas, et peut supporter un poids maximum de 500 livres. Quatre roulettes robustes de 5 pouces, deux fixes et deux pivotantes avec freins de blocage, aident le chariot \u00e0 rouler en douceur sur les sols durs, les tapis, le ciment et d'autres surfaces, et deux freins de blocage permettent de fixer facilement le chariot en place.<\/p>","protected":false},"excerpt":{"rendered":"<p>This two-shelf utility cart is constructed to carry hefty loads while lasting for years to come. Each shelf is made from durable thermoplastic resin that won&#8217;t scratch, stain, dent, or<\/p>","protected":false},"featured_media":6357,"comment_status":"open","ping_status":"closed","template":"","meta":[],"product_cat":[433],"product_tag":[],"class_list":{"0":"post-6354","1":"product","2":"type-product","3":"status-publish","4":"has-post-thumbnail","6":"product_cat-utility-carts","7":"product_shipping_class-class-4","9":"first","10":"instock","11":"taxable","12":"shipping-taxable","13":"purchasable","14":"product-type-simple"},"yoast_head":"<!-- This site is optimized with the Yoast SEO plugin v27.3 - https:\/\/yoast.com\/product\/yoast-seo-wordpress\/ -->\n<title>Luxor Heavy Duty Tub - 18-in X 32-in - Black - Ks Products<\/title>\n<meta name=\"robots\" content=\"index, follow, max-snippet:-1, max-image-preview:large, max-video-preview:-1\" \/>\n<link rel=\"canonical\" href=\"https:\/\/ksproducts.ca\/fr\/product\/luxor-heavy-duty-tub-18-in-x-32-in-black\/\" \/>\n<meta property=\"og:locale\" content=\"fr_CA\" \/>\n<meta property=\"og:type\" content=\"article\" \/>\n<meta property=\"og:title\" content=\"Luxor Heavy Duty Tub - 18-in X 32-in - Black - Ks Products\" \/>\n<meta property=\"og:description\" content=\"This two-shelf utility cart is constructed to carry hefty loads while lasting for years to come. Each shelf is made from durable thermoplastic resin that won&#8217;t scratch, stain, dent, or\" \/>\n<meta property=\"og:url\" content=\"https:\/\/ksproducts.ca\/fr\/product\/luxor-heavy-duty-tub-18-in-x-32-in-black\/\" \/>\n<meta property=\"og:site_name\" content=\"Ks Products\" \/>\n<meta property=\"article:modified_time\" content=\"2026-04-06T10:39:07+00:00\" \/>\n<meta property=\"og:image\" content=\"https:\/\/ksproducts.ca\/wp-content\/uploads\/2023\/04\/ec11hd-b_32x18-tub-cart-two-shelves-heavy-duty-casters-black-angled_0-1-2-jpg.webp\" \/>\n\t<meta property=\"og:image:width\" content=\"1920\" \/>\n\t<meta property=\"og:image:height\" content=\"1920\" \/>\n\t<meta property=\"og:image:type\" content=\"image\/jpeg\" \/>\n<meta name=\"twitter:card\" content=\"summary_large_image\" \/>\n<meta name=\"twitter:label1\" content=\"Estimation du temps de lecture\" \/>\n\t<meta name=\"twitter:data1\" content=\"1 minute\" \/>\n<script type=\"application\/ld+json\" class=\"yoast-schema-graph\">{\"@context\":\"https:\\\/\\\/schema.org\",\"@graph\":[{\"@type\":\"WebPage\",\"@id\":\"https:\\\/\\\/ksproducts.ca\\\/product\\\/luxor-heavy-duty-tub-18-in-x-32-in-black\\\/\",\"url\":\"https:\\\/\\\/ksproducts.ca\\\/product\\\/luxor-heavy-duty-tub-18-in-x-32-in-black\\\/\",\"name\":\"Luxor Heavy Duty Tub - 18-in X 32-in - Black - Ks Products\",\"isPartOf\":{\"@id\":\"https:\\\/\\\/ksproducts.ca\\\/#website\"},\"primaryImageOfPage\":{\"@id\":\"https:\\\/\\\/ksproducts.ca\\\/product\\\/luxor-heavy-duty-tub-18-in-x-32-in-black\\\/#primaryimage\"},\"image\":{\"@id\":\"https:\\\/\\\/ksproducts.ca\\\/product\\\/luxor-heavy-duty-tub-18-in-x-32-in-black\\\/#primaryimage\"},\"thumbnailUrl\":\"https:\\\/\\\/ksproducts.ca\\\/wp-content\\\/uploads\\\/2023\\\/04\\\/ec11hd-b_32x18-tub-cart-two-shelves-heavy-duty-casters-black-angled_0-1-2-jpg.webp\",\"datePublished\":\"2023-04-06T17:40:32+00:00\",\"dateModified\":\"2026-04-06T10:39:07+00:00\",\"breadcrumb\":{\"@id\":\"https:\\\/\\\/ksproducts.ca\\\/product\\\/luxor-heavy-duty-tub-18-in-x-32-in-black\\\/#breadcrumb\"},\"inLanguage\":\"fr-CA\",\"potentialAction\":[{\"@type\":\"ReadAction\",\"target\":[\"https:\\\/\\\/ksproducts.ca\\\/product\\\/luxor-heavy-duty-tub-18-in-x-32-in-black\\\/\"]}]},{\"@type\":\"ImageObject\",\"inLanguage\":\"fr-CA\",\"@id\":\"https:\\\/\\\/ksproducts.ca\\\/product\\\/luxor-heavy-duty-tub-18-in-x-32-in-black\\\/#primaryimage\",\"url\":\"https:\\\/\\\/ksproducts.ca\\\/wp-content\\\/uploads\\\/2023\\\/04\\\/ec11hd-b_32x18-tub-cart-two-shelves-heavy-duty-casters-black-angled_0-1-2-jpg.webp\",\"contentUrl\":\"https:\\\/\\\/ksproducts.ca\\\/wp-content\\\/uploads\\\/2023\\\/04\\\/ec11hd-b_32x18-tub-cart-two-shelves-heavy-duty-casters-black-angled_0-1-2-jpg.webp\",\"width\":1920,\"height\":1920,\"caption\":\"tub cart two shelves heavy duty casters black\"},{\"@type\":\"BreadcrumbList\",\"@id\":\"https:\\\/\\\/ksproducts.ca\\\/product\\\/luxor-heavy-duty-tub-18-in-x-32-in-black\\\/#breadcrumb\",\"itemListElement\":[{\"@type\":\"ListItem\",\"position\":1,\"name\":\"Home\",\"item\":\"https:\\\/\\\/ksproducts.ca\\\/\"},{\"@type\":\"ListItem\",\"position\":2,\"name\":\"Shop\",\"item\":\"https:\\\/\\\/ksproducts.ca\\\/shop\\\/\"},{\"@type\":\"ListItem\",\"position\":3,\"name\":\"Luxor Heavy Duty Tub &#8211; 18-in X 32-in &#8211; Black\"}]},{\"@type\":\"WebSite\",\"@id\":\"https:\\\/\\\/ksproducts.ca\\\/#website\",\"url\":\"https:\\\/\\\/ksproducts.ca\\\/\",\"name\":\"Ks Products\",\"description\":\"Outdoor cooking and living, made easy in Canada\",\"publisher\":{\"@id\":\"https:\\\/\\\/ksproducts.ca\\\/#organization\"},\"potentialAction\":[{\"@type\":\"SearchAction\",\"target\":{\"@type\":\"EntryPoint\",\"urlTemplate\":\"https:\\\/\\\/ksproducts.ca\\\/?s={search_term_string}\"},\"query-input\":{\"@type\":\"PropertyValueSpecification\",\"valueRequired\":true,\"valueName\":\"search_term_string\"}}],\"inLanguage\":\"fr-CA\"},{\"@type\":\"Organization\",\"@id\":\"https:\\\/\\\/ksproducts.ca\\\/#organization\",\"name\":\"Ks Products\",\"url\":\"https:\\\/\\\/ksproducts.ca\\\/\",\"logo\":{\"@type\":\"ImageObject\",\"inLanguage\":\"fr-CA\",\"@id\":\"https:\\\/\\\/ksproducts.ca\\\/#\\\/schema\\\/logo\\\/image\\\/\",\"url\":\"https:\\\/\\\/ksproducts.ca\\\/wp-content\\\/uploads\\\/2023\\\/09\\\/Kennedy-Sales-Logo-header-1.png\",\"contentUrl\":\"https:\\\/\\\/ksproducts.ca\\\/wp-content\\\/uploads\\\/2023\\\/09\\\/Kennedy-Sales-Logo-header-1.png\",\"width\":150,\"height\":77,\"caption\":\"Ks Products\"},\"image\":{\"@id\":\"https:\\\/\\\/ksproducts.ca\\\/#\\\/schema\\\/logo\\\/image\\\/\"}}]}<\/script>\n<!-- \/ Yoast SEO plugin. -->","yoast_head_json":{"title":"Baignoire Luxor \u00e0 usage intensif - 18 po X 32 po - Noir - Ks Products","robots":{"index":"index","follow":"follow","max-snippet":"max-snippet:-1","max-image-preview":"max-image-preview:large","max-video-preview":"max-video-preview:-1"},"canonical":"https:\/\/ksproducts.ca\/fr\/product\/luxor-heavy-duty-tub-18-in-x-32-in-black\/","og_locale":"fr_CA","og_type":"article","og_title":"Luxor Heavy Duty Tub - 18-in X 32-in - Black - Ks Products","og_description":"This two-shelf utility cart is constructed to carry hefty loads while lasting for years to come. Each shelf is made from durable thermoplastic resin that won&#8217;t scratch, stain, dent, or","og_url":"https:\/\/ksproducts.ca\/fr\/product\/luxor-heavy-duty-tub-18-in-x-32-in-black\/","og_site_name":"Ks Products","article_modified_time":"2026-04-06T10:39:07+00:00","og_image":[{"width":1920,"height":1920,"url":"https:\/\/ksproducts.ca\/wp-content\/uploads\/2023\/04\/ec11hd-b_32x18-tub-cart-two-shelves-heavy-duty-casters-black-angled_0-1-2-jpg.webp","type":"image\/jpeg"}],"twitter_card":"summary_large_image","twitter_misc":{"Estimation du temps de lecture":"1 minute"},"schema":{"@context":"https:\/\/schema.org","@graph":[{"@type":"WebPage","@id":"https:\/\/ksproducts.ca\/product\/luxor-heavy-duty-tub-18-in-x-32-in-black\/","url":"https:\/\/ksproducts.ca\/product\/luxor-heavy-duty-tub-18-in-x-32-in-black\/","name":"Baignoire Luxor \u00e0 usage intensif - 18 po X 32 po - Noir - Ks Products","isPartOf":{"@id":"https:\/\/ksproducts.ca\/#website"},"primaryImageOfPage":{"@id":"https:\/\/ksproducts.ca\/product\/luxor-heavy-duty-tub-18-in-x-32-in-black\/#primaryimage"},"image":{"@id":"https:\/\/ksproducts.ca\/product\/luxor-heavy-duty-tub-18-in-x-32-in-black\/#primaryimage"},"thumbnailUrl":"https:\/\/ksproducts.ca\/wp-content\/uploads\/2023\/04\/ec11hd-b_32x18-tub-cart-two-shelves-heavy-duty-casters-black-angled_0-1-2-jpg.webp","datePublished":"2023-04-06T17:40:32+00:00","dateModified":"2026-04-06T10:39:07+00:00","breadcrumb":{"@id":"https:\/\/ksproducts.ca\/product\/luxor-heavy-duty-tub-18-in-x-32-in-black\/#breadcrumb"},"inLanguage":"fr-CA","potentialAction":[{"@type":"ReadAction","target":["https:\/\/ksproducts.ca\/product\/luxor-heavy-duty-tub-18-in-x-32-in-black\/"]}]},{"@type":"ImageObject","inLanguage":"fr-CA","@id":"https:\/\/ksproducts.ca\/product\/luxor-heavy-duty-tub-18-in-x-32-in-black\/#primaryimage","url":"https:\/\/ksproducts.ca\/wp-content\/uploads\/2023\/04\/ec11hd-b_32x18-tub-cart-two-shelves-heavy-duty-casters-black-angled_0-1-2-jpg.webp","contentUrl":"https:\/\/ksproducts.ca\/wp-content\/uploads\/2023\/04\/ec11hd-b_32x18-tub-cart-two-shelves-heavy-duty-casters-black-angled_0-1-2-jpg.webp","width":1920,"height":1920,"caption":"tub cart two shelves heavy duty casters black"},{"@type":"BreadcrumbList","@id":"https:\/\/ksproducts.ca\/product\/luxor-heavy-duty-tub-18-in-x-32-in-black\/#breadcrumb","itemListElement":[{"@type":"ListItem","position":1,"name":"Home","item":"https:\/\/ksproducts.ca\/"},{"@type":"ListItem","position":2,"name":"Shop","item":"https:\/\/ksproducts.ca\/shop\/"},{"@type":"ListItem","position":3,"name":"Luxor Heavy Duty Tub &#8211; 18-in X 32-in &#8211; Black"}]},{"@type":"WebSite","@id":"https:\/\/ksproducts.ca\/#website","url":"https:\/\/ksproducts.ca\/","name":"Produits Ks","description":"Cuisiner et vivre en plein air, c'est facile au Canada","publisher":{"@id":"https:\/\/ksproducts.ca\/#organization"},"potentialAction":[{"@type":"SearchAction","target":{"@type":"EntryPoint","urlTemplate":"https:\/\/ksproducts.ca\/?s={search_term_string}"},"query-input":{"@type":"PropertyValueSpecification","valueRequired":true,"valueName":"search_term_string"}}],"inLanguage":"fr-CA"},{"@type":"Organization","@id":"https:\/\/ksproducts.ca\/#organization","name":"Produits Ks","url":"https:\/\/ksproducts.ca\/","logo":{"@type":"ImageObject","inLanguage":"fr-CA","@id":"https:\/\/ksproducts.ca\/#\/schema\/logo\/image\/","url":"https:\/\/ksproducts.ca\/wp-content\/uploads\/2023\/09\/Kennedy-Sales-Logo-header-1.png","contentUrl":"https:\/\/ksproducts.ca\/wp-content\/uploads\/2023\/09\/Kennedy-Sales-Logo-header-1.png","width":150,"height":77,"caption":"Ks Products"},"image":{"@id":"https:\/\/ksproducts.ca\/#\/schema\/logo\/image\/"}}]}},"_links":{"self":[{"href":"https:\/\/ksproducts.ca\/fr\/wp-json\/wp\/v2\/product\/6354","targetHints":{"allow":["GET"]}}],"collection":[{"href":"https:\/\/ksproducts.ca\/fr\/wp-json\/wp\/v2\/product"}],"about":[{"href":"https:\/\/ksproducts.ca\/fr\/wp-json\/wp\/v2\/types\/product"}],"replies":[{"embeddable":true,"href":"https:\/\/ksproducts.ca\/fr\/wp-json\/wp\/v2\/comments?post=6354"}],"version-history":[{"count":1,"href":"https:\/\/ksproducts.ca\/fr\/wp-json\/wp\/v2\/product\/6354\/revisions"}],"predecessor-version":[{"id":10227,"href":"https:\/\/ksproducts.ca\/fr\/wp-json\/wp\/v2\/product\/6354\/revisions\/10227"}],"wp:featuredmedia":[{"embeddable":true,"href":"https:\/\/ksproducts.ca\/fr\/wp-json\/wp\/v2\/media\/6357"}],"wp:attachment":[{"href":"https:\/\/ksproducts.ca\/fr\/wp-json\/wp\/v2\/media?parent=6354"}],"wp:term":[{"taxonomy":"product_cat","embeddable":true,"href":"https:\/\/ksproducts.ca\/fr\/wp-json\/wp\/v2\/product_cat?post=6354"},{"taxonomy":"product_tag","embeddable":true,"href":"https:\/\/ksproducts.ca\/fr\/wp-json\/wp\/v2\/product_tag?post=6354"}],"curies":[{"name":"wp","href":"https:\/\/api.w.org\/{rel}","templated":true}]}}