{"id":6374,"date":"2023-04-06T18:41:00","date_gmt":"2023-04-06T18:41:00","guid":{"rendered":"https:\/\/ksproducts.ca\/?post_type=product&#038;p=6374"},"modified":"2026-04-06T21:33:01","modified_gmt":"2026-04-06T21:33:01","slug":"luxor-3-shelf-utility-cart-24-in-x-18-in-black","status":"publish","type":"product","link":"https:\/\/ksproducts.ca\/fr\/product\/luxor-3-shelf-utility-cart-24-in-x-18-in-black\/","title":{"rendered":"Luxor Chariot utilitaire \u00e0 3 \u00e9tag\u00e8res - 24 po x 18 po - Noir"},"content":{"rendered":"<p>Ce chariot utilitaire polyvalent est exactement ce dont vous avez besoin pour servir ou stocker. Il peut supporter des charges lourdes et difficiles jusqu'\u00e0 300 livres, car ses \u00e9tag\u00e8res et ses pieds sont fabriqu\u00e9s en r\u00e9sine thermoplastique moul\u00e9e solide qui ne s'\u00e9gratigne pas, ne se tache pas, ne se cabosse pas et ne rouille pas. Il y a m\u00eame un rebord de retenue sur chaque \u00e9tag\u00e8re pour emp\u00eacher les articles de glisser. Gr\u00e2ce aux roulettes de 4 pouces et \u00e0 la poign\u00e9e de pouss\u00e9e moul\u00e9e dans l'\u00e9tag\u00e8re sup\u00e9rieure, vous contr\u00f4lez le chariot en toute s\u00e9curit\u00e9 lorsque vous le d\u00e9placez.<\/p>","protected":false},"excerpt":{"rendered":"<p>Ce chariot utilitaire polyvalent est exactement ce qu'il vous faut comme chariot de service ou de stockage. Il peut supporter des charges lourdes jusqu'\u00e0 300 livres gr\u00e2ce \u00e0 ses \u00e9tag\u00e8res et ses pieds.<\/p>","protected":false},"featured_media":6375,"comment_status":"open","ping_status":"closed","template":"","meta":[],"product_cat":[433],"product_tag":[],"class_list":{"0":"post-6374","1":"product","2":"type-product","3":"status-publish","4":"has-post-thumbnail","6":"product_cat-utility-carts","7":"product_shipping_class-class-4","9":"first","10":"instock","11":"taxable","12":"shipping-taxable","13":"purchasable","14":"product-type-simple"},"yoast_head":"<!-- This site is optimized with the Yoast SEO plugin v27.3 - https:\/\/yoast.com\/product\/yoast-seo-wordpress\/ -->\n<title>Luxor 3 shelf utility cart - 24-in x 18-in - Black - Ks Products<\/title>\n<meta name=\"robots\" content=\"index, follow, max-snippet:-1, max-image-preview:large, max-video-preview:-1\" \/>\n<link rel=\"canonical\" href=\"https:\/\/ksproducts.ca\/fr\/product\/luxor-3-shelf-utility-cart-24-in-x-18-in-black\/\" \/>\n<meta property=\"og:locale\" content=\"fr_CA\" \/>\n<meta property=\"og:type\" content=\"article\" \/>\n<meta property=\"og:title\" content=\"Luxor 3 shelf utility cart - 24-in x 18-in - Black - Ks Products\" \/>\n<meta property=\"og:description\" content=\"This multipurpose utility cart is just what you need in a serving or storage cart. It can handle tough, heavy cargo up to 300 lbs. since its shelves and legs\" \/>\n<meta property=\"og:url\" content=\"https:\/\/ksproducts.ca\/fr\/product\/luxor-3-shelf-utility-cart-24-in-x-18-in-black\/\" \/>\n<meta property=\"og:site_name\" content=\"Ks Products\" \/>\n<meta property=\"article:modified_time\" content=\"2026-04-06T21:33:01+00:00\" \/>\n<meta property=\"og:image\" content=\"https:\/\/ksproducts.ca\/wp-content\/uploads\/2023\/04\/he34-b_24x18-utility-cart-3-shelves-structural-foam-plastic-black-angled_0-jpg.webp\" \/>\n\t<meta property=\"og:image:width\" content=\"1920\" \/>\n\t<meta property=\"og:image:height\" content=\"1920\" \/>\n\t<meta property=\"og:image:type\" content=\"image\/jpeg\" \/>\n<meta name=\"twitter:card\" content=\"summary_large_image\" \/>\n<meta name=\"twitter:label1\" content=\"Estimation du temps de lecture\" \/>\n\t<meta name=\"twitter:data1\" content=\"1 minute\" \/>\n<script type=\"application\/ld+json\" class=\"yoast-schema-graph\">{\"@context\":\"https:\\\/\\\/schema.org\",\"@graph\":[{\"@type\":\"WebPage\",\"@id\":\"https:\\\/\\\/ksproducts.ca\\\/product\\\/luxor-3-shelf-utility-cart-24-in-x-18-in-black\\\/\",\"url\":\"https:\\\/\\\/ksproducts.ca\\\/product\\\/luxor-3-shelf-utility-cart-24-in-x-18-in-black\\\/\",\"name\":\"Luxor 3 shelf utility cart - 24-in x 18-in - Black - Ks Products\",\"isPartOf\":{\"@id\":\"https:\\\/\\\/ksproducts.ca\\\/#website\"},\"primaryImageOfPage\":{\"@id\":\"https:\\\/\\\/ksproducts.ca\\\/product\\\/luxor-3-shelf-utility-cart-24-in-x-18-in-black\\\/#primaryimage\"},\"image\":{\"@id\":\"https:\\\/\\\/ksproducts.ca\\\/product\\\/luxor-3-shelf-utility-cart-24-in-x-18-in-black\\\/#primaryimage\"},\"thumbnailUrl\":\"https:\\\/\\\/ksproducts.ca\\\/wp-content\\\/uploads\\\/2023\\\/04\\\/he34-b_24x18-utility-cart-3-shelves-structural-foam-plastic-black-angled_0-jpg.webp\",\"datePublished\":\"2023-04-06T18:41:00+00:00\",\"dateModified\":\"2026-04-06T21:33:01+00:00\",\"breadcrumb\":{\"@id\":\"https:\\\/\\\/ksproducts.ca\\\/product\\\/luxor-3-shelf-utility-cart-24-in-x-18-in-black\\\/#breadcrumb\"},\"inLanguage\":\"fr-CA\",\"potentialAction\":[{\"@type\":\"ReadAction\",\"target\":[\"https:\\\/\\\/ksproducts.ca\\\/product\\\/luxor-3-shelf-utility-cart-24-in-x-18-in-black\\\/\"]}]},{\"@type\":\"ImageObject\",\"inLanguage\":\"fr-CA\",\"@id\":\"https:\\\/\\\/ksproducts.ca\\\/product\\\/luxor-3-shelf-utility-cart-24-in-x-18-in-black\\\/#primaryimage\",\"url\":\"https:\\\/\\\/ksproducts.ca\\\/wp-content\\\/uploads\\\/2023\\\/04\\\/he34-b_24x18-utility-cart-3-shelves-structural-foam-plastic-black-angled_0-jpg.webp\",\"contentUrl\":\"https:\\\/\\\/ksproducts.ca\\\/wp-content\\\/uploads\\\/2023\\\/04\\\/he34-b_24x18-utility-cart-3-shelves-structural-foam-plastic-black-angled_0-jpg.webp\",\"width\":1920,\"height\":1920,\"caption\":\"adjustable-height-rotating-lcd-tv-stand-and-mount-with-shelf-propped-raised\"},{\"@type\":\"BreadcrumbList\",\"@id\":\"https:\\\/\\\/ksproducts.ca\\\/product\\\/luxor-3-shelf-utility-cart-24-in-x-18-in-black\\\/#breadcrumb\",\"itemListElement\":[{\"@type\":\"ListItem\",\"position\":1,\"name\":\"Home\",\"item\":\"https:\\\/\\\/ksproducts.ca\\\/\"},{\"@type\":\"ListItem\",\"position\":2,\"name\":\"Shop\",\"item\":\"https:\\\/\\\/ksproducts.ca\\\/shop\\\/\"},{\"@type\":\"ListItem\",\"position\":3,\"name\":\"Luxor 3 shelf utility cart &#8211; 24-in x 18-in &#8211; Black\"}]},{\"@type\":\"WebSite\",\"@id\":\"https:\\\/\\\/ksproducts.ca\\\/#website\",\"url\":\"https:\\\/\\\/ksproducts.ca\\\/\",\"name\":\"Ks Products\",\"description\":\"Outdoor cooking and living, made easy in Canada\",\"publisher\":{\"@id\":\"https:\\\/\\\/ksproducts.ca\\\/#organization\"},\"potentialAction\":[{\"@type\":\"SearchAction\",\"target\":{\"@type\":\"EntryPoint\",\"urlTemplate\":\"https:\\\/\\\/ksproducts.ca\\\/?s={search_term_string}\"},\"query-input\":{\"@type\":\"PropertyValueSpecification\",\"valueRequired\":true,\"valueName\":\"search_term_string\"}}],\"inLanguage\":\"fr-CA\"},{\"@type\":\"Organization\",\"@id\":\"https:\\\/\\\/ksproducts.ca\\\/#organization\",\"name\":\"Ks Products\",\"url\":\"https:\\\/\\\/ksproducts.ca\\\/\",\"logo\":{\"@type\":\"ImageObject\",\"inLanguage\":\"fr-CA\",\"@id\":\"https:\\\/\\\/ksproducts.ca\\\/#\\\/schema\\\/logo\\\/image\\\/\",\"url\":\"https:\\\/\\\/ksproducts.ca\\\/wp-content\\\/uploads\\\/2023\\\/09\\\/Kennedy-Sales-Logo-header-1.png\",\"contentUrl\":\"https:\\\/\\\/ksproducts.ca\\\/wp-content\\\/uploads\\\/2023\\\/09\\\/Kennedy-Sales-Logo-header-1.png\",\"width\":150,\"height\":77,\"caption\":\"Ks Products\"},\"image\":{\"@id\":\"https:\\\/\\\/ksproducts.ca\\\/#\\\/schema\\\/logo\\\/image\\\/\"}}]}<\/script>\n<!-- \/ Yoast SEO plugin. -->","yoast_head_json":{"title":"Luxor Chariot utilitaire \u00e0 3 \u00e9tag\u00e8res - 24 po x 18 po - Noir - Ks Products","robots":{"index":"index","follow":"follow","max-snippet":"max-snippet:-1","max-image-preview":"max-image-preview:large","max-video-preview":"max-video-preview:-1"},"canonical":"https:\/\/ksproducts.ca\/fr\/product\/luxor-3-shelf-utility-cart-24-in-x-18-in-black\/","og_locale":"fr_CA","og_type":"article","og_title":"Luxor 3 shelf utility cart - 24-in x 18-in - Black - Ks Products","og_description":"This multipurpose utility cart is just what you need in a serving or storage cart. It can handle tough, heavy cargo up to 300 lbs. since its shelves and legs","og_url":"https:\/\/ksproducts.ca\/fr\/product\/luxor-3-shelf-utility-cart-24-in-x-18-in-black\/","og_site_name":"Ks Products","article_modified_time":"2026-04-06T21:33:01+00:00","og_image":[{"width":1920,"height":1920,"url":"https:\/\/ksproducts.ca\/wp-content\/uploads\/2023\/04\/he34-b_24x18-utility-cart-3-shelves-structural-foam-plastic-black-angled_0-jpg.webp","type":"image\/jpeg"}],"twitter_card":"summary_large_image","twitter_misc":{"Estimation du temps de lecture":"1 minute"},"schema":{"@context":"https:\/\/schema.org","@graph":[{"@type":"WebPage","@id":"https:\/\/ksproducts.ca\/product\/luxor-3-shelf-utility-cart-24-in-x-18-in-black\/","url":"https:\/\/ksproducts.ca\/product\/luxor-3-shelf-utility-cart-24-in-x-18-in-black\/","name":"Luxor Chariot utilitaire \u00e0 3 \u00e9tag\u00e8res - 24 po x 18 po - Noir - Ks Products","isPartOf":{"@id":"https:\/\/ksproducts.ca\/#website"},"primaryImageOfPage":{"@id":"https:\/\/ksproducts.ca\/product\/luxor-3-shelf-utility-cart-24-in-x-18-in-black\/#primaryimage"},"image":{"@id":"https:\/\/ksproducts.ca\/product\/luxor-3-shelf-utility-cart-24-in-x-18-in-black\/#primaryimage"},"thumbnailUrl":"https:\/\/ksproducts.ca\/wp-content\/uploads\/2023\/04\/he34-b_24x18-utility-cart-3-shelves-structural-foam-plastic-black-angled_0-jpg.webp","datePublished":"2023-04-06T18:41:00+00:00","dateModified":"2026-04-06T21:33:01+00:00","breadcrumb":{"@id":"https:\/\/ksproducts.ca\/product\/luxor-3-shelf-utility-cart-24-in-x-18-in-black\/#breadcrumb"},"inLanguage":"fr-CA","potentialAction":[{"@type":"ReadAction","target":["https:\/\/ksproducts.ca\/product\/luxor-3-shelf-utility-cart-24-in-x-18-in-black\/"]}]},{"@type":"ImageObject","inLanguage":"fr-CA","@id":"https:\/\/ksproducts.ca\/product\/luxor-3-shelf-utility-cart-24-in-x-18-in-black\/#primaryimage","url":"https:\/\/ksproducts.ca\/wp-content\/uploads\/2023\/04\/he34-b_24x18-utility-cart-3-shelves-structural-foam-plastic-black-angled_0-jpg.webp","contentUrl":"https:\/\/ksproducts.ca\/wp-content\/uploads\/2023\/04\/he34-b_24x18-utility-cart-3-shelves-structural-foam-plastic-black-angled_0-jpg.webp","width":1920,"height":1920,"caption":"adjustable-height-rotating-lcd-tv-stand-and-mount-with-shelf-propped-raised"},{"@type":"BreadcrumbList","@id":"https:\/\/ksproducts.ca\/product\/luxor-3-shelf-utility-cart-24-in-x-18-in-black\/#breadcrumb","itemListElement":[{"@type":"ListItem","position":1,"name":"Home","item":"https:\/\/ksproducts.ca\/"},{"@type":"ListItem","position":2,"name":"Shop","item":"https:\/\/ksproducts.ca\/shop\/"},{"@type":"ListItem","position":3,"name":"Luxor 3 shelf utility cart &#8211; 24-in x 18-in &#8211; Black"}]},{"@type":"WebSite","@id":"https:\/\/ksproducts.ca\/#website","url":"https:\/\/ksproducts.ca\/","name":"Produits Ks","description":"Cuisiner et vivre en plein air, c'est facile au Canada","publisher":{"@id":"https:\/\/ksproducts.ca\/#organization"},"potentialAction":[{"@type":"SearchAction","target":{"@type":"EntryPoint","urlTemplate":"https:\/\/ksproducts.ca\/?s={search_term_string}"},"query-input":{"@type":"PropertyValueSpecification","valueRequired":true,"valueName":"search_term_string"}}],"inLanguage":"fr-CA"},{"@type":"Organization","@id":"https:\/\/ksproducts.ca\/#organization","name":"Produits Ks","url":"https:\/\/ksproducts.ca\/","logo":{"@type":"ImageObject","inLanguage":"fr-CA","@id":"https:\/\/ksproducts.ca\/#\/schema\/logo\/image\/","url":"https:\/\/ksproducts.ca\/wp-content\/uploads\/2023\/09\/Kennedy-Sales-Logo-header-1.png","contentUrl":"https:\/\/ksproducts.ca\/wp-content\/uploads\/2023\/09\/Kennedy-Sales-Logo-header-1.png","width":150,"height":77,"caption":"Ks Products"},"image":{"@id":"https:\/\/ksproducts.ca\/#\/schema\/logo\/image\/"}}]}},"_links":{"self":[{"href":"https:\/\/ksproducts.ca\/fr\/wp-json\/wp\/v2\/product\/6374","targetHints":{"allow":["GET"]}}],"collection":[{"href":"https:\/\/ksproducts.ca\/fr\/wp-json\/wp\/v2\/product"}],"about":[{"href":"https:\/\/ksproducts.ca\/fr\/wp-json\/wp\/v2\/types\/product"}],"replies":[{"embeddable":true,"href":"https:\/\/ksproducts.ca\/fr\/wp-json\/wp\/v2\/comments?post=6374"}],"version-history":[{"count":1,"href":"https:\/\/ksproducts.ca\/fr\/wp-json\/wp\/v2\/product\/6374\/revisions"}],"predecessor-version":[{"id":10154,"href":"https:\/\/ksproducts.ca\/fr\/wp-json\/wp\/v2\/product\/6374\/revisions\/10154"}],"wp:featuredmedia":[{"embeddable":true,"href":"https:\/\/ksproducts.ca\/fr\/wp-json\/wp\/v2\/media\/6375"}],"wp:attachment":[{"href":"https:\/\/ksproducts.ca\/fr\/wp-json\/wp\/v2\/media?parent=6374"}],"wp:term":[{"taxonomy":"product_cat","embeddable":true,"href":"https:\/\/ksproducts.ca\/fr\/wp-json\/wp\/v2\/product_cat?post=6374"},{"taxonomy":"product_tag","embeddable":true,"href":"https:\/\/ksproducts.ca\/fr\/wp-json\/wp\/v2\/product_tag?post=6374"}],"curies":[{"name":"wp","href":"https:\/\/api.w.org\/{rel}","templated":true}]}}