{"id":6376,"date":"2023-04-06T18:56:43","date_gmt":"2023-04-06T18:56:43","guid":{"rendered":"https:\/\/ksproducts.ca\/?post_type=product&#038;p=6376"},"modified":"2026-04-06T21:33:03","modified_gmt":"2026-04-06T21:33:03","slug":"luxor-tableau-blanc-magnetique-double-face-24-in-x-36-in","status":"publish","type":"product","link":"https:\/\/ksproducts.ca\/fr\/product\/luxor-double-sided-magnetic-whiteboard-24-in-x-36-in\/","title":{"rendered":"Tableau blanc magn\u00e9tique double face Luxor - 24 po x 36 po"},"content":{"rendered":"<p>Con\u00e7u pour le brainstorming, l'enseignement ou l'organisation d'id\u00e9es et d'informations, le tableau magn\u00e9tique effa\u00e7able \u00e0 sec Luxor 24 x 36 pouces double l'espace d'\u00e9criture et offre la mobilit\u00e9 durable n\u00e9cessaire aux espaces de travail dynamiques. Son cadre en acier, \u00e0 la fois fin et robuste, lui conf\u00e8re un aspect professionnel et ses roulettes lui permettent de se d\u00e9placer facilement dans la pi\u00e8ce. Pour retourner le tableau, il suffit de desserrer les boutons lat\u00e9raux et de d\u00e9sengager les clips de verrouillage \u00e0 ressort. Vous avez besoin d'afficher des tableaux, des documents ou des photos ? Utilisez la surface magn\u00e9tique comme tableau d'affichage. Ne cherchez pas plus loin pour un tableau de marquage mobile de haute qualit\u00e9 \u00e0 un prix abordable.<\/p>","protected":false},"excerpt":{"rendered":"<p>Con\u00e7u pour le brainstorming, l'enseignement ou l'organisation d'id\u00e9es et d'informations, le tableau magn\u00e9tique effa\u00e7able \u00e0 sec Luxor 24 x 36 pouces double l'espace d'\u00e9criture et offre la mobilit\u00e9 durable n\u00e9cessaire \u00e0 une utilisation dynamique.<\/p>","protected":false},"featured_media":6377,"comment_status":"open","ping_status":"closed","template":"","meta":[],"product_cat":[435],"product_tag":[],"class_list":{"0":"post-6376","1":"product","2":"type-product","3":"status-publish","4":"has-post-thumbnail","6":"product_cat-whiteboards-glass-boards","7":"product_shipping_class-class-3","9":"first","10":"instock","11":"taxable","12":"shipping-taxable","13":"purchasable","14":"product-type-simple"},"yoast_head":"<!-- This site is optimized with the Yoast SEO plugin v27.3 - https:\/\/yoast.com\/product\/yoast-seo-wordpress\/ -->\n<title>Luxor Double-Sided Magnetic Whiteboard - 24-in x 36-in - Ks Products<\/title>\n<meta name=\"robots\" content=\"index, follow, max-snippet:-1, max-image-preview:large, max-video-preview:-1\" \/>\n<link rel=\"canonical\" href=\"https:\/\/ksproducts.ca\/fr\/product\/luxor-tableau-blanc-magnetique-double-face-24-in-x-36-in\/\" \/>\n<meta property=\"og:locale\" content=\"fr_CA\" \/>\n<meta property=\"og:type\" content=\"article\" \/>\n<meta property=\"og:title\" content=\"Luxor Double-Sided Magnetic Whiteboard - 24-in x 36-in - Ks Products\" \/>\n<meta property=\"og:description\" content=\"Built for brainstorming, teaching or organizing ideas and information, the Luxor 24 x 36-in magnetic dry erase board doubles the writing space and delivers the durable mobility needed for dynamic\" \/>\n<meta property=\"og:url\" content=\"https:\/\/ksproducts.ca\/fr\/product\/luxor-tableau-blanc-magnetique-double-face-24-in-x-36-in\/\" \/>\n<meta property=\"og:site_name\" content=\"Ks Products\" \/>\n<meta property=\"article:modified_time\" content=\"2026-04-06T21:33:03+00:00\" \/>\n<meta property=\"og:image\" content=\"https:\/\/ksproducts.ca\/wp-content\/uploads\/2023\/04\/l270_24x36-double-sided-magnetic-whiteboard-angled_0-jpg.webp\" \/>\n\t<meta property=\"og:image:width\" content=\"1920\" \/>\n\t<meta property=\"og:image:height\" content=\"1920\" \/>\n\t<meta property=\"og:image:type\" content=\"image\/jpeg\" \/>\n<meta name=\"twitter:card\" content=\"summary_large_image\" \/>\n<meta name=\"twitter:label1\" content=\"Estimation du temps de lecture\" \/>\n\t<meta name=\"twitter:data1\" content=\"1 minute\" \/>\n<script type=\"application\/ld+json\" class=\"yoast-schema-graph\">{\"@context\":\"https:\\\/\\\/schema.org\",\"@graph\":[{\"@type\":\"WebPage\",\"@id\":\"https:\\\/\\\/ksproducts.ca\\\/product\\\/luxor-double-sided-magnetic-whiteboard-24-in-x-36-in\\\/\",\"url\":\"https:\\\/\\\/ksproducts.ca\\\/product\\\/luxor-double-sided-magnetic-whiteboard-24-in-x-36-in\\\/\",\"name\":\"Luxor Double-Sided Magnetic Whiteboard - 24-in x 36-in - Ks Products\",\"isPartOf\":{\"@id\":\"https:\\\/\\\/ksproducts.ca\\\/#website\"},\"primaryImageOfPage\":{\"@id\":\"https:\\\/\\\/ksproducts.ca\\\/product\\\/luxor-double-sided-magnetic-whiteboard-24-in-x-36-in\\\/#primaryimage\"},\"image\":{\"@id\":\"https:\\\/\\\/ksproducts.ca\\\/product\\\/luxor-double-sided-magnetic-whiteboard-24-in-x-36-in\\\/#primaryimage\"},\"thumbnailUrl\":\"https:\\\/\\\/ksproducts.ca\\\/wp-content\\\/uploads\\\/2023\\\/04\\\/l270_24x36-double-sided-magnetic-whiteboard-angled_0-jpg.webp\",\"datePublished\":\"2023-04-06T18:56:43+00:00\",\"dateModified\":\"2026-04-06T21:33:03+00:00\",\"breadcrumb\":{\"@id\":\"https:\\\/\\\/ksproducts.ca\\\/product\\\/luxor-double-sided-magnetic-whiteboard-24-in-x-36-in\\\/#breadcrumb\"},\"inLanguage\":\"fr-CA\",\"potentialAction\":[{\"@type\":\"ReadAction\",\"target\":[\"https:\\\/\\\/ksproducts.ca\\\/product\\\/luxor-double-sided-magnetic-whiteboard-24-in-x-36-in\\\/\"]}]},{\"@type\":\"ImageObject\",\"inLanguage\":\"fr-CA\",\"@id\":\"https:\\\/\\\/ksproducts.ca\\\/product\\\/luxor-double-sided-magnetic-whiteboard-24-in-x-36-in\\\/#primaryimage\",\"url\":\"https:\\\/\\\/ksproducts.ca\\\/wp-content\\\/uploads\\\/2023\\\/04\\\/l270_24x36-double-sided-magnetic-whiteboard-angled_0-jpg.webp\",\"contentUrl\":\"https:\\\/\\\/ksproducts.ca\\\/wp-content\\\/uploads\\\/2023\\\/04\\\/l270_24x36-double-sided-magnetic-whiteboard-angled_0-jpg.webp\",\"width\":1920,\"height\":1920,\"caption\":\"Luxor Double-Sided Magnetic Whiteboard - 24-in x 36-in\"},{\"@type\":\"BreadcrumbList\",\"@id\":\"https:\\\/\\\/ksproducts.ca\\\/product\\\/luxor-double-sided-magnetic-whiteboard-24-in-x-36-in\\\/#breadcrumb\",\"itemListElement\":[{\"@type\":\"ListItem\",\"position\":1,\"name\":\"Home\",\"item\":\"https:\\\/\\\/ksproducts.ca\\\/\"},{\"@type\":\"ListItem\",\"position\":2,\"name\":\"Shop\",\"item\":\"https:\\\/\\\/ksproducts.ca\\\/shop\\\/\"},{\"@type\":\"ListItem\",\"position\":3,\"name\":\"Luxor Double-Sided Magnetic Whiteboard &#8211; 24-in x 36-in\"}]},{\"@type\":\"WebSite\",\"@id\":\"https:\\\/\\\/ksproducts.ca\\\/#website\",\"url\":\"https:\\\/\\\/ksproducts.ca\\\/\",\"name\":\"Ks Products\",\"description\":\"Outdoor cooking and living, made easy in Canada\",\"publisher\":{\"@id\":\"https:\\\/\\\/ksproducts.ca\\\/#organization\"},\"potentialAction\":[{\"@type\":\"SearchAction\",\"target\":{\"@type\":\"EntryPoint\",\"urlTemplate\":\"https:\\\/\\\/ksproducts.ca\\\/?s={search_term_string}\"},\"query-input\":{\"@type\":\"PropertyValueSpecification\",\"valueRequired\":true,\"valueName\":\"search_term_string\"}}],\"inLanguage\":\"fr-CA\"},{\"@type\":\"Organization\",\"@id\":\"https:\\\/\\\/ksproducts.ca\\\/#organization\",\"name\":\"Ks Products\",\"url\":\"https:\\\/\\\/ksproducts.ca\\\/\",\"logo\":{\"@type\":\"ImageObject\",\"inLanguage\":\"fr-CA\",\"@id\":\"https:\\\/\\\/ksproducts.ca\\\/#\\\/schema\\\/logo\\\/image\\\/\",\"url\":\"https:\\\/\\\/ksproducts.ca\\\/wp-content\\\/uploads\\\/2023\\\/09\\\/Kennedy-Sales-Logo-header-1.png\",\"contentUrl\":\"https:\\\/\\\/ksproducts.ca\\\/wp-content\\\/uploads\\\/2023\\\/09\\\/Kennedy-Sales-Logo-header-1.png\",\"width\":150,\"height\":77,\"caption\":\"Ks Products\"},\"image\":{\"@id\":\"https:\\\/\\\/ksproducts.ca\\\/#\\\/schema\\\/logo\\\/image\\\/\"}}]}<\/script>\n<!-- \/ Yoast SEO plugin. -->","yoast_head_json":{"title":"Tableau blanc magn\u00e9tique double face Luxor - 24 po x 36 po - Ks Products","robots":{"index":"index","follow":"follow","max-snippet":"max-snippet:-1","max-image-preview":"max-image-preview:large","max-video-preview":"max-video-preview:-1"},"canonical":"https:\/\/ksproducts.ca\/fr\/product\/luxor-tableau-blanc-magnetique-double-face-24-in-x-36-in\/","og_locale":"fr_CA","og_type":"article","og_title":"Luxor Double-Sided Magnetic Whiteboard - 24-in x 36-in - Ks Products","og_description":"Built for brainstorming, teaching or organizing ideas and information, the Luxor 24 x 36-in magnetic dry erase board doubles the writing space and delivers the durable mobility needed for dynamic","og_url":"https:\/\/ksproducts.ca\/fr\/product\/luxor-tableau-blanc-magnetique-double-face-24-in-x-36-in\/","og_site_name":"Ks Products","article_modified_time":"2026-04-06T21:33:03+00:00","og_image":[{"width":1920,"height":1920,"url":"https:\/\/ksproducts.ca\/wp-content\/uploads\/2023\/04\/l270_24x36-double-sided-magnetic-whiteboard-angled_0-jpg.webp","type":"image\/jpeg"}],"twitter_card":"summary_large_image","twitter_misc":{"Estimation du temps de lecture":"1 minute"},"schema":{"@context":"https:\/\/schema.org","@graph":[{"@type":"WebPage","@id":"https:\/\/ksproducts.ca\/product\/luxor-double-sided-magnetic-whiteboard-24-in-x-36-in\/","url":"https:\/\/ksproducts.ca\/product\/luxor-double-sided-magnetic-whiteboard-24-in-x-36-in\/","name":"Tableau blanc magn\u00e9tique double face Luxor - 24 po x 36 po - Ks Products","isPartOf":{"@id":"https:\/\/ksproducts.ca\/#website"},"primaryImageOfPage":{"@id":"https:\/\/ksproducts.ca\/product\/luxor-double-sided-magnetic-whiteboard-24-in-x-36-in\/#primaryimage"},"image":{"@id":"https:\/\/ksproducts.ca\/product\/luxor-double-sided-magnetic-whiteboard-24-in-x-36-in\/#primaryimage"},"thumbnailUrl":"https:\/\/ksproducts.ca\/wp-content\/uploads\/2023\/04\/l270_24x36-double-sided-magnetic-whiteboard-angled_0-jpg.webp","datePublished":"2023-04-06T18:56:43+00:00","dateModified":"2026-04-06T21:33:03+00:00","breadcrumb":{"@id":"https:\/\/ksproducts.ca\/product\/luxor-double-sided-magnetic-whiteboard-24-in-x-36-in\/#breadcrumb"},"inLanguage":"fr-CA","potentialAction":[{"@type":"ReadAction","target":["https:\/\/ksproducts.ca\/product\/luxor-double-sided-magnetic-whiteboard-24-in-x-36-in\/"]}]},{"@type":"ImageObject","inLanguage":"fr-CA","@id":"https:\/\/ksproducts.ca\/product\/luxor-double-sided-magnetic-whiteboard-24-in-x-36-in\/#primaryimage","url":"https:\/\/ksproducts.ca\/wp-content\/uploads\/2023\/04\/l270_24x36-double-sided-magnetic-whiteboard-angled_0-jpg.webp","contentUrl":"https:\/\/ksproducts.ca\/wp-content\/uploads\/2023\/04\/l270_24x36-double-sided-magnetic-whiteboard-angled_0-jpg.webp","width":1920,"height":1920,"caption":"Luxor Double-Sided Magnetic Whiteboard - 24-in x 36-in"},{"@type":"BreadcrumbList","@id":"https:\/\/ksproducts.ca\/product\/luxor-double-sided-magnetic-whiteboard-24-in-x-36-in\/#breadcrumb","itemListElement":[{"@type":"ListItem","position":1,"name":"Home","item":"https:\/\/ksproducts.ca\/"},{"@type":"ListItem","position":2,"name":"Shop","item":"https:\/\/ksproducts.ca\/shop\/"},{"@type":"ListItem","position":3,"name":"Luxor Double-Sided Magnetic Whiteboard &#8211; 24-in x 36-in"}]},{"@type":"WebSite","@id":"https:\/\/ksproducts.ca\/#website","url":"https:\/\/ksproducts.ca\/","name":"Produits Ks","description":"Cuisiner et vivre en plein air, c'est facile au Canada","publisher":{"@id":"https:\/\/ksproducts.ca\/#organization"},"potentialAction":[{"@type":"SearchAction","target":{"@type":"EntryPoint","urlTemplate":"https:\/\/ksproducts.ca\/?s={search_term_string}"},"query-input":{"@type":"PropertyValueSpecification","valueRequired":true,"valueName":"search_term_string"}}],"inLanguage":"fr-CA"},{"@type":"Organization","@id":"https:\/\/ksproducts.ca\/#organization","name":"Produits Ks","url":"https:\/\/ksproducts.ca\/","logo":{"@type":"ImageObject","inLanguage":"fr-CA","@id":"https:\/\/ksproducts.ca\/#\/schema\/logo\/image\/","url":"https:\/\/ksproducts.ca\/wp-content\/uploads\/2023\/09\/Kennedy-Sales-Logo-header-1.png","contentUrl":"https:\/\/ksproducts.ca\/wp-content\/uploads\/2023\/09\/Kennedy-Sales-Logo-header-1.png","width":150,"height":77,"caption":"Ks Products"},"image":{"@id":"https:\/\/ksproducts.ca\/#\/schema\/logo\/image\/"}}]}},"_links":{"self":[{"href":"https:\/\/ksproducts.ca\/fr\/wp-json\/wp\/v2\/product\/6376","targetHints":{"allow":["GET"]}}],"collection":[{"href":"https:\/\/ksproducts.ca\/fr\/wp-json\/wp\/v2\/product"}],"about":[{"href":"https:\/\/ksproducts.ca\/fr\/wp-json\/wp\/v2\/types\/product"}],"replies":[{"embeddable":true,"href":"https:\/\/ksproducts.ca\/fr\/wp-json\/wp\/v2\/comments?post=6376"}],"version-history":[{"count":1,"href":"https:\/\/ksproducts.ca\/fr\/wp-json\/wp\/v2\/product\/6376\/revisions"}],"predecessor-version":[{"id":9877,"href":"https:\/\/ksproducts.ca\/fr\/wp-json\/wp\/v2\/product\/6376\/revisions\/9877"}],"wp:featuredmedia":[{"embeddable":true,"href":"https:\/\/ksproducts.ca\/fr\/wp-json\/wp\/v2\/media\/6377"}],"wp:attachment":[{"href":"https:\/\/ksproducts.ca\/fr\/wp-json\/wp\/v2\/media?parent=6376"}],"wp:term":[{"taxonomy":"product_cat","embeddable":true,"href":"https:\/\/ksproducts.ca\/fr\/wp-json\/wp\/v2\/product_cat?post=6376"},{"taxonomy":"product_tag","embeddable":true,"href":"https:\/\/ksproducts.ca\/fr\/wp-json\/wp\/v2\/product_tag?post=6376"}],"curies":[{"name":"wp","href":"https:\/\/api.w.org\/{rel}","templated":true}]}}