{"id":6379,"date":"2023-04-11T15:13:00","date_gmt":"2023-04-11T15:13:00","guid":{"rendered":"https:\/\/ksproducts.ca\/?post_type=product&#038;p=6379"},"modified":"2026-04-26T16:32:18","modified_gmt":"2026-04-26T16:32:18","slug":"luxor-classroom-chart-stand-with-storage-bins-40-in-x-30-in","status":"publish","type":"product","link":"https:\/\/ksproducts.ca\/fr\/product\/luxor-classroom-chart-stand-with-storage-bins-40-in-x-30-in\/","title":{"rendered":"Luxor Classroom Chart Stand with Storage Bins - 40-in x 30-in"},"content":{"rendered":"<p>Le support Luxor Classroom Whiteboard est un support effa\u00e7able \u00e0 sec polyvalent, \u00e0 double face et magn\u00e9tique, id\u00e9al pour les cours en classe et les activit\u00e9s de groupe. La hauteur est r\u00e9glable pour s'adapter \u00e0 plusieurs niveaux scolaires et quatre roulettes permettent de le faire rouler facilement dans la pi\u00e8ce ou de le d\u00e9placer d'une zone d'apprentissage \u00e0 l'autre. La conception magn\u00e9tique double votre espace de travail, tandis que les crochets pour tableaux vous permettent d'utiliser des blocs de papier pour chevalet. De plus, deux bacs de rangement amovibles munis de poign\u00e9es de transport permettent de ranger facilement les marqueurs, les livres et d'autres objets. Am\u00e9liorez votre environnement d'apprentissage avec le tableau de marquage mobile polyvalent pour les salles de classe cr\u00e9atives !<\/p>","protected":false},"excerpt":{"rendered":"<p>The Luxor Classroom Whiteboard Stand is a multiuse dry erase stand that&#8217;s double-sided and magnetic, making it great for classroom lessons and group activities. The height adjusts to serve multiple<\/p>","protected":false},"featured_media":6384,"comment_status":"open","ping_status":"closed","template":"","meta":[],"product_cat":[435],"product_tag":[],"class_list":{"0":"post-6379","1":"product","2":"type-product","3":"status-publish","4":"has-post-thumbnail","6":"product_cat-whiteboards-glass-boards","7":"product_shipping_class-class-3","9":"first","10":"instock","11":"taxable","12":"shipping-taxable","13":"purchasable","14":"product-type-simple"},"yoast_head":"<!-- This site is optimized with the Yoast SEO plugin v27.4 - https:\/\/yoast.com\/product\/yoast-seo-wordpress\/ -->\n<title>Luxor Classroom Chart Stand with Storage Bins - 40-in x 30-in - Ks Products<\/title>\n<meta name=\"robots\" content=\"index, follow, max-snippet:-1, max-image-preview:large, max-video-preview:-1\" \/>\n<link rel=\"canonical\" href=\"https:\/\/ksproducts.ca\/fr\/product\/luxor-classroom-chart-stand-with-storage-bins-40-in-x-30-in\/\" \/>\n<meta property=\"og:locale\" content=\"fr_CA\" \/>\n<meta property=\"og:type\" content=\"article\" \/>\n<meta property=\"og:title\" content=\"Luxor Classroom Chart Stand with Storage Bins - 40-in x 30-in - Ks Products\" \/>\n<meta property=\"og:description\" content=\"The Luxor Classroom Whiteboard Stand is a multiuse dry erase stand that&#8217;s double-sided and magnetic, making it great for classroom lessons and group activities. The height adjusts to serve multiple\" \/>\n<meta property=\"og:url\" content=\"https:\/\/ksproducts.ca\/fr\/product\/luxor-classroom-chart-stand-with-storage-bins-40-in-x-30-in\/\" \/>\n<meta property=\"og:site_name\" content=\"Ks Products\" \/>\n<meta property=\"article:modified_time\" content=\"2026-04-26T16:32:18+00:00\" \/>\n<meta property=\"og:image\" content=\"https:\/\/ksproducts.ca\/wp-content\/uploads\/2023\/04\/l330_classroom-chart-stand-with-storage-bins-front_4-1-jpg.webp\" \/>\n\t<meta property=\"og:image:width\" content=\"1920\" \/>\n\t<meta property=\"og:image:height\" content=\"1920\" \/>\n\t<meta property=\"og:image:type\" content=\"image\/jpeg\" \/>\n<meta name=\"twitter:card\" content=\"summary_large_image\" \/>\n<meta name=\"twitter:label1\" content=\"Estimation du temps de lecture\" \/>\n\t<meta name=\"twitter:data1\" content=\"1 minute\" \/>\n<script type=\"application\/ld+json\" class=\"yoast-schema-graph\">{\"@context\":\"https:\\\/\\\/schema.org\",\"@graph\":[{\"@type\":\"WebPage\",\"@id\":\"https:\\\/\\\/ksproducts.ca\\\/product\\\/luxor-classroom-chart-stand-with-storage-bins-40-in-x-30-in\\\/\",\"url\":\"https:\\\/\\\/ksproducts.ca\\\/product\\\/luxor-classroom-chart-stand-with-storage-bins-40-in-x-30-in\\\/\",\"name\":\"Luxor Classroom Chart Stand with Storage Bins - 40-in x 30-in - Ks Products\",\"isPartOf\":{\"@id\":\"https:\\\/\\\/ksproducts.ca\\\/#website\"},\"primaryImageOfPage\":{\"@id\":\"https:\\\/\\\/ksproducts.ca\\\/product\\\/luxor-classroom-chart-stand-with-storage-bins-40-in-x-30-in\\\/#primaryimage\"},\"image\":{\"@id\":\"https:\\\/\\\/ksproducts.ca\\\/product\\\/luxor-classroom-chart-stand-with-storage-bins-40-in-x-30-in\\\/#primaryimage\"},\"thumbnailUrl\":\"https:\\\/\\\/ksproducts.ca\\\/wp-content\\\/uploads\\\/2023\\\/04\\\/l330_classroom-chart-stand-with-storage-bins-front_4-1-jpg.webp\",\"datePublished\":\"2023-04-11T15:13:00+00:00\",\"dateModified\":\"2026-04-26T16:32:18+00:00\",\"breadcrumb\":{\"@id\":\"https:\\\/\\\/ksproducts.ca\\\/product\\\/luxor-classroom-chart-stand-with-storage-bins-40-in-x-30-in\\\/#breadcrumb\"},\"inLanguage\":\"fr-CA\",\"potentialAction\":[{\"@type\":\"ReadAction\",\"target\":[\"https:\\\/\\\/ksproducts.ca\\\/product\\\/luxor-classroom-chart-stand-with-storage-bins-40-in-x-30-in\\\/\"]}]},{\"@type\":\"ImageObject\",\"inLanguage\":\"fr-CA\",\"@id\":\"https:\\\/\\\/ksproducts.ca\\\/product\\\/luxor-classroom-chart-stand-with-storage-bins-40-in-x-30-in\\\/#primaryimage\",\"url\":\"https:\\\/\\\/ksproducts.ca\\\/wp-content\\\/uploads\\\/2023\\\/04\\\/l330_classroom-chart-stand-with-storage-bins-front_4-1-jpg.webp\",\"contentUrl\":\"https:\\\/\\\/ksproducts.ca\\\/wp-content\\\/uploads\\\/2023\\\/04\\\/l330_classroom-chart-stand-with-storage-bins-front_4-1-jpg.webp\",\"width\":1920,\"height\":1920,\"caption\":\"Luxor Classroom Chart Stand with Storage Bins - 40-in x 30-in\"},{\"@type\":\"BreadcrumbList\",\"@id\":\"https:\\\/\\\/ksproducts.ca\\\/product\\\/luxor-classroom-chart-stand-with-storage-bins-40-in-x-30-in\\\/#breadcrumb\",\"itemListElement\":[{\"@type\":\"ListItem\",\"position\":1,\"name\":\"Home\",\"item\":\"https:\\\/\\\/ksproducts.ca\\\/\"},{\"@type\":\"ListItem\",\"position\":2,\"name\":\"Shop\",\"item\":\"https:\\\/\\\/ksproducts.ca\\\/shop\\\/\"},{\"@type\":\"ListItem\",\"position\":3,\"name\":\"Luxor Classroom Chart Stand with Storage Bins &#8211; 40-in x 30-in\"}]},{\"@type\":\"WebSite\",\"@id\":\"https:\\\/\\\/ksproducts.ca\\\/#website\",\"url\":\"https:\\\/\\\/ksproducts.ca\\\/\",\"name\":\"Ks Products\",\"description\":\"Outdoor cooking and living, made easy in Canada\",\"publisher\":{\"@id\":\"https:\\\/\\\/ksproducts.ca\\\/#organization\"},\"potentialAction\":[{\"@type\":\"SearchAction\",\"target\":{\"@type\":\"EntryPoint\",\"urlTemplate\":\"https:\\\/\\\/ksproducts.ca\\\/?s={search_term_string}\"},\"query-input\":{\"@type\":\"PropertyValueSpecification\",\"valueRequired\":true,\"valueName\":\"search_term_string\"}}],\"inLanguage\":\"fr-CA\"},{\"@type\":\"Organization\",\"@id\":\"https:\\\/\\\/ksproducts.ca\\\/#organization\",\"name\":\"Ks Products\",\"url\":\"https:\\\/\\\/ksproducts.ca\\\/\",\"logo\":{\"@type\":\"ImageObject\",\"inLanguage\":\"fr-CA\",\"@id\":\"https:\\\/\\\/ksproducts.ca\\\/#\\\/schema\\\/logo\\\/image\\\/\",\"url\":\"https:\\\/\\\/ksproducts.ca\\\/wp-content\\\/uploads\\\/2023\\\/09\\\/Kennedy-Sales-Logo-header-1.png\",\"contentUrl\":\"https:\\\/\\\/ksproducts.ca\\\/wp-content\\\/uploads\\\/2023\\\/09\\\/Kennedy-Sales-Logo-header-1.png\",\"width\":150,\"height\":77,\"caption\":\"Ks Products\"},\"image\":{\"@id\":\"https:\\\/\\\/ksproducts.ca\\\/#\\\/schema\\\/logo\\\/image\\\/\"}}]}<\/script>\n<!-- \/ Yoast SEO plugin. -->","yoast_head_json":{"title":"Support de tableau de classe Luxor avec bacs de rangement - 40 po x 30 po - Ks Products","robots":{"index":"index","follow":"follow","max-snippet":"max-snippet:-1","max-image-preview":"max-image-preview:large","max-video-preview":"max-video-preview:-1"},"canonical":"https:\/\/ksproducts.ca\/fr\/product\/luxor-classroom-chart-stand-with-storage-bins-40-in-x-30-in\/","og_locale":"fr_CA","og_type":"article","og_title":"Luxor Classroom Chart Stand with Storage Bins - 40-in x 30-in - Ks Products","og_description":"The Luxor Classroom Whiteboard Stand is a multiuse dry erase stand that&#8217;s double-sided and magnetic, making it great for classroom lessons and group activities. The height adjusts to serve multiple","og_url":"https:\/\/ksproducts.ca\/fr\/product\/luxor-classroom-chart-stand-with-storage-bins-40-in-x-30-in\/","og_site_name":"Ks Products","article_modified_time":"2026-04-26T16:32:18+00:00","og_image":[{"width":1920,"height":1920,"url":"https:\/\/ksproducts.ca\/wp-content\/uploads\/2023\/04\/l330_classroom-chart-stand-with-storage-bins-front_4-1-jpg.webp","type":"image\/jpeg"}],"twitter_card":"summary_large_image","twitter_misc":{"Estimation du temps de lecture":"1 minute"},"schema":{"@context":"https:\/\/schema.org","@graph":[{"@type":"WebPage","@id":"https:\/\/ksproducts.ca\/product\/luxor-classroom-chart-stand-with-storage-bins-40-in-x-30-in\/","url":"https:\/\/ksproducts.ca\/product\/luxor-classroom-chart-stand-with-storage-bins-40-in-x-30-in\/","name":"Support de tableau de classe Luxor avec bacs de rangement - 40 po x 30 po - Ks Products","isPartOf":{"@id":"https:\/\/ksproducts.ca\/#website"},"primaryImageOfPage":{"@id":"https:\/\/ksproducts.ca\/product\/luxor-classroom-chart-stand-with-storage-bins-40-in-x-30-in\/#primaryimage"},"image":{"@id":"https:\/\/ksproducts.ca\/product\/luxor-classroom-chart-stand-with-storage-bins-40-in-x-30-in\/#primaryimage"},"thumbnailUrl":"https:\/\/ksproducts.ca\/wp-content\/uploads\/2023\/04\/l330_classroom-chart-stand-with-storage-bins-front_4-1-jpg.webp","datePublished":"2023-04-11T15:13:00+00:00","dateModified":"2026-04-26T16:32:18+00:00","breadcrumb":{"@id":"https:\/\/ksproducts.ca\/product\/luxor-classroom-chart-stand-with-storage-bins-40-in-x-30-in\/#breadcrumb"},"inLanguage":"fr-CA","potentialAction":[{"@type":"ReadAction","target":["https:\/\/ksproducts.ca\/product\/luxor-classroom-chart-stand-with-storage-bins-40-in-x-30-in\/"]}]},{"@type":"ImageObject","inLanguage":"fr-CA","@id":"https:\/\/ksproducts.ca\/product\/luxor-classroom-chart-stand-with-storage-bins-40-in-x-30-in\/#primaryimage","url":"https:\/\/ksproducts.ca\/wp-content\/uploads\/2023\/04\/l330_classroom-chart-stand-with-storage-bins-front_4-1-jpg.webp","contentUrl":"https:\/\/ksproducts.ca\/wp-content\/uploads\/2023\/04\/l330_classroom-chart-stand-with-storage-bins-front_4-1-jpg.webp","width":1920,"height":1920,"caption":"Luxor Classroom Chart Stand with Storage Bins - 40-in x 30-in"},{"@type":"BreadcrumbList","@id":"https:\/\/ksproducts.ca\/product\/luxor-classroom-chart-stand-with-storage-bins-40-in-x-30-in\/#breadcrumb","itemListElement":[{"@type":"ListItem","position":1,"name":"Home","item":"https:\/\/ksproducts.ca\/"},{"@type":"ListItem","position":2,"name":"Shop","item":"https:\/\/ksproducts.ca\/shop\/"},{"@type":"ListItem","position":3,"name":"Luxor Classroom Chart Stand with Storage Bins &#8211; 40-in x 30-in"}]},{"@type":"WebSite","@id":"https:\/\/ksproducts.ca\/#website","url":"https:\/\/ksproducts.ca\/","name":"Produits Ks","description":"Cuisiner et vivre en plein air, c'est facile au Canada","publisher":{"@id":"https:\/\/ksproducts.ca\/#organization"},"potentialAction":[{"@type":"SearchAction","target":{"@type":"EntryPoint","urlTemplate":"https:\/\/ksproducts.ca\/?s={search_term_string}"},"query-input":{"@type":"PropertyValueSpecification","valueRequired":true,"valueName":"search_term_string"}}],"inLanguage":"fr-CA"},{"@type":"Organization","@id":"https:\/\/ksproducts.ca\/#organization","name":"Produits Ks","url":"https:\/\/ksproducts.ca\/","logo":{"@type":"ImageObject","inLanguage":"fr-CA","@id":"https:\/\/ksproducts.ca\/#\/schema\/logo\/image\/","url":"https:\/\/ksproducts.ca\/wp-content\/uploads\/2023\/09\/Kennedy-Sales-Logo-header-1.png","contentUrl":"https:\/\/ksproducts.ca\/wp-content\/uploads\/2023\/09\/Kennedy-Sales-Logo-header-1.png","width":150,"height":77,"caption":"Ks Products"},"image":{"@id":"https:\/\/ksproducts.ca\/#\/schema\/logo\/image\/"}}]}},"_links":{"self":[{"href":"https:\/\/ksproducts.ca\/fr\/wp-json\/wp\/v2\/product\/6379","targetHints":{"allow":["GET"]}}],"collection":[{"href":"https:\/\/ksproducts.ca\/fr\/wp-json\/wp\/v2\/product"}],"about":[{"href":"https:\/\/ksproducts.ca\/fr\/wp-json\/wp\/v2\/types\/product"}],"replies":[{"embeddable":true,"href":"https:\/\/ksproducts.ca\/fr\/wp-json\/wp\/v2\/comments?post=6379"}],"version-history":[{"count":1,"href":"https:\/\/ksproducts.ca\/fr\/wp-json\/wp\/v2\/product\/6379\/revisions"}],"predecessor-version":[{"id":9876,"href":"https:\/\/ksproducts.ca\/fr\/wp-json\/wp\/v2\/product\/6379\/revisions\/9876"}],"wp:featuredmedia":[{"embeddable":true,"href":"https:\/\/ksproducts.ca\/fr\/wp-json\/wp\/v2\/media\/6384"}],"wp:attachment":[{"href":"https:\/\/ksproducts.ca\/fr\/wp-json\/wp\/v2\/media?parent=6379"}],"wp:term":[{"taxonomy":"product_cat","embeddable":true,"href":"https:\/\/ksproducts.ca\/fr\/wp-json\/wp\/v2\/product_cat?post=6379"},{"taxonomy":"product_tag","embeddable":true,"href":"https:\/\/ksproducts.ca\/fr\/wp-json\/wp\/v2\/product_tag?post=6379"}],"curies":[{"name":"wp","href":"https:\/\/api.w.org\/{rel}","templated":true}]}}