{"id":6448,"date":"2023-04-12T15:04:28","date_gmt":"2023-04-12T15:04:28","guid":{"rendered":"https:\/\/ksproducts.ca\/?post_type=product&#038;p=6448"},"modified":"2026-04-19T07:32:59","modified_gmt":"2026-04-19T07:32:59","slug":"podium-roulant-a-hauteur-reglable-luxor-gris","status":"publish","type":"product","link":"https:\/\/ksproducts.ca\/fr\/product\/luxor-rolling-adjustable-height-podium-gray\/","title":{"rendered":"Podium roulant \u00e0 hauteur r\u00e9glable Luxor - Gris"},"content":{"rendered":"<p>Le pupitre roulant \u00e0 hauteur r\u00e9glable Luxor est une station de pr\u00e9sentation mobile qui s'adapte \u00e0 un large \u00e9ventail de hauteurs de pr\u00e9sentateurs. Le plateau de 23,5 x 15,5 pouces a un angle de 17 degr\u00e9s et un rebord qui arr\u00eate le papier pour maintenir les notes en place ; un centre cach\u00e9 offre un espace de rangement. Construit pour durer et facile \u00e0 d\u00e9placer, ce podium mobile est dot\u00e9 d'un cadre en acier robuste, d'\u00e9tag\u00e8res en bois stratifi\u00e9 et de roulettes de meuble avec freins de blocage. Sa conception conviviale r\u00e9pondra aux besoins de toute personne \u00e0 la recherche d'une solution de pr\u00e9sentation.<\/p>","protected":false},"excerpt":{"rendered":"<p>Le pupitre roulant \u00e0 hauteur r\u00e9glable Luxor est une station de pr\u00e9sentation mobile qui s'adapte \u00e0 un large \u00e9ventail de hauteurs de pr\u00e9sentateurs. Le plateau de 23,5 x 15,5 pouces a un angle de 17 degr\u00e9s et un rebord qui arr\u00eate le papier pour maintenir les notes en place ; un centre cach\u00e9 offre un espace de rangement. Construit pour durer et facile \u00e0 d\u00e9placer, ce podium mobile est dot\u00e9 d'un cadre en acier robuste, d'\u00e9tag\u00e8res en bois stratifi\u00e9 et de roulettes de meuble avec freins de blocage. Sa conception conviviale r\u00e9pondra aux besoins de toute personne \u00e0 la recherche d'une solution de pr\u00e9sentation.<\/p>","protected":false},"featured_media":6450,"comment_status":"open","ping_status":"closed","template":"","meta":[],"product_cat":[434],"product_tag":[],"class_list":{"0":"post-6448","1":"product","2":"type-product","3":"status-publish","4":"has-post-thumbnail","6":"product_cat-desks","7":"product_shipping_class-class-4","9":"first","10":"instock","11":"taxable","12":"shipping-taxable","13":"purchasable","14":"product-type-simple"},"yoast_head":"<!-- This site is optimized with the Yoast SEO plugin v27.4 - https:\/\/yoast.com\/product\/yoast-seo-wordpress\/ -->\n<title>Luxor Rolling Adjustable-Height Podium - Gray - Ks Products<\/title>\n<meta name=\"robots\" content=\"index, follow, max-snippet:-1, max-image-preview:large, max-video-preview:-1\" \/>\n<link rel=\"canonical\" href=\"https:\/\/ksproducts.ca\/fr\/product\/podium-roulant-a-hauteur-reglable-luxor-gris\/\" \/>\n<meta property=\"og:locale\" content=\"fr_CA\" \/>\n<meta property=\"og:type\" content=\"article\" \/>\n<meta property=\"og:title\" content=\"Luxor Rolling Adjustable-Height Podium - Gray - Ks Products\" \/>\n<meta property=\"og:description\" content=\"The Luxor rolling adjustable-height lectern podium is a mobile presentation station catering to a wide array of presenter heights. The 23.5-in x 15.5-in tabletop has a 17-degree angle and paper-stopping lip to keep notes in place; a hidden middle provides storage space. Built to last and easy to move, this mobile podium has a heavy-duty steel frame, wood laminate shelving and rolling furniture casters with locking brakes. Its user-friendly design will meet the needs of anyone looking for a presentation solution.\" \/>\n<meta property=\"og:url\" content=\"https:\/\/ksproducts.ca\/fr\/product\/podium-roulant-a-hauteur-reglable-luxor-gris\/\" \/>\n<meta property=\"og:site_name\" content=\"Ks Products\" \/>\n<meta property=\"article:modified_time\" content=\"2026-04-19T07:32:59+00:00\" \/>\n<meta property=\"og:image\" content=\"https:\/\/ksproducts.ca\/wp-content\/uploads\/2023\/04\/lx-adj-dw_mobile-adjustable-height-podium-two-shelf-dark-walnut-angled_0-jpg.webp\" \/>\n\t<meta property=\"og:image:width\" content=\"1920\" \/>\n\t<meta property=\"og:image:height\" content=\"1920\" \/>\n\t<meta property=\"og:image:type\" content=\"image\/jpeg\" \/>\n<meta name=\"twitter:card\" content=\"summary_large_image\" \/>\n<meta name=\"twitter:label1\" content=\"Estimation du temps de lecture\" \/>\n\t<meta name=\"twitter:data1\" content=\"1 minute\" \/>\n<script type=\"application\/ld+json\" class=\"yoast-schema-graph\">{\"@context\":\"https:\\\/\\\/schema.org\",\"@graph\":[{\"@type\":\"WebPage\",\"@id\":\"https:\\\/\\\/ksproducts.ca\\\/product\\\/luxor-rolling-adjustable-height-podium-gray\\\/\",\"url\":\"https:\\\/\\\/ksproducts.ca\\\/product\\\/luxor-rolling-adjustable-height-podium-gray\\\/\",\"name\":\"Luxor Rolling Adjustable-Height Podium - Gray - Ks Products\",\"isPartOf\":{\"@id\":\"https:\\\/\\\/ksproducts.ca\\\/#website\"},\"primaryImageOfPage\":{\"@id\":\"https:\\\/\\\/ksproducts.ca\\\/product\\\/luxor-rolling-adjustable-height-podium-gray\\\/#primaryimage\"},\"image\":{\"@id\":\"https:\\\/\\\/ksproducts.ca\\\/product\\\/luxor-rolling-adjustable-height-podium-gray\\\/#primaryimage\"},\"thumbnailUrl\":\"https:\\\/\\\/ksproducts.ca\\\/wp-content\\\/uploads\\\/2023\\\/04\\\/lx-adj-dw_mobile-adjustable-height-podium-two-shelf-dark-walnut-angled_0-jpg.webp\",\"datePublished\":\"2023-04-12T15:04:28+00:00\",\"dateModified\":\"2026-04-19T07:32:59+00:00\",\"breadcrumb\":{\"@id\":\"https:\\\/\\\/ksproducts.ca\\\/product\\\/luxor-rolling-adjustable-height-podium-gray\\\/#breadcrumb\"},\"inLanguage\":\"fr-CA\",\"potentialAction\":[{\"@type\":\"ReadAction\",\"target\":[\"https:\\\/\\\/ksproducts.ca\\\/product\\\/luxor-rolling-adjustable-height-podium-gray\\\/\"]}]},{\"@type\":\"ImageObject\",\"inLanguage\":\"fr-CA\",\"@id\":\"https:\\\/\\\/ksproducts.ca\\\/product\\\/luxor-rolling-adjustable-height-podium-gray\\\/#primaryimage\",\"url\":\"https:\\\/\\\/ksproducts.ca\\\/wp-content\\\/uploads\\\/2023\\\/04\\\/lx-adj-dw_mobile-adjustable-height-podium-two-shelf-dark-walnut-angled_0-jpg.webp\",\"contentUrl\":\"https:\\\/\\\/ksproducts.ca\\\/wp-content\\\/uploads\\\/2023\\\/04\\\/lx-adj-dw_mobile-adjustable-height-podium-two-shelf-dark-walnut-angled_0-jpg.webp\",\"width\":1920,\"height\":1920,\"caption\":\"Luxor Rolling Adjustable-Height Podium - Gray\"},{\"@type\":\"BreadcrumbList\",\"@id\":\"https:\\\/\\\/ksproducts.ca\\\/product\\\/luxor-rolling-adjustable-height-podium-gray\\\/#breadcrumb\",\"itemListElement\":[{\"@type\":\"ListItem\",\"position\":1,\"name\":\"Home\",\"item\":\"https:\\\/\\\/ksproducts.ca\\\/\"},{\"@type\":\"ListItem\",\"position\":2,\"name\":\"Shop\",\"item\":\"https:\\\/\\\/ksproducts.ca\\\/shop\\\/\"},{\"@type\":\"ListItem\",\"position\":3,\"name\":\"Luxor Rolling Adjustable-Height Podium &#8211; Gray\"}]},{\"@type\":\"WebSite\",\"@id\":\"https:\\\/\\\/ksproducts.ca\\\/#website\",\"url\":\"https:\\\/\\\/ksproducts.ca\\\/\",\"name\":\"Ks Products\",\"description\":\"Outdoor cooking and living, made easy in Canada\",\"publisher\":{\"@id\":\"https:\\\/\\\/ksproducts.ca\\\/#organization\"},\"potentialAction\":[{\"@type\":\"SearchAction\",\"target\":{\"@type\":\"EntryPoint\",\"urlTemplate\":\"https:\\\/\\\/ksproducts.ca\\\/?s={search_term_string}\"},\"query-input\":{\"@type\":\"PropertyValueSpecification\",\"valueRequired\":true,\"valueName\":\"search_term_string\"}}],\"inLanguage\":\"fr-CA\"},{\"@type\":\"Organization\",\"@id\":\"https:\\\/\\\/ksproducts.ca\\\/#organization\",\"name\":\"Ks Products\",\"url\":\"https:\\\/\\\/ksproducts.ca\\\/\",\"logo\":{\"@type\":\"ImageObject\",\"inLanguage\":\"fr-CA\",\"@id\":\"https:\\\/\\\/ksproducts.ca\\\/#\\\/schema\\\/logo\\\/image\\\/\",\"url\":\"https:\\\/\\\/ksproducts.ca\\\/wp-content\\\/uploads\\\/2023\\\/09\\\/Kennedy-Sales-Logo-header-1.png\",\"contentUrl\":\"https:\\\/\\\/ksproducts.ca\\\/wp-content\\\/uploads\\\/2023\\\/09\\\/Kennedy-Sales-Logo-header-1.png\",\"width\":150,\"height\":77,\"caption\":\"Ks Products\"},\"image\":{\"@id\":\"https:\\\/\\\/ksproducts.ca\\\/#\\\/schema\\\/logo\\\/image\\\/\"}}]}<\/script>\n<!-- \/ Yoast SEO plugin. -->","yoast_head_json":{"title":"Podium roulant Luxor \u00e0 hauteur r\u00e9glable - Gris - Ks Products","robots":{"index":"index","follow":"follow","max-snippet":"max-snippet:-1","max-image-preview":"max-image-preview:large","max-video-preview":"max-video-preview:-1"},"canonical":"https:\/\/ksproducts.ca\/fr\/product\/podium-roulant-a-hauteur-reglable-luxor-gris\/","og_locale":"fr_CA","og_type":"article","og_title":"Luxor Rolling Adjustable-Height Podium - Gray - Ks Products","og_description":"The Luxor rolling adjustable-height lectern podium is a mobile presentation station catering to a wide array of presenter heights. The 23.5-in x 15.5-in tabletop has a 17-degree angle and paper-stopping lip to keep notes in place; a hidden middle provides storage space. Built to last and easy to move, this mobile podium has a heavy-duty steel frame, wood laminate shelving and rolling furniture casters with locking brakes. Its user-friendly design will meet the needs of anyone looking for a presentation solution.","og_url":"https:\/\/ksproducts.ca\/fr\/product\/podium-roulant-a-hauteur-reglable-luxor-gris\/","og_site_name":"Ks Products","article_modified_time":"2026-04-19T07:32:59+00:00","og_image":[{"width":1920,"height":1920,"url":"https:\/\/ksproducts.ca\/wp-content\/uploads\/2023\/04\/lx-adj-dw_mobile-adjustable-height-podium-two-shelf-dark-walnut-angled_0-jpg.webp","type":"image\/jpeg"}],"twitter_card":"summary_large_image","twitter_misc":{"Estimation du temps de lecture":"1 minute"},"schema":{"@context":"https:\/\/schema.org","@graph":[{"@type":"WebPage","@id":"https:\/\/ksproducts.ca\/product\/luxor-rolling-adjustable-height-podium-gray\/","url":"https:\/\/ksproducts.ca\/product\/luxor-rolling-adjustable-height-podium-gray\/","name":"Podium roulant Luxor \u00e0 hauteur r\u00e9glable - Gris - Ks Products","isPartOf":{"@id":"https:\/\/ksproducts.ca\/#website"},"primaryImageOfPage":{"@id":"https:\/\/ksproducts.ca\/product\/luxor-rolling-adjustable-height-podium-gray\/#primaryimage"},"image":{"@id":"https:\/\/ksproducts.ca\/product\/luxor-rolling-adjustable-height-podium-gray\/#primaryimage"},"thumbnailUrl":"https:\/\/ksproducts.ca\/wp-content\/uploads\/2023\/04\/lx-adj-dw_mobile-adjustable-height-podium-two-shelf-dark-walnut-angled_0-jpg.webp","datePublished":"2023-04-12T15:04:28+00:00","dateModified":"2026-04-19T07:32:59+00:00","breadcrumb":{"@id":"https:\/\/ksproducts.ca\/product\/luxor-rolling-adjustable-height-podium-gray\/#breadcrumb"},"inLanguage":"fr-CA","potentialAction":[{"@type":"ReadAction","target":["https:\/\/ksproducts.ca\/product\/luxor-rolling-adjustable-height-podium-gray\/"]}]},{"@type":"ImageObject","inLanguage":"fr-CA","@id":"https:\/\/ksproducts.ca\/product\/luxor-rolling-adjustable-height-podium-gray\/#primaryimage","url":"https:\/\/ksproducts.ca\/wp-content\/uploads\/2023\/04\/lx-adj-dw_mobile-adjustable-height-podium-two-shelf-dark-walnut-angled_0-jpg.webp","contentUrl":"https:\/\/ksproducts.ca\/wp-content\/uploads\/2023\/04\/lx-adj-dw_mobile-adjustable-height-podium-two-shelf-dark-walnut-angled_0-jpg.webp","width":1920,"height":1920,"caption":"Luxor Rolling Adjustable-Height Podium - Gray"},{"@type":"BreadcrumbList","@id":"https:\/\/ksproducts.ca\/product\/luxor-rolling-adjustable-height-podium-gray\/#breadcrumb","itemListElement":[{"@type":"ListItem","position":1,"name":"Home","item":"https:\/\/ksproducts.ca\/"},{"@type":"ListItem","position":2,"name":"Shop","item":"https:\/\/ksproducts.ca\/shop\/"},{"@type":"ListItem","position":3,"name":"Luxor Rolling Adjustable-Height Podium &#8211; Gray"}]},{"@type":"WebSite","@id":"https:\/\/ksproducts.ca\/#website","url":"https:\/\/ksproducts.ca\/","name":"Produits Ks","description":"Cuisiner et vivre en plein air, c'est facile au Canada","publisher":{"@id":"https:\/\/ksproducts.ca\/#organization"},"potentialAction":[{"@type":"SearchAction","target":{"@type":"EntryPoint","urlTemplate":"https:\/\/ksproducts.ca\/?s={search_term_string}"},"query-input":{"@type":"PropertyValueSpecification","valueRequired":true,"valueName":"search_term_string"}}],"inLanguage":"fr-CA"},{"@type":"Organization","@id":"https:\/\/ksproducts.ca\/#organization","name":"Produits Ks","url":"https:\/\/ksproducts.ca\/","logo":{"@type":"ImageObject","inLanguage":"fr-CA","@id":"https:\/\/ksproducts.ca\/#\/schema\/logo\/image\/","url":"https:\/\/ksproducts.ca\/wp-content\/uploads\/2023\/09\/Kennedy-Sales-Logo-header-1.png","contentUrl":"https:\/\/ksproducts.ca\/wp-content\/uploads\/2023\/09\/Kennedy-Sales-Logo-header-1.png","width":150,"height":77,"caption":"Ks Products"},"image":{"@id":"https:\/\/ksproducts.ca\/#\/schema\/logo\/image\/"}}]}},"_links":{"self":[{"href":"https:\/\/ksproducts.ca\/fr\/wp-json\/wp\/v2\/product\/6448","targetHints":{"allow":["GET"]}}],"collection":[{"href":"https:\/\/ksproducts.ca\/fr\/wp-json\/wp\/v2\/product"}],"about":[{"href":"https:\/\/ksproducts.ca\/fr\/wp-json\/wp\/v2\/types\/product"}],"replies":[{"embeddable":true,"href":"https:\/\/ksproducts.ca\/fr\/wp-json\/wp\/v2\/comments?post=6448"}],"version-history":[{"count":1,"href":"https:\/\/ksproducts.ca\/fr\/wp-json\/wp\/v2\/product\/6448\/revisions"}],"predecessor-version":[{"id":10161,"href":"https:\/\/ksproducts.ca\/fr\/wp-json\/wp\/v2\/product\/6448\/revisions\/10161"}],"wp:featuredmedia":[{"embeddable":true,"href":"https:\/\/ksproducts.ca\/fr\/wp-json\/wp\/v2\/media\/6450"}],"wp:attachment":[{"href":"https:\/\/ksproducts.ca\/fr\/wp-json\/wp\/v2\/media?parent=6448"}],"wp:term":[{"taxonomy":"product_cat","embeddable":true,"href":"https:\/\/ksproducts.ca\/fr\/wp-json\/wp\/v2\/product_cat?post=6448"},{"taxonomy":"product_tag","embeddable":true,"href":"https:\/\/ksproducts.ca\/fr\/wp-json\/wp\/v2\/product_tag?post=6448"}],"curies":[{"name":"wp","href":"https:\/\/api.w.org\/{rel}","templated":true}]}}