{"id":6451,"date":"2023-04-12T15:09:28","date_gmt":"2023-04-12T15:09:28","guid":{"rendered":"https:\/\/ksproducts.ca\/?post_type=product&#038;p=6451"},"modified":"2026-04-04T15:33:48","modified_gmt":"2026-04-04T15:33:48","slug":"pupitre-pneumatique-luxor-a-hauteur-reglable-gris","status":"publish","type":"product","link":"https:\/\/ksproducts.ca\/fr\/product\/luxor-pneumatic-adjustable-height-lectern-gray\/","title":{"rendered":"Lutrin Luxor Pneumatique \u00e0 hauteur r\u00e9glable - Gris"},"content":{"rendered":"","protected":false},"excerpt":{"rendered":"<p>La polyvalence et le design \u00e9pur\u00e9 de ce pupitre s'adaptent \u00e0 une grande vari\u00e9t\u00e9 d'utilisations et d'environnements. La p\u00e9dale pneumatique pratique r\u00e8gle rapidement et silencieusement la hauteur entre 28 pouces et 42,5 pouces, permettant aux pr\u00e9sentateurs de s'asseoir ou de se tenir debout confortablement. Lorsque le pupitre est utilis\u00e9 pour des pr\u00e9sentations formelles, le plateau s'incline facilement et se transforme en \u00e9tag\u00e8re pour le pr\u00e9sentateur ; il peut \u00e9galement rester \u00e0 plat pour constituer un poste de travail debout\/assis. Deux roulettes facilitent le d\u00e9placement du pupitre et deux pieds en caoutchouc permettent de stabiliser les pieds en toute s\u00e9curit\u00e9 sur n'importe quelle surface. Ajoutez de la fonctionnalit\u00e9 et de la facilit\u00e9 \u00e0 votre lieu de travail avec le pupitre pneumatique \u00e0 hauteur r\u00e9glable Luxor de haute qualit\u00e9.<\/p>","protected":false},"featured_media":6453,"comment_status":"open","ping_status":"closed","template":"","meta":[],"product_cat":[434],"product_tag":[],"class_list":{"0":"post-6451","1":"product","2":"type-product","3":"status-publish","4":"has-post-thumbnail","6":"product_cat-desks","7":"product_shipping_class-class-4","9":"first","10":"instock","11":"taxable","12":"shipping-taxable","13":"product-type-simple"},"yoast_head":"<!-- This site is optimized with the Yoast SEO plugin v27.3 - https:\/\/yoast.com\/product\/yoast-seo-wordpress\/ -->\n<title>Luxor Pneumatic Adjustable-Height Lectern - Gray - Ks Products<\/title>\n<meta name=\"robots\" content=\"index, follow, max-snippet:-1, max-image-preview:large, max-video-preview:-1\" \/>\n<link rel=\"canonical\" href=\"https:\/\/ksproducts.ca\/fr\/product\/pupitre-pneumatique-luxor-a-hauteur-reglable-gris\/\" \/>\n<meta property=\"og:locale\" content=\"fr_CA\" \/>\n<meta property=\"og:type\" content=\"article\" \/>\n<meta property=\"og:title\" content=\"Luxor Pneumatic Adjustable-Height Lectern - Gray - Ks Products\" \/>\n<meta property=\"og:description\" content=\"The versatility and clean design of this lectern cater to a variety of uses and environments. The convenient pneumatic foot pedal swiftly and quietly adjusts the height between 28-in and 42.5-in, allowing presenters to comfortably sit or stand. When the lectern is used for formal presentations, the tabletop easily tilts and transforms into a presenter\u2019s shelf; it can also remain flat a standing\/sitting workstation. Two casters make the lectern easy to move and two rubber feet help safely stabilize the legs on any surface. Add functionality and ease to your workplace with the high-quality Luxor pneumatic height adjustable lectern.\" \/>\n<meta property=\"og:url\" content=\"https:\/\/ksproducts.ca\/fr\/product\/pupitre-pneumatique-luxor-a-hauteur-reglable-gris\/\" \/>\n<meta property=\"og:site_name\" content=\"Ks Products\" \/>\n<meta property=\"article:modified_time\" content=\"2026-04-04T15:33:48+00:00\" \/>\n<meta property=\"og:image\" content=\"https:\/\/ksproducts.ca\/wp-content\/uploads\/2023\/04\/lx-pdj-wh_pneumatic-height-adjustable-lectern-white-top-angled-medium-height_0-jpg.webp\" \/>\n\t<meta property=\"og:image:width\" content=\"1920\" \/>\n\t<meta property=\"og:image:height\" content=\"1920\" \/>\n\t<meta property=\"og:image:type\" content=\"image\/jpeg\" \/>\n<meta name=\"twitter:card\" content=\"summary_large_image\" \/>\n<script type=\"application\/ld+json\" class=\"yoast-schema-graph\">{\"@context\":\"https:\\\/\\\/schema.org\",\"@graph\":[{\"@type\":\"WebPage\",\"@id\":\"https:\\\/\\\/ksproducts.ca\\\/product\\\/luxor-pneumatic-adjustable-height-lectern-gray\\\/\",\"url\":\"https:\\\/\\\/ksproducts.ca\\\/product\\\/luxor-pneumatic-adjustable-height-lectern-gray\\\/\",\"name\":\"Luxor Pneumatic Adjustable-Height Lectern - Gray - Ks Products\",\"isPartOf\":{\"@id\":\"https:\\\/\\\/ksproducts.ca\\\/#website\"},\"primaryImageOfPage\":{\"@id\":\"https:\\\/\\\/ksproducts.ca\\\/product\\\/luxor-pneumatic-adjustable-height-lectern-gray\\\/#primaryimage\"},\"image\":{\"@id\":\"https:\\\/\\\/ksproducts.ca\\\/product\\\/luxor-pneumatic-adjustable-height-lectern-gray\\\/#primaryimage\"},\"thumbnailUrl\":\"https:\\\/\\\/ksproducts.ca\\\/wp-content\\\/uploads\\\/2023\\\/04\\\/lx-pdj-wh_pneumatic-height-adjustable-lectern-white-top-angled-medium-height_0-jpg.webp\",\"datePublished\":\"2023-04-12T15:09:28+00:00\",\"dateModified\":\"2026-04-04T15:33:48+00:00\",\"breadcrumb\":{\"@id\":\"https:\\\/\\\/ksproducts.ca\\\/product\\\/luxor-pneumatic-adjustable-height-lectern-gray\\\/#breadcrumb\"},\"inLanguage\":\"fr-CA\",\"potentialAction\":[{\"@type\":\"ReadAction\",\"target\":[\"https:\\\/\\\/ksproducts.ca\\\/product\\\/luxor-pneumatic-adjustable-height-lectern-gray\\\/\"]}]},{\"@type\":\"ImageObject\",\"inLanguage\":\"fr-CA\",\"@id\":\"https:\\\/\\\/ksproducts.ca\\\/product\\\/luxor-pneumatic-adjustable-height-lectern-gray\\\/#primaryimage\",\"url\":\"https:\\\/\\\/ksproducts.ca\\\/wp-content\\\/uploads\\\/2023\\\/04\\\/lx-pdj-wh_pneumatic-height-adjustable-lectern-white-top-angled-medium-height_0-jpg.webp\",\"contentUrl\":\"https:\\\/\\\/ksproducts.ca\\\/wp-content\\\/uploads\\\/2023\\\/04\\\/lx-pdj-wh_pneumatic-height-adjustable-lectern-white-top-angled-medium-height_0-jpg.webp\",\"width\":1920,\"height\":1920,\"caption\":\"wh pneumatic height adjustable lectern white top handle close up\"},{\"@type\":\"BreadcrumbList\",\"@id\":\"https:\\\/\\\/ksproducts.ca\\\/product\\\/luxor-pneumatic-adjustable-height-lectern-gray\\\/#breadcrumb\",\"itemListElement\":[{\"@type\":\"ListItem\",\"position\":1,\"name\":\"Home\",\"item\":\"https:\\\/\\\/ksproducts.ca\\\/\"},{\"@type\":\"ListItem\",\"position\":2,\"name\":\"Shop\",\"item\":\"https:\\\/\\\/ksproducts.ca\\\/shop\\\/\"},{\"@type\":\"ListItem\",\"position\":3,\"name\":\"Luxor Pneumatic Adjustable-Height Lectern &#8211; Gray\"}]},{\"@type\":\"WebSite\",\"@id\":\"https:\\\/\\\/ksproducts.ca\\\/#website\",\"url\":\"https:\\\/\\\/ksproducts.ca\\\/\",\"name\":\"Ks Products\",\"description\":\"Outdoor cooking and living, made easy in Canada\",\"publisher\":{\"@id\":\"https:\\\/\\\/ksproducts.ca\\\/#organization\"},\"potentialAction\":[{\"@type\":\"SearchAction\",\"target\":{\"@type\":\"EntryPoint\",\"urlTemplate\":\"https:\\\/\\\/ksproducts.ca\\\/?s={search_term_string}\"},\"query-input\":{\"@type\":\"PropertyValueSpecification\",\"valueRequired\":true,\"valueName\":\"search_term_string\"}}],\"inLanguage\":\"fr-CA\"},{\"@type\":\"Organization\",\"@id\":\"https:\\\/\\\/ksproducts.ca\\\/#organization\",\"name\":\"Ks Products\",\"url\":\"https:\\\/\\\/ksproducts.ca\\\/\",\"logo\":{\"@type\":\"ImageObject\",\"inLanguage\":\"fr-CA\",\"@id\":\"https:\\\/\\\/ksproducts.ca\\\/#\\\/schema\\\/logo\\\/image\\\/\",\"url\":\"https:\\\/\\\/ksproducts.ca\\\/wp-content\\\/uploads\\\/2023\\\/09\\\/Kennedy-Sales-Logo-header-1.png\",\"contentUrl\":\"https:\\\/\\\/ksproducts.ca\\\/wp-content\\\/uploads\\\/2023\\\/09\\\/Kennedy-Sales-Logo-header-1.png\",\"width\":150,\"height\":77,\"caption\":\"Ks Products\"},\"image\":{\"@id\":\"https:\\\/\\\/ksproducts.ca\\\/#\\\/schema\\\/logo\\\/image\\\/\"}}]}<\/script>\n<!-- \/ Yoast SEO plugin. -->","yoast_head_json":{"title":"Lutrin Luxor Pneumatique \u00e0 hauteur r\u00e9glable - Gris - Ks Products","robots":{"index":"index","follow":"follow","max-snippet":"max-snippet:-1","max-image-preview":"max-image-preview:large","max-video-preview":"max-video-preview:-1"},"canonical":"https:\/\/ksproducts.ca\/fr\/product\/pupitre-pneumatique-luxor-a-hauteur-reglable-gris\/","og_locale":"fr_CA","og_type":"article","og_title":"Luxor Pneumatic Adjustable-Height Lectern - Gray - Ks Products","og_description":"The versatility and clean design of this lectern cater to a variety of uses and environments. The convenient pneumatic foot pedal swiftly and quietly adjusts the height between 28-in and 42.5-in, allowing presenters to comfortably sit or stand. When the lectern is used for formal presentations, the tabletop easily tilts and transforms into a presenter\u2019s shelf; it can also remain flat a standing\/sitting workstation. Two casters make the lectern easy to move and two rubber feet help safely stabilize the legs on any surface. Add functionality and ease to your workplace with the high-quality Luxor pneumatic height adjustable lectern.","og_url":"https:\/\/ksproducts.ca\/fr\/product\/pupitre-pneumatique-luxor-a-hauteur-reglable-gris\/","og_site_name":"Ks Products","article_modified_time":"2026-04-04T15:33:48+00:00","og_image":[{"width":1920,"height":1920,"url":"https:\/\/ksproducts.ca\/wp-content\/uploads\/2023\/04\/lx-pdj-wh_pneumatic-height-adjustable-lectern-white-top-angled-medium-height_0-jpg.webp","type":"image\/jpeg"}],"twitter_card":"summary_large_image","schema":{"@context":"https:\/\/schema.org","@graph":[{"@type":"WebPage","@id":"https:\/\/ksproducts.ca\/product\/luxor-pneumatic-adjustable-height-lectern-gray\/","url":"https:\/\/ksproducts.ca\/product\/luxor-pneumatic-adjustable-height-lectern-gray\/","name":"Lutrin Luxor Pneumatique \u00e0 hauteur r\u00e9glable - Gris - Ks Products","isPartOf":{"@id":"https:\/\/ksproducts.ca\/#website"},"primaryImageOfPage":{"@id":"https:\/\/ksproducts.ca\/product\/luxor-pneumatic-adjustable-height-lectern-gray\/#primaryimage"},"image":{"@id":"https:\/\/ksproducts.ca\/product\/luxor-pneumatic-adjustable-height-lectern-gray\/#primaryimage"},"thumbnailUrl":"https:\/\/ksproducts.ca\/wp-content\/uploads\/2023\/04\/lx-pdj-wh_pneumatic-height-adjustable-lectern-white-top-angled-medium-height_0-jpg.webp","datePublished":"2023-04-12T15:09:28+00:00","dateModified":"2026-04-04T15:33:48+00:00","breadcrumb":{"@id":"https:\/\/ksproducts.ca\/product\/luxor-pneumatic-adjustable-height-lectern-gray\/#breadcrumb"},"inLanguage":"fr-CA","potentialAction":[{"@type":"ReadAction","target":["https:\/\/ksproducts.ca\/product\/luxor-pneumatic-adjustable-height-lectern-gray\/"]}]},{"@type":"ImageObject","inLanguage":"fr-CA","@id":"https:\/\/ksproducts.ca\/product\/luxor-pneumatic-adjustable-height-lectern-gray\/#primaryimage","url":"https:\/\/ksproducts.ca\/wp-content\/uploads\/2023\/04\/lx-pdj-wh_pneumatic-height-adjustable-lectern-white-top-angled-medium-height_0-jpg.webp","contentUrl":"https:\/\/ksproducts.ca\/wp-content\/uploads\/2023\/04\/lx-pdj-wh_pneumatic-height-adjustable-lectern-white-top-angled-medium-height_0-jpg.webp","width":1920,"height":1920,"caption":"wh pneumatic height adjustable lectern white top handle close up"},{"@type":"BreadcrumbList","@id":"https:\/\/ksproducts.ca\/product\/luxor-pneumatic-adjustable-height-lectern-gray\/#breadcrumb","itemListElement":[{"@type":"ListItem","position":1,"name":"Home","item":"https:\/\/ksproducts.ca\/"},{"@type":"ListItem","position":2,"name":"Shop","item":"https:\/\/ksproducts.ca\/shop\/"},{"@type":"ListItem","position":3,"name":"Luxor Pneumatic Adjustable-Height Lectern &#8211; Gray"}]},{"@type":"WebSite","@id":"https:\/\/ksproducts.ca\/#website","url":"https:\/\/ksproducts.ca\/","name":"Produits Ks","description":"Cuisiner et vivre en plein air, c'est facile au Canada","publisher":{"@id":"https:\/\/ksproducts.ca\/#organization"},"potentialAction":[{"@type":"SearchAction","target":{"@type":"EntryPoint","urlTemplate":"https:\/\/ksproducts.ca\/?s={search_term_string}"},"query-input":{"@type":"PropertyValueSpecification","valueRequired":true,"valueName":"search_term_string"}}],"inLanguage":"fr-CA"},{"@type":"Organization","@id":"https:\/\/ksproducts.ca\/#organization","name":"Produits Ks","url":"https:\/\/ksproducts.ca\/","logo":{"@type":"ImageObject","inLanguage":"fr-CA","@id":"https:\/\/ksproducts.ca\/#\/schema\/logo\/image\/","url":"https:\/\/ksproducts.ca\/wp-content\/uploads\/2023\/09\/Kennedy-Sales-Logo-header-1.png","contentUrl":"https:\/\/ksproducts.ca\/wp-content\/uploads\/2023\/09\/Kennedy-Sales-Logo-header-1.png","width":150,"height":77,"caption":"Ks Products"},"image":{"@id":"https:\/\/ksproducts.ca\/#\/schema\/logo\/image\/"}}]}},"_links":{"self":[{"href":"https:\/\/ksproducts.ca\/fr\/wp-json\/wp\/v2\/product\/6451","targetHints":{"allow":["GET"]}}],"collection":[{"href":"https:\/\/ksproducts.ca\/fr\/wp-json\/wp\/v2\/product"}],"about":[{"href":"https:\/\/ksproducts.ca\/fr\/wp-json\/wp\/v2\/types\/product"}],"replies":[{"embeddable":true,"href":"https:\/\/ksproducts.ca\/fr\/wp-json\/wp\/v2\/comments?post=6451"}],"version-history":[{"count":1,"href":"https:\/\/ksproducts.ca\/fr\/wp-json\/wp\/v2\/product\/6451\/revisions"}],"predecessor-version":[{"id":10162,"href":"https:\/\/ksproducts.ca\/fr\/wp-json\/wp\/v2\/product\/6451\/revisions\/10162"}],"wp:featuredmedia":[{"embeddable":true,"href":"https:\/\/ksproducts.ca\/fr\/wp-json\/wp\/v2\/media\/6453"}],"wp:attachment":[{"href":"https:\/\/ksproducts.ca\/fr\/wp-json\/wp\/v2\/media?parent=6451"}],"wp:term":[{"taxonomy":"product_cat","embeddable":true,"href":"https:\/\/ksproducts.ca\/fr\/wp-json\/wp\/v2\/product_cat?post=6451"},{"taxonomy":"product_tag","embeddable":true,"href":"https:\/\/ksproducts.ca\/fr\/wp-json\/wp\/v2\/product_tag?post=6451"}],"curies":[{"name":"wp","href":"https:\/\/api.w.org\/{rel}","templated":true}]}}