{"id":6480,"date":"2023-04-12T18:52:46","date_gmt":"2023-04-12T18:52:46","guid":{"rendered":"https:\/\/ksproducts.ca\/?post_type=product&#038;p=6480"},"modified":"2025-09-17T18:25:27","modified_gmt":"2025-09-17T18:25:27","slug":"luxor-mechanics-chariot-a-trois-etageres-noir","status":"publish","type":"product","link":"https:\/\/ksproducts.ca\/fr\/product\/luxor-mechanics-three-shelf-cart-black\/","title":{"rendered":"Luxor Chariot de m\u00e9canicien \u00e0 trois \u00e9tag\u00e8res - Noir"},"content":{"rendered":"<p>Le chariot \u00e0 trois \u00e9tag\u00e8res Luxor Mechanic's Cart permet d'\u00e9viter le d\u00e9sordre et de regrouper vos outils. Chaque \u00e9tag\u00e8re est dot\u00e9e de deux s\u00e9parateurs pour s\u00e9parer facilement les objets, et deux porte-gobelets sur chaque \u00e9tag\u00e8re sont id\u00e9aux pour les boissons ou les bouteilles de nettoyage\/entretien. Une bande magn\u00e9tique ext\u00e9rieure sur l'\u00e9tag\u00e8re sup\u00e9rieure permet d'acc\u00e9der rapidement aux outils m\u00e9talliques ; au centre de chaque \u00e9tag\u00e8re se trouve un enrouleur de c\u00e2bles pour faciliter la gestion des c\u00e2bles et des fils. Avec un emplacement pour presque tous les outils courants, ce chariot utilitaire pour m\u00e9canicien mobile est un compl\u00e9ment judicieux pour tout garage ou centre d'entretien.<\/p>","protected":false},"excerpt":{"rendered":"<p>The Luxor Mechanic&#8217;s Three-Shelf Cart prevents clutter and consolidates your tools. Each shelf features two dividers for easily separating items, and two cup holders on each shelf are ideal for<\/p>","protected":false},"featured_media":6481,"comment_status":"open","ping_status":"closed","template":"","meta":[],"product_cat":[430],"product_tag":[],"class_list":{"0":"post-6480","1":"product","2":"type-product","3":"status-publish","4":"has-post-thumbnail","6":"product_cat-automotive-gear","7":"product_shipping_class-class-4","9":"first","10":"instock","11":"taxable","12":"shipping-taxable","13":"purchasable","14":"product-type-simple"},"yoast_head":"<!-- This site is optimized with the Yoast SEO plugin v27.3 - https:\/\/yoast.com\/product\/yoast-seo-wordpress\/ -->\n<title>Luxor Mechanic&#039;s Three-Shelf Cart - Black - Ks Products<\/title>\n<meta name=\"robots\" content=\"index, follow, max-snippet:-1, max-image-preview:large, max-video-preview:-1\" \/>\n<link rel=\"canonical\" href=\"https:\/\/ksproducts.ca\/fr\/product\/luxor-mechanics-chariot-a-trois-etageres-noir\/\" \/>\n<meta property=\"og:locale\" content=\"fr_CA\" \/>\n<meta property=\"og:type\" content=\"article\" \/>\n<meta property=\"og:title\" content=\"Luxor Mechanic&#039;s Three-Shelf Cart - Black - Ks Products\" \/>\n<meta property=\"og:description\" content=\"The Luxor Mechanic&#8217;s Three-Shelf Cart prevents clutter and consolidates your tools. Each shelf features two dividers for easily separating items, and two cup holders on each shelf are ideal for\" \/>\n<meta property=\"og:url\" content=\"https:\/\/ksproducts.ca\/fr\/product\/luxor-mechanics-chariot-a-trois-etageres-noir\/\" \/>\n<meta property=\"og:site_name\" content=\"Ks Products\" \/>\n<meta property=\"article:modified_time\" content=\"2025-09-17T18:25:27+00:00\" \/>\n<meta property=\"og:image\" content=\"https:\/\/ksproducts.ca\/wp-content\/uploads\/2023\/04\/mc-3_32in-high-mechanics-cart-three-shelves-black-red-angled-back_base-jpg.webp\" \/>\n\t<meta property=\"og:image:width\" content=\"1920\" \/>\n\t<meta property=\"og:image:height\" content=\"1920\" \/>\n\t<meta property=\"og:image:type\" content=\"image\/jpeg\" \/>\n<meta name=\"twitter:card\" content=\"summary_large_image\" \/>\n<meta name=\"twitter:label1\" content=\"Estimation du temps de lecture\" \/>\n\t<meta name=\"twitter:data1\" content=\"1 minute\" \/>\n<script type=\"application\/ld+json\" class=\"yoast-schema-graph\">{\"@context\":\"https:\\\/\\\/schema.org\",\"@graph\":[{\"@type\":\"WebPage\",\"@id\":\"https:\\\/\\\/ksproducts.ca\\\/product\\\/luxor-mechanics-three-shelf-cart-black\\\/\",\"url\":\"https:\\\/\\\/ksproducts.ca\\\/product\\\/luxor-mechanics-three-shelf-cart-black\\\/\",\"name\":\"Luxor Mechanic's Three-Shelf Cart - Black - Ks Products\",\"isPartOf\":{\"@id\":\"https:\\\/\\\/ksproducts.ca\\\/#website\"},\"primaryImageOfPage\":{\"@id\":\"https:\\\/\\\/ksproducts.ca\\\/product\\\/luxor-mechanics-three-shelf-cart-black\\\/#primaryimage\"},\"image\":{\"@id\":\"https:\\\/\\\/ksproducts.ca\\\/product\\\/luxor-mechanics-three-shelf-cart-black\\\/#primaryimage\"},\"thumbnailUrl\":\"https:\\\/\\\/ksproducts.ca\\\/wp-content\\\/uploads\\\/2023\\\/04\\\/mc-3_32in-high-mechanics-cart-three-shelves-black-red-angled-back_base-jpg.webp\",\"datePublished\":\"2023-04-12T18:52:46+00:00\",\"dateModified\":\"2025-09-17T18:25:27+00:00\",\"breadcrumb\":{\"@id\":\"https:\\\/\\\/ksproducts.ca\\\/product\\\/luxor-mechanics-three-shelf-cart-black\\\/#breadcrumb\"},\"inLanguage\":\"fr-CA\",\"potentialAction\":[{\"@type\":\"ReadAction\",\"target\":[\"https:\\\/\\\/ksproducts.ca\\\/product\\\/luxor-mechanics-three-shelf-cart-black\\\/\"]}]},{\"@type\":\"ImageObject\",\"inLanguage\":\"fr-CA\",\"@id\":\"https:\\\/\\\/ksproducts.ca\\\/product\\\/luxor-mechanics-three-shelf-cart-black\\\/#primaryimage\",\"url\":\"https:\\\/\\\/ksproducts.ca\\\/wp-content\\\/uploads\\\/2023\\\/04\\\/mc-3_32in-high-mechanics-cart-three-shelves-black-red-angled-back_base-jpg.webp\",\"contentUrl\":\"https:\\\/\\\/ksproducts.ca\\\/wp-content\\\/uploads\\\/2023\\\/04\\\/mc-3_32in-high-mechanics-cart-three-shelves-black-red-angled-back_base-jpg.webp\",\"width\":1920,\"height\":1920,\"caption\":\"Luxor Mechanic's Three-Shelf Cart - Black\"},{\"@type\":\"BreadcrumbList\",\"@id\":\"https:\\\/\\\/ksproducts.ca\\\/product\\\/luxor-mechanics-three-shelf-cart-black\\\/#breadcrumb\",\"itemListElement\":[{\"@type\":\"ListItem\",\"position\":1,\"name\":\"Home\",\"item\":\"https:\\\/\\\/ksproducts.ca\\\/\"},{\"@type\":\"ListItem\",\"position\":2,\"name\":\"Shop\",\"item\":\"https:\\\/\\\/ksproducts.ca\\\/shop\\\/\"},{\"@type\":\"ListItem\",\"position\":3,\"name\":\"Luxor Mechanic&#8217;s Three-Shelf Cart &#8211; Black\"}]},{\"@type\":\"WebSite\",\"@id\":\"https:\\\/\\\/ksproducts.ca\\\/#website\",\"url\":\"https:\\\/\\\/ksproducts.ca\\\/\",\"name\":\"Ks Products\",\"description\":\"Outdoor cooking and living, made easy in Canada\",\"publisher\":{\"@id\":\"https:\\\/\\\/ksproducts.ca\\\/#organization\"},\"potentialAction\":[{\"@type\":\"SearchAction\",\"target\":{\"@type\":\"EntryPoint\",\"urlTemplate\":\"https:\\\/\\\/ksproducts.ca\\\/?s={search_term_string}\"},\"query-input\":{\"@type\":\"PropertyValueSpecification\",\"valueRequired\":true,\"valueName\":\"search_term_string\"}}],\"inLanguage\":\"fr-CA\"},{\"@type\":\"Organization\",\"@id\":\"https:\\\/\\\/ksproducts.ca\\\/#organization\",\"name\":\"Ks Products\",\"url\":\"https:\\\/\\\/ksproducts.ca\\\/\",\"logo\":{\"@type\":\"ImageObject\",\"inLanguage\":\"fr-CA\",\"@id\":\"https:\\\/\\\/ksproducts.ca\\\/#\\\/schema\\\/logo\\\/image\\\/\",\"url\":\"https:\\\/\\\/ksproducts.ca\\\/wp-content\\\/uploads\\\/2023\\\/09\\\/Kennedy-Sales-Logo-header-1.png\",\"contentUrl\":\"https:\\\/\\\/ksproducts.ca\\\/wp-content\\\/uploads\\\/2023\\\/09\\\/Kennedy-Sales-Logo-header-1.png\",\"width\":150,\"height\":77,\"caption\":\"Ks Products\"},\"image\":{\"@id\":\"https:\\\/\\\/ksproducts.ca\\\/#\\\/schema\\\/logo\\\/image\\\/\"}}]}<\/script>\n<!-- \/ Yoast SEO plugin. -->","yoast_head_json":{"title":"Chariot de m\u00e9canicien Luxor \u00e0 trois \u00e9tag\u00e8res - Noir - Ks Products","robots":{"index":"index","follow":"follow","max-snippet":"max-snippet:-1","max-image-preview":"max-image-preview:large","max-video-preview":"max-video-preview:-1"},"canonical":"https:\/\/ksproducts.ca\/fr\/product\/luxor-mechanics-chariot-a-trois-etageres-noir\/","og_locale":"fr_CA","og_type":"article","og_title":"Luxor Mechanic's Three-Shelf Cart - Black - Ks Products","og_description":"The Luxor Mechanic&#8217;s Three-Shelf Cart prevents clutter and consolidates your tools. Each shelf features two dividers for easily separating items, and two cup holders on each shelf are ideal for","og_url":"https:\/\/ksproducts.ca\/fr\/product\/luxor-mechanics-chariot-a-trois-etageres-noir\/","og_site_name":"Ks Products","article_modified_time":"2025-09-17T18:25:27+00:00","og_image":[{"width":1920,"height":1920,"url":"https:\/\/ksproducts.ca\/wp-content\/uploads\/2023\/04\/mc-3_32in-high-mechanics-cart-three-shelves-black-red-angled-back_base-jpg.webp","type":"image\/jpeg"}],"twitter_card":"summary_large_image","twitter_misc":{"Estimation du temps de lecture":"1 minute"},"schema":{"@context":"https:\/\/schema.org","@graph":[{"@type":"WebPage","@id":"https:\/\/ksproducts.ca\/product\/luxor-mechanics-three-shelf-cart-black\/","url":"https:\/\/ksproducts.ca\/product\/luxor-mechanics-three-shelf-cart-black\/","name":"Chariot de m\u00e9canicien Luxor \u00e0 trois \u00e9tag\u00e8res - Noir - Ks Products","isPartOf":{"@id":"https:\/\/ksproducts.ca\/#website"},"primaryImageOfPage":{"@id":"https:\/\/ksproducts.ca\/product\/luxor-mechanics-three-shelf-cart-black\/#primaryimage"},"image":{"@id":"https:\/\/ksproducts.ca\/product\/luxor-mechanics-three-shelf-cart-black\/#primaryimage"},"thumbnailUrl":"https:\/\/ksproducts.ca\/wp-content\/uploads\/2023\/04\/mc-3_32in-high-mechanics-cart-three-shelves-black-red-angled-back_base-jpg.webp","datePublished":"2023-04-12T18:52:46+00:00","dateModified":"2025-09-17T18:25:27+00:00","breadcrumb":{"@id":"https:\/\/ksproducts.ca\/product\/luxor-mechanics-three-shelf-cart-black\/#breadcrumb"},"inLanguage":"fr-CA","potentialAction":[{"@type":"ReadAction","target":["https:\/\/ksproducts.ca\/product\/luxor-mechanics-three-shelf-cart-black\/"]}]},{"@type":"ImageObject","inLanguage":"fr-CA","@id":"https:\/\/ksproducts.ca\/product\/luxor-mechanics-three-shelf-cart-black\/#primaryimage","url":"https:\/\/ksproducts.ca\/wp-content\/uploads\/2023\/04\/mc-3_32in-high-mechanics-cart-three-shelves-black-red-angled-back_base-jpg.webp","contentUrl":"https:\/\/ksproducts.ca\/wp-content\/uploads\/2023\/04\/mc-3_32in-high-mechanics-cart-three-shelves-black-red-angled-back_base-jpg.webp","width":1920,"height":1920,"caption":"Luxor Mechanic's Three-Shelf Cart - Black"},{"@type":"BreadcrumbList","@id":"https:\/\/ksproducts.ca\/product\/luxor-mechanics-three-shelf-cart-black\/#breadcrumb","itemListElement":[{"@type":"ListItem","position":1,"name":"Home","item":"https:\/\/ksproducts.ca\/"},{"@type":"ListItem","position":2,"name":"Shop","item":"https:\/\/ksproducts.ca\/shop\/"},{"@type":"ListItem","position":3,"name":"Luxor Mechanic&#8217;s Three-Shelf Cart &#8211; Black"}]},{"@type":"WebSite","@id":"https:\/\/ksproducts.ca\/#website","url":"https:\/\/ksproducts.ca\/","name":"Produits Ks","description":"Cuisiner et vivre en plein air, c'est facile au Canada","publisher":{"@id":"https:\/\/ksproducts.ca\/#organization"},"potentialAction":[{"@type":"SearchAction","target":{"@type":"EntryPoint","urlTemplate":"https:\/\/ksproducts.ca\/?s={search_term_string}"},"query-input":{"@type":"PropertyValueSpecification","valueRequired":true,"valueName":"search_term_string"}}],"inLanguage":"fr-CA"},{"@type":"Organization","@id":"https:\/\/ksproducts.ca\/#organization","name":"Produits Ks","url":"https:\/\/ksproducts.ca\/","logo":{"@type":"ImageObject","inLanguage":"fr-CA","@id":"https:\/\/ksproducts.ca\/#\/schema\/logo\/image\/","url":"https:\/\/ksproducts.ca\/wp-content\/uploads\/2023\/09\/Kennedy-Sales-Logo-header-1.png","contentUrl":"https:\/\/ksproducts.ca\/wp-content\/uploads\/2023\/09\/Kennedy-Sales-Logo-header-1.png","width":150,"height":77,"caption":"Ks Products"},"image":{"@id":"https:\/\/ksproducts.ca\/#\/schema\/logo\/image\/"}}]}},"_links":{"self":[{"href":"https:\/\/ksproducts.ca\/fr\/wp-json\/wp\/v2\/product\/6480","targetHints":{"allow":["GET"]}}],"collection":[{"href":"https:\/\/ksproducts.ca\/fr\/wp-json\/wp\/v2\/product"}],"about":[{"href":"https:\/\/ksproducts.ca\/fr\/wp-json\/wp\/v2\/types\/product"}],"replies":[{"embeddable":true,"href":"https:\/\/ksproducts.ca\/fr\/wp-json\/wp\/v2\/comments?post=6480"}],"version-history":[{"count":1,"href":"https:\/\/ksproducts.ca\/fr\/wp-json\/wp\/v2\/product\/6480\/revisions"}],"predecessor-version":[{"id":10163,"href":"https:\/\/ksproducts.ca\/fr\/wp-json\/wp\/v2\/product\/6480\/revisions\/10163"}],"wp:featuredmedia":[{"embeddable":true,"href":"https:\/\/ksproducts.ca\/fr\/wp-json\/wp\/v2\/media\/6481"}],"wp:attachment":[{"href":"https:\/\/ksproducts.ca\/fr\/wp-json\/wp\/v2\/media?parent=6480"}],"wp:term":[{"taxonomy":"product_cat","embeddable":true,"href":"https:\/\/ksproducts.ca\/fr\/wp-json\/wp\/v2\/product_cat?post=6480"},{"taxonomy":"product_tag","embeddable":true,"href":"https:\/\/ksproducts.ca\/fr\/wp-json\/wp\/v2\/product_tag?post=6480"}],"curies":[{"name":"wp","href":"https:\/\/api.w.org\/{rel}","templated":true}]}}