{"id":6485,"date":"2023-04-12T18:56:38","date_gmt":"2023-04-12T18:56:38","guid":{"rendered":"https:\/\/ksproducts.ca\/?post_type=product&#038;p=6485"},"modified":"2025-09-17T18:25:10","modified_gmt":"2025-09-17T18:25:10","slug":"luxor-mobile-acrylic-room-divider-and-sneeze-guard-clear","status":"publish","type":"product","link":"https:\/\/ksproducts.ca\/fr\/product\/luxor-mobile-acrylic-room-divider-and-sneeze-guard-clear\/","title":{"rendered":"Luxor Mobile Acrylic Room Divider and Sneeze Guard - Clair"},"content":{"rendered":"","protected":false},"excerpt":{"rendered":"<p>Voici une cloison qui favorise l'\u00e9loignement social dans un bureau, une salle de classe, un \u00e9tablissement de sant\u00e9, un commerce de d\u00e9tail, etc. Avec un panneau de protection contre les \u00e9ternuements en acrylique qui s'\u00e9tend presque jusqu'au sol, il cr\u00e9e une barri\u00e8re entre les espaces de travail ou s\u00e9pare les petites zones d'une pi\u00e8ce. Gr\u00e2ce \u00e0 son cadre en acier solide et \u00e0 ses roulettes verrouillables, cette barri\u00e8re en plastique est facile \u00e0 d\u00e9placer lorsque vous en avez besoin, tout en \u00e9tant robuste et stable lorsque vous n'en avez pas besoin. Les marqueurs solubles dans l'eau lui permettent de servir de tableau blanc effa\u00e7able \u00e0 sec.<\/p>","protected":false},"featured_media":6486,"comment_status":"open","ping_status":"closed","template":"","meta":[],"product_cat":[435],"product_tag":[],"class_list":{"0":"post-6485","1":"product","2":"type-product","3":"status-publish","4":"has-post-thumbnail","6":"product_cat-whiteboards-glass-boards","7":"product_shipping_class-class-4","9":"first","10":"instock","11":"taxable","12":"shipping-taxable","13":"purchasable","14":"product-type-simple"},"yoast_head":"<!-- This site is optimized with the Yoast SEO plugin v27.3 - https:\/\/yoast.com\/product\/yoast-seo-wordpress\/ -->\n<title>Luxor Mobile Acrylic Room Divider and Sneeze Guard - Clear - Ks Products<\/title>\n<meta name=\"robots\" content=\"index, follow, max-snippet:-1, max-image-preview:large, max-video-preview:-1\" \/>\n<link rel=\"canonical\" href=\"https:\/\/ksproducts.ca\/fr\/product\/luxor-mobile-acrylic-room-divider-and-sneeze-guard-clear\/\" \/>\n<meta property=\"og:locale\" content=\"fr_CA\" \/>\n<meta property=\"og:type\" content=\"article\" \/>\n<meta property=\"og:title\" content=\"Luxor Mobile Acrylic Room Divider and Sneeze Guard - Clear - Ks Products\" \/>\n<meta property=\"og:description\" content=\"Here&#039;s a room partition that promotes social distancing in an office, classroom, healthcare facility, retail environment, and more. With a tall, acrylic sneeze guard panel that extends nearly to the floor, it creates a barrier between workspaces or sections off small areas of a room. A strong, steel frame with lockable casters makes this plastic barrier easy to move when you need to, yet sturdy and stable when you don&#039;t. Water-soluble markers enable it to double as a dry-erase whiteboard.\" \/>\n<meta property=\"og:url\" content=\"https:\/\/ksproducts.ca\/fr\/product\/luxor-mobile-acrylic-room-divider-and-sneeze-guard-clear\/\" \/>\n<meta property=\"og:site_name\" content=\"Ks Products\" \/>\n<meta property=\"article:modified_time\" content=\"2025-09-17T18:25:10+00:00\" \/>\n<meta property=\"og:image\" content=\"https:\/\/ksproducts.ca\/wp-content\/uploads\/2023\/04\/md4072a_mobile_acrylic_board_-_angled-jpg.webp\" \/>\n\t<meta property=\"og:image:width\" content=\"1200\" \/>\n\t<meta property=\"og:image:height\" content=\"1200\" \/>\n\t<meta property=\"og:image:type\" content=\"image\/jpeg\" \/>\n<meta name=\"twitter:card\" content=\"summary_large_image\" \/>\n<script type=\"application\/ld+json\" class=\"yoast-schema-graph\">{\"@context\":\"https:\\\/\\\/schema.org\",\"@graph\":[{\"@type\":\"WebPage\",\"@id\":\"https:\\\/\\\/ksproducts.ca\\\/product\\\/luxor-mobile-acrylic-room-divider-and-sneeze-guard-clear\\\/\",\"url\":\"https:\\\/\\\/ksproducts.ca\\\/product\\\/luxor-mobile-acrylic-room-divider-and-sneeze-guard-clear\\\/\",\"name\":\"Luxor Mobile Acrylic Room Divider and Sneeze Guard - Clear - Ks Products\",\"isPartOf\":{\"@id\":\"https:\\\/\\\/ksproducts.ca\\\/#website\"},\"primaryImageOfPage\":{\"@id\":\"https:\\\/\\\/ksproducts.ca\\\/product\\\/luxor-mobile-acrylic-room-divider-and-sneeze-guard-clear\\\/#primaryimage\"},\"image\":{\"@id\":\"https:\\\/\\\/ksproducts.ca\\\/product\\\/luxor-mobile-acrylic-room-divider-and-sneeze-guard-clear\\\/#primaryimage\"},\"thumbnailUrl\":\"https:\\\/\\\/ksproducts.ca\\\/wp-content\\\/uploads\\\/2023\\\/04\\\/md4072a_mobile_acrylic_board_-_angled-jpg.webp\",\"datePublished\":\"2023-04-12T18:56:38+00:00\",\"dateModified\":\"2025-09-17T18:25:10+00:00\",\"breadcrumb\":{\"@id\":\"https:\\\/\\\/ksproducts.ca\\\/product\\\/luxor-mobile-acrylic-room-divider-and-sneeze-guard-clear\\\/#breadcrumb\"},\"inLanguage\":\"fr-CA\",\"potentialAction\":[{\"@type\":\"ReadAction\",\"target\":[\"https:\\\/\\\/ksproducts.ca\\\/product\\\/luxor-mobile-acrylic-room-divider-and-sneeze-guard-clear\\\/\"]}]},{\"@type\":\"ImageObject\",\"inLanguage\":\"fr-CA\",\"@id\":\"https:\\\/\\\/ksproducts.ca\\\/product\\\/luxor-mobile-acrylic-room-divider-and-sneeze-guard-clear\\\/#primaryimage\",\"url\":\"https:\\\/\\\/ksproducts.ca\\\/wp-content\\\/uploads\\\/2023\\\/04\\\/md4072a_mobile_acrylic_board_-_angled-jpg.webp\",\"contentUrl\":\"https:\\\/\\\/ksproducts.ca\\\/wp-content\\\/uploads\\\/2023\\\/04\\\/md4072a_mobile_acrylic_board_-_angled-jpg.webp\",\"width\":1200,\"height\":1200,\"caption\":\"Luxor Mobile Acrylic Room Divider and Sneeze Guard - Clear\"},{\"@type\":\"BreadcrumbList\",\"@id\":\"https:\\\/\\\/ksproducts.ca\\\/product\\\/luxor-mobile-acrylic-room-divider-and-sneeze-guard-clear\\\/#breadcrumb\",\"itemListElement\":[{\"@type\":\"ListItem\",\"position\":1,\"name\":\"Home\",\"item\":\"https:\\\/\\\/ksproducts.ca\\\/\"},{\"@type\":\"ListItem\",\"position\":2,\"name\":\"Shop\",\"item\":\"https:\\\/\\\/ksproducts.ca\\\/shop\\\/\"},{\"@type\":\"ListItem\",\"position\":3,\"name\":\"Luxor Mobile Acrylic Room Divider and Sneeze Guard &#8211; Clear\"}]},{\"@type\":\"WebSite\",\"@id\":\"https:\\\/\\\/ksproducts.ca\\\/#website\",\"url\":\"https:\\\/\\\/ksproducts.ca\\\/\",\"name\":\"Ks Products\",\"description\":\"Outdoor cooking and living, made easy in Canada\",\"publisher\":{\"@id\":\"https:\\\/\\\/ksproducts.ca\\\/#organization\"},\"potentialAction\":[{\"@type\":\"SearchAction\",\"target\":{\"@type\":\"EntryPoint\",\"urlTemplate\":\"https:\\\/\\\/ksproducts.ca\\\/?s={search_term_string}\"},\"query-input\":{\"@type\":\"PropertyValueSpecification\",\"valueRequired\":true,\"valueName\":\"search_term_string\"}}],\"inLanguage\":\"fr-CA\"},{\"@type\":\"Organization\",\"@id\":\"https:\\\/\\\/ksproducts.ca\\\/#organization\",\"name\":\"Ks Products\",\"url\":\"https:\\\/\\\/ksproducts.ca\\\/\",\"logo\":{\"@type\":\"ImageObject\",\"inLanguage\":\"fr-CA\",\"@id\":\"https:\\\/\\\/ksproducts.ca\\\/#\\\/schema\\\/logo\\\/image\\\/\",\"url\":\"https:\\\/\\\/ksproducts.ca\\\/wp-content\\\/uploads\\\/2023\\\/09\\\/Kennedy-Sales-Logo-header-1.png\",\"contentUrl\":\"https:\\\/\\\/ksproducts.ca\\\/wp-content\\\/uploads\\\/2023\\\/09\\\/Kennedy-Sales-Logo-header-1.png\",\"width\":150,\"height\":77,\"caption\":\"Ks Products\"},\"image\":{\"@id\":\"https:\\\/\\\/ksproducts.ca\\\/#\\\/schema\\\/logo\\\/image\\\/\"}}]}<\/script>\n<!-- \/ Yoast SEO plugin. -->","yoast_head_json":{"title":"Luxor Mobile Acrylic Room Divider and Sneeze Guard - Clear - Ks Products","robots":{"index":"index","follow":"follow","max-snippet":"max-snippet:-1","max-image-preview":"max-image-preview:large","max-video-preview":"max-video-preview:-1"},"canonical":"https:\/\/ksproducts.ca\/fr\/product\/luxor-mobile-acrylic-room-divider-and-sneeze-guard-clear\/","og_locale":"fr_CA","og_type":"article","og_title":"Luxor Mobile Acrylic Room Divider and Sneeze Guard - Clear - Ks Products","og_description":"Here's a room partition that promotes social distancing in an office, classroom, healthcare facility, retail environment, and more. With a tall, acrylic sneeze guard panel that extends nearly to the floor, it creates a barrier between workspaces or sections off small areas of a room. A strong, steel frame with lockable casters makes this plastic barrier easy to move when you need to, yet sturdy and stable when you don't. Water-soluble markers enable it to double as a dry-erase whiteboard.","og_url":"https:\/\/ksproducts.ca\/fr\/product\/luxor-mobile-acrylic-room-divider-and-sneeze-guard-clear\/","og_site_name":"Ks Products","article_modified_time":"2025-09-17T18:25:10+00:00","og_image":[{"width":1200,"height":1200,"url":"https:\/\/ksproducts.ca\/wp-content\/uploads\/2023\/04\/md4072a_mobile_acrylic_board_-_angled-jpg.webp","type":"image\/jpeg"}],"twitter_card":"summary_large_image","schema":{"@context":"https:\/\/schema.org","@graph":[{"@type":"WebPage","@id":"https:\/\/ksproducts.ca\/product\/luxor-mobile-acrylic-room-divider-and-sneeze-guard-clear\/","url":"https:\/\/ksproducts.ca\/product\/luxor-mobile-acrylic-room-divider-and-sneeze-guard-clear\/","name":"Luxor Mobile Acrylic Room Divider and Sneeze Guard - Clear - Ks Products","isPartOf":{"@id":"https:\/\/ksproducts.ca\/#website"},"primaryImageOfPage":{"@id":"https:\/\/ksproducts.ca\/product\/luxor-mobile-acrylic-room-divider-and-sneeze-guard-clear\/#primaryimage"},"image":{"@id":"https:\/\/ksproducts.ca\/product\/luxor-mobile-acrylic-room-divider-and-sneeze-guard-clear\/#primaryimage"},"thumbnailUrl":"https:\/\/ksproducts.ca\/wp-content\/uploads\/2023\/04\/md4072a_mobile_acrylic_board_-_angled-jpg.webp","datePublished":"2023-04-12T18:56:38+00:00","dateModified":"2025-09-17T18:25:10+00:00","breadcrumb":{"@id":"https:\/\/ksproducts.ca\/product\/luxor-mobile-acrylic-room-divider-and-sneeze-guard-clear\/#breadcrumb"},"inLanguage":"fr-CA","potentialAction":[{"@type":"ReadAction","target":["https:\/\/ksproducts.ca\/product\/luxor-mobile-acrylic-room-divider-and-sneeze-guard-clear\/"]}]},{"@type":"ImageObject","inLanguage":"fr-CA","@id":"https:\/\/ksproducts.ca\/product\/luxor-mobile-acrylic-room-divider-and-sneeze-guard-clear\/#primaryimage","url":"https:\/\/ksproducts.ca\/wp-content\/uploads\/2023\/04\/md4072a_mobile_acrylic_board_-_angled-jpg.webp","contentUrl":"https:\/\/ksproducts.ca\/wp-content\/uploads\/2023\/04\/md4072a_mobile_acrylic_board_-_angled-jpg.webp","width":1200,"height":1200,"caption":"Luxor Mobile Acrylic Room Divider and Sneeze Guard - Clear"},{"@type":"BreadcrumbList","@id":"https:\/\/ksproducts.ca\/product\/luxor-mobile-acrylic-room-divider-and-sneeze-guard-clear\/#breadcrumb","itemListElement":[{"@type":"ListItem","position":1,"name":"Home","item":"https:\/\/ksproducts.ca\/"},{"@type":"ListItem","position":2,"name":"Shop","item":"https:\/\/ksproducts.ca\/shop\/"},{"@type":"ListItem","position":3,"name":"Luxor Mobile Acrylic Room Divider and Sneeze Guard &#8211; Clear"}]},{"@type":"WebSite","@id":"https:\/\/ksproducts.ca\/#website","url":"https:\/\/ksproducts.ca\/","name":"Produits Ks","description":"Cuisiner et vivre en plein air, c'est facile au Canada","publisher":{"@id":"https:\/\/ksproducts.ca\/#organization"},"potentialAction":[{"@type":"SearchAction","target":{"@type":"EntryPoint","urlTemplate":"https:\/\/ksproducts.ca\/?s={search_term_string}"},"query-input":{"@type":"PropertyValueSpecification","valueRequired":true,"valueName":"search_term_string"}}],"inLanguage":"fr-CA"},{"@type":"Organization","@id":"https:\/\/ksproducts.ca\/#organization","name":"Produits Ks","url":"https:\/\/ksproducts.ca\/","logo":{"@type":"ImageObject","inLanguage":"fr-CA","@id":"https:\/\/ksproducts.ca\/#\/schema\/logo\/image\/","url":"https:\/\/ksproducts.ca\/wp-content\/uploads\/2023\/09\/Kennedy-Sales-Logo-header-1.png","contentUrl":"https:\/\/ksproducts.ca\/wp-content\/uploads\/2023\/09\/Kennedy-Sales-Logo-header-1.png","width":150,"height":77,"caption":"Ks Products"},"image":{"@id":"https:\/\/ksproducts.ca\/#\/schema\/logo\/image\/"}}]}},"_links":{"self":[{"href":"https:\/\/ksproducts.ca\/fr\/wp-json\/wp\/v2\/product\/6485","targetHints":{"allow":["GET"]}}],"collection":[{"href":"https:\/\/ksproducts.ca\/fr\/wp-json\/wp\/v2\/product"}],"about":[{"href":"https:\/\/ksproducts.ca\/fr\/wp-json\/wp\/v2\/types\/product"}],"replies":[{"embeddable":true,"href":"https:\/\/ksproducts.ca\/fr\/wp-json\/wp\/v2\/comments?post=6485"}],"version-history":[{"count":1,"href":"https:\/\/ksproducts.ca\/fr\/wp-json\/wp\/v2\/product\/6485\/revisions"}],"predecessor-version":[{"id":10164,"href":"https:\/\/ksproducts.ca\/fr\/wp-json\/wp\/v2\/product\/6485\/revisions\/10164"}],"wp:featuredmedia":[{"embeddable":true,"href":"https:\/\/ksproducts.ca\/fr\/wp-json\/wp\/v2\/media\/6486"}],"wp:attachment":[{"href":"https:\/\/ksproducts.ca\/fr\/wp-json\/wp\/v2\/media?parent=6485"}],"wp:term":[{"taxonomy":"product_cat","embeddable":true,"href":"https:\/\/ksproducts.ca\/fr\/wp-json\/wp\/v2\/product_cat?post=6485"},{"taxonomy":"product_tag","embeddable":true,"href":"https:\/\/ksproducts.ca\/fr\/wp-json\/wp\/v2\/product_tag?post=6485"}],"curies":[{"name":"wp","href":"https:\/\/api.w.org\/{rel}","templated":true}]}}