{"id":6489,"date":"2023-04-12T19:07:13","date_gmt":"2023-04-12T19:07:13","guid":{"rendered":"https:\/\/ksproducts.ca\/?post_type=product&#038;p=6489"},"modified":"2026-04-19T07:32:12","modified_gmt":"2026-04-19T07:32:12","slug":"luxor-mobile-magnetic-whiteboard-room-divider-72-in-x-40-in","status":"publish","type":"product","link":"https:\/\/ksproducts.ca\/fr\/product\/luxor-mobile-magnetic-whiteboard-room-divider-72-in-x-40-in\/","title":{"rendered":"Luxor Mobile Tableau blanc magn\u00e9tique S\u00e9parateur de pi\u00e8ce - 72 po x 40 po"},"content":{"rendered":"","protected":false},"excerpt":{"rendered":"<p>Voici une cloison qui encourage la productivit\u00e9 des deux c\u00f4t\u00e9s. Avec une surface effa\u00e7able \u00e0 sec haute et bilat\u00e9rale qui s'\u00e9tend presque jusqu'au sol, elle peut \u00eatre utilis\u00e9e pour s\u00e9parer les espaces de travail - ce qui est parfait pour les bureaux ouverts - ou, si vous en combinez plusieurs, vous pouvez cr\u00e9er un espace de travail s\u00e9par\u00e9 avec un mur entier de tableaux blancs.<\/p>","protected":false},"featured_media":6490,"comment_status":"open","ping_status":"closed","template":"","meta":[],"product_cat":[435],"product_tag":[],"class_list":{"0":"post-6489","1":"product","2":"type-product","3":"status-publish","4":"has-post-thumbnail","6":"product_cat-whiteboards-glass-boards","7":"product_shipping_class-class-4","9":"first","10":"instock","11":"taxable","12":"shipping-taxable","13":"purchasable","14":"product-type-simple"},"yoast_head":"<!-- This site is optimized with the Yoast SEO plugin v27.4 - https:\/\/yoast.com\/product\/yoast-seo-wordpress\/ -->\n<title>Luxor Mobile Magnetic Whiteboard Room Divider - 72-in x 40-in - Ks Products<\/title>\n<meta name=\"robots\" content=\"index, follow, max-snippet:-1, max-image-preview:large, max-video-preview:-1\" \/>\n<link rel=\"canonical\" href=\"https:\/\/ksproducts.ca\/fr\/product\/luxor-mobile-magnetic-whiteboard-room-divider-72-in-x-40-in\/\" \/>\n<meta property=\"og:locale\" content=\"fr_CA\" \/>\n<meta property=\"og:type\" content=\"article\" \/>\n<meta property=\"og:title\" content=\"Luxor Mobile Magnetic Whiteboard Room Divider - 72-in x 40-in - Ks Products\" \/>\n<meta property=\"og:description\" content=\"Here&#039;s a partition that encourages productivity on both sides. With a tall, two-sided dry-erase surface that extends nearly to the floor, it can be used to separate workspaces \u2013 perfect for open office layouts \u2013 or when combining several together, you can create a separate work area with an entire whiteboard wall.\" \/>\n<meta property=\"og:url\" content=\"https:\/\/ksproducts.ca\/fr\/product\/luxor-mobile-magnetic-whiteboard-room-divider-72-in-x-40-in\/\" \/>\n<meta property=\"og:site_name\" content=\"Ks Products\" \/>\n<meta property=\"article:modified_time\" content=\"2026-04-19T07:32:12+00:00\" \/>\n<meta property=\"og:image\" content=\"https:\/\/ksproducts.ca\/wp-content\/uploads\/2023\/04\/md4072w_mobile-magnetic-whiteboard-room-divider-angled_0-jpg.webp\" \/>\n\t<meta property=\"og:image:width\" content=\"1920\" \/>\n\t<meta property=\"og:image:height\" content=\"1920\" \/>\n\t<meta property=\"og:image:type\" content=\"image\/jpeg\" \/>\n<meta name=\"twitter:card\" content=\"summary_large_image\" \/>\n<script type=\"application\/ld+json\" class=\"yoast-schema-graph\">{\"@context\":\"https:\\\/\\\/schema.org\",\"@graph\":[{\"@type\":\"WebPage\",\"@id\":\"https:\\\/\\\/ksproducts.ca\\\/product\\\/luxor-mobile-magnetic-whiteboard-room-divider-72-in-x-40-in\\\/\",\"url\":\"https:\\\/\\\/ksproducts.ca\\\/product\\\/luxor-mobile-magnetic-whiteboard-room-divider-72-in-x-40-in\\\/\",\"name\":\"Luxor Mobile Magnetic Whiteboard Room Divider - 72-in x 40-in - Ks Products\",\"isPartOf\":{\"@id\":\"https:\\\/\\\/ksproducts.ca\\\/#website\"},\"primaryImageOfPage\":{\"@id\":\"https:\\\/\\\/ksproducts.ca\\\/product\\\/luxor-mobile-magnetic-whiteboard-room-divider-72-in-x-40-in\\\/#primaryimage\"},\"image\":{\"@id\":\"https:\\\/\\\/ksproducts.ca\\\/product\\\/luxor-mobile-magnetic-whiteboard-room-divider-72-in-x-40-in\\\/#primaryimage\"},\"thumbnailUrl\":\"https:\\\/\\\/ksproducts.ca\\\/wp-content\\\/uploads\\\/2023\\\/04\\\/md4072w_mobile-magnetic-whiteboard-room-divider-angled_0-jpg.webp\",\"datePublished\":\"2023-04-12T19:07:13+00:00\",\"dateModified\":\"2026-04-19T07:32:12+00:00\",\"breadcrumb\":{\"@id\":\"https:\\\/\\\/ksproducts.ca\\\/product\\\/luxor-mobile-magnetic-whiteboard-room-divider-72-in-x-40-in\\\/#breadcrumb\"},\"inLanguage\":\"fr-CA\",\"potentialAction\":[{\"@type\":\"ReadAction\",\"target\":[\"https:\\\/\\\/ksproducts.ca\\\/product\\\/luxor-mobile-magnetic-whiteboard-room-divider-72-in-x-40-in\\\/\"]}]},{\"@type\":\"ImageObject\",\"inLanguage\":\"fr-CA\",\"@id\":\"https:\\\/\\\/ksproducts.ca\\\/product\\\/luxor-mobile-magnetic-whiteboard-room-divider-72-in-x-40-in\\\/#primaryimage\",\"url\":\"https:\\\/\\\/ksproducts.ca\\\/wp-content\\\/uploads\\\/2023\\\/04\\\/md4072w_mobile-magnetic-whiteboard-room-divider-angled_0-jpg.webp\",\"contentUrl\":\"https:\\\/\\\/ksproducts.ca\\\/wp-content\\\/uploads\\\/2023\\\/04\\\/md4072w_mobile-magnetic-whiteboard-room-divider-angled_0-jpg.webp\",\"width\":1920,\"height\":1920,\"caption\":\"Luxor Mobile Magnetic Whiteboard Room Divider - 72-in x 40-in\"},{\"@type\":\"BreadcrumbList\",\"@id\":\"https:\\\/\\\/ksproducts.ca\\\/product\\\/luxor-mobile-magnetic-whiteboard-room-divider-72-in-x-40-in\\\/#breadcrumb\",\"itemListElement\":[{\"@type\":\"ListItem\",\"position\":1,\"name\":\"Home\",\"item\":\"https:\\\/\\\/ksproducts.ca\\\/\"},{\"@type\":\"ListItem\",\"position\":2,\"name\":\"Shop\",\"item\":\"https:\\\/\\\/ksproducts.ca\\\/shop\\\/\"},{\"@type\":\"ListItem\",\"position\":3,\"name\":\"Luxor Mobile Magnetic Whiteboard Room Divider &#8211; 72-in x 40-in\"}]},{\"@type\":\"WebSite\",\"@id\":\"https:\\\/\\\/ksproducts.ca\\\/#website\",\"url\":\"https:\\\/\\\/ksproducts.ca\\\/\",\"name\":\"Ks Products\",\"description\":\"Outdoor cooking and living, made easy in Canada\",\"publisher\":{\"@id\":\"https:\\\/\\\/ksproducts.ca\\\/#organization\"},\"potentialAction\":[{\"@type\":\"SearchAction\",\"target\":{\"@type\":\"EntryPoint\",\"urlTemplate\":\"https:\\\/\\\/ksproducts.ca\\\/?s={search_term_string}\"},\"query-input\":{\"@type\":\"PropertyValueSpecification\",\"valueRequired\":true,\"valueName\":\"search_term_string\"}}],\"inLanguage\":\"fr-CA\"},{\"@type\":\"Organization\",\"@id\":\"https:\\\/\\\/ksproducts.ca\\\/#organization\",\"name\":\"Ks Products\",\"url\":\"https:\\\/\\\/ksproducts.ca\\\/\",\"logo\":{\"@type\":\"ImageObject\",\"inLanguage\":\"fr-CA\",\"@id\":\"https:\\\/\\\/ksproducts.ca\\\/#\\\/schema\\\/logo\\\/image\\\/\",\"url\":\"https:\\\/\\\/ksproducts.ca\\\/wp-content\\\/uploads\\\/2023\\\/09\\\/Kennedy-Sales-Logo-header-1.png\",\"contentUrl\":\"https:\\\/\\\/ksproducts.ca\\\/wp-content\\\/uploads\\\/2023\\\/09\\\/Kennedy-Sales-Logo-header-1.png\",\"width\":150,\"height\":77,\"caption\":\"Ks Products\"},\"image\":{\"@id\":\"https:\\\/\\\/ksproducts.ca\\\/#\\\/schema\\\/logo\\\/image\\\/\"}}]}<\/script>\n<!-- \/ Yoast SEO plugin. -->","yoast_head_json":{"title":"Luxor Mobile Whiteboard Room Divider - 72-in x 40-in - Ks Products","robots":{"index":"index","follow":"follow","max-snippet":"max-snippet:-1","max-image-preview":"max-image-preview:large","max-video-preview":"max-video-preview:-1"},"canonical":"https:\/\/ksproducts.ca\/fr\/product\/luxor-mobile-magnetic-whiteboard-room-divider-72-in-x-40-in\/","og_locale":"fr_CA","og_type":"article","og_title":"Luxor Mobile Magnetic Whiteboard Room Divider - 72-in x 40-in - Ks Products","og_description":"Here's a partition that encourages productivity on both sides. With a tall, two-sided dry-erase surface that extends nearly to the floor, it can be used to separate workspaces \u2013 perfect for open office layouts \u2013 or when combining several together, you can create a separate work area with an entire whiteboard wall.","og_url":"https:\/\/ksproducts.ca\/fr\/product\/luxor-mobile-magnetic-whiteboard-room-divider-72-in-x-40-in\/","og_site_name":"Ks Products","article_modified_time":"2026-04-19T07:32:12+00:00","og_image":[{"width":1920,"height":1920,"url":"https:\/\/ksproducts.ca\/wp-content\/uploads\/2023\/04\/md4072w_mobile-magnetic-whiteboard-room-divider-angled_0-jpg.webp","type":"image\/jpeg"}],"twitter_card":"summary_large_image","schema":{"@context":"https:\/\/schema.org","@graph":[{"@type":"WebPage","@id":"https:\/\/ksproducts.ca\/product\/luxor-mobile-magnetic-whiteboard-room-divider-72-in-x-40-in\/","url":"https:\/\/ksproducts.ca\/product\/luxor-mobile-magnetic-whiteboard-room-divider-72-in-x-40-in\/","name":"Luxor Mobile Whiteboard Room Divider - 72-in x 40-in - Ks Products","isPartOf":{"@id":"https:\/\/ksproducts.ca\/#website"},"primaryImageOfPage":{"@id":"https:\/\/ksproducts.ca\/product\/luxor-mobile-magnetic-whiteboard-room-divider-72-in-x-40-in\/#primaryimage"},"image":{"@id":"https:\/\/ksproducts.ca\/product\/luxor-mobile-magnetic-whiteboard-room-divider-72-in-x-40-in\/#primaryimage"},"thumbnailUrl":"https:\/\/ksproducts.ca\/wp-content\/uploads\/2023\/04\/md4072w_mobile-magnetic-whiteboard-room-divider-angled_0-jpg.webp","datePublished":"2023-04-12T19:07:13+00:00","dateModified":"2026-04-19T07:32:12+00:00","breadcrumb":{"@id":"https:\/\/ksproducts.ca\/product\/luxor-mobile-magnetic-whiteboard-room-divider-72-in-x-40-in\/#breadcrumb"},"inLanguage":"fr-CA","potentialAction":[{"@type":"ReadAction","target":["https:\/\/ksproducts.ca\/product\/luxor-mobile-magnetic-whiteboard-room-divider-72-in-x-40-in\/"]}]},{"@type":"ImageObject","inLanguage":"fr-CA","@id":"https:\/\/ksproducts.ca\/product\/luxor-mobile-magnetic-whiteboard-room-divider-72-in-x-40-in\/#primaryimage","url":"https:\/\/ksproducts.ca\/wp-content\/uploads\/2023\/04\/md4072w_mobile-magnetic-whiteboard-room-divider-angled_0-jpg.webp","contentUrl":"https:\/\/ksproducts.ca\/wp-content\/uploads\/2023\/04\/md4072w_mobile-magnetic-whiteboard-room-divider-angled_0-jpg.webp","width":1920,"height":1920,"caption":"Luxor Mobile Magnetic Whiteboard Room Divider - 72-in x 40-in"},{"@type":"BreadcrumbList","@id":"https:\/\/ksproducts.ca\/product\/luxor-mobile-magnetic-whiteboard-room-divider-72-in-x-40-in\/#breadcrumb","itemListElement":[{"@type":"ListItem","position":1,"name":"Home","item":"https:\/\/ksproducts.ca\/"},{"@type":"ListItem","position":2,"name":"Shop","item":"https:\/\/ksproducts.ca\/shop\/"},{"@type":"ListItem","position":3,"name":"Luxor Mobile Magnetic Whiteboard Room Divider &#8211; 72-in x 40-in"}]},{"@type":"WebSite","@id":"https:\/\/ksproducts.ca\/#website","url":"https:\/\/ksproducts.ca\/","name":"Produits Ks","description":"Cuisiner et vivre en plein air, c'est facile au Canada","publisher":{"@id":"https:\/\/ksproducts.ca\/#organization"},"potentialAction":[{"@type":"SearchAction","target":{"@type":"EntryPoint","urlTemplate":"https:\/\/ksproducts.ca\/?s={search_term_string}"},"query-input":{"@type":"PropertyValueSpecification","valueRequired":true,"valueName":"search_term_string"}}],"inLanguage":"fr-CA"},{"@type":"Organization","@id":"https:\/\/ksproducts.ca\/#organization","name":"Produits Ks","url":"https:\/\/ksproducts.ca\/","logo":{"@type":"ImageObject","inLanguage":"fr-CA","@id":"https:\/\/ksproducts.ca\/#\/schema\/logo\/image\/","url":"https:\/\/ksproducts.ca\/wp-content\/uploads\/2023\/09\/Kennedy-Sales-Logo-header-1.png","contentUrl":"https:\/\/ksproducts.ca\/wp-content\/uploads\/2023\/09\/Kennedy-Sales-Logo-header-1.png","width":150,"height":77,"caption":"Ks Products"},"image":{"@id":"https:\/\/ksproducts.ca\/#\/schema\/logo\/image\/"}}]}},"_links":{"self":[{"href":"https:\/\/ksproducts.ca\/fr\/wp-json\/wp\/v2\/product\/6489","targetHints":{"allow":["GET"]}}],"collection":[{"href":"https:\/\/ksproducts.ca\/fr\/wp-json\/wp\/v2\/product"}],"about":[{"href":"https:\/\/ksproducts.ca\/fr\/wp-json\/wp\/v2\/types\/product"}],"replies":[{"embeddable":true,"href":"https:\/\/ksproducts.ca\/fr\/wp-json\/wp\/v2\/comments?post=6489"}],"version-history":[{"count":1,"href":"https:\/\/ksproducts.ca\/fr\/wp-json\/wp\/v2\/product\/6489\/revisions"}],"predecessor-version":[{"id":10165,"href":"https:\/\/ksproducts.ca\/fr\/wp-json\/wp\/v2\/product\/6489\/revisions\/10165"}],"wp:featuredmedia":[{"embeddable":true,"href":"https:\/\/ksproducts.ca\/fr\/wp-json\/wp\/v2\/media\/6490"}],"wp:attachment":[{"href":"https:\/\/ksproducts.ca\/fr\/wp-json\/wp\/v2\/media?parent=6489"}],"wp:term":[{"taxonomy":"product_cat","embeddable":true,"href":"https:\/\/ksproducts.ca\/fr\/wp-json\/wp\/v2\/product_cat?post=6489"},{"taxonomy":"product_tag","embeddable":true,"href":"https:\/\/ksproducts.ca\/fr\/wp-json\/wp\/v2\/product_tag?post=6489"}],"curies":[{"name":"wp","href":"https:\/\/api.w.org\/{rel}","templated":true}]}}