{"id":6509,"date":"2023-04-12T19:38:29","date_gmt":"2023-04-12T19:38:29","guid":{"rendered":"https:\/\/ksproducts.ca\/?post_type=product&#038;p=6509"},"modified":"2026-02-06T20:36:14","modified_gmt":"2026-02-06T20:36:14","slug":"luxor-poste-de-travail-de-presentation-a-hauteur-reglable-noir","status":"publish","type":"product","link":"https:\/\/ksproducts.ca\/fr\/product\/luxor-adjustable-height-presentation-workstation-black\/","title":{"rendered":"Luxor Poste de travail de pr\u00e9sentation \u00e0 hauteur r\u00e9glable - Noir"},"content":{"rendered":"","protected":false},"excerpt":{"rendered":"<p>Le poste de travail de pr\u00e9sentation \u00e0 hauteur r\u00e9glable est une unit\u00e9 flexible, polyvalente et rentable, id\u00e9ale pour une utilisation comme petit bureau d'ordinateur, poste de pr\u00e9sentation ou pupitre. Une hauteur debout ou assise et quatre roulettes de 3 pouces avec deux freins de blocage rendent l'unit\u00e9 facile \u00e0 d\u00e9placer ou \u00e0 stabiliser. La structure en acier peint par poudrage noir et les surfaces de travail en bois stratifi\u00e9 offrent une construction l\u00e9g\u00e8re mais robuste, con\u00e7ue pour durer.<\/p>","protected":false},"featured_media":6510,"comment_status":"open","ping_status":"closed","template":"","meta":[],"product_cat":[434],"product_tag":[],"class_list":{"0":"post-6509","1":"product","2":"type-product","3":"status-publish","4":"has-post-thumbnail","6":"product_cat-desks","7":"product_shipping_class-class-4","9":"first","10":"instock","11":"taxable","12":"shipping-taxable","13":"purchasable","14":"product-type-simple"},"yoast_head":"<!-- This site is optimized with the Yoast SEO plugin v27.3 - https:\/\/yoast.com\/product\/yoast-seo-wordpress\/ -->\n<title>Luxor Adjustable-Height Presentation Workstation - Black - Ks Products<\/title>\n<meta name=\"robots\" content=\"index, follow, max-snippet:-1, max-image-preview:large, max-video-preview:-1\" \/>\n<link rel=\"canonical\" href=\"https:\/\/ksproducts.ca\/fr\/product\/luxor-poste-de-travail-de-presentation-a-hauteur-reglable-noir\/\" \/>\n<meta property=\"og:locale\" content=\"fr_CA\" \/>\n<meta property=\"og:type\" content=\"article\" \/>\n<meta property=\"og:title\" content=\"Luxor Adjustable-Height Presentation Workstation - Black - Ks Products\" \/>\n<meta property=\"og:description\" content=\"The adjustable-height presentation workstation is a flexible, multipurpose and cost-effective unit ideal for use as a small computer desk, presentation station or lectern. A standing or sitting height and four 3-in rolling casters with two locking brakes make the unit easy to relocate or stabilize. A black powder coat steel frame and wood laminate work surfaces offer lightweight yet sturdy construction that&#039;s built to last.\" \/>\n<meta property=\"og:url\" content=\"https:\/\/ksproducts.ca\/fr\/product\/luxor-poste-de-travail-de-presentation-a-hauteur-reglable-noir\/\" \/>\n<meta property=\"og:site_name\" content=\"Ks Products\" \/>\n<meta property=\"article:modified_time\" content=\"2026-02-06T20:36:14+00:00\" \/>\n<meta property=\"og:image\" content=\"https:\/\/ksproducts.ca\/wp-content\/uploads\/2023\/04\/ps3945_adjustable-height-presentation-workstation-two-tiered-gray_0-jpg.webp\" \/>\n\t<meta property=\"og:image:width\" content=\"1920\" \/>\n\t<meta property=\"og:image:height\" content=\"1920\" \/>\n\t<meta property=\"og:image:type\" content=\"image\/jpeg\" \/>\n<meta name=\"twitter:card\" content=\"summary_large_image\" \/>\n<script type=\"application\/ld+json\" class=\"yoast-schema-graph\">{\"@context\":\"https:\\\/\\\/schema.org\",\"@graph\":[{\"@type\":\"WebPage\",\"@id\":\"https:\\\/\\\/ksproducts.ca\\\/product\\\/luxor-adjustable-height-presentation-workstation-black\\\/\",\"url\":\"https:\\\/\\\/ksproducts.ca\\\/product\\\/luxor-adjustable-height-presentation-workstation-black\\\/\",\"name\":\"Luxor Adjustable-Height Presentation Workstation - Black - Ks Products\",\"isPartOf\":{\"@id\":\"https:\\\/\\\/ksproducts.ca\\\/#website\"},\"primaryImageOfPage\":{\"@id\":\"https:\\\/\\\/ksproducts.ca\\\/product\\\/luxor-adjustable-height-presentation-workstation-black\\\/#primaryimage\"},\"image\":{\"@id\":\"https:\\\/\\\/ksproducts.ca\\\/product\\\/luxor-adjustable-height-presentation-workstation-black\\\/#primaryimage\"},\"thumbnailUrl\":\"https:\\\/\\\/ksproducts.ca\\\/wp-content\\\/uploads\\\/2023\\\/04\\\/ps3945_adjustable-height-presentation-workstation-two-tiered-gray_0-jpg.webp\",\"datePublished\":\"2023-04-12T19:38:29+00:00\",\"dateModified\":\"2026-02-06T20:36:14+00:00\",\"breadcrumb\":{\"@id\":\"https:\\\/\\\/ksproducts.ca\\\/product\\\/luxor-adjustable-height-presentation-workstation-black\\\/#breadcrumb\"},\"inLanguage\":\"fr-CA\",\"potentialAction\":[{\"@type\":\"ReadAction\",\"target\":[\"https:\\\/\\\/ksproducts.ca\\\/product\\\/luxor-adjustable-height-presentation-workstation-black\\\/\"]}]},{\"@type\":\"ImageObject\",\"inLanguage\":\"fr-CA\",\"@id\":\"https:\\\/\\\/ksproducts.ca\\\/product\\\/luxor-adjustable-height-presentation-workstation-black\\\/#primaryimage\",\"url\":\"https:\\\/\\\/ksproducts.ca\\\/wp-content\\\/uploads\\\/2023\\\/04\\\/ps3945_adjustable-height-presentation-workstation-two-tiered-gray_0-jpg.webp\",\"contentUrl\":\"https:\\\/\\\/ksproducts.ca\\\/wp-content\\\/uploads\\\/2023\\\/04\\\/ps3945_adjustable-height-presentation-workstation-two-tiered-gray_0-jpg.webp\",\"width\":1920,\"height\":1920,\"caption\":\"Luxor Adjustable-Height Presentation Workstation - Black\"},{\"@type\":\"BreadcrumbList\",\"@id\":\"https:\\\/\\\/ksproducts.ca\\\/product\\\/luxor-adjustable-height-presentation-workstation-black\\\/#breadcrumb\",\"itemListElement\":[{\"@type\":\"ListItem\",\"position\":1,\"name\":\"Home\",\"item\":\"https:\\\/\\\/ksproducts.ca\\\/\"},{\"@type\":\"ListItem\",\"position\":2,\"name\":\"Shop\",\"item\":\"https:\\\/\\\/ksproducts.ca\\\/shop\\\/\"},{\"@type\":\"ListItem\",\"position\":3,\"name\":\"Luxor Adjustable-Height Presentation Workstation &#8211; Black\"}]},{\"@type\":\"WebSite\",\"@id\":\"https:\\\/\\\/ksproducts.ca\\\/#website\",\"url\":\"https:\\\/\\\/ksproducts.ca\\\/\",\"name\":\"Ks Products\",\"description\":\"Outdoor cooking and living, made easy in Canada\",\"publisher\":{\"@id\":\"https:\\\/\\\/ksproducts.ca\\\/#organization\"},\"potentialAction\":[{\"@type\":\"SearchAction\",\"target\":{\"@type\":\"EntryPoint\",\"urlTemplate\":\"https:\\\/\\\/ksproducts.ca\\\/?s={search_term_string}\"},\"query-input\":{\"@type\":\"PropertyValueSpecification\",\"valueRequired\":true,\"valueName\":\"search_term_string\"}}],\"inLanguage\":\"fr-CA\"},{\"@type\":\"Organization\",\"@id\":\"https:\\\/\\\/ksproducts.ca\\\/#organization\",\"name\":\"Ks Products\",\"url\":\"https:\\\/\\\/ksproducts.ca\\\/\",\"logo\":{\"@type\":\"ImageObject\",\"inLanguage\":\"fr-CA\",\"@id\":\"https:\\\/\\\/ksproducts.ca\\\/#\\\/schema\\\/logo\\\/image\\\/\",\"url\":\"https:\\\/\\\/ksproducts.ca\\\/wp-content\\\/uploads\\\/2023\\\/09\\\/Kennedy-Sales-Logo-header-1.png\",\"contentUrl\":\"https:\\\/\\\/ksproducts.ca\\\/wp-content\\\/uploads\\\/2023\\\/09\\\/Kennedy-Sales-Logo-header-1.png\",\"width\":150,\"height\":77,\"caption\":\"Ks Products\"},\"image\":{\"@id\":\"https:\\\/\\\/ksproducts.ca\\\/#\\\/schema\\\/logo\\\/image\\\/\"}}]}<\/script>\n<!-- \/ Yoast SEO plugin. -->","yoast_head_json":{"title":"Luxor Poste de travail de pr\u00e9sentation \u00e0 hauteur r\u00e9glable - Noir - Ks Products","robots":{"index":"index","follow":"follow","max-snippet":"max-snippet:-1","max-image-preview":"max-image-preview:large","max-video-preview":"max-video-preview:-1"},"canonical":"https:\/\/ksproducts.ca\/fr\/product\/luxor-poste-de-travail-de-presentation-a-hauteur-reglable-noir\/","og_locale":"fr_CA","og_type":"article","og_title":"Luxor Adjustable-Height Presentation Workstation - Black - Ks Products","og_description":"The adjustable-height presentation workstation is a flexible, multipurpose and cost-effective unit ideal for use as a small computer desk, presentation station or lectern. A standing or sitting height and four 3-in rolling casters with two locking brakes make the unit easy to relocate or stabilize. A black powder coat steel frame and wood laminate work surfaces offer lightweight yet sturdy construction that's built to last.","og_url":"https:\/\/ksproducts.ca\/fr\/product\/luxor-poste-de-travail-de-presentation-a-hauteur-reglable-noir\/","og_site_name":"Ks Products","article_modified_time":"2026-02-06T20:36:14+00:00","og_image":[{"width":1920,"height":1920,"url":"https:\/\/ksproducts.ca\/wp-content\/uploads\/2023\/04\/ps3945_adjustable-height-presentation-workstation-two-tiered-gray_0-jpg.webp","type":"image\/jpeg"}],"twitter_card":"summary_large_image","schema":{"@context":"https:\/\/schema.org","@graph":[{"@type":"WebPage","@id":"https:\/\/ksproducts.ca\/product\/luxor-adjustable-height-presentation-workstation-black\/","url":"https:\/\/ksproducts.ca\/product\/luxor-adjustable-height-presentation-workstation-black\/","name":"Luxor Poste de travail de pr\u00e9sentation \u00e0 hauteur r\u00e9glable - Noir - Ks Products","isPartOf":{"@id":"https:\/\/ksproducts.ca\/#website"},"primaryImageOfPage":{"@id":"https:\/\/ksproducts.ca\/product\/luxor-adjustable-height-presentation-workstation-black\/#primaryimage"},"image":{"@id":"https:\/\/ksproducts.ca\/product\/luxor-adjustable-height-presentation-workstation-black\/#primaryimage"},"thumbnailUrl":"https:\/\/ksproducts.ca\/wp-content\/uploads\/2023\/04\/ps3945_adjustable-height-presentation-workstation-two-tiered-gray_0-jpg.webp","datePublished":"2023-04-12T19:38:29+00:00","dateModified":"2026-02-06T20:36:14+00:00","breadcrumb":{"@id":"https:\/\/ksproducts.ca\/product\/luxor-adjustable-height-presentation-workstation-black\/#breadcrumb"},"inLanguage":"fr-CA","potentialAction":[{"@type":"ReadAction","target":["https:\/\/ksproducts.ca\/product\/luxor-adjustable-height-presentation-workstation-black\/"]}]},{"@type":"ImageObject","inLanguage":"fr-CA","@id":"https:\/\/ksproducts.ca\/product\/luxor-adjustable-height-presentation-workstation-black\/#primaryimage","url":"https:\/\/ksproducts.ca\/wp-content\/uploads\/2023\/04\/ps3945_adjustable-height-presentation-workstation-two-tiered-gray_0-jpg.webp","contentUrl":"https:\/\/ksproducts.ca\/wp-content\/uploads\/2023\/04\/ps3945_adjustable-height-presentation-workstation-two-tiered-gray_0-jpg.webp","width":1920,"height":1920,"caption":"Luxor Adjustable-Height Presentation Workstation - Black"},{"@type":"BreadcrumbList","@id":"https:\/\/ksproducts.ca\/product\/luxor-adjustable-height-presentation-workstation-black\/#breadcrumb","itemListElement":[{"@type":"ListItem","position":1,"name":"Home","item":"https:\/\/ksproducts.ca\/"},{"@type":"ListItem","position":2,"name":"Shop","item":"https:\/\/ksproducts.ca\/shop\/"},{"@type":"ListItem","position":3,"name":"Luxor Adjustable-Height Presentation Workstation &#8211; Black"}]},{"@type":"WebSite","@id":"https:\/\/ksproducts.ca\/#website","url":"https:\/\/ksproducts.ca\/","name":"Produits Ks","description":"Cuisiner et vivre en plein air, c'est facile au Canada","publisher":{"@id":"https:\/\/ksproducts.ca\/#organization"},"potentialAction":[{"@type":"SearchAction","target":{"@type":"EntryPoint","urlTemplate":"https:\/\/ksproducts.ca\/?s={search_term_string}"},"query-input":{"@type":"PropertyValueSpecification","valueRequired":true,"valueName":"search_term_string"}}],"inLanguage":"fr-CA"},{"@type":"Organization","@id":"https:\/\/ksproducts.ca\/#organization","name":"Produits Ks","url":"https:\/\/ksproducts.ca\/","logo":{"@type":"ImageObject","inLanguage":"fr-CA","@id":"https:\/\/ksproducts.ca\/#\/schema\/logo\/image\/","url":"https:\/\/ksproducts.ca\/wp-content\/uploads\/2023\/09\/Kennedy-Sales-Logo-header-1.png","contentUrl":"https:\/\/ksproducts.ca\/wp-content\/uploads\/2023\/09\/Kennedy-Sales-Logo-header-1.png","width":150,"height":77,"caption":"Ks Products"},"image":{"@id":"https:\/\/ksproducts.ca\/#\/schema\/logo\/image\/"}}]}},"_links":{"self":[{"href":"https:\/\/ksproducts.ca\/fr\/wp-json\/wp\/v2\/product\/6509","targetHints":{"allow":["GET"]}}],"collection":[{"href":"https:\/\/ksproducts.ca\/fr\/wp-json\/wp\/v2\/product"}],"about":[{"href":"https:\/\/ksproducts.ca\/fr\/wp-json\/wp\/v2\/types\/product"}],"replies":[{"embeddable":true,"href":"https:\/\/ksproducts.ca\/fr\/wp-json\/wp\/v2\/comments?post=6509"}],"version-history":[{"count":1,"href":"https:\/\/ksproducts.ca\/fr\/wp-json\/wp\/v2\/product\/6509\/revisions"}],"predecessor-version":[{"id":10167,"href":"https:\/\/ksproducts.ca\/fr\/wp-json\/wp\/v2\/product\/6509\/revisions\/10167"}],"wp:featuredmedia":[{"embeddable":true,"href":"https:\/\/ksproducts.ca\/fr\/wp-json\/wp\/v2\/media\/6510"}],"wp:attachment":[{"href":"https:\/\/ksproducts.ca\/fr\/wp-json\/wp\/v2\/media?parent=6509"}],"wp:term":[{"taxonomy":"product_cat","embeddable":true,"href":"https:\/\/ksproducts.ca\/fr\/wp-json\/wp\/v2\/product_cat?post=6509"},{"taxonomy":"product_tag","embeddable":true,"href":"https:\/\/ksproducts.ca\/fr\/wp-json\/wp\/v2\/product_tag?post=6509"}],"curies":[{"name":"wp","href":"https:\/\/api.w.org\/{rel}","templated":true}]}}