{"id":6512,"date":"2023-04-12T19:43:47","date_gmt":"2023-04-12T19:43:47","guid":{"rendered":"https:\/\/ksproducts.ca\/?post_type=product&#038;p=6512"},"modified":"2026-03-11T19:44:27","modified_gmt":"2026-03-11T19:44:27","slug":"luxor-40-in-mobile-presenters-station-black","status":"publish","type":"product","link":"https:\/\/ksproducts.ca\/fr\/product\/luxor-40-in-mobile-presenters-station-black\/","title":{"rendered":"Luxor 40-in Mobile Presenters Station - Noir"},"content":{"rendered":"","protected":false},"excerpt":{"rendered":"<p>Le poste de pr\u00e9sentation mobile Luxor 40 pouces combine un design simple, une construction solide et de multiples surfaces pour offrir une solution rentable pour les besoins de pr\u00e9sentation au bureau et en salle de classe. Une \u00e9tag\u00e8re inf\u00e9rieure avec un d\u00e9gagement de 19,75 pouces offre suffisamment d'espace pour les tours de PC et la deuxi\u00e8me \u00e9tag\u00e8re r\u00e9glable en hauteur sert de plateau pour le clavier, que vous soyez assis ou debout. Lorsqu'il est temps de ranger le chariot ou de l'utiliser ailleurs, quatre roulettes avec deux freins de blocage facilitent et acc\u00e9l\u00e8rent les man\u0153uvres.<\/p>","protected":false},"featured_media":6513,"comment_status":"open","ping_status":"closed","template":"","meta":[],"product_cat":[434],"product_tag":[],"class_list":{"0":"post-6512","1":"product","2":"type-product","3":"status-publish","4":"has-post-thumbnail","6":"product_cat-desks","7":"product_shipping_class-class-4","9":"first","10":"instock","11":"taxable","12":"shipping-taxable","13":"purchasable","14":"product-type-simple"},"yoast_head":"<!-- This site is optimized with the Yoast SEO plugin v27.3 - https:\/\/yoast.com\/product\/yoast-seo-wordpress\/ -->\n<title>Luxor 40-in Mobile Presenters Station - Black - Ks Products<\/title>\n<meta name=\"robots\" content=\"index, follow, max-snippet:-1, max-image-preview:large, max-video-preview:-1\" \/>\n<link rel=\"canonical\" href=\"https:\/\/ksproducts.ca\/fr\/product\/luxor-40-in-mobile-presenters-station-black\/\" \/>\n<meta property=\"og:locale\" content=\"fr_CA\" \/>\n<meta property=\"og:type\" content=\"article\" \/>\n<meta property=\"og:title\" content=\"Luxor 40-in Mobile Presenters Station - Black - Ks Products\" \/>\n<meta property=\"og:description\" content=\"The Luxor 40-in Mobile Presentation Station combines simple design, solid construction and multiple surfaces to deliver a cost-effective solution for office and classroom presentation needs. A bottom shelf with 19.75-in of clearance offers ample space for PC towers and the height-adjustable second shelf serves as a keyboard tray whether you&#039;re sitting or standing. When it\u2019s time to store or use the cart elsewhere, four rolling casters with two locking brakes make maneuvering quick and easy.\" \/>\n<meta property=\"og:url\" content=\"https:\/\/ksproducts.ca\/fr\/product\/luxor-40-in-mobile-presenters-station-black\/\" \/>\n<meta property=\"og:site_name\" content=\"Ks Products\" \/>\n<meta property=\"article:modified_time\" content=\"2026-03-11T19:44:27+00:00\" \/>\n<meta property=\"og:image\" content=\"https:\/\/ksproducts.ca\/wp-content\/uploads\/2023\/04\/ps4000_40in-mobile-presentation-station-four-shelves-gray_0-jpg.webp\" \/>\n\t<meta property=\"og:image:width\" content=\"1920\" \/>\n\t<meta property=\"og:image:height\" content=\"1920\" \/>\n\t<meta property=\"og:image:type\" content=\"image\/jpeg\" \/>\n<meta name=\"twitter:card\" content=\"summary_large_image\" \/>\n<meta name=\"twitter:label1\" content=\"Estimation du temps de lecture\" \/>\n\t<meta name=\"twitter:data1\" content=\"1 minute\" \/>\n<script type=\"application\/ld+json\" class=\"yoast-schema-graph\">{\"@context\":\"https:\\\/\\\/schema.org\",\"@graph\":[{\"@type\":\"WebPage\",\"@id\":\"https:\\\/\\\/ksproducts.ca\\\/product\\\/luxor-40-in-mobile-presenters-station-black\\\/\",\"url\":\"https:\\\/\\\/ksproducts.ca\\\/product\\\/luxor-40-in-mobile-presenters-station-black\\\/\",\"name\":\"Luxor 40-in Mobile Presenters Station - Black - Ks Products\",\"isPartOf\":{\"@id\":\"https:\\\/\\\/ksproducts.ca\\\/#website\"},\"primaryImageOfPage\":{\"@id\":\"https:\\\/\\\/ksproducts.ca\\\/product\\\/luxor-40-in-mobile-presenters-station-black\\\/#primaryimage\"},\"image\":{\"@id\":\"https:\\\/\\\/ksproducts.ca\\\/product\\\/luxor-40-in-mobile-presenters-station-black\\\/#primaryimage\"},\"thumbnailUrl\":\"https:\\\/\\\/ksproducts.ca\\\/wp-content\\\/uploads\\\/2023\\\/04\\\/ps4000_40in-mobile-presentation-station-four-shelves-gray_0-jpg.webp\",\"datePublished\":\"2023-04-12T19:43:47+00:00\",\"dateModified\":\"2026-03-11T19:44:27+00:00\",\"breadcrumb\":{\"@id\":\"https:\\\/\\\/ksproducts.ca\\\/product\\\/luxor-40-in-mobile-presenters-station-black\\\/#breadcrumb\"},\"inLanguage\":\"fr-CA\",\"potentialAction\":[{\"@type\":\"ReadAction\",\"target\":[\"https:\\\/\\\/ksproducts.ca\\\/product\\\/luxor-40-in-mobile-presenters-station-black\\\/\"]}]},{\"@type\":\"ImageObject\",\"inLanguage\":\"fr-CA\",\"@id\":\"https:\\\/\\\/ksproducts.ca\\\/product\\\/luxor-40-in-mobile-presenters-station-black\\\/#primaryimage\",\"url\":\"https:\\\/\\\/ksproducts.ca\\\/wp-content\\\/uploads\\\/2023\\\/04\\\/ps4000_40in-mobile-presentation-station-four-shelves-gray_0-jpg.webp\",\"contentUrl\":\"https:\\\/\\\/ksproducts.ca\\\/wp-content\\\/uploads\\\/2023\\\/04\\\/ps4000_40in-mobile-presentation-station-four-shelves-gray_0-jpg.webp\",\"width\":1920,\"height\":1920,\"caption\":\"Luxor 40-in Mobile Presenters Station - Black\"},{\"@type\":\"BreadcrumbList\",\"@id\":\"https:\\\/\\\/ksproducts.ca\\\/product\\\/luxor-40-in-mobile-presenters-station-black\\\/#breadcrumb\",\"itemListElement\":[{\"@type\":\"ListItem\",\"position\":1,\"name\":\"Home\",\"item\":\"https:\\\/\\\/ksproducts.ca\\\/\"},{\"@type\":\"ListItem\",\"position\":2,\"name\":\"Shop\",\"item\":\"https:\\\/\\\/ksproducts.ca\\\/shop\\\/\"},{\"@type\":\"ListItem\",\"position\":3,\"name\":\"Luxor 40-in Mobile Presenters Station &#8211; Black\"}]},{\"@type\":\"WebSite\",\"@id\":\"https:\\\/\\\/ksproducts.ca\\\/#website\",\"url\":\"https:\\\/\\\/ksproducts.ca\\\/\",\"name\":\"Ks Products\",\"description\":\"Outdoor cooking and living, made easy in Canada\",\"publisher\":{\"@id\":\"https:\\\/\\\/ksproducts.ca\\\/#organization\"},\"potentialAction\":[{\"@type\":\"SearchAction\",\"target\":{\"@type\":\"EntryPoint\",\"urlTemplate\":\"https:\\\/\\\/ksproducts.ca\\\/?s={search_term_string}\"},\"query-input\":{\"@type\":\"PropertyValueSpecification\",\"valueRequired\":true,\"valueName\":\"search_term_string\"}}],\"inLanguage\":\"fr-CA\"},{\"@type\":\"Organization\",\"@id\":\"https:\\\/\\\/ksproducts.ca\\\/#organization\",\"name\":\"Ks Products\",\"url\":\"https:\\\/\\\/ksproducts.ca\\\/\",\"logo\":{\"@type\":\"ImageObject\",\"inLanguage\":\"fr-CA\",\"@id\":\"https:\\\/\\\/ksproducts.ca\\\/#\\\/schema\\\/logo\\\/image\\\/\",\"url\":\"https:\\\/\\\/ksproducts.ca\\\/wp-content\\\/uploads\\\/2023\\\/09\\\/Kennedy-Sales-Logo-header-1.png\",\"contentUrl\":\"https:\\\/\\\/ksproducts.ca\\\/wp-content\\\/uploads\\\/2023\\\/09\\\/Kennedy-Sales-Logo-header-1.png\",\"width\":150,\"height\":77,\"caption\":\"Ks Products\"},\"image\":{\"@id\":\"https:\\\/\\\/ksproducts.ca\\\/#\\\/schema\\\/logo\\\/image\\\/\"}}]}<\/script>\n<!-- \/ Yoast SEO plugin. -->","yoast_head_json":{"title":"Luxor 40-in Mobile Presenters Station - Noir - Ks Products","robots":{"index":"index","follow":"follow","max-snippet":"max-snippet:-1","max-image-preview":"max-image-preview:large","max-video-preview":"max-video-preview:-1"},"canonical":"https:\/\/ksproducts.ca\/fr\/product\/luxor-40-in-mobile-presenters-station-black\/","og_locale":"fr_CA","og_type":"article","og_title":"Luxor 40-in Mobile Presenters Station - Black - Ks Products","og_description":"The Luxor 40-in Mobile Presentation Station combines simple design, solid construction and multiple surfaces to deliver a cost-effective solution for office and classroom presentation needs. A bottom shelf with 19.75-in of clearance offers ample space for PC towers and the height-adjustable second shelf serves as a keyboard tray whether you're sitting or standing. When it\u2019s time to store or use the cart elsewhere, four rolling casters with two locking brakes make maneuvering quick and easy.","og_url":"https:\/\/ksproducts.ca\/fr\/product\/luxor-40-in-mobile-presenters-station-black\/","og_site_name":"Ks Products","article_modified_time":"2026-03-11T19:44:27+00:00","og_image":[{"width":1920,"height":1920,"url":"https:\/\/ksproducts.ca\/wp-content\/uploads\/2023\/04\/ps4000_40in-mobile-presentation-station-four-shelves-gray_0-jpg.webp","type":"image\/jpeg"}],"twitter_card":"summary_large_image","twitter_misc":{"Estimation du temps de lecture":"1 minute"},"schema":{"@context":"https:\/\/schema.org","@graph":[{"@type":"WebPage","@id":"https:\/\/ksproducts.ca\/product\/luxor-40-in-mobile-presenters-station-black\/","url":"https:\/\/ksproducts.ca\/product\/luxor-40-in-mobile-presenters-station-black\/","name":"Luxor 40-in Mobile Presenters Station - Noir - Ks Products","isPartOf":{"@id":"https:\/\/ksproducts.ca\/#website"},"primaryImageOfPage":{"@id":"https:\/\/ksproducts.ca\/product\/luxor-40-in-mobile-presenters-station-black\/#primaryimage"},"image":{"@id":"https:\/\/ksproducts.ca\/product\/luxor-40-in-mobile-presenters-station-black\/#primaryimage"},"thumbnailUrl":"https:\/\/ksproducts.ca\/wp-content\/uploads\/2023\/04\/ps4000_40in-mobile-presentation-station-four-shelves-gray_0-jpg.webp","datePublished":"2023-04-12T19:43:47+00:00","dateModified":"2026-03-11T19:44:27+00:00","breadcrumb":{"@id":"https:\/\/ksproducts.ca\/product\/luxor-40-in-mobile-presenters-station-black\/#breadcrumb"},"inLanguage":"fr-CA","potentialAction":[{"@type":"ReadAction","target":["https:\/\/ksproducts.ca\/product\/luxor-40-in-mobile-presenters-station-black\/"]}]},{"@type":"ImageObject","inLanguage":"fr-CA","@id":"https:\/\/ksproducts.ca\/product\/luxor-40-in-mobile-presenters-station-black\/#primaryimage","url":"https:\/\/ksproducts.ca\/wp-content\/uploads\/2023\/04\/ps4000_40in-mobile-presentation-station-four-shelves-gray_0-jpg.webp","contentUrl":"https:\/\/ksproducts.ca\/wp-content\/uploads\/2023\/04\/ps4000_40in-mobile-presentation-station-four-shelves-gray_0-jpg.webp","width":1920,"height":1920,"caption":"Luxor 40-in Mobile Presenters Station - Black"},{"@type":"BreadcrumbList","@id":"https:\/\/ksproducts.ca\/product\/luxor-40-in-mobile-presenters-station-black\/#breadcrumb","itemListElement":[{"@type":"ListItem","position":1,"name":"Home","item":"https:\/\/ksproducts.ca\/"},{"@type":"ListItem","position":2,"name":"Shop","item":"https:\/\/ksproducts.ca\/shop\/"},{"@type":"ListItem","position":3,"name":"Luxor 40-in Mobile Presenters Station &#8211; Black"}]},{"@type":"WebSite","@id":"https:\/\/ksproducts.ca\/#website","url":"https:\/\/ksproducts.ca\/","name":"Produits Ks","description":"Cuisiner et vivre en plein air, c'est facile au Canada","publisher":{"@id":"https:\/\/ksproducts.ca\/#organization"},"potentialAction":[{"@type":"SearchAction","target":{"@type":"EntryPoint","urlTemplate":"https:\/\/ksproducts.ca\/?s={search_term_string}"},"query-input":{"@type":"PropertyValueSpecification","valueRequired":true,"valueName":"search_term_string"}}],"inLanguage":"fr-CA"},{"@type":"Organization","@id":"https:\/\/ksproducts.ca\/#organization","name":"Produits Ks","url":"https:\/\/ksproducts.ca\/","logo":{"@type":"ImageObject","inLanguage":"fr-CA","@id":"https:\/\/ksproducts.ca\/#\/schema\/logo\/image\/","url":"https:\/\/ksproducts.ca\/wp-content\/uploads\/2023\/09\/Kennedy-Sales-Logo-header-1.png","contentUrl":"https:\/\/ksproducts.ca\/wp-content\/uploads\/2023\/09\/Kennedy-Sales-Logo-header-1.png","width":150,"height":77,"caption":"Ks Products"},"image":{"@id":"https:\/\/ksproducts.ca\/#\/schema\/logo\/image\/"}}]}},"_links":{"self":[{"href":"https:\/\/ksproducts.ca\/fr\/wp-json\/wp\/v2\/product\/6512","targetHints":{"allow":["GET"]}}],"collection":[{"href":"https:\/\/ksproducts.ca\/fr\/wp-json\/wp\/v2\/product"}],"about":[{"href":"https:\/\/ksproducts.ca\/fr\/wp-json\/wp\/v2\/types\/product"}],"replies":[{"embeddable":true,"href":"https:\/\/ksproducts.ca\/fr\/wp-json\/wp\/v2\/comments?post=6512"}],"version-history":[{"count":1,"href":"https:\/\/ksproducts.ca\/fr\/wp-json\/wp\/v2\/product\/6512\/revisions"}],"predecessor-version":[{"id":10168,"href":"https:\/\/ksproducts.ca\/fr\/wp-json\/wp\/v2\/product\/6512\/revisions\/10168"}],"wp:featuredmedia":[{"embeddable":true,"href":"https:\/\/ksproducts.ca\/fr\/wp-json\/wp\/v2\/media\/6513"}],"wp:attachment":[{"href":"https:\/\/ksproducts.ca\/fr\/wp-json\/wp\/v2\/media?parent=6512"}],"wp:term":[{"taxonomy":"product_cat","embeddable":true,"href":"https:\/\/ksproducts.ca\/fr\/wp-json\/wp\/v2\/product_cat?post=6512"},{"taxonomy":"product_tag","embeddable":true,"href":"https:\/\/ksproducts.ca\/fr\/wp-json\/wp\/v2\/product_tag?post=6512"}],"curies":[{"name":"wp","href":"https:\/\/api.w.org\/{rel}","templated":true}]}}