{"id":6557,"date":"2023-04-17T17:47:33","date_gmt":"2023-04-17T17:47:33","guid":{"rendered":"https:\/\/ksproducts.ca\/?post_type=product&#038;p=6557"},"modified":"2026-04-10T21:34:23","modified_gmt":"2026-04-10T21:34:23","slug":"luxor-40-in-single-column-crank-up-stand-desk-gray","status":"publish","type":"product","link":"https:\/\/ksproducts.ca\/fr\/product\/luxor-40-in-single-column-crank-stand-up-desk-gray\/","title":{"rendered":"Luxor Bureau debout \u00e0 manivelle \u00e0 colonne unique de 40 pouces - Gris"},"content":{"rendered":"<p>Le bureau debout \u00e0 manivelle monocolonne Luxor est un poste de travail ergonomique qui favorise une meilleure productivit\u00e9 \u00e0 un co\u00fbt extr\u00eamement bas. Sa manivelle permet de r\u00e9gler facilement la hauteur du bureau avec un minimum d'effort. Mobile et facile \u00e0 man\u0153uvrer, la colonne unique r\u00e9duit son encombrement tout en offrant une surface spacieuse pour travailler.<\/p>","protected":false},"excerpt":{"rendered":"<p>Le bureau debout \u00e0 manivelle monocolonne Luxor est un poste de travail ergonomique qui favorise une meilleure productivit\u00e9 \u00e0 un co\u00fbt extr\u00eamement bas. Sa manivelle permet d'ajuster facilement la hauteur du bureau \u00e0 l'aide d'un levier.<\/p>","protected":false},"featured_media":6558,"comment_status":"open","ping_status":"closed","template":"","meta":[],"product_cat":[434],"product_tag":[],"class_list":{"0":"post-6557","1":"product","2":"type-product","3":"status-publish","4":"has-post-thumbnail","6":"product_cat-desks","7":"product_shipping_class-class-4","9":"first","10":"instock","11":"taxable","12":"shipping-taxable","13":"purchasable","14":"product-type-simple"},"yoast_head":"<!-- This site is optimized with the Yoast SEO plugin v27.3 - https:\/\/yoast.com\/product\/yoast-seo-wordpress\/ -->\n<title>Luxor 40-in Single-Column Crank Stand Up Desk - Gray - Ks Products<\/title>\n<meta name=\"robots\" content=\"index, follow, max-snippet:-1, max-image-preview:large, max-video-preview:-1\" \/>\n<link rel=\"canonical\" href=\"https:\/\/ksproducts.ca\/fr\/product\/luxor-40-in-single-column-crank-up-stand-desk-gray\/\" \/>\n<meta property=\"og:locale\" content=\"fr_CA\" \/>\n<meta property=\"og:type\" content=\"article\" \/>\n<meta property=\"og:title\" content=\"Luxor 40-in Single-Column Crank Stand Up Desk - Gray - Ks Products\" \/>\n<meta property=\"og:description\" content=\"The Luxor single-column crank stand-up desk is an ergonomic workstation that fosters greater productivity at an extremely low cost. Its turn-handle crank easily adjusts the height of the desk with\" \/>\n<meta property=\"og:url\" content=\"https:\/\/ksproducts.ca\/fr\/product\/luxor-40-in-single-column-crank-up-stand-desk-gray\/\" \/>\n<meta property=\"og:site_name\" content=\"Ks Products\" \/>\n<meta property=\"article:modified_time\" content=\"2026-04-10T21:34:23+00:00\" \/>\n<meta property=\"og:image\" content=\"https:\/\/ksproducts.ca\/wp-content\/uploads\/2023\/04\/standup-sc40-wb_40in-single-column-crank-stand-up-desk-white-frame-black-top-angled-propped-raised_0-jpg.webp\" \/>\n\t<meta property=\"og:image:width\" content=\"1920\" \/>\n\t<meta property=\"og:image:height\" content=\"1920\" \/>\n\t<meta property=\"og:image:type\" content=\"image\/jpeg\" \/>\n<meta name=\"twitter:card\" content=\"summary_large_image\" \/>\n<meta name=\"twitter:label1\" content=\"Estimation du temps de lecture\" \/>\n\t<meta name=\"twitter:data1\" content=\"1 minute\" \/>\n<script type=\"application\/ld+json\" class=\"yoast-schema-graph\">{\"@context\":\"https:\\\/\\\/schema.org\",\"@graph\":[{\"@type\":\"WebPage\",\"@id\":\"https:\\\/\\\/ksproducts.ca\\\/product\\\/luxor-40-in-single-column-crank-stand-up-desk-gray\\\/\",\"url\":\"https:\\\/\\\/ksproducts.ca\\\/product\\\/luxor-40-in-single-column-crank-stand-up-desk-gray\\\/\",\"name\":\"Luxor 40-in Single-Column Crank Stand Up Desk - Gray - Ks Products\",\"isPartOf\":{\"@id\":\"https:\\\/\\\/ksproducts.ca\\\/#website\"},\"primaryImageOfPage\":{\"@id\":\"https:\\\/\\\/ksproducts.ca\\\/product\\\/luxor-40-in-single-column-crank-stand-up-desk-gray\\\/#primaryimage\"},\"image\":{\"@id\":\"https:\\\/\\\/ksproducts.ca\\\/product\\\/luxor-40-in-single-column-crank-stand-up-desk-gray\\\/#primaryimage\"},\"thumbnailUrl\":\"https:\\\/\\\/ksproducts.ca\\\/wp-content\\\/uploads\\\/2023\\\/04\\\/standup-sc40-wb_40in-single-column-crank-stand-up-desk-white-frame-black-top-angled-propped-raised_0-jpg.webp\",\"datePublished\":\"2023-04-17T17:47:33+00:00\",\"dateModified\":\"2026-04-10T21:34:23+00:00\",\"breadcrumb\":{\"@id\":\"https:\\\/\\\/ksproducts.ca\\\/product\\\/luxor-40-in-single-column-crank-stand-up-desk-gray\\\/#breadcrumb\"},\"inLanguage\":\"fr-CA\",\"potentialAction\":[{\"@type\":\"ReadAction\",\"target\":[\"https:\\\/\\\/ksproducts.ca\\\/product\\\/luxor-40-in-single-column-crank-stand-up-desk-gray\\\/\"]}]},{\"@type\":\"ImageObject\",\"inLanguage\":\"fr-CA\",\"@id\":\"https:\\\/\\\/ksproducts.ca\\\/product\\\/luxor-40-in-single-column-crank-stand-up-desk-gray\\\/#primaryimage\",\"url\":\"https:\\\/\\\/ksproducts.ca\\\/wp-content\\\/uploads\\\/2023\\\/04\\\/standup-sc40-wb_40in-single-column-crank-stand-up-desk-white-frame-black-top-angled-propped-raised_0-jpg.webp\",\"contentUrl\":\"https:\\\/\\\/ksproducts.ca\\\/wp-content\\\/uploads\\\/2023\\\/04\\\/standup-sc40-wb_40in-single-column-crank-stand-up-desk-white-frame-black-top-angled-propped-raised_0-jpg.webp\",\"width\":1920,\"height\":1920,\"caption\":\"Luxor 29.4-in Three-shelf Adjustable Stand Up Workstation - Gray\"},{\"@type\":\"BreadcrumbList\",\"@id\":\"https:\\\/\\\/ksproducts.ca\\\/product\\\/luxor-40-in-single-column-crank-stand-up-desk-gray\\\/#breadcrumb\",\"itemListElement\":[{\"@type\":\"ListItem\",\"position\":1,\"name\":\"Home\",\"item\":\"https:\\\/\\\/ksproducts.ca\\\/\"},{\"@type\":\"ListItem\",\"position\":2,\"name\":\"Shop\",\"item\":\"https:\\\/\\\/ksproducts.ca\\\/shop\\\/\"},{\"@type\":\"ListItem\",\"position\":3,\"name\":\"Luxor 40-in Single-Column Crank Stand Up Desk &#8211; Gray\"}]},{\"@type\":\"WebSite\",\"@id\":\"https:\\\/\\\/ksproducts.ca\\\/#website\",\"url\":\"https:\\\/\\\/ksproducts.ca\\\/\",\"name\":\"Ks Products\",\"description\":\"Outdoor cooking and living, made easy in Canada\",\"publisher\":{\"@id\":\"https:\\\/\\\/ksproducts.ca\\\/#organization\"},\"potentialAction\":[{\"@type\":\"SearchAction\",\"target\":{\"@type\":\"EntryPoint\",\"urlTemplate\":\"https:\\\/\\\/ksproducts.ca\\\/?s={search_term_string}\"},\"query-input\":{\"@type\":\"PropertyValueSpecification\",\"valueRequired\":true,\"valueName\":\"search_term_string\"}}],\"inLanguage\":\"fr-CA\"},{\"@type\":\"Organization\",\"@id\":\"https:\\\/\\\/ksproducts.ca\\\/#organization\",\"name\":\"Ks Products\",\"url\":\"https:\\\/\\\/ksproducts.ca\\\/\",\"logo\":{\"@type\":\"ImageObject\",\"inLanguage\":\"fr-CA\",\"@id\":\"https:\\\/\\\/ksproducts.ca\\\/#\\\/schema\\\/logo\\\/image\\\/\",\"url\":\"https:\\\/\\\/ksproducts.ca\\\/wp-content\\\/uploads\\\/2023\\\/09\\\/Kennedy-Sales-Logo-header-1.png\",\"contentUrl\":\"https:\\\/\\\/ksproducts.ca\\\/wp-content\\\/uploads\\\/2023\\\/09\\\/Kennedy-Sales-Logo-header-1.png\",\"width\":150,\"height\":77,\"caption\":\"Ks Products\"},\"image\":{\"@id\":\"https:\\\/\\\/ksproducts.ca\\\/#\\\/schema\\\/logo\\\/image\\\/\"}}]}<\/script>\n<!-- \/ Yoast SEO plugin. -->","yoast_head_json":{"title":"Luxor Bureau debout \u00e0 manivelle \u00e0 colonne unique de 40 pouces - Gris - Ks Products","robots":{"index":"index","follow":"follow","max-snippet":"max-snippet:-1","max-image-preview":"max-image-preview:large","max-video-preview":"max-video-preview:-1"},"canonical":"https:\/\/ksproducts.ca\/fr\/product\/luxor-40-in-single-column-crank-up-stand-desk-gray\/","og_locale":"fr_CA","og_type":"article","og_title":"Luxor 40-in Single-Column Crank Stand Up Desk - Gray - Ks Products","og_description":"The Luxor single-column crank stand-up desk is an ergonomic workstation that fosters greater productivity at an extremely low cost. Its turn-handle crank easily adjusts the height of the desk with","og_url":"https:\/\/ksproducts.ca\/fr\/product\/luxor-40-in-single-column-crank-up-stand-desk-gray\/","og_site_name":"Ks Products","article_modified_time":"2026-04-10T21:34:23+00:00","og_image":[{"width":1920,"height":1920,"url":"https:\/\/ksproducts.ca\/wp-content\/uploads\/2023\/04\/standup-sc40-wb_40in-single-column-crank-stand-up-desk-white-frame-black-top-angled-propped-raised_0-jpg.webp","type":"image\/jpeg"}],"twitter_card":"summary_large_image","twitter_misc":{"Estimation du temps de lecture":"1 minute"},"schema":{"@context":"https:\/\/schema.org","@graph":[{"@type":"WebPage","@id":"https:\/\/ksproducts.ca\/product\/luxor-40-in-single-column-crank-stand-up-desk-gray\/","url":"https:\/\/ksproducts.ca\/product\/luxor-40-in-single-column-crank-stand-up-desk-gray\/","name":"Luxor Bureau debout \u00e0 manivelle \u00e0 colonne unique de 40 pouces - Gris - Ks Products","isPartOf":{"@id":"https:\/\/ksproducts.ca\/#website"},"primaryImageOfPage":{"@id":"https:\/\/ksproducts.ca\/product\/luxor-40-in-single-column-crank-stand-up-desk-gray\/#primaryimage"},"image":{"@id":"https:\/\/ksproducts.ca\/product\/luxor-40-in-single-column-crank-stand-up-desk-gray\/#primaryimage"},"thumbnailUrl":"https:\/\/ksproducts.ca\/wp-content\/uploads\/2023\/04\/standup-sc40-wb_40in-single-column-crank-stand-up-desk-white-frame-black-top-angled-propped-raised_0-jpg.webp","datePublished":"2023-04-17T17:47:33+00:00","dateModified":"2026-04-10T21:34:23+00:00","breadcrumb":{"@id":"https:\/\/ksproducts.ca\/product\/luxor-40-in-single-column-crank-stand-up-desk-gray\/#breadcrumb"},"inLanguage":"fr-CA","potentialAction":[{"@type":"ReadAction","target":["https:\/\/ksproducts.ca\/product\/luxor-40-in-single-column-crank-stand-up-desk-gray\/"]}]},{"@type":"ImageObject","inLanguage":"fr-CA","@id":"https:\/\/ksproducts.ca\/product\/luxor-40-in-single-column-crank-stand-up-desk-gray\/#primaryimage","url":"https:\/\/ksproducts.ca\/wp-content\/uploads\/2023\/04\/standup-sc40-wb_40in-single-column-crank-stand-up-desk-white-frame-black-top-angled-propped-raised_0-jpg.webp","contentUrl":"https:\/\/ksproducts.ca\/wp-content\/uploads\/2023\/04\/standup-sc40-wb_40in-single-column-crank-stand-up-desk-white-frame-black-top-angled-propped-raised_0-jpg.webp","width":1920,"height":1920,"caption":"Luxor 29.4-in Three-shelf Adjustable Stand Up Workstation - Gray"},{"@type":"BreadcrumbList","@id":"https:\/\/ksproducts.ca\/product\/luxor-40-in-single-column-crank-stand-up-desk-gray\/#breadcrumb","itemListElement":[{"@type":"ListItem","position":1,"name":"Home","item":"https:\/\/ksproducts.ca\/"},{"@type":"ListItem","position":2,"name":"Shop","item":"https:\/\/ksproducts.ca\/shop\/"},{"@type":"ListItem","position":3,"name":"Luxor 40-in Single-Column Crank Stand Up Desk &#8211; Gray"}]},{"@type":"WebSite","@id":"https:\/\/ksproducts.ca\/#website","url":"https:\/\/ksproducts.ca\/","name":"Produits Ks","description":"Cuisiner et vivre en plein air, c'est facile au Canada","publisher":{"@id":"https:\/\/ksproducts.ca\/#organization"},"potentialAction":[{"@type":"SearchAction","target":{"@type":"EntryPoint","urlTemplate":"https:\/\/ksproducts.ca\/?s={search_term_string}"},"query-input":{"@type":"PropertyValueSpecification","valueRequired":true,"valueName":"search_term_string"}}],"inLanguage":"fr-CA"},{"@type":"Organization","@id":"https:\/\/ksproducts.ca\/#organization","name":"Produits Ks","url":"https:\/\/ksproducts.ca\/","logo":{"@type":"ImageObject","inLanguage":"fr-CA","@id":"https:\/\/ksproducts.ca\/#\/schema\/logo\/image\/","url":"https:\/\/ksproducts.ca\/wp-content\/uploads\/2023\/09\/Kennedy-Sales-Logo-header-1.png","contentUrl":"https:\/\/ksproducts.ca\/wp-content\/uploads\/2023\/09\/Kennedy-Sales-Logo-header-1.png","width":150,"height":77,"caption":"Ks Products"},"image":{"@id":"https:\/\/ksproducts.ca\/#\/schema\/logo\/image\/"}}]}},"_links":{"self":[{"href":"https:\/\/ksproducts.ca\/fr\/wp-json\/wp\/v2\/product\/6557","targetHints":{"allow":["GET"]}}],"collection":[{"href":"https:\/\/ksproducts.ca\/fr\/wp-json\/wp\/v2\/product"}],"about":[{"href":"https:\/\/ksproducts.ca\/fr\/wp-json\/wp\/v2\/types\/product"}],"replies":[{"embeddable":true,"href":"https:\/\/ksproducts.ca\/fr\/wp-json\/wp\/v2\/comments?post=6557"}],"version-history":[{"count":1,"href":"https:\/\/ksproducts.ca\/fr\/wp-json\/wp\/v2\/product\/6557\/revisions"}],"predecessor-version":[{"id":10228,"href":"https:\/\/ksproducts.ca\/fr\/wp-json\/wp\/v2\/product\/6557\/revisions\/10228"}],"wp:featuredmedia":[{"embeddable":true,"href":"https:\/\/ksproducts.ca\/fr\/wp-json\/wp\/v2\/media\/6558"}],"wp:attachment":[{"href":"https:\/\/ksproducts.ca\/fr\/wp-json\/wp\/v2\/media?parent=6557"}],"wp:term":[{"taxonomy":"product_cat","embeddable":true,"href":"https:\/\/ksproducts.ca\/fr\/wp-json\/wp\/v2\/product_cat?post=6557"},{"taxonomy":"product_tag","embeddable":true,"href":"https:\/\/ksproducts.ca\/fr\/wp-json\/wp\/v2\/product_tag?post=6557"}],"curies":[{"name":"wp","href":"https:\/\/api.w.org\/{rel}","templated":true}]}}