{"id":6562,"date":"2023-04-17T17:54:00","date_gmt":"2023-04-17T17:54:00","guid":{"rendered":"https:\/\/ksproducts.ca\/?post_type=product&#038;p=6562"},"modified":"2026-03-02T19:02:45","modified_gmt":"2026-03-02T19:02:45","slug":"luxor-29-4-in-three-shelf-adjustable-stand-up-workstation-gray","status":"publish","type":"product","link":"https:\/\/ksproducts.ca\/fr\/product\/luxor-29-4-in-three-shelf-adjustable-stand-up-workstation-gray\/","title":{"rendered":"Luxor 29.4-in Three-shelf Adjustable Stand Up Workstation - Gris"},"content":{"rendered":"<p>Les entreprises \u00e0 la recherche d'outils qui am\u00e9liorent la collaboration, la cr\u00e9ativit\u00e9 et la sant\u00e9 des employ\u00e9s peuvent se tourner vers le poste de travail debout r\u00e9glable \u00e0 trois \u00e9tag\u00e8res. Ce bureau debout compact s'adapte \u00e0 tous les environnements et ses quatre roulettes - dont deux avec freins de blocage - facilitent la mobilit\u00e9 et la stabilit\u00e9. Avec un large \u00e9ventail d'options de hauteur (34,5-45,5 pouces par incr\u00e9ments de 1 pouce) et une tablette pour clavier sur un rail roulant, ce poste de travail debout r\u00e9pond \u00e0 une grande vari\u00e9t\u00e9 de besoins.<\/p>","protected":false},"excerpt":{"rendered":"<p>Les entreprises \u00e0 la recherche d'outils pour am\u00e9liorer la collaboration, la cr\u00e9ativit\u00e9 et la sant\u00e9 des employ\u00e9s peuvent se tourner vers le poste de travail debout r\u00e9glable \u00e0 trois \u00e9tag\u00e8res. Ce bureau debout compact s'adapte \u00e0 tous les environnements,<\/p>","protected":false},"featured_media":6563,"comment_status":"open","ping_status":"closed","template":"","meta":[],"product_cat":[434],"product_tag":[],"class_list":{"0":"post-6562","1":"product","2":"type-product","3":"status-publish","4":"has-post-thumbnail","6":"product_cat-desks","7":"product_shipping_class-class-4","9":"first","10":"instock","11":"taxable","12":"shipping-taxable","13":"purchasable","14":"product-type-simple"},"yoast_head":"<!-- This site is optimized with the Yoast SEO plugin v27.3 - https:\/\/yoast.com\/product\/yoast-seo-wordpress\/ -->\n<title>Luxor 29.4-in Three-shelf Adjustable Stand Up Workstation - Gray - Ks Products<\/title>\n<meta name=\"robots\" content=\"index, follow, max-snippet:-1, max-image-preview:large, max-video-preview:-1\" \/>\n<link rel=\"canonical\" href=\"https:\/\/ksproducts.ca\/fr\/product\/luxor-29-4-in-three-shelf-adjustable-stand-up-workstation-gray\/\" \/>\n<meta property=\"og:locale\" content=\"fr_CA\" \/>\n<meta property=\"og:type\" content=\"article\" \/>\n<meta property=\"og:title\" content=\"Luxor 29.4-in Three-shelf Adjustable Stand Up Workstation - Gray - Ks Products\" \/>\n<meta property=\"og:description\" content=\"Workplaces seeking tools that enhance collaboration, increase creativity and improve employee health can look no further than the three-shelf adjustable stand-up workstation. This compact standing desk fits into any environment,\" \/>\n<meta property=\"og:url\" content=\"https:\/\/ksproducts.ca\/fr\/product\/luxor-29-4-in-three-shelf-adjustable-stand-up-workstation-gray\/\" \/>\n<meta property=\"og:site_name\" content=\"Ks Products\" \/>\n<meta property=\"article:modified_time\" content=\"2026-03-02T19:02:45+00:00\" \/>\n<meta property=\"og:image\" content=\"https:\/\/ksproducts.ca\/wp-content\/uploads\/2023\/04\/stand-ws30_adjustable-stand-up-workstation-three-shelf-black-shelf-white-frame-angled-raised_0-jpg.webp\" \/>\n\t<meta property=\"og:image:width\" content=\"1920\" \/>\n\t<meta property=\"og:image:height\" content=\"1920\" \/>\n\t<meta property=\"og:image:type\" content=\"image\/jpeg\" \/>\n<meta name=\"twitter:card\" content=\"summary_large_image\" \/>\n<meta name=\"twitter:label1\" content=\"Estimation du temps de lecture\" \/>\n\t<meta name=\"twitter:data1\" content=\"1 minute\" \/>\n<script type=\"application\/ld+json\" class=\"yoast-schema-graph\">{\"@context\":\"https:\\\/\\\/schema.org\",\"@graph\":[{\"@type\":\"WebPage\",\"@id\":\"https:\\\/\\\/ksproducts.ca\\\/product\\\/luxor-29-4-in-three-shelf-adjustable-stand-up-workstation-gray\\\/\",\"url\":\"https:\\\/\\\/ksproducts.ca\\\/product\\\/luxor-29-4-in-three-shelf-adjustable-stand-up-workstation-gray\\\/\",\"name\":\"Luxor 29.4-in Three-shelf Adjustable Stand Up Workstation - Gray - Ks Products\",\"isPartOf\":{\"@id\":\"https:\\\/\\\/ksproducts.ca\\\/#website\"},\"primaryImageOfPage\":{\"@id\":\"https:\\\/\\\/ksproducts.ca\\\/product\\\/luxor-29-4-in-three-shelf-adjustable-stand-up-workstation-gray\\\/#primaryimage\"},\"image\":{\"@id\":\"https:\\\/\\\/ksproducts.ca\\\/product\\\/luxor-29-4-in-three-shelf-adjustable-stand-up-workstation-gray\\\/#primaryimage\"},\"thumbnailUrl\":\"https:\\\/\\\/ksproducts.ca\\\/wp-content\\\/uploads\\\/2023\\\/04\\\/stand-ws30_adjustable-stand-up-workstation-three-shelf-black-shelf-white-frame-angled-raised_0-jpg.webp\",\"datePublished\":\"2023-04-17T17:54:00+00:00\",\"dateModified\":\"2026-03-02T19:02:45+00:00\",\"breadcrumb\":{\"@id\":\"https:\\\/\\\/ksproducts.ca\\\/product\\\/luxor-29-4-in-three-shelf-adjustable-stand-up-workstation-gray\\\/#breadcrumb\"},\"inLanguage\":\"fr-CA\",\"potentialAction\":[{\"@type\":\"ReadAction\",\"target\":[\"https:\\\/\\\/ksproducts.ca\\\/product\\\/luxor-29-4-in-three-shelf-adjustable-stand-up-workstation-gray\\\/\"]}]},{\"@type\":\"ImageObject\",\"inLanguage\":\"fr-CA\",\"@id\":\"https:\\\/\\\/ksproducts.ca\\\/product\\\/luxor-29-4-in-three-shelf-adjustable-stand-up-workstation-gray\\\/#primaryimage\",\"url\":\"https:\\\/\\\/ksproducts.ca\\\/wp-content\\\/uploads\\\/2023\\\/04\\\/stand-ws30_adjustable-stand-up-workstation-three-shelf-black-shelf-white-frame-angled-raised_0-jpg.webp\",\"contentUrl\":\"https:\\\/\\\/ksproducts.ca\\\/wp-content\\\/uploads\\\/2023\\\/04\\\/stand-ws30_adjustable-stand-up-workstation-three-shelf-black-shelf-white-frame-angled-raised_0-jpg.webp\",\"width\":1920,\"height\":1920,\"caption\":\"Luxor 29.4-in Three-shelf Adjustable Stand Up Workstation - Gray\"},{\"@type\":\"BreadcrumbList\",\"@id\":\"https:\\\/\\\/ksproducts.ca\\\/product\\\/luxor-29-4-in-three-shelf-adjustable-stand-up-workstation-gray\\\/#breadcrumb\",\"itemListElement\":[{\"@type\":\"ListItem\",\"position\":1,\"name\":\"Home\",\"item\":\"https:\\\/\\\/ksproducts.ca\\\/\"},{\"@type\":\"ListItem\",\"position\":2,\"name\":\"Shop\",\"item\":\"https:\\\/\\\/ksproducts.ca\\\/shop\\\/\"},{\"@type\":\"ListItem\",\"position\":3,\"name\":\"Luxor 29.4-in Three-shelf Adjustable Stand Up Workstation &#8211; Gray\"}]},{\"@type\":\"WebSite\",\"@id\":\"https:\\\/\\\/ksproducts.ca\\\/#website\",\"url\":\"https:\\\/\\\/ksproducts.ca\\\/\",\"name\":\"Ks Products\",\"description\":\"Outdoor cooking and living, made easy in Canada\",\"publisher\":{\"@id\":\"https:\\\/\\\/ksproducts.ca\\\/#organization\"},\"potentialAction\":[{\"@type\":\"SearchAction\",\"target\":{\"@type\":\"EntryPoint\",\"urlTemplate\":\"https:\\\/\\\/ksproducts.ca\\\/?s={search_term_string}\"},\"query-input\":{\"@type\":\"PropertyValueSpecification\",\"valueRequired\":true,\"valueName\":\"search_term_string\"}}],\"inLanguage\":\"fr-CA\"},{\"@type\":\"Organization\",\"@id\":\"https:\\\/\\\/ksproducts.ca\\\/#organization\",\"name\":\"Ks Products\",\"url\":\"https:\\\/\\\/ksproducts.ca\\\/\",\"logo\":{\"@type\":\"ImageObject\",\"inLanguage\":\"fr-CA\",\"@id\":\"https:\\\/\\\/ksproducts.ca\\\/#\\\/schema\\\/logo\\\/image\\\/\",\"url\":\"https:\\\/\\\/ksproducts.ca\\\/wp-content\\\/uploads\\\/2023\\\/09\\\/Kennedy-Sales-Logo-header-1.png\",\"contentUrl\":\"https:\\\/\\\/ksproducts.ca\\\/wp-content\\\/uploads\\\/2023\\\/09\\\/Kennedy-Sales-Logo-header-1.png\",\"width\":150,\"height\":77,\"caption\":\"Ks Products\"},\"image\":{\"@id\":\"https:\\\/\\\/ksproducts.ca\\\/#\\\/schema\\\/logo\\\/image\\\/\"}}]}<\/script>\n<!-- \/ Yoast SEO plugin. -->","yoast_head_json":{"title":"Luxor 29.4-in Three-shelf Adjustable Stand Up Workstation - Gray - Ks Products","robots":{"index":"index","follow":"follow","max-snippet":"max-snippet:-1","max-image-preview":"max-image-preview:large","max-video-preview":"max-video-preview:-1"},"canonical":"https:\/\/ksproducts.ca\/fr\/product\/luxor-29-4-in-three-shelf-adjustable-stand-up-workstation-gray\/","og_locale":"fr_CA","og_type":"article","og_title":"Luxor 29.4-in Three-shelf Adjustable Stand Up Workstation - Gray - Ks Products","og_description":"Workplaces seeking tools that enhance collaboration, increase creativity and improve employee health can look no further than the three-shelf adjustable stand-up workstation. This compact standing desk fits into any environment,","og_url":"https:\/\/ksproducts.ca\/fr\/product\/luxor-29-4-in-three-shelf-adjustable-stand-up-workstation-gray\/","og_site_name":"Ks Products","article_modified_time":"2026-03-02T19:02:45+00:00","og_image":[{"width":1920,"height":1920,"url":"https:\/\/ksproducts.ca\/wp-content\/uploads\/2023\/04\/stand-ws30_adjustable-stand-up-workstation-three-shelf-black-shelf-white-frame-angled-raised_0-jpg.webp","type":"image\/jpeg"}],"twitter_card":"summary_large_image","twitter_misc":{"Estimation du temps de lecture":"1 minute"},"schema":{"@context":"https:\/\/schema.org","@graph":[{"@type":"WebPage","@id":"https:\/\/ksproducts.ca\/product\/luxor-29-4-in-three-shelf-adjustable-stand-up-workstation-gray\/","url":"https:\/\/ksproducts.ca\/product\/luxor-29-4-in-three-shelf-adjustable-stand-up-workstation-gray\/","name":"Luxor 29.4-in Three-shelf Adjustable Stand Up Workstation - Gray - Ks Products","isPartOf":{"@id":"https:\/\/ksproducts.ca\/#website"},"primaryImageOfPage":{"@id":"https:\/\/ksproducts.ca\/product\/luxor-29-4-in-three-shelf-adjustable-stand-up-workstation-gray\/#primaryimage"},"image":{"@id":"https:\/\/ksproducts.ca\/product\/luxor-29-4-in-three-shelf-adjustable-stand-up-workstation-gray\/#primaryimage"},"thumbnailUrl":"https:\/\/ksproducts.ca\/wp-content\/uploads\/2023\/04\/stand-ws30_adjustable-stand-up-workstation-three-shelf-black-shelf-white-frame-angled-raised_0-jpg.webp","datePublished":"2023-04-17T17:54:00+00:00","dateModified":"2026-03-02T19:02:45+00:00","breadcrumb":{"@id":"https:\/\/ksproducts.ca\/product\/luxor-29-4-in-three-shelf-adjustable-stand-up-workstation-gray\/#breadcrumb"},"inLanguage":"fr-CA","potentialAction":[{"@type":"ReadAction","target":["https:\/\/ksproducts.ca\/product\/luxor-29-4-in-three-shelf-adjustable-stand-up-workstation-gray\/"]}]},{"@type":"ImageObject","inLanguage":"fr-CA","@id":"https:\/\/ksproducts.ca\/product\/luxor-29-4-in-three-shelf-adjustable-stand-up-workstation-gray\/#primaryimage","url":"https:\/\/ksproducts.ca\/wp-content\/uploads\/2023\/04\/stand-ws30_adjustable-stand-up-workstation-three-shelf-black-shelf-white-frame-angled-raised_0-jpg.webp","contentUrl":"https:\/\/ksproducts.ca\/wp-content\/uploads\/2023\/04\/stand-ws30_adjustable-stand-up-workstation-three-shelf-black-shelf-white-frame-angled-raised_0-jpg.webp","width":1920,"height":1920,"caption":"Luxor 29.4-in Three-shelf Adjustable Stand Up Workstation - Gray"},{"@type":"BreadcrumbList","@id":"https:\/\/ksproducts.ca\/product\/luxor-29-4-in-three-shelf-adjustable-stand-up-workstation-gray\/#breadcrumb","itemListElement":[{"@type":"ListItem","position":1,"name":"Home","item":"https:\/\/ksproducts.ca\/"},{"@type":"ListItem","position":2,"name":"Shop","item":"https:\/\/ksproducts.ca\/shop\/"},{"@type":"ListItem","position":3,"name":"Luxor 29.4-in Three-shelf Adjustable Stand Up Workstation &#8211; Gray"}]},{"@type":"WebSite","@id":"https:\/\/ksproducts.ca\/#website","url":"https:\/\/ksproducts.ca\/","name":"Produits Ks","description":"Cuisiner et vivre en plein air, c'est facile au Canada","publisher":{"@id":"https:\/\/ksproducts.ca\/#organization"},"potentialAction":[{"@type":"SearchAction","target":{"@type":"EntryPoint","urlTemplate":"https:\/\/ksproducts.ca\/?s={search_term_string}"},"query-input":{"@type":"PropertyValueSpecification","valueRequired":true,"valueName":"search_term_string"}}],"inLanguage":"fr-CA"},{"@type":"Organization","@id":"https:\/\/ksproducts.ca\/#organization","name":"Produits Ks","url":"https:\/\/ksproducts.ca\/","logo":{"@type":"ImageObject","inLanguage":"fr-CA","@id":"https:\/\/ksproducts.ca\/#\/schema\/logo\/image\/","url":"https:\/\/ksproducts.ca\/wp-content\/uploads\/2023\/09\/Kennedy-Sales-Logo-header-1.png","contentUrl":"https:\/\/ksproducts.ca\/wp-content\/uploads\/2023\/09\/Kennedy-Sales-Logo-header-1.png","width":150,"height":77,"caption":"Ks Products"},"image":{"@id":"https:\/\/ksproducts.ca\/#\/schema\/logo\/image\/"}}]}},"_links":{"self":[{"href":"https:\/\/ksproducts.ca\/fr\/wp-json\/wp\/v2\/product\/6562","targetHints":{"allow":["GET"]}}],"collection":[{"href":"https:\/\/ksproducts.ca\/fr\/wp-json\/wp\/v2\/product"}],"about":[{"href":"https:\/\/ksproducts.ca\/fr\/wp-json\/wp\/v2\/types\/product"}],"replies":[{"embeddable":true,"href":"https:\/\/ksproducts.ca\/fr\/wp-json\/wp\/v2\/comments?post=6562"}],"version-history":[{"count":1,"href":"https:\/\/ksproducts.ca\/fr\/wp-json\/wp\/v2\/product\/6562\/revisions"}],"predecessor-version":[{"id":9871,"href":"https:\/\/ksproducts.ca\/fr\/wp-json\/wp\/v2\/product\/6562\/revisions\/9871"}],"wp:featuredmedia":[{"embeddable":true,"href":"https:\/\/ksproducts.ca\/fr\/wp-json\/wp\/v2\/media\/6563"}],"wp:attachment":[{"href":"https:\/\/ksproducts.ca\/fr\/wp-json\/wp\/v2\/media?parent=6562"}],"wp:term":[{"taxonomy":"product_cat","embeddable":true,"href":"https:\/\/ksproducts.ca\/fr\/wp-json\/wp\/v2\/product_cat?post=6562"},{"taxonomy":"product_tag","embeddable":true,"href":"https:\/\/ksproducts.ca\/fr\/wp-json\/wp\/v2\/product_tag?post=6562"}],"curies":[{"name":"wp","href":"https:\/\/api.w.org\/{rel}","templated":true}]}}