{"id":6590,"date":"2023-04-17T18:34:16","date_gmt":"2023-04-17T18:34:16","guid":{"rendered":"https:\/\/ksproducts.ca\/?post_type=product&#038;p=6590"},"modified":"2026-04-23T21:00:39","modified_gmt":"2026-04-23T21:00:39","slug":"luxor-large-top-tub-and-flat-bottom-shelf-cart-black","status":"publish","type":"product","link":"https:\/\/ksproducts.ca\/fr\/product\/luxor-large-top-tub-and-flat-bottom-shelf-cart-black\/","title":{"rendered":"Luxor Large Top Tub and Flat Bottom Shelf Cart - Noir"},"content":{"rendered":"","protected":false},"excerpt":{"rendered":"<p>Les chariots \u00e0 roulettes pneumatiques TC sont utiles pour contenir et transporter des objets petits et grands. Les roulettes pneumatiques industrielles de 8 pouces offrent une conduite amortie, une absorption des chocs et un fonctionnement souple et silencieux. Le chariot \u00e0 roulettes pneumatiques TC est le compl\u00e9ment id\u00e9al pour les entrep\u00f4ts, les h\u00f4pitaux, les restaurants et de nombreux environnements ext\u00e9rieurs. Quelle que soit la topographie, les roulettes pneumatiques peuvent m\u00eame transporter en douceur des marchandises sur des terrains accident\u00e9s comme le gravier ou la terre.<\/p>","protected":false},"featured_media":6591,"comment_status":"open","ping_status":"closed","template":"","meta":[],"product_cat":[433],"product_tag":[],"class_list":{"0":"post-6590","1":"product","2":"type-product","3":"status-publish","4":"has-post-thumbnail","6":"product_cat-utility-carts","7":"product_shipping_class-class-4","9":"first","10":"instock","11":"taxable","12":"shipping-taxable","13":"purchasable","14":"product-type-simple"},"yoast_head":"<!-- This site is optimized with the Yoast SEO plugin v27.4 - https:\/\/yoast.com\/product\/yoast-seo-wordpress\/ -->\n<title>Luxor Large Top Tub and Flat Bottom Shelf Cart - Black - Ks Products<\/title>\n<meta name=\"robots\" content=\"index, follow, max-snippet:-1, max-image-preview:large, max-video-preview:-1\" \/>\n<link rel=\"canonical\" href=\"https:\/\/ksproducts.ca\/fr\/product\/luxor-large-top-tub-and-flat-bottom-shelf-cart-black\/\" \/>\n<meta property=\"og:locale\" content=\"fr_CA\" \/>\n<meta property=\"og:type\" content=\"article\" \/>\n<meta property=\"og:title\" content=\"Luxor Large Top Tub and Flat Bottom Shelf Cart - Black - Ks Products\" \/>\n<meta property=\"og:description\" content=\"The TC pneumatic caster carts are useful for holding and transporting items big and small. Industrial 8-in pneumatic casters provide a cushioned ride, shock absorption, and smooth and quiet operation. The TC Pneumatic Caster Cart is the perfect addition to warehouses, hospitals, restaurants, and many outdoor environments. Regardless of topography, the pneumatic casters can even smoothly transport cargo on rough terrains like gravel or dirt.\" \/>\n<meta property=\"og:url\" content=\"https:\/\/ksproducts.ca\/fr\/product\/luxor-large-top-tub-and-flat-bottom-shelf-cart-black\/\" \/>\n<meta property=\"og:site_name\" content=\"Ks Products\" \/>\n<meta property=\"article:modified_time\" content=\"2026-04-23T21:00:39+00:00\" \/>\n<meta property=\"og:image\" content=\"https:\/\/ksproducts.ca\/wp-content\/uploads\/2023\/04\/tc12-b_32x24-large-cart-one-tub-one-flat-shelves-black-angled_0-jpg.webp\" \/>\n\t<meta property=\"og:image:width\" content=\"1920\" \/>\n\t<meta property=\"og:image:height\" content=\"1920\" \/>\n\t<meta property=\"og:image:type\" content=\"image\/jpeg\" \/>\n<meta name=\"twitter:card\" content=\"summary_large_image\" \/>\n<script type=\"application\/ld+json\" class=\"yoast-schema-graph\">{\"@context\":\"https:\\\/\\\/schema.org\",\"@graph\":[{\"@type\":\"WebPage\",\"@id\":\"https:\\\/\\\/ksproducts.ca\\\/product\\\/luxor-large-top-tub-and-flat-bottom-shelf-cart-black\\\/\",\"url\":\"https:\\\/\\\/ksproducts.ca\\\/product\\\/luxor-large-top-tub-and-flat-bottom-shelf-cart-black\\\/\",\"name\":\"Luxor Large Top Tub and Flat Bottom Shelf Cart - Black - Ks Products\",\"isPartOf\":{\"@id\":\"https:\\\/\\\/ksproducts.ca\\\/#website\"},\"primaryImageOfPage\":{\"@id\":\"https:\\\/\\\/ksproducts.ca\\\/product\\\/luxor-large-top-tub-and-flat-bottom-shelf-cart-black\\\/#primaryimage\"},\"image\":{\"@id\":\"https:\\\/\\\/ksproducts.ca\\\/product\\\/luxor-large-top-tub-and-flat-bottom-shelf-cart-black\\\/#primaryimage\"},\"thumbnailUrl\":\"https:\\\/\\\/ksproducts.ca\\\/wp-content\\\/uploads\\\/2023\\\/04\\\/tc12-b_32x24-large-cart-one-tub-one-flat-shelves-black-angled_0-jpg.webp\",\"datePublished\":\"2023-04-17T18:34:16+00:00\",\"dateModified\":\"2026-04-23T21:00:39+00:00\",\"breadcrumb\":{\"@id\":\"https:\\\/\\\/ksproducts.ca\\\/product\\\/luxor-large-top-tub-and-flat-bottom-shelf-cart-black\\\/#breadcrumb\"},\"inLanguage\":\"fr-CA\",\"potentialAction\":[{\"@type\":\"ReadAction\",\"target\":[\"https:\\\/\\\/ksproducts.ca\\\/product\\\/luxor-large-top-tub-and-flat-bottom-shelf-cart-black\\\/\"]}]},{\"@type\":\"ImageObject\",\"inLanguage\":\"fr-CA\",\"@id\":\"https:\\\/\\\/ksproducts.ca\\\/product\\\/luxor-large-top-tub-and-flat-bottom-shelf-cart-black\\\/#primaryimage\",\"url\":\"https:\\\/\\\/ksproducts.ca\\\/wp-content\\\/uploads\\\/2023\\\/04\\\/tc12-b_32x24-large-cart-one-tub-one-flat-shelves-black-angled_0-jpg.webp\",\"contentUrl\":\"https:\\\/\\\/ksproducts.ca\\\/wp-content\\\/uploads\\\/2023\\\/04\\\/tc12-b_32x24-large-cart-one-tub-one-flat-shelves-black-angled_0-jpg.webp\",\"width\":1920,\"height\":1920,\"caption\":\"Luxor Large Top Tub and Flat Bottom Shelf Cart - Black\"},{\"@type\":\"BreadcrumbList\",\"@id\":\"https:\\\/\\\/ksproducts.ca\\\/product\\\/luxor-large-top-tub-and-flat-bottom-shelf-cart-black\\\/#breadcrumb\",\"itemListElement\":[{\"@type\":\"ListItem\",\"position\":1,\"name\":\"Home\",\"item\":\"https:\\\/\\\/ksproducts.ca\\\/\"},{\"@type\":\"ListItem\",\"position\":2,\"name\":\"Shop\",\"item\":\"https:\\\/\\\/ksproducts.ca\\\/shop\\\/\"},{\"@type\":\"ListItem\",\"position\":3,\"name\":\"Luxor Large Top Tub and Flat Bottom Shelf Cart &#8211; Black\"}]},{\"@type\":\"WebSite\",\"@id\":\"https:\\\/\\\/ksproducts.ca\\\/#website\",\"url\":\"https:\\\/\\\/ksproducts.ca\\\/\",\"name\":\"Ks Products\",\"description\":\"Outdoor cooking and living, made easy in Canada\",\"publisher\":{\"@id\":\"https:\\\/\\\/ksproducts.ca\\\/#organization\"},\"potentialAction\":[{\"@type\":\"SearchAction\",\"target\":{\"@type\":\"EntryPoint\",\"urlTemplate\":\"https:\\\/\\\/ksproducts.ca\\\/?s={search_term_string}\"},\"query-input\":{\"@type\":\"PropertyValueSpecification\",\"valueRequired\":true,\"valueName\":\"search_term_string\"}}],\"inLanguage\":\"fr-CA\"},{\"@type\":\"Organization\",\"@id\":\"https:\\\/\\\/ksproducts.ca\\\/#organization\",\"name\":\"Ks Products\",\"url\":\"https:\\\/\\\/ksproducts.ca\\\/\",\"logo\":{\"@type\":\"ImageObject\",\"inLanguage\":\"fr-CA\",\"@id\":\"https:\\\/\\\/ksproducts.ca\\\/#\\\/schema\\\/logo\\\/image\\\/\",\"url\":\"https:\\\/\\\/ksproducts.ca\\\/wp-content\\\/uploads\\\/2023\\\/09\\\/Kennedy-Sales-Logo-header-1.png\",\"contentUrl\":\"https:\\\/\\\/ksproducts.ca\\\/wp-content\\\/uploads\\\/2023\\\/09\\\/Kennedy-Sales-Logo-header-1.png\",\"width\":150,\"height\":77,\"caption\":\"Ks Products\"},\"image\":{\"@id\":\"https:\\\/\\\/ksproducts.ca\\\/#\\\/schema\\\/logo\\\/image\\\/\"}}]}<\/script>\n<!-- \/ Yoast SEO plugin. -->","yoast_head_json":{"title":"Luxor Large Top Tub and Flat Bottom Shelf Cart - Black - Ks Products","robots":{"index":"index","follow":"follow","max-snippet":"max-snippet:-1","max-image-preview":"max-image-preview:large","max-video-preview":"max-video-preview:-1"},"canonical":"https:\/\/ksproducts.ca\/fr\/product\/luxor-large-top-tub-and-flat-bottom-shelf-cart-black\/","og_locale":"fr_CA","og_type":"article","og_title":"Luxor Large Top Tub and Flat Bottom Shelf Cart - Black - Ks Products","og_description":"The TC pneumatic caster carts are useful for holding and transporting items big and small. Industrial 8-in pneumatic casters provide a cushioned ride, shock absorption, and smooth and quiet operation. The TC Pneumatic Caster Cart is the perfect addition to warehouses, hospitals, restaurants, and many outdoor environments. Regardless of topography, the pneumatic casters can even smoothly transport cargo on rough terrains like gravel or dirt.","og_url":"https:\/\/ksproducts.ca\/fr\/product\/luxor-large-top-tub-and-flat-bottom-shelf-cart-black\/","og_site_name":"Ks Products","article_modified_time":"2026-04-23T21:00:39+00:00","og_image":[{"width":1920,"height":1920,"url":"https:\/\/ksproducts.ca\/wp-content\/uploads\/2023\/04\/tc12-b_32x24-large-cart-one-tub-one-flat-shelves-black-angled_0-jpg.webp","type":"image\/jpeg"}],"twitter_card":"summary_large_image","schema":{"@context":"https:\/\/schema.org","@graph":[{"@type":"WebPage","@id":"https:\/\/ksproducts.ca\/product\/luxor-large-top-tub-and-flat-bottom-shelf-cart-black\/","url":"https:\/\/ksproducts.ca\/product\/luxor-large-top-tub-and-flat-bottom-shelf-cart-black\/","name":"Luxor Large Top Tub and Flat Bottom Shelf Cart - Black - Ks Products","isPartOf":{"@id":"https:\/\/ksproducts.ca\/#website"},"primaryImageOfPage":{"@id":"https:\/\/ksproducts.ca\/product\/luxor-large-top-tub-and-flat-bottom-shelf-cart-black\/#primaryimage"},"image":{"@id":"https:\/\/ksproducts.ca\/product\/luxor-large-top-tub-and-flat-bottom-shelf-cart-black\/#primaryimage"},"thumbnailUrl":"https:\/\/ksproducts.ca\/wp-content\/uploads\/2023\/04\/tc12-b_32x24-large-cart-one-tub-one-flat-shelves-black-angled_0-jpg.webp","datePublished":"2023-04-17T18:34:16+00:00","dateModified":"2026-04-23T21:00:39+00:00","breadcrumb":{"@id":"https:\/\/ksproducts.ca\/product\/luxor-large-top-tub-and-flat-bottom-shelf-cart-black\/#breadcrumb"},"inLanguage":"fr-CA","potentialAction":[{"@type":"ReadAction","target":["https:\/\/ksproducts.ca\/product\/luxor-large-top-tub-and-flat-bottom-shelf-cart-black\/"]}]},{"@type":"ImageObject","inLanguage":"fr-CA","@id":"https:\/\/ksproducts.ca\/product\/luxor-large-top-tub-and-flat-bottom-shelf-cart-black\/#primaryimage","url":"https:\/\/ksproducts.ca\/wp-content\/uploads\/2023\/04\/tc12-b_32x24-large-cart-one-tub-one-flat-shelves-black-angled_0-jpg.webp","contentUrl":"https:\/\/ksproducts.ca\/wp-content\/uploads\/2023\/04\/tc12-b_32x24-large-cart-one-tub-one-flat-shelves-black-angled_0-jpg.webp","width":1920,"height":1920,"caption":"Luxor Large Top Tub and Flat Bottom Shelf Cart - Black"},{"@type":"BreadcrumbList","@id":"https:\/\/ksproducts.ca\/product\/luxor-large-top-tub-and-flat-bottom-shelf-cart-black\/#breadcrumb","itemListElement":[{"@type":"ListItem","position":1,"name":"Home","item":"https:\/\/ksproducts.ca\/"},{"@type":"ListItem","position":2,"name":"Shop","item":"https:\/\/ksproducts.ca\/shop\/"},{"@type":"ListItem","position":3,"name":"Luxor Large Top Tub and Flat Bottom Shelf Cart &#8211; Black"}]},{"@type":"WebSite","@id":"https:\/\/ksproducts.ca\/#website","url":"https:\/\/ksproducts.ca\/","name":"Produits Ks","description":"Cuisiner et vivre en plein air, c'est facile au Canada","publisher":{"@id":"https:\/\/ksproducts.ca\/#organization"},"potentialAction":[{"@type":"SearchAction","target":{"@type":"EntryPoint","urlTemplate":"https:\/\/ksproducts.ca\/?s={search_term_string}"},"query-input":{"@type":"PropertyValueSpecification","valueRequired":true,"valueName":"search_term_string"}}],"inLanguage":"fr-CA"},{"@type":"Organization","@id":"https:\/\/ksproducts.ca\/#organization","name":"Produits Ks","url":"https:\/\/ksproducts.ca\/","logo":{"@type":"ImageObject","inLanguage":"fr-CA","@id":"https:\/\/ksproducts.ca\/#\/schema\/logo\/image\/","url":"https:\/\/ksproducts.ca\/wp-content\/uploads\/2023\/09\/Kennedy-Sales-Logo-header-1.png","contentUrl":"https:\/\/ksproducts.ca\/wp-content\/uploads\/2023\/09\/Kennedy-Sales-Logo-header-1.png","width":150,"height":77,"caption":"Ks Products"},"image":{"@id":"https:\/\/ksproducts.ca\/#\/schema\/logo\/image\/"}}]}},"_links":{"self":[{"href":"https:\/\/ksproducts.ca\/fr\/wp-json\/wp\/v2\/product\/6590","targetHints":{"allow":["GET"]}}],"collection":[{"href":"https:\/\/ksproducts.ca\/fr\/wp-json\/wp\/v2\/product"}],"about":[{"href":"https:\/\/ksproducts.ca\/fr\/wp-json\/wp\/v2\/types\/product"}],"replies":[{"embeddable":true,"href":"https:\/\/ksproducts.ca\/fr\/wp-json\/wp\/v2\/comments?post=6590"}],"version-history":[{"count":1,"href":"https:\/\/ksproducts.ca\/fr\/wp-json\/wp\/v2\/product\/6590\/revisions"}],"predecessor-version":[{"id":10171,"href":"https:\/\/ksproducts.ca\/fr\/wp-json\/wp\/v2\/product\/6590\/revisions\/10171"}],"wp:featuredmedia":[{"embeddable":true,"href":"https:\/\/ksproducts.ca\/fr\/wp-json\/wp\/v2\/media\/6591"}],"wp:attachment":[{"href":"https:\/\/ksproducts.ca\/fr\/wp-json\/wp\/v2\/media?parent=6590"}],"wp:term":[{"taxonomy":"product_cat","embeddable":true,"href":"https:\/\/ksproducts.ca\/fr\/wp-json\/wp\/v2\/product_cat?post=6590"},{"taxonomy":"product_tag","embeddable":true,"href":"https:\/\/ksproducts.ca\/fr\/wp-json\/wp\/v2\/product_tag?post=6590"}],"curies":[{"name":"wp","href":"https:\/\/api.w.org\/{rel}","templated":true}]}}