{"id":6592,"date":"2023-04-17T18:37:02","date_gmt":"2023-04-17T18:37:02","guid":{"rendered":"https:\/\/ksproducts.ca\/?post_type=product&#038;p=6592"},"modified":"2026-02-06T15:07:06","modified_gmt":"2026-02-06T15:07:06","slug":"luxor-large-flat-top-and-tub-bottom-shelf-cart-noir","status":"publish","type":"product","link":"https:\/\/ksproducts.ca\/fr\/product\/luxor-large-flat-top-and-tub-bottom-shelf-cart-black\/","title":{"rendered":"Luxor Large Flat-Top and Tub-Bottom Shelf Cart - Noir"},"content":{"rendered":"","protected":false},"excerpt":{"rendered":"<p>Ce grand chariot utilitaire offre le meilleur des deux mondes. Une \u00e9tag\u00e8re inf\u00e9rieure de 4 pouces de profondeur permet de ranger en toute s\u00e9curit\u00e9 des produits de nettoyage, des objets lourds ou d'autres articles, et avec un d\u00e9gagement de plus de 2 pieds, les articles sont tr\u00e8s accessibles. Une grande \u00e9tag\u00e8re sup\u00e9rieure plate avec un rebord de retenue permet de ranger les articles qui doivent \u00eatre plus facilement accessibles, ce qui est id\u00e9al pour l'entreposage et l'inventaire. Les deux \u00e9tag\u00e8res sont fabriqu\u00e9es \u00e0 partir d'une r\u00e9sine thermoplastique r\u00e9sistante qui ne se raye pas, ne se tache pas et ne rouille pas, et elles peuvent supporter collectivement jusqu'\u00e0 400 livres. Lorsqu'il est enti\u00e8rement charg\u00e9, le chariot reste facile \u00e0 man\u0153uvrer gr\u00e2ce \u00e0 des roulettes robustes de 4 pouces enti\u00e8rement pivotantes (deux avec freins de blocage).<\/p>","protected":false},"featured_media":6593,"comment_status":"open","ping_status":"closed","template":"","meta":[],"product_cat":[433],"product_tag":[],"class_list":{"0":"post-6592","1":"product","2":"type-product","3":"status-publish","4":"has-post-thumbnail","6":"product_cat-utility-carts","7":"product_shipping_class-class-4","9":"first","10":"instock","11":"taxable","12":"shipping-taxable","13":"purchasable","14":"product-type-simple"},"yoast_head":"<!-- This site is optimized with the Yoast SEO plugin v27.3 - https:\/\/yoast.com\/product\/yoast-seo-wordpress\/ -->\n<title>Luxor Large Flat-Top and Tub-Bottom Shelf Cart - Black - Ks Products<\/title>\n<meta name=\"robots\" content=\"index, follow, max-snippet:-1, max-image-preview:large, max-video-preview:-1\" \/>\n<link rel=\"canonical\" href=\"https:\/\/ksproducts.ca\/fr\/product\/luxor-large-flat-top-and-tub-bottom-shelf-cart-noir\/\" \/>\n<meta property=\"og:locale\" content=\"fr_CA\" \/>\n<meta property=\"og:type\" content=\"article\" \/>\n<meta property=\"og:title\" content=\"Luxor Large Flat-Top and Tub-Bottom Shelf Cart - Black - Ks Products\" \/>\n<meta property=\"og:description\" content=\"This large utility cart offers the best of both worlds. A lower tub shelf that&#039;s 4-in deep securely contains contents such as cleaning supplies, heavy objects or other items, and with more than two feet of clearance, items are very accessible. There&#039;s a large flat top shelf with a retaining lip for items that need to be more readily available \u2013 great for stocking and inventory. Both shelves are made from a tough thermoplastic resin that won&#039;t scratch, stain or rust and they can collectively hold up to 400 lbs. When fully loaded, the cart is still easy to maneuver thanks to heavy-duty 4-in full-swivel casters (two with locking brakes).\" \/>\n<meta property=\"og:url\" content=\"https:\/\/ksproducts.ca\/fr\/product\/luxor-large-flat-top-and-tub-bottom-shelf-cart-noir\/\" \/>\n<meta property=\"og:site_name\" content=\"Ks Products\" \/>\n<meta property=\"article:modified_time\" content=\"2026-02-06T15:07:06+00:00\" \/>\n<meta property=\"og:image\" content=\"https:\/\/ksproducts.ca\/wp-content\/uploads\/2023\/04\/tc21-b_32x24-large-flat-top-and-tub-bottom-shelf-cart-black-angled_0-jpg.webp\" \/>\n\t<meta property=\"og:image:width\" content=\"1918\" \/>\n\t<meta property=\"og:image:height\" content=\"1920\" \/>\n\t<meta property=\"og:image:type\" content=\"image\/jpeg\" \/>\n<meta name=\"twitter:card\" content=\"summary_large_image\" \/>\n<script type=\"application\/ld+json\" class=\"yoast-schema-graph\">{\"@context\":\"https:\\\/\\\/schema.org\",\"@graph\":[{\"@type\":\"WebPage\",\"@id\":\"https:\\\/\\\/ksproducts.ca\\\/product\\\/luxor-large-flat-top-and-tub-bottom-shelf-cart-black\\\/\",\"url\":\"https:\\\/\\\/ksproducts.ca\\\/product\\\/luxor-large-flat-top-and-tub-bottom-shelf-cart-black\\\/\",\"name\":\"Luxor Large Flat-Top and Tub-Bottom Shelf Cart - Black - Ks Products\",\"isPartOf\":{\"@id\":\"https:\\\/\\\/ksproducts.ca\\\/#website\"},\"primaryImageOfPage\":{\"@id\":\"https:\\\/\\\/ksproducts.ca\\\/product\\\/luxor-large-flat-top-and-tub-bottom-shelf-cart-black\\\/#primaryimage\"},\"image\":{\"@id\":\"https:\\\/\\\/ksproducts.ca\\\/product\\\/luxor-large-flat-top-and-tub-bottom-shelf-cart-black\\\/#primaryimage\"},\"thumbnailUrl\":\"https:\\\/\\\/ksproducts.ca\\\/wp-content\\\/uploads\\\/2023\\\/04\\\/tc21-b_32x24-large-flat-top-and-tub-bottom-shelf-cart-black-angled_0-jpg.webp\",\"datePublished\":\"2023-04-17T18:37:02+00:00\",\"dateModified\":\"2026-02-06T15:07:06+00:00\",\"breadcrumb\":{\"@id\":\"https:\\\/\\\/ksproducts.ca\\\/product\\\/luxor-large-flat-top-and-tub-bottom-shelf-cart-black\\\/#breadcrumb\"},\"inLanguage\":\"fr-CA\",\"potentialAction\":[{\"@type\":\"ReadAction\",\"target\":[\"https:\\\/\\\/ksproducts.ca\\\/product\\\/luxor-large-flat-top-and-tub-bottom-shelf-cart-black\\\/\"]}]},{\"@type\":\"ImageObject\",\"inLanguage\":\"fr-CA\",\"@id\":\"https:\\\/\\\/ksproducts.ca\\\/product\\\/luxor-large-flat-top-and-tub-bottom-shelf-cart-black\\\/#primaryimage\",\"url\":\"https:\\\/\\\/ksproducts.ca\\\/wp-content\\\/uploads\\\/2023\\\/04\\\/tc21-b_32x24-large-flat-top-and-tub-bottom-shelf-cart-black-angled_0-jpg.webp\",\"contentUrl\":\"https:\\\/\\\/ksproducts.ca\\\/wp-content\\\/uploads\\\/2023\\\/04\\\/tc21-b_32x24-large-flat-top-and-tub-bottom-shelf-cart-black-angled_0-jpg.webp\",\"width\":1918,\"height\":1920,\"caption\":\"Luxor Large Flat-Top and Tub-Bottom Shelf Cart - Black\"},{\"@type\":\"BreadcrumbList\",\"@id\":\"https:\\\/\\\/ksproducts.ca\\\/product\\\/luxor-large-flat-top-and-tub-bottom-shelf-cart-black\\\/#breadcrumb\",\"itemListElement\":[{\"@type\":\"ListItem\",\"position\":1,\"name\":\"Home\",\"item\":\"https:\\\/\\\/ksproducts.ca\\\/\"},{\"@type\":\"ListItem\",\"position\":2,\"name\":\"Shop\",\"item\":\"https:\\\/\\\/ksproducts.ca\\\/shop\\\/\"},{\"@type\":\"ListItem\",\"position\":3,\"name\":\"Luxor Large Flat-Top and Tub-Bottom Shelf Cart &#8211; Black\"}]},{\"@type\":\"WebSite\",\"@id\":\"https:\\\/\\\/ksproducts.ca\\\/#website\",\"url\":\"https:\\\/\\\/ksproducts.ca\\\/\",\"name\":\"Ks Products\",\"description\":\"Outdoor cooking and living, made easy in Canada\",\"publisher\":{\"@id\":\"https:\\\/\\\/ksproducts.ca\\\/#organization\"},\"potentialAction\":[{\"@type\":\"SearchAction\",\"target\":{\"@type\":\"EntryPoint\",\"urlTemplate\":\"https:\\\/\\\/ksproducts.ca\\\/?s={search_term_string}\"},\"query-input\":{\"@type\":\"PropertyValueSpecification\",\"valueRequired\":true,\"valueName\":\"search_term_string\"}}],\"inLanguage\":\"fr-CA\"},{\"@type\":\"Organization\",\"@id\":\"https:\\\/\\\/ksproducts.ca\\\/#organization\",\"name\":\"Ks Products\",\"url\":\"https:\\\/\\\/ksproducts.ca\\\/\",\"logo\":{\"@type\":\"ImageObject\",\"inLanguage\":\"fr-CA\",\"@id\":\"https:\\\/\\\/ksproducts.ca\\\/#\\\/schema\\\/logo\\\/image\\\/\",\"url\":\"https:\\\/\\\/ksproducts.ca\\\/wp-content\\\/uploads\\\/2023\\\/09\\\/Kennedy-Sales-Logo-header-1.png\",\"contentUrl\":\"https:\\\/\\\/ksproducts.ca\\\/wp-content\\\/uploads\\\/2023\\\/09\\\/Kennedy-Sales-Logo-header-1.png\",\"width\":150,\"height\":77,\"caption\":\"Ks Products\"},\"image\":{\"@id\":\"https:\\\/\\\/ksproducts.ca\\\/#\\\/schema\\\/logo\\\/image\\\/\"}}]}<\/script>\n<!-- \/ Yoast SEO plugin. -->","yoast_head_json":{"title":"Luxor Large Flat-Top and Tub-Bottom Shelf Cart - Black - Ks Products","robots":{"index":"index","follow":"follow","max-snippet":"max-snippet:-1","max-image-preview":"max-image-preview:large","max-video-preview":"max-video-preview:-1"},"canonical":"https:\/\/ksproducts.ca\/fr\/product\/luxor-large-flat-top-and-tub-bottom-shelf-cart-noir\/","og_locale":"fr_CA","og_type":"article","og_title":"Luxor Large Flat-Top and Tub-Bottom Shelf Cart - Black - Ks Products","og_description":"This large utility cart offers the best of both worlds. A lower tub shelf that's 4-in deep securely contains contents such as cleaning supplies, heavy objects or other items, and with more than two feet of clearance, items are very accessible. There's a large flat top shelf with a retaining lip for items that need to be more readily available \u2013 great for stocking and inventory. Both shelves are made from a tough thermoplastic resin that won't scratch, stain or rust and they can collectively hold up to 400 lbs. When fully loaded, the cart is still easy to maneuver thanks to heavy-duty 4-in full-swivel casters (two with locking brakes).","og_url":"https:\/\/ksproducts.ca\/fr\/product\/luxor-large-flat-top-and-tub-bottom-shelf-cart-noir\/","og_site_name":"Ks Products","article_modified_time":"2026-02-06T15:07:06+00:00","og_image":[{"width":1918,"height":1920,"url":"https:\/\/ksproducts.ca\/wp-content\/uploads\/2023\/04\/tc21-b_32x24-large-flat-top-and-tub-bottom-shelf-cart-black-angled_0-jpg.webp","type":"image\/jpeg"}],"twitter_card":"summary_large_image","schema":{"@context":"https:\/\/schema.org","@graph":[{"@type":"WebPage","@id":"https:\/\/ksproducts.ca\/product\/luxor-large-flat-top-and-tub-bottom-shelf-cart-black\/","url":"https:\/\/ksproducts.ca\/product\/luxor-large-flat-top-and-tub-bottom-shelf-cart-black\/","name":"Luxor Large Flat-Top and Tub-Bottom Shelf Cart - Black - Ks Products","isPartOf":{"@id":"https:\/\/ksproducts.ca\/#website"},"primaryImageOfPage":{"@id":"https:\/\/ksproducts.ca\/product\/luxor-large-flat-top-and-tub-bottom-shelf-cart-black\/#primaryimage"},"image":{"@id":"https:\/\/ksproducts.ca\/product\/luxor-large-flat-top-and-tub-bottom-shelf-cart-black\/#primaryimage"},"thumbnailUrl":"https:\/\/ksproducts.ca\/wp-content\/uploads\/2023\/04\/tc21-b_32x24-large-flat-top-and-tub-bottom-shelf-cart-black-angled_0-jpg.webp","datePublished":"2023-04-17T18:37:02+00:00","dateModified":"2026-02-06T15:07:06+00:00","breadcrumb":{"@id":"https:\/\/ksproducts.ca\/product\/luxor-large-flat-top-and-tub-bottom-shelf-cart-black\/#breadcrumb"},"inLanguage":"fr-CA","potentialAction":[{"@type":"ReadAction","target":["https:\/\/ksproducts.ca\/product\/luxor-large-flat-top-and-tub-bottom-shelf-cart-black\/"]}]},{"@type":"ImageObject","inLanguage":"fr-CA","@id":"https:\/\/ksproducts.ca\/product\/luxor-large-flat-top-and-tub-bottom-shelf-cart-black\/#primaryimage","url":"https:\/\/ksproducts.ca\/wp-content\/uploads\/2023\/04\/tc21-b_32x24-large-flat-top-and-tub-bottom-shelf-cart-black-angled_0-jpg.webp","contentUrl":"https:\/\/ksproducts.ca\/wp-content\/uploads\/2023\/04\/tc21-b_32x24-large-flat-top-and-tub-bottom-shelf-cart-black-angled_0-jpg.webp","width":1918,"height":1920,"caption":"Luxor Large Flat-Top and Tub-Bottom Shelf Cart - Black"},{"@type":"BreadcrumbList","@id":"https:\/\/ksproducts.ca\/product\/luxor-large-flat-top-and-tub-bottom-shelf-cart-black\/#breadcrumb","itemListElement":[{"@type":"ListItem","position":1,"name":"Home","item":"https:\/\/ksproducts.ca\/"},{"@type":"ListItem","position":2,"name":"Shop","item":"https:\/\/ksproducts.ca\/shop\/"},{"@type":"ListItem","position":3,"name":"Luxor Large Flat-Top and Tub-Bottom Shelf Cart &#8211; Black"}]},{"@type":"WebSite","@id":"https:\/\/ksproducts.ca\/#website","url":"https:\/\/ksproducts.ca\/","name":"Produits Ks","description":"Cuisiner et vivre en plein air, c'est facile au Canada","publisher":{"@id":"https:\/\/ksproducts.ca\/#organization"},"potentialAction":[{"@type":"SearchAction","target":{"@type":"EntryPoint","urlTemplate":"https:\/\/ksproducts.ca\/?s={search_term_string}"},"query-input":{"@type":"PropertyValueSpecification","valueRequired":true,"valueName":"search_term_string"}}],"inLanguage":"fr-CA"},{"@type":"Organization","@id":"https:\/\/ksproducts.ca\/#organization","name":"Produits Ks","url":"https:\/\/ksproducts.ca\/","logo":{"@type":"ImageObject","inLanguage":"fr-CA","@id":"https:\/\/ksproducts.ca\/#\/schema\/logo\/image\/","url":"https:\/\/ksproducts.ca\/wp-content\/uploads\/2023\/09\/Kennedy-Sales-Logo-header-1.png","contentUrl":"https:\/\/ksproducts.ca\/wp-content\/uploads\/2023\/09\/Kennedy-Sales-Logo-header-1.png","width":150,"height":77,"caption":"Ks Products"},"image":{"@id":"https:\/\/ksproducts.ca\/#\/schema\/logo\/image\/"}}]}},"_links":{"self":[{"href":"https:\/\/ksproducts.ca\/fr\/wp-json\/wp\/v2\/product\/6592","targetHints":{"allow":["GET"]}}],"collection":[{"href":"https:\/\/ksproducts.ca\/fr\/wp-json\/wp\/v2\/product"}],"about":[{"href":"https:\/\/ksproducts.ca\/fr\/wp-json\/wp\/v2\/types\/product"}],"replies":[{"embeddable":true,"href":"https:\/\/ksproducts.ca\/fr\/wp-json\/wp\/v2\/comments?post=6592"}],"version-history":[{"count":1,"href":"https:\/\/ksproducts.ca\/fr\/wp-json\/wp\/v2\/product\/6592\/revisions"}],"predecessor-version":[{"id":10172,"href":"https:\/\/ksproducts.ca\/fr\/wp-json\/wp\/v2\/product\/6592\/revisions\/10172"}],"wp:featuredmedia":[{"embeddable":true,"href":"https:\/\/ksproducts.ca\/fr\/wp-json\/wp\/v2\/media\/6593"}],"wp:attachment":[{"href":"https:\/\/ksproducts.ca\/fr\/wp-json\/wp\/v2\/media?parent=6592"}],"wp:term":[{"taxonomy":"product_cat","embeddable":true,"href":"https:\/\/ksproducts.ca\/fr\/wp-json\/wp\/v2\/product_cat?post=6592"},{"taxonomy":"product_tag","embeddable":true,"href":"https:\/\/ksproducts.ca\/fr\/wp-json\/wp\/v2\/product_tag?post=6592"}],"curies":[{"name":"wp","href":"https:\/\/api.w.org\/{rel}","templated":true}]}}