{"id":6594,"date":"2023-04-17T18:41:05","date_gmt":"2023-04-17T18:41:05","guid":{"rendered":"https:\/\/ksproducts.ca\/?post_type=product&#038;p=6594"},"modified":"2026-04-06T21:32:05","modified_gmt":"2026-04-06T21:32:05","slug":"luxor-wall-mounted-magnetic-whiteboard-36-in-x-24-in","status":"publish","type":"product","link":"https:\/\/ksproducts.ca\/fr\/product\/luxor-wall-mounted-magnetic-whiteboard-36-in-x-24-in\/","title":{"rendered":"Tableau blanc magn\u00e9tique mural Luxor - 36 po x 24 po"},"content":{"rendered":"","protected":false},"excerpt":{"rendered":"<p>Plus qu'une surface pour le brainstorming, l'enseignement et l'illustration d'id\u00e9es, les tableaux effa\u00e7ables \u00e0 sec mont\u00e9s au mur deviennent un point de mire dans n'importe quelle pi\u00e8ce. C'est pourquoi les tableaux blancs magn\u00e9tiques muraux Luxor de 36 x 24 pouces offrent des performances sup\u00e9rieures dans un style moderne \u00e0 un prix abordable. La surface en acier peint de haute qualit\u00e9, r\u00e9sistante aux images, offre une grande visibilit\u00e9 et une grande durabilit\u00e9, et peut \u00eatre utilis\u00e9e comme tableau d'affichage magn\u00e9tique. Le cadre fin en aluminium et le plateau pour marqueurs et gommes offrent une durabilit\u00e9 l\u00e9g\u00e8re con\u00e7ue pour durer utilisation apr\u00e8s utilisation, ann\u00e9e apr\u00e8s ann\u00e9e.<\/p>","protected":false},"featured_media":6595,"comment_status":"open","ping_status":"closed","template":"","meta":[],"product_cat":[435],"product_tag":[],"class_list":{"0":"post-6594","1":"product","2":"type-product","3":"status-publish","4":"has-post-thumbnail","6":"product_cat-whiteboards-glass-boards","7":"product_shipping_class-class-3","9":"first","10":"instock","11":"taxable","12":"shipping-taxable","13":"purchasable","14":"product-type-simple"},"yoast_head":"<!-- This site is optimized with the Yoast SEO plugin v27.3 - https:\/\/yoast.com\/product\/yoast-seo-wordpress\/ -->\n<title>Luxor Wall-Mounted Magnetic Whiteboard - 36-in x 24-in - Ks Products<\/title>\n<meta name=\"robots\" content=\"index, follow, max-snippet:-1, max-image-preview:large, max-video-preview:-1\" \/>\n<link rel=\"canonical\" href=\"https:\/\/ksproducts.ca\/fr\/product\/luxor-wall-mounted-magnetic-whiteboard-36-in-x-24-in\/\" \/>\n<meta property=\"og:locale\" content=\"fr_CA\" \/>\n<meta property=\"og:type\" content=\"article\" \/>\n<meta property=\"og:title\" content=\"Luxor Wall-Mounted Magnetic Whiteboard - 36-in x 24-in - Ks Products\" \/>\n<meta property=\"og:description\" content=\"More than a surface for brainstorming, teaching and illustrating ideas, wall-mounted dry erase boards become a focal point of any room. That&#039;s why the 36 x 24-in Luxor Wall-Mounted Magnetic Whiteboards offer superior performance in a modern style at an affordable price. The high-quality, ghosting-resistant painted steel surface provides bright visibility and high durability, and can be used as a magnetic bulletin board. The slim aluminum frame and marker\/eraser tray offer lightweight durability designed to last for use after use, year after year.\" \/>\n<meta property=\"og:url\" content=\"https:\/\/ksproducts.ca\/fr\/product\/luxor-wall-mounted-magnetic-whiteboard-36-in-x-24-in\/\" \/>\n<meta property=\"og:site_name\" content=\"Ks Products\" \/>\n<meta property=\"article:modified_time\" content=\"2026-04-06T21:32:05+00:00\" \/>\n<meta property=\"og:image\" content=\"https:\/\/ksproducts.ca\/wp-content\/uploads\/2023\/04\/wb3624w_36x24-wall-mounted-magnetic-whiteboard-angled_0-jpg.webp\" \/>\n\t<meta property=\"og:image:width\" content=\"1920\" \/>\n\t<meta property=\"og:image:height\" content=\"1920\" \/>\n\t<meta property=\"og:image:type\" content=\"image\/jpeg\" \/>\n<meta name=\"twitter:card\" content=\"summary_large_image\" \/>\n<script type=\"application\/ld+json\" class=\"yoast-schema-graph\">{\"@context\":\"https:\\\/\\\/schema.org\",\"@graph\":[{\"@type\":\"WebPage\",\"@id\":\"https:\\\/\\\/ksproducts.ca\\\/product\\\/luxor-wall-mounted-magnetic-whiteboard-36-in-x-24-in\\\/\",\"url\":\"https:\\\/\\\/ksproducts.ca\\\/product\\\/luxor-wall-mounted-magnetic-whiteboard-36-in-x-24-in\\\/\",\"name\":\"Luxor Wall-Mounted Magnetic Whiteboard - 36-in x 24-in - Ks Products\",\"isPartOf\":{\"@id\":\"https:\\\/\\\/ksproducts.ca\\\/#website\"},\"primaryImageOfPage\":{\"@id\":\"https:\\\/\\\/ksproducts.ca\\\/product\\\/luxor-wall-mounted-magnetic-whiteboard-36-in-x-24-in\\\/#primaryimage\"},\"image\":{\"@id\":\"https:\\\/\\\/ksproducts.ca\\\/product\\\/luxor-wall-mounted-magnetic-whiteboard-36-in-x-24-in\\\/#primaryimage\"},\"thumbnailUrl\":\"https:\\\/\\\/ksproducts.ca\\\/wp-content\\\/uploads\\\/2023\\\/04\\\/wb3624w_36x24-wall-mounted-magnetic-whiteboard-angled_0-jpg.webp\",\"datePublished\":\"2023-04-17T18:41:05+00:00\",\"dateModified\":\"2026-04-06T21:32:05+00:00\",\"breadcrumb\":{\"@id\":\"https:\\\/\\\/ksproducts.ca\\\/product\\\/luxor-wall-mounted-magnetic-whiteboard-36-in-x-24-in\\\/#breadcrumb\"},\"inLanguage\":\"fr-CA\",\"potentialAction\":[{\"@type\":\"ReadAction\",\"target\":[\"https:\\\/\\\/ksproducts.ca\\\/product\\\/luxor-wall-mounted-magnetic-whiteboard-36-in-x-24-in\\\/\"]}]},{\"@type\":\"ImageObject\",\"inLanguage\":\"fr-CA\",\"@id\":\"https:\\\/\\\/ksproducts.ca\\\/product\\\/luxor-wall-mounted-magnetic-whiteboard-36-in-x-24-in\\\/#primaryimage\",\"url\":\"https:\\\/\\\/ksproducts.ca\\\/wp-content\\\/uploads\\\/2023\\\/04\\\/wb3624w_36x24-wall-mounted-magnetic-whiteboard-angled_0-jpg.webp\",\"contentUrl\":\"https:\\\/\\\/ksproducts.ca\\\/wp-content\\\/uploads\\\/2023\\\/04\\\/wb3624w_36x24-wall-mounted-magnetic-whiteboard-angled_0-jpg.webp\",\"width\":1920,\"height\":1920,\"caption\":\"magnetic-wall-mounting-board\"},{\"@type\":\"BreadcrumbList\",\"@id\":\"https:\\\/\\\/ksproducts.ca\\\/product\\\/luxor-wall-mounted-magnetic-whiteboard-36-in-x-24-in\\\/#breadcrumb\",\"itemListElement\":[{\"@type\":\"ListItem\",\"position\":1,\"name\":\"Home\",\"item\":\"https:\\\/\\\/ksproducts.ca\\\/\"},{\"@type\":\"ListItem\",\"position\":2,\"name\":\"Shop\",\"item\":\"https:\\\/\\\/ksproducts.ca\\\/shop\\\/\"},{\"@type\":\"ListItem\",\"position\":3,\"name\":\"Luxor Wall-Mounted Magnetic Whiteboard &#8211; 36-in x 24-in\"}]},{\"@type\":\"WebSite\",\"@id\":\"https:\\\/\\\/ksproducts.ca\\\/#website\",\"url\":\"https:\\\/\\\/ksproducts.ca\\\/\",\"name\":\"Ks Products\",\"description\":\"Outdoor cooking and living, made easy in Canada\",\"publisher\":{\"@id\":\"https:\\\/\\\/ksproducts.ca\\\/#organization\"},\"potentialAction\":[{\"@type\":\"SearchAction\",\"target\":{\"@type\":\"EntryPoint\",\"urlTemplate\":\"https:\\\/\\\/ksproducts.ca\\\/?s={search_term_string}\"},\"query-input\":{\"@type\":\"PropertyValueSpecification\",\"valueRequired\":true,\"valueName\":\"search_term_string\"}}],\"inLanguage\":\"fr-CA\"},{\"@type\":\"Organization\",\"@id\":\"https:\\\/\\\/ksproducts.ca\\\/#organization\",\"name\":\"Ks Products\",\"url\":\"https:\\\/\\\/ksproducts.ca\\\/\",\"logo\":{\"@type\":\"ImageObject\",\"inLanguage\":\"fr-CA\",\"@id\":\"https:\\\/\\\/ksproducts.ca\\\/#\\\/schema\\\/logo\\\/image\\\/\",\"url\":\"https:\\\/\\\/ksproducts.ca\\\/wp-content\\\/uploads\\\/2023\\\/09\\\/Kennedy-Sales-Logo-header-1.png\",\"contentUrl\":\"https:\\\/\\\/ksproducts.ca\\\/wp-content\\\/uploads\\\/2023\\\/09\\\/Kennedy-Sales-Logo-header-1.png\",\"width\":150,\"height\":77,\"caption\":\"Ks Products\"},\"image\":{\"@id\":\"https:\\\/\\\/ksproducts.ca\\\/#\\\/schema\\\/logo\\\/image\\\/\"}}]}<\/script>\n<!-- \/ Yoast SEO plugin. -->","yoast_head_json":{"title":"Tableau blanc magn\u00e9tique mural Luxor - 36 po x 24 po - Ks Products","robots":{"index":"index","follow":"follow","max-snippet":"max-snippet:-1","max-image-preview":"max-image-preview:large","max-video-preview":"max-video-preview:-1"},"canonical":"https:\/\/ksproducts.ca\/fr\/product\/luxor-wall-mounted-magnetic-whiteboard-36-in-x-24-in\/","og_locale":"fr_CA","og_type":"article","og_title":"Luxor Wall-Mounted Magnetic Whiteboard - 36-in x 24-in - Ks Products","og_description":"More than a surface for brainstorming, teaching and illustrating ideas, wall-mounted dry erase boards become a focal point of any room. That's why the 36 x 24-in Luxor Wall-Mounted Magnetic Whiteboards offer superior performance in a modern style at an affordable price. The high-quality, ghosting-resistant painted steel surface provides bright visibility and high durability, and can be used as a magnetic bulletin board. The slim aluminum frame and marker\/eraser tray offer lightweight durability designed to last for use after use, year after year.","og_url":"https:\/\/ksproducts.ca\/fr\/product\/luxor-wall-mounted-magnetic-whiteboard-36-in-x-24-in\/","og_site_name":"Ks Products","article_modified_time":"2026-04-06T21:32:05+00:00","og_image":[{"width":1920,"height":1920,"url":"https:\/\/ksproducts.ca\/wp-content\/uploads\/2023\/04\/wb3624w_36x24-wall-mounted-magnetic-whiteboard-angled_0-jpg.webp","type":"image\/jpeg"}],"twitter_card":"summary_large_image","schema":{"@context":"https:\/\/schema.org","@graph":[{"@type":"WebPage","@id":"https:\/\/ksproducts.ca\/product\/luxor-wall-mounted-magnetic-whiteboard-36-in-x-24-in\/","url":"https:\/\/ksproducts.ca\/product\/luxor-wall-mounted-magnetic-whiteboard-36-in-x-24-in\/","name":"Tableau blanc magn\u00e9tique mural Luxor - 36 po x 24 po - Ks Products","isPartOf":{"@id":"https:\/\/ksproducts.ca\/#website"},"primaryImageOfPage":{"@id":"https:\/\/ksproducts.ca\/product\/luxor-wall-mounted-magnetic-whiteboard-36-in-x-24-in\/#primaryimage"},"image":{"@id":"https:\/\/ksproducts.ca\/product\/luxor-wall-mounted-magnetic-whiteboard-36-in-x-24-in\/#primaryimage"},"thumbnailUrl":"https:\/\/ksproducts.ca\/wp-content\/uploads\/2023\/04\/wb3624w_36x24-wall-mounted-magnetic-whiteboard-angled_0-jpg.webp","datePublished":"2023-04-17T18:41:05+00:00","dateModified":"2026-04-06T21:32:05+00:00","breadcrumb":{"@id":"https:\/\/ksproducts.ca\/product\/luxor-wall-mounted-magnetic-whiteboard-36-in-x-24-in\/#breadcrumb"},"inLanguage":"fr-CA","potentialAction":[{"@type":"ReadAction","target":["https:\/\/ksproducts.ca\/product\/luxor-wall-mounted-magnetic-whiteboard-36-in-x-24-in\/"]}]},{"@type":"ImageObject","inLanguage":"fr-CA","@id":"https:\/\/ksproducts.ca\/product\/luxor-wall-mounted-magnetic-whiteboard-36-in-x-24-in\/#primaryimage","url":"https:\/\/ksproducts.ca\/wp-content\/uploads\/2023\/04\/wb3624w_36x24-wall-mounted-magnetic-whiteboard-angled_0-jpg.webp","contentUrl":"https:\/\/ksproducts.ca\/wp-content\/uploads\/2023\/04\/wb3624w_36x24-wall-mounted-magnetic-whiteboard-angled_0-jpg.webp","width":1920,"height":1920,"caption":"magnetic-wall-mounting-board"},{"@type":"BreadcrumbList","@id":"https:\/\/ksproducts.ca\/product\/luxor-wall-mounted-magnetic-whiteboard-36-in-x-24-in\/#breadcrumb","itemListElement":[{"@type":"ListItem","position":1,"name":"Home","item":"https:\/\/ksproducts.ca\/"},{"@type":"ListItem","position":2,"name":"Shop","item":"https:\/\/ksproducts.ca\/shop\/"},{"@type":"ListItem","position":3,"name":"Luxor Wall-Mounted Magnetic Whiteboard &#8211; 36-in x 24-in"}]},{"@type":"WebSite","@id":"https:\/\/ksproducts.ca\/#website","url":"https:\/\/ksproducts.ca\/","name":"Produits Ks","description":"Cuisiner et vivre en plein air, c'est facile au Canada","publisher":{"@id":"https:\/\/ksproducts.ca\/#organization"},"potentialAction":[{"@type":"SearchAction","target":{"@type":"EntryPoint","urlTemplate":"https:\/\/ksproducts.ca\/?s={search_term_string}"},"query-input":{"@type":"PropertyValueSpecification","valueRequired":true,"valueName":"search_term_string"}}],"inLanguage":"fr-CA"},{"@type":"Organization","@id":"https:\/\/ksproducts.ca\/#organization","name":"Produits Ks","url":"https:\/\/ksproducts.ca\/","logo":{"@type":"ImageObject","inLanguage":"fr-CA","@id":"https:\/\/ksproducts.ca\/#\/schema\/logo\/image\/","url":"https:\/\/ksproducts.ca\/wp-content\/uploads\/2023\/09\/Kennedy-Sales-Logo-header-1.png","contentUrl":"https:\/\/ksproducts.ca\/wp-content\/uploads\/2023\/09\/Kennedy-Sales-Logo-header-1.png","width":150,"height":77,"caption":"Ks Products"},"image":{"@id":"https:\/\/ksproducts.ca\/#\/schema\/logo\/image\/"}}]}},"_links":{"self":[{"href":"https:\/\/ksproducts.ca\/fr\/wp-json\/wp\/v2\/product\/6594","targetHints":{"allow":["GET"]}}],"collection":[{"href":"https:\/\/ksproducts.ca\/fr\/wp-json\/wp\/v2\/product"}],"about":[{"href":"https:\/\/ksproducts.ca\/fr\/wp-json\/wp\/v2\/types\/product"}],"replies":[{"embeddable":true,"href":"https:\/\/ksproducts.ca\/fr\/wp-json\/wp\/v2\/comments?post=6594"}],"version-history":[{"count":1,"href":"https:\/\/ksproducts.ca\/fr\/wp-json\/wp\/v2\/product\/6594\/revisions"}],"predecessor-version":[{"id":10173,"href":"https:\/\/ksproducts.ca\/fr\/wp-json\/wp\/v2\/product\/6594\/revisions\/10173"}],"wp:featuredmedia":[{"embeddable":true,"href":"https:\/\/ksproducts.ca\/fr\/wp-json\/wp\/v2\/media\/6595"}],"wp:attachment":[{"href":"https:\/\/ksproducts.ca\/fr\/wp-json\/wp\/v2\/media?parent=6594"}],"wp:term":[{"taxonomy":"product_cat","embeddable":true,"href":"https:\/\/ksproducts.ca\/fr\/wp-json\/wp\/v2\/product_cat?post=6594"},{"taxonomy":"product_tag","embeddable":true,"href":"https:\/\/ksproducts.ca\/fr\/wp-json\/wp\/v2\/product_tag?post=6594"}],"curies":[{"name":"wp","href":"https:\/\/api.w.org\/{rel}","templated":true}]}}