{"id":6597,"date":"2023-04-17T18:43:59","date_gmt":"2023-04-17T18:43:59","guid":{"rendered":"https:\/\/ksproducts.ca\/?post_type=product&#038;p=6597"},"modified":"2026-04-23T20:32:04","modified_gmt":"2026-04-23T20:32:04","slug":"luxor-calendrier-mensuel-magnetique-effacable-a-sec-48-in-x-36-in","status":"publish","type":"product","link":"https:\/\/ksproducts.ca\/fr\/product\/luxor-magnetic-dry-erase-monthly-calendar-48-in-x-36-in\/","title":{"rendered":"Luxor Calendrier mensuel magn\u00e9tique effa\u00e7able \u00e0 sec - 48 po x 36 po"},"content":{"rendered":"","protected":false},"excerpt":{"rendered":"<p>Prenez votre emploi du temps en main avec le calendrier mensuel magn\u00e9tique effa\u00e7able \u00e0 sec Luxor 48\u201d x 36\u201d. Ce calendrier mural \u00e0 tableau blanc pr\u00e9sente un design d'un mois avec de grands espaces d'\u00e9criture pour chaque jour de la semaine et une liste de choses \u00e0 faire adjacente pour que les \u00e9quipes restent organis\u00e9es et productives.<\/p>","protected":false},"featured_media":6598,"comment_status":"open","ping_status":"closed","template":"","meta":[],"product_cat":[435],"product_tag":[],"class_list":{"0":"post-6597","1":"product","2":"type-product","3":"status-publish","4":"has-post-thumbnail","6":"product_cat-whiteboards-glass-boards","7":"product_shipping_class-class-4","9":"first","10":"instock","11":"taxable","12":"shipping-taxable","13":"product-type-simple"},"yoast_head":"<!-- This site is optimized with the Yoast SEO plugin v27.4 - https:\/\/yoast.com\/product\/yoast-seo-wordpress\/ -->\n<title>Luxor Magnetic Dry-Erase Monthly Calendar - 48-in x 36-in - Ks Products<\/title>\n<meta name=\"robots\" content=\"index, follow, max-snippet:-1, max-image-preview:large, max-video-preview:-1\" \/>\n<link rel=\"canonical\" href=\"https:\/\/ksproducts.ca\/fr\/product\/luxor-calendrier-mensuel-magnetique-effacable-a-sec-48-in-x-36-in\/\" \/>\n<meta property=\"og:locale\" content=\"fr_CA\" \/>\n<meta property=\"og:type\" content=\"article\" \/>\n<meta property=\"og:title\" content=\"Luxor Magnetic Dry-Erase Monthly Calendar - 48-in x 36-in - Ks Products\" \/>\n<meta property=\"og:description\" content=\"Take charge of your schedule with the Luxor 48\u201d x 36\u201d magnetic dry-erase monthly calendar. This wall-mounted, whiteboard calendar features a one-month design with sizeable writing spaces for each day of the week and an adjacent to-list to keep teams organized and productive.\" \/>\n<meta property=\"og:url\" content=\"https:\/\/ksproducts.ca\/fr\/product\/luxor-calendrier-mensuel-magnetique-effacable-a-sec-48-in-x-36-in\/\" \/>\n<meta property=\"og:site_name\" content=\"Ks Products\" \/>\n<meta property=\"article:modified_time\" content=\"2026-04-23T20:32:04+00:00\" \/>\n<meta property=\"og:image\" content=\"https:\/\/ksproducts.ca\/wp-content\/uploads\/2023\/04\/wb4836w_whiteboard_base_1-jpg.webp\" \/>\n\t<meta property=\"og:image:width\" content=\"1920\" \/>\n\t<meta property=\"og:image:height\" content=\"1920\" \/>\n\t<meta property=\"og:image:type\" content=\"image\/jpeg\" \/>\n<meta name=\"twitter:card\" content=\"summary_large_image\" \/>\n<script type=\"application\/ld+json\" class=\"yoast-schema-graph\">{\"@context\":\"https:\\\/\\\/schema.org\",\"@graph\":[{\"@type\":\"WebPage\",\"@id\":\"https:\\\/\\\/ksproducts.ca\\\/product\\\/luxor-magnetic-dry-erase-monthly-calendar-48-in-x-36-in\\\/\",\"url\":\"https:\\\/\\\/ksproducts.ca\\\/product\\\/luxor-magnetic-dry-erase-monthly-calendar-48-in-x-36-in\\\/\",\"name\":\"Luxor Magnetic Dry-Erase Monthly Calendar - 48-in x 36-in - Ks Products\",\"isPartOf\":{\"@id\":\"https:\\\/\\\/ksproducts.ca\\\/#website\"},\"primaryImageOfPage\":{\"@id\":\"https:\\\/\\\/ksproducts.ca\\\/product\\\/luxor-magnetic-dry-erase-monthly-calendar-48-in-x-36-in\\\/#primaryimage\"},\"image\":{\"@id\":\"https:\\\/\\\/ksproducts.ca\\\/product\\\/luxor-magnetic-dry-erase-monthly-calendar-48-in-x-36-in\\\/#primaryimage\"},\"thumbnailUrl\":\"https:\\\/\\\/ksproducts.ca\\\/wp-content\\\/uploads\\\/2023\\\/04\\\/wb4836w_whiteboard_base_1-jpg.webp\",\"datePublished\":\"2023-04-17T18:43:59+00:00\",\"dateModified\":\"2026-04-23T20:32:04+00:00\",\"breadcrumb\":{\"@id\":\"https:\\\/\\\/ksproducts.ca\\\/product\\\/luxor-magnetic-dry-erase-monthly-calendar-48-in-x-36-in\\\/#breadcrumb\"},\"inLanguage\":\"fr-CA\",\"potentialAction\":[{\"@type\":\"ReadAction\",\"target\":[\"https:\\\/\\\/ksproducts.ca\\\/product\\\/luxor-magnetic-dry-erase-monthly-calendar-48-in-x-36-in\\\/\"]}]},{\"@type\":\"ImageObject\",\"inLanguage\":\"fr-CA\",\"@id\":\"https:\\\/\\\/ksproducts.ca\\\/product\\\/luxor-magnetic-dry-erase-monthly-calendar-48-in-x-36-in\\\/#primaryimage\",\"url\":\"https:\\\/\\\/ksproducts.ca\\\/wp-content\\\/uploads\\\/2023\\\/04\\\/wb4836w_whiteboard_base_1-jpg.webp\",\"contentUrl\":\"https:\\\/\\\/ksproducts.ca\\\/wp-content\\\/uploads\\\/2023\\\/04\\\/wb4836w_whiteboard_base_1-jpg.webp\",\"width\":1920,\"height\":1920,\"caption\":\"magnetic-wall-mounting-board\"},{\"@type\":\"BreadcrumbList\",\"@id\":\"https:\\\/\\\/ksproducts.ca\\\/product\\\/luxor-magnetic-dry-erase-monthly-calendar-48-in-x-36-in\\\/#breadcrumb\",\"itemListElement\":[{\"@type\":\"ListItem\",\"position\":1,\"name\":\"Home\",\"item\":\"https:\\\/\\\/ksproducts.ca\\\/\"},{\"@type\":\"ListItem\",\"position\":2,\"name\":\"Shop\",\"item\":\"https:\\\/\\\/ksproducts.ca\\\/shop\\\/\"},{\"@type\":\"ListItem\",\"position\":3,\"name\":\"Luxor Magnetic Dry-Erase Monthly Calendar &#8211; 48-in x 36-in\"}]},{\"@type\":\"WebSite\",\"@id\":\"https:\\\/\\\/ksproducts.ca\\\/#website\",\"url\":\"https:\\\/\\\/ksproducts.ca\\\/\",\"name\":\"Ks Products\",\"description\":\"Outdoor cooking and living, made easy in Canada\",\"publisher\":{\"@id\":\"https:\\\/\\\/ksproducts.ca\\\/#organization\"},\"potentialAction\":[{\"@type\":\"SearchAction\",\"target\":{\"@type\":\"EntryPoint\",\"urlTemplate\":\"https:\\\/\\\/ksproducts.ca\\\/?s={search_term_string}\"},\"query-input\":{\"@type\":\"PropertyValueSpecification\",\"valueRequired\":true,\"valueName\":\"search_term_string\"}}],\"inLanguage\":\"fr-CA\"},{\"@type\":\"Organization\",\"@id\":\"https:\\\/\\\/ksproducts.ca\\\/#organization\",\"name\":\"Ks Products\",\"url\":\"https:\\\/\\\/ksproducts.ca\\\/\",\"logo\":{\"@type\":\"ImageObject\",\"inLanguage\":\"fr-CA\",\"@id\":\"https:\\\/\\\/ksproducts.ca\\\/#\\\/schema\\\/logo\\\/image\\\/\",\"url\":\"https:\\\/\\\/ksproducts.ca\\\/wp-content\\\/uploads\\\/2023\\\/09\\\/Kennedy-Sales-Logo-header-1.png\",\"contentUrl\":\"https:\\\/\\\/ksproducts.ca\\\/wp-content\\\/uploads\\\/2023\\\/09\\\/Kennedy-Sales-Logo-header-1.png\",\"width\":150,\"height\":77,\"caption\":\"Ks Products\"},\"image\":{\"@id\":\"https:\\\/\\\/ksproducts.ca\\\/#\\\/schema\\\/logo\\\/image\\\/\"}}]}<\/script>\n<!-- \/ Yoast SEO plugin. -->","yoast_head_json":{"title":"Luxor Calendrier mensuel magn\u00e9tique effa\u00e7able \u00e0 sec - 48 po x 36 po - Ks Products","robots":{"index":"index","follow":"follow","max-snippet":"max-snippet:-1","max-image-preview":"max-image-preview:large","max-video-preview":"max-video-preview:-1"},"canonical":"https:\/\/ksproducts.ca\/fr\/product\/luxor-calendrier-mensuel-magnetique-effacable-a-sec-48-in-x-36-in\/","og_locale":"fr_CA","og_type":"article","og_title":"Luxor Magnetic Dry-Erase Monthly Calendar - 48-in x 36-in - Ks Products","og_description":"Take charge of your schedule with the Luxor 48\u201d x 36\u201d magnetic dry-erase monthly calendar. This wall-mounted, whiteboard calendar features a one-month design with sizeable writing spaces for each day of the week and an adjacent to-list to keep teams organized and productive.","og_url":"https:\/\/ksproducts.ca\/fr\/product\/luxor-calendrier-mensuel-magnetique-effacable-a-sec-48-in-x-36-in\/","og_site_name":"Ks Products","article_modified_time":"2026-04-23T20:32:04+00:00","og_image":[{"width":1920,"height":1920,"url":"https:\/\/ksproducts.ca\/wp-content\/uploads\/2023\/04\/wb4836w_whiteboard_base_1-jpg.webp","type":"image\/jpeg"}],"twitter_card":"summary_large_image","schema":{"@context":"https:\/\/schema.org","@graph":[{"@type":"WebPage","@id":"https:\/\/ksproducts.ca\/product\/luxor-magnetic-dry-erase-monthly-calendar-48-in-x-36-in\/","url":"https:\/\/ksproducts.ca\/product\/luxor-magnetic-dry-erase-monthly-calendar-48-in-x-36-in\/","name":"Luxor Calendrier mensuel magn\u00e9tique effa\u00e7able \u00e0 sec - 48 po x 36 po - Ks Products","isPartOf":{"@id":"https:\/\/ksproducts.ca\/#website"},"primaryImageOfPage":{"@id":"https:\/\/ksproducts.ca\/product\/luxor-magnetic-dry-erase-monthly-calendar-48-in-x-36-in\/#primaryimage"},"image":{"@id":"https:\/\/ksproducts.ca\/product\/luxor-magnetic-dry-erase-monthly-calendar-48-in-x-36-in\/#primaryimage"},"thumbnailUrl":"https:\/\/ksproducts.ca\/wp-content\/uploads\/2023\/04\/wb4836w_whiteboard_base_1-jpg.webp","datePublished":"2023-04-17T18:43:59+00:00","dateModified":"2026-04-23T20:32:04+00:00","breadcrumb":{"@id":"https:\/\/ksproducts.ca\/product\/luxor-magnetic-dry-erase-monthly-calendar-48-in-x-36-in\/#breadcrumb"},"inLanguage":"fr-CA","potentialAction":[{"@type":"ReadAction","target":["https:\/\/ksproducts.ca\/product\/luxor-magnetic-dry-erase-monthly-calendar-48-in-x-36-in\/"]}]},{"@type":"ImageObject","inLanguage":"fr-CA","@id":"https:\/\/ksproducts.ca\/product\/luxor-magnetic-dry-erase-monthly-calendar-48-in-x-36-in\/#primaryimage","url":"https:\/\/ksproducts.ca\/wp-content\/uploads\/2023\/04\/wb4836w_whiteboard_base_1-jpg.webp","contentUrl":"https:\/\/ksproducts.ca\/wp-content\/uploads\/2023\/04\/wb4836w_whiteboard_base_1-jpg.webp","width":1920,"height":1920,"caption":"magnetic-wall-mounting-board"},{"@type":"BreadcrumbList","@id":"https:\/\/ksproducts.ca\/product\/luxor-magnetic-dry-erase-monthly-calendar-48-in-x-36-in\/#breadcrumb","itemListElement":[{"@type":"ListItem","position":1,"name":"Home","item":"https:\/\/ksproducts.ca\/"},{"@type":"ListItem","position":2,"name":"Shop","item":"https:\/\/ksproducts.ca\/shop\/"},{"@type":"ListItem","position":3,"name":"Luxor Magnetic Dry-Erase Monthly Calendar &#8211; 48-in x 36-in"}]},{"@type":"WebSite","@id":"https:\/\/ksproducts.ca\/#website","url":"https:\/\/ksproducts.ca\/","name":"Produits Ks","description":"Cuisiner et vivre en plein air, c'est facile au Canada","publisher":{"@id":"https:\/\/ksproducts.ca\/#organization"},"potentialAction":[{"@type":"SearchAction","target":{"@type":"EntryPoint","urlTemplate":"https:\/\/ksproducts.ca\/?s={search_term_string}"},"query-input":{"@type":"PropertyValueSpecification","valueRequired":true,"valueName":"search_term_string"}}],"inLanguage":"fr-CA"},{"@type":"Organization","@id":"https:\/\/ksproducts.ca\/#organization","name":"Produits Ks","url":"https:\/\/ksproducts.ca\/","logo":{"@type":"ImageObject","inLanguage":"fr-CA","@id":"https:\/\/ksproducts.ca\/#\/schema\/logo\/image\/","url":"https:\/\/ksproducts.ca\/wp-content\/uploads\/2023\/09\/Kennedy-Sales-Logo-header-1.png","contentUrl":"https:\/\/ksproducts.ca\/wp-content\/uploads\/2023\/09\/Kennedy-Sales-Logo-header-1.png","width":150,"height":77,"caption":"Ks Products"},"image":{"@id":"https:\/\/ksproducts.ca\/#\/schema\/logo\/image\/"}}]}},"_links":{"self":[{"href":"https:\/\/ksproducts.ca\/fr\/wp-json\/wp\/v2\/product\/6597","targetHints":{"allow":["GET"]}}],"collection":[{"href":"https:\/\/ksproducts.ca\/fr\/wp-json\/wp\/v2\/product"}],"about":[{"href":"https:\/\/ksproducts.ca\/fr\/wp-json\/wp\/v2\/types\/product"}],"replies":[{"embeddable":true,"href":"https:\/\/ksproducts.ca\/fr\/wp-json\/wp\/v2\/comments?post=6597"}],"version-history":[{"count":1,"href":"https:\/\/ksproducts.ca\/fr\/wp-json\/wp\/v2\/product\/6597\/revisions"}],"predecessor-version":[{"id":10174,"href":"https:\/\/ksproducts.ca\/fr\/wp-json\/wp\/v2\/product\/6597\/revisions\/10174"}],"wp:featuredmedia":[{"embeddable":true,"href":"https:\/\/ksproducts.ca\/fr\/wp-json\/wp\/v2\/media\/6598"}],"wp:attachment":[{"href":"https:\/\/ksproducts.ca\/fr\/wp-json\/wp\/v2\/media?parent=6597"}],"wp:term":[{"taxonomy":"product_cat","embeddable":true,"href":"https:\/\/ksproducts.ca\/fr\/wp-json\/wp\/v2\/product_cat?post=6597"},{"taxonomy":"product_tag","embeddable":true,"href":"https:\/\/ksproducts.ca\/fr\/wp-json\/wp\/v2\/product_tag?post=6597"}],"curies":[{"name":"wp","href":"https:\/\/api.w.org\/{rel}","templated":true}]}}