{"id":6599,"date":"2023-04-17T18:47:04","date_gmt":"2023-04-17T18:47:04","guid":{"rendered":"https:\/\/ksproducts.ca\/?post_type=product&#038;p=6599"},"modified":"2026-04-03T20:16:51","modified_gmt":"2026-04-03T20:16:51","slug":"luxor-wall-mounted-magnetic-ghost-grid-whiteboard-48-in-x-36-in","status":"publish","type":"product","link":"https:\/\/ksproducts.ca\/fr\/product\/luxor-wall-mounted-magnetic-ghost-grid-whiteboard-48-in-x-36-in\/","title":{"rendered":"Luxor Tableau blanc magn\u00e9tique \u00e0 grille fant\u00f4me mont\u00e9 au mur - 48 po x 36 po"},"content":{"rendered":"","protected":false},"excerpt":{"rendered":"<p>L\u00e9ger, durable et facile \u00e0 monter, le tableau blanc magn\u00e9tique \u00e0 grille fant\u00f4me de Luxor offre un aspect moderne avec la fonctionnalit\u00e9 et la polyvalence requises pour les salles de classe, les bureaux, les centres de formation ou les sites de production d'aujourd'hui.<\/p>","protected":false},"featured_media":6600,"comment_status":"open","ping_status":"closed","template":"","meta":[],"product_cat":[435],"product_tag":[],"class_list":{"0":"post-6599","1":"product","2":"type-product","3":"status-publish","4":"has-post-thumbnail","6":"product_cat-whiteboards-glass-boards","7":"product_shipping_class-class-4","9":"first","10":"instock","11":"taxable","12":"shipping-taxable","13":"purchasable","14":"product-type-simple"},"yoast_head":"<!-- This site is optimized with the Yoast SEO plugin v27.3 - https:\/\/yoast.com\/product\/yoast-seo-wordpress\/ -->\n<title>Luxor Wall-Mounted Magnetic Ghost Grid Whiteboard - 48-in x 36-in - Ks Products<\/title>\n<meta name=\"robots\" content=\"index, follow, max-snippet:-1, max-image-preview:large, max-video-preview:-1\" \/>\n<link rel=\"canonical\" href=\"https:\/\/ksproducts.ca\/fr\/product\/luxor-wall-mounted-magnetic-ghost-grid-whiteboard-48-in-x-36-in\/\" \/>\n<meta property=\"og:locale\" content=\"fr_CA\" \/>\n<meta property=\"og:type\" content=\"article\" \/>\n<meta property=\"og:title\" content=\"Luxor Wall-Mounted Magnetic Ghost Grid Whiteboard - 48-in x 36-in - Ks Products\" \/>\n<meta property=\"og:description\" content=\"Lightweight, durable, and easy to mount, Luxor\u2019s magnetic ghost grid whiteboard offers a modern look with the functionality and versatility required for today\u2019s classroom, office, training center, or production setting.\" \/>\n<meta property=\"og:url\" content=\"https:\/\/ksproducts.ca\/fr\/product\/luxor-wall-mounted-magnetic-ghost-grid-whiteboard-48-in-x-36-in\/\" \/>\n<meta property=\"og:site_name\" content=\"Ks Products\" \/>\n<meta property=\"article:modified_time\" content=\"2026-04-03T20:16:51+00:00\" \/>\n<meta property=\"og:image\" content=\"https:\/\/ksproducts.ca\/wp-content\/uploads\/2023\/04\/wb4836lb_white_1-jpg.webp\" \/>\n\t<meta property=\"og:image:width\" content=\"1920\" \/>\n\t<meta property=\"og:image:height\" content=\"1920\" \/>\n\t<meta property=\"og:image:type\" content=\"image\/jpeg\" \/>\n<meta name=\"twitter:card\" content=\"summary_large_image\" \/>\n<script type=\"application\/ld+json\" class=\"yoast-schema-graph\">{\"@context\":\"https:\\\/\\\/schema.org\",\"@graph\":[{\"@type\":\"WebPage\",\"@id\":\"https:\\\/\\\/ksproducts.ca\\\/product\\\/luxor-wall-mounted-magnetic-ghost-grid-whiteboard-48-in-x-36-in\\\/\",\"url\":\"https:\\\/\\\/ksproducts.ca\\\/product\\\/luxor-wall-mounted-magnetic-ghost-grid-whiteboard-48-in-x-36-in\\\/\",\"name\":\"Luxor Wall-Mounted Magnetic Ghost Grid Whiteboard - 48-in x 36-in - Ks Products\",\"isPartOf\":{\"@id\":\"https:\\\/\\\/ksproducts.ca\\\/#website\"},\"primaryImageOfPage\":{\"@id\":\"https:\\\/\\\/ksproducts.ca\\\/product\\\/luxor-wall-mounted-magnetic-ghost-grid-whiteboard-48-in-x-36-in\\\/#primaryimage\"},\"image\":{\"@id\":\"https:\\\/\\\/ksproducts.ca\\\/product\\\/luxor-wall-mounted-magnetic-ghost-grid-whiteboard-48-in-x-36-in\\\/#primaryimage\"},\"thumbnailUrl\":\"https:\\\/\\\/ksproducts.ca\\\/wp-content\\\/uploads\\\/2023\\\/04\\\/wb4836lb_white_1-jpg.webp\",\"datePublished\":\"2023-04-17T18:47:04+00:00\",\"dateModified\":\"2026-04-03T20:16:51+00:00\",\"breadcrumb\":{\"@id\":\"https:\\\/\\\/ksproducts.ca\\\/product\\\/luxor-wall-mounted-magnetic-ghost-grid-whiteboard-48-in-x-36-in\\\/#breadcrumb\"},\"inLanguage\":\"fr-CA\",\"potentialAction\":[{\"@type\":\"ReadAction\",\"target\":[\"https:\\\/\\\/ksproducts.ca\\\/product\\\/luxor-wall-mounted-magnetic-ghost-grid-whiteboard-48-in-x-36-in\\\/\"]}]},{\"@type\":\"ImageObject\",\"inLanguage\":\"fr-CA\",\"@id\":\"https:\\\/\\\/ksproducts.ca\\\/product\\\/luxor-wall-mounted-magnetic-ghost-grid-whiteboard-48-in-x-36-in\\\/#primaryimage\",\"url\":\"https:\\\/\\\/ksproducts.ca\\\/wp-content\\\/uploads\\\/2023\\\/04\\\/wb4836lb_white_1-jpg.webp\",\"contentUrl\":\"https:\\\/\\\/ksproducts.ca\\\/wp-content\\\/uploads\\\/2023\\\/04\\\/wb4836lb_white_1-jpg.webp\",\"width\":1920,\"height\":1920,\"caption\":\"magnetic-wall-mounting-board\"},{\"@type\":\"BreadcrumbList\",\"@id\":\"https:\\\/\\\/ksproducts.ca\\\/product\\\/luxor-wall-mounted-magnetic-ghost-grid-whiteboard-48-in-x-36-in\\\/#breadcrumb\",\"itemListElement\":[{\"@type\":\"ListItem\",\"position\":1,\"name\":\"Home\",\"item\":\"https:\\\/\\\/ksproducts.ca\\\/\"},{\"@type\":\"ListItem\",\"position\":2,\"name\":\"Shop\",\"item\":\"https:\\\/\\\/ksproducts.ca\\\/shop\\\/\"},{\"@type\":\"ListItem\",\"position\":3,\"name\":\"Luxor Wall-Mounted Magnetic Ghost Grid Whiteboard &#8211; 48-in x 36-in\"}]},{\"@type\":\"WebSite\",\"@id\":\"https:\\\/\\\/ksproducts.ca\\\/#website\",\"url\":\"https:\\\/\\\/ksproducts.ca\\\/\",\"name\":\"Ks Products\",\"description\":\"Outdoor cooking and living, made easy in Canada\",\"publisher\":{\"@id\":\"https:\\\/\\\/ksproducts.ca\\\/#organization\"},\"potentialAction\":[{\"@type\":\"SearchAction\",\"target\":{\"@type\":\"EntryPoint\",\"urlTemplate\":\"https:\\\/\\\/ksproducts.ca\\\/?s={search_term_string}\"},\"query-input\":{\"@type\":\"PropertyValueSpecification\",\"valueRequired\":true,\"valueName\":\"search_term_string\"}}],\"inLanguage\":\"fr-CA\"},{\"@type\":\"Organization\",\"@id\":\"https:\\\/\\\/ksproducts.ca\\\/#organization\",\"name\":\"Ks Products\",\"url\":\"https:\\\/\\\/ksproducts.ca\\\/\",\"logo\":{\"@type\":\"ImageObject\",\"inLanguage\":\"fr-CA\",\"@id\":\"https:\\\/\\\/ksproducts.ca\\\/#\\\/schema\\\/logo\\\/image\\\/\",\"url\":\"https:\\\/\\\/ksproducts.ca\\\/wp-content\\\/uploads\\\/2023\\\/09\\\/Kennedy-Sales-Logo-header-1.png\",\"contentUrl\":\"https:\\\/\\\/ksproducts.ca\\\/wp-content\\\/uploads\\\/2023\\\/09\\\/Kennedy-Sales-Logo-header-1.png\",\"width\":150,\"height\":77,\"caption\":\"Ks Products\"},\"image\":{\"@id\":\"https:\\\/\\\/ksproducts.ca\\\/#\\\/schema\\\/logo\\\/image\\\/\"}}]}<\/script>\n<!-- \/ Yoast SEO plugin. -->","yoast_head_json":{"title":"Luxor Tableau blanc magn\u00e9tique \u00e0 grille fant\u00f4me mural - 48 po x 36 po - Ks Products","robots":{"index":"index","follow":"follow","max-snippet":"max-snippet:-1","max-image-preview":"max-image-preview:large","max-video-preview":"max-video-preview:-1"},"canonical":"https:\/\/ksproducts.ca\/fr\/product\/luxor-wall-mounted-magnetic-ghost-grid-whiteboard-48-in-x-36-in\/","og_locale":"fr_CA","og_type":"article","og_title":"Luxor Wall-Mounted Magnetic Ghost Grid Whiteboard - 48-in x 36-in - Ks Products","og_description":"Lightweight, durable, and easy to mount, Luxor\u2019s magnetic ghost grid whiteboard offers a modern look with the functionality and versatility required for today\u2019s classroom, office, training center, or production setting.","og_url":"https:\/\/ksproducts.ca\/fr\/product\/luxor-wall-mounted-magnetic-ghost-grid-whiteboard-48-in-x-36-in\/","og_site_name":"Ks Products","article_modified_time":"2026-04-03T20:16:51+00:00","og_image":[{"width":1920,"height":1920,"url":"https:\/\/ksproducts.ca\/wp-content\/uploads\/2023\/04\/wb4836lb_white_1-jpg.webp","type":"image\/jpeg"}],"twitter_card":"summary_large_image","schema":{"@context":"https:\/\/schema.org","@graph":[{"@type":"WebPage","@id":"https:\/\/ksproducts.ca\/product\/luxor-wall-mounted-magnetic-ghost-grid-whiteboard-48-in-x-36-in\/","url":"https:\/\/ksproducts.ca\/product\/luxor-wall-mounted-magnetic-ghost-grid-whiteboard-48-in-x-36-in\/","name":"Luxor Tableau blanc magn\u00e9tique \u00e0 grille fant\u00f4me mural - 48 po x 36 po - Ks Products","isPartOf":{"@id":"https:\/\/ksproducts.ca\/#website"},"primaryImageOfPage":{"@id":"https:\/\/ksproducts.ca\/product\/luxor-wall-mounted-magnetic-ghost-grid-whiteboard-48-in-x-36-in\/#primaryimage"},"image":{"@id":"https:\/\/ksproducts.ca\/product\/luxor-wall-mounted-magnetic-ghost-grid-whiteboard-48-in-x-36-in\/#primaryimage"},"thumbnailUrl":"https:\/\/ksproducts.ca\/wp-content\/uploads\/2023\/04\/wb4836lb_white_1-jpg.webp","datePublished":"2023-04-17T18:47:04+00:00","dateModified":"2026-04-03T20:16:51+00:00","breadcrumb":{"@id":"https:\/\/ksproducts.ca\/product\/luxor-wall-mounted-magnetic-ghost-grid-whiteboard-48-in-x-36-in\/#breadcrumb"},"inLanguage":"fr-CA","potentialAction":[{"@type":"ReadAction","target":["https:\/\/ksproducts.ca\/product\/luxor-wall-mounted-magnetic-ghost-grid-whiteboard-48-in-x-36-in\/"]}]},{"@type":"ImageObject","inLanguage":"fr-CA","@id":"https:\/\/ksproducts.ca\/product\/luxor-wall-mounted-magnetic-ghost-grid-whiteboard-48-in-x-36-in\/#primaryimage","url":"https:\/\/ksproducts.ca\/wp-content\/uploads\/2023\/04\/wb4836lb_white_1-jpg.webp","contentUrl":"https:\/\/ksproducts.ca\/wp-content\/uploads\/2023\/04\/wb4836lb_white_1-jpg.webp","width":1920,"height":1920,"caption":"magnetic-wall-mounting-board"},{"@type":"BreadcrumbList","@id":"https:\/\/ksproducts.ca\/product\/luxor-wall-mounted-magnetic-ghost-grid-whiteboard-48-in-x-36-in\/#breadcrumb","itemListElement":[{"@type":"ListItem","position":1,"name":"Home","item":"https:\/\/ksproducts.ca\/"},{"@type":"ListItem","position":2,"name":"Shop","item":"https:\/\/ksproducts.ca\/shop\/"},{"@type":"ListItem","position":3,"name":"Luxor Wall-Mounted Magnetic Ghost Grid Whiteboard &#8211; 48-in x 36-in"}]},{"@type":"WebSite","@id":"https:\/\/ksproducts.ca\/#website","url":"https:\/\/ksproducts.ca\/","name":"Produits Ks","description":"Cuisiner et vivre en plein air, c'est facile au Canada","publisher":{"@id":"https:\/\/ksproducts.ca\/#organization"},"potentialAction":[{"@type":"SearchAction","target":{"@type":"EntryPoint","urlTemplate":"https:\/\/ksproducts.ca\/?s={search_term_string}"},"query-input":{"@type":"PropertyValueSpecification","valueRequired":true,"valueName":"search_term_string"}}],"inLanguage":"fr-CA"},{"@type":"Organization","@id":"https:\/\/ksproducts.ca\/#organization","name":"Produits Ks","url":"https:\/\/ksproducts.ca\/","logo":{"@type":"ImageObject","inLanguage":"fr-CA","@id":"https:\/\/ksproducts.ca\/#\/schema\/logo\/image\/","url":"https:\/\/ksproducts.ca\/wp-content\/uploads\/2023\/09\/Kennedy-Sales-Logo-header-1.png","contentUrl":"https:\/\/ksproducts.ca\/wp-content\/uploads\/2023\/09\/Kennedy-Sales-Logo-header-1.png","width":150,"height":77,"caption":"Ks Products"},"image":{"@id":"https:\/\/ksproducts.ca\/#\/schema\/logo\/image\/"}}]}},"_links":{"self":[{"href":"https:\/\/ksproducts.ca\/fr\/wp-json\/wp\/v2\/product\/6599","targetHints":{"allow":["GET"]}}],"collection":[{"href":"https:\/\/ksproducts.ca\/fr\/wp-json\/wp\/v2\/product"}],"about":[{"href":"https:\/\/ksproducts.ca\/fr\/wp-json\/wp\/v2\/types\/product"}],"replies":[{"embeddable":true,"href":"https:\/\/ksproducts.ca\/fr\/wp-json\/wp\/v2\/comments?post=6599"}],"version-history":[{"count":1,"href":"https:\/\/ksproducts.ca\/fr\/wp-json\/wp\/v2\/product\/6599\/revisions"}],"predecessor-version":[{"id":10175,"href":"https:\/\/ksproducts.ca\/fr\/wp-json\/wp\/v2\/product\/6599\/revisions\/10175"}],"wp:featuredmedia":[{"embeddable":true,"href":"https:\/\/ksproducts.ca\/fr\/wp-json\/wp\/v2\/media\/6600"}],"wp:attachment":[{"href":"https:\/\/ksproducts.ca\/fr\/wp-json\/wp\/v2\/media?parent=6599"}],"wp:term":[{"taxonomy":"product_cat","embeddable":true,"href":"https:\/\/ksproducts.ca\/fr\/wp-json\/wp\/v2\/product_cat?post=6599"},{"taxonomy":"product_tag","embeddable":true,"href":"https:\/\/ksproducts.ca\/fr\/wp-json\/wp\/v2\/product_tag?post=6599"}],"curies":[{"name":"wp","href":"https:\/\/api.w.org\/{rel}","templated":true}]}}