{"id":6612,"date":"2023-04-17T19:05:04","date_gmt":"2023-04-17T19:05:04","guid":{"rendered":"https:\/\/ksproducts.ca\/?post_type=product&#038;p=6612"},"modified":"2026-03-05T18:02:38","modified_gmt":"2026-03-05T18:02:38","slug":"luxor-40-in-presentation-station-cabinet-electric-gray","status":"publish","type":"product","link":"https:\/\/ksproducts.ca\/fr\/product\/luxor-40-in-presentation-station-cabinet-electric-gray\/","title":{"rendered":"Luxor 40-in Presentation Station- Cabinet - \u00c9lectrique - Gris"},"content":{"rendered":"","protected":false},"excerpt":{"rendered":"<p>Que ce soit dans une salle de classe ou de r\u00e9union, la station de pr\u00e9sentation mobile Luxor 40 pouces offre une solution polyvalente pour la pr\u00e9sentation et le stockage des composants audiovisuels. Ce chariot de pr\u00e9sentation polyvalent dispose de quatre \u00e9tag\u00e8res plac\u00e9es \u00e0 diff\u00e9rentes hauteurs et offre des plateformes pouvant accueillir un projecteur et un ordinateur portable tout en laissant beaucoup d'espace pour d'autres \u00e9quipements et accessoires. Le chariot comprend \u00e9galement une armoire ventil\u00e9e et verrouillable pour ranger les objets et une prise \u00e9lectrique \u00e0 trois sorties avec enrouleur de cordon int\u00e9gr\u00e9. La deuxi\u00e8me \u00e9tag\u00e8re sert de plateau pour le clavier et s'ajuste entre 32 et 40 pouces de hauteur, ce qui permet d'accueillir plusieurs utilisateurs. Quatre roulettes silencieuses de 3 pouces offrent une mobilit\u00e9 totale, tandis que deux freins de verrouillage assurent la stabilit\u00e9 de l'unit\u00e9 pendant les pr\u00e9sentations.Que ce soit dans une salle de classe ou une r\u00e9union, le poste de pr\u00e9sentation mobile Luxor 40 pouces offre une solution polyvalente pour la pr\u00e9sentation et le stockage des composants audiovisuels. Ce chariot de pr\u00e9sentation polyvalent dispose de quatre \u00e9tag\u00e8res plac\u00e9es \u00e0 diff\u00e9rentes hauteurs et offre des plates-formes pouvant accueillir un projecteur et un ordinateur portable tout en offrant beaucoup d'espace pour d'autres \u00e9quipements et accessoires. Le chariot comprend \u00e9galement une armoire ventil\u00e9e et verrouillable pour ranger les objets et une prise \u00e9lectrique \u00e0 trois sorties avec enrouleur de cordon int\u00e9gr\u00e9. La deuxi\u00e8me \u00e9tag\u00e8re sert de plateau pour le clavier et s'ajuste entre 32 et 40 pouces de hauteur, ce qui permet d'accueillir plusieurs utilisateurs. Quatre roulettes silencieuses de 3 pouces assurent une mobilit\u00e9 totale, tandis que deux freins de blocage maintiennent l'unit\u00e9 stable pendant les pr\u00e9sentations.<\/p>","protected":false},"featured_media":6613,"comment_status":"open","ping_status":"closed","template":"","meta":[],"product_cat":[447],"product_tag":[],"class_list":{"0":"post-6612","1":"product","2":"type-product","3":"status-publish","4":"has-post-thumbnail","6":"product_cat-tv-stands-mounts","8":"first","9":"instock","10":"taxable","11":"shipping-taxable","12":"purchasable","13":"product-type-simple"},"yoast_head":"<!-- This site is optimized with the Yoast SEO plugin v27.3 - https:\/\/yoast.com\/product\/yoast-seo-wordpress\/ -->\n<title>Luxor 40-in Presentation Station- Cabinet - Electric - Gray - Ks Products<\/title>\n<meta name=\"robots\" content=\"index, follow, max-snippet:-1, max-image-preview:large, max-video-preview:-1\" \/>\n<link rel=\"canonical\" href=\"https:\/\/ksproducts.ca\/fr\/product\/luxor-40-in-presentation-station-cabinet-electric-gray\/\" \/>\n<meta property=\"og:locale\" content=\"fr_CA\" \/>\n<meta property=\"og:type\" content=\"article\" \/>\n<meta property=\"og:title\" content=\"Luxor 40-in Presentation Station- Cabinet - Electric - Gray - Ks Products\" \/>\n<meta property=\"og:description\" content=\"Whether in a classroom or meeting, the Luxor 40-in Mobile Presentation Station provides a versatile solution for presenting and storing AV components. This multipurpose presentation cart has four shelves set at differing heights and offers platforms that can hold a projector and laptop while providing plenty of space for other equipment and accessories. The cart also includes a locking, ventilated cabinet for storing items and a three-outlet electrical assembly with built-in cord wrap. The second shelf functions as a keyboard tray and adjusts between 32-in and 40-in high, accommodating multiple users. Four silent rolls 3-in casters deliver total mobility, while two locking brakes keep the unit stable during presentations.Whether in a classroom or meeting, the Luxor 40-in Mobile Presentation Station provides a versatile solution for presenting and storing AV components. This multipurpose presentation cart has four shelves set at differing heights and offers platforms that can hold a projector and laptop while providing plenty of space for other equipment and accessories. The cart also includes a locking, ventilated cabinet for storing items and a three-outlet electrical assembly with built-in cord wrap. The second shelf functions as a keyboard tray and adjusts between 32-in and 40-in high, accommodating multiple users. Four silent rolls 3-in casters deliver total mobility, while two locking brakes keep the unit stable during presentations.\" \/>\n<meta property=\"og:url\" content=\"https:\/\/ksproducts.ca\/fr\/product\/luxor-40-in-presentation-station-cabinet-electric-gray\/\" \/>\n<meta property=\"og:site_name\" content=\"Ks Products\" \/>\n<meta property=\"article:modified_time\" content=\"2026-03-05T18:02:38+00:00\" \/>\n<meta property=\"og:image\" content=\"https:\/\/ksproducts.ca\/wp-content\/uploads\/2023\/04\/wps4ce_40in-mobile-presentation-station-four-shelf-light-gray-electric-cabinet-angled_0-jpg.webp\" \/>\n\t<meta property=\"og:image:width\" content=\"1920\" \/>\n\t<meta property=\"og:image:height\" content=\"1920\" \/>\n\t<meta property=\"og:image:type\" content=\"image\/jpeg\" \/>\n<meta name=\"twitter:card\" content=\"summary_large_image\" \/>\n<script type=\"application\/ld+json\" class=\"yoast-schema-graph\">{\"@context\":\"https:\\\/\\\/schema.org\",\"@graph\":[{\"@type\":\"WebPage\",\"@id\":\"https:\\\/\\\/ksproducts.ca\\\/product\\\/luxor-40-in-presentation-station-cabinet-electric-gray\\\/\",\"url\":\"https:\\\/\\\/ksproducts.ca\\\/product\\\/luxor-40-in-presentation-station-cabinet-electric-gray\\\/\",\"name\":\"Luxor 40-in Presentation Station- Cabinet - Electric - Gray - Ks Products\",\"isPartOf\":{\"@id\":\"https:\\\/\\\/ksproducts.ca\\\/#website\"},\"primaryImageOfPage\":{\"@id\":\"https:\\\/\\\/ksproducts.ca\\\/product\\\/luxor-40-in-presentation-station-cabinet-electric-gray\\\/#primaryimage\"},\"image\":{\"@id\":\"https:\\\/\\\/ksproducts.ca\\\/product\\\/luxor-40-in-presentation-station-cabinet-electric-gray\\\/#primaryimage\"},\"thumbnailUrl\":\"https:\\\/\\\/ksproducts.ca\\\/wp-content\\\/uploads\\\/2023\\\/04\\\/wps4ce_40in-mobile-presentation-station-four-shelf-light-gray-electric-cabinet-angled_0-jpg.webp\",\"datePublished\":\"2023-04-17T19:05:04+00:00\",\"dateModified\":\"2026-03-05T18:02:38+00:00\",\"breadcrumb\":{\"@id\":\"https:\\\/\\\/ksproducts.ca\\\/product\\\/luxor-40-in-presentation-station-cabinet-electric-gray\\\/#breadcrumb\"},\"inLanguage\":\"fr-CA\",\"potentialAction\":[{\"@type\":\"ReadAction\",\"target\":[\"https:\\\/\\\/ksproducts.ca\\\/product\\\/luxor-40-in-presentation-station-cabinet-electric-gray\\\/\"]}]},{\"@type\":\"ImageObject\",\"inLanguage\":\"fr-CA\",\"@id\":\"https:\\\/\\\/ksproducts.ca\\\/product\\\/luxor-40-in-presentation-station-cabinet-electric-gray\\\/#primaryimage\",\"url\":\"https:\\\/\\\/ksproducts.ca\\\/wp-content\\\/uploads\\\/2023\\\/04\\\/wps4ce_40in-mobile-presentation-station-four-shelf-light-gray-electric-cabinet-angled_0-jpg.webp\",\"contentUrl\":\"https:\\\/\\\/ksproducts.ca\\\/wp-content\\\/uploads\\\/2023\\\/04\\\/wps4ce_40in-mobile-presentation-station-four-shelf-light-gray-electric-cabinet-angled_0-jpg.webp\",\"width\":1920,\"height\":1920,\"caption\":\"Luxor 40-in Presentation Station- Cabinet - Electric - Gray\"},{\"@type\":\"BreadcrumbList\",\"@id\":\"https:\\\/\\\/ksproducts.ca\\\/product\\\/luxor-40-in-presentation-station-cabinet-electric-gray\\\/#breadcrumb\",\"itemListElement\":[{\"@type\":\"ListItem\",\"position\":1,\"name\":\"Home\",\"item\":\"https:\\\/\\\/ksproducts.ca\\\/\"},{\"@type\":\"ListItem\",\"position\":2,\"name\":\"Shop\",\"item\":\"https:\\\/\\\/ksproducts.ca\\\/shop\\\/\"},{\"@type\":\"ListItem\",\"position\":3,\"name\":\"Luxor 40-in Presentation Station- Cabinet &#8211; Electric &#8211; Gray\"}]},{\"@type\":\"WebSite\",\"@id\":\"https:\\\/\\\/ksproducts.ca\\\/#website\",\"url\":\"https:\\\/\\\/ksproducts.ca\\\/\",\"name\":\"Ks Products\",\"description\":\"Outdoor cooking and living, made easy in Canada\",\"publisher\":{\"@id\":\"https:\\\/\\\/ksproducts.ca\\\/#organization\"},\"potentialAction\":[{\"@type\":\"SearchAction\",\"target\":{\"@type\":\"EntryPoint\",\"urlTemplate\":\"https:\\\/\\\/ksproducts.ca\\\/?s={search_term_string}\"},\"query-input\":{\"@type\":\"PropertyValueSpecification\",\"valueRequired\":true,\"valueName\":\"search_term_string\"}}],\"inLanguage\":\"fr-CA\"},{\"@type\":\"Organization\",\"@id\":\"https:\\\/\\\/ksproducts.ca\\\/#organization\",\"name\":\"Ks Products\",\"url\":\"https:\\\/\\\/ksproducts.ca\\\/\",\"logo\":{\"@type\":\"ImageObject\",\"inLanguage\":\"fr-CA\",\"@id\":\"https:\\\/\\\/ksproducts.ca\\\/#\\\/schema\\\/logo\\\/image\\\/\",\"url\":\"https:\\\/\\\/ksproducts.ca\\\/wp-content\\\/uploads\\\/2023\\\/09\\\/Kennedy-Sales-Logo-header-1.png\",\"contentUrl\":\"https:\\\/\\\/ksproducts.ca\\\/wp-content\\\/uploads\\\/2023\\\/09\\\/Kennedy-Sales-Logo-header-1.png\",\"width\":150,\"height\":77,\"caption\":\"Ks Products\"},\"image\":{\"@id\":\"https:\\\/\\\/ksproducts.ca\\\/#\\\/schema\\\/logo\\\/image\\\/\"}}]}<\/script>\n<!-- \/ Yoast SEO plugin. -->","yoast_head_json":{"title":"Luxor 40-in Presentation Station- Cabinet - Electric - Gray - Ks Products","robots":{"index":"index","follow":"follow","max-snippet":"max-snippet:-1","max-image-preview":"max-image-preview:large","max-video-preview":"max-video-preview:-1"},"canonical":"https:\/\/ksproducts.ca\/fr\/product\/luxor-40-in-presentation-station-cabinet-electric-gray\/","og_locale":"fr_CA","og_type":"article","og_title":"Luxor 40-in Presentation Station- Cabinet - Electric - Gray - Ks Products","og_description":"Whether in a classroom or meeting, the Luxor 40-in Mobile Presentation Station provides a versatile solution for presenting and storing AV components. This multipurpose presentation cart has four shelves set at differing heights and offers platforms that can hold a projector and laptop while providing plenty of space for other equipment and accessories. The cart also includes a locking, ventilated cabinet for storing items and a three-outlet electrical assembly with built-in cord wrap. The second shelf functions as a keyboard tray and adjusts between 32-in and 40-in high, accommodating multiple users. Four silent rolls 3-in casters deliver total mobility, while two locking brakes keep the unit stable during presentations.Whether in a classroom or meeting, the Luxor 40-in Mobile Presentation Station provides a versatile solution for presenting and storing AV components. This multipurpose presentation cart has four shelves set at differing heights and offers platforms that can hold a projector and laptop while providing plenty of space for other equipment and accessories. The cart also includes a locking, ventilated cabinet for storing items and a three-outlet electrical assembly with built-in cord wrap. The second shelf functions as a keyboard tray and adjusts between 32-in and 40-in high, accommodating multiple users. Four silent rolls 3-in casters deliver total mobility, while two locking brakes keep the unit stable during presentations.","og_url":"https:\/\/ksproducts.ca\/fr\/product\/luxor-40-in-presentation-station-cabinet-electric-gray\/","og_site_name":"Ks Products","article_modified_time":"2026-03-05T18:02:38+00:00","og_image":[{"width":1920,"height":1920,"url":"https:\/\/ksproducts.ca\/wp-content\/uploads\/2023\/04\/wps4ce_40in-mobile-presentation-station-four-shelf-light-gray-electric-cabinet-angled_0-jpg.webp","type":"image\/jpeg"}],"twitter_card":"summary_large_image","schema":{"@context":"https:\/\/schema.org","@graph":[{"@type":"WebPage","@id":"https:\/\/ksproducts.ca\/product\/luxor-40-in-presentation-station-cabinet-electric-gray\/","url":"https:\/\/ksproducts.ca\/product\/luxor-40-in-presentation-station-cabinet-electric-gray\/","name":"Luxor 40-in Presentation Station- Cabinet - Electric - Gray - Ks Products","isPartOf":{"@id":"https:\/\/ksproducts.ca\/#website"},"primaryImageOfPage":{"@id":"https:\/\/ksproducts.ca\/product\/luxor-40-in-presentation-station-cabinet-electric-gray\/#primaryimage"},"image":{"@id":"https:\/\/ksproducts.ca\/product\/luxor-40-in-presentation-station-cabinet-electric-gray\/#primaryimage"},"thumbnailUrl":"https:\/\/ksproducts.ca\/wp-content\/uploads\/2023\/04\/wps4ce_40in-mobile-presentation-station-four-shelf-light-gray-electric-cabinet-angled_0-jpg.webp","datePublished":"2023-04-17T19:05:04+00:00","dateModified":"2026-03-05T18:02:38+00:00","breadcrumb":{"@id":"https:\/\/ksproducts.ca\/product\/luxor-40-in-presentation-station-cabinet-electric-gray\/#breadcrumb"},"inLanguage":"fr-CA","potentialAction":[{"@type":"ReadAction","target":["https:\/\/ksproducts.ca\/product\/luxor-40-in-presentation-station-cabinet-electric-gray\/"]}]},{"@type":"ImageObject","inLanguage":"fr-CA","@id":"https:\/\/ksproducts.ca\/product\/luxor-40-in-presentation-station-cabinet-electric-gray\/#primaryimage","url":"https:\/\/ksproducts.ca\/wp-content\/uploads\/2023\/04\/wps4ce_40in-mobile-presentation-station-four-shelf-light-gray-electric-cabinet-angled_0-jpg.webp","contentUrl":"https:\/\/ksproducts.ca\/wp-content\/uploads\/2023\/04\/wps4ce_40in-mobile-presentation-station-four-shelf-light-gray-electric-cabinet-angled_0-jpg.webp","width":1920,"height":1920,"caption":"Luxor 40-in Presentation Station- Cabinet - Electric - Gray"},{"@type":"BreadcrumbList","@id":"https:\/\/ksproducts.ca\/product\/luxor-40-in-presentation-station-cabinet-electric-gray\/#breadcrumb","itemListElement":[{"@type":"ListItem","position":1,"name":"Home","item":"https:\/\/ksproducts.ca\/"},{"@type":"ListItem","position":2,"name":"Shop","item":"https:\/\/ksproducts.ca\/shop\/"},{"@type":"ListItem","position":3,"name":"Luxor 40-in Presentation Station- Cabinet &#8211; Electric &#8211; Gray"}]},{"@type":"WebSite","@id":"https:\/\/ksproducts.ca\/#website","url":"https:\/\/ksproducts.ca\/","name":"Produits Ks","description":"Cuisiner et vivre en plein air, c'est facile au Canada","publisher":{"@id":"https:\/\/ksproducts.ca\/#organization"},"potentialAction":[{"@type":"SearchAction","target":{"@type":"EntryPoint","urlTemplate":"https:\/\/ksproducts.ca\/?s={search_term_string}"},"query-input":{"@type":"PropertyValueSpecification","valueRequired":true,"valueName":"search_term_string"}}],"inLanguage":"fr-CA"},{"@type":"Organization","@id":"https:\/\/ksproducts.ca\/#organization","name":"Produits Ks","url":"https:\/\/ksproducts.ca\/","logo":{"@type":"ImageObject","inLanguage":"fr-CA","@id":"https:\/\/ksproducts.ca\/#\/schema\/logo\/image\/","url":"https:\/\/ksproducts.ca\/wp-content\/uploads\/2023\/09\/Kennedy-Sales-Logo-header-1.png","contentUrl":"https:\/\/ksproducts.ca\/wp-content\/uploads\/2023\/09\/Kennedy-Sales-Logo-header-1.png","width":150,"height":77,"caption":"Ks Products"},"image":{"@id":"https:\/\/ksproducts.ca\/#\/schema\/logo\/image\/"}}]}},"_links":{"self":[{"href":"https:\/\/ksproducts.ca\/fr\/wp-json\/wp\/v2\/product\/6612","targetHints":{"allow":["GET"]}}],"collection":[{"href":"https:\/\/ksproducts.ca\/fr\/wp-json\/wp\/v2\/product"}],"about":[{"href":"https:\/\/ksproducts.ca\/fr\/wp-json\/wp\/v2\/types\/product"}],"replies":[{"embeddable":true,"href":"https:\/\/ksproducts.ca\/fr\/wp-json\/wp\/v2\/comments?post=6612"}],"version-history":[{"count":1,"href":"https:\/\/ksproducts.ca\/fr\/wp-json\/wp\/v2\/product\/6612\/revisions"}],"predecessor-version":[{"id":10176,"href":"https:\/\/ksproducts.ca\/fr\/wp-json\/wp\/v2\/product\/6612\/revisions\/10176"}],"wp:featuredmedia":[{"embeddable":true,"href":"https:\/\/ksproducts.ca\/fr\/wp-json\/wp\/v2\/media\/6613"}],"wp:attachment":[{"href":"https:\/\/ksproducts.ca\/fr\/wp-json\/wp\/v2\/media?parent=6612"}],"wp:term":[{"taxonomy":"product_cat","embeddable":true,"href":"https:\/\/ksproducts.ca\/fr\/wp-json\/wp\/v2\/product_cat?post=6612"},{"taxonomy":"product_tag","embeddable":true,"href":"https:\/\/ksproducts.ca\/fr\/wp-json\/wp\/v2\/product_tag?post=6612"}],"curies":[{"name":"wp","href":"https:\/\/api.w.org\/{rel}","templated":true}]}}