{"id":6614,"date":"2023-04-17T19:19:20","date_gmt":"2023-04-17T19:19:20","guid":{"rendered":"https:\/\/ksproducts.ca\/?post_type=product&#038;p=6614"},"modified":"2026-03-05T18:02:24","modified_gmt":"2026-03-05T18:02:24","slug":"luxor-38-in-wood-multimedia-workstation-gray","status":"publish","type":"product","link":"https:\/\/ksproducts.ca\/fr\/product\/luxor-38-in-wood-multimedia-workstation-gray\/","title":{"rendered":"Luxor Poste de travail multim\u00e9dia en bois 38 pouces - Gris"},"content":{"rendered":"","protected":false},"excerpt":{"rendered":"<p>Le poste de travail multim\u00e9dia en bois de 38 pouces s'ouvre et s'agrandit pour s'adapter \u00e0 vos besoins de pr\u00e9sentation. Deux \u00e9tag\u00e8res lat\u00e9rales rabattables accueillent en toute s\u00e9curit\u00e9 un projecteur, des haut-parleurs ou d'autres petits appareils, et un plateau pour clavier extractible vous permet de garder l'espace de travail sup\u00e9rieur d\u00e9gag\u00e9. Une fois la pr\u00e9sentation termin\u00e9e, vous pouvez ranger soigneusement votre \u00e9quipement audiovisuel et vos accessoires dans l'armoire et le tiroir verrouillables, puis faire glisser le chariot sur ses roulettes jusqu'\u00e0 son espace de rangement. Avec ses poign\u00e9es modernes, ses couleurs simples noir et blanc et les coins arrondis de l'\u00e9tag\u00e8re sup\u00e9rieure, ce chariot de pr\u00e9sentation polyvalent offre un style subtil qui convient \u00e0 tous les environnements.<\/p>","protected":false},"featured_media":6616,"comment_status":"open","ping_status":"closed","template":"","meta":[],"product_cat":[447],"product_tag":[],"class_list":{"0":"post-6614","1":"product","2":"type-product","3":"status-publish","4":"has-post-thumbnail","6":"product_cat-tv-stands-mounts","8":"first","9":"instock","10":"taxable","11":"shipping-taxable","12":"purchasable","13":"product-type-simple"},"yoast_head":"<!-- This site is optimized with the Yoast SEO plugin v27.3 - https:\/\/yoast.com\/product\/yoast-seo-wordpress\/ -->\n<title>Luxor 38-in Wood Multimedia Workstation - Gray - Ks Products<\/title>\n<meta name=\"robots\" content=\"index, follow, max-snippet:-1, max-image-preview:large, max-video-preview:-1\" \/>\n<link rel=\"canonical\" href=\"https:\/\/ksproducts.ca\/fr\/product\/luxor-38-in-wood-multimedia-workstation-gray\/\" \/>\n<meta property=\"og:locale\" content=\"fr_CA\" \/>\n<meta property=\"og:type\" content=\"article\" \/>\n<meta property=\"og:title\" content=\"Luxor 38-in Wood Multimedia Workstation - Gray - Ks Products\" \/>\n<meta property=\"og:description\" content=\"The 38-in Wood Multimedia Workstation opens and expands to suit your presentation needs. Two flip-up side shelves securely hold a projector, speakers or other small devices, and a pullout keyboard tray allows you to keep the top workspace clear for use. Once you&#039;re done presenting, you can neatly store your AV equipment and accessories in the lockable cabinet and drawer, then smoothly glide the cart on its rolling casters to its storage space. With its modern pull handles, simple black-and-white colouring, and rounded top shelf corners, this versatile presenter&#039;s cart offers a subtle style suitable to any environment.\" \/>\n<meta property=\"og:url\" content=\"https:\/\/ksproducts.ca\/fr\/product\/luxor-38-in-wood-multimedia-workstation-gray\/\" \/>\n<meta property=\"og:site_name\" content=\"Ks Products\" \/>\n<meta property=\"article:modified_time\" content=\"2026-03-05T18:02:24+00:00\" \/>\n<meta property=\"og:image\" content=\"https:\/\/ksproducts.ca\/wp-content\/uploads\/2023\/04\/wpsdd3_38in-wood-multimedia-workstation-pullout-drop-leaf-shelves-black-white-locking-cabinet-front-propped_2-jpg.webp\" \/>\n\t<meta property=\"og:image:width\" content=\"1920\" \/>\n\t<meta property=\"og:image:height\" content=\"1920\" \/>\n\t<meta property=\"og:image:type\" content=\"image\/jpeg\" \/>\n<meta name=\"twitter:card\" content=\"summary_large_image\" \/>\n<script type=\"application\/ld+json\" class=\"yoast-schema-graph\">{\"@context\":\"https:\\\/\\\/schema.org\",\"@graph\":[{\"@type\":\"WebPage\",\"@id\":\"https:\\\/\\\/ksproducts.ca\\\/product\\\/luxor-38-in-wood-multimedia-workstation-gray\\\/\",\"url\":\"https:\\\/\\\/ksproducts.ca\\\/product\\\/luxor-38-in-wood-multimedia-workstation-gray\\\/\",\"name\":\"Luxor 38-in Wood Multimedia Workstation - Gray - Ks Products\",\"isPartOf\":{\"@id\":\"https:\\\/\\\/ksproducts.ca\\\/#website\"},\"primaryImageOfPage\":{\"@id\":\"https:\\\/\\\/ksproducts.ca\\\/product\\\/luxor-38-in-wood-multimedia-workstation-gray\\\/#primaryimage\"},\"image\":{\"@id\":\"https:\\\/\\\/ksproducts.ca\\\/product\\\/luxor-38-in-wood-multimedia-workstation-gray\\\/#primaryimage\"},\"thumbnailUrl\":\"https:\\\/\\\/ksproducts.ca\\\/wp-content\\\/uploads\\\/2023\\\/04\\\/wpsdd3_38in-wood-multimedia-workstation-pullout-drop-leaf-shelves-black-white-locking-cabinet-front-propped_2-jpg.webp\",\"datePublished\":\"2023-04-17T19:19:20+00:00\",\"dateModified\":\"2026-03-05T18:02:24+00:00\",\"breadcrumb\":{\"@id\":\"https:\\\/\\\/ksproducts.ca\\\/product\\\/luxor-38-in-wood-multimedia-workstation-gray\\\/#breadcrumb\"},\"inLanguage\":\"fr-CA\",\"potentialAction\":[{\"@type\":\"ReadAction\",\"target\":[\"https:\\\/\\\/ksproducts.ca\\\/product\\\/luxor-38-in-wood-multimedia-workstation-gray\\\/\"]}]},{\"@type\":\"ImageObject\",\"inLanguage\":\"fr-CA\",\"@id\":\"https:\\\/\\\/ksproducts.ca\\\/product\\\/luxor-38-in-wood-multimedia-workstation-gray\\\/#primaryimage\",\"url\":\"https:\\\/\\\/ksproducts.ca\\\/wp-content\\\/uploads\\\/2023\\\/04\\\/wpsdd3_38in-wood-multimedia-workstation-pullout-drop-leaf-shelves-black-white-locking-cabinet-front-propped_2-jpg.webp\",\"contentUrl\":\"https:\\\/\\\/ksproducts.ca\\\/wp-content\\\/uploads\\\/2023\\\/04\\\/wpsdd3_38in-wood-multimedia-workstation-pullout-drop-leaf-shelves-black-white-locking-cabinet-front-propped_2-jpg.webp\",\"width\":1920,\"height\":1920,\"caption\":\": Luxor 38-in Wood Multimedia Workstation - Gray\"},{\"@type\":\"BreadcrumbList\",\"@id\":\"https:\\\/\\\/ksproducts.ca\\\/product\\\/luxor-38-in-wood-multimedia-workstation-gray\\\/#breadcrumb\",\"itemListElement\":[{\"@type\":\"ListItem\",\"position\":1,\"name\":\"Home\",\"item\":\"https:\\\/\\\/ksproducts.ca\\\/\"},{\"@type\":\"ListItem\",\"position\":2,\"name\":\"Shop\",\"item\":\"https:\\\/\\\/ksproducts.ca\\\/shop\\\/\"},{\"@type\":\"ListItem\",\"position\":3,\"name\":\"Luxor 38-in Wood Multimedia Workstation &#8211; Gray\"}]},{\"@type\":\"WebSite\",\"@id\":\"https:\\\/\\\/ksproducts.ca\\\/#website\",\"url\":\"https:\\\/\\\/ksproducts.ca\\\/\",\"name\":\"Ks Products\",\"description\":\"Outdoor cooking and living, made easy in Canada\",\"publisher\":{\"@id\":\"https:\\\/\\\/ksproducts.ca\\\/#organization\"},\"potentialAction\":[{\"@type\":\"SearchAction\",\"target\":{\"@type\":\"EntryPoint\",\"urlTemplate\":\"https:\\\/\\\/ksproducts.ca\\\/?s={search_term_string}\"},\"query-input\":{\"@type\":\"PropertyValueSpecification\",\"valueRequired\":true,\"valueName\":\"search_term_string\"}}],\"inLanguage\":\"fr-CA\"},{\"@type\":\"Organization\",\"@id\":\"https:\\\/\\\/ksproducts.ca\\\/#organization\",\"name\":\"Ks Products\",\"url\":\"https:\\\/\\\/ksproducts.ca\\\/\",\"logo\":{\"@type\":\"ImageObject\",\"inLanguage\":\"fr-CA\",\"@id\":\"https:\\\/\\\/ksproducts.ca\\\/#\\\/schema\\\/logo\\\/image\\\/\",\"url\":\"https:\\\/\\\/ksproducts.ca\\\/wp-content\\\/uploads\\\/2023\\\/09\\\/Kennedy-Sales-Logo-header-1.png\",\"contentUrl\":\"https:\\\/\\\/ksproducts.ca\\\/wp-content\\\/uploads\\\/2023\\\/09\\\/Kennedy-Sales-Logo-header-1.png\",\"width\":150,\"height\":77,\"caption\":\"Ks Products\"},\"image\":{\"@id\":\"https:\\\/\\\/ksproducts.ca\\\/#\\\/schema\\\/logo\\\/image\\\/\"}}]}<\/script>\n<!-- \/ Yoast SEO plugin. -->","yoast_head_json":{"title":"Luxor Poste de travail multim\u00e9dia en bois 38 pouces - Gris - Ks Products","robots":{"index":"index","follow":"follow","max-snippet":"max-snippet:-1","max-image-preview":"max-image-preview:large","max-video-preview":"max-video-preview:-1"},"canonical":"https:\/\/ksproducts.ca\/fr\/product\/luxor-38-in-wood-multimedia-workstation-gray\/","og_locale":"fr_CA","og_type":"article","og_title":"Luxor 38-in Wood Multimedia Workstation - Gray - Ks Products","og_description":"The 38-in Wood Multimedia Workstation opens and expands to suit your presentation needs. Two flip-up side shelves securely hold a projector, speakers or other small devices, and a pullout keyboard tray allows you to keep the top workspace clear for use. Once you're done presenting, you can neatly store your AV equipment and accessories in the lockable cabinet and drawer, then smoothly glide the cart on its rolling casters to its storage space. With its modern pull handles, simple black-and-white colouring, and rounded top shelf corners, this versatile presenter's cart offers a subtle style suitable to any environment.","og_url":"https:\/\/ksproducts.ca\/fr\/product\/luxor-38-in-wood-multimedia-workstation-gray\/","og_site_name":"Ks Products","article_modified_time":"2026-03-05T18:02:24+00:00","og_image":[{"width":1920,"height":1920,"url":"https:\/\/ksproducts.ca\/wp-content\/uploads\/2023\/04\/wpsdd3_38in-wood-multimedia-workstation-pullout-drop-leaf-shelves-black-white-locking-cabinet-front-propped_2-jpg.webp","type":"image\/jpeg"}],"twitter_card":"summary_large_image","schema":{"@context":"https:\/\/schema.org","@graph":[{"@type":"WebPage","@id":"https:\/\/ksproducts.ca\/product\/luxor-38-in-wood-multimedia-workstation-gray\/","url":"https:\/\/ksproducts.ca\/product\/luxor-38-in-wood-multimedia-workstation-gray\/","name":"Luxor Poste de travail multim\u00e9dia en bois 38 pouces - Gris - Ks Products","isPartOf":{"@id":"https:\/\/ksproducts.ca\/#website"},"primaryImageOfPage":{"@id":"https:\/\/ksproducts.ca\/product\/luxor-38-in-wood-multimedia-workstation-gray\/#primaryimage"},"image":{"@id":"https:\/\/ksproducts.ca\/product\/luxor-38-in-wood-multimedia-workstation-gray\/#primaryimage"},"thumbnailUrl":"https:\/\/ksproducts.ca\/wp-content\/uploads\/2023\/04\/wpsdd3_38in-wood-multimedia-workstation-pullout-drop-leaf-shelves-black-white-locking-cabinet-front-propped_2-jpg.webp","datePublished":"2023-04-17T19:19:20+00:00","dateModified":"2026-03-05T18:02:24+00:00","breadcrumb":{"@id":"https:\/\/ksproducts.ca\/product\/luxor-38-in-wood-multimedia-workstation-gray\/#breadcrumb"},"inLanguage":"fr-CA","potentialAction":[{"@type":"ReadAction","target":["https:\/\/ksproducts.ca\/product\/luxor-38-in-wood-multimedia-workstation-gray\/"]}]},{"@type":"ImageObject","inLanguage":"fr-CA","@id":"https:\/\/ksproducts.ca\/product\/luxor-38-in-wood-multimedia-workstation-gray\/#primaryimage","url":"https:\/\/ksproducts.ca\/wp-content\/uploads\/2023\/04\/wpsdd3_38in-wood-multimedia-workstation-pullout-drop-leaf-shelves-black-white-locking-cabinet-front-propped_2-jpg.webp","contentUrl":"https:\/\/ksproducts.ca\/wp-content\/uploads\/2023\/04\/wpsdd3_38in-wood-multimedia-workstation-pullout-drop-leaf-shelves-black-white-locking-cabinet-front-propped_2-jpg.webp","width":1920,"height":1920,"caption":": Luxor 38-in Wood Multimedia Workstation - Gray"},{"@type":"BreadcrumbList","@id":"https:\/\/ksproducts.ca\/product\/luxor-38-in-wood-multimedia-workstation-gray\/#breadcrumb","itemListElement":[{"@type":"ListItem","position":1,"name":"Home","item":"https:\/\/ksproducts.ca\/"},{"@type":"ListItem","position":2,"name":"Shop","item":"https:\/\/ksproducts.ca\/shop\/"},{"@type":"ListItem","position":3,"name":"Luxor 38-in Wood Multimedia Workstation &#8211; Gray"}]},{"@type":"WebSite","@id":"https:\/\/ksproducts.ca\/#website","url":"https:\/\/ksproducts.ca\/","name":"Produits Ks","description":"Cuisiner et vivre en plein air, c'est facile au Canada","publisher":{"@id":"https:\/\/ksproducts.ca\/#organization"},"potentialAction":[{"@type":"SearchAction","target":{"@type":"EntryPoint","urlTemplate":"https:\/\/ksproducts.ca\/?s={search_term_string}"},"query-input":{"@type":"PropertyValueSpecification","valueRequired":true,"valueName":"search_term_string"}}],"inLanguage":"fr-CA"},{"@type":"Organization","@id":"https:\/\/ksproducts.ca\/#organization","name":"Produits Ks","url":"https:\/\/ksproducts.ca\/","logo":{"@type":"ImageObject","inLanguage":"fr-CA","@id":"https:\/\/ksproducts.ca\/#\/schema\/logo\/image\/","url":"https:\/\/ksproducts.ca\/wp-content\/uploads\/2023\/09\/Kennedy-Sales-Logo-header-1.png","contentUrl":"https:\/\/ksproducts.ca\/wp-content\/uploads\/2023\/09\/Kennedy-Sales-Logo-header-1.png","width":150,"height":77,"caption":"Ks Products"},"image":{"@id":"https:\/\/ksproducts.ca\/#\/schema\/logo\/image\/"}}]}},"_links":{"self":[{"href":"https:\/\/ksproducts.ca\/fr\/wp-json\/wp\/v2\/product\/6614","targetHints":{"allow":["GET"]}}],"collection":[{"href":"https:\/\/ksproducts.ca\/fr\/wp-json\/wp\/v2\/product"}],"about":[{"href":"https:\/\/ksproducts.ca\/fr\/wp-json\/wp\/v2\/types\/product"}],"replies":[{"embeddable":true,"href":"https:\/\/ksproducts.ca\/fr\/wp-json\/wp\/v2\/comments?post=6614"}],"version-history":[{"count":1,"href":"https:\/\/ksproducts.ca\/fr\/wp-json\/wp\/v2\/product\/6614\/revisions"}],"predecessor-version":[{"id":10177,"href":"https:\/\/ksproducts.ca\/fr\/wp-json\/wp\/v2\/product\/6614\/revisions\/10177"}],"wp:featuredmedia":[{"embeddable":true,"href":"https:\/\/ksproducts.ca\/fr\/wp-json\/wp\/v2\/media\/6616"}],"wp:attachment":[{"href":"https:\/\/ksproducts.ca\/fr\/wp-json\/wp\/v2\/media?parent=6614"}],"wp:term":[{"taxonomy":"product_cat","embeddable":true,"href":"https:\/\/ksproducts.ca\/fr\/wp-json\/wp\/v2\/product_cat?post=6614"},{"taxonomy":"product_tag","embeddable":true,"href":"https:\/\/ksproducts.ca\/fr\/wp-json\/wp\/v2\/product_tag?post=6614"}],"curies":[{"name":"wp","href":"https:\/\/api.w.org\/{rel}","templated":true}]}}