{"id":6631,"date":"2023-04-17T19:42:42","date_gmt":"2023-04-17T19:42:42","guid":{"rendered":"https:\/\/ksproducts.ca\/?post_type=product&#038;p=6631"},"modified":"2026-04-06T10:39:11","modified_gmt":"2026-04-06T10:39:11","slug":"luxor-tuffy-utility-cart-three-shelves-black","status":"publish","type":"product","link":"https:\/\/ksproducts.ca\/fr\/product\/luxor-tuffy-utility-cart-three-shelves-black\/","title":{"rendered":"Luxor 34inch 3-Shelf Heavy Duty Plastic Cart with 3 Flat Shelves - 300lb Weight Capacity - Black - 24 x 18"},"content":{"rendered":"","protected":false},"excerpt":{"rendered":"<p>Comptez sur le chariot utilitaire Luxor Tuffy \u00e0 3 \u00e9tag\u00e8res pour supporter la charge. Fabriqu\u00e9 en r\u00e9sine thermoplastique moul\u00e9e par injection, ce chariot ne s'\u00e9caillera pas, ne se d\u00e9formera pas, ne se fissurera pas, ne rouillera pas et ne s'\u00e9caillera pas. Chaque \u00e9tag\u00e8re robuste a une \u00e9paisseur de 1,5 pouce et pr\u00e9sente une surface textur\u00e9e avec un rebord de retenue pour maintenir les produits en place. Une poign\u00e9e de pouss\u00e9e ergonomique guide le chariot sur de solides roulettes de 4 pouces, ce qui permet de man\u0153uvrer facilement des charges lourdes sur des tapis ou des sols durs, par-dessus des fissures ou des c\u00e2bles : id\u00e9al pour les services de restauration, les entrep\u00f4ts, les garages, les \u00e9coles et les entreprises.<\/p>","protected":false},"featured_media":6632,"comment_status":"open","ping_status":"closed","template":"","meta":[],"product_cat":[433],"product_tag":[],"class_list":{"0":"post-6631","1":"product","2":"type-product","3":"status-publish","4":"has-post-thumbnail","6":"product_cat-utility-carts","7":"product_shipping_class-class-3","9":"first","10":"instock","11":"taxable","12":"shipping-taxable","13":"purchasable","14":"product-type-simple"},"yoast_head":"<!-- This site is optimized with the Yoast SEO plugin v27.3 - https:\/\/yoast.com\/product\/yoast-seo-wordpress\/ -->\n<title>Luxor 34inch 3-Shelf Heavy Duty Plastic Utility Cart with 3 Flat Shelves - 300lb Weight Capacity - Black - 24 x 18 - Ks Products<\/title>\n<meta name=\"robots\" content=\"index, follow, max-snippet:-1, max-image-preview:large, max-video-preview:-1\" \/>\n<link rel=\"canonical\" href=\"https:\/\/ksproducts.ca\/fr\/product\/luxor-tuffy-utility-cart-three-shelves-black\/\" \/>\n<meta property=\"og:locale\" content=\"fr_CA\" \/>\n<meta property=\"og:type\" content=\"article\" \/>\n<meta property=\"og:title\" content=\"Luxor 34inch 3-Shelf Heavy Duty Plastic Utility Cart with 3 Flat Shelves - 300lb Weight Capacity - Black - 24 x 18 - Ks Products\" \/>\n<meta property=\"og:description\" content=\"Count on the Luxor Tuffy 3-Shelf Utility Cart to carry the load. Constructed of injection-moulded thermoplastic resin, this cart will never chip, warp, crack, rust or peel. Each sturdy shelf is 1.5-in thick and has a textured surface with a retaining lip to keep products in place. An ergonomic push handle guides the cart on hefty 4-in casters, enabling heavy loads to be easily maneuvered on carpet or hard flooring, over cracks or cables: ideal for food services, warehouses, garages, schools and businesses.\" \/>\n<meta property=\"og:url\" content=\"https:\/\/ksproducts.ca\/fr\/product\/luxor-tuffy-utility-cart-three-shelves-black\/\" \/>\n<meta property=\"og:site_name\" content=\"Ks Products\" \/>\n<meta property=\"article:modified_time\" content=\"2026-04-06T10:39:11+00:00\" \/>\n<meta property=\"og:image\" content=\"https:\/\/ksproducts.ca\/wp-content\/uploads\/2023\/04\/wt34s_24x18-tuffy-utility-cart-three-shelves-black-angled_0-jpg.webp\" \/>\n\t<meta property=\"og:image:width\" content=\"1920\" \/>\n\t<meta property=\"og:image:height\" content=\"1920\" \/>\n\t<meta property=\"og:image:type\" content=\"image\/jpeg\" \/>\n<meta name=\"twitter:card\" content=\"summary_large_image\" \/>\n<meta name=\"twitter:label1\" content=\"Estimation du temps de lecture\" \/>\n\t<meta name=\"twitter:data1\" content=\"1 minute\" \/>\n<script type=\"application\/ld+json\" class=\"yoast-schema-graph\">{\"@context\":\"https:\\\/\\\/schema.org\",\"@graph\":[{\"@type\":\"WebPage\",\"@id\":\"https:\\\/\\\/ksproducts.ca\\\/product\\\/luxor-tuffy-utility-cart-three-shelves-black\\\/\",\"url\":\"https:\\\/\\\/ksproducts.ca\\\/product\\\/luxor-tuffy-utility-cart-three-shelves-black\\\/\",\"name\":\"Luxor 34inch 3-Shelf Heavy Duty Plastic Utility Cart with 3 Flat Shelves - 300lb Weight Capacity - Black - 24 x 18 - Ks Products\",\"isPartOf\":{\"@id\":\"https:\\\/\\\/ksproducts.ca\\\/#website\"},\"primaryImageOfPage\":{\"@id\":\"https:\\\/\\\/ksproducts.ca\\\/product\\\/luxor-tuffy-utility-cart-three-shelves-black\\\/#primaryimage\"},\"image\":{\"@id\":\"https:\\\/\\\/ksproducts.ca\\\/product\\\/luxor-tuffy-utility-cart-three-shelves-black\\\/#primaryimage\"},\"thumbnailUrl\":\"https:\\\/\\\/ksproducts.ca\\\/wp-content\\\/uploads\\\/2023\\\/04\\\/wt34s_24x18-tuffy-utility-cart-three-shelves-black-angled_0-jpg.webp\",\"datePublished\":\"2023-04-17T19:42:42+00:00\",\"dateModified\":\"2026-04-06T10:39:11+00:00\",\"breadcrumb\":{\"@id\":\"https:\\\/\\\/ksproducts.ca\\\/product\\\/luxor-tuffy-utility-cart-three-shelves-black\\\/#breadcrumb\"},\"inLanguage\":\"fr-CA\",\"potentialAction\":[{\"@type\":\"ReadAction\",\"target\":[\"https:\\\/\\\/ksproducts.ca\\\/product\\\/luxor-tuffy-utility-cart-three-shelves-black\\\/\"]}]},{\"@type\":\"ImageObject\",\"inLanguage\":\"fr-CA\",\"@id\":\"https:\\\/\\\/ksproducts.ca\\\/product\\\/luxor-tuffy-utility-cart-three-shelves-black\\\/#primaryimage\",\"url\":\"https:\\\/\\\/ksproducts.ca\\\/wp-content\\\/uploads\\\/2023\\\/04\\\/wt34s_24x18-tuffy-utility-cart-three-shelves-black-angled_0-jpg.webp\",\"contentUrl\":\"https:\\\/\\\/ksproducts.ca\\\/wp-content\\\/uploads\\\/2023\\\/04\\\/wt34s_24x18-tuffy-utility-cart-three-shelves-black-angled_0-jpg.webp\",\"width\":1920,\"height\":1920,\"caption\":\"Luxor 34inch 3-Shelf Heavy Duty Plastic Utility Cart with 3 Flat Shelves - 300lb Weight Capacity - Black\"},{\"@type\":\"BreadcrumbList\",\"@id\":\"https:\\\/\\\/ksproducts.ca\\\/product\\\/luxor-tuffy-utility-cart-three-shelves-black\\\/#breadcrumb\",\"itemListElement\":[{\"@type\":\"ListItem\",\"position\":1,\"name\":\"Home\",\"item\":\"https:\\\/\\\/ksproducts.ca\\\/\"},{\"@type\":\"ListItem\",\"position\":2,\"name\":\"Shop\",\"item\":\"https:\\\/\\\/ksproducts.ca\\\/shop\\\/\"},{\"@type\":\"ListItem\",\"position\":3,\"name\":\"Luxor 34inch 3-Shelf Heavy Duty Plastic Utility Cart with 3 Flat Shelves &#8211; 300lb Weight Capacity &#8211; Black &#8211; 24 x 18\"}]},{\"@type\":\"WebSite\",\"@id\":\"https:\\\/\\\/ksproducts.ca\\\/#website\",\"url\":\"https:\\\/\\\/ksproducts.ca\\\/\",\"name\":\"Ks Products\",\"description\":\"Outdoor cooking and living, made easy in Canada\",\"publisher\":{\"@id\":\"https:\\\/\\\/ksproducts.ca\\\/#organization\"},\"potentialAction\":[{\"@type\":\"SearchAction\",\"target\":{\"@type\":\"EntryPoint\",\"urlTemplate\":\"https:\\\/\\\/ksproducts.ca\\\/?s={search_term_string}\"},\"query-input\":{\"@type\":\"PropertyValueSpecification\",\"valueRequired\":true,\"valueName\":\"search_term_string\"}}],\"inLanguage\":\"fr-CA\"},{\"@type\":\"Organization\",\"@id\":\"https:\\\/\\\/ksproducts.ca\\\/#organization\",\"name\":\"Ks Products\",\"url\":\"https:\\\/\\\/ksproducts.ca\\\/\",\"logo\":{\"@type\":\"ImageObject\",\"inLanguage\":\"fr-CA\",\"@id\":\"https:\\\/\\\/ksproducts.ca\\\/#\\\/schema\\\/logo\\\/image\\\/\",\"url\":\"https:\\\/\\\/ksproducts.ca\\\/wp-content\\\/uploads\\\/2023\\\/09\\\/Kennedy-Sales-Logo-header-1.png\",\"contentUrl\":\"https:\\\/\\\/ksproducts.ca\\\/wp-content\\\/uploads\\\/2023\\\/09\\\/Kennedy-Sales-Logo-header-1.png\",\"width\":150,\"height\":77,\"caption\":\"Ks Products\"},\"image\":{\"@id\":\"https:\\\/\\\/ksproducts.ca\\\/#\\\/schema\\\/logo\\\/image\\\/\"}}]}<\/script>\n<!-- \/ Yoast SEO plugin. -->","yoast_head_json":{"title":"Luxor 34inch 3-Shelf Heavy Duty Plastic Utility Cart with 3 Flat Shelves - 300lb Weight Capacity - Black - 24 x 18 - Ks Products","robots":{"index":"index","follow":"follow","max-snippet":"max-snippet:-1","max-image-preview":"max-image-preview:large","max-video-preview":"max-video-preview:-1"},"canonical":"https:\/\/ksproducts.ca\/fr\/product\/luxor-tuffy-utility-cart-three-shelves-black\/","og_locale":"fr_CA","og_type":"article","og_title":"Luxor 34inch 3-Shelf Heavy Duty Plastic Utility Cart with 3 Flat Shelves - 300lb Weight Capacity - Black - 24 x 18 - Ks Products","og_description":"Count on the Luxor Tuffy 3-Shelf Utility Cart to carry the load. Constructed of injection-moulded thermoplastic resin, this cart will never chip, warp, crack, rust or peel. Each sturdy shelf is 1.5-in thick and has a textured surface with a retaining lip to keep products in place. An ergonomic push handle guides the cart on hefty 4-in casters, enabling heavy loads to be easily maneuvered on carpet or hard flooring, over cracks or cables: ideal for food services, warehouses, garages, schools and businesses.","og_url":"https:\/\/ksproducts.ca\/fr\/product\/luxor-tuffy-utility-cart-three-shelves-black\/","og_site_name":"Ks Products","article_modified_time":"2026-04-06T10:39:11+00:00","og_image":[{"width":1920,"height":1920,"url":"https:\/\/ksproducts.ca\/wp-content\/uploads\/2023\/04\/wt34s_24x18-tuffy-utility-cart-three-shelves-black-angled_0-jpg.webp","type":"image\/jpeg"}],"twitter_card":"summary_large_image","twitter_misc":{"Estimation du temps de lecture":"1 minute"},"schema":{"@context":"https:\/\/schema.org","@graph":[{"@type":"WebPage","@id":"https:\/\/ksproducts.ca\/product\/luxor-tuffy-utility-cart-three-shelves-black\/","url":"https:\/\/ksproducts.ca\/product\/luxor-tuffy-utility-cart-three-shelves-black\/","name":"Luxor 34inch 3-Shelf Heavy Duty Plastic Utility Cart with 3 Flat Shelves - 300lb Weight Capacity - Black - 24 x 18 - Ks Products","isPartOf":{"@id":"https:\/\/ksproducts.ca\/#website"},"primaryImageOfPage":{"@id":"https:\/\/ksproducts.ca\/product\/luxor-tuffy-utility-cart-three-shelves-black\/#primaryimage"},"image":{"@id":"https:\/\/ksproducts.ca\/product\/luxor-tuffy-utility-cart-three-shelves-black\/#primaryimage"},"thumbnailUrl":"https:\/\/ksproducts.ca\/wp-content\/uploads\/2023\/04\/wt34s_24x18-tuffy-utility-cart-three-shelves-black-angled_0-jpg.webp","datePublished":"2023-04-17T19:42:42+00:00","dateModified":"2026-04-06T10:39:11+00:00","breadcrumb":{"@id":"https:\/\/ksproducts.ca\/product\/luxor-tuffy-utility-cart-three-shelves-black\/#breadcrumb"},"inLanguage":"fr-CA","potentialAction":[{"@type":"ReadAction","target":["https:\/\/ksproducts.ca\/product\/luxor-tuffy-utility-cart-three-shelves-black\/"]}]},{"@type":"ImageObject","inLanguage":"fr-CA","@id":"https:\/\/ksproducts.ca\/product\/luxor-tuffy-utility-cart-three-shelves-black\/#primaryimage","url":"https:\/\/ksproducts.ca\/wp-content\/uploads\/2023\/04\/wt34s_24x18-tuffy-utility-cart-three-shelves-black-angled_0-jpg.webp","contentUrl":"https:\/\/ksproducts.ca\/wp-content\/uploads\/2023\/04\/wt34s_24x18-tuffy-utility-cart-three-shelves-black-angled_0-jpg.webp","width":1920,"height":1920,"caption":"Luxor 34inch 3-Shelf Heavy Duty Plastic Utility Cart with 3 Flat Shelves - 300lb Weight Capacity - Black"},{"@type":"BreadcrumbList","@id":"https:\/\/ksproducts.ca\/product\/luxor-tuffy-utility-cart-three-shelves-black\/#breadcrumb","itemListElement":[{"@type":"ListItem","position":1,"name":"Home","item":"https:\/\/ksproducts.ca\/"},{"@type":"ListItem","position":2,"name":"Shop","item":"https:\/\/ksproducts.ca\/shop\/"},{"@type":"ListItem","position":3,"name":"Luxor 34inch 3-Shelf Heavy Duty Plastic Utility Cart with 3 Flat Shelves &#8211; 300lb Weight Capacity &#8211; Black &#8211; 24 x 18"}]},{"@type":"WebSite","@id":"https:\/\/ksproducts.ca\/#website","url":"https:\/\/ksproducts.ca\/","name":"Produits Ks","description":"Cuisiner et vivre en plein air, c'est facile au Canada","publisher":{"@id":"https:\/\/ksproducts.ca\/#organization"},"potentialAction":[{"@type":"SearchAction","target":{"@type":"EntryPoint","urlTemplate":"https:\/\/ksproducts.ca\/?s={search_term_string}"},"query-input":{"@type":"PropertyValueSpecification","valueRequired":true,"valueName":"search_term_string"}}],"inLanguage":"fr-CA"},{"@type":"Organization","@id":"https:\/\/ksproducts.ca\/#organization","name":"Produits Ks","url":"https:\/\/ksproducts.ca\/","logo":{"@type":"ImageObject","inLanguage":"fr-CA","@id":"https:\/\/ksproducts.ca\/#\/schema\/logo\/image\/","url":"https:\/\/ksproducts.ca\/wp-content\/uploads\/2023\/09\/Kennedy-Sales-Logo-header-1.png","contentUrl":"https:\/\/ksproducts.ca\/wp-content\/uploads\/2023\/09\/Kennedy-Sales-Logo-header-1.png","width":150,"height":77,"caption":"Ks Products"},"image":{"@id":"https:\/\/ksproducts.ca\/#\/schema\/logo\/image\/"}}]}},"_links":{"self":[{"href":"https:\/\/ksproducts.ca\/fr\/wp-json\/wp\/v2\/product\/6631","targetHints":{"allow":["GET"]}}],"collection":[{"href":"https:\/\/ksproducts.ca\/fr\/wp-json\/wp\/v2\/product"}],"about":[{"href":"https:\/\/ksproducts.ca\/fr\/wp-json\/wp\/v2\/types\/product"}],"replies":[{"embeddable":true,"href":"https:\/\/ksproducts.ca\/fr\/wp-json\/wp\/v2\/comments?post=6631"}],"version-history":[{"count":2,"href":"https:\/\/ksproducts.ca\/fr\/wp-json\/wp\/v2\/product\/6631\/revisions"}],"predecessor-version":[{"id":12630,"href":"https:\/\/ksproducts.ca\/fr\/wp-json\/wp\/v2\/product\/6631\/revisions\/12630"}],"wp:featuredmedia":[{"embeddable":true,"href":"https:\/\/ksproducts.ca\/fr\/wp-json\/wp\/v2\/media\/6632"}],"wp:attachment":[{"href":"https:\/\/ksproducts.ca\/fr\/wp-json\/wp\/v2\/media?parent=6631"}],"wp:term":[{"taxonomy":"product_cat","embeddable":true,"href":"https:\/\/ksproducts.ca\/fr\/wp-json\/wp\/v2\/product_cat?post=6631"},{"taxonomy":"product_tag","embeddable":true,"href":"https:\/\/ksproducts.ca\/fr\/wp-json\/wp\/v2\/product_tag?post=6631"}],"curies":[{"name":"wp","href":"https:\/\/api.w.org\/{rel}","templated":true}]}}