{"id":6660,"date":"2023-04-20T17:07:34","date_gmt":"2023-04-20T17:07:34","guid":{"rendered":"https:\/\/ksproducts.ca\/?post_type=product&#038;p=6660"},"modified":"2025-09-17T19:05:22","modified_gmt":"2025-09-17T19:05:22","slug":"pluie-detoiles-bleu-rouge","status":"publish","type":"product","link":"https:\/\/ksproducts.ca\/fr\/product\/star-shower-blue-red\/","title":{"rendered":"Douche d'\u00e9toiles bleu et rouge"},"content":{"rendered":"","protected":false},"excerpt":{"rendered":"<p>Star Shower est la solution d'\u00e9clairage d\u00e9corative parfaite pour votre maison ou votre paysage. Il suffit de placer la Douche des \u00e9toiles n'importe o\u00f9 dans votre jardin. Le piquet extra-long maintient votre Star Shower en place, m\u00eame dans la neige. Branchez-la et c'est parti. Des milliers d'\u00e9toiles \u00e9blouissantes illuminent votre paysage et votre maison en quelques secondes. Plus besoin d'\u00e9chelles branlantes et dangereuses, ni d'ampoules cass\u00e9es \u00e0 cause d'une guirlande lumineuse emm\u00eal\u00e9e. Cette lumi\u00e8re laser peut facilement \u00eatre plac\u00e9e n'importe o\u00f9 dans votre jardin. Votre maison passera de l'obscurit\u00e9 \u00e0 l'\u00e9blouissement en quelques secondes ! Vous pouvez m\u00eame utiliser la Douche des \u00e9toiles tout au long de l'ann\u00e9e. Faites entrer les \u00e9toiles \u00e0 l'int\u00e9rieur pour illuminer un foyer, ou cr\u00e9ez un monde fantastique dans la chambre de votre enfant. Ne perdez plus de temps \u00e0 accrocher des lampes \u00e0 l'ancienne ou \u00e0 d\u00e9penser des centaines d'euros pour acheter de nouvelles lampes ann\u00e9e apr\u00e8s ann\u00e9e. Votre maison sera \u00e9blouissante avec Star Shower. Les poutres couvrent jusqu'\u00e0 3 000 pieds carr\u00e9s et r\u00e9sistent aux intemp\u00e9ries.<\/p>","protected":false},"featured_media":6661,"comment_status":"open","ping_status":"closed","template":"","meta":[],"product_cat":[451],"product_tag":[],"class_list":{"0":"post-6660","1":"product","2":"type-product","3":"status-publish","4":"has-post-thumbnail","6":"product_cat-tools-equipment","7":"product_shipping_class-class-1","9":"first","10":"instock","11":"taxable","12":"shipping-taxable","13":"purchasable","14":"product-type-simple"},"yoast_head":"<!-- This site is optimized with the Yoast SEO plugin v27.4 - https:\/\/yoast.com\/product\/yoast-seo-wordpress\/ -->\n<title>Star Shower Blue &amp; Red - Ks Products<\/title>\n<meta name=\"robots\" content=\"index, follow, max-snippet:-1, max-image-preview:large, max-video-preview:-1\" \/>\n<link rel=\"canonical\" href=\"https:\/\/ksproducts.ca\/fr\/product\/pluie-detoiles-bleu-rouge\/\" \/>\n<meta property=\"og:locale\" content=\"fr_CA\" \/>\n<meta property=\"og:type\" content=\"article\" \/>\n<meta property=\"og:title\" content=\"Star Shower Blue &amp; Red - Ks Products\" \/>\n<meta property=\"og:description\" content=\"Star Shower is the perfect decorative lighting solution for your home or landscape. Simply place Star Shower anywhere in your yard. The extra-long stake keeps your Star Shower secure, even in the snow. Plug it in, and you&#039;re good to go. Thousands of dazzling stars illuminate your landscape and home in seconds. No more rickety, unsafe ladders to deal with and no more broken bulbs from tangled strands of lights. This laser light can easily go anywhere in your yard. Your house will be transformed from dark to stunning in seconds! You can even use Star Shower year round. Bring the stars indoors to light up a foyer, or create a fantasy world in the little one&#039;s bedroom. Stop wasting hours hanging old-fashioned lights or spending hundreds of dollars buying new lights year after year. Your home will dazzle with Star Shower. Beams cover up to 3000-sq.ft.; it is weather resistant.\" \/>\n<meta property=\"og:url\" content=\"https:\/\/ksproducts.ca\/fr\/product\/pluie-detoiles-bleu-rouge\/\" \/>\n<meta property=\"og:site_name\" content=\"Ks Products\" \/>\n<meta property=\"article:modified_time\" content=\"2025-09-17T19:05:22+00:00\" \/>\n<meta property=\"og:image\" content=\"https:\/\/ksproducts.ca\/wp-content\/uploads\/2023\/04\/9391-3-jpg.webp\" \/>\n\t<meta property=\"og:image:width\" content=\"1857\" \/>\n\t<meta property=\"og:image:height\" content=\"1920\" \/>\n\t<meta property=\"og:image:type\" content=\"image\/jpeg\" \/>\n<meta name=\"twitter:card\" content=\"summary_large_image\" \/>\n<script type=\"application\/ld+json\" class=\"yoast-schema-graph\">{\"@context\":\"https:\\\/\\\/schema.org\",\"@graph\":[{\"@type\":\"WebPage\",\"@id\":\"https:\\\/\\\/ksproducts.ca\\\/product\\\/star-shower-blue-red\\\/\",\"url\":\"https:\\\/\\\/ksproducts.ca\\\/product\\\/star-shower-blue-red\\\/\",\"name\":\"Star Shower Blue & Red - Ks Products\",\"isPartOf\":{\"@id\":\"https:\\\/\\\/ksproducts.ca\\\/#website\"},\"primaryImageOfPage\":{\"@id\":\"https:\\\/\\\/ksproducts.ca\\\/product\\\/star-shower-blue-red\\\/#primaryimage\"},\"image\":{\"@id\":\"https:\\\/\\\/ksproducts.ca\\\/product\\\/star-shower-blue-red\\\/#primaryimage\"},\"thumbnailUrl\":\"https:\\\/\\\/ksproducts.ca\\\/wp-content\\\/uploads\\\/2023\\\/04\\\/9391-3-jpg.webp\",\"datePublished\":\"2023-04-20T17:07:34+00:00\",\"dateModified\":\"2025-09-17T19:05:22+00:00\",\"breadcrumb\":{\"@id\":\"https:\\\/\\\/ksproducts.ca\\\/product\\\/star-shower-blue-red\\\/#breadcrumb\"},\"inLanguage\":\"fr-CA\",\"potentialAction\":[{\"@type\":\"ReadAction\",\"target\":[\"https:\\\/\\\/ksproducts.ca\\\/product\\\/star-shower-blue-red\\\/\"]}]},{\"@type\":\"ImageObject\",\"inLanguage\":\"fr-CA\",\"@id\":\"https:\\\/\\\/ksproducts.ca\\\/product\\\/star-shower-blue-red\\\/#primaryimage\",\"url\":\"https:\\\/\\\/ksproducts.ca\\\/wp-content\\\/uploads\\\/2023\\\/04\\\/9391-3-jpg.webp\",\"contentUrl\":\"https:\\\/\\\/ksproducts.ca\\\/wp-content\\\/uploads\\\/2023\\\/04\\\/9391-3-jpg.webp\",\"width\":1857,\"height\":1920,\"caption\":\"Star Shower Deluxe Limited Edition Blue & Red Laser Lights\"},{\"@type\":\"BreadcrumbList\",\"@id\":\"https:\\\/\\\/ksproducts.ca\\\/product\\\/star-shower-blue-red\\\/#breadcrumb\",\"itemListElement\":[{\"@type\":\"ListItem\",\"position\":1,\"name\":\"Home\",\"item\":\"https:\\\/\\\/ksproducts.ca\\\/\"},{\"@type\":\"ListItem\",\"position\":2,\"name\":\"Shop\",\"item\":\"https:\\\/\\\/ksproducts.ca\\\/shop\\\/\"},{\"@type\":\"ListItem\",\"position\":3,\"name\":\"Star Shower Blue &#038; Red\"}]},{\"@type\":\"WebSite\",\"@id\":\"https:\\\/\\\/ksproducts.ca\\\/#website\",\"url\":\"https:\\\/\\\/ksproducts.ca\\\/\",\"name\":\"Ks Products\",\"description\":\"Outdoor cooking and living, made easy in Canada\",\"publisher\":{\"@id\":\"https:\\\/\\\/ksproducts.ca\\\/#organization\"},\"potentialAction\":[{\"@type\":\"SearchAction\",\"target\":{\"@type\":\"EntryPoint\",\"urlTemplate\":\"https:\\\/\\\/ksproducts.ca\\\/?s={search_term_string}\"},\"query-input\":{\"@type\":\"PropertyValueSpecification\",\"valueRequired\":true,\"valueName\":\"search_term_string\"}}],\"inLanguage\":\"fr-CA\"},{\"@type\":\"Organization\",\"@id\":\"https:\\\/\\\/ksproducts.ca\\\/#organization\",\"name\":\"Ks Products\",\"url\":\"https:\\\/\\\/ksproducts.ca\\\/\",\"logo\":{\"@type\":\"ImageObject\",\"inLanguage\":\"fr-CA\",\"@id\":\"https:\\\/\\\/ksproducts.ca\\\/#\\\/schema\\\/logo\\\/image\\\/\",\"url\":\"https:\\\/\\\/ksproducts.ca\\\/wp-content\\\/uploads\\\/2023\\\/09\\\/Kennedy-Sales-Logo-header-1.png\",\"contentUrl\":\"https:\\\/\\\/ksproducts.ca\\\/wp-content\\\/uploads\\\/2023\\\/09\\\/Kennedy-Sales-Logo-header-1.png\",\"width\":150,\"height\":77,\"caption\":\"Ks Products\"},\"image\":{\"@id\":\"https:\\\/\\\/ksproducts.ca\\\/#\\\/schema\\\/logo\\\/image\\\/\"}}]}<\/script>\n<!-- \/ Yoast SEO plugin. -->","yoast_head_json":{"title":"Douche \u00e9toil\u00e9e bleue et rouge - Ks Products","robots":{"index":"index","follow":"follow","max-snippet":"max-snippet:-1","max-image-preview":"max-image-preview:large","max-video-preview":"max-video-preview:-1"},"canonical":"https:\/\/ksproducts.ca\/fr\/product\/pluie-detoiles-bleu-rouge\/","og_locale":"fr_CA","og_type":"article","og_title":"Star Shower Blue & Red - Ks Products","og_description":"Star Shower is the perfect decorative lighting solution for your home or landscape. Simply place Star Shower anywhere in your yard. The extra-long stake keeps your Star Shower secure, even in the snow. Plug it in, and you're good to go. Thousands of dazzling stars illuminate your landscape and home in seconds. No more rickety, unsafe ladders to deal with and no more broken bulbs from tangled strands of lights. This laser light can easily go anywhere in your yard. Your house will be transformed from dark to stunning in seconds! You can even use Star Shower year round. Bring the stars indoors to light up a foyer, or create a fantasy world in the little one's bedroom. Stop wasting hours hanging old-fashioned lights or spending hundreds of dollars buying new lights year after year. Your home will dazzle with Star Shower. Beams cover up to 3000-sq.ft.; it is weather resistant.","og_url":"https:\/\/ksproducts.ca\/fr\/product\/pluie-detoiles-bleu-rouge\/","og_site_name":"Ks Products","article_modified_time":"2025-09-17T19:05:22+00:00","og_image":[{"width":1857,"height":1920,"url":"https:\/\/ksproducts.ca\/wp-content\/uploads\/2023\/04\/9391-3-jpg.webp","type":"image\/jpeg"}],"twitter_card":"summary_large_image","schema":{"@context":"https:\/\/schema.org","@graph":[{"@type":"WebPage","@id":"https:\/\/ksproducts.ca\/product\/star-shower-blue-red\/","url":"https:\/\/ksproducts.ca\/product\/star-shower-blue-red\/","name":"Douche \u00e9toil\u00e9e bleue et rouge - Ks Products","isPartOf":{"@id":"https:\/\/ksproducts.ca\/#website"},"primaryImageOfPage":{"@id":"https:\/\/ksproducts.ca\/product\/star-shower-blue-red\/#primaryimage"},"image":{"@id":"https:\/\/ksproducts.ca\/product\/star-shower-blue-red\/#primaryimage"},"thumbnailUrl":"https:\/\/ksproducts.ca\/wp-content\/uploads\/2023\/04\/9391-3-jpg.webp","datePublished":"2023-04-20T17:07:34+00:00","dateModified":"2025-09-17T19:05:22+00:00","breadcrumb":{"@id":"https:\/\/ksproducts.ca\/product\/star-shower-blue-red\/#breadcrumb"},"inLanguage":"fr-CA","potentialAction":[{"@type":"ReadAction","target":["https:\/\/ksproducts.ca\/product\/star-shower-blue-red\/"]}]},{"@type":"ImageObject","inLanguage":"fr-CA","@id":"https:\/\/ksproducts.ca\/product\/star-shower-blue-red\/#primaryimage","url":"https:\/\/ksproducts.ca\/wp-content\/uploads\/2023\/04\/9391-3-jpg.webp","contentUrl":"https:\/\/ksproducts.ca\/wp-content\/uploads\/2023\/04\/9391-3-jpg.webp","width":1857,"height":1920,"caption":"Star Shower Deluxe Limited Edition Blue & Red Laser Lights"},{"@type":"BreadcrumbList","@id":"https:\/\/ksproducts.ca\/product\/star-shower-blue-red\/#breadcrumb","itemListElement":[{"@type":"ListItem","position":1,"name":"Home","item":"https:\/\/ksproducts.ca\/"},{"@type":"ListItem","position":2,"name":"Shop","item":"https:\/\/ksproducts.ca\/shop\/"},{"@type":"ListItem","position":3,"name":"Star Shower Blue &#038; Red"}]},{"@type":"WebSite","@id":"https:\/\/ksproducts.ca\/#website","url":"https:\/\/ksproducts.ca\/","name":"Produits Ks","description":"Cuisiner et vivre en plein air, c'est facile au Canada","publisher":{"@id":"https:\/\/ksproducts.ca\/#organization"},"potentialAction":[{"@type":"SearchAction","target":{"@type":"EntryPoint","urlTemplate":"https:\/\/ksproducts.ca\/?s={search_term_string}"},"query-input":{"@type":"PropertyValueSpecification","valueRequired":true,"valueName":"search_term_string"}}],"inLanguage":"fr-CA"},{"@type":"Organization","@id":"https:\/\/ksproducts.ca\/#organization","name":"Produits Ks","url":"https:\/\/ksproducts.ca\/","logo":{"@type":"ImageObject","inLanguage":"fr-CA","@id":"https:\/\/ksproducts.ca\/#\/schema\/logo\/image\/","url":"https:\/\/ksproducts.ca\/wp-content\/uploads\/2023\/09\/Kennedy-Sales-Logo-header-1.png","contentUrl":"https:\/\/ksproducts.ca\/wp-content\/uploads\/2023\/09\/Kennedy-Sales-Logo-header-1.png","width":150,"height":77,"caption":"Ks Products"},"image":{"@id":"https:\/\/ksproducts.ca\/#\/schema\/logo\/image\/"}}]}},"_links":{"self":[{"href":"https:\/\/ksproducts.ca\/fr\/wp-json\/wp\/v2\/product\/6660","targetHints":{"allow":["GET"]}}],"collection":[{"href":"https:\/\/ksproducts.ca\/fr\/wp-json\/wp\/v2\/product"}],"about":[{"href":"https:\/\/ksproducts.ca\/fr\/wp-json\/wp\/v2\/types\/product"}],"replies":[{"embeddable":true,"href":"https:\/\/ksproducts.ca\/fr\/wp-json\/wp\/v2\/comments?post=6660"}],"version-history":[{"count":1,"href":"https:\/\/ksproducts.ca\/fr\/wp-json\/wp\/v2\/product\/6660\/revisions"}],"predecessor-version":[{"id":10182,"href":"https:\/\/ksproducts.ca\/fr\/wp-json\/wp\/v2\/product\/6660\/revisions\/10182"}],"wp:featuredmedia":[{"embeddable":true,"href":"https:\/\/ksproducts.ca\/fr\/wp-json\/wp\/v2\/media\/6661"}],"wp:attachment":[{"href":"https:\/\/ksproducts.ca\/fr\/wp-json\/wp\/v2\/media?parent=6660"}],"wp:term":[{"taxonomy":"product_cat","embeddable":true,"href":"https:\/\/ksproducts.ca\/fr\/wp-json\/wp\/v2\/product_cat?post=6660"},{"taxonomy":"product_tag","embeddable":true,"href":"https:\/\/ksproducts.ca\/fr\/wp-json\/wp\/v2\/product_tag?post=6660"}],"curies":[{"name":"wp","href":"https:\/\/api.w.org\/{rel}","templated":true}]}}