{"id":6675,"date":"2023-04-20T17:58:38","date_gmt":"2023-04-20T17:58:38","guid":{"rendered":"https:\/\/ksproducts.ca\/?post_type=product&#038;p=6675"},"modified":"2025-09-17T19:05:15","modified_gmt":"2025-09-17T19:05:15","slug":"porte-de-garage-en-maille-magique","status":"publish","type":"product","link":"https:\/\/ksproducts.ca\/fr\/product\/magic-mesh-garage-door\/","title":{"rendered":"Porte de garage Magic Mesh"},"content":{"rendered":"","protected":false},"excerpt":{"rendered":"<p>La porte de garage magn\u00e9tique mains libres Magic Mesh transforme votre garage en un grand espace de vie. Laissez entrer l'air frais et emp\u00eachez les insectes g\u00eanants d'entrer. Elle est facile \u00e0 installer, sans aucun outil. Convient aux portes de garage simples de 2,4 m et 2,7 m. Installation sur un seul panneau. Comprend 9 bandes auto-agrippantes et 25 punaises. Dimensions du panneau en treillis : 276,86 cm x 2146,3 cm (109 po x 845 po).<\/p>","protected":false},"featured_media":6676,"comment_status":"open","ping_status":"closed","template":"","meta":[],"product_cat":[451],"product_tag":[],"class_list":{"0":"post-6675","1":"product","2":"type-product","3":"status-publish","4":"has-post-thumbnail","6":"product_cat-tools-equipment","7":"product_shipping_class-class-1","9":"first","10":"instock","11":"taxable","12":"shipping-taxable","13":"purchasable","14":"product-type-simple"},"yoast_head":"<!-- This site is optimized with the Yoast SEO plugin v27.3 - https:\/\/yoast.com\/product\/yoast-seo-wordpress\/ -->\n<title>Magic Mesh Garage Door - Ks Products<\/title>\n<meta name=\"robots\" content=\"index, follow, max-snippet:-1, max-image-preview:large, max-video-preview:-1\" \/>\n<link rel=\"canonical\" href=\"https:\/\/ksproducts.ca\/fr\/product\/porte-de-garage-en-maille-magique\/\" \/>\n<meta property=\"og:locale\" content=\"fr_CA\" \/>\n<meta property=\"og:type\" content=\"article\" \/>\n<meta property=\"og:title\" content=\"Magic Mesh Garage Door - Ks Products\" \/>\n<meta property=\"og:description\" content=\"The Magic Mesh hands-free magnetic garage door turns your garage into a great living space. Let fresh air in and keep annoying bugs out. It is easy to install with no tools required. Fits single garage doors that are 8-ft (2.4 m) and 9-ft (2.7 m). One panel installation. Includes 9 hook and loop strips, and 25 wood tacks. Mesh panel dimensions: 109-in x 845-in (276.86 cm x 2146.3 cm).\" \/>\n<meta property=\"og:url\" content=\"https:\/\/ksproducts.ca\/fr\/product\/porte-de-garage-en-maille-magique\/\" \/>\n<meta property=\"og:site_name\" content=\"Ks Products\" \/>\n<meta property=\"article:modified_time\" content=\"2025-09-17T19:05:15+00:00\" \/>\n<meta property=\"og:image\" content=\"https:\/\/ksproducts.ca\/wp-content\/uploads\/2023\/04\/Magic-Mesh-Garage-3D-box-Bil-jpg.webp\" \/>\n\t<meta property=\"og:image:width\" content=\"1556\" \/>\n\t<meta property=\"og:image:height\" content=\"1920\" \/>\n\t<meta property=\"og:image:type\" content=\"image\/jpeg\" \/>\n<meta name=\"twitter:card\" content=\"summary_large_image\" \/>\n<script type=\"application\/ld+json\" class=\"yoast-schema-graph\">{\"@context\":\"https:\\\/\\\/schema.org\",\"@graph\":[{\"@type\":\"WebPage\",\"@id\":\"https:\\\/\\\/ksproducts.ca\\\/product\\\/magic-mesh-garage-door\\\/\",\"url\":\"https:\\\/\\\/ksproducts.ca\\\/product\\\/magic-mesh-garage-door\\\/\",\"name\":\"Magic Mesh Garage Door - Ks Products\",\"isPartOf\":{\"@id\":\"https:\\\/\\\/ksproducts.ca\\\/#website\"},\"primaryImageOfPage\":{\"@id\":\"https:\\\/\\\/ksproducts.ca\\\/product\\\/magic-mesh-garage-door\\\/#primaryimage\"},\"image\":{\"@id\":\"https:\\\/\\\/ksproducts.ca\\\/product\\\/magic-mesh-garage-door\\\/#primaryimage\"},\"thumbnailUrl\":\"https:\\\/\\\/ksproducts.ca\\\/wp-content\\\/uploads\\\/2023\\\/04\\\/Magic-Mesh-Garage-3D-box-Bil-jpg.webp\",\"datePublished\":\"2023-04-20T17:58:38+00:00\",\"dateModified\":\"2025-09-17T19:05:15+00:00\",\"breadcrumb\":{\"@id\":\"https:\\\/\\\/ksproducts.ca\\\/product\\\/magic-mesh-garage-door\\\/#breadcrumb\"},\"inLanguage\":\"fr-CA\",\"potentialAction\":[{\"@type\":\"ReadAction\",\"target\":[\"https:\\\/\\\/ksproducts.ca\\\/product\\\/magic-mesh-garage-door\\\/\"]}]},{\"@type\":\"ImageObject\",\"inLanguage\":\"fr-CA\",\"@id\":\"https:\\\/\\\/ksproducts.ca\\\/product\\\/magic-mesh-garage-door\\\/#primaryimage\",\"url\":\"https:\\\/\\\/ksproducts.ca\\\/wp-content\\\/uploads\\\/2023\\\/04\\\/Magic-Mesh-Garage-3D-box-Bil-jpg.webp\",\"contentUrl\":\"https:\\\/\\\/ksproducts.ca\\\/wp-content\\\/uploads\\\/2023\\\/04\\\/Magic-Mesh-Garage-3D-box-Bil-jpg.webp\",\"width\":1556,\"height\":1920,\"caption\":\"Magic Mesh Garage 3D box Bil jpg\"},{\"@type\":\"BreadcrumbList\",\"@id\":\"https:\\\/\\\/ksproducts.ca\\\/product\\\/magic-mesh-garage-door\\\/#breadcrumb\",\"itemListElement\":[{\"@type\":\"ListItem\",\"position\":1,\"name\":\"Home\",\"item\":\"https:\\\/\\\/ksproducts.ca\\\/\"},{\"@type\":\"ListItem\",\"position\":2,\"name\":\"Shop\",\"item\":\"https:\\\/\\\/ksproducts.ca\\\/shop\\\/\"},{\"@type\":\"ListItem\",\"position\":3,\"name\":\"Magic Mesh Garage Door\"}]},{\"@type\":\"WebSite\",\"@id\":\"https:\\\/\\\/ksproducts.ca\\\/#website\",\"url\":\"https:\\\/\\\/ksproducts.ca\\\/\",\"name\":\"Ks Products\",\"description\":\"Outdoor cooking and living, made easy in Canada\",\"publisher\":{\"@id\":\"https:\\\/\\\/ksproducts.ca\\\/#organization\"},\"potentialAction\":[{\"@type\":\"SearchAction\",\"target\":{\"@type\":\"EntryPoint\",\"urlTemplate\":\"https:\\\/\\\/ksproducts.ca\\\/?s={search_term_string}\"},\"query-input\":{\"@type\":\"PropertyValueSpecification\",\"valueRequired\":true,\"valueName\":\"search_term_string\"}}],\"inLanguage\":\"fr-CA\"},{\"@type\":\"Organization\",\"@id\":\"https:\\\/\\\/ksproducts.ca\\\/#organization\",\"name\":\"Ks Products\",\"url\":\"https:\\\/\\\/ksproducts.ca\\\/\",\"logo\":{\"@type\":\"ImageObject\",\"inLanguage\":\"fr-CA\",\"@id\":\"https:\\\/\\\/ksproducts.ca\\\/#\\\/schema\\\/logo\\\/image\\\/\",\"url\":\"https:\\\/\\\/ksproducts.ca\\\/wp-content\\\/uploads\\\/2023\\\/09\\\/Kennedy-Sales-Logo-header-1.png\",\"contentUrl\":\"https:\\\/\\\/ksproducts.ca\\\/wp-content\\\/uploads\\\/2023\\\/09\\\/Kennedy-Sales-Logo-header-1.png\",\"width\":150,\"height\":77,\"caption\":\"Ks Products\"},\"image\":{\"@id\":\"https:\\\/\\\/ksproducts.ca\\\/#\\\/schema\\\/logo\\\/image\\\/\"}}]}<\/script>\n<!-- \/ Yoast SEO plugin. -->","yoast_head_json":{"title":"Porte de garage Magic Mesh - Ks Products","robots":{"index":"index","follow":"follow","max-snippet":"max-snippet:-1","max-image-preview":"max-image-preview:large","max-video-preview":"max-video-preview:-1"},"canonical":"https:\/\/ksproducts.ca\/fr\/product\/porte-de-garage-en-maille-magique\/","og_locale":"fr_CA","og_type":"article","og_title":"Magic Mesh Garage Door - Ks Products","og_description":"The Magic Mesh hands-free magnetic garage door turns your garage into a great living space. Let fresh air in and keep annoying bugs out. It is easy to install with no tools required. Fits single garage doors that are 8-ft (2.4 m) and 9-ft (2.7 m). One panel installation. Includes 9 hook and loop strips, and 25 wood tacks. Mesh panel dimensions: 109-in x 845-in (276.86 cm x 2146.3 cm).","og_url":"https:\/\/ksproducts.ca\/fr\/product\/porte-de-garage-en-maille-magique\/","og_site_name":"Ks Products","article_modified_time":"2025-09-17T19:05:15+00:00","og_image":[{"width":1556,"height":1920,"url":"https:\/\/ksproducts.ca\/wp-content\/uploads\/2023\/04\/Magic-Mesh-Garage-3D-box-Bil-jpg.webp","type":"image\/jpeg"}],"twitter_card":"summary_large_image","schema":{"@context":"https:\/\/schema.org","@graph":[{"@type":"WebPage","@id":"https:\/\/ksproducts.ca\/product\/magic-mesh-garage-door\/","url":"https:\/\/ksproducts.ca\/product\/magic-mesh-garage-door\/","name":"Porte de garage Magic Mesh - Ks Products","isPartOf":{"@id":"https:\/\/ksproducts.ca\/#website"},"primaryImageOfPage":{"@id":"https:\/\/ksproducts.ca\/product\/magic-mesh-garage-door\/#primaryimage"},"image":{"@id":"https:\/\/ksproducts.ca\/product\/magic-mesh-garage-door\/#primaryimage"},"thumbnailUrl":"https:\/\/ksproducts.ca\/wp-content\/uploads\/2023\/04\/Magic-Mesh-Garage-3D-box-Bil-jpg.webp","datePublished":"2023-04-20T17:58:38+00:00","dateModified":"2025-09-17T19:05:15+00:00","breadcrumb":{"@id":"https:\/\/ksproducts.ca\/product\/magic-mesh-garage-door\/#breadcrumb"},"inLanguage":"fr-CA","potentialAction":[{"@type":"ReadAction","target":["https:\/\/ksproducts.ca\/product\/magic-mesh-garage-door\/"]}]},{"@type":"ImageObject","inLanguage":"fr-CA","@id":"https:\/\/ksproducts.ca\/product\/magic-mesh-garage-door\/#primaryimage","url":"https:\/\/ksproducts.ca\/wp-content\/uploads\/2023\/04\/Magic-Mesh-Garage-3D-box-Bil-jpg.webp","contentUrl":"https:\/\/ksproducts.ca\/wp-content\/uploads\/2023\/04\/Magic-Mesh-Garage-3D-box-Bil-jpg.webp","width":1556,"height":1920,"caption":"Magic Mesh Garage 3D box Bil jpg"},{"@type":"BreadcrumbList","@id":"https:\/\/ksproducts.ca\/product\/magic-mesh-garage-door\/#breadcrumb","itemListElement":[{"@type":"ListItem","position":1,"name":"Home","item":"https:\/\/ksproducts.ca\/"},{"@type":"ListItem","position":2,"name":"Shop","item":"https:\/\/ksproducts.ca\/shop\/"},{"@type":"ListItem","position":3,"name":"Magic Mesh Garage Door"}]},{"@type":"WebSite","@id":"https:\/\/ksproducts.ca\/#website","url":"https:\/\/ksproducts.ca\/","name":"Produits Ks","description":"Cuisiner et vivre en plein air, c'est facile au Canada","publisher":{"@id":"https:\/\/ksproducts.ca\/#organization"},"potentialAction":[{"@type":"SearchAction","target":{"@type":"EntryPoint","urlTemplate":"https:\/\/ksproducts.ca\/?s={search_term_string}"},"query-input":{"@type":"PropertyValueSpecification","valueRequired":true,"valueName":"search_term_string"}}],"inLanguage":"fr-CA"},{"@type":"Organization","@id":"https:\/\/ksproducts.ca\/#organization","name":"Produits Ks","url":"https:\/\/ksproducts.ca\/","logo":{"@type":"ImageObject","inLanguage":"fr-CA","@id":"https:\/\/ksproducts.ca\/#\/schema\/logo\/image\/","url":"https:\/\/ksproducts.ca\/wp-content\/uploads\/2023\/09\/Kennedy-Sales-Logo-header-1.png","contentUrl":"https:\/\/ksproducts.ca\/wp-content\/uploads\/2023\/09\/Kennedy-Sales-Logo-header-1.png","width":150,"height":77,"caption":"Ks Products"},"image":{"@id":"https:\/\/ksproducts.ca\/#\/schema\/logo\/image\/"}}]}},"_links":{"self":[{"href":"https:\/\/ksproducts.ca\/fr\/wp-json\/wp\/v2\/product\/6675","targetHints":{"allow":["GET"]}}],"collection":[{"href":"https:\/\/ksproducts.ca\/fr\/wp-json\/wp\/v2\/product"}],"about":[{"href":"https:\/\/ksproducts.ca\/fr\/wp-json\/wp\/v2\/types\/product"}],"replies":[{"embeddable":true,"href":"https:\/\/ksproducts.ca\/fr\/wp-json\/wp\/v2\/comments?post=6675"}],"version-history":[{"count":1,"href":"https:\/\/ksproducts.ca\/fr\/wp-json\/wp\/v2\/product\/6675\/revisions"}],"predecessor-version":[{"id":10186,"href":"https:\/\/ksproducts.ca\/fr\/wp-json\/wp\/v2\/product\/6675\/revisions\/10186"}],"wp:featuredmedia":[{"embeddable":true,"href":"https:\/\/ksproducts.ca\/fr\/wp-json\/wp\/v2\/media\/6676"}],"wp:attachment":[{"href":"https:\/\/ksproducts.ca\/fr\/wp-json\/wp\/v2\/media?parent=6675"}],"wp:term":[{"taxonomy":"product_cat","embeddable":true,"href":"https:\/\/ksproducts.ca\/fr\/wp-json\/wp\/v2\/product_cat?post=6675"},{"taxonomy":"product_tag","embeddable":true,"href":"https:\/\/ksproducts.ca\/fr\/wp-json\/wp\/v2\/product_tag?post=6675"}],"curies":[{"name":"wp","href":"https:\/\/api.w.org\/{rel}","templated":true}]}}