{"id":6691,"date":"2023-04-20T18:44:05","date_gmt":"2023-04-20T18:44:05","guid":{"rendered":"https:\/\/ksproducts.ca\/?post_type=product&#038;p=6691"},"modified":"2025-09-17T19:04:47","modified_gmt":"2025-09-17T19:04:47","slug":"ruban-de-reparation-magic-mesh-2-packs","status":"publish","type":"product","link":"https:\/\/ksproducts.ca\/fr\/product\/magic-mesh-repair-tape-2-pack\/","title":{"rendered":"Ruban de r\u00e9paration Magic Mesh (2\/paquet)"},"content":{"rendered":"","protected":false},"excerpt":{"rendered":"<p>Vous avez un trou dans une moustiquaire ? Ne craignez rien, ce ruban adh\u00e9sif Magic Mesh est facile \u00e0 utiliser. Il suffit de le couper \u00e0 la taille voulue et de le coller sur n'importe quelle surface de la moustiquaire. Cette r\u00e9paration de moustiquaire vous fera \u00e9conomiser de l'argent, laissera entrer l'air frais et durera des ann\u00e9es. Ce rouleau de 9 pieds permet de r\u00e9parer les d\u00e9chirures de n'importe quelle surface de moustiquaire : moustiquaire de fen\u00eatre, moustiquaire de porte, filet de tente, moustiquaire de v\u00e9hicule r\u00e9cr\u00e9atif et bien plus encore.<\/p>","protected":false},"featured_media":6692,"comment_status":"open","ping_status":"closed","template":"","meta":[],"product_cat":[451],"product_tag":[],"class_list":{"0":"post-6691","1":"product","2":"type-product","3":"status-publish","4":"has-post-thumbnail","6":"product_cat-tools-equipment","7":"product_shipping_class-class-1","9":"first","10":"instock","11":"taxable","12":"shipping-taxable","13":"purchasable","14":"product-type-simple"},"yoast_head":"<!-- This site is optimized with the Yoast SEO plugin v27.4 - https:\/\/yoast.com\/product\/yoast-seo-wordpress\/ -->\n<title>Magic Mesh Repair Tape (2\/pack) - Ks Products<\/title>\n<meta name=\"robots\" content=\"index, follow, max-snippet:-1, max-image-preview:large, max-video-preview:-1\" \/>\n<link rel=\"canonical\" href=\"https:\/\/ksproducts.ca\/fr\/product\/ruban-de-reparation-magic-mesh-2-packs\/\" \/>\n<meta property=\"og:locale\" content=\"fr_CA\" \/>\n<meta property=\"og:type\" content=\"article\" \/>\n<meta property=\"og:title\" content=\"Magic Mesh Repair Tape (2\/pack) - Ks Products\" \/>\n<meta property=\"og:description\" content=\"Have a hole in a screen? Fear no more, this Magic Mesh screen tape is easy to use. Just trim to size and stick to any screen surface. This screen repair will save you money, let fresh air in, and last for years. This 9-ft roll will repair tears in any screen surfaces: window screens, door screens, tent mesh, RV screens and more.\" \/>\n<meta property=\"og:url\" content=\"https:\/\/ksproducts.ca\/fr\/product\/ruban-de-reparation-magic-mesh-2-packs\/\" \/>\n<meta property=\"og:site_name\" content=\"Ks Products\" \/>\n<meta property=\"article:modified_time\" content=\"2025-09-17T19:04:47+00:00\" \/>\n<meta property=\"og:image\" content=\"https:\/\/ksproducts.ca\/wp-content\/uploads\/2023\/04\/9811-6-jpg.webp\" \/>\n\t<meta property=\"og:image:width\" content=\"1182\" \/>\n\t<meta property=\"og:image:height\" content=\"1920\" \/>\n\t<meta property=\"og:image:type\" content=\"image\/jpeg\" \/>\n<meta name=\"twitter:card\" content=\"summary_large_image\" \/>\n<meta name=\"twitter:label1\" content=\"Estimation du temps de lecture\" \/>\n\t<meta name=\"twitter:data1\" content=\"1 minute\" \/>\n<script type=\"application\/ld+json\" class=\"yoast-schema-graph\">{\"@context\":\"https:\\\/\\\/schema.org\",\"@graph\":[{\"@type\":\"WebPage\",\"@id\":\"https:\\\/\\\/ksproducts.ca\\\/product\\\/magic-mesh-repair-tape-2-pack\\\/\",\"url\":\"https:\\\/\\\/ksproducts.ca\\\/product\\\/magic-mesh-repair-tape-2-pack\\\/\",\"name\":\"Magic Mesh Repair Tape (2\\\/pack) - Ks Products\",\"isPartOf\":{\"@id\":\"https:\\\/\\\/ksproducts.ca\\\/#website\"},\"primaryImageOfPage\":{\"@id\":\"https:\\\/\\\/ksproducts.ca\\\/product\\\/magic-mesh-repair-tape-2-pack\\\/#primaryimage\"},\"image\":{\"@id\":\"https:\\\/\\\/ksproducts.ca\\\/product\\\/magic-mesh-repair-tape-2-pack\\\/#primaryimage\"},\"thumbnailUrl\":\"https:\\\/\\\/ksproducts.ca\\\/wp-content\\\/uploads\\\/2023\\\/04\\\/9811-6-jpg.webp\",\"datePublished\":\"2023-04-20T18:44:05+00:00\",\"dateModified\":\"2025-09-17T19:04:47+00:00\",\"breadcrumb\":{\"@id\":\"https:\\\/\\\/ksproducts.ca\\\/product\\\/magic-mesh-repair-tape-2-pack\\\/#breadcrumb\"},\"inLanguage\":\"fr-CA\",\"potentialAction\":[{\"@type\":\"ReadAction\",\"target\":[\"https:\\\/\\\/ksproducts.ca\\\/product\\\/magic-mesh-repair-tape-2-pack\\\/\"]}]},{\"@type\":\"ImageObject\",\"inLanguage\":\"fr-CA\",\"@id\":\"https:\\\/\\\/ksproducts.ca\\\/product\\\/magic-mesh-repair-tape-2-pack\\\/#primaryimage\",\"url\":\"https:\\\/\\\/ksproducts.ca\\\/wp-content\\\/uploads\\\/2023\\\/04\\\/9811-6-jpg.webp\",\"contentUrl\":\"https:\\\/\\\/ksproducts.ca\\\/wp-content\\\/uploads\\\/2023\\\/04\\\/9811-6-jpg.webp\",\"width\":1182,\"height\":1920,\"caption\":\"Magic Mesh Screen Repair Tape\"},{\"@type\":\"BreadcrumbList\",\"@id\":\"https:\\\/\\\/ksproducts.ca\\\/product\\\/magic-mesh-repair-tape-2-pack\\\/#breadcrumb\",\"itemListElement\":[{\"@type\":\"ListItem\",\"position\":1,\"name\":\"Home\",\"item\":\"https:\\\/\\\/ksproducts.ca\\\/\"},{\"@type\":\"ListItem\",\"position\":2,\"name\":\"Shop\",\"item\":\"https:\\\/\\\/ksproducts.ca\\\/shop\\\/\"},{\"@type\":\"ListItem\",\"position\":3,\"name\":\"Magic Mesh Repair Tape (2\\\/pack)\"}]},{\"@type\":\"WebSite\",\"@id\":\"https:\\\/\\\/ksproducts.ca\\\/#website\",\"url\":\"https:\\\/\\\/ksproducts.ca\\\/\",\"name\":\"Ks Products\",\"description\":\"Outdoor cooking and living, made easy in Canada\",\"publisher\":{\"@id\":\"https:\\\/\\\/ksproducts.ca\\\/#organization\"},\"potentialAction\":[{\"@type\":\"SearchAction\",\"target\":{\"@type\":\"EntryPoint\",\"urlTemplate\":\"https:\\\/\\\/ksproducts.ca\\\/?s={search_term_string}\"},\"query-input\":{\"@type\":\"PropertyValueSpecification\",\"valueRequired\":true,\"valueName\":\"search_term_string\"}}],\"inLanguage\":\"fr-CA\"},{\"@type\":\"Organization\",\"@id\":\"https:\\\/\\\/ksproducts.ca\\\/#organization\",\"name\":\"Ks Products\",\"url\":\"https:\\\/\\\/ksproducts.ca\\\/\",\"logo\":{\"@type\":\"ImageObject\",\"inLanguage\":\"fr-CA\",\"@id\":\"https:\\\/\\\/ksproducts.ca\\\/#\\\/schema\\\/logo\\\/image\\\/\",\"url\":\"https:\\\/\\\/ksproducts.ca\\\/wp-content\\\/uploads\\\/2023\\\/09\\\/Kennedy-Sales-Logo-header-1.png\",\"contentUrl\":\"https:\\\/\\\/ksproducts.ca\\\/wp-content\\\/uploads\\\/2023\\\/09\\\/Kennedy-Sales-Logo-header-1.png\",\"width\":150,\"height\":77,\"caption\":\"Ks Products\"},\"image\":{\"@id\":\"https:\\\/\\\/ksproducts.ca\\\/#\\\/schema\\\/logo\\\/image\\\/\"}}]}<\/script>\n<!-- \/ Yoast SEO plugin. -->","yoast_head_json":{"title":"Ruban de r\u00e9paration Magic Mesh (2\/paquet) - Ks Products","robots":{"index":"index","follow":"follow","max-snippet":"max-snippet:-1","max-image-preview":"max-image-preview:large","max-video-preview":"max-video-preview:-1"},"canonical":"https:\/\/ksproducts.ca\/fr\/product\/ruban-de-reparation-magic-mesh-2-packs\/","og_locale":"fr_CA","og_type":"article","og_title":"Magic Mesh Repair Tape (2\/pack) - Ks Products","og_description":"Have a hole in a screen? Fear no more, this Magic Mesh screen tape is easy to use. Just trim to size and stick to any screen surface. This screen repair will save you money, let fresh air in, and last for years. This 9-ft roll will repair tears in any screen surfaces: window screens, door screens, tent mesh, RV screens and more.","og_url":"https:\/\/ksproducts.ca\/fr\/product\/ruban-de-reparation-magic-mesh-2-packs\/","og_site_name":"Ks Products","article_modified_time":"2025-09-17T19:04:47+00:00","og_image":[{"width":1182,"height":1920,"url":"https:\/\/ksproducts.ca\/wp-content\/uploads\/2023\/04\/9811-6-jpg.webp","type":"image\/jpeg"}],"twitter_card":"summary_large_image","twitter_misc":{"Estimation du temps de lecture":"1 minute"},"schema":{"@context":"https:\/\/schema.org","@graph":[{"@type":"WebPage","@id":"https:\/\/ksproducts.ca\/product\/magic-mesh-repair-tape-2-pack\/","url":"https:\/\/ksproducts.ca\/product\/magic-mesh-repair-tape-2-pack\/","name":"Ruban de r\u00e9paration Magic Mesh (2\/paquet) - Ks Products","isPartOf":{"@id":"https:\/\/ksproducts.ca\/#website"},"primaryImageOfPage":{"@id":"https:\/\/ksproducts.ca\/product\/magic-mesh-repair-tape-2-pack\/#primaryimage"},"image":{"@id":"https:\/\/ksproducts.ca\/product\/magic-mesh-repair-tape-2-pack\/#primaryimage"},"thumbnailUrl":"https:\/\/ksproducts.ca\/wp-content\/uploads\/2023\/04\/9811-6-jpg.webp","datePublished":"2023-04-20T18:44:05+00:00","dateModified":"2025-09-17T19:04:47+00:00","breadcrumb":{"@id":"https:\/\/ksproducts.ca\/product\/magic-mesh-repair-tape-2-pack\/#breadcrumb"},"inLanguage":"fr-CA","potentialAction":[{"@type":"ReadAction","target":["https:\/\/ksproducts.ca\/product\/magic-mesh-repair-tape-2-pack\/"]}]},{"@type":"ImageObject","inLanguage":"fr-CA","@id":"https:\/\/ksproducts.ca\/product\/magic-mesh-repair-tape-2-pack\/#primaryimage","url":"https:\/\/ksproducts.ca\/wp-content\/uploads\/2023\/04\/9811-6-jpg.webp","contentUrl":"https:\/\/ksproducts.ca\/wp-content\/uploads\/2023\/04\/9811-6-jpg.webp","width":1182,"height":1920,"caption":"Magic Mesh Screen Repair Tape"},{"@type":"BreadcrumbList","@id":"https:\/\/ksproducts.ca\/product\/magic-mesh-repair-tape-2-pack\/#breadcrumb","itemListElement":[{"@type":"ListItem","position":1,"name":"Home","item":"https:\/\/ksproducts.ca\/"},{"@type":"ListItem","position":2,"name":"Shop","item":"https:\/\/ksproducts.ca\/shop\/"},{"@type":"ListItem","position":3,"name":"Magic Mesh Repair Tape (2\/pack)"}]},{"@type":"WebSite","@id":"https:\/\/ksproducts.ca\/#website","url":"https:\/\/ksproducts.ca\/","name":"Produits Ks","description":"Cuisiner et vivre en plein air, c'est facile au Canada","publisher":{"@id":"https:\/\/ksproducts.ca\/#organization"},"potentialAction":[{"@type":"SearchAction","target":{"@type":"EntryPoint","urlTemplate":"https:\/\/ksproducts.ca\/?s={search_term_string}"},"query-input":{"@type":"PropertyValueSpecification","valueRequired":true,"valueName":"search_term_string"}}],"inLanguage":"fr-CA"},{"@type":"Organization","@id":"https:\/\/ksproducts.ca\/#organization","name":"Produits Ks","url":"https:\/\/ksproducts.ca\/","logo":{"@type":"ImageObject","inLanguage":"fr-CA","@id":"https:\/\/ksproducts.ca\/#\/schema\/logo\/image\/","url":"https:\/\/ksproducts.ca\/wp-content\/uploads\/2023\/09\/Kennedy-Sales-Logo-header-1.png","contentUrl":"https:\/\/ksproducts.ca\/wp-content\/uploads\/2023\/09\/Kennedy-Sales-Logo-header-1.png","width":150,"height":77,"caption":"Ks Products"},"image":{"@id":"https:\/\/ksproducts.ca\/#\/schema\/logo\/image\/"}}]}},"_links":{"self":[{"href":"https:\/\/ksproducts.ca\/fr\/wp-json\/wp\/v2\/product\/6691","targetHints":{"allow":["GET"]}}],"collection":[{"href":"https:\/\/ksproducts.ca\/fr\/wp-json\/wp\/v2\/product"}],"about":[{"href":"https:\/\/ksproducts.ca\/fr\/wp-json\/wp\/v2\/types\/product"}],"replies":[{"embeddable":true,"href":"https:\/\/ksproducts.ca\/fr\/wp-json\/wp\/v2\/comments?post=6691"}],"version-history":[{"count":1,"href":"https:\/\/ksproducts.ca\/fr\/wp-json\/wp\/v2\/product\/6691\/revisions"}],"predecessor-version":[{"id":9862,"href":"https:\/\/ksproducts.ca\/fr\/wp-json\/wp\/v2\/product\/6691\/revisions\/9862"}],"wp:featuredmedia":[{"embeddable":true,"href":"https:\/\/ksproducts.ca\/fr\/wp-json\/wp\/v2\/media\/6692"}],"wp:attachment":[{"href":"https:\/\/ksproducts.ca\/fr\/wp-json\/wp\/v2\/media?parent=6691"}],"wp:term":[{"taxonomy":"product_cat","embeddable":true,"href":"https:\/\/ksproducts.ca\/fr\/wp-json\/wp\/v2\/product_cat?post=6691"},{"taxonomy":"product_tag","embeddable":true,"href":"https:\/\/ksproducts.ca\/fr\/wp-json\/wp\/v2\/product_tag?post=6691"}],"curies":[{"name":"wp","href":"https:\/\/api.w.org\/{rel}","templated":true}]}}