{"id":6913,"date":"2023-05-25T16:21:51","date_gmt":"2023-05-25T16:21:51","guid":{"rendered":"https:\/\/ksproducts.ca\/?post_type=product&#038;p=6913"},"modified":"2025-09-17T18:18:38","modified_gmt":"2025-09-17T18:18:38","slug":"pavillon-de-jardin-au-bord-dun-lac","status":"publish","type":"product","link":"https:\/\/ksproducts.ca\/fr\/product\/lake-country-gazebo\/","title":{"rendered":"Gazebo en bord de lac"},"content":{"rendered":"<p>Ce gazebo enti\u00e8rement cl\u00f4tur\u00e9 et dot\u00e9 d'un filet constitue le moyen id\u00e9al de profiter de votre jardin par tous les temps et tout au long de l'ann\u00e9e. Ce gazebo de 10 x 12 pieds de Lake Country Outdoors est fait d'aluminium et d'acier avec une finition en poudre pour r\u00e9sister \u00e0 tous les environnements. Le design classique rencontre des mat\u00e9riaux durables dans un design simple que vous ne manquerez pas d'appr\u00e9cier. Les quatre parois peuvent facilement \u00eatre ferm\u00e9es par une fermeture \u00e9clair pour fermer l'espace ou laiss\u00e9es ouvertes pour une journ\u00e9e de brise \u00e0 l'ext\u00e9rieur. Ce gazebo b\u00e9n\u00e9ficie d'une garantie limit\u00e9e d'un an.<\/p>\n<ul>\n<li>Moustiquaires et \u00e9crans d'intimit\u00e9 inclus<\/li>\n<li>Toit en acier galvanis\u00e9<\/li>\n<li>Garantie limit\u00e9e de 1 an<\/li>\n<\/ul>","protected":false},"excerpt":{"rendered":"<p>Sp\u00e9cifications : Mat\u00e9riau du toit : Mat\u00e9riau du toit : Acier galvanis\u00e9 Mat\u00e9riau du cadre : Aluminium Aluminium R\u00e9sistant aux UV : Oui Finition de la peinture : Peinture en poudre Moustiquaire incluse : Oui Moustiquaire d'intimit\u00e9 : Oui Entretien et nettoyage : Nettoyer avec de l'eau et du savon doux<\/p>","protected":false},"featured_media":6914,"comment_status":"open","ping_status":"closed","template":"","meta":[],"product_cat":[443],"product_tag":[],"class_list":{"0":"post-6913","1":"product","2":"type-product","3":"status-publish","4":"has-post-thumbnail","6":"product_cat-gazebos","7":"product_shipping_class-class-5","9":"first","10":"instock","11":"featured","12":"taxable","13":"shipping-taxable","14":"purchasable","15":"product-type-simple"},"yoast_head":"<!-- This site is optimized with the Yoast SEO plugin v27.4 - https:\/\/yoast.com\/product\/yoast-seo-wordpress\/ -->\n<title>Lake Country Gazebo - Ks Products<\/title>\n<meta name=\"robots\" content=\"index, follow, max-snippet:-1, max-image-preview:large, max-video-preview:-1\" \/>\n<link rel=\"canonical\" href=\"https:\/\/ksproducts.ca\/fr\/product\/pavillon-de-jardin-au-bord-dun-lac\/\" \/>\n<meta property=\"og:locale\" content=\"fr_CA\" \/>\n<meta property=\"og:type\" content=\"article\" \/>\n<meta property=\"og:title\" content=\"Lake Country Gazebo - Ks Products\" \/>\n<meta property=\"og:description\" content=\"Specifications: Roof Material: Galvanized steel Frame Material: Aluminium UV Resistant:\u00a0 Yes Paint Finish: Powder coated mosquito net included: Yes Privacy Screen: Yes \u00a0 CARE and Cleaning: Wipe Clean With Soft Soap and Water\" \/>\n<meta property=\"og:url\" content=\"https:\/\/ksproducts.ca\/fr\/product\/pavillon-de-jardin-au-bord-dun-lac\/\" \/>\n<meta property=\"og:site_name\" content=\"Ks Products\" \/>\n<meta property=\"article:modified_time\" content=\"2025-09-17T18:18:38+00:00\" \/>\n<meta property=\"og:image\" content=\"https:\/\/ksproducts.ca\/wp-content\/uploads\/2023\/05\/D2A00791-jpg.webp\" \/>\n\t<meta property=\"og:image:width\" content=\"1920\" \/>\n\t<meta property=\"og:image:height\" content=\"1393\" \/>\n\t<meta property=\"og:image:type\" content=\"image\/jpeg\" \/>\n<meta name=\"twitter:card\" content=\"summary_large_image\" \/>\n<meta name=\"twitter:label1\" content=\"Estimation du temps de lecture\" \/>\n\t<meta name=\"twitter:data1\" content=\"1 minute\" \/>\n<script type=\"application\/ld+json\" class=\"yoast-schema-graph\">{\"@context\":\"https:\\\/\\\/schema.org\",\"@graph\":[{\"@type\":\"WebPage\",\"@id\":\"https:\\\/\\\/ksproducts.ca\\\/product\\\/lake-country-gazebo\\\/\",\"url\":\"https:\\\/\\\/ksproducts.ca\\\/product\\\/lake-country-gazebo\\\/\",\"name\":\"Lake Country Gazebo - Ks Products\",\"isPartOf\":{\"@id\":\"https:\\\/\\\/ksproducts.ca\\\/#website\"},\"primaryImageOfPage\":{\"@id\":\"https:\\\/\\\/ksproducts.ca\\\/product\\\/lake-country-gazebo\\\/#primaryimage\"},\"image\":{\"@id\":\"https:\\\/\\\/ksproducts.ca\\\/product\\\/lake-country-gazebo\\\/#primaryimage\"},\"thumbnailUrl\":\"https:\\\/\\\/ksproducts.ca\\\/wp-content\\\/uploads\\\/2023\\\/05\\\/D2A00791-jpg.webp\",\"datePublished\":\"2023-05-25T16:21:51+00:00\",\"dateModified\":\"2025-09-17T18:18:38+00:00\",\"breadcrumb\":{\"@id\":\"https:\\\/\\\/ksproducts.ca\\\/product\\\/lake-country-gazebo\\\/#breadcrumb\"},\"inLanguage\":\"fr-CA\",\"potentialAction\":[{\"@type\":\"ReadAction\",\"target\":[\"https:\\\/\\\/ksproducts.ca\\\/product\\\/lake-country-gazebo\\\/\"]}]},{\"@type\":\"ImageObject\",\"inLanguage\":\"fr-CA\",\"@id\":\"https:\\\/\\\/ksproducts.ca\\\/product\\\/lake-country-gazebo\\\/#primaryimage\",\"url\":\"https:\\\/\\\/ksproducts.ca\\\/wp-content\\\/uploads\\\/2023\\\/05\\\/D2A00791-jpg.webp\",\"contentUrl\":\"https:\\\/\\\/ksproducts.ca\\\/wp-content\\\/uploads\\\/2023\\\/05\\\/D2A00791-jpg.webp\",\"width\":1920,\"height\":1393,\"caption\":\"Lake Country Gazebo\"},{\"@type\":\"BreadcrumbList\",\"@id\":\"https:\\\/\\\/ksproducts.ca\\\/product\\\/lake-country-gazebo\\\/#breadcrumb\",\"itemListElement\":[{\"@type\":\"ListItem\",\"position\":1,\"name\":\"Home\",\"item\":\"https:\\\/\\\/ksproducts.ca\\\/\"},{\"@type\":\"ListItem\",\"position\":2,\"name\":\"Shop\",\"item\":\"https:\\\/\\\/ksproducts.ca\\\/shop\\\/\"},{\"@type\":\"ListItem\",\"position\":3,\"name\":\"Lake Country Gazebo\"}]},{\"@type\":\"WebSite\",\"@id\":\"https:\\\/\\\/ksproducts.ca\\\/#website\",\"url\":\"https:\\\/\\\/ksproducts.ca\\\/\",\"name\":\"Ks Products\",\"description\":\"Outdoor cooking and living, made easy in Canada\",\"publisher\":{\"@id\":\"https:\\\/\\\/ksproducts.ca\\\/#organization\"},\"potentialAction\":[{\"@type\":\"SearchAction\",\"target\":{\"@type\":\"EntryPoint\",\"urlTemplate\":\"https:\\\/\\\/ksproducts.ca\\\/?s={search_term_string}\"},\"query-input\":{\"@type\":\"PropertyValueSpecification\",\"valueRequired\":true,\"valueName\":\"search_term_string\"}}],\"inLanguage\":\"fr-CA\"},{\"@type\":\"Organization\",\"@id\":\"https:\\\/\\\/ksproducts.ca\\\/#organization\",\"name\":\"Ks Products\",\"url\":\"https:\\\/\\\/ksproducts.ca\\\/\",\"logo\":{\"@type\":\"ImageObject\",\"inLanguage\":\"fr-CA\",\"@id\":\"https:\\\/\\\/ksproducts.ca\\\/#\\\/schema\\\/logo\\\/image\\\/\",\"url\":\"https:\\\/\\\/ksproducts.ca\\\/wp-content\\\/uploads\\\/2023\\\/09\\\/Kennedy-Sales-Logo-header-1.png\",\"contentUrl\":\"https:\\\/\\\/ksproducts.ca\\\/wp-content\\\/uploads\\\/2023\\\/09\\\/Kennedy-Sales-Logo-header-1.png\",\"width\":150,\"height\":77,\"caption\":\"Ks Products\"},\"image\":{\"@id\":\"https:\\\/\\\/ksproducts.ca\\\/#\\\/schema\\\/logo\\\/image\\\/\"}}]}<\/script>\n<!-- \/ Yoast SEO plugin. -->","yoast_head_json":{"title":"Abri de jardin en bord de mer - Ks Products","robots":{"index":"index","follow":"follow","max-snippet":"max-snippet:-1","max-image-preview":"max-image-preview:large","max-video-preview":"max-video-preview:-1"},"canonical":"https:\/\/ksproducts.ca\/fr\/product\/pavillon-de-jardin-au-bord-dun-lac\/","og_locale":"fr_CA","og_type":"article","og_title":"Lake Country Gazebo - Ks Products","og_description":"Specifications: Roof Material: Galvanized steel Frame Material: Aluminium UV Resistant:\u00a0 Yes Paint Finish: Powder coated mosquito net included: Yes Privacy Screen: Yes \u00a0 CARE and Cleaning: Wipe Clean With Soft Soap and Water","og_url":"https:\/\/ksproducts.ca\/fr\/product\/pavillon-de-jardin-au-bord-dun-lac\/","og_site_name":"Ks Products","article_modified_time":"2025-09-17T18:18:38+00:00","og_image":[{"width":1920,"height":1393,"url":"https:\/\/ksproducts.ca\/wp-content\/uploads\/2023\/05\/D2A00791-jpg.webp","type":"image\/jpeg"}],"twitter_card":"summary_large_image","twitter_misc":{"Estimation du temps de lecture":"1 minute"},"schema":{"@context":"https:\/\/schema.org","@graph":[{"@type":"WebPage","@id":"https:\/\/ksproducts.ca\/product\/lake-country-gazebo\/","url":"https:\/\/ksproducts.ca\/product\/lake-country-gazebo\/","name":"Abri de jardin en bord de mer - Ks Products","isPartOf":{"@id":"https:\/\/ksproducts.ca\/#website"},"primaryImageOfPage":{"@id":"https:\/\/ksproducts.ca\/product\/lake-country-gazebo\/#primaryimage"},"image":{"@id":"https:\/\/ksproducts.ca\/product\/lake-country-gazebo\/#primaryimage"},"thumbnailUrl":"https:\/\/ksproducts.ca\/wp-content\/uploads\/2023\/05\/D2A00791-jpg.webp","datePublished":"2023-05-25T16:21:51+00:00","dateModified":"2025-09-17T18:18:38+00:00","breadcrumb":{"@id":"https:\/\/ksproducts.ca\/product\/lake-country-gazebo\/#breadcrumb"},"inLanguage":"fr-CA","potentialAction":[{"@type":"ReadAction","target":["https:\/\/ksproducts.ca\/product\/lake-country-gazebo\/"]}]},{"@type":"ImageObject","inLanguage":"fr-CA","@id":"https:\/\/ksproducts.ca\/product\/lake-country-gazebo\/#primaryimage","url":"https:\/\/ksproducts.ca\/wp-content\/uploads\/2023\/05\/D2A00791-jpg.webp","contentUrl":"https:\/\/ksproducts.ca\/wp-content\/uploads\/2023\/05\/D2A00791-jpg.webp","width":1920,"height":1393,"caption":"Lake Country Gazebo"},{"@type":"BreadcrumbList","@id":"https:\/\/ksproducts.ca\/product\/lake-country-gazebo\/#breadcrumb","itemListElement":[{"@type":"ListItem","position":1,"name":"Home","item":"https:\/\/ksproducts.ca\/"},{"@type":"ListItem","position":2,"name":"Shop","item":"https:\/\/ksproducts.ca\/shop\/"},{"@type":"ListItem","position":3,"name":"Lake Country Gazebo"}]},{"@type":"WebSite","@id":"https:\/\/ksproducts.ca\/#website","url":"https:\/\/ksproducts.ca\/","name":"Produits Ks","description":"Cuisiner et vivre en plein air, c'est facile au Canada","publisher":{"@id":"https:\/\/ksproducts.ca\/#organization"},"potentialAction":[{"@type":"SearchAction","target":{"@type":"EntryPoint","urlTemplate":"https:\/\/ksproducts.ca\/?s={search_term_string}"},"query-input":{"@type":"PropertyValueSpecification","valueRequired":true,"valueName":"search_term_string"}}],"inLanguage":"fr-CA"},{"@type":"Organization","@id":"https:\/\/ksproducts.ca\/#organization","name":"Produits Ks","url":"https:\/\/ksproducts.ca\/","logo":{"@type":"ImageObject","inLanguage":"fr-CA","@id":"https:\/\/ksproducts.ca\/#\/schema\/logo\/image\/","url":"https:\/\/ksproducts.ca\/wp-content\/uploads\/2023\/09\/Kennedy-Sales-Logo-header-1.png","contentUrl":"https:\/\/ksproducts.ca\/wp-content\/uploads\/2023\/09\/Kennedy-Sales-Logo-header-1.png","width":150,"height":77,"caption":"Ks Products"},"image":{"@id":"https:\/\/ksproducts.ca\/#\/schema\/logo\/image\/"}}]}},"_links":{"self":[{"href":"https:\/\/ksproducts.ca\/fr\/wp-json\/wp\/v2\/product\/6913","targetHints":{"allow":["GET"]}}],"collection":[{"href":"https:\/\/ksproducts.ca\/fr\/wp-json\/wp\/v2\/product"}],"about":[{"href":"https:\/\/ksproducts.ca\/fr\/wp-json\/wp\/v2\/types\/product"}],"replies":[{"embeddable":true,"href":"https:\/\/ksproducts.ca\/fr\/wp-json\/wp\/v2\/comments?post=6913"}],"version-history":[{"count":2,"href":"https:\/\/ksproducts.ca\/fr\/wp-json\/wp\/v2\/product\/6913\/revisions"}],"predecessor-version":[{"id":10190,"href":"https:\/\/ksproducts.ca\/fr\/wp-json\/wp\/v2\/product\/6913\/revisions\/10190"}],"wp:featuredmedia":[{"embeddable":true,"href":"https:\/\/ksproducts.ca\/fr\/wp-json\/wp\/v2\/media\/6914"}],"wp:attachment":[{"href":"https:\/\/ksproducts.ca\/fr\/wp-json\/wp\/v2\/media?parent=6913"}],"wp:term":[{"taxonomy":"product_cat","embeddable":true,"href":"https:\/\/ksproducts.ca\/fr\/wp-json\/wp\/v2\/product_cat?post=6913"},{"taxonomy":"product_tag","embeddable":true,"href":"https:\/\/ksproducts.ca\/fr\/wp-json\/wp\/v2\/product_tag?post=6913"}],"curies":[{"name":"wp","href":"https:\/\/api.w.org\/{rel}","templated":true}]}}