{"id":6930,"date":"2023-05-25T16:53:51","date_gmt":"2023-05-25T16:53:51","guid":{"rendered":"https:\/\/ksproducts.ca\/?post_type=product&#038;p=6930"},"modified":"2025-09-17T18:17:52","modified_gmt":"2025-09-17T18:17:52","slug":"allspace-allspace-5-piece-metal-wicker-patio-set-sunbrella-coussins-inclus-2","status":"publish","type":"product","link":"https:\/\/ksproducts.ca\/fr\/product\/allspace-allspace-5-piece-metal-wicker-patio-set-sunbrella-cushions-included-2\/","title":{"rendered":"Allspace Ensemble de patio en osier m\u00e9tallique 5 pi\u00e8ces - Coussin(s) Sunbrella inclus"},"content":{"rendered":"","protected":false},"excerpt":{"rendered":"<p class=\"acl-py--x-small hdca-text-body--small\">L'ensemble de patio 5 pi\u00e8ces Allspace est id\u00e9al pour la famille et les r\u00e9ceptions. Pratique et empilable lorsqu'il n'est pas utilis\u00e9, il est dot\u00e9 d'un cadre enduit de poudre pour le prot\u00e9ger des \u00e9l\u00e9ments. Avec des mat\u00e9riaux en osier trait\u00e9s contre les UV pour minimiser les dommages caus\u00e9s par le soleil (niveau UV 3000 heures) et des mat\u00e9riaux Sunbrella sur tous les coussins.<\/p>\n<section id=\"productFeature\" class=\"acl-my--x-small acl-break-word\">\n<ol class=\"acl-lheight--large acl-text-size--medium acl-list acl-list--type--bulleted acl-text-size--small\" type=\"bulleted\">\n<li class=\"acl-lheight--regular acl-my--xx-small acl-text-size--small acl-list-item\">Empilable lorsqu'il n'est pas utilis\u00e9<\/li>\n<\/ol>\n<ol class=\"acl-lheight--large acl-text-size--medium acl-list acl-list--type--bulleted acl-text-size--small\" type=\"bulleted\">\n<li class=\"acl-lheight--regular acl-my--xx-small acl-text-size--small acl-list-item\">Tissu Sunbrella<\/li>\n<\/ol>\n<ol class=\"acl-lheight--large acl-text-size--medium acl-list acl-list--type--bulleted acl-text-size--small\" type=\"bulleted\">\n<li class=\"acl-lheight--regular acl-my--xx-small acl-text-size--small acl-list-item\">Comprend 2 si\u00e8ges d'angle, 2 repose-pieds et 1 table<\/li>\n<\/ol>\n<\/section>","protected":false},"featured_media":6941,"comment_status":"open","ping_status":"closed","template":"","meta":[],"product_cat":[444],"product_tag":[],"class_list":{"0":"post-6930","1":"product","2":"type-product","3":"status-publish","4":"has-post-thumbnail","6":"product_cat-furniture","7":"product_shipping_class-class-5","9":"first","10":"instock","11":"taxable","12":"shipping-taxable","13":"purchasable","14":"product-type-simple"},"yoast_head":"<!-- This site is optimized with the Yoast SEO plugin v27.3 - https:\/\/yoast.com\/product\/yoast-seo-wordpress\/ -->\n<title>Allspace Allspace 5-Piece Metal Wicker Patio Set - Sunbrella Cushion(s) Included - Ks Products<\/title>\n<meta name=\"robots\" content=\"index, follow, max-snippet:-1, max-image-preview:large, max-video-preview:-1\" \/>\n<link rel=\"canonical\" href=\"https:\/\/ksproducts.ca\/fr\/product\/allspace-allspace-5-piece-metal-wicker-patio-set-sunbrella-coussins-inclus-2\/\" \/>\n<meta property=\"og:locale\" content=\"fr_CA\" \/>\n<meta property=\"og:type\" content=\"article\" \/>\n<meta property=\"og:title\" content=\"Allspace Allspace 5-Piece Metal Wicker Patio Set - Sunbrella Cushion(s) Included - Ks Products\" \/>\n<meta property=\"og:description\" content=\"The Allspace 5-piece patio set is great for family and entertaining needs. Convenient and stackable when not in use, with a powder-coated frame to protect from the elements. With UV-treated wicker materials to minimize sun damage (UV level 3000 hours) and Sunbrella materials on all the cushions. Stackable when not in use Sunbrella fabric Includes 2 corner seats, 2 footrests and 1 table\" \/>\n<meta property=\"og:url\" content=\"https:\/\/ksproducts.ca\/fr\/product\/allspace-allspace-5-piece-metal-wicker-patio-set-sunbrella-coussins-inclus-2\/\" \/>\n<meta property=\"og:site_name\" content=\"Ks Products\" \/>\n<meta property=\"article:modified_time\" content=\"2025-09-17T18:17:52+00:00\" \/>\n<meta property=\"og:image\" content=\"https:\/\/ksproducts.ca\/wp-content\/uploads\/2023\/05\/450474C_1-1-jpg.webp\" \/>\n\t<meta property=\"og:image:width\" content=\"1800\" \/>\n\t<meta property=\"og:image:height\" content=\"1150\" \/>\n\t<meta property=\"og:image:type\" content=\"image\/jpeg\" \/>\n<meta name=\"twitter:card\" content=\"summary_large_image\" \/>\n<script type=\"application\/ld+json\" class=\"yoast-schema-graph\">{\"@context\":\"https:\\\/\\\/schema.org\",\"@graph\":[{\"@type\":\"WebPage\",\"@id\":\"https:\\\/\\\/ksproducts.ca\\\/product\\\/allspace-allspace-5-piece-metal-wicker-patio-set-sunbrella-cushions-included-2\\\/\",\"url\":\"https:\\\/\\\/ksproducts.ca\\\/product\\\/allspace-allspace-5-piece-metal-wicker-patio-set-sunbrella-cushions-included-2\\\/\",\"name\":\"Allspace Allspace 5-Piece Metal Wicker Patio Set - Sunbrella Cushion(s) Included - Ks Products\",\"isPartOf\":{\"@id\":\"https:\\\/\\\/ksproducts.ca\\\/#website\"},\"primaryImageOfPage\":{\"@id\":\"https:\\\/\\\/ksproducts.ca\\\/product\\\/allspace-allspace-5-piece-metal-wicker-patio-set-sunbrella-cushions-included-2\\\/#primaryimage\"},\"image\":{\"@id\":\"https:\\\/\\\/ksproducts.ca\\\/product\\\/allspace-allspace-5-piece-metal-wicker-patio-set-sunbrella-cushions-included-2\\\/#primaryimage\"},\"thumbnailUrl\":\"https:\\\/\\\/ksproducts.ca\\\/wp-content\\\/uploads\\\/2023\\\/05\\\/450474C_1-1-jpg.webp\",\"datePublished\":\"2023-05-25T16:53:51+00:00\",\"dateModified\":\"2025-09-17T18:17:52+00:00\",\"breadcrumb\":{\"@id\":\"https:\\\/\\\/ksproducts.ca\\\/product\\\/allspace-allspace-5-piece-metal-wicker-patio-set-sunbrella-cushions-included-2\\\/#breadcrumb\"},\"inLanguage\":\"fr-CA\",\"potentialAction\":[{\"@type\":\"ReadAction\",\"target\":[\"https:\\\/\\\/ksproducts.ca\\\/product\\\/allspace-allspace-5-piece-metal-wicker-patio-set-sunbrella-cushions-included-2\\\/\"]}]},{\"@type\":\"ImageObject\",\"inLanguage\":\"fr-CA\",\"@id\":\"https:\\\/\\\/ksproducts.ca\\\/product\\\/allspace-allspace-5-piece-metal-wicker-patio-set-sunbrella-cushions-included-2\\\/#primaryimage\",\"url\":\"https:\\\/\\\/ksproducts.ca\\\/wp-content\\\/uploads\\\/2023\\\/05\\\/450474C_1-1-jpg.webp\",\"contentUrl\":\"https:\\\/\\\/ksproducts.ca\\\/wp-content\\\/uploads\\\/2023\\\/05\\\/450474C_1-1-jpg.webp\",\"width\":1800,\"height\":1150,\"caption\":\"Allspace Allspace 5-Piece Metal Wicker Patio Set - Sunbrella Cushion(s) Included\"},{\"@type\":\"BreadcrumbList\",\"@id\":\"https:\\\/\\\/ksproducts.ca\\\/product\\\/allspace-allspace-5-piece-metal-wicker-patio-set-sunbrella-cushions-included-2\\\/#breadcrumb\",\"itemListElement\":[{\"@type\":\"ListItem\",\"position\":1,\"name\":\"Home\",\"item\":\"https:\\\/\\\/ksproducts.ca\\\/\"},{\"@type\":\"ListItem\",\"position\":2,\"name\":\"Shop\",\"item\":\"https:\\\/\\\/ksproducts.ca\\\/shop\\\/\"},{\"@type\":\"ListItem\",\"position\":3,\"name\":\"Allspace Allspace 5-Piece Metal Wicker Patio Set &#8211; Sunbrella Cushion(s) Included\"}]},{\"@type\":\"WebSite\",\"@id\":\"https:\\\/\\\/ksproducts.ca\\\/#website\",\"url\":\"https:\\\/\\\/ksproducts.ca\\\/\",\"name\":\"Ks Products\",\"description\":\"Outdoor cooking and living, made easy in Canada\",\"publisher\":{\"@id\":\"https:\\\/\\\/ksproducts.ca\\\/#organization\"},\"potentialAction\":[{\"@type\":\"SearchAction\",\"target\":{\"@type\":\"EntryPoint\",\"urlTemplate\":\"https:\\\/\\\/ksproducts.ca\\\/?s={search_term_string}\"},\"query-input\":{\"@type\":\"PropertyValueSpecification\",\"valueRequired\":true,\"valueName\":\"search_term_string\"}}],\"inLanguage\":\"fr-CA\"},{\"@type\":\"Organization\",\"@id\":\"https:\\\/\\\/ksproducts.ca\\\/#organization\",\"name\":\"Ks Products\",\"url\":\"https:\\\/\\\/ksproducts.ca\\\/\",\"logo\":{\"@type\":\"ImageObject\",\"inLanguage\":\"fr-CA\",\"@id\":\"https:\\\/\\\/ksproducts.ca\\\/#\\\/schema\\\/logo\\\/image\\\/\",\"url\":\"https:\\\/\\\/ksproducts.ca\\\/wp-content\\\/uploads\\\/2023\\\/09\\\/Kennedy-Sales-Logo-header-1.png\",\"contentUrl\":\"https:\\\/\\\/ksproducts.ca\\\/wp-content\\\/uploads\\\/2023\\\/09\\\/Kennedy-Sales-Logo-header-1.png\",\"width\":150,\"height\":77,\"caption\":\"Ks Products\"},\"image\":{\"@id\":\"https:\\\/\\\/ksproducts.ca\\\/#\\\/schema\\\/logo\\\/image\\\/\"}}]}<\/script>\n<!-- \/ Yoast SEO plugin. -->","yoast_head_json":{"title":"Allspace Ensemble de patio en osier m\u00e9tallique 5 pi\u00e8ces - Coussin(s) Sunbrella inclus - Ks Products","robots":{"index":"index","follow":"follow","max-snippet":"max-snippet:-1","max-image-preview":"max-image-preview:large","max-video-preview":"max-video-preview:-1"},"canonical":"https:\/\/ksproducts.ca\/fr\/product\/allspace-allspace-5-piece-metal-wicker-patio-set-sunbrella-coussins-inclus-2\/","og_locale":"fr_CA","og_type":"article","og_title":"Allspace Allspace 5-Piece Metal Wicker Patio Set - Sunbrella Cushion(s) Included - Ks Products","og_description":"The Allspace 5-piece patio set is great for family and entertaining needs. Convenient and stackable when not in use, with a powder-coated frame to protect from the elements. With UV-treated wicker materials to minimize sun damage (UV level 3000 hours) and Sunbrella materials on all the cushions. Stackable when not in use Sunbrella fabric Includes 2 corner seats, 2 footrests and 1 table","og_url":"https:\/\/ksproducts.ca\/fr\/product\/allspace-allspace-5-piece-metal-wicker-patio-set-sunbrella-coussins-inclus-2\/","og_site_name":"Ks Products","article_modified_time":"2025-09-17T18:17:52+00:00","og_image":[{"width":1800,"height":1150,"url":"https:\/\/ksproducts.ca\/wp-content\/uploads\/2023\/05\/450474C_1-1-jpg.webp","type":"image\/jpeg"}],"twitter_card":"summary_large_image","schema":{"@context":"https:\/\/schema.org","@graph":[{"@type":"WebPage","@id":"https:\/\/ksproducts.ca\/product\/allspace-allspace-5-piece-metal-wicker-patio-set-sunbrella-cushions-included-2\/","url":"https:\/\/ksproducts.ca\/product\/allspace-allspace-5-piece-metal-wicker-patio-set-sunbrella-cushions-included-2\/","name":"Allspace Ensemble de patio en osier m\u00e9tallique 5 pi\u00e8ces - Coussin(s) Sunbrella inclus - Ks Products","isPartOf":{"@id":"https:\/\/ksproducts.ca\/#website"},"primaryImageOfPage":{"@id":"https:\/\/ksproducts.ca\/product\/allspace-allspace-5-piece-metal-wicker-patio-set-sunbrella-cushions-included-2\/#primaryimage"},"image":{"@id":"https:\/\/ksproducts.ca\/product\/allspace-allspace-5-piece-metal-wicker-patio-set-sunbrella-cushions-included-2\/#primaryimage"},"thumbnailUrl":"https:\/\/ksproducts.ca\/wp-content\/uploads\/2023\/05\/450474C_1-1-jpg.webp","datePublished":"2023-05-25T16:53:51+00:00","dateModified":"2025-09-17T18:17:52+00:00","breadcrumb":{"@id":"https:\/\/ksproducts.ca\/product\/allspace-allspace-5-piece-metal-wicker-patio-set-sunbrella-cushions-included-2\/#breadcrumb"},"inLanguage":"fr-CA","potentialAction":[{"@type":"ReadAction","target":["https:\/\/ksproducts.ca\/product\/allspace-allspace-5-piece-metal-wicker-patio-set-sunbrella-cushions-included-2\/"]}]},{"@type":"ImageObject","inLanguage":"fr-CA","@id":"https:\/\/ksproducts.ca\/product\/allspace-allspace-5-piece-metal-wicker-patio-set-sunbrella-cushions-included-2\/#primaryimage","url":"https:\/\/ksproducts.ca\/wp-content\/uploads\/2023\/05\/450474C_1-1-jpg.webp","contentUrl":"https:\/\/ksproducts.ca\/wp-content\/uploads\/2023\/05\/450474C_1-1-jpg.webp","width":1800,"height":1150,"caption":"Allspace Allspace 5-Piece Metal Wicker Patio Set - Sunbrella Cushion(s) Included"},{"@type":"BreadcrumbList","@id":"https:\/\/ksproducts.ca\/product\/allspace-allspace-5-piece-metal-wicker-patio-set-sunbrella-cushions-included-2\/#breadcrumb","itemListElement":[{"@type":"ListItem","position":1,"name":"Home","item":"https:\/\/ksproducts.ca\/"},{"@type":"ListItem","position":2,"name":"Shop","item":"https:\/\/ksproducts.ca\/shop\/"},{"@type":"ListItem","position":3,"name":"Allspace Allspace 5-Piece Metal Wicker Patio Set &#8211; Sunbrella Cushion(s) Included"}]},{"@type":"WebSite","@id":"https:\/\/ksproducts.ca\/#website","url":"https:\/\/ksproducts.ca\/","name":"Produits Ks","description":"Cuisiner et vivre en plein air, c'est facile au Canada","publisher":{"@id":"https:\/\/ksproducts.ca\/#organization"},"potentialAction":[{"@type":"SearchAction","target":{"@type":"EntryPoint","urlTemplate":"https:\/\/ksproducts.ca\/?s={search_term_string}"},"query-input":{"@type":"PropertyValueSpecification","valueRequired":true,"valueName":"search_term_string"}}],"inLanguage":"fr-CA"},{"@type":"Organization","@id":"https:\/\/ksproducts.ca\/#organization","name":"Produits Ks","url":"https:\/\/ksproducts.ca\/","logo":{"@type":"ImageObject","inLanguage":"fr-CA","@id":"https:\/\/ksproducts.ca\/#\/schema\/logo\/image\/","url":"https:\/\/ksproducts.ca\/wp-content\/uploads\/2023\/09\/Kennedy-Sales-Logo-header-1.png","contentUrl":"https:\/\/ksproducts.ca\/wp-content\/uploads\/2023\/09\/Kennedy-Sales-Logo-header-1.png","width":150,"height":77,"caption":"Ks Products"},"image":{"@id":"https:\/\/ksproducts.ca\/#\/schema\/logo\/image\/"}}]}},"_links":{"self":[{"href":"https:\/\/ksproducts.ca\/fr\/wp-json\/wp\/v2\/product\/6930","targetHints":{"allow":["GET"]}}],"collection":[{"href":"https:\/\/ksproducts.ca\/fr\/wp-json\/wp\/v2\/product"}],"about":[{"href":"https:\/\/ksproducts.ca\/fr\/wp-json\/wp\/v2\/types\/product"}],"replies":[{"embeddable":true,"href":"https:\/\/ksproducts.ca\/fr\/wp-json\/wp\/v2\/comments?post=6930"}],"version-history":[{"count":1,"href":"https:\/\/ksproducts.ca\/fr\/wp-json\/wp\/v2\/product\/6930\/revisions"}],"predecessor-version":[{"id":9857,"href":"https:\/\/ksproducts.ca\/fr\/wp-json\/wp\/v2\/product\/6930\/revisions\/9857"}],"wp:featuredmedia":[{"embeddable":true,"href":"https:\/\/ksproducts.ca\/fr\/wp-json\/wp\/v2\/media\/6941"}],"wp:attachment":[{"href":"https:\/\/ksproducts.ca\/fr\/wp-json\/wp\/v2\/media?parent=6930"}],"wp:term":[{"taxonomy":"product_cat","embeddable":true,"href":"https:\/\/ksproducts.ca\/fr\/wp-json\/wp\/v2\/product_cat?post=6930"},{"taxonomy":"product_tag","embeddable":true,"href":"https:\/\/ksproducts.ca\/fr\/wp-json\/wp\/v2\/product_tag?post=6930"}],"curies":[{"name":"wp","href":"https:\/\/api.w.org\/{rel}","templated":true}]}}