{"id":6936,"date":"2023-05-25T17:08:37","date_gmt":"2023-05-25T17:08:37","guid":{"rendered":"https:\/\/ksproducts.ca\/?post_type=product&#038;p=6936"},"modified":"2026-01-08T14:37:01","modified_gmt":"2026-01-08T14:37:01","slug":"allspace-3-piece-barrel-shape-metal-patio-set-with-storage-cover-grey-silver-sunbrella-coussins-included-2","status":"publish","type":"product","link":"https:\/\/ksproducts.ca\/fr\/product\/allspace-3-piece-barrel-shape-metal-patio-set-with-storage-cover-grey-silver-sunbrella-cushions-included-2\/","title":{"rendered":"Allspace Ensemble de patio en m\u00e9tal 3 pi\u00e8ces en forme de baril avec couvercle de rangement - Gris"},"content":{"rendered":"","protected":false},"excerpt":{"rendered":"<p>L'ensemble table et chaise longue ovale Allspace pour l'ext\u00e9rieur, simple et \u00e9l\u00e9gant, est parfait pour les petits espaces ou les expositions sur le patio. La structure l\u00e9g\u00e8re en aluminium est recouverte d'un rev\u00eatement en poudre pour la prot\u00e9ger de tous les \u00e9l\u00e9ments. Il pr\u00e9sente un charmant motif d'ardoise moul\u00e9e.<\/p>","protected":false},"featured_media":7341,"comment_status":"open","ping_status":"closed","template":"","meta":[],"product_cat":[444],"product_tag":[],"class_list":{"0":"post-6936","1":"product","2":"type-product","3":"status-publish","4":"has-post-thumbnail","6":"product_cat-furniture","7":"product_shipping_class-class-5","9":"first","10":"instock","11":"taxable","12":"shipping-taxable","13":"purchasable","14":"product-type-simple"},"yoast_head":"<!-- This site is optimized with the Yoast SEO plugin v27.3 - https:\/\/yoast.com\/product\/yoast-seo-wordpress\/ -->\n<title>Allspace Allspace 3-Piece Barrel Shape Metal Patio Set with Storage Cover - Grey - Ks Products<\/title>\n<meta name=\"robots\" content=\"index, follow, max-snippet:-1, max-image-preview:large, max-video-preview:-1\" \/>\n<link rel=\"canonical\" href=\"https:\/\/ksproducts.ca\/fr\/product\/allspace-3-piece-barrel-shape-metal-patio-set-with-storage-cover-grey-silver-sunbrella-coussins-included-2\/\" \/>\n<meta property=\"og:locale\" content=\"fr_CA\" \/>\n<meta property=\"og:type\" content=\"article\" \/>\n<meta property=\"og:title\" content=\"Allspace Allspace 3-Piece Barrel Shape Metal Patio Set with Storage Cover - Grey - Ks Products\" \/>\n<meta property=\"og:description\" content=\"The simple and stylish Allspace Oval Outdoor Lounge Chair and Table set is perfect for smaller space or front patio displays. The lightweight aluminum frame is powder-coated to protect from all the elements. Features a charming cast slate pattern.\" \/>\n<meta property=\"og:url\" content=\"https:\/\/ksproducts.ca\/fr\/product\/allspace-3-piece-barrel-shape-metal-patio-set-with-storage-cover-grey-silver-sunbrella-coussins-included-2\/\" \/>\n<meta property=\"og:site_name\" content=\"Ks Products\" \/>\n<meta property=\"article:modified_time\" content=\"2026-01-08T14:37:01+00:00\" \/>\n<meta property=\"og:image\" content=\"https:\/\/ksproducts.ca\/wp-content\/uploads\/2023\/05\/Allspace-Allspace-3-Piece-Barrel-Shape-Metal-Patio-Set-with-Storage-Cover-Indigo-jpg.webp\" \/>\n\t<meta property=\"og:image:width\" content=\"746\" \/>\n\t<meta property=\"og:image:height\" content=\"701\" \/>\n\t<meta property=\"og:image:type\" content=\"image\/jpeg\" \/>\n<meta name=\"twitter:card\" content=\"summary_large_image\" \/>\n<script type=\"application\/ld+json\" class=\"yoast-schema-graph\">{\"@context\":\"https:\\\/\\\/schema.org\",\"@graph\":[{\"@type\":\"WebPage\",\"@id\":\"https:\\\/\\\/ksproducts.ca\\\/product\\\/allspace-3-piece-barrel-shape-metal-patio-set-with-storage-cover-grey-silver-sunbrella-cushions-included-2\\\/\",\"url\":\"https:\\\/\\\/ksproducts.ca\\\/product\\\/allspace-3-piece-barrel-shape-metal-patio-set-with-storage-cover-grey-silver-sunbrella-cushions-included-2\\\/\",\"name\":\"Allspace Allspace 3-Piece Barrel Shape Metal Patio Set with Storage Cover - Grey - Ks Products\",\"isPartOf\":{\"@id\":\"https:\\\/\\\/ksproducts.ca\\\/#website\"},\"primaryImageOfPage\":{\"@id\":\"https:\\\/\\\/ksproducts.ca\\\/product\\\/allspace-3-piece-barrel-shape-metal-patio-set-with-storage-cover-grey-silver-sunbrella-cushions-included-2\\\/#primaryimage\"},\"image\":{\"@id\":\"https:\\\/\\\/ksproducts.ca\\\/product\\\/allspace-3-piece-barrel-shape-metal-patio-set-with-storage-cover-grey-silver-sunbrella-cushions-included-2\\\/#primaryimage\"},\"thumbnailUrl\":\"https:\\\/\\\/ksproducts.ca\\\/wp-content\\\/uploads\\\/2023\\\/05\\\/Allspace-Allspace-3-Piece-Barrel-Shape-Metal-Patio-Set-with-Storage-Cover-Indigo-jpg.webp\",\"datePublished\":\"2023-05-25T17:08:37+00:00\",\"dateModified\":\"2026-01-08T14:37:01+00:00\",\"breadcrumb\":{\"@id\":\"https:\\\/\\\/ksproducts.ca\\\/product\\\/allspace-3-piece-barrel-shape-metal-patio-set-with-storage-cover-grey-silver-sunbrella-cushions-included-2\\\/#breadcrumb\"},\"inLanguage\":\"fr-CA\",\"potentialAction\":[{\"@type\":\"ReadAction\",\"target\":[\"https:\\\/\\\/ksproducts.ca\\\/product\\\/allspace-3-piece-barrel-shape-metal-patio-set-with-storage-cover-grey-silver-sunbrella-cushions-included-2\\\/\"]}]},{\"@type\":\"ImageObject\",\"inLanguage\":\"fr-CA\",\"@id\":\"https:\\\/\\\/ksproducts.ca\\\/product\\\/allspace-3-piece-barrel-shape-metal-patio-set-with-storage-cover-grey-silver-sunbrella-cushions-included-2\\\/#primaryimage\",\"url\":\"https:\\\/\\\/ksproducts.ca\\\/wp-content\\\/uploads\\\/2023\\\/05\\\/Allspace-Allspace-3-Piece-Barrel-Shape-Metal-Patio-Set-with-Storage-Cover-Indigo-jpg.webp\",\"contentUrl\":\"https:\\\/\\\/ksproducts.ca\\\/wp-content\\\/uploads\\\/2023\\\/05\\\/Allspace-Allspace-3-Piece-Barrel-Shape-Metal-Patio-Set-with-Storage-Cover-Indigo-jpg.webp\",\"width\":746,\"height\":701,\"caption\":\"Allspace Allspace 3-Piece Barrel Shape Metal Patio Set with Storage Cover - Grey\"},{\"@type\":\"BreadcrumbList\",\"@id\":\"https:\\\/\\\/ksproducts.ca\\\/product\\\/allspace-3-piece-barrel-shape-metal-patio-set-with-storage-cover-grey-silver-sunbrella-cushions-included-2\\\/#breadcrumb\",\"itemListElement\":[{\"@type\":\"ListItem\",\"position\":1,\"name\":\"Home\",\"item\":\"https:\\\/\\\/ksproducts.ca\\\/\"},{\"@type\":\"ListItem\",\"position\":2,\"name\":\"Shop\",\"item\":\"https:\\\/\\\/ksproducts.ca\\\/shop\\\/\"},{\"@type\":\"ListItem\",\"position\":3,\"name\":\"Allspace Allspace 3-Piece Barrel Shape Metal Patio Set with Storage Cover &#8211; Grey\"}]},{\"@type\":\"WebSite\",\"@id\":\"https:\\\/\\\/ksproducts.ca\\\/#website\",\"url\":\"https:\\\/\\\/ksproducts.ca\\\/\",\"name\":\"Ks Products\",\"description\":\"Outdoor cooking and living, made easy in Canada\",\"publisher\":{\"@id\":\"https:\\\/\\\/ksproducts.ca\\\/#organization\"},\"potentialAction\":[{\"@type\":\"SearchAction\",\"target\":{\"@type\":\"EntryPoint\",\"urlTemplate\":\"https:\\\/\\\/ksproducts.ca\\\/?s={search_term_string}\"},\"query-input\":{\"@type\":\"PropertyValueSpecification\",\"valueRequired\":true,\"valueName\":\"search_term_string\"}}],\"inLanguage\":\"fr-CA\"},{\"@type\":\"Organization\",\"@id\":\"https:\\\/\\\/ksproducts.ca\\\/#organization\",\"name\":\"Ks Products\",\"url\":\"https:\\\/\\\/ksproducts.ca\\\/\",\"logo\":{\"@type\":\"ImageObject\",\"inLanguage\":\"fr-CA\",\"@id\":\"https:\\\/\\\/ksproducts.ca\\\/#\\\/schema\\\/logo\\\/image\\\/\",\"url\":\"https:\\\/\\\/ksproducts.ca\\\/wp-content\\\/uploads\\\/2023\\\/09\\\/Kennedy-Sales-Logo-header-1.png\",\"contentUrl\":\"https:\\\/\\\/ksproducts.ca\\\/wp-content\\\/uploads\\\/2023\\\/09\\\/Kennedy-Sales-Logo-header-1.png\",\"width\":150,\"height\":77,\"caption\":\"Ks Products\"},\"image\":{\"@id\":\"https:\\\/\\\/ksproducts.ca\\\/#\\\/schema\\\/logo\\\/image\\\/\"}}]}<\/script>\n<!-- \/ Yoast SEO plugin. -->","yoast_head_json":{"title":"Allspace Ensemble de patio en m\u00e9tal 3 pi\u00e8ces en forme de baril avec couvercle de rangement - Gris - Ks Products","robots":{"index":"index","follow":"follow","max-snippet":"max-snippet:-1","max-image-preview":"max-image-preview:large","max-video-preview":"max-video-preview:-1"},"canonical":"https:\/\/ksproducts.ca\/fr\/product\/allspace-3-piece-barrel-shape-metal-patio-set-with-storage-cover-grey-silver-sunbrella-coussins-included-2\/","og_locale":"fr_CA","og_type":"article","og_title":"Allspace Allspace 3-Piece Barrel Shape Metal Patio Set with Storage Cover - Grey - Ks Products","og_description":"The simple and stylish Allspace Oval Outdoor Lounge Chair and Table set is perfect for smaller space or front patio displays. The lightweight aluminum frame is powder-coated to protect from all the elements. Features a charming cast slate pattern.","og_url":"https:\/\/ksproducts.ca\/fr\/product\/allspace-3-piece-barrel-shape-metal-patio-set-with-storage-cover-grey-silver-sunbrella-coussins-included-2\/","og_site_name":"Ks Products","article_modified_time":"2026-01-08T14:37:01+00:00","og_image":[{"width":746,"height":701,"url":"https:\/\/ksproducts.ca\/wp-content\/uploads\/2023\/05\/Allspace-Allspace-3-Piece-Barrel-Shape-Metal-Patio-Set-with-Storage-Cover-Indigo-jpg.webp","type":"image\/jpeg"}],"twitter_card":"summary_large_image","schema":{"@context":"https:\/\/schema.org","@graph":[{"@type":"WebPage","@id":"https:\/\/ksproducts.ca\/product\/allspace-3-piece-barrel-shape-metal-patio-set-with-storage-cover-grey-silver-sunbrella-cushions-included-2\/","url":"https:\/\/ksproducts.ca\/product\/allspace-3-piece-barrel-shape-metal-patio-set-with-storage-cover-grey-silver-sunbrella-cushions-included-2\/","name":"Allspace Ensemble de patio en m\u00e9tal 3 pi\u00e8ces en forme de baril avec couvercle de rangement - Gris - Ks Products","isPartOf":{"@id":"https:\/\/ksproducts.ca\/#website"},"primaryImageOfPage":{"@id":"https:\/\/ksproducts.ca\/product\/allspace-3-piece-barrel-shape-metal-patio-set-with-storage-cover-grey-silver-sunbrella-cushions-included-2\/#primaryimage"},"image":{"@id":"https:\/\/ksproducts.ca\/product\/allspace-3-piece-barrel-shape-metal-patio-set-with-storage-cover-grey-silver-sunbrella-cushions-included-2\/#primaryimage"},"thumbnailUrl":"https:\/\/ksproducts.ca\/wp-content\/uploads\/2023\/05\/Allspace-Allspace-3-Piece-Barrel-Shape-Metal-Patio-Set-with-Storage-Cover-Indigo-jpg.webp","datePublished":"2023-05-25T17:08:37+00:00","dateModified":"2026-01-08T14:37:01+00:00","breadcrumb":{"@id":"https:\/\/ksproducts.ca\/product\/allspace-3-piece-barrel-shape-metal-patio-set-with-storage-cover-grey-silver-sunbrella-cushions-included-2\/#breadcrumb"},"inLanguage":"fr-CA","potentialAction":[{"@type":"ReadAction","target":["https:\/\/ksproducts.ca\/product\/allspace-3-piece-barrel-shape-metal-patio-set-with-storage-cover-grey-silver-sunbrella-cushions-included-2\/"]}]},{"@type":"ImageObject","inLanguage":"fr-CA","@id":"https:\/\/ksproducts.ca\/product\/allspace-3-piece-barrel-shape-metal-patio-set-with-storage-cover-grey-silver-sunbrella-cushions-included-2\/#primaryimage","url":"https:\/\/ksproducts.ca\/wp-content\/uploads\/2023\/05\/Allspace-Allspace-3-Piece-Barrel-Shape-Metal-Patio-Set-with-Storage-Cover-Indigo-jpg.webp","contentUrl":"https:\/\/ksproducts.ca\/wp-content\/uploads\/2023\/05\/Allspace-Allspace-3-Piece-Barrel-Shape-Metal-Patio-Set-with-Storage-Cover-Indigo-jpg.webp","width":746,"height":701,"caption":"Allspace Allspace 3-Piece Barrel Shape Metal Patio Set with Storage Cover - Grey"},{"@type":"BreadcrumbList","@id":"https:\/\/ksproducts.ca\/product\/allspace-3-piece-barrel-shape-metal-patio-set-with-storage-cover-grey-silver-sunbrella-cushions-included-2\/#breadcrumb","itemListElement":[{"@type":"ListItem","position":1,"name":"Home","item":"https:\/\/ksproducts.ca\/"},{"@type":"ListItem","position":2,"name":"Shop","item":"https:\/\/ksproducts.ca\/shop\/"},{"@type":"ListItem","position":3,"name":"Allspace Allspace 3-Piece Barrel Shape Metal Patio Set with Storage Cover &#8211; Grey"}]},{"@type":"WebSite","@id":"https:\/\/ksproducts.ca\/#website","url":"https:\/\/ksproducts.ca\/","name":"Produits Ks","description":"Cuisiner et vivre en plein air, c'est facile au Canada","publisher":{"@id":"https:\/\/ksproducts.ca\/#organization"},"potentialAction":[{"@type":"SearchAction","target":{"@type":"EntryPoint","urlTemplate":"https:\/\/ksproducts.ca\/?s={search_term_string}"},"query-input":{"@type":"PropertyValueSpecification","valueRequired":true,"valueName":"search_term_string"}}],"inLanguage":"fr-CA"},{"@type":"Organization","@id":"https:\/\/ksproducts.ca\/#organization","name":"Produits Ks","url":"https:\/\/ksproducts.ca\/","logo":{"@type":"ImageObject","inLanguage":"fr-CA","@id":"https:\/\/ksproducts.ca\/#\/schema\/logo\/image\/","url":"https:\/\/ksproducts.ca\/wp-content\/uploads\/2023\/09\/Kennedy-Sales-Logo-header-1.png","contentUrl":"https:\/\/ksproducts.ca\/wp-content\/uploads\/2023\/09\/Kennedy-Sales-Logo-header-1.png","width":150,"height":77,"caption":"Ks Products"},"image":{"@id":"https:\/\/ksproducts.ca\/#\/schema\/logo\/image\/"}}]}},"_links":{"self":[{"href":"https:\/\/ksproducts.ca\/fr\/wp-json\/wp\/v2\/product\/6936","targetHints":{"allow":["GET"]}}],"collection":[{"href":"https:\/\/ksproducts.ca\/fr\/wp-json\/wp\/v2\/product"}],"about":[{"href":"https:\/\/ksproducts.ca\/fr\/wp-json\/wp\/v2\/types\/product"}],"replies":[{"embeddable":true,"href":"https:\/\/ksproducts.ca\/fr\/wp-json\/wp\/v2\/comments?post=6936"}],"version-history":[{"count":2,"href":"https:\/\/ksproducts.ca\/fr\/wp-json\/wp\/v2\/product\/6936\/revisions"}],"predecessor-version":[{"id":9855,"href":"https:\/\/ksproducts.ca\/fr\/wp-json\/wp\/v2\/product\/6936\/revisions\/9855"}],"wp:featuredmedia":[{"embeddable":true,"href":"https:\/\/ksproducts.ca\/fr\/wp-json\/wp\/v2\/media\/7341"}],"wp:attachment":[{"href":"https:\/\/ksproducts.ca\/fr\/wp-json\/wp\/v2\/media?parent=6936"}],"wp:term":[{"taxonomy":"product_cat","embeddable":true,"href":"https:\/\/ksproducts.ca\/fr\/wp-json\/wp\/v2\/product_cat?post=6936"},{"taxonomy":"product_tag","embeddable":true,"href":"https:\/\/ksproducts.ca\/fr\/wp-json\/wp\/v2\/product_tag?post=6936"}],"curies":[{"name":"wp","href":"https:\/\/api.w.org\/{rel}","templated":true}]}}