{"id":6944,"date":"2023-05-25T17:31:20","date_gmt":"2023-05-25T17:31:20","guid":{"rendered":"https:\/\/ksproducts.ca\/?post_type=product&#038;p=6944"},"modified":"2026-04-17T09:33:17","modified_gmt":"2026-04-17T09:33:17","slug":"allspace-3-pc-balcon-conversation-ensemble-en-aluminium","status":"publish","type":"product","link":"https:\/\/ksproducts.ca\/fr\/product\/allspace-3-pc-balcony-conversation-aluminum-set\/","title":{"rendered":"Allspace 3-pc Balcony Conversation Aluminum Set"},"content":{"rendered":"","protected":false},"excerpt":{"rendered":"<p class=\"acl-py--x-small hdca-text-body--small\">L'ensemble de conversation de balcon en aluminium Allspace est parfait pour se d\u00e9tendre dans le style et le confort de votre porche, de votre arri\u00e8re-cour et de votre balcon. Avec un cadre d\u00e9licat et subtil, l'ensemble 3 pi\u00e8ces offre un \u00e9l\u00e9ment compact et peu encombrant. L'ensemble comprend des coussins en tissu Sunbrella et un cadre en aluminium rev\u00eatu par poudre, du rotin artificiel r\u00e9sistant aux intemp\u00e9ries avec une protection contre les UV pour maintenir une qualit\u00e9 sup\u00e9rieure.Les tissus Sunbrella offrent une qualit\u00e9 durable et de longue dur\u00e9e qui sont faciles \u00e0 nettoyer avec une protection int\u00e9gr\u00e9e contre les UV. Les tissus Sunbrella offrent une qualit\u00e9 durable et facile \u00e0 nettoyer, avec une protection int\u00e9gr\u00e9e contre les UV. Ils sont con\u00e7us pour r\u00e9sister aux moisissures, aux taches et \u00e0 l'eau, pour une utilisation en toute saison.<\/p>\n<section id=\"productFeature\" class=\"acl-my--x-small acl-break-word\">\n<ol class=\"acl-lheight--large acl-text-size--medium acl-list acl-list--type--bulleted acl-text-size--small\" type=\"bulleted\">\n<li class=\"acl-lheight--regular acl-my--xx-small acl-text-size--small acl-list-item\">La housse des coussins est amovible pour un nettoyage rapide. La bo\u00eete de rangement permet de ranger les coussins lorsqu'ils ne sont pas utilis\u00e9s.<\/li>\n<\/ol>\n<ol class=\"acl-lheight--large acl-text-size--medium acl-list acl-list--type--bulleted acl-text-size--small\" type=\"bulleted\">\n<li class=\"acl-lheight--regular acl-my--xx-small acl-text-size--small acl-list-item\">Conception plus petite pour s'adapter au balcon, au porche d'entr\u00e9e et \u00e0 l'arri\u00e8re-cour<\/li>\n<\/ol>\n<ol class=\"acl-lheight--large acl-text-size--medium acl-list acl-list--type--bulleted acl-text-size--small\" type=\"bulleted\">\n<li class=\"acl-lheight--regular acl-my--xx-small acl-text-size--small acl-list-item\">Utilisation \u00e0 l'int\u00e9rieur et \u00e0 l'ext\u00e9rieur avec un mouvement l\u00e9ger<\/li>\n<\/ol>\n<\/section>","protected":false},"featured_media":6945,"comment_status":"open","ping_status":"closed","template":"","meta":[],"product_cat":[444],"product_tag":[],"class_list":{"0":"post-6944","1":"product","2":"type-product","3":"status-publish","4":"has-post-thumbnail","6":"product_cat-furniture","7":"product_shipping_class-class-5","9":"first","10":"instock","11":"taxable","12":"shipping-taxable","13":"purchasable","14":"product-type-simple"},"yoast_head":"<!-- This site is optimized with the Yoast SEO plugin v27.4 - https:\/\/yoast.com\/product\/yoast-seo-wordpress\/ -->\n<title>Allspace 3-pc Balcony Conversation Aluminum Set - Ks Products<\/title>\n<meta name=\"robots\" content=\"index, follow, max-snippet:-1, max-image-preview:large, max-video-preview:-1\" \/>\n<link rel=\"canonical\" href=\"https:\/\/ksproducts.ca\/fr\/product\/allspace-3-pc-balcon-conversation-ensemble-en-aluminium\/\" \/>\n<meta property=\"og:locale\" content=\"fr_CA\" \/>\n<meta property=\"og:type\" content=\"article\" \/>\n<meta property=\"og:title\" content=\"Allspace 3-pc Balcony Conversation Aluminum Set - Ks Products\" \/>\n<meta property=\"og:description\" content=\"The Allspace Balcony Conversation Aluminum Set is perfect to relax in style and comfort of your front porch, backyard, and balcony. With a dainty and subtle frame, the 3 piece set provides a compact, space-saving element. The set includes Sunbrella fabric cushions and powder coated aluminum frame, all weather resistant artificial wicker with UV protection to sustain premium quality.Sunbrella fabrics provide durable and long-lasting quality that are easy to clean with built-in UV protection. Engineered to be mold, stain, and water resistant for an all-seasonal use. Removable cushions cover for quick spot cleaning, box design good for storage when not use Smaller design to fit into balcony, front porch, and back-yard Indoor and outdoor use with lightweight movement\" \/>\n<meta property=\"og:url\" content=\"https:\/\/ksproducts.ca\/fr\/product\/allspace-3-pc-balcon-conversation-ensemble-en-aluminium\/\" \/>\n<meta property=\"og:site_name\" content=\"Ks Products\" \/>\n<meta property=\"article:modified_time\" content=\"2026-04-17T09:33:17+00:00\" \/>\n<meta property=\"og:image\" content=\"https:\/\/ksproducts.ca\/wp-content\/uploads\/2023\/05\/450566C_Usage1-jpg.webp\" \/>\n\t<meta property=\"og:image:width\" content=\"1920\" \/>\n\t<meta property=\"og:image:height\" content=\"1920\" \/>\n\t<meta property=\"og:image:type\" content=\"image\/jpeg\" \/>\n<meta name=\"twitter:card\" content=\"summary_large_image\" \/>\n<meta name=\"twitter:label1\" content=\"Estimation du temps de lecture\" \/>\n\t<meta name=\"twitter:data1\" content=\"1 minute\" \/>\n<script type=\"application\/ld+json\" class=\"yoast-schema-graph\">{\"@context\":\"https:\\\/\\\/schema.org\",\"@graph\":[{\"@type\":\"WebPage\",\"@id\":\"https:\\\/\\\/ksproducts.ca\\\/product\\\/allspace-3-pc-balcony-conversation-aluminum-set\\\/\",\"url\":\"https:\\\/\\\/ksproducts.ca\\\/product\\\/allspace-3-pc-balcony-conversation-aluminum-set\\\/\",\"name\":\"Allspace 3-pc Balcony Conversation Aluminum Set - Ks Products\",\"isPartOf\":{\"@id\":\"https:\\\/\\\/ksproducts.ca\\\/#website\"},\"primaryImageOfPage\":{\"@id\":\"https:\\\/\\\/ksproducts.ca\\\/product\\\/allspace-3-pc-balcony-conversation-aluminum-set\\\/#primaryimage\"},\"image\":{\"@id\":\"https:\\\/\\\/ksproducts.ca\\\/product\\\/allspace-3-pc-balcony-conversation-aluminum-set\\\/#primaryimage\"},\"thumbnailUrl\":\"https:\\\/\\\/ksproducts.ca\\\/wp-content\\\/uploads\\\/2023\\\/05\\\/450566C_Usage1-jpg.webp\",\"datePublished\":\"2023-05-25T17:31:20+00:00\",\"dateModified\":\"2026-04-17T09:33:17+00:00\",\"breadcrumb\":{\"@id\":\"https:\\\/\\\/ksproducts.ca\\\/product\\\/allspace-3-pc-balcony-conversation-aluminum-set\\\/#breadcrumb\"},\"inLanguage\":\"fr-CA\",\"potentialAction\":[{\"@type\":\"ReadAction\",\"target\":[\"https:\\\/\\\/ksproducts.ca\\\/product\\\/allspace-3-pc-balcony-conversation-aluminum-set\\\/\"]}]},{\"@type\":\"ImageObject\",\"inLanguage\":\"fr-CA\",\"@id\":\"https:\\\/\\\/ksproducts.ca\\\/product\\\/allspace-3-pc-balcony-conversation-aluminum-set\\\/#primaryimage\",\"url\":\"https:\\\/\\\/ksproducts.ca\\\/wp-content\\\/uploads\\\/2023\\\/05\\\/450566C_Usage1-jpg.webp\",\"contentUrl\":\"https:\\\/\\\/ksproducts.ca\\\/wp-content\\\/uploads\\\/2023\\\/05\\\/450566C_Usage1-jpg.webp\",\"width\":1920,\"height\":1920,\"caption\":\"Allspace 3-pc Balcony Conversation Aluminum Set\"},{\"@type\":\"BreadcrumbList\",\"@id\":\"https:\\\/\\\/ksproducts.ca\\\/product\\\/allspace-3-pc-balcony-conversation-aluminum-set\\\/#breadcrumb\",\"itemListElement\":[{\"@type\":\"ListItem\",\"position\":1,\"name\":\"Home\",\"item\":\"https:\\\/\\\/ksproducts.ca\\\/\"},{\"@type\":\"ListItem\",\"position\":2,\"name\":\"Shop\",\"item\":\"https:\\\/\\\/ksproducts.ca\\\/shop\\\/\"},{\"@type\":\"ListItem\",\"position\":3,\"name\":\"Allspace 3-pc Balcony Conversation Aluminum Set\"}]},{\"@type\":\"WebSite\",\"@id\":\"https:\\\/\\\/ksproducts.ca\\\/#website\",\"url\":\"https:\\\/\\\/ksproducts.ca\\\/\",\"name\":\"Ks Products\",\"description\":\"Outdoor cooking and living, made easy in Canada\",\"publisher\":{\"@id\":\"https:\\\/\\\/ksproducts.ca\\\/#organization\"},\"potentialAction\":[{\"@type\":\"SearchAction\",\"target\":{\"@type\":\"EntryPoint\",\"urlTemplate\":\"https:\\\/\\\/ksproducts.ca\\\/?s={search_term_string}\"},\"query-input\":{\"@type\":\"PropertyValueSpecification\",\"valueRequired\":true,\"valueName\":\"search_term_string\"}}],\"inLanguage\":\"fr-CA\"},{\"@type\":\"Organization\",\"@id\":\"https:\\\/\\\/ksproducts.ca\\\/#organization\",\"name\":\"Ks Products\",\"url\":\"https:\\\/\\\/ksproducts.ca\\\/\",\"logo\":{\"@type\":\"ImageObject\",\"inLanguage\":\"fr-CA\",\"@id\":\"https:\\\/\\\/ksproducts.ca\\\/#\\\/schema\\\/logo\\\/image\\\/\",\"url\":\"https:\\\/\\\/ksproducts.ca\\\/wp-content\\\/uploads\\\/2023\\\/09\\\/Kennedy-Sales-Logo-header-1.png\",\"contentUrl\":\"https:\\\/\\\/ksproducts.ca\\\/wp-content\\\/uploads\\\/2023\\\/09\\\/Kennedy-Sales-Logo-header-1.png\",\"width\":150,\"height\":77,\"caption\":\"Ks Products\"},\"image\":{\"@id\":\"https:\\\/\\\/ksproducts.ca\\\/#\\\/schema\\\/logo\\\/image\\\/\"}}]}<\/script>\n<!-- \/ Yoast SEO plugin. -->","yoast_head_json":{"title":"Allspace 3-pc Balcony Conversation Aluminum Set - Ks Products","robots":{"index":"index","follow":"follow","max-snippet":"max-snippet:-1","max-image-preview":"max-image-preview:large","max-video-preview":"max-video-preview:-1"},"canonical":"https:\/\/ksproducts.ca\/fr\/product\/allspace-3-pc-balcon-conversation-ensemble-en-aluminium\/","og_locale":"fr_CA","og_type":"article","og_title":"Allspace 3-pc Balcony Conversation Aluminum Set - Ks Products","og_description":"The Allspace Balcony Conversation Aluminum Set is perfect to relax in style and comfort of your front porch, backyard, and balcony. With a dainty and subtle frame, the 3 piece set provides a compact, space-saving element. The set includes Sunbrella fabric cushions and powder coated aluminum frame, all weather resistant artificial wicker with UV protection to sustain premium quality.Sunbrella fabrics provide durable and long-lasting quality that are easy to clean with built-in UV protection. Engineered to be mold, stain, and water resistant for an all-seasonal use. Removable cushions cover for quick spot cleaning, box design good for storage when not use Smaller design to fit into balcony, front porch, and back-yard Indoor and outdoor use with lightweight movement","og_url":"https:\/\/ksproducts.ca\/fr\/product\/allspace-3-pc-balcon-conversation-ensemble-en-aluminium\/","og_site_name":"Ks Products","article_modified_time":"2026-04-17T09:33:17+00:00","og_image":[{"width":1920,"height":1920,"url":"https:\/\/ksproducts.ca\/wp-content\/uploads\/2023\/05\/450566C_Usage1-jpg.webp","type":"image\/jpeg"}],"twitter_card":"summary_large_image","twitter_misc":{"Estimation du temps de lecture":"1 minute"},"schema":{"@context":"https:\/\/schema.org","@graph":[{"@type":"WebPage","@id":"https:\/\/ksproducts.ca\/product\/allspace-3-pc-balcony-conversation-aluminum-set\/","url":"https:\/\/ksproducts.ca\/product\/allspace-3-pc-balcony-conversation-aluminum-set\/","name":"Allspace 3-pc Balcony Conversation Aluminum Set - Ks Products","isPartOf":{"@id":"https:\/\/ksproducts.ca\/#website"},"primaryImageOfPage":{"@id":"https:\/\/ksproducts.ca\/product\/allspace-3-pc-balcony-conversation-aluminum-set\/#primaryimage"},"image":{"@id":"https:\/\/ksproducts.ca\/product\/allspace-3-pc-balcony-conversation-aluminum-set\/#primaryimage"},"thumbnailUrl":"https:\/\/ksproducts.ca\/wp-content\/uploads\/2023\/05\/450566C_Usage1-jpg.webp","datePublished":"2023-05-25T17:31:20+00:00","dateModified":"2026-04-17T09:33:17+00:00","breadcrumb":{"@id":"https:\/\/ksproducts.ca\/product\/allspace-3-pc-balcony-conversation-aluminum-set\/#breadcrumb"},"inLanguage":"fr-CA","potentialAction":[{"@type":"ReadAction","target":["https:\/\/ksproducts.ca\/product\/allspace-3-pc-balcony-conversation-aluminum-set\/"]}]},{"@type":"ImageObject","inLanguage":"fr-CA","@id":"https:\/\/ksproducts.ca\/product\/allspace-3-pc-balcony-conversation-aluminum-set\/#primaryimage","url":"https:\/\/ksproducts.ca\/wp-content\/uploads\/2023\/05\/450566C_Usage1-jpg.webp","contentUrl":"https:\/\/ksproducts.ca\/wp-content\/uploads\/2023\/05\/450566C_Usage1-jpg.webp","width":1920,"height":1920,"caption":"Allspace 3-pc Balcony Conversation Aluminum Set"},{"@type":"BreadcrumbList","@id":"https:\/\/ksproducts.ca\/product\/allspace-3-pc-balcony-conversation-aluminum-set\/#breadcrumb","itemListElement":[{"@type":"ListItem","position":1,"name":"Home","item":"https:\/\/ksproducts.ca\/"},{"@type":"ListItem","position":2,"name":"Shop","item":"https:\/\/ksproducts.ca\/shop\/"},{"@type":"ListItem","position":3,"name":"Allspace 3-pc Balcony Conversation Aluminum Set"}]},{"@type":"WebSite","@id":"https:\/\/ksproducts.ca\/#website","url":"https:\/\/ksproducts.ca\/","name":"Produits Ks","description":"Cuisiner et vivre en plein air, c'est facile au Canada","publisher":{"@id":"https:\/\/ksproducts.ca\/#organization"},"potentialAction":[{"@type":"SearchAction","target":{"@type":"EntryPoint","urlTemplate":"https:\/\/ksproducts.ca\/?s={search_term_string}"},"query-input":{"@type":"PropertyValueSpecification","valueRequired":true,"valueName":"search_term_string"}}],"inLanguage":"fr-CA"},{"@type":"Organization","@id":"https:\/\/ksproducts.ca\/#organization","name":"Produits Ks","url":"https:\/\/ksproducts.ca\/","logo":{"@type":"ImageObject","inLanguage":"fr-CA","@id":"https:\/\/ksproducts.ca\/#\/schema\/logo\/image\/","url":"https:\/\/ksproducts.ca\/wp-content\/uploads\/2023\/09\/Kennedy-Sales-Logo-header-1.png","contentUrl":"https:\/\/ksproducts.ca\/wp-content\/uploads\/2023\/09\/Kennedy-Sales-Logo-header-1.png","width":150,"height":77,"caption":"Ks Products"},"image":{"@id":"https:\/\/ksproducts.ca\/#\/schema\/logo\/image\/"}}]}},"_links":{"self":[{"href":"https:\/\/ksproducts.ca\/fr\/wp-json\/wp\/v2\/product\/6944","targetHints":{"allow":["GET"]}}],"collection":[{"href":"https:\/\/ksproducts.ca\/fr\/wp-json\/wp\/v2\/product"}],"about":[{"href":"https:\/\/ksproducts.ca\/fr\/wp-json\/wp\/v2\/types\/product"}],"replies":[{"embeddable":true,"href":"https:\/\/ksproducts.ca\/fr\/wp-json\/wp\/v2\/comments?post=6944"}],"version-history":[{"count":1,"href":"https:\/\/ksproducts.ca\/fr\/wp-json\/wp\/v2\/product\/6944\/revisions"}],"predecessor-version":[{"id":9854,"href":"https:\/\/ksproducts.ca\/fr\/wp-json\/wp\/v2\/product\/6944\/revisions\/9854"}],"wp:featuredmedia":[{"embeddable":true,"href":"https:\/\/ksproducts.ca\/fr\/wp-json\/wp\/v2\/media\/6945"}],"wp:attachment":[{"href":"https:\/\/ksproducts.ca\/fr\/wp-json\/wp\/v2\/media?parent=6944"}],"wp:term":[{"taxonomy":"product_cat","embeddable":true,"href":"https:\/\/ksproducts.ca\/fr\/wp-json\/wp\/v2\/product_cat?post=6944"},{"taxonomy":"product_tag","embeddable":true,"href":"https:\/\/ksproducts.ca\/fr\/wp-json\/wp\/v2\/product_tag?post=6944"}],"curies":[{"name":"wp","href":"https:\/\/api.w.org\/{rel}","templated":true}]}}