{"id":6951,"date":"2023-05-25T17:38:19","date_gmt":"2023-05-25T17:38:19","guid":{"rendered":"https:\/\/ksproducts.ca\/?post_type=product&#038;p=6951"},"modified":"2026-04-14T22:01:52","modified_gmt":"2026-04-14T22:01:52","slug":"ensemble-de-bistrots-de-balcon-3-pieces-allspace","status":"publish","type":"product","link":"https:\/\/ksproducts.ca\/fr\/product\/allspace-3-pc-balcony-bistro-set\/","title":{"rendered":"Allspace 3-pc Balcony Bistro Set"},"content":{"rendered":"","protected":false},"excerpt":{"rendered":"<p class=\"acl-py--x-small hdca-text-body--small\">Ajoutez une touche d'\u00e9l\u00e9gance et de style traditionnel avec notre ensemble de bistrots de balcon Allspace. Cet ensemble comprend le tissu exclusif Sunbrella connu pour sa qualit\u00e9 sup\u00e9rieure et ses couleurs charmantes. Buvez votre caf\u00e9 du matin en vous relaxant et d\u00e9tendez-vous dans la chaleur du lever de soleil pour commencer votre semaine. Le rangement est facile et le design peu encombrant, sp\u00e9cialement con\u00e7u pour une durabilit\u00e9 \u00e0 long terme. Les tissus Sunbrella offrent une qualit\u00e9 durable et facile \u00e0 nettoyer, avec une protection int\u00e9gr\u00e9e contre les UV. Con\u00e7us pour r\u00e9sister \u00e0 la moisissure, aux taches et \u00e0 l'eau pour une utilisation en toute saison.<\/p>\n<section id=\"productFeature\" class=\"acl-my--x-small acl-break-word\">\n<ol class=\"acl-lheight--large acl-text-size--medium acl-list acl-list--type--bulleted acl-text-size--small\" type=\"bulleted\">\n<li class=\"acl-lheight--regular acl-my--xx-small acl-text-size--small acl-list-item\">Conception modulaire et compacte pour tous les espaces<\/li>\n<\/ol>\n<ol class=\"acl-lheight--large acl-text-size--medium acl-list acl-list--type--bulleted acl-text-size--small\" type=\"bulleted\">\n<li class=\"acl-lheight--regular acl-my--xx-small acl-text-size--small acl-list-item\">Tissu Sunbrella pour une r\u00e9sistance \u00e0 la d\u00e9coloration et une durabilit\u00e9 \u00e0 long terme, et rotin r\u00e9sistant aux intemp\u00e9ries pour un h\u00e9bergement en toute saison.<\/li>\n<\/ol>\n<ol class=\"acl-lheight--large acl-text-size--medium acl-list acl-list--type--bulleted acl-text-size--small\" type=\"bulleted\">\n<li class=\"acl-lheight--regular acl-my--xx-small acl-text-size--small acl-list-item\">Con\u00e7u pour un assemblage facile<\/li>\n<\/ol>\n<\/section>","protected":false},"featured_media":6952,"comment_status":"open","ping_status":"closed","template":"","meta":[],"product_cat":[444],"product_tag":[],"class_list":{"0":"post-6951","1":"product","2":"type-product","3":"status-publish","4":"has-post-thumbnail","6":"product_cat-furniture","7":"product_shipping_class-class-5","9":"first","10":"instock","11":"featured","12":"taxable","13":"shipping-taxable","14":"purchasable","15":"product-type-simple"},"yoast_head":"<!-- This site is optimized with the Yoast SEO plugin v27.4 - https:\/\/yoast.com\/product\/yoast-seo-wordpress\/ -->\n<title>Allspace 3-pc Balcony Bistro Set - Ks Products<\/title>\n<meta name=\"robots\" content=\"index, follow, max-snippet:-1, max-image-preview:large, max-video-preview:-1\" \/>\n<link rel=\"canonical\" href=\"https:\/\/ksproducts.ca\/fr\/product\/ensemble-de-bistrots-de-balcon-3-pieces-allspace\/\" \/>\n<meta property=\"og:locale\" content=\"fr_CA\" \/>\n<meta property=\"og:type\" content=\"article\" \/>\n<meta property=\"og:title\" content=\"Allspace 3-pc Balcony Bistro Set - Ks Products\" \/>\n<meta property=\"og:description\" content=\"Add a touch of elegance and traditional style with our Allspace Balcony Bistro Set. This set includes the exclusive Sunbrella fabric known for its superior quality and charming colors. Drink your morning coffee relaxing and unwind in the warm sunrise to start your week. Easy storage and space-saving design specifically crafted for long-lasting durability. Sunbrella fabrics provide durable and long-lasting quality that are easy to clean with built-in UV protection. Engineered to be mold, stain, and water resistant for all-seasonal use. Modular and compact design for all spaces Sunbrella fabric for fade resistance, lasting durability, and weather-resistant wicker for all-season accommodation Designed for easy assembly\" \/>\n<meta property=\"og:url\" content=\"https:\/\/ksproducts.ca\/fr\/product\/ensemble-de-bistrots-de-balcon-3-pieces-allspace\/\" \/>\n<meta property=\"og:site_name\" content=\"Ks Products\" \/>\n<meta property=\"article:modified_time\" content=\"2026-04-14T22:01:52+00:00\" \/>\n<meta property=\"og:image\" content=\"https:\/\/ksproducts.ca\/wp-content\/uploads\/2023\/05\/450571C_2-jpg.webp\" \/>\n\t<meta property=\"og:image:width\" content=\"1920\" \/>\n\t<meta property=\"og:image:height\" content=\"1920\" \/>\n\t<meta property=\"og:image:type\" content=\"image\/jpeg\" \/>\n<meta name=\"twitter:card\" content=\"summary_large_image\" \/>\n<script type=\"application\/ld+json\" class=\"yoast-schema-graph\">{\"@context\":\"https:\\\/\\\/schema.org\",\"@graph\":[{\"@type\":\"WebPage\",\"@id\":\"https:\\\/\\\/ksproducts.ca\\\/product\\\/allspace-3-pc-balcony-bistro-set\\\/\",\"url\":\"https:\\\/\\\/ksproducts.ca\\\/product\\\/allspace-3-pc-balcony-bistro-set\\\/\",\"name\":\"Allspace 3-pc Balcony Bistro Set - Ks Products\",\"isPartOf\":{\"@id\":\"https:\\\/\\\/ksproducts.ca\\\/#website\"},\"primaryImageOfPage\":{\"@id\":\"https:\\\/\\\/ksproducts.ca\\\/product\\\/allspace-3-pc-balcony-bistro-set\\\/#primaryimage\"},\"image\":{\"@id\":\"https:\\\/\\\/ksproducts.ca\\\/product\\\/allspace-3-pc-balcony-bistro-set\\\/#primaryimage\"},\"thumbnailUrl\":\"https:\\\/\\\/ksproducts.ca\\\/wp-content\\\/uploads\\\/2023\\\/05\\\/450571C_2-jpg.webp\",\"datePublished\":\"2023-05-25T17:38:19+00:00\",\"dateModified\":\"2026-04-14T22:01:52+00:00\",\"breadcrumb\":{\"@id\":\"https:\\\/\\\/ksproducts.ca\\\/product\\\/allspace-3-pc-balcony-bistro-set\\\/#breadcrumb\"},\"inLanguage\":\"fr-CA\",\"potentialAction\":[{\"@type\":\"ReadAction\",\"target\":[\"https:\\\/\\\/ksproducts.ca\\\/product\\\/allspace-3-pc-balcony-bistro-set\\\/\"]}]},{\"@type\":\"ImageObject\",\"inLanguage\":\"fr-CA\",\"@id\":\"https:\\\/\\\/ksproducts.ca\\\/product\\\/allspace-3-pc-balcony-bistro-set\\\/#primaryimage\",\"url\":\"https:\\\/\\\/ksproducts.ca\\\/wp-content\\\/uploads\\\/2023\\\/05\\\/450571C_2-jpg.webp\",\"contentUrl\":\"https:\\\/\\\/ksproducts.ca\\\/wp-content\\\/uploads\\\/2023\\\/05\\\/450571C_2-jpg.webp\",\"width\":1920,\"height\":1920,\"caption\":\"Allspace 3-pc Balcony Bistro Set\"},{\"@type\":\"BreadcrumbList\",\"@id\":\"https:\\\/\\\/ksproducts.ca\\\/product\\\/allspace-3-pc-balcony-bistro-set\\\/#breadcrumb\",\"itemListElement\":[{\"@type\":\"ListItem\",\"position\":1,\"name\":\"Home\",\"item\":\"https:\\\/\\\/ksproducts.ca\\\/\"},{\"@type\":\"ListItem\",\"position\":2,\"name\":\"Shop\",\"item\":\"https:\\\/\\\/ksproducts.ca\\\/shop\\\/\"},{\"@type\":\"ListItem\",\"position\":3,\"name\":\"Allspace 3-pc Balcony Bistro Set\"}]},{\"@type\":\"WebSite\",\"@id\":\"https:\\\/\\\/ksproducts.ca\\\/#website\",\"url\":\"https:\\\/\\\/ksproducts.ca\\\/\",\"name\":\"Ks Products\",\"description\":\"Outdoor cooking and living, made easy in Canada\",\"publisher\":{\"@id\":\"https:\\\/\\\/ksproducts.ca\\\/#organization\"},\"potentialAction\":[{\"@type\":\"SearchAction\",\"target\":{\"@type\":\"EntryPoint\",\"urlTemplate\":\"https:\\\/\\\/ksproducts.ca\\\/?s={search_term_string}\"},\"query-input\":{\"@type\":\"PropertyValueSpecification\",\"valueRequired\":true,\"valueName\":\"search_term_string\"}}],\"inLanguage\":\"fr-CA\"},{\"@type\":\"Organization\",\"@id\":\"https:\\\/\\\/ksproducts.ca\\\/#organization\",\"name\":\"Ks Products\",\"url\":\"https:\\\/\\\/ksproducts.ca\\\/\",\"logo\":{\"@type\":\"ImageObject\",\"inLanguage\":\"fr-CA\",\"@id\":\"https:\\\/\\\/ksproducts.ca\\\/#\\\/schema\\\/logo\\\/image\\\/\",\"url\":\"https:\\\/\\\/ksproducts.ca\\\/wp-content\\\/uploads\\\/2023\\\/09\\\/Kennedy-Sales-Logo-header-1.png\",\"contentUrl\":\"https:\\\/\\\/ksproducts.ca\\\/wp-content\\\/uploads\\\/2023\\\/09\\\/Kennedy-Sales-Logo-header-1.png\",\"width\":150,\"height\":77,\"caption\":\"Ks Products\"},\"image\":{\"@id\":\"https:\\\/\\\/ksproducts.ca\\\/#\\\/schema\\\/logo\\\/image\\\/\"}}]}<\/script>\n<!-- \/ Yoast SEO plugin. -->","yoast_head_json":{"title":"Allspace 3-pc Balcony Bistro Set - Ks Products","robots":{"index":"index","follow":"follow","max-snippet":"max-snippet:-1","max-image-preview":"max-image-preview:large","max-video-preview":"max-video-preview:-1"},"canonical":"https:\/\/ksproducts.ca\/fr\/product\/ensemble-de-bistrots-de-balcon-3-pieces-allspace\/","og_locale":"fr_CA","og_type":"article","og_title":"Allspace 3-pc Balcony Bistro Set - Ks Products","og_description":"Add a touch of elegance and traditional style with our Allspace Balcony Bistro Set. This set includes the exclusive Sunbrella fabric known for its superior quality and charming colors. Drink your morning coffee relaxing and unwind in the warm sunrise to start your week. Easy storage and space-saving design specifically crafted for long-lasting durability. Sunbrella fabrics provide durable and long-lasting quality that are easy to clean with built-in UV protection. Engineered to be mold, stain, and water resistant for all-seasonal use. Modular and compact design for all spaces Sunbrella fabric for fade resistance, lasting durability, and weather-resistant wicker for all-season accommodation Designed for easy assembly","og_url":"https:\/\/ksproducts.ca\/fr\/product\/ensemble-de-bistrots-de-balcon-3-pieces-allspace\/","og_site_name":"Ks Products","article_modified_time":"2026-04-14T22:01:52+00:00","og_image":[{"width":1920,"height":1920,"url":"https:\/\/ksproducts.ca\/wp-content\/uploads\/2023\/05\/450571C_2-jpg.webp","type":"image\/jpeg"}],"twitter_card":"summary_large_image","schema":{"@context":"https:\/\/schema.org","@graph":[{"@type":"WebPage","@id":"https:\/\/ksproducts.ca\/product\/allspace-3-pc-balcony-bistro-set\/","url":"https:\/\/ksproducts.ca\/product\/allspace-3-pc-balcony-bistro-set\/","name":"Allspace 3-pc Balcony Bistro Set - Ks Products","isPartOf":{"@id":"https:\/\/ksproducts.ca\/#website"},"primaryImageOfPage":{"@id":"https:\/\/ksproducts.ca\/product\/allspace-3-pc-balcony-bistro-set\/#primaryimage"},"image":{"@id":"https:\/\/ksproducts.ca\/product\/allspace-3-pc-balcony-bistro-set\/#primaryimage"},"thumbnailUrl":"https:\/\/ksproducts.ca\/wp-content\/uploads\/2023\/05\/450571C_2-jpg.webp","datePublished":"2023-05-25T17:38:19+00:00","dateModified":"2026-04-14T22:01:52+00:00","breadcrumb":{"@id":"https:\/\/ksproducts.ca\/product\/allspace-3-pc-balcony-bistro-set\/#breadcrumb"},"inLanguage":"fr-CA","potentialAction":[{"@type":"ReadAction","target":["https:\/\/ksproducts.ca\/product\/allspace-3-pc-balcony-bistro-set\/"]}]},{"@type":"ImageObject","inLanguage":"fr-CA","@id":"https:\/\/ksproducts.ca\/product\/allspace-3-pc-balcony-bistro-set\/#primaryimage","url":"https:\/\/ksproducts.ca\/wp-content\/uploads\/2023\/05\/450571C_2-jpg.webp","contentUrl":"https:\/\/ksproducts.ca\/wp-content\/uploads\/2023\/05\/450571C_2-jpg.webp","width":1920,"height":1920,"caption":"Allspace 3-pc Balcony Bistro Set"},{"@type":"BreadcrumbList","@id":"https:\/\/ksproducts.ca\/product\/allspace-3-pc-balcony-bistro-set\/#breadcrumb","itemListElement":[{"@type":"ListItem","position":1,"name":"Home","item":"https:\/\/ksproducts.ca\/"},{"@type":"ListItem","position":2,"name":"Shop","item":"https:\/\/ksproducts.ca\/shop\/"},{"@type":"ListItem","position":3,"name":"Allspace 3-pc Balcony Bistro Set"}]},{"@type":"WebSite","@id":"https:\/\/ksproducts.ca\/#website","url":"https:\/\/ksproducts.ca\/","name":"Produits Ks","description":"Cuisiner et vivre en plein air, c'est facile au Canada","publisher":{"@id":"https:\/\/ksproducts.ca\/#organization"},"potentialAction":[{"@type":"SearchAction","target":{"@type":"EntryPoint","urlTemplate":"https:\/\/ksproducts.ca\/?s={search_term_string}"},"query-input":{"@type":"PropertyValueSpecification","valueRequired":true,"valueName":"search_term_string"}}],"inLanguage":"fr-CA"},{"@type":"Organization","@id":"https:\/\/ksproducts.ca\/#organization","name":"Produits Ks","url":"https:\/\/ksproducts.ca\/","logo":{"@type":"ImageObject","inLanguage":"fr-CA","@id":"https:\/\/ksproducts.ca\/#\/schema\/logo\/image\/","url":"https:\/\/ksproducts.ca\/wp-content\/uploads\/2023\/09\/Kennedy-Sales-Logo-header-1.png","contentUrl":"https:\/\/ksproducts.ca\/wp-content\/uploads\/2023\/09\/Kennedy-Sales-Logo-header-1.png","width":150,"height":77,"caption":"Ks Products"},"image":{"@id":"https:\/\/ksproducts.ca\/#\/schema\/logo\/image\/"}}]}},"_links":{"self":[{"href":"https:\/\/ksproducts.ca\/fr\/wp-json\/wp\/v2\/product\/6951","targetHints":{"allow":["GET"]}}],"collection":[{"href":"https:\/\/ksproducts.ca\/fr\/wp-json\/wp\/v2\/product"}],"about":[{"href":"https:\/\/ksproducts.ca\/fr\/wp-json\/wp\/v2\/types\/product"}],"replies":[{"embeddable":true,"href":"https:\/\/ksproducts.ca\/fr\/wp-json\/wp\/v2\/comments?post=6951"}],"version-history":[{"count":2,"href":"https:\/\/ksproducts.ca\/fr\/wp-json\/wp\/v2\/product\/6951\/revisions"}],"predecessor-version":[{"id":10294,"href":"https:\/\/ksproducts.ca\/fr\/wp-json\/wp\/v2\/product\/6951\/revisions\/10294"}],"wp:featuredmedia":[{"embeddable":true,"href":"https:\/\/ksproducts.ca\/fr\/wp-json\/wp\/v2\/media\/6952"}],"wp:attachment":[{"href":"https:\/\/ksproducts.ca\/fr\/wp-json\/wp\/v2\/media?parent=6951"}],"wp:term":[{"taxonomy":"product_cat","embeddable":true,"href":"https:\/\/ksproducts.ca\/fr\/wp-json\/wp\/v2\/product_cat?post=6951"},{"taxonomy":"product_tag","embeddable":true,"href":"https:\/\/ksproducts.ca\/fr\/wp-json\/wp\/v2\/product_tag?post=6951"}],"curies":[{"name":"wp","href":"https:\/\/api.w.org\/{rel}","templated":true}]}}