{"id":7321,"date":"2023-07-14T16:20:43","date_gmt":"2023-07-14T16:20:43","guid":{"rendered":"https:\/\/ksproducts.ca\/?post_type=product&#038;p=7321"},"modified":"2026-04-06T17:18:01","modified_gmt":"2026-04-06T17:18:01","slug":"lake-country-outdoors-chaise-adirondack-noire-en-polyethylene-haute-densite-rouge","status":"publish","type":"product","link":"https:\/\/ksproducts.ca\/fr\/product\/lake-country-outdoors-high-density-polyethylene-black-adirondack-chair-red\/","title":{"rendered":"Lake Country Outdoors High-Density Polyethylene Adirondack Chair &#8211; Red"},"content":{"rendered":"<p>Chaque exp\u00e9rience en plein air peut \u00eatre transform\u00e9e en un moment de bonheur avec le bon si\u00e8ge. Cette chaise est un moyen parfait de s'asseoir en plein air et de profiter de la beaut\u00e9 de la nature. Cette chaise apporte une belle ambiance rustique \u00e0 votre jardin ou \u00e0 votre terrasse, tout en offrant des fonctions impressionnantes gr\u00e2ce \u00e0 ses caract\u00e9ristiques de pliage. Ce design embl\u00e9matique est parfait pour la terrasse, le patio ou le bord de la piscine, faisant de chaque \u00e9t\u00e9 un moment charmant.<\/p>\n<ul>\n<li>Porte-gobelet inclus<\/li>\n<li>Conception pliable<\/li>\n<li>Support dorsal<\/li>\n<\/ul>","protected":false},"excerpt":{"rendered":"<p>Mat\u00e9riau : HDPEMat\u00e9riel de quincaillerie : Acier inoxydableR\u00e9sistant aux UV : Oui ENTRETIEN et nettoyage:Nettoyer avec de l'eau et du savon doux.<\/p>","protected":false},"featured_media":12824,"comment_status":"open","ping_status":"closed","template":"","meta":[],"product_cat":[444],"product_tag":[],"class_list":{"0":"post-7321","1":"product","2":"type-product","3":"status-publish","4":"has-post-thumbnail","6":"product_cat-furniture","7":"product_shipping_class-class-3","9":"first","10":"outofstock","11":"taxable","12":"shipping-taxable","13":"purchasable","14":"product-type-simple"},"yoast_head":"<!-- This site is optimized with the Yoast SEO plugin v27.3 - https:\/\/yoast.com\/product\/yoast-seo-wordpress\/ -->\n<title>Lake Country Outdoors High-Density Polyethylene Adirondack Chair - Red - Ks Products<\/title>\n<meta name=\"robots\" content=\"index, follow, max-snippet:-1, max-image-preview:large, max-video-preview:-1\" \/>\n<link rel=\"canonical\" href=\"https:\/\/ksproducts.ca\/fr\/product\/lake-country-outdoors-chaise-adirondack-noire-en-polyethylene-haute-densite-rouge\/\" \/>\n<meta property=\"og:locale\" content=\"fr_CA\" \/>\n<meta property=\"og:type\" content=\"article\" \/>\n<meta property=\"og:title\" content=\"Lake Country Outdoors High-Density Polyethylene Adirondack Chair - Red - Ks Products\" \/>\n<meta property=\"og:description\" content=\"Material: HDPEHardware Material: Stainless SteelUV Resistant: Yes\u00a0CARE and Cleaning:Wipe Clean With Soft Soap and Water\" \/>\n<meta property=\"og:url\" content=\"https:\/\/ksproducts.ca\/fr\/product\/lake-country-outdoors-chaise-adirondack-noire-en-polyethylene-haute-densite-rouge\/\" \/>\n<meta property=\"og:site_name\" content=\"Ks Products\" \/>\n<meta property=\"article:modified_time\" content=\"2026-04-06T17:18:01+00:00\" \/>\n<meta property=\"og:image\" content=\"https:\/\/ksproducts.ca\/wp-content\/uploads\/2023\/07\/KSA-3401F-R_03.jpg\" \/>\n\t<meta property=\"og:image:width\" content=\"800\" \/>\n\t<meta property=\"og:image:height\" content=\"800\" \/>\n\t<meta property=\"og:image:type\" content=\"image\/jpeg\" \/>\n<meta name=\"twitter:card\" content=\"summary_large_image\" \/>\n<meta name=\"twitter:label1\" content=\"Estimation du temps de lecture\" \/>\n\t<meta name=\"twitter:data1\" content=\"1 minute\" \/>\n<script type=\"application\/ld+json\" class=\"yoast-schema-graph\">{\"@context\":\"https:\\\/\\\/schema.org\",\"@graph\":[{\"@type\":\"WebPage\",\"@id\":\"https:\\\/\\\/ksproducts.ca\\\/product\\\/lake-country-outdoors-high-density-polyethylene-black-adirondack-chair-red\\\/\",\"url\":\"https:\\\/\\\/ksproducts.ca\\\/product\\\/lake-country-outdoors-high-density-polyethylene-black-adirondack-chair-red\\\/\",\"name\":\"Lake Country Outdoors High-Density Polyethylene Adirondack Chair - Red - Ks Products\",\"isPartOf\":{\"@id\":\"https:\\\/\\\/ksproducts.ca\\\/#website\"},\"primaryImageOfPage\":{\"@id\":\"https:\\\/\\\/ksproducts.ca\\\/product\\\/lake-country-outdoors-high-density-polyethylene-black-adirondack-chair-red\\\/#primaryimage\"},\"image\":{\"@id\":\"https:\\\/\\\/ksproducts.ca\\\/product\\\/lake-country-outdoors-high-density-polyethylene-black-adirondack-chair-red\\\/#primaryimage\"},\"thumbnailUrl\":\"https:\\\/\\\/ksproducts.ca\\\/wp-content\\\/uploads\\\/2023\\\/07\\\/KSA-3401F-R_03.jpg\",\"datePublished\":\"2023-07-14T16:20:43+00:00\",\"dateModified\":\"2026-04-06T17:18:01+00:00\",\"breadcrumb\":{\"@id\":\"https:\\\/\\\/ksproducts.ca\\\/product\\\/lake-country-outdoors-high-density-polyethylene-black-adirondack-chair-red\\\/#breadcrumb\"},\"inLanguage\":\"fr-CA\",\"potentialAction\":[{\"@type\":\"ReadAction\",\"target\":[\"https:\\\/\\\/ksproducts.ca\\\/product\\\/lake-country-outdoors-high-density-polyethylene-black-adirondack-chair-red\\\/\"]}]},{\"@type\":\"ImageObject\",\"inLanguage\":\"fr-CA\",\"@id\":\"https:\\\/\\\/ksproducts.ca\\\/product\\\/lake-country-outdoors-high-density-polyethylene-black-adirondack-chair-red\\\/#primaryimage\",\"url\":\"https:\\\/\\\/ksproducts.ca\\\/wp-content\\\/uploads\\\/2023\\\/07\\\/KSA-3401F-R_03.jpg\",\"contentUrl\":\"https:\\\/\\\/ksproducts.ca\\\/wp-content\\\/uploads\\\/2023\\\/07\\\/KSA-3401F-R_03.jpg\",\"width\":800,\"height\":800,\"caption\":\"KSA 3401F R 03\"},{\"@type\":\"BreadcrumbList\",\"@id\":\"https:\\\/\\\/ksproducts.ca\\\/product\\\/lake-country-outdoors-high-density-polyethylene-black-adirondack-chair-red\\\/#breadcrumb\",\"itemListElement\":[{\"@type\":\"ListItem\",\"position\":1,\"name\":\"Home\",\"item\":\"https:\\\/\\\/ksproducts.ca\\\/\"},{\"@type\":\"ListItem\",\"position\":2,\"name\":\"Shop\",\"item\":\"https:\\\/\\\/ksproducts.ca\\\/shop\\\/\"},{\"@type\":\"ListItem\",\"position\":3,\"name\":\"Lake Country Outdoors High-Density Polyethylene Adirondack Chair &#8211; Red\"}]},{\"@type\":\"WebSite\",\"@id\":\"https:\\\/\\\/ksproducts.ca\\\/#website\",\"url\":\"https:\\\/\\\/ksproducts.ca\\\/\",\"name\":\"Ks Products\",\"description\":\"Outdoor cooking and living, made easy in Canada\",\"publisher\":{\"@id\":\"https:\\\/\\\/ksproducts.ca\\\/#organization\"},\"potentialAction\":[{\"@type\":\"SearchAction\",\"target\":{\"@type\":\"EntryPoint\",\"urlTemplate\":\"https:\\\/\\\/ksproducts.ca\\\/?s={search_term_string}\"},\"query-input\":{\"@type\":\"PropertyValueSpecification\",\"valueRequired\":true,\"valueName\":\"search_term_string\"}}],\"inLanguage\":\"fr-CA\"},{\"@type\":\"Organization\",\"@id\":\"https:\\\/\\\/ksproducts.ca\\\/#organization\",\"name\":\"Ks Products\",\"url\":\"https:\\\/\\\/ksproducts.ca\\\/\",\"logo\":{\"@type\":\"ImageObject\",\"inLanguage\":\"fr-CA\",\"@id\":\"https:\\\/\\\/ksproducts.ca\\\/#\\\/schema\\\/logo\\\/image\\\/\",\"url\":\"https:\\\/\\\/ksproducts.ca\\\/wp-content\\\/uploads\\\/2023\\\/09\\\/Kennedy-Sales-Logo-header-1.png\",\"contentUrl\":\"https:\\\/\\\/ksproducts.ca\\\/wp-content\\\/uploads\\\/2023\\\/09\\\/Kennedy-Sales-Logo-header-1.png\",\"width\":150,\"height\":77,\"caption\":\"Ks Products\"},\"image\":{\"@id\":\"https:\\\/\\\/ksproducts.ca\\\/#\\\/schema\\\/logo\\\/image\\\/\"}}]}<\/script>\n<!-- \/ Yoast SEO plugin. -->","yoast_head_json":{"title":"Lake Country Outdoors High-Density Polyethylene Adirondack Chair - Red - Ks Products","robots":{"index":"index","follow":"follow","max-snippet":"max-snippet:-1","max-image-preview":"max-image-preview:large","max-video-preview":"max-video-preview:-1"},"canonical":"https:\/\/ksproducts.ca\/fr\/product\/lake-country-outdoors-chaise-adirondack-noire-en-polyethylene-haute-densite-rouge\/","og_locale":"fr_CA","og_type":"article","og_title":"Lake Country Outdoors High-Density Polyethylene Adirondack Chair - Red - Ks Products","og_description":"Material: HDPEHardware Material: Stainless SteelUV Resistant: Yes\u00a0CARE and Cleaning:Wipe Clean With Soft Soap and Water","og_url":"https:\/\/ksproducts.ca\/fr\/product\/lake-country-outdoors-chaise-adirondack-noire-en-polyethylene-haute-densite-rouge\/","og_site_name":"Ks Products","article_modified_time":"2026-04-06T17:18:01+00:00","og_image":[{"width":800,"height":800,"url":"https:\/\/ksproducts.ca\/wp-content\/uploads\/2023\/07\/KSA-3401F-R_03.jpg","type":"image\/jpeg"}],"twitter_card":"summary_large_image","twitter_misc":{"Estimation du temps de lecture":"1 minute"},"schema":{"@context":"https:\/\/schema.org","@graph":[{"@type":"WebPage","@id":"https:\/\/ksproducts.ca\/product\/lake-country-outdoors-high-density-polyethylene-black-adirondack-chair-red\/","url":"https:\/\/ksproducts.ca\/product\/lake-country-outdoors-high-density-polyethylene-black-adirondack-chair-red\/","name":"Lake Country Outdoors High-Density Polyethylene Adirondack Chair - Red - Ks Products","isPartOf":{"@id":"https:\/\/ksproducts.ca\/#website"},"primaryImageOfPage":{"@id":"https:\/\/ksproducts.ca\/product\/lake-country-outdoors-high-density-polyethylene-black-adirondack-chair-red\/#primaryimage"},"image":{"@id":"https:\/\/ksproducts.ca\/product\/lake-country-outdoors-high-density-polyethylene-black-adirondack-chair-red\/#primaryimage"},"thumbnailUrl":"https:\/\/ksproducts.ca\/wp-content\/uploads\/2023\/07\/KSA-3401F-R_03.jpg","datePublished":"2023-07-14T16:20:43+00:00","dateModified":"2026-04-06T17:18:01+00:00","breadcrumb":{"@id":"https:\/\/ksproducts.ca\/product\/lake-country-outdoors-high-density-polyethylene-black-adirondack-chair-red\/#breadcrumb"},"inLanguage":"fr-CA","potentialAction":[{"@type":"ReadAction","target":["https:\/\/ksproducts.ca\/product\/lake-country-outdoors-high-density-polyethylene-black-adirondack-chair-red\/"]}]},{"@type":"ImageObject","inLanguage":"fr-CA","@id":"https:\/\/ksproducts.ca\/product\/lake-country-outdoors-high-density-polyethylene-black-adirondack-chair-red\/#primaryimage","url":"https:\/\/ksproducts.ca\/wp-content\/uploads\/2023\/07\/KSA-3401F-R_03.jpg","contentUrl":"https:\/\/ksproducts.ca\/wp-content\/uploads\/2023\/07\/KSA-3401F-R_03.jpg","width":800,"height":800,"caption":"KSA 3401F R 03"},{"@type":"BreadcrumbList","@id":"https:\/\/ksproducts.ca\/product\/lake-country-outdoors-high-density-polyethylene-black-adirondack-chair-red\/#breadcrumb","itemListElement":[{"@type":"ListItem","position":1,"name":"Home","item":"https:\/\/ksproducts.ca\/"},{"@type":"ListItem","position":2,"name":"Shop","item":"https:\/\/ksproducts.ca\/shop\/"},{"@type":"ListItem","position":3,"name":"Lake Country Outdoors High-Density Polyethylene Adirondack Chair &#8211; Red"}]},{"@type":"WebSite","@id":"https:\/\/ksproducts.ca\/#website","url":"https:\/\/ksproducts.ca\/","name":"Produits Ks","description":"Cuisiner et vivre en plein air, c'est facile au Canada","publisher":{"@id":"https:\/\/ksproducts.ca\/#organization"},"potentialAction":[{"@type":"SearchAction","target":{"@type":"EntryPoint","urlTemplate":"https:\/\/ksproducts.ca\/?s={search_term_string}"},"query-input":{"@type":"PropertyValueSpecification","valueRequired":true,"valueName":"search_term_string"}}],"inLanguage":"fr-CA"},{"@type":"Organization","@id":"https:\/\/ksproducts.ca\/#organization","name":"Produits Ks","url":"https:\/\/ksproducts.ca\/","logo":{"@type":"ImageObject","inLanguage":"fr-CA","@id":"https:\/\/ksproducts.ca\/#\/schema\/logo\/image\/","url":"https:\/\/ksproducts.ca\/wp-content\/uploads\/2023\/09\/Kennedy-Sales-Logo-header-1.png","contentUrl":"https:\/\/ksproducts.ca\/wp-content\/uploads\/2023\/09\/Kennedy-Sales-Logo-header-1.png","width":150,"height":77,"caption":"Ks Products"},"image":{"@id":"https:\/\/ksproducts.ca\/#\/schema\/logo\/image\/"}}]}},"_links":{"self":[{"href":"https:\/\/ksproducts.ca\/fr\/wp-json\/wp\/v2\/product\/7321","targetHints":{"allow":["GET"]}}],"collection":[{"href":"https:\/\/ksproducts.ca\/fr\/wp-json\/wp\/v2\/product"}],"about":[{"href":"https:\/\/ksproducts.ca\/fr\/wp-json\/wp\/v2\/types\/product"}],"replies":[{"embeddable":true,"href":"https:\/\/ksproducts.ca\/fr\/wp-json\/wp\/v2\/comments?post=7321"}],"version-history":[{"count":2,"href":"https:\/\/ksproducts.ca\/fr\/wp-json\/wp\/v2\/product\/7321\/revisions"}],"predecessor-version":[{"id":12829,"href":"https:\/\/ksproducts.ca\/fr\/wp-json\/wp\/v2\/product\/7321\/revisions\/12829"}],"wp:featuredmedia":[{"embeddable":true,"href":"https:\/\/ksproducts.ca\/fr\/wp-json\/wp\/v2\/media\/12824"}],"wp:attachment":[{"href":"https:\/\/ksproducts.ca\/fr\/wp-json\/wp\/v2\/media?parent=7321"}],"wp:term":[{"taxonomy":"product_cat","embeddable":true,"href":"https:\/\/ksproducts.ca\/fr\/wp-json\/wp\/v2\/product_cat?post=7321"},{"taxonomy":"product_tag","embeddable":true,"href":"https:\/\/ksproducts.ca\/fr\/wp-json\/wp\/v2\/product_tag?post=7321"}],"curies":[{"name":"wp","href":"https:\/\/api.w.org\/{rel}","templated":true}]}}