{"id":7774,"date":"2024-04-15T16:11:39","date_gmt":"2024-04-15T16:11:39","guid":{"rendered":"https:\/\/ksproducts.ca\/?post_type=product&#038;p=7774"},"modified":"2026-04-15T04:01:14","modified_gmt":"2026-04-15T04:01:14","slug":"plateau-de-service-orange-paquet-de-4","status":"publish","type":"product","link":"https:\/\/ksproducts.ca\/fr\/product\/orange-serving-tray-4-pack\/","title":{"rendered":"Blackstone Original Series Orange Serving Trays - 4pk"},"content":{"rendered":"<ul class=\"sc-eJRTFu jFgyke pf-101_ acumin\" data-pf-type=\"MetafieldValue\">\n<li class=\"sc-dtDOqo bEUZPZ metafield-list.single_line_text_field\">Lavable au lave-vaisselle<\/li>\n<li class=\"sc-dtDOqo bEUZPZ metafield-list.single_line_text_field\">Fabriqu\u00e9 en plastique alimentaire<\/li>\n<li class=\"sc-dtDOqo bEUZPZ metafield-list.single_line_text_field\">S'empile pour un rangement facile<\/li>\n<li class=\"sc-dtDOqo bEUZPZ metafield-list.single_line_text_field\">Id\u00e9al pour pr\u00e9parer ou servir<\/li>\n<li class=\"sc-dtDOqo bEUZPZ metafield-list.single_line_text_field\">Comprend 4 plateaux<\/li>\n<\/ul>","protected":false},"excerpt":{"rendered":"<p>Transformez l'\u00e9tag\u00e8re lat\u00e9rale de votre plancha en table de pr\u00e9paration et de service avec le tout nouveau plateau de service pour plancha Blackstone !<\/p>","protected":false},"featured_media":7778,"comment_status":"closed","ping_status":"closed","template":"","meta":[],"product_cat":[436,441],"product_tag":[],"class_list":{"0":"post-7774","1":"product","2":"type-product","3":"status-publish","4":"has-post-thumbnail","6":"product_brand-blackstone","7":"product_cat-accessories","8":"product_cat-essential-extras","9":"product_shipping_class-class-1","11":"first","12":"instock","13":"taxable","14":"shipping-taxable","15":"purchasable","16":"product-type-simple"},"yoast_head":"<!-- This site is optimized with the Yoast SEO plugin v27.4 - https:\/\/yoast.com\/product\/yoast-seo-wordpress\/ -->\n<title>Blackstone Original Series Orange Serving Trays - 4pk - Ks Products<\/title>\n<meta name=\"robots\" content=\"index, follow, max-snippet:-1, max-image-preview:large, max-video-preview:-1\" \/>\n<link rel=\"canonical\" href=\"https:\/\/ksproducts.ca\/fr\/product\/plateau-de-service-orange-paquet-de-4\/\" \/>\n<meta property=\"og:locale\" content=\"fr_CA\" \/>\n<meta property=\"og:type\" content=\"article\" \/>\n<meta property=\"og:title\" content=\"Blackstone Original Series Orange Serving Trays - 4pk - Ks Products\" \/>\n<meta property=\"og:description\" content=\"Turn your griddle side shelf into a prep and serve table with the all new Blackstone Griddle Serving Tray!\" \/>\n<meta property=\"og:url\" content=\"https:\/\/ksproducts.ca\/fr\/product\/plateau-de-service-orange-paquet-de-4\/\" \/>\n<meta property=\"og:site_name\" content=\"Ks Products\" \/>\n<meta property=\"article:modified_time\" content=\"2026-04-15T04:01:14+00:00\" \/>\n<meta property=\"og:image\" content=\"https:\/\/ksproducts.ca\/wp-content\/uploads\/2024\/04\/griddle-serving-tray-4-pack-orange-408998-jpg.webp\" \/>\n\t<meta property=\"og:image:width\" content=\"800\" \/>\n\t<meta property=\"og:image:height\" content=\"533\" \/>\n\t<meta property=\"og:image:type\" content=\"image\/jpeg\" \/>\n<meta name=\"twitter:card\" content=\"summary_large_image\" \/>\n<meta name=\"twitter:label1\" content=\"Estimation du temps de lecture\" \/>\n\t<meta name=\"twitter:data1\" content=\"1 minute\" \/>\n<script type=\"application\/ld+json\" class=\"yoast-schema-graph\">{\"@context\":\"https:\\\/\\\/schema.org\",\"@graph\":[{\"@type\":\"WebPage\",\"@id\":\"https:\\\/\\\/ksproducts.ca\\\/product\\\/orange-serving-tray-4-pack\\\/\",\"url\":\"https:\\\/\\\/ksproducts.ca\\\/product\\\/orange-serving-tray-4-pack\\\/\",\"name\":\"Blackstone Original Series Orange Serving Trays - 4pk - Ks Products\",\"isPartOf\":{\"@id\":\"https:\\\/\\\/ksproducts.ca\\\/#website\"},\"primaryImageOfPage\":{\"@id\":\"https:\\\/\\\/ksproducts.ca\\\/product\\\/orange-serving-tray-4-pack\\\/#primaryimage\"},\"image\":{\"@id\":\"https:\\\/\\\/ksproducts.ca\\\/product\\\/orange-serving-tray-4-pack\\\/#primaryimage\"},\"thumbnailUrl\":\"https:\\\/\\\/ksproducts.ca\\\/wp-content\\\/uploads\\\/2024\\\/04\\\/griddle-serving-tray-4-pack-orange-408998-jpg.webp\",\"datePublished\":\"2024-04-15T16:11:39+00:00\",\"dateModified\":\"2026-04-15T04:01:14+00:00\",\"breadcrumb\":{\"@id\":\"https:\\\/\\\/ksproducts.ca\\\/product\\\/orange-serving-tray-4-pack\\\/#breadcrumb\"},\"inLanguage\":\"fr-CA\",\"potentialAction\":[{\"@type\":\"ReadAction\",\"target\":[\"https:\\\/\\\/ksproducts.ca\\\/product\\\/orange-serving-tray-4-pack\\\/\"]}]},{\"@type\":\"ImageObject\",\"inLanguage\":\"fr-CA\",\"@id\":\"https:\\\/\\\/ksproducts.ca\\\/product\\\/orange-serving-tray-4-pack\\\/#primaryimage\",\"url\":\"https:\\\/\\\/ksproducts.ca\\\/wp-content\\\/uploads\\\/2024\\\/04\\\/griddle-serving-tray-4-pack-orange-408998-jpg.webp\",\"contentUrl\":\"https:\\\/\\\/ksproducts.ca\\\/wp-content\\\/uploads\\\/2024\\\/04\\\/griddle-serving-tray-4-pack-orange-408998-jpg.webp\",\"width\":800,\"height\":533,\"caption\":\"Blackstone Original Series Orange Serving Trays - 4pk\"},{\"@type\":\"BreadcrumbList\",\"@id\":\"https:\\\/\\\/ksproducts.ca\\\/product\\\/orange-serving-tray-4-pack\\\/#breadcrumb\",\"itemListElement\":[{\"@type\":\"ListItem\",\"position\":1,\"name\":\"Home\",\"item\":\"https:\\\/\\\/ksproducts.ca\\\/\"},{\"@type\":\"ListItem\",\"position\":2,\"name\":\"Shop\",\"item\":\"https:\\\/\\\/ksproducts.ca\\\/shop\\\/\"},{\"@type\":\"ListItem\",\"position\":3,\"name\":\"Blackstone Original Series Orange Serving Trays &#8211; 4pk\"}]},{\"@type\":\"WebSite\",\"@id\":\"https:\\\/\\\/ksproducts.ca\\\/#website\",\"url\":\"https:\\\/\\\/ksproducts.ca\\\/\",\"name\":\"Ks Products\",\"description\":\"Outdoor cooking and living, made easy in Canada\",\"publisher\":{\"@id\":\"https:\\\/\\\/ksproducts.ca\\\/#organization\"},\"potentialAction\":[{\"@type\":\"SearchAction\",\"target\":{\"@type\":\"EntryPoint\",\"urlTemplate\":\"https:\\\/\\\/ksproducts.ca\\\/?s={search_term_string}\"},\"query-input\":{\"@type\":\"PropertyValueSpecification\",\"valueRequired\":true,\"valueName\":\"search_term_string\"}}],\"inLanguage\":\"fr-CA\"},{\"@type\":\"Organization\",\"@id\":\"https:\\\/\\\/ksproducts.ca\\\/#organization\",\"name\":\"Ks Products\",\"url\":\"https:\\\/\\\/ksproducts.ca\\\/\",\"logo\":{\"@type\":\"ImageObject\",\"inLanguage\":\"fr-CA\",\"@id\":\"https:\\\/\\\/ksproducts.ca\\\/#\\\/schema\\\/logo\\\/image\\\/\",\"url\":\"https:\\\/\\\/ksproducts.ca\\\/wp-content\\\/uploads\\\/2023\\\/09\\\/Kennedy-Sales-Logo-header-1.png\",\"contentUrl\":\"https:\\\/\\\/ksproducts.ca\\\/wp-content\\\/uploads\\\/2023\\\/09\\\/Kennedy-Sales-Logo-header-1.png\",\"width\":150,\"height\":77,\"caption\":\"Ks Products\"},\"image\":{\"@id\":\"https:\\\/\\\/ksproducts.ca\\\/#\\\/schema\\\/logo\\\/image\\\/\"}}]}<\/script>\n<!-- \/ Yoast SEO plugin. -->","yoast_head_json":{"title":"Plateaux de service originaux Blackstone orange - lot de 4 - Ks Products","robots":{"index":"index","follow":"follow","max-snippet":"max-snippet:-1","max-image-preview":"max-image-preview:large","max-video-preview":"max-video-preview:-1"},"canonical":"https:\/\/ksproducts.ca\/fr\/product\/plateau-de-service-orange-paquet-de-4\/","og_locale":"fr_CA","og_type":"article","og_title":"Blackstone Original Series Orange Serving Trays - 4pk - Ks Products","og_description":"Turn your griddle side shelf into a prep and serve table with the all new Blackstone Griddle Serving Tray!","og_url":"https:\/\/ksproducts.ca\/fr\/product\/plateau-de-service-orange-paquet-de-4\/","og_site_name":"Ks Products","article_modified_time":"2026-04-15T04:01:14+00:00","og_image":[{"width":800,"height":533,"url":"https:\/\/ksproducts.ca\/wp-content\/uploads\/2024\/04\/griddle-serving-tray-4-pack-orange-408998-jpg.webp","type":"image\/jpeg"}],"twitter_card":"summary_large_image","twitter_misc":{"Estimation du temps de lecture":"1 minute"},"schema":{"@context":"https:\/\/schema.org","@graph":[{"@type":"WebPage","@id":"https:\/\/ksproducts.ca\/product\/orange-serving-tray-4-pack\/","url":"https:\/\/ksproducts.ca\/product\/orange-serving-tray-4-pack\/","name":"Plateaux de service originaux Blackstone orange - lot de 4 - Ks Products","isPartOf":{"@id":"https:\/\/ksproducts.ca\/#website"},"primaryImageOfPage":{"@id":"https:\/\/ksproducts.ca\/product\/orange-serving-tray-4-pack\/#primaryimage"},"image":{"@id":"https:\/\/ksproducts.ca\/product\/orange-serving-tray-4-pack\/#primaryimage"},"thumbnailUrl":"https:\/\/ksproducts.ca\/wp-content\/uploads\/2024\/04\/griddle-serving-tray-4-pack-orange-408998-jpg.webp","datePublished":"2024-04-15T16:11:39+00:00","dateModified":"2026-04-15T04:01:14+00:00","breadcrumb":{"@id":"https:\/\/ksproducts.ca\/product\/orange-serving-tray-4-pack\/#breadcrumb"},"inLanguage":"fr-CA","potentialAction":[{"@type":"ReadAction","target":["https:\/\/ksproducts.ca\/product\/orange-serving-tray-4-pack\/"]}]},{"@type":"ImageObject","inLanguage":"fr-CA","@id":"https:\/\/ksproducts.ca\/product\/orange-serving-tray-4-pack\/#primaryimage","url":"https:\/\/ksproducts.ca\/wp-content\/uploads\/2024\/04\/griddle-serving-tray-4-pack-orange-408998-jpg.webp","contentUrl":"https:\/\/ksproducts.ca\/wp-content\/uploads\/2024\/04\/griddle-serving-tray-4-pack-orange-408998-jpg.webp","width":800,"height":533,"caption":"Blackstone Original Series Orange Serving Trays - 4pk"},{"@type":"BreadcrumbList","@id":"https:\/\/ksproducts.ca\/product\/orange-serving-tray-4-pack\/#breadcrumb","itemListElement":[{"@type":"ListItem","position":1,"name":"Home","item":"https:\/\/ksproducts.ca\/"},{"@type":"ListItem","position":2,"name":"Shop","item":"https:\/\/ksproducts.ca\/shop\/"},{"@type":"ListItem","position":3,"name":"Blackstone Original Series Orange Serving Trays &#8211; 4pk"}]},{"@type":"WebSite","@id":"https:\/\/ksproducts.ca\/#website","url":"https:\/\/ksproducts.ca\/","name":"Produits Ks","description":"Cuisiner et vivre en plein air, c'est facile au Canada","publisher":{"@id":"https:\/\/ksproducts.ca\/#organization"},"potentialAction":[{"@type":"SearchAction","target":{"@type":"EntryPoint","urlTemplate":"https:\/\/ksproducts.ca\/?s={search_term_string}"},"query-input":{"@type":"PropertyValueSpecification","valueRequired":true,"valueName":"search_term_string"}}],"inLanguage":"fr-CA"},{"@type":"Organization","@id":"https:\/\/ksproducts.ca\/#organization","name":"Produits Ks","url":"https:\/\/ksproducts.ca\/","logo":{"@type":"ImageObject","inLanguage":"fr-CA","@id":"https:\/\/ksproducts.ca\/#\/schema\/logo\/image\/","url":"https:\/\/ksproducts.ca\/wp-content\/uploads\/2023\/09\/Kennedy-Sales-Logo-header-1.png","contentUrl":"https:\/\/ksproducts.ca\/wp-content\/uploads\/2023\/09\/Kennedy-Sales-Logo-header-1.png","width":150,"height":77,"caption":"Ks Products"},"image":{"@id":"https:\/\/ksproducts.ca\/#\/schema\/logo\/image\/"}}]}},"_links":{"self":[{"href":"https:\/\/ksproducts.ca\/fr\/wp-json\/wp\/v2\/product\/7774","targetHints":{"allow":["GET"]}}],"collection":[{"href":"https:\/\/ksproducts.ca\/fr\/wp-json\/wp\/v2\/product"}],"about":[{"href":"https:\/\/ksproducts.ca\/fr\/wp-json\/wp\/v2\/types\/product"}],"replies":[{"embeddable":true,"href":"https:\/\/ksproducts.ca\/fr\/wp-json\/wp\/v2\/comments?post=7774"}],"version-history":[{"count":3,"href":"https:\/\/ksproducts.ca\/fr\/wp-json\/wp\/v2\/product\/7774\/revisions"}],"predecessor-version":[{"id":10578,"href":"https:\/\/ksproducts.ca\/fr\/wp-json\/wp\/v2\/product\/7774\/revisions\/10578"}],"wp:featuredmedia":[{"embeddable":true,"href":"https:\/\/ksproducts.ca\/fr\/wp-json\/wp\/v2\/media\/7778"}],"wp:attachment":[{"href":"https:\/\/ksproducts.ca\/fr\/wp-json\/wp\/v2\/media?parent=7774"}],"wp:term":[{"taxonomy":"product_cat","embeddable":true,"href":"https:\/\/ksproducts.ca\/fr\/wp-json\/wp\/v2\/product_cat?post=7774"},{"taxonomy":"product_tag","embeddable":true,"href":"https:\/\/ksproducts.ca\/fr\/wp-json\/wp\/v2\/product_tag?post=7774"}],"curies":[{"name":"wp","href":"https:\/\/api.w.org\/{rel}","templated":true}]}}