{"id":7775,"date":"2024-04-15T16:11:40","date_gmt":"2024-04-15T16:11:40","guid":{"rendered":"https:\/\/ksproducts.ca\/?post_type=product&#038;p=7775"},"modified":"2026-04-10T21:34:10","modified_gmt":"2026-04-10T21:34:10","slug":"17-plaque-de-cuisson-avec-couvercle-rigide-et-sac-de-transport","status":"publish","type":"product","link":"https:\/\/ksproducts.ca\/fr\/product\/17-griddle-w-hard-cover-and-carry-bag\/","title":{"rendered":"Blackstone 17inch Adventure Ready Series Omnivore Griddle with Hard Cover and Carrying Bag (gril omnivore de 17 pouces Adventure Ready Series avec couvercle rigide et sac de transport)"},"content":{"rendered":"<ul class=\"sc-eJRTFu jFgyke pf-101_ acumin\" data-pf-type=\"MetafieldValue\">\n<li class=\"sc-dtDOqo bEUZPZ metafield-list.single_line_text_field\">Gril 17\u2033 Adventure Ready<\/li>\n<li class=\"sc-dtDOqo bEUZPZ metafield-list.single_line_text_field\">Plaque de gril Omnivore<\/li>\n<li class=\"sc-dtDOqo bEUZPZ metafield-list.single_line_text_field\">Taille portable<\/li>\n<li class=\"sc-dtDOqo bEUZPZ metafield-list.single_line_text_field\">Couverture rigide et sac de transport renforc\u00e9 inclus<\/li>\n<li class=\"sc-dtDOqo bEUZPZ metafield-list.single_line_text_field\">Syst\u00e8me brevet\u00e9 de gestion de la graisse \u00e0 l'arri\u00e8re<\/li>\n<li class=\"sc-dtDOqo bEUZPZ metafield-list.single_line_text_field\">Connecteur de r\u00e9gulateur en laiton : 9\/16\u2033-18UNF (United National Fine Thread)<\/li>\n<\/ul>","protected":false},"excerpt":{"rendered":"<p>L'ensemble 17\u2033 Adventure-Ready Bundle est le compagnon de voyage par excellence ! Cette plancha compacte offre une g\u00e9n\u00e9reuse surface de cuisson polyvalente de 267 pouces carr\u00e9s, aliment\u00e9e par de robustes br\u00fbleurs en H en acier inoxydable. \u00c9quip\u00e9e de la nouvelle technologie de plaque de gril Omnivore, cette plaque est plus efficace et plus durable que jamais. Gr\u00e2ce \u00e0 notre syst\u00e8me brevet\u00e9 de gestion des graisses \u00e0 l'arri\u00e8re, le rangement devient un jeu d'enfant. L'ensemble comprend une couverture rigide durable et un sac de transport renforc\u00e9, ce qui en fait un outil indispensable pour toutes les aventures.<\/p>","protected":false},"featured_media":7781,"comment_status":"closed","ping_status":"closed","template":"","meta":[],"product_cat":[395,394],"product_tag":[],"class_list":{"0":"post-7775","1":"product","2":"type-product","3":"status-publish","4":"has-post-thumbnail","6":"product_brand-blackstone","7":"product_cat-17-inch-griddle","8":"product_cat-griddles-2","10":"first","11":"instock","12":"taxable","13":"shipping-taxable","14":"purchasable","15":"product-type-simple"},"yoast_head":"<!-- This site is optimized with the Yoast SEO plugin v27.3 - https:\/\/yoast.com\/product\/yoast-seo-wordpress\/ -->\n<title>Blackstone 17inch Adventure Ready Series Omnivore Griddle with Hard Cover and Carrying Bag - Ks Products<\/title>\n<meta name=\"robots\" content=\"index, follow, max-snippet:-1, max-image-preview:large, max-video-preview:-1\" \/>\n<link rel=\"canonical\" href=\"https:\/\/ksproducts.ca\/fr\/product\/17-plaque-de-cuisson-avec-couvercle-rigide-et-sac-de-transport\/\" \/>\n<meta property=\"og:locale\" content=\"fr_CA\" \/>\n<meta property=\"og:type\" content=\"article\" \/>\n<meta property=\"og:title\" content=\"Blackstone 17inch Adventure Ready Series Omnivore Griddle with Hard Cover and Carrying Bag - Ks Products\" \/>\n<meta property=\"og:description\" content=\"The 17&quot; Adventure-Ready Bundle is the ultimate companion for your journey! This compact griddle boasts a generous 267 square inches of versatile cooking surface, powered by robust stainless-steel H-burners. Equipped with new Omnivore Griddle Plate Technology, this griddle is more efficient and durable than ever.\u00a0With our patented rear grease management system, tidying up is an absolute breeze. The bundle includes a durable hardcover and a reinforced carry bag, making it a must-have for every adventure.\" \/>\n<meta property=\"og:url\" content=\"https:\/\/ksproducts.ca\/fr\/product\/17-plaque-de-cuisson-avec-couvercle-rigide-et-sac-de-transport\/\" \/>\n<meta property=\"og:site_name\" content=\"Ks Products\" \/>\n<meta property=\"article:modified_time\" content=\"2026-04-10T21:34:10+00:00\" \/>\n<meta property=\"og:image\" content=\"https:\/\/ksproducts.ca\/wp-content\/uploads\/2024\/04\/griddle-jpg.webp\" \/>\n\t<meta property=\"og:image:width\" content=\"800\" \/>\n\t<meta property=\"og:image:height\" content=\"800\" \/>\n\t<meta property=\"og:image:type\" content=\"image\/jpeg\" \/>\n<meta name=\"twitter:card\" content=\"summary_large_image\" \/>\n<meta name=\"twitter:label1\" content=\"Estimation du temps de lecture\" \/>\n\t<meta name=\"twitter:data1\" content=\"1 minute\" \/>\n<script type=\"application\/ld+json\" class=\"yoast-schema-graph\">{\"@context\":\"https:\\\/\\\/schema.org\",\"@graph\":[{\"@type\":\"WebPage\",\"@id\":\"https:\\\/\\\/ksproducts.ca\\\/product\\\/17-griddle-w-hard-cover-and-carry-bag\\\/\",\"url\":\"https:\\\/\\\/ksproducts.ca\\\/product\\\/17-griddle-w-hard-cover-and-carry-bag\\\/\",\"name\":\"Blackstone 17inch Adventure Ready Series Omnivore Griddle with Hard Cover and Carrying Bag - Ks Products\",\"isPartOf\":{\"@id\":\"https:\\\/\\\/ksproducts.ca\\\/#website\"},\"primaryImageOfPage\":{\"@id\":\"https:\\\/\\\/ksproducts.ca\\\/product\\\/17-griddle-w-hard-cover-and-carry-bag\\\/#primaryimage\"},\"image\":{\"@id\":\"https:\\\/\\\/ksproducts.ca\\\/product\\\/17-griddle-w-hard-cover-and-carry-bag\\\/#primaryimage\"},\"thumbnailUrl\":\"https:\\\/\\\/ksproducts.ca\\\/wp-content\\\/uploads\\\/2024\\\/04\\\/griddle-jpg.webp\",\"datePublished\":\"2024-04-15T16:11:40+00:00\",\"dateModified\":\"2026-04-10T21:34:10+00:00\",\"breadcrumb\":{\"@id\":\"https:\\\/\\\/ksproducts.ca\\\/product\\\/17-griddle-w-hard-cover-and-carry-bag\\\/#breadcrumb\"},\"inLanguage\":\"fr-CA\",\"potentialAction\":[{\"@type\":\"ReadAction\",\"target\":[\"https:\\\/\\\/ksproducts.ca\\\/product\\\/17-griddle-w-hard-cover-and-carry-bag\\\/\"]}]},{\"@type\":\"ImageObject\",\"inLanguage\":\"fr-CA\",\"@id\":\"https:\\\/\\\/ksproducts.ca\\\/product\\\/17-griddle-w-hard-cover-and-carry-bag\\\/#primaryimage\",\"url\":\"https:\\\/\\\/ksproducts.ca\\\/wp-content\\\/uploads\\\/2024\\\/04\\\/griddle-jpg.webp\",\"contentUrl\":\"https:\\\/\\\/ksproducts.ca\\\/wp-content\\\/uploads\\\/2024\\\/04\\\/griddle-jpg.webp\",\"width\":800,\"height\":800,\"caption\":\"Blackstone 17inch Adventure Ready Series Omnivore Griddle with Hard Cover and Carrying Bag\"},{\"@type\":\"BreadcrumbList\",\"@id\":\"https:\\\/\\\/ksproducts.ca\\\/product\\\/17-griddle-w-hard-cover-and-carry-bag\\\/#breadcrumb\",\"itemListElement\":[{\"@type\":\"ListItem\",\"position\":1,\"name\":\"Home\",\"item\":\"https:\\\/\\\/ksproducts.ca\\\/\"},{\"@type\":\"ListItem\",\"position\":2,\"name\":\"Shop\",\"item\":\"https:\\\/\\\/ksproducts.ca\\\/shop\\\/\"},{\"@type\":\"ListItem\",\"position\":3,\"name\":\"Blackstone 17inch Adventure Ready Series Omnivore Griddle with Hard Cover and Carrying Bag\"}]},{\"@type\":\"WebSite\",\"@id\":\"https:\\\/\\\/ksproducts.ca\\\/#website\",\"url\":\"https:\\\/\\\/ksproducts.ca\\\/\",\"name\":\"Ks Products\",\"description\":\"Outdoor cooking and living, made easy in Canada\",\"publisher\":{\"@id\":\"https:\\\/\\\/ksproducts.ca\\\/#organization\"},\"potentialAction\":[{\"@type\":\"SearchAction\",\"target\":{\"@type\":\"EntryPoint\",\"urlTemplate\":\"https:\\\/\\\/ksproducts.ca\\\/?s={search_term_string}\"},\"query-input\":{\"@type\":\"PropertyValueSpecification\",\"valueRequired\":true,\"valueName\":\"search_term_string\"}}],\"inLanguage\":\"fr-CA\"},{\"@type\":\"Organization\",\"@id\":\"https:\\\/\\\/ksproducts.ca\\\/#organization\",\"name\":\"Ks Products\",\"url\":\"https:\\\/\\\/ksproducts.ca\\\/\",\"logo\":{\"@type\":\"ImageObject\",\"inLanguage\":\"fr-CA\",\"@id\":\"https:\\\/\\\/ksproducts.ca\\\/#\\\/schema\\\/logo\\\/image\\\/\",\"url\":\"https:\\\/\\\/ksproducts.ca\\\/wp-content\\\/uploads\\\/2023\\\/09\\\/Kennedy-Sales-Logo-header-1.png\",\"contentUrl\":\"https:\\\/\\\/ksproducts.ca\\\/wp-content\\\/uploads\\\/2023\\\/09\\\/Kennedy-Sales-Logo-header-1.png\",\"width\":150,\"height\":77,\"caption\":\"Ks Products\"},\"image\":{\"@id\":\"https:\\\/\\\/ksproducts.ca\\\/#\\\/schema\\\/logo\\\/image\\\/\"}}]}<\/script>\n<!-- \/ Yoast SEO plugin. -->","yoast_head_json":{"title":"Blackstone 17inch Adventure Ready Series Omnivore Griddle avec couvercle rigide et sac de transport - Ks Products","robots":{"index":"index","follow":"follow","max-snippet":"max-snippet:-1","max-image-preview":"max-image-preview:large","max-video-preview":"max-video-preview:-1"},"canonical":"https:\/\/ksproducts.ca\/fr\/product\/17-plaque-de-cuisson-avec-couvercle-rigide-et-sac-de-transport\/","og_locale":"fr_CA","og_type":"article","og_title":"Blackstone 17inch Adventure Ready Series Omnivore Griddle with Hard Cover and Carrying Bag - Ks Products","og_description":"The 17\" Adventure-Ready Bundle is the ultimate companion for your journey! This compact griddle boasts a generous 267 square inches of versatile cooking surface, powered by robust stainless-steel H-burners. Equipped with new Omnivore Griddle Plate Technology, this griddle is more efficient and durable than ever.\u00a0With our patented rear grease management system, tidying up is an absolute breeze. The bundle includes a durable hardcover and a reinforced carry bag, making it a must-have for every adventure.","og_url":"https:\/\/ksproducts.ca\/fr\/product\/17-plaque-de-cuisson-avec-couvercle-rigide-et-sac-de-transport\/","og_site_name":"Ks Products","article_modified_time":"2026-04-10T21:34:10+00:00","og_image":[{"width":800,"height":800,"url":"https:\/\/ksproducts.ca\/wp-content\/uploads\/2024\/04\/griddle-jpg.webp","type":"image\/jpeg"}],"twitter_card":"summary_large_image","twitter_misc":{"Estimation du temps de lecture":"1 minute"},"schema":{"@context":"https:\/\/schema.org","@graph":[{"@type":"WebPage","@id":"https:\/\/ksproducts.ca\/product\/17-griddle-w-hard-cover-and-carry-bag\/","url":"https:\/\/ksproducts.ca\/product\/17-griddle-w-hard-cover-and-carry-bag\/","name":"Blackstone 17inch Adventure Ready Series Omnivore Griddle avec couvercle rigide et sac de transport - Ks Products","isPartOf":{"@id":"https:\/\/ksproducts.ca\/#website"},"primaryImageOfPage":{"@id":"https:\/\/ksproducts.ca\/product\/17-griddle-w-hard-cover-and-carry-bag\/#primaryimage"},"image":{"@id":"https:\/\/ksproducts.ca\/product\/17-griddle-w-hard-cover-and-carry-bag\/#primaryimage"},"thumbnailUrl":"https:\/\/ksproducts.ca\/wp-content\/uploads\/2024\/04\/griddle-jpg.webp","datePublished":"2024-04-15T16:11:40+00:00","dateModified":"2026-04-10T21:34:10+00:00","breadcrumb":{"@id":"https:\/\/ksproducts.ca\/product\/17-griddle-w-hard-cover-and-carry-bag\/#breadcrumb"},"inLanguage":"fr-CA","potentialAction":[{"@type":"ReadAction","target":["https:\/\/ksproducts.ca\/product\/17-griddle-w-hard-cover-and-carry-bag\/"]}]},{"@type":"ImageObject","inLanguage":"fr-CA","@id":"https:\/\/ksproducts.ca\/product\/17-griddle-w-hard-cover-and-carry-bag\/#primaryimage","url":"https:\/\/ksproducts.ca\/wp-content\/uploads\/2024\/04\/griddle-jpg.webp","contentUrl":"https:\/\/ksproducts.ca\/wp-content\/uploads\/2024\/04\/griddle-jpg.webp","width":800,"height":800,"caption":"Blackstone 17inch Adventure Ready Series Omnivore Griddle with Hard Cover and Carrying Bag"},{"@type":"BreadcrumbList","@id":"https:\/\/ksproducts.ca\/product\/17-griddle-w-hard-cover-and-carry-bag\/#breadcrumb","itemListElement":[{"@type":"ListItem","position":1,"name":"Home","item":"https:\/\/ksproducts.ca\/"},{"@type":"ListItem","position":2,"name":"Shop","item":"https:\/\/ksproducts.ca\/shop\/"},{"@type":"ListItem","position":3,"name":"Blackstone 17inch Adventure Ready Series Omnivore Griddle with Hard Cover and Carrying Bag"}]},{"@type":"WebSite","@id":"https:\/\/ksproducts.ca\/#website","url":"https:\/\/ksproducts.ca\/","name":"Produits Ks","description":"Cuisiner et vivre en plein air, c'est facile au Canada","publisher":{"@id":"https:\/\/ksproducts.ca\/#organization"},"potentialAction":[{"@type":"SearchAction","target":{"@type":"EntryPoint","urlTemplate":"https:\/\/ksproducts.ca\/?s={search_term_string}"},"query-input":{"@type":"PropertyValueSpecification","valueRequired":true,"valueName":"search_term_string"}}],"inLanguage":"fr-CA"},{"@type":"Organization","@id":"https:\/\/ksproducts.ca\/#organization","name":"Produits Ks","url":"https:\/\/ksproducts.ca\/","logo":{"@type":"ImageObject","inLanguage":"fr-CA","@id":"https:\/\/ksproducts.ca\/#\/schema\/logo\/image\/","url":"https:\/\/ksproducts.ca\/wp-content\/uploads\/2023\/09\/Kennedy-Sales-Logo-header-1.png","contentUrl":"https:\/\/ksproducts.ca\/wp-content\/uploads\/2023\/09\/Kennedy-Sales-Logo-header-1.png","width":150,"height":77,"caption":"Ks Products"},"image":{"@id":"https:\/\/ksproducts.ca\/#\/schema\/logo\/image\/"}}]}},"_links":{"self":[{"href":"https:\/\/ksproducts.ca\/fr\/wp-json\/wp\/v2\/product\/7775","targetHints":{"allow":["GET"]}}],"collection":[{"href":"https:\/\/ksproducts.ca\/fr\/wp-json\/wp\/v2\/product"}],"about":[{"href":"https:\/\/ksproducts.ca\/fr\/wp-json\/wp\/v2\/types\/product"}],"replies":[{"embeddable":true,"href":"https:\/\/ksproducts.ca\/fr\/wp-json\/wp\/v2\/comments?post=7775"}],"version-history":[{"count":3,"href":"https:\/\/ksproducts.ca\/fr\/wp-json\/wp\/v2\/product\/7775\/revisions"}],"predecessor-version":[{"id":10775,"href":"https:\/\/ksproducts.ca\/fr\/wp-json\/wp\/v2\/product\/7775\/revisions\/10775"}],"wp:featuredmedia":[{"embeddable":true,"href":"https:\/\/ksproducts.ca\/fr\/wp-json\/wp\/v2\/media\/7781"}],"wp:attachment":[{"href":"https:\/\/ksproducts.ca\/fr\/wp-json\/wp\/v2\/media?parent=7775"}],"wp:term":[{"taxonomy":"product_cat","embeddable":true,"href":"https:\/\/ksproducts.ca\/fr\/wp-json\/wp\/v2\/product_cat?post=7775"},{"taxonomy":"product_tag","embeddable":true,"href":"https:\/\/ksproducts.ca\/fr\/wp-json\/wp\/v2\/product_tag?post=7775"}],"curies":[{"name":"wp","href":"https:\/\/api.w.org\/{rel}","templated":true}]}}